{"id":37336,"date":"2026-05-09T02:46:10","date_gmt":"2026-05-09T01:46:10","guid":{"rendered":"https:\/\/www.interlampadas.com\/lampadas\/sem categoria\/par64-500w-gx16d-wfl-00par64-wfl-lampada-230v\/"},"modified":"2026-05-09T02:46:10","modified_gmt":"2026-05-09T01:46:10","slug":"par64-500w-gx16d-wfl-00par64-wfl-lampada-230v","status":"publish","type":"product","link":"https:\/\/www.interlampadas.com\/en\/lampadas\/lampadas-1\/utilizacao-especifica-51\/estudios-espectaculo-249\/par64-500w-gx16d-wfl-00par64-wfl-lampada-230v\/","title":{"rendered":"PAR64 500w GX16D WFL (00PAR64\/WFL) L\u00e2mpada (230v)"},"content":{"rendered":"<p>A l\u00e2mpada 93076719 500PAR64\/WFL 230V \u00e9 uma l\u00e2mpada PAR64 de alta tens\u00e3o e \u00e9 particularmente adequada parailuminar locais de eventos e clubes. N\u00e3o \u00e9 necess\u00e1rio transformador.GTIN:0064894582080Product family:PAR64Wattage (W):500Voltage (V):230Base:GX16dColour Temperature (K):2700Luminous Flux (lm):5500Beam Angle (\u00b0):30Life Time (h):2000Dimmable:YesEnergy Consumption (kWh\/1000h):504,9Diameter (mm):203,2Entretenimento, cultura e desporto- Ilumina\u00e7\u00e3o teatral e de palco- Est\u00fadios de TV e fotografia, v\u00eddeo, cinema e produ\u00e7\u00e3o televisiva- Ilumina\u00e7\u00e3o para discotecas, DJs e discotecasApplication area:Entertainment, culture and sport- Theatre and stage lighting- TV and photographic studios, video, film, television production- Club, DJ and disco lighting<\/p>\n","protected":false},"excerpt":{"rendered":"<p>A l\u00e2mpada 93076719 500PAR64\/WFL 230V \u00e9 uma l\u00e2mpada PAR64 de alta tens\u00e3o e \u00e9 particularmente adequada parailuminar locais de eventos e clubes. N\u00e3o \u00e9 necess\u00e1rio<\/p>\n","protected":false},"featured_media":0,"comment_status":"open","ping_status":"closed","template":"","meta":{"_acf_changed":false},"pwb-brand":[],"product_brand":[],"product_cat":[147],"product_tag":[],"class_list":{"0":"post-37336","1":"product","2":"type-product","3":"status-publish","5":"product_cat-estudios-espectaculo-249","7":"first","8":"outofstock","9":"shipping-taxable","10":"purchasable","11":"product-type-simple"},"acf":[],"yoast_head":"<!-- This site is optimized with the Yoast SEO plugin v27.0 - https:\/\/yoast.com\/product\/yoast-seo-wordpress\/ -->\n<title>PAR64 500w GX16D WFL (00PAR64\/WFL) L\u00e2mpada (230v) - Lumen by Interlampadas<\/title>\n<meta name=\"description\" content=\"A l\u00e2mpada 93076719 500PAR64\/WFL 230V \u00e9 uma l\u00e2mpada PAR64 de alta tens\u00e3o e \u00e9 particularmente adequada parailuminar locais de eventos e clubes. N\u00e3o \u00e9\" \/>\n<meta name=\"robots\" content=\"index, follow, max-snippet:-1, max-image-preview:large, max-video-preview:-1\" \/>\n<link rel=\"canonical\" href=\"https:\/\/www.interlampadas.com\/en\/lampadas\/lampadas-1\/utilizacao-especifica-51\/estudios-espectaculo-249\/par64-500w-gx16d-wfl-00par64-wfl-lampada-230v\/\" \/>\n<meta property=\"og:locale\" content=\"en_US\" \/>\n<meta property=\"og:type\" content=\"article\" \/>\n<meta property=\"og:title\" content=\"PAR64 500w GX16D WFL (00PAR64\/WFL) L\u00e2mpada (230v) - Lumen by Interlampadas\" \/>\n<meta property=\"og:description\" content=\"A l\u00e2mpada 93076719 500PAR64\/WFL 230V \u00e9 uma l\u00e2mpada PAR64 de alta tens\u00e3o e \u00e9 particularmente adequada parailuminar locais de eventos e clubes. N\u00e3o \u00e9\" \/>\n<meta property=\"og:url\" content=\"https:\/\/www.interlampadas.com\/en\/lampadas\/lampadas-1\/utilizacao-especifica-51\/estudios-espectaculo-249\/par64-500w-gx16d-wfl-00par64-wfl-lampada-230v\/\" \/>\n<meta property=\"og:site_name\" content=\"Lumen by Interlampadas\" \/>\n<meta property=\"article:publisher\" content=\"https:\/\/www.facebook.com\/interlampadas\" \/>\n<meta name=\"twitter:card\" content=\"summary_large_image\" \/>\n<meta name=\"twitter:label1\" content=\"Est. reading time\" \/>\n\t<meta name=\"twitter:data1\" content=\"1 minute\" \/>\n<script type=\"application\/ld+json\" class=\"yoast-schema-graph\">{\"@context\":\"https:\/\/schema.org\",\"@graph\":[{\"@type\":\"WebPage\",\"@id\":\"https:\/\/www.interlampadas.com\/en\/lampadas\/lampadas-1\/utilizacao-especifica-51\/estudios-espectaculo-249\/par64-500w-gx16d-wfl-00par64-wfl-lampada-230v\/\",\"url\":\"https:\/\/www.interlampadas.com\/en\/lampadas\/lampadas-1\/utilizacao-especifica-51\/estudios-espectaculo-249\/par64-500w-gx16d-wfl-00par64-wfl-lampada-230v\/\",\"name\":\"PAR64 500w GX16D WFL (00PAR64\/WFL) L\u00e2mpada (230v) - Lumen by Interlampadas\",\"isPartOf\":{\"@id\":\"https:\/\/www.interlampadas.com\/#website\"},\"datePublished\":\"2026-05-09T01:46:10+00:00\",\"description\":\"A l\u00e2mpada 93076719 500PAR64\/WFL 230V \u00e9 uma l\u00e2mpada PAR64 de alta tens\u00e3o e \u00e9 particularmente adequada parailuminar locais de eventos e clubes. N\u00e3o \u00e9\",\"breadcrumb\":{\"@id\":\"https:\/\/www.interlampadas.com\/en\/lampadas\/lampadas-1\/utilizacao-especifica-51\/estudios-espectaculo-249\/par64-500w-gx16d-wfl-00par64-wfl-lampada-230v\/#breadcrumb\"},\"inLanguage\":\"en-US\",\"potentialAction\":[{\"@type\":\"ReadAction\",\"target\":[\"https:\/\/www.interlampadas.com\/en\/lampadas\/lampadas-1\/utilizacao-especifica-51\/estudios-espectaculo-249\/par64-500w-gx16d-wfl-00par64-wfl-lampada-230v\/\"]}]},{\"@type\":\"BreadcrumbList\",\"@id\":\"https:\/\/www.interlampadas.com\/en\/lampadas\/lampadas-1\/utilizacao-especifica-51\/estudios-espectaculo-249\/par64-500w-gx16d-wfl-00par64-wfl-lampada-230v\/#breadcrumb\",\"itemListElement\":[{\"@type\":\"ListItem\",\"position\":1,\"name\":\"Home\",\"item\":\"https:\/\/www.interlampadas.com\/en\/\"},{\"@type\":\"ListItem\",\"position\":2,\"name\":\"Loja\",\"item\":\"https:\/\/www.interlampadas.com\/loja\/\"},{\"@type\":\"ListItem\",\"position\":3,\"name\":\"PAR64 500w GX16D WFL (00PAR64\/WFL) L\u00e2mpada (230v)\"}]},{\"@type\":\"WebSite\",\"@id\":\"https:\/\/www.interlampadas.com\/#website\",\"url\":\"https:\/\/www.interlampadas.com\/\",\"name\":\"Lumen by Interlampadas\",\"description\":\"lampadas\",\"alternateName\":\"Interlampadas\",\"potentialAction\":[{\"@type\":\"SearchAction\",\"target\":{\"@type\":\"EntryPoint\",\"urlTemplate\":\"https:\/\/www.interlampadas.com\/?s={search_term_string}\"},\"query-input\":{\"@type\":\"PropertyValueSpecification\",\"valueRequired\":true,\"valueName\":\"search_term_string\"}}],\"inLanguage\":\"en-US\"}]}<\/script>\n<!-- \/ Yoast SEO plugin. -->","yoast_head_json":{"title":"PAR64 500w GX16D WFL (00PAR64\/WFL) L\u00e2mpada (230v) - Lumen by Interlampadas","description":"A l\u00e2mpada 93076719 500PAR64\/WFL 230V \u00e9 uma l\u00e2mpada PAR64 de alta tens\u00e3o e \u00e9 particularmente adequada parailuminar locais de eventos e clubes. N\u00e3o \u00e9","robots":{"index":"index","follow":"follow","max-snippet":"max-snippet:-1","max-image-preview":"max-image-preview:large","max-video-preview":"max-video-preview:-1"},"canonical":"https:\/\/www.interlampadas.com\/en\/lampadas\/lampadas-1\/utilizacao-especifica-51\/estudios-espectaculo-249\/par64-500w-gx16d-wfl-00par64-wfl-lampada-230v\/","og_locale":"en_US","og_type":"article","og_title":"PAR64 500w GX16D WFL (00PAR64\/WFL) L\u00e2mpada (230v) - Lumen by Interlampadas","og_description":"A l\u00e2mpada 93076719 500PAR64\/WFL 230V \u00e9 uma l\u00e2mpada PAR64 de alta tens\u00e3o e \u00e9 particularmente adequada parailuminar locais de eventos e clubes. N\u00e3o \u00e9","og_url":"https:\/\/www.interlampadas.com\/en\/lampadas\/lampadas-1\/utilizacao-especifica-51\/estudios-espectaculo-249\/par64-500w-gx16d-wfl-00par64-wfl-lampada-230v\/","og_site_name":"Lumen by Interlampadas","article_publisher":"https:\/\/www.facebook.com\/interlampadas","twitter_card":"summary_large_image","twitter_misc":{"Est. reading time":"1 minute"},"schema":{"@context":"https:\/\/schema.org","@graph":[{"@type":"WebPage","@id":"https:\/\/www.interlampadas.com\/en\/lampadas\/lampadas-1\/utilizacao-especifica-51\/estudios-espectaculo-249\/par64-500w-gx16d-wfl-00par64-wfl-lampada-230v\/","url":"https:\/\/www.interlampadas.com\/en\/lampadas\/lampadas-1\/utilizacao-especifica-51\/estudios-espectaculo-249\/par64-500w-gx16d-wfl-00par64-wfl-lampada-230v\/","name":"PAR64 500w GX16D WFL (00PAR64\/WFL) L\u00e2mpada (230v) - Lumen by Interlampadas","isPartOf":{"@id":"https:\/\/www.interlampadas.com\/#website"},"datePublished":"2026-05-09T01:46:10+00:00","description":"A l\u00e2mpada 93076719 500PAR64\/WFL 230V \u00e9 uma l\u00e2mpada PAR64 de alta tens\u00e3o e \u00e9 particularmente adequada parailuminar locais de eventos e clubes. N\u00e3o \u00e9","breadcrumb":{"@id":"https:\/\/www.interlampadas.com\/en\/lampadas\/lampadas-1\/utilizacao-especifica-51\/estudios-espectaculo-249\/par64-500w-gx16d-wfl-00par64-wfl-lampada-230v\/#breadcrumb"},"inLanguage":"en-US","potentialAction":[{"@type":"ReadAction","target":["https:\/\/www.interlampadas.com\/en\/lampadas\/lampadas-1\/utilizacao-especifica-51\/estudios-espectaculo-249\/par64-500w-gx16d-wfl-00par64-wfl-lampada-230v\/"]}]},{"@type":"BreadcrumbList","@id":"https:\/\/www.interlampadas.com\/en\/lampadas\/lampadas-1\/utilizacao-especifica-51\/estudios-espectaculo-249\/par64-500w-gx16d-wfl-00par64-wfl-lampada-230v\/#breadcrumb","itemListElement":[{"@type":"ListItem","position":1,"name":"Home","item":"https:\/\/www.interlampadas.com\/en\/"},{"@type":"ListItem","position":2,"name":"Loja","item":"https:\/\/www.interlampadas.com\/loja\/"},{"@type":"ListItem","position":3,"name":"PAR64 500w GX16D WFL (00PAR64\/WFL) L\u00e2mpada (230v)"}]},{"@type":"WebSite","@id":"https:\/\/www.interlampadas.com\/#website","url":"https:\/\/www.interlampadas.com\/","name":"Lumen by Interlampadas","description":"lampadas","alternateName":"Interlampadas","potentialAction":[{"@type":"SearchAction","target":{"@type":"EntryPoint","urlTemplate":"https:\/\/www.interlampadas.com\/?s={search_term_string}"},"query-input":{"@type":"PropertyValueSpecification","valueRequired":true,"valueName":"search_term_string"}}],"inLanguage":"en-US"}]}},"brands":[],"_links":{"self":[{"href":"https:\/\/www.interlampadas.com\/en\/wp-json\/wp\/v2\/product\/37336","targetHints":{"allow":["GET"]}}],"collection":[{"href":"https:\/\/www.interlampadas.com\/en\/wp-json\/wp\/v2\/product"}],"about":[{"href":"https:\/\/www.interlampadas.com\/en\/wp-json\/wp\/v2\/types\/product"}],"replies":[{"embeddable":true,"href":"https:\/\/www.interlampadas.com\/en\/wp-json\/wp\/v2\/comments?post=37336"}],"wp:attachment":[{"href":"https:\/\/www.interlampadas.com\/en\/wp-json\/wp\/v2\/media?parent=37336"}],"wp:term":[{"taxonomy":"pwb-brand","embeddable":true,"href":"https:\/\/www.interlampadas.com\/en\/wp-json\/wp\/v2\/pwb-brand?post=37336"},{"taxonomy":"product_brand","embeddable":true,"href":"https:\/\/www.interlampadas.com\/en\/wp-json\/wp\/v2\/product_brand?post=37336"},{"taxonomy":"product_cat","embeddable":true,"href":"https:\/\/www.interlampadas.com\/en\/wp-json\/wp\/v2\/product_cat?post=37336"},{"taxonomy":"product_tag","embeddable":true,"href":"https:\/\/www.interlampadas.com\/en\/wp-json\/wp\/v2\/product_tag?post=37336"}],"curies":[{"name":"wp","href":"https:\/\/api.w.org\/{rel}","templated":true}]}}