{"id":37286,"date":"2026-03-22T02:46:15","date_gmt":"2026-03-22T02:46:15","guid":{"rendered":"https:\/\/www.interlampadas.com\/lampadas\/sem categoria\/barra-led-armario-4w-cct-3000k-6000k-com-sensor-ir-30cm\/"},"modified":"2026-05-01T02:51:08","modified_gmt":"2026-05-01T01:51:08","slug":"barra-led-armario-4w-cct-3000k-6000k-com-sensor-ir-30cm","status":"publish","type":"product","link":"https:\/\/www.interlampadas.com\/en\/lampadas\/luminarias-2\/reguas-led-11\/barra-led-armario-4w-cct-3000k-6000k-com-sensor-ir-30cm\/","title":{"rendered":"Barra Led Arm\u00e1rio 4W CCT(3000K-6000K) Com sensor IR 30cm"},"content":{"rendered":"<p>Barra Led Arm\u00e1rio 4W CCT(3000K-6000K) Com sensor IR 30cmComprimento: 300mmAltura: 33mmLargura:12mmBarra LED de 30 cm, 4W com sensor de movimento IR que permite ligar, desligar e controlar a lumin\u00e1ria com um toque da m\u00e3o (dist\u00e2ncia m\u00e1xima de 5 cm).Oferece regula\u00e7\u00e3o gradual da luminosidade (0%-100%) e regula\u00e7\u00e3o da temperatura da cor entre 3000K e 6500K, proporcionando uma ilumina\u00e7\u00e3o personalizada de forma f\u00e1cil e c\u00f3moda.Ideal para instalar debaixo de m\u00f3veis, prateleiras ou em arm\u00e1rio<\/p>\n","protected":false},"excerpt":{"rendered":"<p>Barra Led Arm\u00e1rio 4W CCT(3000K-6000K) Com sensor IR 30cmComprimento: 300mmAltura: 33mmLargura:12mmBarra LED de 30 cm, 4W com sensor de movimento IR que permite <\/p>\n","protected":false},"featured_media":0,"comment_status":"open","ping_status":"closed","template":"","meta":{"_acf_changed":false},"pwb-brand":[],"product_brand":[],"product_cat":[35],"product_tag":[],"class_list":{"0":"post-37286","1":"product","2":"type-product","3":"status-publish","5":"product_cat-reguas-led-11","7":"first","8":"outofstock","9":"shipping-taxable","10":"purchasable","11":"product-type-simple"},"acf":[],"yoast_head":"<!-- This site is optimized with the Yoast SEO plugin v27.0 - https:\/\/yoast.com\/product\/yoast-seo-wordpress\/ -->\n<title>Barra Led Arm\u00e1rio 4W CCT(3000K-6000K) Com sensor IR 30cm - Lumen by Interlampadas<\/title>\n<meta name=\"description\" content=\"Barra Led Arm\u00e1rio 4W CCT(3000K-6000K) Com sensor IR 30cmComprimento: 300mmAltura: 33mmLargura:12mmBarra LED de 30 cm, 4W com sensor de movimento IR que\" \/>\n<meta name=\"robots\" content=\"index, follow, max-snippet:-1, max-image-preview:large, max-video-preview:-1\" \/>\n<link rel=\"canonical\" href=\"https:\/\/www.interlampadas.com\/en\/lampadas\/luminarias-2\/reguas-led-11\/barra-led-armario-4w-cct-3000k-6000k-com-sensor-ir-30cm\/\" \/>\n<meta property=\"og:locale\" content=\"en_US\" \/>\n<meta property=\"og:type\" content=\"article\" \/>\n<meta property=\"og:title\" content=\"Barra Led Arm\u00e1rio 4W CCT(3000K-6000K) Com sensor IR 30cm - Lumen by Interlampadas\" \/>\n<meta property=\"og:description\" content=\"Barra Led Arm\u00e1rio 4W CCT(3000K-6000K) Com sensor IR 30cmComprimento: 300mmAltura: 33mmLargura:12mmBarra LED de 30 cm, 4W com sensor de movimento IR que\" \/>\n<meta property=\"og:url\" content=\"https:\/\/www.interlampadas.com\/en\/lampadas\/luminarias-2\/reguas-led-11\/barra-led-armario-4w-cct-3000k-6000k-com-sensor-ir-30cm\/\" \/>\n<meta property=\"og:site_name\" content=\"Lumen by Interlampadas\" \/>\n<meta property=\"article:publisher\" content=\"https:\/\/www.facebook.com\/interlampadas\" \/>\n<meta property=\"article:modified_time\" content=\"2026-05-01T01:51:08+00:00\" \/>\n<meta name=\"twitter:card\" content=\"summary_large_image\" \/>\n<script type=\"application\/ld+json\" class=\"yoast-schema-graph\">{\"@context\":\"https:\/\/schema.org\",\"@graph\":[{\"@type\":\"WebPage\",\"@id\":\"https:\/\/www.interlampadas.com\/en\/lampadas\/luminarias-2\/reguas-led-11\/barra-led-armario-4w-cct-3000k-6000k-com-sensor-ir-30cm\/\",\"url\":\"https:\/\/www.interlampadas.com\/en\/lampadas\/luminarias-2\/reguas-led-11\/barra-led-armario-4w-cct-3000k-6000k-com-sensor-ir-30cm\/\",\"name\":\"Barra Led Arm\u00e1rio 4W CCT(3000K-6000K) Com sensor IR 30cm - Lumen by Interlampadas\",\"isPartOf\":{\"@id\":\"https:\/\/www.interlampadas.com\/#website\"},\"datePublished\":\"2026-03-22T02:46:15+00:00\",\"dateModified\":\"2026-05-01T01:51:08+00:00\",\"description\":\"Barra Led Arm\u00e1rio 4W CCT(3000K-6000K) Com sensor IR 30cmComprimento: 300mmAltura: 33mmLargura:12mmBarra LED de 30 cm, 4W com sensor de movimento IR que\",\"breadcrumb\":{\"@id\":\"https:\/\/www.interlampadas.com\/en\/lampadas\/luminarias-2\/reguas-led-11\/barra-led-armario-4w-cct-3000k-6000k-com-sensor-ir-30cm\/#breadcrumb\"},\"inLanguage\":\"en-US\",\"potentialAction\":[{\"@type\":\"ReadAction\",\"target\":[\"https:\/\/www.interlampadas.com\/en\/lampadas\/luminarias-2\/reguas-led-11\/barra-led-armario-4w-cct-3000k-6000k-com-sensor-ir-30cm\/\"]}]},{\"@type\":\"BreadcrumbList\",\"@id\":\"https:\/\/www.interlampadas.com\/en\/lampadas\/luminarias-2\/reguas-led-11\/barra-led-armario-4w-cct-3000k-6000k-com-sensor-ir-30cm\/#breadcrumb\",\"itemListElement\":[{\"@type\":\"ListItem\",\"position\":1,\"name\":\"Home\",\"item\":\"https:\/\/www.interlampadas.com\/en\/\"},{\"@type\":\"ListItem\",\"position\":2,\"name\":\"Loja\",\"item\":\"https:\/\/www.interlampadas.com\/loja\/\"},{\"@type\":\"ListItem\",\"position\":3,\"name\":\"Barra Led Arm\u00e1rio 4W CCT(3000K-6000K) Com sensor IR 30cm\"}]},{\"@type\":\"WebSite\",\"@id\":\"https:\/\/www.interlampadas.com\/#website\",\"url\":\"https:\/\/www.interlampadas.com\/\",\"name\":\"Lumen by Interlampadas\",\"description\":\"lampadas\",\"alternateName\":\"Interlampadas\",\"potentialAction\":[{\"@type\":\"SearchAction\",\"target\":{\"@type\":\"EntryPoint\",\"urlTemplate\":\"https:\/\/www.interlampadas.com\/?s={search_term_string}\"},\"query-input\":{\"@type\":\"PropertyValueSpecification\",\"valueRequired\":true,\"valueName\":\"search_term_string\"}}],\"inLanguage\":\"en-US\"}]}<\/script>\n<!-- \/ Yoast SEO plugin. -->","yoast_head_json":{"title":"Barra Led Arm\u00e1rio 4W CCT(3000K-6000K) Com sensor IR 30cm - Lumen by Interlampadas","description":"Barra Led Arm\u00e1rio 4W CCT(3000K-6000K) Com sensor IR 30cmComprimento: 300mmAltura: 33mmLargura:12mmBarra LED de 30 cm, 4W com sensor de movimento IR que","robots":{"index":"index","follow":"follow","max-snippet":"max-snippet:-1","max-image-preview":"max-image-preview:large","max-video-preview":"max-video-preview:-1"},"canonical":"https:\/\/www.interlampadas.com\/en\/lampadas\/luminarias-2\/reguas-led-11\/barra-led-armario-4w-cct-3000k-6000k-com-sensor-ir-30cm\/","og_locale":"en_US","og_type":"article","og_title":"Barra Led Arm\u00e1rio 4W CCT(3000K-6000K) Com sensor IR 30cm - Lumen by Interlampadas","og_description":"Barra Led Arm\u00e1rio 4W CCT(3000K-6000K) Com sensor IR 30cmComprimento: 300mmAltura: 33mmLargura:12mmBarra LED de 30 cm, 4W com sensor de movimento IR que","og_url":"https:\/\/www.interlampadas.com\/en\/lampadas\/luminarias-2\/reguas-led-11\/barra-led-armario-4w-cct-3000k-6000k-com-sensor-ir-30cm\/","og_site_name":"Lumen by Interlampadas","article_publisher":"https:\/\/www.facebook.com\/interlampadas","article_modified_time":"2026-05-01T01:51:08+00:00","twitter_card":"summary_large_image","schema":{"@context":"https:\/\/schema.org","@graph":[{"@type":"WebPage","@id":"https:\/\/www.interlampadas.com\/en\/lampadas\/luminarias-2\/reguas-led-11\/barra-led-armario-4w-cct-3000k-6000k-com-sensor-ir-30cm\/","url":"https:\/\/www.interlampadas.com\/en\/lampadas\/luminarias-2\/reguas-led-11\/barra-led-armario-4w-cct-3000k-6000k-com-sensor-ir-30cm\/","name":"Barra Led Arm\u00e1rio 4W CCT(3000K-6000K) Com sensor IR 30cm - Lumen by Interlampadas","isPartOf":{"@id":"https:\/\/www.interlampadas.com\/#website"},"datePublished":"2026-03-22T02:46:15+00:00","dateModified":"2026-05-01T01:51:08+00:00","description":"Barra Led Arm\u00e1rio 4W CCT(3000K-6000K) Com sensor IR 30cmComprimento: 300mmAltura: 33mmLargura:12mmBarra LED de 30 cm, 4W com sensor de movimento IR que","breadcrumb":{"@id":"https:\/\/www.interlampadas.com\/en\/lampadas\/luminarias-2\/reguas-led-11\/barra-led-armario-4w-cct-3000k-6000k-com-sensor-ir-30cm\/#breadcrumb"},"inLanguage":"en-US","potentialAction":[{"@type":"ReadAction","target":["https:\/\/www.interlampadas.com\/en\/lampadas\/luminarias-2\/reguas-led-11\/barra-led-armario-4w-cct-3000k-6000k-com-sensor-ir-30cm\/"]}]},{"@type":"BreadcrumbList","@id":"https:\/\/www.interlampadas.com\/en\/lampadas\/luminarias-2\/reguas-led-11\/barra-led-armario-4w-cct-3000k-6000k-com-sensor-ir-30cm\/#breadcrumb","itemListElement":[{"@type":"ListItem","position":1,"name":"Home","item":"https:\/\/www.interlampadas.com\/en\/"},{"@type":"ListItem","position":2,"name":"Loja","item":"https:\/\/www.interlampadas.com\/loja\/"},{"@type":"ListItem","position":3,"name":"Barra Led Arm\u00e1rio 4W CCT(3000K-6000K) Com sensor IR 30cm"}]},{"@type":"WebSite","@id":"https:\/\/www.interlampadas.com\/#website","url":"https:\/\/www.interlampadas.com\/","name":"Lumen by Interlampadas","description":"lampadas","alternateName":"Interlampadas","potentialAction":[{"@type":"SearchAction","target":{"@type":"EntryPoint","urlTemplate":"https:\/\/www.interlampadas.com\/?s={search_term_string}"},"query-input":{"@type":"PropertyValueSpecification","valueRequired":true,"valueName":"search_term_string"}}],"inLanguage":"en-US"}]}},"brands":[],"_links":{"self":[{"href":"https:\/\/www.interlampadas.com\/en\/wp-json\/wp\/v2\/product\/37286","targetHints":{"allow":["GET"]}}],"collection":[{"href":"https:\/\/www.interlampadas.com\/en\/wp-json\/wp\/v2\/product"}],"about":[{"href":"https:\/\/www.interlampadas.com\/en\/wp-json\/wp\/v2\/types\/product"}],"replies":[{"embeddable":true,"href":"https:\/\/www.interlampadas.com\/en\/wp-json\/wp\/v2\/comments?post=37286"}],"wp:attachment":[{"href":"https:\/\/www.interlampadas.com\/en\/wp-json\/wp\/v2\/media?parent=37286"}],"wp:term":[{"taxonomy":"pwb-brand","embeddable":true,"href":"https:\/\/www.interlampadas.com\/en\/wp-json\/wp\/v2\/pwb-brand?post=37286"},{"taxonomy":"product_brand","embeddable":true,"href":"https:\/\/www.interlampadas.com\/en\/wp-json\/wp\/v2\/product_brand?post=37286"},{"taxonomy":"product_cat","embeddable":true,"href":"https:\/\/www.interlampadas.com\/en\/wp-json\/wp\/v2\/product_cat?post=37286"},{"taxonomy":"product_tag","embeddable":true,"href":"https:\/\/www.interlampadas.com\/en\/wp-json\/wp\/v2\/product_tag?post=37286"}],"curies":[{"name":"wp","href":"https:\/\/api.w.org\/{rel}","templated":true}]}}