{"id":37271,"date":"2026-03-18T02:46:12","date_gmt":"2026-03-18T02:46:12","guid":{"rendered":"https:\/\/www.interlampadas.com\/lampadas\/sem categoria\/g23-4-5w-pl-s-2pin-4000k-led\/"},"modified":"2026-03-18T02:46:12","modified_gmt":"2026-03-18T02:46:12","slug":"g23-4-5w-pl-s-2pin-4000k-led","status":"publish","type":"product","link":"https:\/\/www.interlampadas.com\/en\/lampadas\/lampadas-1\/led-150\/utilizacao-geral-led-151\/g23-pl-s-391\/g23-4-5w-pl-s-2pin-4000k-led\/","title":{"rendered":"G23 4,5W PL-S 2PIN 4000K Led"},"content":{"rendered":"<p>DULUX LED S9 EM &amp; AC MAINS V 4W 840 G23 Ledvance 4058075822993<br \/>  Substitui\u00e7\u00e3o LED para l\u00e2mpadas fluorescentes compactas para funcionamento em <br \/>  lumin\u00e1rias com balastro electromagn\u00e9tico <br \/>  (CCG) ou tens\u00e3o de rede AC<br \/>  EAN: 4058075822993<br \/>  Wattage (W): 4,0<br \/>  Voltage (V): 220-240<br \/>  Base: G23<br \/>  Frequency (Hz): 50-60<br \/>  Colour Temperature (K): 4000<br \/>  Light Color: Cool White<br \/>  Colour Rendering Index (Ra): 80<br \/>  Luminous Flux (lm): 550<br \/>  Beam Angle (\u00b0): 120<br \/>  Life Time (h): 30000<br \/>  Switching Frequency: 200000<br \/>  Dimmable: No<br \/>  Energy Consumption (kWh\/1000h): 4<br \/>  Equivalent Bulb (W): 9<br \/>  Diameter (mm): 32,3<br \/>  Size (LxWxH in mm): 165<br \/>  Ambient Temperature: -20 bis +45 \u00b0C<\/p>\n","protected":false},"excerpt":{"rendered":"<p>DULUX LED S9 EM &amp; AC MAINS V 4W 840 G23 Ledvance 4058075822993 Substitui\u00e7\u00e3o LED para l\u00e2mpadas fluorescentes compactas para funcionamento em lumin\u00e1rias com<\/p>\n","protected":false},"featured_media":0,"comment_status":"open","ping_status":"closed","template":"","meta":{"_acf_changed":false},"pwb-brand":[],"product_brand":[],"product_cat":[463],"product_tag":[],"class_list":{"0":"post-37271","1":"product","2":"type-product","3":"status-publish","5":"product_cat-g23-pl-s-391","7":"first","8":"onbackorder","9":"shipping-taxable","10":"purchasable","11":"product-type-simple"},"acf":[],"yoast_head":"<!-- This site is optimized with the Yoast SEO plugin v27.0 - https:\/\/yoast.com\/product\/yoast-seo-wordpress\/ -->\n<title>G23 4,5W PL-S 2PIN 4000K Led - Lumen by Interlampadas<\/title>\n<meta name=\"description\" content=\"DULUX LED S9 EM &amp; AC MAINS V 4W 840 G23 Ledvance 4058075822993 Substitui\u00e7\u00e3o LED para l\u00e2mpadas fluorescentes compactas para funcionamento em lumin\u00e1rias\" \/>\n<meta name=\"robots\" content=\"index, follow, max-snippet:-1, max-image-preview:large, max-video-preview:-1\" \/>\n<link rel=\"canonical\" href=\"https:\/\/www.interlampadas.com\/en\/lampadas\/lampadas-1\/led-150\/utilizacao-geral-led-151\/g23-pl-s-391\/g23-4-5w-pl-s-2pin-4000k-led\/\" \/>\n<meta property=\"og:locale\" content=\"en_US\" \/>\n<meta property=\"og:type\" content=\"article\" \/>\n<meta property=\"og:title\" content=\"G23 4,5W PL-S 2PIN 4000K Led - Lumen by Interlampadas\" \/>\n<meta property=\"og:description\" content=\"DULUX LED S9 EM &amp; AC MAINS V 4W 840 G23 Ledvance 4058075822993 Substitui\u00e7\u00e3o LED para l\u00e2mpadas fluorescentes compactas para funcionamento em lumin\u00e1rias\" \/>\n<meta property=\"og:url\" content=\"https:\/\/www.interlampadas.com\/en\/lampadas\/lampadas-1\/led-150\/utilizacao-geral-led-151\/g23-pl-s-391\/g23-4-5w-pl-s-2pin-4000k-led\/\" \/>\n<meta property=\"og:site_name\" content=\"Lumen by Interlampadas\" \/>\n<meta property=\"article:publisher\" content=\"https:\/\/www.facebook.com\/interlampadas\" \/>\n<meta name=\"twitter:card\" content=\"summary_large_image\" \/>\n<script type=\"application\/ld+json\" class=\"yoast-schema-graph\">{\"@context\":\"https:\/\/schema.org\",\"@graph\":[{\"@type\":\"WebPage\",\"@id\":\"https:\/\/www.interlampadas.com\/en\/lampadas\/lampadas-1\/led-150\/utilizacao-geral-led-151\/g23-pl-s-391\/g23-4-5w-pl-s-2pin-4000k-led\/\",\"url\":\"https:\/\/www.interlampadas.com\/en\/lampadas\/lampadas-1\/led-150\/utilizacao-geral-led-151\/g23-pl-s-391\/g23-4-5w-pl-s-2pin-4000k-led\/\",\"name\":\"G23 4,5W PL-S 2PIN 4000K Led - Lumen by Interlampadas\",\"isPartOf\":{\"@id\":\"https:\/\/www.interlampadas.com\/#website\"},\"datePublished\":\"2026-03-18T02:46:12+00:00\",\"description\":\"DULUX LED S9 EM &amp; AC MAINS V 4W 840 G23 Ledvance 4058075822993 Substitui\u00e7\u00e3o LED para l\u00e2mpadas fluorescentes compactas para funcionamento em lumin\u00e1rias\",\"breadcrumb\":{\"@id\":\"https:\/\/www.interlampadas.com\/en\/lampadas\/lampadas-1\/led-150\/utilizacao-geral-led-151\/g23-pl-s-391\/g23-4-5w-pl-s-2pin-4000k-led\/#breadcrumb\"},\"inLanguage\":\"en-US\",\"potentialAction\":[{\"@type\":\"ReadAction\",\"target\":[\"https:\/\/www.interlampadas.com\/en\/lampadas\/lampadas-1\/led-150\/utilizacao-geral-led-151\/g23-pl-s-391\/g23-4-5w-pl-s-2pin-4000k-led\/\"]}]},{\"@type\":\"BreadcrumbList\",\"@id\":\"https:\/\/www.interlampadas.com\/en\/lampadas\/lampadas-1\/led-150\/utilizacao-geral-led-151\/g23-pl-s-391\/g23-4-5w-pl-s-2pin-4000k-led\/#breadcrumb\",\"itemListElement\":[{\"@type\":\"ListItem\",\"position\":1,\"name\":\"Home\",\"item\":\"https:\/\/www.interlampadas.com\/en\/\"},{\"@type\":\"ListItem\",\"position\":2,\"name\":\"Loja\",\"item\":\"https:\/\/www.interlampadas.com\/loja\/\"},{\"@type\":\"ListItem\",\"position\":3,\"name\":\"G23 4,5W PL-S 2PIN 4000K Led\"}]},{\"@type\":\"WebSite\",\"@id\":\"https:\/\/www.interlampadas.com\/#website\",\"url\":\"https:\/\/www.interlampadas.com\/\",\"name\":\"Lumen by Interlampadas\",\"description\":\"lampadas\",\"alternateName\":\"Interlampadas\",\"potentialAction\":[{\"@type\":\"SearchAction\",\"target\":{\"@type\":\"EntryPoint\",\"urlTemplate\":\"https:\/\/www.interlampadas.com\/?s={search_term_string}\"},\"query-input\":{\"@type\":\"PropertyValueSpecification\",\"valueRequired\":true,\"valueName\":\"search_term_string\"}}],\"inLanguage\":\"en-US\"}]}<\/script>\n<!-- \/ Yoast SEO plugin. -->","yoast_head_json":{"title":"G23 4,5W PL-S 2PIN 4000K Led - Lumen by Interlampadas","description":"DULUX LED S9 EM &amp; AC MAINS V 4W 840 G23 Ledvance 4058075822993 Substitui\u00e7\u00e3o LED para l\u00e2mpadas fluorescentes compactas para funcionamento em lumin\u00e1rias","robots":{"index":"index","follow":"follow","max-snippet":"max-snippet:-1","max-image-preview":"max-image-preview:large","max-video-preview":"max-video-preview:-1"},"canonical":"https:\/\/www.interlampadas.com\/en\/lampadas\/lampadas-1\/led-150\/utilizacao-geral-led-151\/g23-pl-s-391\/g23-4-5w-pl-s-2pin-4000k-led\/","og_locale":"en_US","og_type":"article","og_title":"G23 4,5W PL-S 2PIN 4000K Led - Lumen by Interlampadas","og_description":"DULUX LED S9 EM &amp; AC MAINS V 4W 840 G23 Ledvance 4058075822993 Substitui\u00e7\u00e3o LED para l\u00e2mpadas fluorescentes compactas para funcionamento em lumin\u00e1rias","og_url":"https:\/\/www.interlampadas.com\/en\/lampadas\/lampadas-1\/led-150\/utilizacao-geral-led-151\/g23-pl-s-391\/g23-4-5w-pl-s-2pin-4000k-led\/","og_site_name":"Lumen by Interlampadas","article_publisher":"https:\/\/www.facebook.com\/interlampadas","twitter_card":"summary_large_image","schema":{"@context":"https:\/\/schema.org","@graph":[{"@type":"WebPage","@id":"https:\/\/www.interlampadas.com\/en\/lampadas\/lampadas-1\/led-150\/utilizacao-geral-led-151\/g23-pl-s-391\/g23-4-5w-pl-s-2pin-4000k-led\/","url":"https:\/\/www.interlampadas.com\/en\/lampadas\/lampadas-1\/led-150\/utilizacao-geral-led-151\/g23-pl-s-391\/g23-4-5w-pl-s-2pin-4000k-led\/","name":"G23 4,5W PL-S 2PIN 4000K Led - Lumen by Interlampadas","isPartOf":{"@id":"https:\/\/www.interlampadas.com\/#website"},"datePublished":"2026-03-18T02:46:12+00:00","description":"DULUX LED S9 EM &amp; AC MAINS V 4W 840 G23 Ledvance 4058075822993 Substitui\u00e7\u00e3o LED para l\u00e2mpadas fluorescentes compactas para funcionamento em lumin\u00e1rias","breadcrumb":{"@id":"https:\/\/www.interlampadas.com\/en\/lampadas\/lampadas-1\/led-150\/utilizacao-geral-led-151\/g23-pl-s-391\/g23-4-5w-pl-s-2pin-4000k-led\/#breadcrumb"},"inLanguage":"en-US","potentialAction":[{"@type":"ReadAction","target":["https:\/\/www.interlampadas.com\/en\/lampadas\/lampadas-1\/led-150\/utilizacao-geral-led-151\/g23-pl-s-391\/g23-4-5w-pl-s-2pin-4000k-led\/"]}]},{"@type":"BreadcrumbList","@id":"https:\/\/www.interlampadas.com\/en\/lampadas\/lampadas-1\/led-150\/utilizacao-geral-led-151\/g23-pl-s-391\/g23-4-5w-pl-s-2pin-4000k-led\/#breadcrumb","itemListElement":[{"@type":"ListItem","position":1,"name":"Home","item":"https:\/\/www.interlampadas.com\/en\/"},{"@type":"ListItem","position":2,"name":"Loja","item":"https:\/\/www.interlampadas.com\/loja\/"},{"@type":"ListItem","position":3,"name":"G23 4,5W PL-S 2PIN 4000K Led"}]},{"@type":"WebSite","@id":"https:\/\/www.interlampadas.com\/#website","url":"https:\/\/www.interlampadas.com\/","name":"Lumen by Interlampadas","description":"lampadas","alternateName":"Interlampadas","potentialAction":[{"@type":"SearchAction","target":{"@type":"EntryPoint","urlTemplate":"https:\/\/www.interlampadas.com\/?s={search_term_string}"},"query-input":{"@type":"PropertyValueSpecification","valueRequired":true,"valueName":"search_term_string"}}],"inLanguage":"en-US"}]}},"brands":[],"_links":{"self":[{"href":"https:\/\/www.interlampadas.com\/en\/wp-json\/wp\/v2\/product\/37271","targetHints":{"allow":["GET"]}}],"collection":[{"href":"https:\/\/www.interlampadas.com\/en\/wp-json\/wp\/v2\/product"}],"about":[{"href":"https:\/\/www.interlampadas.com\/en\/wp-json\/wp\/v2\/types\/product"}],"replies":[{"embeddable":true,"href":"https:\/\/www.interlampadas.com\/en\/wp-json\/wp\/v2\/comments?post=37271"}],"wp:attachment":[{"href":"https:\/\/www.interlampadas.com\/en\/wp-json\/wp\/v2\/media?parent=37271"}],"wp:term":[{"taxonomy":"pwb-brand","embeddable":true,"href":"https:\/\/www.interlampadas.com\/en\/wp-json\/wp\/v2\/pwb-brand?post=37271"},{"taxonomy":"product_brand","embeddable":true,"href":"https:\/\/www.interlampadas.com\/en\/wp-json\/wp\/v2\/product_brand?post=37271"},{"taxonomy":"product_cat","embeddable":true,"href":"https:\/\/www.interlampadas.com\/en\/wp-json\/wp\/v2\/product_cat?post=37271"},{"taxonomy":"product_tag","embeddable":true,"href":"https:\/\/www.interlampadas.com\/en\/wp-json\/wp\/v2\/product_tag?post=37271"}],"curies":[{"name":"wp","href":"https:\/\/api.w.org\/{rel}","templated":true}]}}