{"id":37167,"date":"2026-02-13T02:46:14","date_gmt":"2026-02-13T02:46:14","guid":{"rendered":"https:\/\/www.interlampadas.com\/lampadas\/sem%20categoria\/e27-125w-hpl-n-lrf-lampada-mercurio\/"},"modified":"2026-02-15T16:09:32","modified_gmt":"2026-02-15T16:09:32","slug":"e27-125w-130v-hpl-n-lampada-mercurio","status":"publish","type":"product","link":"https:\/\/www.interlampadas.com\/en\/lampadas\/lampadas-1\/descarga-39\/mercurio-270\/e27-125w-130v-hpl-n-lampada-mercurio\/","title":{"rendered":"E27 125w 130v HPL-N L\u00e2mpada Merc\u00fario"},"content":{"rendered":"<p>L\u00e2mpada de descarga de vapor de merc\u00fario HPL 125W E27;7300lm;4000K;76x165mm;Mercury Lamp HPL 125W E27Lamp power: 125 W Burning position: RandomSocket: E27 Lamp shape: EllipsoidalLuminous flux: 6200 lmInternal reflector: NOColour temperature: 4200KAverage nominal lifetime: 10000 hTotal length: 173 mm Lamp voltage: 115 ~ 130Colour rendering index CRI: 40-59 Diameter: 76 mm Lamp designation: ED23.5Lamp efficacy: 50 lm\/<\/p>\n","protected":false},"excerpt":{"rendered":"<p>L\u00e2mpada de descarga de vapor de merc\u00fario HPL 125W E27;7300lm;4000K;76x165mm;Mercury Lamp HPL 125W E27Lamp power: 125 W Burning position: RandomSocket: E27 Lamp <\/p>\n","protected":false},"featured_media":37171,"comment_status":"open","ping_status":"closed","template":"","meta":{"_acf_changed":false},"pwb-brand":[],"product_brand":[],"product_cat":[530],"product_tag":[],"class_list":{"0":"post-37167","1":"product","2":"type-product","3":"status-publish","4":"has-post-thumbnail","6":"product_cat-mercurio-270","8":"first","9":"outofstock","10":"shipping-taxable","11":"purchasable","12":"product-type-simple"},"acf":[],"yoast_head":"<!-- This site is optimized with the Yoast SEO plugin v27.0 - https:\/\/yoast.com\/product\/yoast-seo-wordpress\/ -->\n<title>E27 125w 130v HPL-N L\u00e2mpada Merc\u00fario - Lumen by Interlampadas<\/title>\n<meta name=\"description\" content=\"L\u00e2mpada de descarga de vapor de merc\u00fario HPL 125W E27;7300lm;4000K;76x165mm;Mercury Lamp HPL 125W E27Lamp power: 125 W Burning position: RandomSocket: E27\" \/>\n<meta name=\"robots\" content=\"index, follow, max-snippet:-1, max-image-preview:large, max-video-preview:-1\" \/>\n<link rel=\"canonical\" href=\"https:\/\/www.interlampadas.com\/en\/lampadas\/lampadas-1\/descarga-39\/mercurio-270\/e27-125w-130v-hpl-n-lampada-mercurio\/\" \/>\n<meta property=\"og:locale\" content=\"en_US\" \/>\n<meta property=\"og:type\" content=\"article\" \/>\n<meta property=\"og:title\" content=\"E27 125w 130v HPL-N L\u00e2mpada Merc\u00fario - Lumen by Interlampadas\" \/>\n<meta property=\"og:description\" content=\"L\u00e2mpada de descarga de vapor de merc\u00fario HPL 125W E27;7300lm;4000K;76x165mm;Mercury Lamp HPL 125W E27Lamp power: 125 W Burning position: RandomSocket: E27\" \/>\n<meta property=\"og:url\" content=\"https:\/\/www.interlampadas.com\/en\/lampadas\/lampadas-1\/descarga-39\/mercurio-270\/e27-125w-130v-hpl-n-lampada-mercurio\/\" \/>\n<meta property=\"og:site_name\" content=\"Lumen by Interlampadas\" \/>\n<meta property=\"article:publisher\" content=\"https:\/\/www.facebook.com\/interlampadas\" \/>\n<meta property=\"article:modified_time\" content=\"2026-02-15T16:09:32+00:00\" \/>\n<meta property=\"og:image\" content=\"https:\/\/www.interlampadas.com\/wp-content\/uploads\/2026\/02\/9815.jpg\" \/>\n\t<meta property=\"og:image:width\" content=\"659\" \/>\n\t<meta property=\"og:image:height\" content=\"800\" \/>\n\t<meta property=\"og:image:type\" content=\"image\/jpeg\" \/>\n<meta name=\"twitter:card\" content=\"summary_large_image\" \/>\n<meta name=\"twitter:label1\" content=\"Est. reading time\" \/>\n\t<meta name=\"twitter:data1\" content=\"1 minute\" \/>\n<script type=\"application\/ld+json\" class=\"yoast-schema-graph\">{\"@context\":\"https:\/\/schema.org\",\"@graph\":[{\"@type\":\"WebPage\",\"@id\":\"https:\/\/www.interlampadas.com\/en\/lampadas\/lampadas-1\/descarga-39\/mercurio-270\/e27-125w-130v-hpl-n-lampada-mercurio\/\",\"url\":\"https:\/\/www.interlampadas.com\/en\/lampadas\/lampadas-1\/descarga-39\/mercurio-270\/e27-125w-130v-hpl-n-lampada-mercurio\/\",\"name\":\"E27 125w 130v HPL-N L\u00e2mpada Merc\u00fario - Lumen by Interlampadas\",\"isPartOf\":{\"@id\":\"https:\/\/www.interlampadas.com\/#website\"},\"primaryImageOfPage\":{\"@id\":\"https:\/\/www.interlampadas.com\/en\/lampadas\/lampadas-1\/descarga-39\/mercurio-270\/e27-125w-130v-hpl-n-lampada-mercurio\/#primaryimage\"},\"image\":{\"@id\":\"https:\/\/www.interlampadas.com\/en\/lampadas\/lampadas-1\/descarga-39\/mercurio-270\/e27-125w-130v-hpl-n-lampada-mercurio\/#primaryimage\"},\"thumbnailUrl\":\"https:\/\/www.interlampadas.com\/wp-content\/uploads\/2026\/02\/9815.jpg\",\"datePublished\":\"2026-02-13T02:46:14+00:00\",\"dateModified\":\"2026-02-15T16:09:32+00:00\",\"description\":\"L\u00e2mpada de descarga de vapor de merc\u00fario HPL 125W E27;7300lm;4000K;76x165mm;Mercury Lamp HPL 125W E27Lamp power: 125 W Burning position: RandomSocket: E27\",\"breadcrumb\":{\"@id\":\"https:\/\/www.interlampadas.com\/en\/lampadas\/lampadas-1\/descarga-39\/mercurio-270\/e27-125w-130v-hpl-n-lampada-mercurio\/#breadcrumb\"},\"inLanguage\":\"en-US\",\"potentialAction\":[{\"@type\":\"ReadAction\",\"target\":[\"https:\/\/www.interlampadas.com\/en\/lampadas\/lampadas-1\/descarga-39\/mercurio-270\/e27-125w-130v-hpl-n-lampada-mercurio\/\"]}]},{\"@type\":\"ImageObject\",\"inLanguage\":\"en-US\",\"@id\":\"https:\/\/www.interlampadas.com\/en\/lampadas\/lampadas-1\/descarga-39\/mercurio-270\/e27-125w-130v-hpl-n-lampada-mercurio\/#primaryimage\",\"url\":\"https:\/\/www.interlampadas.com\/wp-content\/uploads\/2026\/02\/9815.jpg\",\"contentUrl\":\"https:\/\/www.interlampadas.com\/wp-content\/uploads\/2026\/02\/9815.jpg\",\"width\":659,\"height\":800},{\"@type\":\"BreadcrumbList\",\"@id\":\"https:\/\/www.interlampadas.com\/en\/lampadas\/lampadas-1\/descarga-39\/mercurio-270\/e27-125w-130v-hpl-n-lampada-mercurio\/#breadcrumb\",\"itemListElement\":[{\"@type\":\"ListItem\",\"position\":1,\"name\":\"Home\",\"item\":\"https:\/\/www.interlampadas.com\/en\/\"},{\"@type\":\"ListItem\",\"position\":2,\"name\":\"Loja\",\"item\":\"https:\/\/www.interlampadas.com\/loja\/\"},{\"@type\":\"ListItem\",\"position\":3,\"name\":\"E27 125w 130v HPL-N L\u00e2mpada Merc\u00fario\"}]},{\"@type\":\"WebSite\",\"@id\":\"https:\/\/www.interlampadas.com\/#website\",\"url\":\"https:\/\/www.interlampadas.com\/\",\"name\":\"Lumen by Interlampadas\",\"description\":\"lampadas\",\"alternateName\":\"Interlampadas\",\"potentialAction\":[{\"@type\":\"SearchAction\",\"target\":{\"@type\":\"EntryPoint\",\"urlTemplate\":\"https:\/\/www.interlampadas.com\/?s={search_term_string}\"},\"query-input\":{\"@type\":\"PropertyValueSpecification\",\"valueRequired\":true,\"valueName\":\"search_term_string\"}}],\"inLanguage\":\"en-US\"}]}<\/script>\n<!-- \/ Yoast SEO plugin. -->","yoast_head_json":{"title":"E27 125w 130v HPL-N L\u00e2mpada Merc\u00fario - Lumen by Interlampadas","description":"L\u00e2mpada de descarga de vapor de merc\u00fario HPL 125W E27;7300lm;4000K;76x165mm;Mercury Lamp HPL 125W E27Lamp power: 125 W Burning position: RandomSocket: E27","robots":{"index":"index","follow":"follow","max-snippet":"max-snippet:-1","max-image-preview":"max-image-preview:large","max-video-preview":"max-video-preview:-1"},"canonical":"https:\/\/www.interlampadas.com\/en\/lampadas\/lampadas-1\/descarga-39\/mercurio-270\/e27-125w-130v-hpl-n-lampada-mercurio\/","og_locale":"en_US","og_type":"article","og_title":"E27 125w 130v HPL-N L\u00e2mpada Merc\u00fario - Lumen by Interlampadas","og_description":"L\u00e2mpada de descarga de vapor de merc\u00fario HPL 125W E27;7300lm;4000K;76x165mm;Mercury Lamp HPL 125W E27Lamp power: 125 W Burning position: RandomSocket: E27","og_url":"https:\/\/www.interlampadas.com\/en\/lampadas\/lampadas-1\/descarga-39\/mercurio-270\/e27-125w-130v-hpl-n-lampada-mercurio\/","og_site_name":"Lumen by Interlampadas","article_publisher":"https:\/\/www.facebook.com\/interlampadas","article_modified_time":"2026-02-15T16:09:32+00:00","og_image":[{"width":659,"height":800,"url":"https:\/\/www.interlampadas.com\/wp-content\/uploads\/2026\/02\/9815.jpg","type":"image\/jpeg"}],"twitter_card":"summary_large_image","twitter_misc":{"Est. reading time":"1 minute"},"schema":{"@context":"https:\/\/schema.org","@graph":[{"@type":"WebPage","@id":"https:\/\/www.interlampadas.com\/en\/lampadas\/lampadas-1\/descarga-39\/mercurio-270\/e27-125w-130v-hpl-n-lampada-mercurio\/","url":"https:\/\/www.interlampadas.com\/en\/lampadas\/lampadas-1\/descarga-39\/mercurio-270\/e27-125w-130v-hpl-n-lampada-mercurio\/","name":"E27 125w 130v HPL-N L\u00e2mpada Merc\u00fario - Lumen by Interlampadas","isPartOf":{"@id":"https:\/\/www.interlampadas.com\/#website"},"primaryImageOfPage":{"@id":"https:\/\/www.interlampadas.com\/en\/lampadas\/lampadas-1\/descarga-39\/mercurio-270\/e27-125w-130v-hpl-n-lampada-mercurio\/#primaryimage"},"image":{"@id":"https:\/\/www.interlampadas.com\/en\/lampadas\/lampadas-1\/descarga-39\/mercurio-270\/e27-125w-130v-hpl-n-lampada-mercurio\/#primaryimage"},"thumbnailUrl":"https:\/\/www.interlampadas.com\/wp-content\/uploads\/2026\/02\/9815.jpg","datePublished":"2026-02-13T02:46:14+00:00","dateModified":"2026-02-15T16:09:32+00:00","description":"L\u00e2mpada de descarga de vapor de merc\u00fario HPL 125W E27;7300lm;4000K;76x165mm;Mercury Lamp HPL 125W E27Lamp power: 125 W Burning position: RandomSocket: E27","breadcrumb":{"@id":"https:\/\/www.interlampadas.com\/en\/lampadas\/lampadas-1\/descarga-39\/mercurio-270\/e27-125w-130v-hpl-n-lampada-mercurio\/#breadcrumb"},"inLanguage":"en-US","potentialAction":[{"@type":"ReadAction","target":["https:\/\/www.interlampadas.com\/en\/lampadas\/lampadas-1\/descarga-39\/mercurio-270\/e27-125w-130v-hpl-n-lampada-mercurio\/"]}]},{"@type":"ImageObject","inLanguage":"en-US","@id":"https:\/\/www.interlampadas.com\/en\/lampadas\/lampadas-1\/descarga-39\/mercurio-270\/e27-125w-130v-hpl-n-lampada-mercurio\/#primaryimage","url":"https:\/\/www.interlampadas.com\/wp-content\/uploads\/2026\/02\/9815.jpg","contentUrl":"https:\/\/www.interlampadas.com\/wp-content\/uploads\/2026\/02\/9815.jpg","width":659,"height":800},{"@type":"BreadcrumbList","@id":"https:\/\/www.interlampadas.com\/en\/lampadas\/lampadas-1\/descarga-39\/mercurio-270\/e27-125w-130v-hpl-n-lampada-mercurio\/#breadcrumb","itemListElement":[{"@type":"ListItem","position":1,"name":"Home","item":"https:\/\/www.interlampadas.com\/en\/"},{"@type":"ListItem","position":2,"name":"Loja","item":"https:\/\/www.interlampadas.com\/loja\/"},{"@type":"ListItem","position":3,"name":"E27 125w 130v HPL-N L\u00e2mpada Merc\u00fario"}]},{"@type":"WebSite","@id":"https:\/\/www.interlampadas.com\/#website","url":"https:\/\/www.interlampadas.com\/","name":"Lumen by Interlampadas","description":"lampadas","alternateName":"Interlampadas","potentialAction":[{"@type":"SearchAction","target":{"@type":"EntryPoint","urlTemplate":"https:\/\/www.interlampadas.com\/?s={search_term_string}"},"query-input":{"@type":"PropertyValueSpecification","valueRequired":true,"valueName":"search_term_string"}}],"inLanguage":"en-US"}]}},"brands":[],"_links":{"self":[{"href":"https:\/\/www.interlampadas.com\/en\/wp-json\/wp\/v2\/product\/37167","targetHints":{"allow":["GET"]}}],"collection":[{"href":"https:\/\/www.interlampadas.com\/en\/wp-json\/wp\/v2\/product"}],"about":[{"href":"https:\/\/www.interlampadas.com\/en\/wp-json\/wp\/v2\/types\/product"}],"replies":[{"embeddable":true,"href":"https:\/\/www.interlampadas.com\/en\/wp-json\/wp\/v2\/comments?post=37167"}],"wp:featuredmedia":[{"embeddable":true,"href":"https:\/\/www.interlampadas.com\/en\/wp-json\/wp\/v2\/media\/37171"}],"wp:attachment":[{"href":"https:\/\/www.interlampadas.com\/en\/wp-json\/wp\/v2\/media?parent=37167"}],"wp:term":[{"taxonomy":"pwb-brand","embeddable":true,"href":"https:\/\/www.interlampadas.com\/en\/wp-json\/wp\/v2\/pwb-brand?post=37167"},{"taxonomy":"product_brand","embeddable":true,"href":"https:\/\/www.interlampadas.com\/en\/wp-json\/wp\/v2\/product_brand?post=37167"},{"taxonomy":"product_cat","embeddable":true,"href":"https:\/\/www.interlampadas.com\/en\/wp-json\/wp\/v2\/product_cat?post=37167"},{"taxonomy":"product_tag","embeddable":true,"href":"https:\/\/www.interlampadas.com\/en\/wp-json\/wp\/v2\/product_tag?post=37167"}],"curies":[{"name":"wp","href":"https:\/\/api.w.org\/{rel}","templated":true}]}}