{"id":37144,"date":"2026-01-31T02:46:13","date_gmt":"2026-01-31T02:46:13","guid":{"rendered":"https:\/\/www.interlampadas.com\/lampadas\/sem%20categoria\/plafon-led-48w-cct-3000k-4000k-6000k-nymphea-black-white-rings-ip54-500x26mm\/"},"modified":"2026-03-24T02:51:58","modified_gmt":"2026-03-24T02:51:58","slug":"plafon-led-48w-cct-3000k-4000k-6000k-nymphea-black-white-rings-ip54-500x26mm","status":"publish","type":"product","link":"https:\/\/www.interlampadas.com\/en\/lampadas\/luminarias-2\/paineis-led-de-superficie-42\/redondos-46\/plafon-led-48w-cct-3000k-4000k-6000k-nymphea-black-white-rings-ip54-500x26mm\/","title":{"rendered":"Plafon Led 48w CCT (3000K-4000K-6000K) Nymphea Black &amp; White Rings IP54 500x26mm"},"content":{"rendered":"<p>Power 40 W<br \/>  Nominal current 177 mA<br \/>  Voltage 230 V<br \/>  Energy consumption 40 kWh\/1000h<br \/>  Frequency 50 Hz<br \/>  Protection class II<br \/>  Power supply included No<br \/>  Power factor 0.6<br \/>  Luminous flux 5300 lm (360)\u00b0<br \/>  Luminous flux 3000 lm (360)\u00b0<br \/>  Lamp efficacy 133 lm\/W<br \/>  Luminous intensity 1190 CD<br \/>  Colour temperature 3000 K<br \/>  Colour of light Warm<br \/>  Beam angle 115 \u00b0<br \/>  Light source included No<br \/>  Working temperature range -20 +40 \u00b0C<br \/>  Lifespan 17000 h<br \/>  Housing material TWORZYWO SZTUCZNE<br \/>  Degree of protection (IP) IP54<br \/>  Colour White<br \/>  Dimension 485&#215;70 [mm]<br \/>  Assembly method Surface mounted<br \/>  Application WEW<br \/>  Warranty 2-years<br \/>Lumin\u00e1ria de teto NYMPHEA FLAT DUO CCT com temperatura de cor ajust\u00e1vel (CCT), pot\u00eancia de 48 W e elevada efici\u00eancia luminosa de 130 lm\/W. Gra\u00e7as \u00e0 possibilidade de ajustar a temperatura de cor (CCT) na gama 3000\/4000\/6000K, \u00e9 poss\u00edvel personalizar a cor da luz de acordo com as necessidades e prefer\u00eancias. Possui uma elevada classifica\u00e7\u00e3o IP54, sendo ideal para utiliza\u00e7\u00e3o em ambientes com humidade elevada. Adequada para instala\u00e7\u00e3o sobreposta ou suspensa. A instala\u00e7\u00e3o suspensa tamb\u00e9m \u00e9 poss\u00edvel utilizando acess\u00f3rios espec\u00edficos (vendidos em separado: WOJ+91341).<\/p>\n","protected":false},"excerpt":{"rendered":"<p>Power 40 W Nominal current 177 mA Voltage 230 V Energy consumption 40 kWh\/1000h Frequency 50 Hz Protection class II Power supply included No Power factor 0.6<\/p>\n","protected":false},"featured_media":0,"comment_status":"open","ping_status":"closed","template":"","meta":{"_acf_changed":false},"pwb-brand":[],"product_brand":[],"product_cat":[129],"product_tag":[],"class_list":{"0":"post-37144","1":"product","2":"type-product","3":"status-publish","5":"product_cat-redondos-46","7":"first","8":"instock","9":"shipping-taxable","10":"purchasable","11":"product-type-simple"},"acf":[],"yoast_head":"<!-- This site is optimized with the Yoast SEO plugin v27.0 - https:\/\/yoast.com\/product\/yoast-seo-wordpress\/ -->\n<title>Plafon Led 48w CCT (3000K-4000K-6000K) Nymphea Black &amp; White Rings IP54 500x26mm - Lumen by Interlampadas<\/title>\n<meta name=\"description\" content=\"Power 40 W Nominal current 177 mA Voltage 230 V Energy consumption 40 kWh\/1000h Frequency 50 Hz Protection class II Power supply included No Power factor\" \/>\n<meta name=\"robots\" content=\"index, follow, max-snippet:-1, max-image-preview:large, max-video-preview:-1\" \/>\n<link rel=\"canonical\" href=\"https:\/\/www.interlampadas.com\/en\/lampadas\/luminarias-2\/paineis-led-de-superficie-42\/redondos-46\/plafon-led-48w-cct-3000k-4000k-6000k-nymphea-black-white-rings-ip54-500x26mm\/\" \/>\n<meta property=\"og:locale\" content=\"en_US\" \/>\n<meta property=\"og:type\" content=\"article\" \/>\n<meta property=\"og:title\" content=\"Plafon Led 48w CCT (3000K-4000K-6000K) Nymphea Black &amp; White Rings IP54 500x26mm - Lumen by Interlampadas\" \/>\n<meta property=\"og:description\" content=\"Power 40 W Nominal current 177 mA Voltage 230 V Energy consumption 40 kWh\/1000h Frequency 50 Hz Protection class II Power supply included No Power factor\" \/>\n<meta property=\"og:url\" content=\"https:\/\/www.interlampadas.com\/en\/lampadas\/luminarias-2\/paineis-led-de-superficie-42\/redondos-46\/plafon-led-48w-cct-3000k-4000k-6000k-nymphea-black-white-rings-ip54-500x26mm\/\" \/>\n<meta property=\"og:site_name\" content=\"Lumen by Interlampadas\" \/>\n<meta property=\"article:publisher\" content=\"https:\/\/www.facebook.com\/interlampadas\" \/>\n<meta property=\"article:modified_time\" content=\"2026-03-24T02:51:58+00:00\" \/>\n<meta name=\"twitter:card\" content=\"summary_large_image\" \/>\n<meta name=\"twitter:label1\" content=\"Est. reading time\" \/>\n\t<meta name=\"twitter:data1\" content=\"1 minute\" \/>\n<script type=\"application\/ld+json\" class=\"yoast-schema-graph\">{\"@context\":\"https:\/\/schema.org\",\"@graph\":[{\"@type\":\"WebPage\",\"@id\":\"https:\/\/www.interlampadas.com\/en\/lampadas\/luminarias-2\/paineis-led-de-superficie-42\/redondos-46\/plafon-led-48w-cct-3000k-4000k-6000k-nymphea-black-white-rings-ip54-500x26mm\/\",\"url\":\"https:\/\/www.interlampadas.com\/en\/lampadas\/luminarias-2\/paineis-led-de-superficie-42\/redondos-46\/plafon-led-48w-cct-3000k-4000k-6000k-nymphea-black-white-rings-ip54-500x26mm\/\",\"name\":\"Plafon Led 48w CCT (3000K-4000K-6000K) Nymphea Black &amp; White Rings IP54 500x26mm - Lumen by Interlampadas\",\"isPartOf\":{\"@id\":\"https:\/\/www.interlampadas.com\/#website\"},\"datePublished\":\"2026-01-31T02:46:13+00:00\",\"dateModified\":\"2026-03-24T02:51:58+00:00\",\"description\":\"Power 40 W Nominal current 177 mA Voltage 230 V Energy consumption 40 kWh\/1000h Frequency 50 Hz Protection class II Power supply included No Power factor\",\"breadcrumb\":{\"@id\":\"https:\/\/www.interlampadas.com\/en\/lampadas\/luminarias-2\/paineis-led-de-superficie-42\/redondos-46\/plafon-led-48w-cct-3000k-4000k-6000k-nymphea-black-white-rings-ip54-500x26mm\/#breadcrumb\"},\"inLanguage\":\"en-US\",\"potentialAction\":[{\"@type\":\"ReadAction\",\"target\":[\"https:\/\/www.interlampadas.com\/en\/lampadas\/luminarias-2\/paineis-led-de-superficie-42\/redondos-46\/plafon-led-48w-cct-3000k-4000k-6000k-nymphea-black-white-rings-ip54-500x26mm\/\"]}]},{\"@type\":\"BreadcrumbList\",\"@id\":\"https:\/\/www.interlampadas.com\/en\/lampadas\/luminarias-2\/paineis-led-de-superficie-42\/redondos-46\/plafon-led-48w-cct-3000k-4000k-6000k-nymphea-black-white-rings-ip54-500x26mm\/#breadcrumb\",\"itemListElement\":[{\"@type\":\"ListItem\",\"position\":1,\"name\":\"Home\",\"item\":\"https:\/\/www.interlampadas.com\/en\/\"},{\"@type\":\"ListItem\",\"position\":2,\"name\":\"Loja\",\"item\":\"https:\/\/www.interlampadas.com\/loja\/\"},{\"@type\":\"ListItem\",\"position\":3,\"name\":\"Plafon Led 48w CCT (3000K-4000K-6000K) Nymphea Black &amp; White Rings IP54 500x26mm\"}]},{\"@type\":\"WebSite\",\"@id\":\"https:\/\/www.interlampadas.com\/#website\",\"url\":\"https:\/\/www.interlampadas.com\/\",\"name\":\"Lumen by Interlampadas\",\"description\":\"lampadas\",\"alternateName\":\"Interlampadas\",\"potentialAction\":[{\"@type\":\"SearchAction\",\"target\":{\"@type\":\"EntryPoint\",\"urlTemplate\":\"https:\/\/www.interlampadas.com\/?s={search_term_string}\"},\"query-input\":{\"@type\":\"PropertyValueSpecification\",\"valueRequired\":true,\"valueName\":\"search_term_string\"}}],\"inLanguage\":\"en-US\"}]}<\/script>\n<!-- \/ Yoast SEO plugin. -->","yoast_head_json":{"title":"Plafon Led 48w CCT (3000K-4000K-6000K) Nymphea Black &amp; White Rings IP54 500x26mm - Lumen by Interlampadas","description":"Power 40 W Nominal current 177 mA Voltage 230 V Energy consumption 40 kWh\/1000h Frequency 50 Hz Protection class II Power supply included No Power factor","robots":{"index":"index","follow":"follow","max-snippet":"max-snippet:-1","max-image-preview":"max-image-preview:large","max-video-preview":"max-video-preview:-1"},"canonical":"https:\/\/www.interlampadas.com\/en\/lampadas\/luminarias-2\/paineis-led-de-superficie-42\/redondos-46\/plafon-led-48w-cct-3000k-4000k-6000k-nymphea-black-white-rings-ip54-500x26mm\/","og_locale":"en_US","og_type":"article","og_title":"Plafon Led 48w CCT (3000K-4000K-6000K) Nymphea Black &amp; White Rings IP54 500x26mm - Lumen by Interlampadas","og_description":"Power 40 W Nominal current 177 mA Voltage 230 V Energy consumption 40 kWh\/1000h Frequency 50 Hz Protection class II Power supply included No Power factor","og_url":"https:\/\/www.interlampadas.com\/en\/lampadas\/luminarias-2\/paineis-led-de-superficie-42\/redondos-46\/plafon-led-48w-cct-3000k-4000k-6000k-nymphea-black-white-rings-ip54-500x26mm\/","og_site_name":"Lumen by Interlampadas","article_publisher":"https:\/\/www.facebook.com\/interlampadas","article_modified_time":"2026-03-24T02:51:58+00:00","twitter_card":"summary_large_image","twitter_misc":{"Est. reading time":"1 minute"},"schema":{"@context":"https:\/\/schema.org","@graph":[{"@type":"WebPage","@id":"https:\/\/www.interlampadas.com\/en\/lampadas\/luminarias-2\/paineis-led-de-superficie-42\/redondos-46\/plafon-led-48w-cct-3000k-4000k-6000k-nymphea-black-white-rings-ip54-500x26mm\/","url":"https:\/\/www.interlampadas.com\/en\/lampadas\/luminarias-2\/paineis-led-de-superficie-42\/redondos-46\/plafon-led-48w-cct-3000k-4000k-6000k-nymphea-black-white-rings-ip54-500x26mm\/","name":"Plafon Led 48w CCT (3000K-4000K-6000K) Nymphea Black &amp; White Rings IP54 500x26mm - Lumen by Interlampadas","isPartOf":{"@id":"https:\/\/www.interlampadas.com\/#website"},"datePublished":"2026-01-31T02:46:13+00:00","dateModified":"2026-03-24T02:51:58+00:00","description":"Power 40 W Nominal current 177 mA Voltage 230 V Energy consumption 40 kWh\/1000h Frequency 50 Hz Protection class II Power supply included No Power factor","breadcrumb":{"@id":"https:\/\/www.interlampadas.com\/en\/lampadas\/luminarias-2\/paineis-led-de-superficie-42\/redondos-46\/plafon-led-48w-cct-3000k-4000k-6000k-nymphea-black-white-rings-ip54-500x26mm\/#breadcrumb"},"inLanguage":"en-US","potentialAction":[{"@type":"ReadAction","target":["https:\/\/www.interlampadas.com\/en\/lampadas\/luminarias-2\/paineis-led-de-superficie-42\/redondos-46\/plafon-led-48w-cct-3000k-4000k-6000k-nymphea-black-white-rings-ip54-500x26mm\/"]}]},{"@type":"BreadcrumbList","@id":"https:\/\/www.interlampadas.com\/en\/lampadas\/luminarias-2\/paineis-led-de-superficie-42\/redondos-46\/plafon-led-48w-cct-3000k-4000k-6000k-nymphea-black-white-rings-ip54-500x26mm\/#breadcrumb","itemListElement":[{"@type":"ListItem","position":1,"name":"Home","item":"https:\/\/www.interlampadas.com\/en\/"},{"@type":"ListItem","position":2,"name":"Loja","item":"https:\/\/www.interlampadas.com\/loja\/"},{"@type":"ListItem","position":3,"name":"Plafon Led 48w CCT (3000K-4000K-6000K) Nymphea Black &amp; White Rings IP54 500x26mm"}]},{"@type":"WebSite","@id":"https:\/\/www.interlampadas.com\/#website","url":"https:\/\/www.interlampadas.com\/","name":"Lumen by Interlampadas","description":"lampadas","alternateName":"Interlampadas","potentialAction":[{"@type":"SearchAction","target":{"@type":"EntryPoint","urlTemplate":"https:\/\/www.interlampadas.com\/?s={search_term_string}"},"query-input":{"@type":"PropertyValueSpecification","valueRequired":true,"valueName":"search_term_string"}}],"inLanguage":"en-US"}]}},"brands":[],"_links":{"self":[{"href":"https:\/\/www.interlampadas.com\/en\/wp-json\/wp\/v2\/product\/37144","targetHints":{"allow":["GET"]}}],"collection":[{"href":"https:\/\/www.interlampadas.com\/en\/wp-json\/wp\/v2\/product"}],"about":[{"href":"https:\/\/www.interlampadas.com\/en\/wp-json\/wp\/v2\/types\/product"}],"replies":[{"embeddable":true,"href":"https:\/\/www.interlampadas.com\/en\/wp-json\/wp\/v2\/comments?post=37144"}],"wp:attachment":[{"href":"https:\/\/www.interlampadas.com\/en\/wp-json\/wp\/v2\/media?parent=37144"}],"wp:term":[{"taxonomy":"pwb-brand","embeddable":true,"href":"https:\/\/www.interlampadas.com\/en\/wp-json\/wp\/v2\/pwb-brand?post=37144"},{"taxonomy":"product_brand","embeddable":true,"href":"https:\/\/www.interlampadas.com\/en\/wp-json\/wp\/v2\/product_brand?post=37144"},{"taxonomy":"product_cat","embeddable":true,"href":"https:\/\/www.interlampadas.com\/en\/wp-json\/wp\/v2\/product_cat?post=37144"},{"taxonomy":"product_tag","embeddable":true,"href":"https:\/\/www.interlampadas.com\/en\/wp-json\/wp\/v2\/product_tag?post=37144"}],"curies":[{"name":"wp","href":"https:\/\/api.w.org\/{rel}","templated":true}]}}