{"id":37123,"date":"2026-01-20T02:46:12","date_gmt":"2026-01-20T02:46:12","guid":{"rendered":"https:\/\/www.interlampadas.com\/lampadas\/sem%20categoria\/e14-25w-g45-lampada-azul-prta1-220v\/"},"modified":"2026-02-07T02:50:58","modified_gmt":"2026-02-07T02:50:58","slug":"e14-25w-g45-lampada-azul-prta1-220v","status":"publish","type":"product","link":"https:\/\/www.interlampadas.com\/en\/lampadas\/outlet-227\/e14-25w-g45-lampada-azul-prta1-220v\/","title":{"rendered":"E14 25w G45 L\u00e2mpada Azul PRTA1 (220v)"},"content":{"rendered":"<p>L\u00e2mpada esf\u00e9rica G45 E14 240V 25W AzulL\u00e2mpada incandescente esf\u00e9rica BAI Colour Ball G45 E14 240V 25W Azul 45x75mmEsta l\u00e2mpada pode ser utilizada para iluminar ambientes. Ideal para estabelecimentos de restaura\u00e7\u00e3o, mas tamb\u00e9m para tendas de festas.Ball E14 G45 240V 25W BlueBall G45 E14 240V 25W Blue 45x75mm Sphere-shaped incandescent lampThis lamp can be used to brighten up the spaces. Think of catering establishments but also party tents.<\/p>\n","protected":false},"excerpt":{"rendered":"<p>L\u00e2mpada esf\u00e9rica G45 E14 240V 25W AzulL\u00e2mpada incandescente esf\u00e9rica BAI Colour Ball G45 E14 240V 25W Azul 45x75mmEsta l\u00e2mpada pode ser utilizada para iluminar <\/p>\n","protected":false},"featured_media":37125,"comment_status":"open","ping_status":"closed","template":"","meta":{"_acf_changed":false},"pwb-brand":[],"product_brand":[],"product_cat":[24],"product_tag":[],"class_list":{"0":"post-37123","1":"product","2":"type-product","3":"status-publish","4":"has-post-thumbnail","6":"product_cat-outlet-227","8":"first","9":"onbackorder","10":"shipping-taxable","11":"purchasable","12":"product-type-simple"},"acf":[],"yoast_head":"<!-- This site is optimized with the Yoast SEO plugin v27.0 - https:\/\/yoast.com\/product\/yoast-seo-wordpress\/ -->\n<title>E14 25w G45 L\u00e2mpada Azul PRTA1 (220v) - Lumen by Interlampadas<\/title>\n<meta name=\"description\" content=\"L\u00e2mpada esf\u00e9rica G45 E14 240V 25W AzulL\u00e2mpada incandescente esf\u00e9rica BAI Colour Ball G45 E14 240V 25W Azul 45x75mmEsta l\u00e2mpada pode ser utilizada para\" \/>\n<meta name=\"robots\" content=\"index, follow, max-snippet:-1, max-image-preview:large, max-video-preview:-1\" \/>\n<link rel=\"canonical\" href=\"https:\/\/www.interlampadas.com\/en\/lampadas\/outlet-227\/e14-25w-g45-lampada-azul-prta1-220v\/\" \/>\n<meta property=\"og:locale\" content=\"en_US\" \/>\n<meta property=\"og:type\" content=\"article\" \/>\n<meta property=\"og:title\" content=\"E14 25w G45 L\u00e2mpada Azul PRTA1 (220v) - Lumen by Interlampadas\" \/>\n<meta property=\"og:description\" content=\"L\u00e2mpada esf\u00e9rica G45 E14 240V 25W AzulL\u00e2mpada incandescente esf\u00e9rica BAI Colour Ball G45 E14 240V 25W Azul 45x75mmEsta l\u00e2mpada pode ser utilizada para\" \/>\n<meta property=\"og:url\" content=\"https:\/\/www.interlampadas.com\/en\/lampadas\/outlet-227\/e14-25w-g45-lampada-azul-prta1-220v\/\" \/>\n<meta property=\"og:site_name\" content=\"Lumen by Interlampadas\" \/>\n<meta property=\"article:publisher\" content=\"https:\/\/www.facebook.com\/interlampadas\" \/>\n<meta property=\"article:modified_time\" content=\"2026-02-07T02:50:58+00:00\" \/>\n<meta property=\"og:image\" content=\"https:\/\/www.interlampadas.com\/wp-content\/uploads\/2026\/01\/15041.jpg\" \/>\n\t<meta property=\"og:image:width\" content=\"800\" \/>\n\t<meta property=\"og:image:height\" content=\"800\" \/>\n\t<meta property=\"og:image:type\" content=\"image\/jpeg\" \/>\n<meta name=\"twitter:card\" content=\"summary_large_image\" \/>\n<meta name=\"twitter:label1\" content=\"Est. reading time\" \/>\n\t<meta name=\"twitter:data1\" content=\"1 minute\" \/>\n<script type=\"application\/ld+json\" class=\"yoast-schema-graph\">{\"@context\":\"https:\/\/schema.org\",\"@graph\":[{\"@type\":\"WebPage\",\"@id\":\"https:\/\/www.interlampadas.com\/en\/lampadas\/outlet-227\/e14-25w-g45-lampada-azul-prta1-220v\/\",\"url\":\"https:\/\/www.interlampadas.com\/en\/lampadas\/outlet-227\/e14-25w-g45-lampada-azul-prta1-220v\/\",\"name\":\"E14 25w G45 L\u00e2mpada Azul PRTA1 (220v) - Lumen by Interlampadas\",\"isPartOf\":{\"@id\":\"https:\/\/www.interlampadas.com\/#website\"},\"primaryImageOfPage\":{\"@id\":\"https:\/\/www.interlampadas.com\/en\/lampadas\/outlet-227\/e14-25w-g45-lampada-azul-prta1-220v\/#primaryimage\"},\"image\":{\"@id\":\"https:\/\/www.interlampadas.com\/en\/lampadas\/outlet-227\/e14-25w-g45-lampada-azul-prta1-220v\/#primaryimage\"},\"thumbnailUrl\":\"https:\/\/www.interlampadas.com\/wp-content\/uploads\/2026\/01\/15041.jpg\",\"datePublished\":\"2026-01-20T02:46:12+00:00\",\"dateModified\":\"2026-02-07T02:50:58+00:00\",\"description\":\"L\u00e2mpada esf\u00e9rica G45 E14 240V 25W AzulL\u00e2mpada incandescente esf\u00e9rica BAI Colour Ball G45 E14 240V 25W Azul 45x75mmEsta l\u00e2mpada pode ser utilizada para\",\"breadcrumb\":{\"@id\":\"https:\/\/www.interlampadas.com\/en\/lampadas\/outlet-227\/e14-25w-g45-lampada-azul-prta1-220v\/#breadcrumb\"},\"inLanguage\":\"en-US\",\"potentialAction\":[{\"@type\":\"ReadAction\",\"target\":[\"https:\/\/www.interlampadas.com\/en\/lampadas\/outlet-227\/e14-25w-g45-lampada-azul-prta1-220v\/\"]}]},{\"@type\":\"ImageObject\",\"inLanguage\":\"en-US\",\"@id\":\"https:\/\/www.interlampadas.com\/en\/lampadas\/outlet-227\/e14-25w-g45-lampada-azul-prta1-220v\/#primaryimage\",\"url\":\"https:\/\/www.interlampadas.com\/wp-content\/uploads\/2026\/01\/15041.jpg\",\"contentUrl\":\"https:\/\/www.interlampadas.com\/wp-content\/uploads\/2026\/01\/15041.jpg\",\"width\":800,\"height\":800},{\"@type\":\"BreadcrumbList\",\"@id\":\"https:\/\/www.interlampadas.com\/en\/lampadas\/outlet-227\/e14-25w-g45-lampada-azul-prta1-220v\/#breadcrumb\",\"itemListElement\":[{\"@type\":\"ListItem\",\"position\":1,\"name\":\"Home\",\"item\":\"https:\/\/www.interlampadas.com\/en\/\"},{\"@type\":\"ListItem\",\"position\":2,\"name\":\"Loja\",\"item\":\"https:\/\/www.interlampadas.com\/loja\/\"},{\"@type\":\"ListItem\",\"position\":3,\"name\":\"E14 25w G45 L\u00e2mpada Azul PRTA1 (220v)\"}]},{\"@type\":\"WebSite\",\"@id\":\"https:\/\/www.interlampadas.com\/#website\",\"url\":\"https:\/\/www.interlampadas.com\/\",\"name\":\"Lumen by Interlampadas\",\"description\":\"lampadas\",\"alternateName\":\"Interlampadas\",\"potentialAction\":[{\"@type\":\"SearchAction\",\"target\":{\"@type\":\"EntryPoint\",\"urlTemplate\":\"https:\/\/www.interlampadas.com\/?s={search_term_string}\"},\"query-input\":{\"@type\":\"PropertyValueSpecification\",\"valueRequired\":true,\"valueName\":\"search_term_string\"}}],\"inLanguage\":\"en-US\"}]}<\/script>\n<!-- \/ Yoast SEO plugin. -->","yoast_head_json":{"title":"E14 25w G45 L\u00e2mpada Azul PRTA1 (220v) - Lumen by Interlampadas","description":"L\u00e2mpada esf\u00e9rica G45 E14 240V 25W AzulL\u00e2mpada incandescente esf\u00e9rica BAI Colour Ball G45 E14 240V 25W Azul 45x75mmEsta l\u00e2mpada pode ser utilizada para","robots":{"index":"index","follow":"follow","max-snippet":"max-snippet:-1","max-image-preview":"max-image-preview:large","max-video-preview":"max-video-preview:-1"},"canonical":"https:\/\/www.interlampadas.com\/en\/lampadas\/outlet-227\/e14-25w-g45-lampada-azul-prta1-220v\/","og_locale":"en_US","og_type":"article","og_title":"E14 25w G45 L\u00e2mpada Azul PRTA1 (220v) - Lumen by Interlampadas","og_description":"L\u00e2mpada esf\u00e9rica G45 E14 240V 25W AzulL\u00e2mpada incandescente esf\u00e9rica BAI Colour Ball G45 E14 240V 25W Azul 45x75mmEsta l\u00e2mpada pode ser utilizada para","og_url":"https:\/\/www.interlampadas.com\/en\/lampadas\/outlet-227\/e14-25w-g45-lampada-azul-prta1-220v\/","og_site_name":"Lumen by Interlampadas","article_publisher":"https:\/\/www.facebook.com\/interlampadas","article_modified_time":"2026-02-07T02:50:58+00:00","og_image":[{"width":800,"height":800,"url":"https:\/\/www.interlampadas.com\/wp-content\/uploads\/2026\/01\/15041.jpg","type":"image\/jpeg"}],"twitter_card":"summary_large_image","twitter_misc":{"Est. reading time":"1 minute"},"schema":{"@context":"https:\/\/schema.org","@graph":[{"@type":"WebPage","@id":"https:\/\/www.interlampadas.com\/en\/lampadas\/outlet-227\/e14-25w-g45-lampada-azul-prta1-220v\/","url":"https:\/\/www.interlampadas.com\/en\/lampadas\/outlet-227\/e14-25w-g45-lampada-azul-prta1-220v\/","name":"E14 25w G45 L\u00e2mpada Azul PRTA1 (220v) - Lumen by Interlampadas","isPartOf":{"@id":"https:\/\/www.interlampadas.com\/#website"},"primaryImageOfPage":{"@id":"https:\/\/www.interlampadas.com\/en\/lampadas\/outlet-227\/e14-25w-g45-lampada-azul-prta1-220v\/#primaryimage"},"image":{"@id":"https:\/\/www.interlampadas.com\/en\/lampadas\/outlet-227\/e14-25w-g45-lampada-azul-prta1-220v\/#primaryimage"},"thumbnailUrl":"https:\/\/www.interlampadas.com\/wp-content\/uploads\/2026\/01\/15041.jpg","datePublished":"2026-01-20T02:46:12+00:00","dateModified":"2026-02-07T02:50:58+00:00","description":"L\u00e2mpada esf\u00e9rica G45 E14 240V 25W AzulL\u00e2mpada incandescente esf\u00e9rica BAI Colour Ball G45 E14 240V 25W Azul 45x75mmEsta l\u00e2mpada pode ser utilizada para","breadcrumb":{"@id":"https:\/\/www.interlampadas.com\/en\/lampadas\/outlet-227\/e14-25w-g45-lampada-azul-prta1-220v\/#breadcrumb"},"inLanguage":"en-US","potentialAction":[{"@type":"ReadAction","target":["https:\/\/www.interlampadas.com\/en\/lampadas\/outlet-227\/e14-25w-g45-lampada-azul-prta1-220v\/"]}]},{"@type":"ImageObject","inLanguage":"en-US","@id":"https:\/\/www.interlampadas.com\/en\/lampadas\/outlet-227\/e14-25w-g45-lampada-azul-prta1-220v\/#primaryimage","url":"https:\/\/www.interlampadas.com\/wp-content\/uploads\/2026\/01\/15041.jpg","contentUrl":"https:\/\/www.interlampadas.com\/wp-content\/uploads\/2026\/01\/15041.jpg","width":800,"height":800},{"@type":"BreadcrumbList","@id":"https:\/\/www.interlampadas.com\/en\/lampadas\/outlet-227\/e14-25w-g45-lampada-azul-prta1-220v\/#breadcrumb","itemListElement":[{"@type":"ListItem","position":1,"name":"Home","item":"https:\/\/www.interlampadas.com\/en\/"},{"@type":"ListItem","position":2,"name":"Loja","item":"https:\/\/www.interlampadas.com\/loja\/"},{"@type":"ListItem","position":3,"name":"E14 25w G45 L\u00e2mpada Azul PRTA1 (220v)"}]},{"@type":"WebSite","@id":"https:\/\/www.interlampadas.com\/#website","url":"https:\/\/www.interlampadas.com\/","name":"Lumen by Interlampadas","description":"lampadas","alternateName":"Interlampadas","potentialAction":[{"@type":"SearchAction","target":{"@type":"EntryPoint","urlTemplate":"https:\/\/www.interlampadas.com\/?s={search_term_string}"},"query-input":{"@type":"PropertyValueSpecification","valueRequired":true,"valueName":"search_term_string"}}],"inLanguage":"en-US"}]}},"brands":[],"_links":{"self":[{"href":"https:\/\/www.interlampadas.com\/en\/wp-json\/wp\/v2\/product\/37123","targetHints":{"allow":["GET"]}}],"collection":[{"href":"https:\/\/www.interlampadas.com\/en\/wp-json\/wp\/v2\/product"}],"about":[{"href":"https:\/\/www.interlampadas.com\/en\/wp-json\/wp\/v2\/types\/product"}],"replies":[{"embeddable":true,"href":"https:\/\/www.interlampadas.com\/en\/wp-json\/wp\/v2\/comments?post=37123"}],"wp:featuredmedia":[{"embeddable":true,"href":"https:\/\/www.interlampadas.com\/en\/wp-json\/wp\/v2\/media\/37125"}],"wp:attachment":[{"href":"https:\/\/www.interlampadas.com\/en\/wp-json\/wp\/v2\/media?parent=37123"}],"wp:term":[{"taxonomy":"pwb-brand","embeddable":true,"href":"https:\/\/www.interlampadas.com\/en\/wp-json\/wp\/v2\/pwb-brand?post=37123"},{"taxonomy":"product_brand","embeddable":true,"href":"https:\/\/www.interlampadas.com\/en\/wp-json\/wp\/v2\/product_brand?post=37123"},{"taxonomy":"product_cat","embeddable":true,"href":"https:\/\/www.interlampadas.com\/en\/wp-json\/wp\/v2\/product_cat?post=37123"},{"taxonomy":"product_tag","embeddable":true,"href":"https:\/\/www.interlampadas.com\/en\/wp-json\/wp\/v2\/product_tag?post=37123"}],"curies":[{"name":"wp","href":"https:\/\/api.w.org\/{rel}","templated":true}]}}