{"id":36794,"date":"2025-08-30T02:46:16","date_gmt":"2025-08-30T01:46:16","guid":{"rendered":"https:\/\/www.interlampadas.com\/lampadas\/sem categoria\/e27-10w-5cct-a65x124mm-led-220v\/"},"modified":"2025-09-04T02:51:50","modified_gmt":"2025-09-04T01:51:50","slug":"e27-10w-5cct-a65x124mm-led-220v","status":"publish","type":"product","link":"https:\/\/www.interlampadas.com\/en\/lampadas\/lampadas-1\/led-150\/utilizacao-geral-led-151\/e27-casquilho-grosso-184\/a60-classica-186\/e27-10w-5cct-a65x124mm-led-220v\/","title":{"rendered":"E27 10w 5CCT A65x124mm Led (220v)"},"content":{"rendered":"<p>LED GLS E27 220V 10W 65x124mm com possibilidade de altera\u00e7\u00e3o da cor da luz (CCT) com casquilho E-27 e com o formato de uma l\u00e2mpada tradicional. Gra\u00e7as \u00e0 possibilidade de alterar a temperatura da cor (CCT) na gama de 2700k \/ 3000k \/ 4000k \/ 5000k \/ 6500K, podemos ajustar a cor da luz de acordo com as nossas necessidades e prefer\u00eancias. Caracteriza-se por uma elevada efic\u00e1cia luminosa de 100 lm\/W. O amplo \u00e2ngulo de feixe de 270\u00b0 garante uma ilumina\u00e7\u00e3o uniforme em todo o ambiente.LED GLS E27 220V 10W 65x124mm with the possibility of changing the light color (CCT) with E-27 base and with the shape of a traditional light bulb. Thanks to the ability to change the color temperature (CCT) in the range 2700k \/ 3000k \/ 4000k \/ 5000k \/ 6500K, we can adjust the light color depending on our needs and preferences. It is characterised by a high light efficacy 100 lm\/W. Wide beam angle 270\u00b0 ensures even illumination of the room<\/p>\n","protected":false},"excerpt":{"rendered":"<p>LED GLS E27 220V 10W 65x124mm com possibilidade de altera\u00e7\u00e3o da cor da luz (CCT) com casquilho E-27 e com o formato de uma l\u00e2mpada tradicional. Gra\u00e7as \u00e0 possibilidade<\/p>\n","protected":false},"featured_media":0,"comment_status":"open","ping_status":"closed","template":"","meta":{"_acf_changed":false},"pwb-brand":[],"product_brand":[],"product_cat":[222],"product_tag":[],"class_list":{"0":"post-36794","1":"product","2":"type-product","3":"status-publish","5":"product_cat-a60-classica-186","7":"first","8":"instock","9":"shipping-taxable","10":"purchasable","11":"product-type-simple"},"acf":[],"yoast_head":"<!-- This site is optimized with the Yoast SEO plugin v27.0 - https:\/\/yoast.com\/product\/yoast-seo-wordpress\/ -->\n<title>E27 10w 5CCT A65x124mm Led (220v) - Lumen by Interlampadas<\/title>\n<meta name=\"description\" content=\"LED GLS E27 220V 10W 65x124mm com possibilidade de altera\u00e7\u00e3o da cor da luz (CCT) com casquilho E-27 e com o formato de uma l\u00e2mpada tradicional. Gra\u00e7as \u00e0\" \/>\n<meta name=\"robots\" content=\"index, follow, max-snippet:-1, max-image-preview:large, max-video-preview:-1\" \/>\n<link rel=\"canonical\" href=\"https:\/\/www.interlampadas.com\/en\/lampadas\/lampadas-1\/led-150\/utilizacao-geral-led-151\/e27-casquilho-grosso-184\/a60-classica-186\/e27-10w-5cct-a65x124mm-led-220v\/\" \/>\n<meta property=\"og:locale\" content=\"en_US\" \/>\n<meta property=\"og:type\" content=\"article\" \/>\n<meta property=\"og:title\" content=\"E27 10w 5CCT A65x124mm Led (220v) - Lumen by Interlampadas\" \/>\n<meta property=\"og:description\" content=\"LED GLS E27 220V 10W 65x124mm com possibilidade de altera\u00e7\u00e3o da cor da luz (CCT) com casquilho E-27 e com o formato de uma l\u00e2mpada tradicional. Gra\u00e7as \u00e0\" \/>\n<meta property=\"og:url\" content=\"https:\/\/www.interlampadas.com\/en\/lampadas\/lampadas-1\/led-150\/utilizacao-geral-led-151\/e27-casquilho-grosso-184\/a60-classica-186\/e27-10w-5cct-a65x124mm-led-220v\/\" \/>\n<meta property=\"og:site_name\" content=\"Lumen by Interlampadas\" \/>\n<meta property=\"article:publisher\" content=\"https:\/\/www.facebook.com\/interlampadas\" \/>\n<meta property=\"article:modified_time\" content=\"2025-09-04T01:51:50+00:00\" \/>\n<meta name=\"twitter:card\" content=\"summary_large_image\" \/>\n<meta name=\"twitter:label1\" content=\"Est. reading time\" \/>\n\t<meta name=\"twitter:data1\" content=\"1 minute\" \/>\n<script type=\"application\/ld+json\" class=\"yoast-schema-graph\">{\"@context\":\"https:\/\/schema.org\",\"@graph\":[{\"@type\":\"WebPage\",\"@id\":\"https:\/\/www.interlampadas.com\/en\/lampadas\/lampadas-1\/led-150\/utilizacao-geral-led-151\/e27-casquilho-grosso-184\/a60-classica-186\/e27-10w-5cct-a65x124mm-led-220v\/\",\"url\":\"https:\/\/www.interlampadas.com\/en\/lampadas\/lampadas-1\/led-150\/utilizacao-geral-led-151\/e27-casquilho-grosso-184\/a60-classica-186\/e27-10w-5cct-a65x124mm-led-220v\/\",\"name\":\"E27 10w 5CCT A65x124mm Led (220v) - Lumen by Interlampadas\",\"isPartOf\":{\"@id\":\"https:\/\/www.interlampadas.com\/#website\"},\"datePublished\":\"2025-08-30T01:46:16+00:00\",\"dateModified\":\"2025-09-04T01:51:50+00:00\",\"description\":\"LED GLS E27 220V 10W 65x124mm com possibilidade de altera\u00e7\u00e3o da cor da luz (CCT) com casquilho E-27 e com o formato de uma l\u00e2mpada tradicional. Gra\u00e7as \u00e0\",\"breadcrumb\":{\"@id\":\"https:\/\/www.interlampadas.com\/en\/lampadas\/lampadas-1\/led-150\/utilizacao-geral-led-151\/e27-casquilho-grosso-184\/a60-classica-186\/e27-10w-5cct-a65x124mm-led-220v\/#breadcrumb\"},\"inLanguage\":\"en-US\",\"potentialAction\":[{\"@type\":\"ReadAction\",\"target\":[\"https:\/\/www.interlampadas.com\/en\/lampadas\/lampadas-1\/led-150\/utilizacao-geral-led-151\/e27-casquilho-grosso-184\/a60-classica-186\/e27-10w-5cct-a65x124mm-led-220v\/\"]}]},{\"@type\":\"BreadcrumbList\",\"@id\":\"https:\/\/www.interlampadas.com\/en\/lampadas\/lampadas-1\/led-150\/utilizacao-geral-led-151\/e27-casquilho-grosso-184\/a60-classica-186\/e27-10w-5cct-a65x124mm-led-220v\/#breadcrumb\",\"itemListElement\":[{\"@type\":\"ListItem\",\"position\":1,\"name\":\"Home\",\"item\":\"https:\/\/www.interlampadas.com\/en\/\"},{\"@type\":\"ListItem\",\"position\":2,\"name\":\"Loja\",\"item\":\"https:\/\/www.interlampadas.com\/loja\/\"},{\"@type\":\"ListItem\",\"position\":3,\"name\":\"E27 10w 5CCT A65x124mm Led (220v)\"}]},{\"@type\":\"WebSite\",\"@id\":\"https:\/\/www.interlampadas.com\/#website\",\"url\":\"https:\/\/www.interlampadas.com\/\",\"name\":\"Lumen by Interlampadas\",\"description\":\"lampadas\",\"alternateName\":\"Interlampadas\",\"potentialAction\":[{\"@type\":\"SearchAction\",\"target\":{\"@type\":\"EntryPoint\",\"urlTemplate\":\"https:\/\/www.interlampadas.com\/?s={search_term_string}\"},\"query-input\":{\"@type\":\"PropertyValueSpecification\",\"valueRequired\":true,\"valueName\":\"search_term_string\"}}],\"inLanguage\":\"en-US\"}]}<\/script>\n<!-- \/ Yoast SEO plugin. -->","yoast_head_json":{"title":"E27 10w 5CCT A65x124mm Led (220v) - Lumen by Interlampadas","description":"LED GLS E27 220V 10W 65x124mm com possibilidade de altera\u00e7\u00e3o da cor da luz (CCT) com casquilho E-27 e com o formato de uma l\u00e2mpada tradicional. Gra\u00e7as \u00e0","robots":{"index":"index","follow":"follow","max-snippet":"max-snippet:-1","max-image-preview":"max-image-preview:large","max-video-preview":"max-video-preview:-1"},"canonical":"https:\/\/www.interlampadas.com\/en\/lampadas\/lampadas-1\/led-150\/utilizacao-geral-led-151\/e27-casquilho-grosso-184\/a60-classica-186\/e27-10w-5cct-a65x124mm-led-220v\/","og_locale":"en_US","og_type":"article","og_title":"E27 10w 5CCT A65x124mm Led (220v) - Lumen by Interlampadas","og_description":"LED GLS E27 220V 10W 65x124mm com possibilidade de altera\u00e7\u00e3o da cor da luz (CCT) com casquilho E-27 e com o formato de uma l\u00e2mpada tradicional. Gra\u00e7as \u00e0","og_url":"https:\/\/www.interlampadas.com\/en\/lampadas\/lampadas-1\/led-150\/utilizacao-geral-led-151\/e27-casquilho-grosso-184\/a60-classica-186\/e27-10w-5cct-a65x124mm-led-220v\/","og_site_name":"Lumen by Interlampadas","article_publisher":"https:\/\/www.facebook.com\/interlampadas","article_modified_time":"2025-09-04T01:51:50+00:00","twitter_card":"summary_large_image","twitter_misc":{"Est. reading time":"1 minute"},"schema":{"@context":"https:\/\/schema.org","@graph":[{"@type":"WebPage","@id":"https:\/\/www.interlampadas.com\/en\/lampadas\/lampadas-1\/led-150\/utilizacao-geral-led-151\/e27-casquilho-grosso-184\/a60-classica-186\/e27-10w-5cct-a65x124mm-led-220v\/","url":"https:\/\/www.interlampadas.com\/en\/lampadas\/lampadas-1\/led-150\/utilizacao-geral-led-151\/e27-casquilho-grosso-184\/a60-classica-186\/e27-10w-5cct-a65x124mm-led-220v\/","name":"E27 10w 5CCT A65x124mm Led (220v) - Lumen by Interlampadas","isPartOf":{"@id":"https:\/\/www.interlampadas.com\/#website"},"datePublished":"2025-08-30T01:46:16+00:00","dateModified":"2025-09-04T01:51:50+00:00","description":"LED GLS E27 220V 10W 65x124mm com possibilidade de altera\u00e7\u00e3o da cor da luz (CCT) com casquilho E-27 e com o formato de uma l\u00e2mpada tradicional. Gra\u00e7as \u00e0","breadcrumb":{"@id":"https:\/\/www.interlampadas.com\/en\/lampadas\/lampadas-1\/led-150\/utilizacao-geral-led-151\/e27-casquilho-grosso-184\/a60-classica-186\/e27-10w-5cct-a65x124mm-led-220v\/#breadcrumb"},"inLanguage":"en-US","potentialAction":[{"@type":"ReadAction","target":["https:\/\/www.interlampadas.com\/en\/lampadas\/lampadas-1\/led-150\/utilizacao-geral-led-151\/e27-casquilho-grosso-184\/a60-classica-186\/e27-10w-5cct-a65x124mm-led-220v\/"]}]},{"@type":"BreadcrumbList","@id":"https:\/\/www.interlampadas.com\/en\/lampadas\/lampadas-1\/led-150\/utilizacao-geral-led-151\/e27-casquilho-grosso-184\/a60-classica-186\/e27-10w-5cct-a65x124mm-led-220v\/#breadcrumb","itemListElement":[{"@type":"ListItem","position":1,"name":"Home","item":"https:\/\/www.interlampadas.com\/en\/"},{"@type":"ListItem","position":2,"name":"Loja","item":"https:\/\/www.interlampadas.com\/loja\/"},{"@type":"ListItem","position":3,"name":"E27 10w 5CCT A65x124mm Led (220v)"}]},{"@type":"WebSite","@id":"https:\/\/www.interlampadas.com\/#website","url":"https:\/\/www.interlampadas.com\/","name":"Lumen by Interlampadas","description":"lampadas","alternateName":"Interlampadas","potentialAction":[{"@type":"SearchAction","target":{"@type":"EntryPoint","urlTemplate":"https:\/\/www.interlampadas.com\/?s={search_term_string}"},"query-input":{"@type":"PropertyValueSpecification","valueRequired":true,"valueName":"search_term_string"}}],"inLanguage":"en-US"}]}},"brands":[],"_links":{"self":[{"href":"https:\/\/www.interlampadas.com\/en\/wp-json\/wp\/v2\/product\/36794","targetHints":{"allow":["GET"]}}],"collection":[{"href":"https:\/\/www.interlampadas.com\/en\/wp-json\/wp\/v2\/product"}],"about":[{"href":"https:\/\/www.interlampadas.com\/en\/wp-json\/wp\/v2\/types\/product"}],"replies":[{"embeddable":true,"href":"https:\/\/www.interlampadas.com\/en\/wp-json\/wp\/v2\/comments?post=36794"}],"wp:attachment":[{"href":"https:\/\/www.interlampadas.com\/en\/wp-json\/wp\/v2\/media?parent=36794"}],"wp:term":[{"taxonomy":"pwb-brand","embeddable":true,"href":"https:\/\/www.interlampadas.com\/en\/wp-json\/wp\/v2\/pwb-brand?post=36794"},{"taxonomy":"product_brand","embeddable":true,"href":"https:\/\/www.interlampadas.com\/en\/wp-json\/wp\/v2\/product_brand?post=36794"},{"taxonomy":"product_cat","embeddable":true,"href":"https:\/\/www.interlampadas.com\/en\/wp-json\/wp\/v2\/product_cat?post=36794"},{"taxonomy":"product_tag","embeddable":true,"href":"https:\/\/www.interlampadas.com\/en\/wp-json\/wp\/v2\/product_tag?post=36794"}],"curies":[{"name":"wp","href":"https:\/\/api.w.org\/{rel}","templated":true}]}}