{"id":36768,"date":"2025-08-06T02:46:16","date_gmt":"2025-08-06T01:46:16","guid":{"rendered":"https:\/\/www.interlampadas.com\/lampadas\/sem%20categoria\/e40-250w-hpi-t-plus-250w-645-lampada-iodetos-prt589\/"},"modified":"2026-01-21T02:51:28","modified_gmt":"2026-01-21T02:51:28","slug":"e40-250w-hpi-t-plus-250w-645-lampada-iodetos-metalicos-prt172","status":"publish","type":"product","link":"https:\/\/www.interlampadas.com\/en\/lampadas\/lampadas-1\/descarga-39\/iodetos-235\/e40-250w-hpi-t-plus-250w-645-lampada-iodetos-metalicos-prt172\/","title":{"rendered":"E40 250w HPI-T Plus 250W\/645 L\u00e2mpada Iodetos Met\u00e1licos PRT172"},"content":{"rendered":"<p>L\u00e2mpadas Iodetos Metalicos em Portugal \u2013 Interl\u00e2mpadas<br \/>L\u00e2mpada de descarga de iodetos met\u00e1licos Philips MASTER HPI-T Plus 250W\/645 E40<br \/>  EAN:8711500179890<br \/>  Wattage (W):250<br \/>  Voltage (V):128<br \/>  Base:E40<br \/>  Colour Temperature (K):4500<br \/>  Light Color:Neutral White<br \/>  Colour Rendering Index (Ra):65<br \/>  Luminous Flux (lm):2500<br \/>  Life Time (h):5000<br \/>  Energy Consumption (kWh\/1000h):269<br \/>  Diameter (mm):47<\/p>\n","protected":false},"excerpt":{"rendered":"<p>&nbsp;<\/p>\n<p>&nbsp;<\/p>\n","protected":false},"featured_media":36783,"comment_status":"open","ping_status":"closed","template":"","meta":{"_acf_changed":false},"pwb-brand":[274],"product_brand":[],"product_cat":[99],"product_tag":[],"class_list":{"0":"post-36768","1":"product","2":"type-product","3":"status-publish","4":"has-post-thumbnail","6":"pwb-brand-philips","7":"product_cat-iodetos-235","9":"first","10":"instock","11":"shipping-taxable","12":"purchasable","13":"product-type-simple"},"acf":[],"yoast_head":"<!-- This site is optimized with the Yoast SEO plugin v27.0 - https:\/\/yoast.com\/product\/yoast-seo-wordpress\/ -->\n<title>E40 250w HPI-T Plus 250W\/645 L\u00e2mpada Iodetos Met\u00e1licos PRT172 - Lumen by Interlampadas<\/title>\n<meta name=\"description\" content=\"&nbsp;  &nbsp;\" \/>\n<meta name=\"robots\" content=\"index, follow, max-snippet:-1, max-image-preview:large, max-video-preview:-1\" \/>\n<link rel=\"canonical\" href=\"https:\/\/www.interlampadas.com\/en\/lampadas\/lampadas-1\/descarga-39\/iodetos-235\/e40-250w-hpi-t-plus-250w-645-lampada-iodetos-metalicos-prt172\/\" \/>\n<meta property=\"og:locale\" content=\"en_US\" \/>\n<meta property=\"og:type\" content=\"article\" \/>\n<meta property=\"og:title\" content=\"E40 250w HPI-T Plus 250W\/645 L\u00e2mpada Iodetos Met\u00e1licos PRT172 - Lumen by Interlampadas\" \/>\n<meta property=\"og:description\" content=\"&nbsp;  &nbsp;\" \/>\n<meta property=\"og:url\" content=\"https:\/\/www.interlampadas.com\/en\/lampadas\/lampadas-1\/descarga-39\/iodetos-235\/e40-250w-hpi-t-plus-250w-645-lampada-iodetos-metalicos-prt172\/\" \/>\n<meta property=\"og:site_name\" content=\"Lumen by Interlampadas\" \/>\n<meta property=\"article:publisher\" content=\"https:\/\/www.facebook.com\/interlampadas\" \/>\n<meta property=\"article:modified_time\" content=\"2026-01-21T02:51:28+00:00\" \/>\n<meta property=\"og:image\" content=\"https:\/\/www.interlampadas.com\/wp-content\/uploads\/2025\/08\/6607.jpg\" \/>\n\t<meta property=\"og:image:width\" content=\"416\" \/>\n\t<meta property=\"og:image:height\" content=\"487\" \/>\n\t<meta property=\"og:image:type\" content=\"image\/jpeg\" \/>\n<meta name=\"twitter:card\" content=\"summary_large_image\" \/>\n<meta name=\"twitter:label1\" content=\"Est. reading time\" \/>\n\t<meta name=\"twitter:data1\" content=\"1 minute\" \/>\n<script type=\"application\/ld+json\" class=\"yoast-schema-graph\">{\"@context\":\"https:\/\/schema.org\",\"@graph\":[{\"@type\":\"WebPage\",\"@id\":\"https:\/\/www.interlampadas.com\/en\/lampadas\/lampadas-1\/descarga-39\/iodetos-235\/e40-250w-hpi-t-plus-250w-645-lampada-iodetos-metalicos-prt172\/\",\"url\":\"https:\/\/www.interlampadas.com\/en\/lampadas\/lampadas-1\/descarga-39\/iodetos-235\/e40-250w-hpi-t-plus-250w-645-lampada-iodetos-metalicos-prt172\/\",\"name\":\"E40 250w HPI-T Plus 250W\/645 L\u00e2mpada Iodetos Met\u00e1licos PRT172 - Lumen by Interlampadas\",\"isPartOf\":{\"@id\":\"https:\/\/www.interlampadas.com\/#website\"},\"primaryImageOfPage\":{\"@id\":\"https:\/\/www.interlampadas.com\/en\/lampadas\/lampadas-1\/descarga-39\/iodetos-235\/e40-250w-hpi-t-plus-250w-645-lampada-iodetos-metalicos-prt172\/#primaryimage\"},\"image\":{\"@id\":\"https:\/\/www.interlampadas.com\/en\/lampadas\/lampadas-1\/descarga-39\/iodetos-235\/e40-250w-hpi-t-plus-250w-645-lampada-iodetos-metalicos-prt172\/#primaryimage\"},\"thumbnailUrl\":\"https:\/\/www.interlampadas.com\/wp-content\/uploads\/2025\/08\/6607.jpg\",\"datePublished\":\"2025-08-06T01:46:16+00:00\",\"dateModified\":\"2026-01-21T02:51:28+00:00\",\"description\":\"&nbsp; &nbsp;\",\"breadcrumb\":{\"@id\":\"https:\/\/www.interlampadas.com\/en\/lampadas\/lampadas-1\/descarga-39\/iodetos-235\/e40-250w-hpi-t-plus-250w-645-lampada-iodetos-metalicos-prt172\/#breadcrumb\"},\"inLanguage\":\"en-US\",\"potentialAction\":[{\"@type\":\"ReadAction\",\"target\":[\"https:\/\/www.interlampadas.com\/en\/lampadas\/lampadas-1\/descarga-39\/iodetos-235\/e40-250w-hpi-t-plus-250w-645-lampada-iodetos-metalicos-prt172\/\"]}]},{\"@type\":\"ImageObject\",\"inLanguage\":\"en-US\",\"@id\":\"https:\/\/www.interlampadas.com\/en\/lampadas\/lampadas-1\/descarga-39\/iodetos-235\/e40-250w-hpi-t-plus-250w-645-lampada-iodetos-metalicos-prt172\/#primaryimage\",\"url\":\"https:\/\/www.interlampadas.com\/wp-content\/uploads\/2025\/08\/6607.jpg\",\"contentUrl\":\"https:\/\/www.interlampadas.com\/wp-content\/uploads\/2025\/08\/6607.jpg\",\"width\":416,\"height\":487},{\"@type\":\"BreadcrumbList\",\"@id\":\"https:\/\/www.interlampadas.com\/en\/lampadas\/lampadas-1\/descarga-39\/iodetos-235\/e40-250w-hpi-t-plus-250w-645-lampada-iodetos-metalicos-prt172\/#breadcrumb\",\"itemListElement\":[{\"@type\":\"ListItem\",\"position\":1,\"name\":\"Home\",\"item\":\"https:\/\/www.interlampadas.com\/en\/\"},{\"@type\":\"ListItem\",\"position\":2,\"name\":\"Loja\",\"item\":\"https:\/\/www.interlampadas.com\/loja\/\"},{\"@type\":\"ListItem\",\"position\":3,\"name\":\"E40 250w HPI-T Plus 250W\/645 L\u00e2mpada Iodetos Met\u00e1licos PRT172\"}]},{\"@type\":\"WebSite\",\"@id\":\"https:\/\/www.interlampadas.com\/#website\",\"url\":\"https:\/\/www.interlampadas.com\/\",\"name\":\"Lumen by Interlampadas\",\"description\":\"lampadas\",\"alternateName\":\"Interlampadas\",\"potentialAction\":[{\"@type\":\"SearchAction\",\"target\":{\"@type\":\"EntryPoint\",\"urlTemplate\":\"https:\/\/www.interlampadas.com\/?s={search_term_string}\"},\"query-input\":{\"@type\":\"PropertyValueSpecification\",\"valueRequired\":true,\"valueName\":\"search_term_string\"}}],\"inLanguage\":\"en-US\"}]}<\/script>\n<!-- \/ Yoast SEO plugin. -->","yoast_head_json":{"title":"E40 250w HPI-T Plus 250W\/645 L\u00e2mpada Iodetos Met\u00e1licos PRT172 - Lumen by Interlampadas","description":"&nbsp;  &nbsp;","robots":{"index":"index","follow":"follow","max-snippet":"max-snippet:-1","max-image-preview":"max-image-preview:large","max-video-preview":"max-video-preview:-1"},"canonical":"https:\/\/www.interlampadas.com\/en\/lampadas\/lampadas-1\/descarga-39\/iodetos-235\/e40-250w-hpi-t-plus-250w-645-lampada-iodetos-metalicos-prt172\/","og_locale":"en_US","og_type":"article","og_title":"E40 250w HPI-T Plus 250W\/645 L\u00e2mpada Iodetos Met\u00e1licos PRT172 - Lumen by Interlampadas","og_description":"&nbsp;  &nbsp;","og_url":"https:\/\/www.interlampadas.com\/en\/lampadas\/lampadas-1\/descarga-39\/iodetos-235\/e40-250w-hpi-t-plus-250w-645-lampada-iodetos-metalicos-prt172\/","og_site_name":"Lumen by Interlampadas","article_publisher":"https:\/\/www.facebook.com\/interlampadas","article_modified_time":"2026-01-21T02:51:28+00:00","og_image":[{"width":416,"height":487,"url":"https:\/\/www.interlampadas.com\/wp-content\/uploads\/2025\/08\/6607.jpg","type":"image\/jpeg"}],"twitter_card":"summary_large_image","twitter_misc":{"Est. reading time":"1 minute"},"schema":{"@context":"https:\/\/schema.org","@graph":[{"@type":"WebPage","@id":"https:\/\/www.interlampadas.com\/en\/lampadas\/lampadas-1\/descarga-39\/iodetos-235\/e40-250w-hpi-t-plus-250w-645-lampada-iodetos-metalicos-prt172\/","url":"https:\/\/www.interlampadas.com\/en\/lampadas\/lampadas-1\/descarga-39\/iodetos-235\/e40-250w-hpi-t-plus-250w-645-lampada-iodetos-metalicos-prt172\/","name":"E40 250w HPI-T Plus 250W\/645 L\u00e2mpada Iodetos Met\u00e1licos PRT172 - Lumen by Interlampadas","isPartOf":{"@id":"https:\/\/www.interlampadas.com\/#website"},"primaryImageOfPage":{"@id":"https:\/\/www.interlampadas.com\/en\/lampadas\/lampadas-1\/descarga-39\/iodetos-235\/e40-250w-hpi-t-plus-250w-645-lampada-iodetos-metalicos-prt172\/#primaryimage"},"image":{"@id":"https:\/\/www.interlampadas.com\/en\/lampadas\/lampadas-1\/descarga-39\/iodetos-235\/e40-250w-hpi-t-plus-250w-645-lampada-iodetos-metalicos-prt172\/#primaryimage"},"thumbnailUrl":"https:\/\/www.interlampadas.com\/wp-content\/uploads\/2025\/08\/6607.jpg","datePublished":"2025-08-06T01:46:16+00:00","dateModified":"2026-01-21T02:51:28+00:00","description":"&nbsp; &nbsp;","breadcrumb":{"@id":"https:\/\/www.interlampadas.com\/en\/lampadas\/lampadas-1\/descarga-39\/iodetos-235\/e40-250w-hpi-t-plus-250w-645-lampada-iodetos-metalicos-prt172\/#breadcrumb"},"inLanguage":"en-US","potentialAction":[{"@type":"ReadAction","target":["https:\/\/www.interlampadas.com\/en\/lampadas\/lampadas-1\/descarga-39\/iodetos-235\/e40-250w-hpi-t-plus-250w-645-lampada-iodetos-metalicos-prt172\/"]}]},{"@type":"ImageObject","inLanguage":"en-US","@id":"https:\/\/www.interlampadas.com\/en\/lampadas\/lampadas-1\/descarga-39\/iodetos-235\/e40-250w-hpi-t-plus-250w-645-lampada-iodetos-metalicos-prt172\/#primaryimage","url":"https:\/\/www.interlampadas.com\/wp-content\/uploads\/2025\/08\/6607.jpg","contentUrl":"https:\/\/www.interlampadas.com\/wp-content\/uploads\/2025\/08\/6607.jpg","width":416,"height":487},{"@type":"BreadcrumbList","@id":"https:\/\/www.interlampadas.com\/en\/lampadas\/lampadas-1\/descarga-39\/iodetos-235\/e40-250w-hpi-t-plus-250w-645-lampada-iodetos-metalicos-prt172\/#breadcrumb","itemListElement":[{"@type":"ListItem","position":1,"name":"Home","item":"https:\/\/www.interlampadas.com\/en\/"},{"@type":"ListItem","position":2,"name":"Loja","item":"https:\/\/www.interlampadas.com\/loja\/"},{"@type":"ListItem","position":3,"name":"E40 250w HPI-T Plus 250W\/645 L\u00e2mpada Iodetos Met\u00e1licos PRT172"}]},{"@type":"WebSite","@id":"https:\/\/www.interlampadas.com\/#website","url":"https:\/\/www.interlampadas.com\/","name":"Lumen by Interlampadas","description":"lampadas","alternateName":"Interlampadas","potentialAction":[{"@type":"SearchAction","target":{"@type":"EntryPoint","urlTemplate":"https:\/\/www.interlampadas.com\/?s={search_term_string}"},"query-input":{"@type":"PropertyValueSpecification","valueRequired":true,"valueName":"search_term_string"}}],"inLanguage":"en-US"}]}},"brands":[{"id":274,"name":"PHILIPS","slug":"philips"}],"_links":{"self":[{"href":"https:\/\/www.interlampadas.com\/en\/wp-json\/wp\/v2\/product\/36768","targetHints":{"allow":["GET"]}}],"collection":[{"href":"https:\/\/www.interlampadas.com\/en\/wp-json\/wp\/v2\/product"}],"about":[{"href":"https:\/\/www.interlampadas.com\/en\/wp-json\/wp\/v2\/types\/product"}],"replies":[{"embeddable":true,"href":"https:\/\/www.interlampadas.com\/en\/wp-json\/wp\/v2\/comments?post=36768"}],"wp:featuredmedia":[{"embeddable":true,"href":"https:\/\/www.interlampadas.com\/en\/wp-json\/wp\/v2\/media\/36783"}],"wp:attachment":[{"href":"https:\/\/www.interlampadas.com\/en\/wp-json\/wp\/v2\/media?parent=36768"}],"wp:term":[{"taxonomy":"pwb-brand","embeddable":true,"href":"https:\/\/www.interlampadas.com\/en\/wp-json\/wp\/v2\/pwb-brand?post=36768"},{"taxonomy":"product_brand","embeddable":true,"href":"https:\/\/www.interlampadas.com\/en\/wp-json\/wp\/v2\/product_brand?post=36768"},{"taxonomy":"product_cat","embeddable":true,"href":"https:\/\/www.interlampadas.com\/en\/wp-json\/wp\/v2\/product_cat?post=36768"},{"taxonomy":"product_tag","embeddable":true,"href":"https:\/\/www.interlampadas.com\/en\/wp-json\/wp\/v2\/product_tag?post=36768"}],"curies":[{"name":"wp","href":"https:\/\/api.w.org\/{rel}","templated":true}]}}