{"id":36699,"date":"2025-07-12T02:46:17","date_gmt":"2025-07-12T01:46:17","guid":{"rendered":"https:\/\/www.interlampadas.com\/lampadas\/sem%20categoria\/gy9-5-6-6a-30w-exl-6112ll-64322-lampada\/"},"modified":"2026-04-30T02:50:18","modified_gmt":"2026-04-30T01:50:18","slug":"gy9-5-6-6a-30w-exl-6112ll-64322-lampada","status":"publish","type":"product","link":"https:\/\/www.interlampadas.com\/en\/lampadas\/lampadas-1\/utilizacao-especifica-51\/aerodromo-ferrovia-airfield-railway-402\/gy9-5-6-6a-30w-exl-6112ll-64322-lampada\/","title":{"rendered":"GY9,5 6.6A 30W EXL 6112LL=64322 L\u00e2mpada"},"content":{"rendered":"<p>Osram 58850 6.6A\/30T3.5\/64322\/EXL\/DL &#8211; Halogen 30W 6.6A GY9.9\/GZ9.5 Base &#8211; Airfield<br \/>  Caracter\u00edsticas do produto<br \/>   Baixos custos de manuten\u00e7\u00e3o devido \u00e0 longa vida \u00fatil da l\u00e2mpada.<br \/>   Sa\u00edda de luz consistente ao longo da vida da l\u00e2mpada<br \/>   A constru\u00e7\u00e3o dur\u00e1vel oferece resist\u00eancia aos efeitos da vibra\u00e7\u00e3o.<br \/>   A radia\u00e7\u00e3o IR fornece orienta\u00e7\u00e3o em condi\u00e7\u00f5es de baixa visibilidade e facilita a descongelamento em climas frios.<br \/>   FAA aprovado em conjunto com muitos acess\u00f3rios OEM.<br \/>   Dimeriz\u00e1vel<br \/>   Opera\u00e7\u00e3o sem cintila\u00e7\u00e3o<br \/>   Capacidade de reduzir a sa\u00edda de luz quando necess\u00e1rio<br \/>   Sem merc\u00fario<br \/>  A\u0301reas de aplica\u00e7\u00e3o<br \/>   Ilumina\u00e7\u00e3o de Pista<br \/>  Instru\u00e7\u00f5es de seguran\u00e7a<br \/>  Para prevenir les\u00f5es pessoais ou danos \u00e0 propriedade, as l\u00e2mpadas hal\u00f3genas devem ser operadas apenas em lumin\u00e1rias adequadas, projetadas com mecanismos apropriados (escudos protetores, grades, etc.) para garantir que, no caso de uma l\u00e2mpada estourar, nenhuma parte\/peda\u00e7os possam escapar e que durante a opera\u00e7\u00e3o nenhuma radia\u00e7\u00e3o ultravioleta possa escapar. Tamb\u00e9m deve haver um aviso indicando que as l\u00e2mpadas emitem altos n\u00edveis de calor. Informa\u00e7\u00f5es detalhadas est\u00e3o dispon\u00edveis mediante solicita\u00e7\u00e3o.<\/p>\n","protected":false},"excerpt":{"rendered":"<p>Osram 58850 6.6A\/30T3.5\/64322\/EXL\/DL &#8211; Halogen 30W 6.6A GY9.9\/GZ9.5 Base &#8211; Airfield Caracter\u00edsticas do produto Baixos custos de manuten\u00e7\u00e3o devido \u00e0 longa vida<\/p>\n","protected":false},"featured_media":0,"comment_status":"open","ping_status":"closed","template":"","meta":{"_acf_changed":false},"pwb-brand":[],"product_brand":[],"product_cat":[486],"product_tag":[],"class_list":{"0":"post-36699","1":"product","2":"type-product","3":"status-publish","5":"product_cat-aerodromo-ferrovia-airfield-railway-402","7":"first","8":"outofstock","9":"shipping-taxable","10":"purchasable","11":"product-type-simple"},"acf":[],"yoast_head":"<!-- This site is optimized with the Yoast SEO plugin v27.0 - https:\/\/yoast.com\/product\/yoast-seo-wordpress\/ -->\n<title>GY9,5 6.6A 30W EXL 6112LL=64322 L\u00e2mpada - Lumen by Interlampadas<\/title>\n<meta name=\"description\" content=\"Osram 58850 6.6A\/30T3.5\/64322\/EXL\/DL - Halogen 30W 6.6A GY9.9\/GZ9.5 Base - Airfield Caracter\u00edsticas do produto Baixos custos de manuten\u00e7\u00e3o devido \u00e0 longa\" \/>\n<meta name=\"robots\" content=\"index, follow, max-snippet:-1, max-image-preview:large, max-video-preview:-1\" \/>\n<link rel=\"canonical\" href=\"https:\/\/www.interlampadas.com\/en\/lampadas\/lampadas-1\/utilizacao-especifica-51\/aerodromo-ferrovia-airfield-railway-402\/gy9-5-6-6a-30w-exl-6112ll-64322-lampada\/\" \/>\n<meta property=\"og:locale\" content=\"en_US\" \/>\n<meta property=\"og:type\" content=\"article\" \/>\n<meta property=\"og:title\" content=\"GY9,5 6.6A 30W EXL 6112LL=64322 L\u00e2mpada - Lumen by Interlampadas\" \/>\n<meta property=\"og:description\" content=\"Osram 58850 6.6A\/30T3.5\/64322\/EXL\/DL - Halogen 30W 6.6A GY9.9\/GZ9.5 Base - Airfield Caracter\u00edsticas do produto Baixos custos de manuten\u00e7\u00e3o devido \u00e0 longa\" \/>\n<meta property=\"og:url\" content=\"https:\/\/www.interlampadas.com\/en\/lampadas\/lampadas-1\/utilizacao-especifica-51\/aerodromo-ferrovia-airfield-railway-402\/gy9-5-6-6a-30w-exl-6112ll-64322-lampada\/\" \/>\n<meta property=\"og:site_name\" content=\"Lumen by Interlampadas\" \/>\n<meta property=\"article:publisher\" content=\"https:\/\/www.facebook.com\/interlampadas\" \/>\n<meta property=\"article:modified_time\" content=\"2026-04-30T01:50:18+00:00\" \/>\n<meta name=\"twitter:card\" content=\"summary_large_image\" \/>\n<meta name=\"twitter:label1\" content=\"Est. reading time\" \/>\n\t<meta name=\"twitter:data1\" content=\"1 minute\" \/>\n<script type=\"application\/ld+json\" class=\"yoast-schema-graph\">{\"@context\":\"https:\/\/schema.org\",\"@graph\":[{\"@type\":\"WebPage\",\"@id\":\"https:\/\/www.interlampadas.com\/en\/lampadas\/lampadas-1\/utilizacao-especifica-51\/aerodromo-ferrovia-airfield-railway-402\/gy9-5-6-6a-30w-exl-6112ll-64322-lampada\/\",\"url\":\"https:\/\/www.interlampadas.com\/en\/lampadas\/lampadas-1\/utilizacao-especifica-51\/aerodromo-ferrovia-airfield-railway-402\/gy9-5-6-6a-30w-exl-6112ll-64322-lampada\/\",\"name\":\"GY9,5 6.6A 30W EXL 6112LL=64322 L\u00e2mpada - Lumen by Interlampadas\",\"isPartOf\":{\"@id\":\"https:\/\/www.interlampadas.com\/#website\"},\"datePublished\":\"2025-07-12T01:46:17+00:00\",\"dateModified\":\"2026-04-30T01:50:18+00:00\",\"description\":\"Osram 58850 6.6A\/30T3.5\/64322\/EXL\/DL - Halogen 30W 6.6A GY9.9\/GZ9.5 Base - Airfield Caracter\u00edsticas do produto Baixos custos de manuten\u00e7\u00e3o devido \u00e0 longa\",\"breadcrumb\":{\"@id\":\"https:\/\/www.interlampadas.com\/en\/lampadas\/lampadas-1\/utilizacao-especifica-51\/aerodromo-ferrovia-airfield-railway-402\/gy9-5-6-6a-30w-exl-6112ll-64322-lampada\/#breadcrumb\"},\"inLanguage\":\"en-US\",\"potentialAction\":[{\"@type\":\"ReadAction\",\"target\":[\"https:\/\/www.interlampadas.com\/en\/lampadas\/lampadas-1\/utilizacao-especifica-51\/aerodromo-ferrovia-airfield-railway-402\/gy9-5-6-6a-30w-exl-6112ll-64322-lampada\/\"]}]},{\"@type\":\"BreadcrumbList\",\"@id\":\"https:\/\/www.interlampadas.com\/en\/lampadas\/lampadas-1\/utilizacao-especifica-51\/aerodromo-ferrovia-airfield-railway-402\/gy9-5-6-6a-30w-exl-6112ll-64322-lampada\/#breadcrumb\",\"itemListElement\":[{\"@type\":\"ListItem\",\"position\":1,\"name\":\"Home\",\"item\":\"https:\/\/www.interlampadas.com\/en\/\"},{\"@type\":\"ListItem\",\"position\":2,\"name\":\"Loja\",\"item\":\"https:\/\/www.interlampadas.com\/loja\/\"},{\"@type\":\"ListItem\",\"position\":3,\"name\":\"GY9,5 6.6A 30W EXL 6112LL=64322 L\u00e2mpada\"}]},{\"@type\":\"WebSite\",\"@id\":\"https:\/\/www.interlampadas.com\/#website\",\"url\":\"https:\/\/www.interlampadas.com\/\",\"name\":\"Lumen by Interlampadas\",\"description\":\"lampadas\",\"alternateName\":\"Interlampadas\",\"potentialAction\":[{\"@type\":\"SearchAction\",\"target\":{\"@type\":\"EntryPoint\",\"urlTemplate\":\"https:\/\/www.interlampadas.com\/?s={search_term_string}\"},\"query-input\":{\"@type\":\"PropertyValueSpecification\",\"valueRequired\":true,\"valueName\":\"search_term_string\"}}],\"inLanguage\":\"en-US\"}]}<\/script>\n<!-- \/ Yoast SEO plugin. -->","yoast_head_json":{"title":"GY9,5 6.6A 30W EXL 6112LL=64322 L\u00e2mpada - Lumen by Interlampadas","description":"Osram 58850 6.6A\/30T3.5\/64322\/EXL\/DL - Halogen 30W 6.6A GY9.9\/GZ9.5 Base - Airfield Caracter\u00edsticas do produto Baixos custos de manuten\u00e7\u00e3o devido \u00e0 longa","robots":{"index":"index","follow":"follow","max-snippet":"max-snippet:-1","max-image-preview":"max-image-preview:large","max-video-preview":"max-video-preview:-1"},"canonical":"https:\/\/www.interlampadas.com\/en\/lampadas\/lampadas-1\/utilizacao-especifica-51\/aerodromo-ferrovia-airfield-railway-402\/gy9-5-6-6a-30w-exl-6112ll-64322-lampada\/","og_locale":"en_US","og_type":"article","og_title":"GY9,5 6.6A 30W EXL 6112LL=64322 L\u00e2mpada - Lumen by Interlampadas","og_description":"Osram 58850 6.6A\/30T3.5\/64322\/EXL\/DL - Halogen 30W 6.6A GY9.9\/GZ9.5 Base - Airfield Caracter\u00edsticas do produto Baixos custos de manuten\u00e7\u00e3o devido \u00e0 longa","og_url":"https:\/\/www.interlampadas.com\/en\/lampadas\/lampadas-1\/utilizacao-especifica-51\/aerodromo-ferrovia-airfield-railway-402\/gy9-5-6-6a-30w-exl-6112ll-64322-lampada\/","og_site_name":"Lumen by Interlampadas","article_publisher":"https:\/\/www.facebook.com\/interlampadas","article_modified_time":"2026-04-30T01:50:18+00:00","twitter_card":"summary_large_image","twitter_misc":{"Est. reading time":"1 minute"},"schema":{"@context":"https:\/\/schema.org","@graph":[{"@type":"WebPage","@id":"https:\/\/www.interlampadas.com\/en\/lampadas\/lampadas-1\/utilizacao-especifica-51\/aerodromo-ferrovia-airfield-railway-402\/gy9-5-6-6a-30w-exl-6112ll-64322-lampada\/","url":"https:\/\/www.interlampadas.com\/en\/lampadas\/lampadas-1\/utilizacao-especifica-51\/aerodromo-ferrovia-airfield-railway-402\/gy9-5-6-6a-30w-exl-6112ll-64322-lampada\/","name":"GY9,5 6.6A 30W EXL 6112LL=64322 L\u00e2mpada - Lumen by Interlampadas","isPartOf":{"@id":"https:\/\/www.interlampadas.com\/#website"},"datePublished":"2025-07-12T01:46:17+00:00","dateModified":"2026-04-30T01:50:18+00:00","description":"Osram 58850 6.6A\/30T3.5\/64322\/EXL\/DL - Halogen 30W 6.6A GY9.9\/GZ9.5 Base - Airfield Caracter\u00edsticas do produto Baixos custos de manuten\u00e7\u00e3o devido \u00e0 longa","breadcrumb":{"@id":"https:\/\/www.interlampadas.com\/en\/lampadas\/lampadas-1\/utilizacao-especifica-51\/aerodromo-ferrovia-airfield-railway-402\/gy9-5-6-6a-30w-exl-6112ll-64322-lampada\/#breadcrumb"},"inLanguage":"en-US","potentialAction":[{"@type":"ReadAction","target":["https:\/\/www.interlampadas.com\/en\/lampadas\/lampadas-1\/utilizacao-especifica-51\/aerodromo-ferrovia-airfield-railway-402\/gy9-5-6-6a-30w-exl-6112ll-64322-lampada\/"]}]},{"@type":"BreadcrumbList","@id":"https:\/\/www.interlampadas.com\/en\/lampadas\/lampadas-1\/utilizacao-especifica-51\/aerodromo-ferrovia-airfield-railway-402\/gy9-5-6-6a-30w-exl-6112ll-64322-lampada\/#breadcrumb","itemListElement":[{"@type":"ListItem","position":1,"name":"Home","item":"https:\/\/www.interlampadas.com\/en\/"},{"@type":"ListItem","position":2,"name":"Loja","item":"https:\/\/www.interlampadas.com\/loja\/"},{"@type":"ListItem","position":3,"name":"GY9,5 6.6A 30W EXL 6112LL=64322 L\u00e2mpada"}]},{"@type":"WebSite","@id":"https:\/\/www.interlampadas.com\/#website","url":"https:\/\/www.interlampadas.com\/","name":"Lumen by Interlampadas","description":"lampadas","alternateName":"Interlampadas","potentialAction":[{"@type":"SearchAction","target":{"@type":"EntryPoint","urlTemplate":"https:\/\/www.interlampadas.com\/?s={search_term_string}"},"query-input":{"@type":"PropertyValueSpecification","valueRequired":true,"valueName":"search_term_string"}}],"inLanguage":"en-US"}]}},"brands":[],"_links":{"self":[{"href":"https:\/\/www.interlampadas.com\/en\/wp-json\/wp\/v2\/product\/36699","targetHints":{"allow":["GET"]}}],"collection":[{"href":"https:\/\/www.interlampadas.com\/en\/wp-json\/wp\/v2\/product"}],"about":[{"href":"https:\/\/www.interlampadas.com\/en\/wp-json\/wp\/v2\/types\/product"}],"replies":[{"embeddable":true,"href":"https:\/\/www.interlampadas.com\/en\/wp-json\/wp\/v2\/comments?post=36699"}],"wp:attachment":[{"href":"https:\/\/www.interlampadas.com\/en\/wp-json\/wp\/v2\/media?parent=36699"}],"wp:term":[{"taxonomy":"pwb-brand","embeddable":true,"href":"https:\/\/www.interlampadas.com\/en\/wp-json\/wp\/v2\/pwb-brand?post=36699"},{"taxonomy":"product_brand","embeddable":true,"href":"https:\/\/www.interlampadas.com\/en\/wp-json\/wp\/v2\/product_brand?post=36699"},{"taxonomy":"product_cat","embeddable":true,"href":"https:\/\/www.interlampadas.com\/en\/wp-json\/wp\/v2\/product_cat?post=36699"},{"taxonomy":"product_tag","embeddable":true,"href":"https:\/\/www.interlampadas.com\/en\/wp-json\/wp\/v2\/product_tag?post=36699"}],"curies":[{"name":"wp","href":"https:\/\/api.w.org\/{rel}","templated":true}]}}