{"id":36623,"date":"2025-06-06T02:46:26","date_gmt":"2025-06-06T01:46:26","guid":{"rendered":"https:\/\/www.interlampadas.com\/lampadas\/sem%20categoria\/aplique-led-espelho-casa-de-banho-5w-4000k-30cm-cromado\/"},"modified":"2025-10-08T02:51:56","modified_gmt":"2025-10-08T01:51:56","slug":"aplique-led-espelho-casa-de-banho-5w-4000k-30cm-cromado","status":"publish","type":"product","link":"https:\/\/www.interlampadas.com\/en\/lampadas\/luminarias-2\/candeeiros-casa-banho-413\/aplique-led-espelho-casa-de-banho-5w-4000k-30cm-cromado\/","title":{"rendered":"Aplique Led Espelho Casa de Banho 5W 4000K 30cm Cromado"},"content":{"rendered":"<p>Aplique Led Espelho Casa de Banho 5W 4000K 30cm Cromado<br \/>  Realce o estilo da sua casa de banho com esta lumin\u00e1ria de para espelho de casas de banho de 30 cm e 5W, dispon\u00edvel em acabamento cromado fosco.<br \/>  Possui prote\u00e7\u00e3o IP44, ideal para ambientes h\u00famidos.<br \/>  O seu estilo moderno combina com qualquer espa\u00e7o e permite uma instala\u00e7\u00e3o flex\u00edvel no espelho ou aparafusada aos m\u00f3veis.<br \/>  Tens\u00e3o Nominal (V): 200 &#8211; 250V AC<br \/>  Pot\u00eancia (W): 5<br \/>  L\u00famens (Lm): 325<br \/>  Kelvin (K) 4000K<br \/>  Vida \u00fatil (h): 25000h<br \/>  IP: IP44<br \/>  Dimens\u00f5es (mm) Lxlxh: 300x41x97mm<br \/>  Tonalidade: Branco Neutro<br \/>  CRI: 80-85<br \/>  Tipo de LED: SMD 2835<br \/>  Dim\u00e1vel: N\u00e3o<br \/>  Orient\u00e1vel: N\u00e3o<br \/>  Material: Pl\u00e1stico<br \/>  Material difusor: Pl\u00e1stico<br \/>  Uso Exterior: N\u00e3o<br \/>  Certificados: CE &#8211; ROHS<br \/>  Garantia: 3 anos<\/p>\n","protected":false},"excerpt":{"rendered":"<p>Aplique Led Espelho Casa de Banho 5W 4000K 30cm Cromado Realce o estilo da sua casa de banho com esta lumin\u00e1ria de para espelho de casas de banho de 30 cm e 5W,<\/p>\n","protected":false},"featured_media":36629,"comment_status":"open","ping_status":"closed","template":"","meta":{"_acf_changed":false},"pwb-brand":[],"product_brand":[],"product_cat":[507],"product_tag":[],"class_list":{"0":"post-36623","1":"product","2":"type-product","3":"status-publish","4":"has-post-thumbnail","6":"product_cat-candeeiros-casa-banho-413","8":"first","9":"instock","10":"shipping-taxable","11":"purchasable","12":"product-type-simple"},"acf":[],"yoast_head":"<!-- This site is optimized with the Yoast SEO plugin v27.0 - https:\/\/yoast.com\/product\/yoast-seo-wordpress\/ -->\n<title>Aplique Led Espelho Casa de Banho 5W 4000K 30cm Cromado - Lumen by Interlampadas<\/title>\n<meta name=\"description\" content=\"Aplique Led Espelho Casa de Banho 5W 4000K 30cm Cromado Realce o estilo da sua casa de banho com esta lumin\u00e1ria de para espelho de casas de banho de 30 cm\" \/>\n<meta name=\"robots\" content=\"index, follow, max-snippet:-1, max-image-preview:large, max-video-preview:-1\" \/>\n<link rel=\"canonical\" href=\"https:\/\/www.interlampadas.com\/en\/lampadas\/luminarias-2\/candeeiros-casa-banho-413\/aplique-led-espelho-casa-de-banho-5w-4000k-30cm-cromado\/\" \/>\n<meta property=\"og:locale\" content=\"en_US\" \/>\n<meta property=\"og:type\" content=\"article\" \/>\n<meta property=\"og:title\" content=\"Aplique Led Espelho Casa de Banho 5W 4000K 30cm Cromado - Lumen by Interlampadas\" \/>\n<meta property=\"og:description\" content=\"Aplique Led Espelho Casa de Banho 5W 4000K 30cm Cromado Realce o estilo da sua casa de banho com esta lumin\u00e1ria de para espelho de casas de banho de 30 cm\" \/>\n<meta property=\"og:url\" content=\"https:\/\/www.interlampadas.com\/en\/lampadas\/luminarias-2\/candeeiros-casa-banho-413\/aplique-led-espelho-casa-de-banho-5w-4000k-30cm-cromado\/\" \/>\n<meta property=\"og:site_name\" content=\"Lumen by Interlampadas\" \/>\n<meta property=\"article:publisher\" content=\"https:\/\/www.facebook.com\/interlampadas\" \/>\n<meta property=\"article:modified_time\" content=\"2025-10-08T01:51:56+00:00\" \/>\n<meta property=\"og:image\" content=\"https:\/\/www.interlampadas.com\/wp-content\/uploads\/2025\/06\/E33ad1e680cf640ac850c3d2464060b66c.jpg_.jpg\" \/>\n\t<meta property=\"og:image:width\" content=\"1500\" \/>\n\t<meta property=\"og:image:height\" content=\"1500\" \/>\n\t<meta property=\"og:image:type\" content=\"image\/jpeg\" \/>\n<meta name=\"twitter:card\" content=\"summary_large_image\" \/>\n<meta name=\"twitter:label1\" content=\"Est. reading time\" \/>\n\t<meta name=\"twitter:data1\" content=\"1 minute\" \/>\n<script type=\"application\/ld+json\" class=\"yoast-schema-graph\">{\"@context\":\"https:\/\/schema.org\",\"@graph\":[{\"@type\":\"WebPage\",\"@id\":\"https:\/\/www.interlampadas.com\/en\/lampadas\/luminarias-2\/candeeiros-casa-banho-413\/aplique-led-espelho-casa-de-banho-5w-4000k-30cm-cromado\/\",\"url\":\"https:\/\/www.interlampadas.com\/en\/lampadas\/luminarias-2\/candeeiros-casa-banho-413\/aplique-led-espelho-casa-de-banho-5w-4000k-30cm-cromado\/\",\"name\":\"Aplique Led Espelho Casa de Banho 5W 4000K 30cm Cromado - Lumen by Interlampadas\",\"isPartOf\":{\"@id\":\"https:\/\/www.interlampadas.com\/#website\"},\"primaryImageOfPage\":{\"@id\":\"https:\/\/www.interlampadas.com\/en\/lampadas\/luminarias-2\/candeeiros-casa-banho-413\/aplique-led-espelho-casa-de-banho-5w-4000k-30cm-cromado\/#primaryimage\"},\"image\":{\"@id\":\"https:\/\/www.interlampadas.com\/en\/lampadas\/luminarias-2\/candeeiros-casa-banho-413\/aplique-led-espelho-casa-de-banho-5w-4000k-30cm-cromado\/#primaryimage\"},\"thumbnailUrl\":\"https:\/\/www.interlampadas.com\/wp-content\/uploads\/2025\/06\/E33ad1e680cf640ac850c3d2464060b66c.jpg_.jpg\",\"datePublished\":\"2025-06-06T01:46:26+00:00\",\"dateModified\":\"2025-10-08T01:51:56+00:00\",\"description\":\"Aplique Led Espelho Casa de Banho 5W 4000K 30cm Cromado Realce o estilo da sua casa de banho com esta lumin\u00e1ria de para espelho de casas de banho de 30 cm\",\"breadcrumb\":{\"@id\":\"https:\/\/www.interlampadas.com\/en\/lampadas\/luminarias-2\/candeeiros-casa-banho-413\/aplique-led-espelho-casa-de-banho-5w-4000k-30cm-cromado\/#breadcrumb\"},\"inLanguage\":\"en-US\",\"potentialAction\":[{\"@type\":\"ReadAction\",\"target\":[\"https:\/\/www.interlampadas.com\/en\/lampadas\/luminarias-2\/candeeiros-casa-banho-413\/aplique-led-espelho-casa-de-banho-5w-4000k-30cm-cromado\/\"]}]},{\"@type\":\"ImageObject\",\"inLanguage\":\"en-US\",\"@id\":\"https:\/\/www.interlampadas.com\/en\/lampadas\/luminarias-2\/candeeiros-casa-banho-413\/aplique-led-espelho-casa-de-banho-5w-4000k-30cm-cromado\/#primaryimage\",\"url\":\"https:\/\/www.interlampadas.com\/wp-content\/uploads\/2025\/06\/E33ad1e680cf640ac850c3d2464060b66c.jpg_.jpg\",\"contentUrl\":\"https:\/\/www.interlampadas.com\/wp-content\/uploads\/2025\/06\/E33ad1e680cf640ac850c3d2464060b66c.jpg_.jpg\",\"width\":1500,\"height\":1500},{\"@type\":\"BreadcrumbList\",\"@id\":\"https:\/\/www.interlampadas.com\/en\/lampadas\/luminarias-2\/candeeiros-casa-banho-413\/aplique-led-espelho-casa-de-banho-5w-4000k-30cm-cromado\/#breadcrumb\",\"itemListElement\":[{\"@type\":\"ListItem\",\"position\":1,\"name\":\"Home\",\"item\":\"https:\/\/www.interlampadas.com\/en\/\"},{\"@type\":\"ListItem\",\"position\":2,\"name\":\"Loja\",\"item\":\"https:\/\/www.interlampadas.com\/loja\/\"},{\"@type\":\"ListItem\",\"position\":3,\"name\":\"Aplique Led Espelho Casa de Banho 5W 4000K 30cm Cromado\"}]},{\"@type\":\"WebSite\",\"@id\":\"https:\/\/www.interlampadas.com\/#website\",\"url\":\"https:\/\/www.interlampadas.com\/\",\"name\":\"Lumen by Interlampadas\",\"description\":\"lampadas\",\"alternateName\":\"Interlampadas\",\"potentialAction\":[{\"@type\":\"SearchAction\",\"target\":{\"@type\":\"EntryPoint\",\"urlTemplate\":\"https:\/\/www.interlampadas.com\/?s={search_term_string}\"},\"query-input\":{\"@type\":\"PropertyValueSpecification\",\"valueRequired\":true,\"valueName\":\"search_term_string\"}}],\"inLanguage\":\"en-US\"}]}<\/script>\n<!-- \/ Yoast SEO plugin. -->","yoast_head_json":{"title":"Aplique Led Espelho Casa de Banho 5W 4000K 30cm Cromado - Lumen by Interlampadas","description":"Aplique Led Espelho Casa de Banho 5W 4000K 30cm Cromado Realce o estilo da sua casa de banho com esta lumin\u00e1ria de para espelho de casas de banho de 30 cm","robots":{"index":"index","follow":"follow","max-snippet":"max-snippet:-1","max-image-preview":"max-image-preview:large","max-video-preview":"max-video-preview:-1"},"canonical":"https:\/\/www.interlampadas.com\/en\/lampadas\/luminarias-2\/candeeiros-casa-banho-413\/aplique-led-espelho-casa-de-banho-5w-4000k-30cm-cromado\/","og_locale":"en_US","og_type":"article","og_title":"Aplique Led Espelho Casa de Banho 5W 4000K 30cm Cromado - Lumen by Interlampadas","og_description":"Aplique Led Espelho Casa de Banho 5W 4000K 30cm Cromado Realce o estilo da sua casa de banho com esta lumin\u00e1ria de para espelho de casas de banho de 30 cm","og_url":"https:\/\/www.interlampadas.com\/en\/lampadas\/luminarias-2\/candeeiros-casa-banho-413\/aplique-led-espelho-casa-de-banho-5w-4000k-30cm-cromado\/","og_site_name":"Lumen by Interlampadas","article_publisher":"https:\/\/www.facebook.com\/interlampadas","article_modified_time":"2025-10-08T01:51:56+00:00","og_image":[{"width":1500,"height":1500,"url":"https:\/\/www.interlampadas.com\/wp-content\/uploads\/2025\/06\/E33ad1e680cf640ac850c3d2464060b66c.jpg_.jpg","type":"image\/jpeg"}],"twitter_card":"summary_large_image","twitter_misc":{"Est. reading time":"1 minute"},"schema":{"@context":"https:\/\/schema.org","@graph":[{"@type":"WebPage","@id":"https:\/\/www.interlampadas.com\/en\/lampadas\/luminarias-2\/candeeiros-casa-banho-413\/aplique-led-espelho-casa-de-banho-5w-4000k-30cm-cromado\/","url":"https:\/\/www.interlampadas.com\/en\/lampadas\/luminarias-2\/candeeiros-casa-banho-413\/aplique-led-espelho-casa-de-banho-5w-4000k-30cm-cromado\/","name":"Aplique Led Espelho Casa de Banho 5W 4000K 30cm Cromado - Lumen by Interlampadas","isPartOf":{"@id":"https:\/\/www.interlampadas.com\/#website"},"primaryImageOfPage":{"@id":"https:\/\/www.interlampadas.com\/en\/lampadas\/luminarias-2\/candeeiros-casa-banho-413\/aplique-led-espelho-casa-de-banho-5w-4000k-30cm-cromado\/#primaryimage"},"image":{"@id":"https:\/\/www.interlampadas.com\/en\/lampadas\/luminarias-2\/candeeiros-casa-banho-413\/aplique-led-espelho-casa-de-banho-5w-4000k-30cm-cromado\/#primaryimage"},"thumbnailUrl":"https:\/\/www.interlampadas.com\/wp-content\/uploads\/2025\/06\/E33ad1e680cf640ac850c3d2464060b66c.jpg_.jpg","datePublished":"2025-06-06T01:46:26+00:00","dateModified":"2025-10-08T01:51:56+00:00","description":"Aplique Led Espelho Casa de Banho 5W 4000K 30cm Cromado Realce o estilo da sua casa de banho com esta lumin\u00e1ria de para espelho de casas de banho de 30 cm","breadcrumb":{"@id":"https:\/\/www.interlampadas.com\/en\/lampadas\/luminarias-2\/candeeiros-casa-banho-413\/aplique-led-espelho-casa-de-banho-5w-4000k-30cm-cromado\/#breadcrumb"},"inLanguage":"en-US","potentialAction":[{"@type":"ReadAction","target":["https:\/\/www.interlampadas.com\/en\/lampadas\/luminarias-2\/candeeiros-casa-banho-413\/aplique-led-espelho-casa-de-banho-5w-4000k-30cm-cromado\/"]}]},{"@type":"ImageObject","inLanguage":"en-US","@id":"https:\/\/www.interlampadas.com\/en\/lampadas\/luminarias-2\/candeeiros-casa-banho-413\/aplique-led-espelho-casa-de-banho-5w-4000k-30cm-cromado\/#primaryimage","url":"https:\/\/www.interlampadas.com\/wp-content\/uploads\/2025\/06\/E33ad1e680cf640ac850c3d2464060b66c.jpg_.jpg","contentUrl":"https:\/\/www.interlampadas.com\/wp-content\/uploads\/2025\/06\/E33ad1e680cf640ac850c3d2464060b66c.jpg_.jpg","width":1500,"height":1500},{"@type":"BreadcrumbList","@id":"https:\/\/www.interlampadas.com\/en\/lampadas\/luminarias-2\/candeeiros-casa-banho-413\/aplique-led-espelho-casa-de-banho-5w-4000k-30cm-cromado\/#breadcrumb","itemListElement":[{"@type":"ListItem","position":1,"name":"Home","item":"https:\/\/www.interlampadas.com\/en\/"},{"@type":"ListItem","position":2,"name":"Loja","item":"https:\/\/www.interlampadas.com\/loja\/"},{"@type":"ListItem","position":3,"name":"Aplique Led Espelho Casa de Banho 5W 4000K 30cm Cromado"}]},{"@type":"WebSite","@id":"https:\/\/www.interlampadas.com\/#website","url":"https:\/\/www.interlampadas.com\/","name":"Lumen by Interlampadas","description":"lampadas","alternateName":"Interlampadas","potentialAction":[{"@type":"SearchAction","target":{"@type":"EntryPoint","urlTemplate":"https:\/\/www.interlampadas.com\/?s={search_term_string}"},"query-input":{"@type":"PropertyValueSpecification","valueRequired":true,"valueName":"search_term_string"}}],"inLanguage":"en-US"}]}},"brands":[],"_links":{"self":[{"href":"https:\/\/www.interlampadas.com\/en\/wp-json\/wp\/v2\/product\/36623","targetHints":{"allow":["GET"]}}],"collection":[{"href":"https:\/\/www.interlampadas.com\/en\/wp-json\/wp\/v2\/product"}],"about":[{"href":"https:\/\/www.interlampadas.com\/en\/wp-json\/wp\/v2\/types\/product"}],"replies":[{"embeddable":true,"href":"https:\/\/www.interlampadas.com\/en\/wp-json\/wp\/v2\/comments?post=36623"}],"wp:featuredmedia":[{"embeddable":true,"href":"https:\/\/www.interlampadas.com\/en\/wp-json\/wp\/v2\/media\/36629"}],"wp:attachment":[{"href":"https:\/\/www.interlampadas.com\/en\/wp-json\/wp\/v2\/media?parent=36623"}],"wp:term":[{"taxonomy":"pwb-brand","embeddable":true,"href":"https:\/\/www.interlampadas.com\/en\/wp-json\/wp\/v2\/pwb-brand?post=36623"},{"taxonomy":"product_brand","embeddable":true,"href":"https:\/\/www.interlampadas.com\/en\/wp-json\/wp\/v2\/product_brand?post=36623"},{"taxonomy":"product_cat","embeddable":true,"href":"https:\/\/www.interlampadas.com\/en\/wp-json\/wp\/v2\/product_cat?post=36623"},{"taxonomy":"product_tag","embeddable":true,"href":"https:\/\/www.interlampadas.com\/en\/wp-json\/wp\/v2\/product_tag?post=36623"}],"curies":[{"name":"wp","href":"https:\/\/api.w.org\/{rel}","templated":true}]}}