{"id":36618,"date":"2025-06-05T02:46:15","date_gmt":"2025-06-05T01:46:15","guid":{"rendered":"https:\/\/www.interlampadas.com\/lampadas\/sem%20categoria\/plafon-led-24w-4000k-redondo-branco-400mm-2500lm\/"},"modified":"2026-01-09T02:52:56","modified_gmt":"2026-01-09T02:52:56","slug":"plafon-led-24w-4000k-redondo-branco-400x50mm-1200lm","status":"publish","type":"product","link":"https:\/\/www.interlampadas.com\/en\/lampadas\/luminarias-2\/paineis-led-de-superficie-42\/redondos-46\/plafon-led-24w-4000k-redondo-branco-400x50mm-1200lm\/","title":{"rendered":"Plafon LED 24W 4000K Redondo Branco 400x50mm 1200lm"},"content":{"rendered":"<p>Plafon LED 24W 4000K Redondo Branco 400mm 1200lm<br \/>  Fluxo luminoso:1200lm<br \/>  Tens\u00e1o:220-240V~<br \/>  MEAS:D400*H50 mm<br \/>  Descri\u00e7\u00e3o dos pontos de venda:Chip de alta efici\u00eancia com lente para PC, luz uniforme sem manchas<\/p>\n","protected":false},"excerpt":{"rendered":"<p>Plafon LED 24W 4000K Redondo Branco 400mm 1200lm Fluxo luminoso:1200lm Tens\u00e1o:220-240V~ MEAS:D400*H50 mm Descri\u00e7\u00e3o dos pontos de venda:Chip de alta efici\u00eancia com<\/p>\n","protected":false},"featured_media":36633,"comment_status":"open","ping_status":"closed","template":"","meta":{"_acf_changed":false},"pwb-brand":[],"product_brand":[],"product_cat":[129],"product_tag":[],"class_list":{"0":"post-36618","1":"product","2":"type-product","3":"status-publish","4":"has-post-thumbnail","6":"product_cat-redondos-46","8":"first","9":"instock","10":"sale","11":"shipping-taxable","12":"purchasable","13":"product-type-simple"},"acf":[],"yoast_head":"<!-- This site is optimized with the Yoast SEO plugin v27.0 - https:\/\/yoast.com\/product\/yoast-seo-wordpress\/ -->\n<title>Plafon LED 24W 4000K Redondo Branco 400x50mm 1200lm - Lumen by Interlampadas<\/title>\n<meta name=\"description\" content=\"Plafon LED 24W 4000K Redondo Branco 400mm 1200lm Fluxo luminoso:1200lm Tens\u00e1o:220-240V~ MEAS:D400*H50 mm Descri\u00e7\u00e3o dos pontos de venda:Chip de alta\" \/>\n<meta name=\"robots\" content=\"index, follow, max-snippet:-1, max-image-preview:large, max-video-preview:-1\" \/>\n<link rel=\"canonical\" href=\"https:\/\/www.interlampadas.com\/en\/lampadas\/luminarias-2\/paineis-led-de-superficie-42\/redondos-46\/plafon-led-24w-4000k-redondo-branco-400x50mm-1200lm\/\" \/>\n<meta property=\"og:locale\" content=\"en_US\" \/>\n<meta property=\"og:type\" content=\"article\" \/>\n<meta property=\"og:title\" content=\"Plafon LED 24W 4000K Redondo Branco 400x50mm 1200lm - Lumen by Interlampadas\" \/>\n<meta property=\"og:description\" content=\"Plafon LED 24W 4000K Redondo Branco 400mm 1200lm Fluxo luminoso:1200lm Tens\u00e1o:220-240V~ MEAS:D400*H50 mm Descri\u00e7\u00e3o dos pontos de venda:Chip de alta\" \/>\n<meta property=\"og:url\" content=\"https:\/\/www.interlampadas.com\/en\/lampadas\/luminarias-2\/paineis-led-de-superficie-42\/redondos-46\/plafon-led-24w-4000k-redondo-branco-400x50mm-1200lm\/\" \/>\n<meta property=\"og:site_name\" content=\"Lumen by Interlampadas\" \/>\n<meta property=\"article:publisher\" content=\"https:\/\/www.facebook.com\/interlampadas\" \/>\n<meta property=\"article:modified_time\" content=\"2026-01-09T02:52:56+00:00\" \/>\n<meta property=\"og:image\" content=\"https:\/\/www.interlampadas.com\/wp-content\/uploads\/2025\/06\/16673.jpg\" \/>\n\t<meta property=\"og:image:width\" content=\"800\" \/>\n\t<meta property=\"og:image:height\" content=\"800\" \/>\n\t<meta property=\"og:image:type\" content=\"image\/jpeg\" \/>\n<meta name=\"twitter:card\" content=\"summary_large_image\" \/>\n<script type=\"application\/ld+json\" class=\"yoast-schema-graph\">{\"@context\":\"https:\/\/schema.org\",\"@graph\":[{\"@type\":\"WebPage\",\"@id\":\"https:\/\/www.interlampadas.com\/en\/lampadas\/luminarias-2\/paineis-led-de-superficie-42\/redondos-46\/plafon-led-24w-4000k-redondo-branco-400x50mm-1200lm\/\",\"url\":\"https:\/\/www.interlampadas.com\/en\/lampadas\/luminarias-2\/paineis-led-de-superficie-42\/redondos-46\/plafon-led-24w-4000k-redondo-branco-400x50mm-1200lm\/\",\"name\":\"Plafon LED 24W 4000K Redondo Branco 400x50mm 1200lm - Lumen by Interlampadas\",\"isPartOf\":{\"@id\":\"https:\/\/www.interlampadas.com\/#website\"},\"primaryImageOfPage\":{\"@id\":\"https:\/\/www.interlampadas.com\/en\/lampadas\/luminarias-2\/paineis-led-de-superficie-42\/redondos-46\/plafon-led-24w-4000k-redondo-branco-400x50mm-1200lm\/#primaryimage\"},\"image\":{\"@id\":\"https:\/\/www.interlampadas.com\/en\/lampadas\/luminarias-2\/paineis-led-de-superficie-42\/redondos-46\/plafon-led-24w-4000k-redondo-branco-400x50mm-1200lm\/#primaryimage\"},\"thumbnailUrl\":\"https:\/\/www.interlampadas.com\/wp-content\/uploads\/2025\/06\/16673.jpg\",\"datePublished\":\"2025-06-05T01:46:15+00:00\",\"dateModified\":\"2026-01-09T02:52:56+00:00\",\"description\":\"Plafon LED 24W 4000K Redondo Branco 400mm 1200lm Fluxo luminoso:1200lm Tens\u00e1o:220-240V~ MEAS:D400*H50 mm Descri\u00e7\u00e3o dos pontos de venda:Chip de alta\",\"breadcrumb\":{\"@id\":\"https:\/\/www.interlampadas.com\/en\/lampadas\/luminarias-2\/paineis-led-de-superficie-42\/redondos-46\/plafon-led-24w-4000k-redondo-branco-400x50mm-1200lm\/#breadcrumb\"},\"inLanguage\":\"en-US\",\"potentialAction\":[{\"@type\":\"ReadAction\",\"target\":[\"https:\/\/www.interlampadas.com\/en\/lampadas\/luminarias-2\/paineis-led-de-superficie-42\/redondos-46\/plafon-led-24w-4000k-redondo-branco-400x50mm-1200lm\/\"]}]},{\"@type\":\"ImageObject\",\"inLanguage\":\"en-US\",\"@id\":\"https:\/\/www.interlampadas.com\/en\/lampadas\/luminarias-2\/paineis-led-de-superficie-42\/redondos-46\/plafon-led-24w-4000k-redondo-branco-400x50mm-1200lm\/#primaryimage\",\"url\":\"https:\/\/www.interlampadas.com\/wp-content\/uploads\/2025\/06\/16673.jpg\",\"contentUrl\":\"https:\/\/www.interlampadas.com\/wp-content\/uploads\/2025\/06\/16673.jpg\",\"width\":800,\"height\":800},{\"@type\":\"BreadcrumbList\",\"@id\":\"https:\/\/www.interlampadas.com\/en\/lampadas\/luminarias-2\/paineis-led-de-superficie-42\/redondos-46\/plafon-led-24w-4000k-redondo-branco-400x50mm-1200lm\/#breadcrumb\",\"itemListElement\":[{\"@type\":\"ListItem\",\"position\":1,\"name\":\"Home\",\"item\":\"https:\/\/www.interlampadas.com\/en\/\"},{\"@type\":\"ListItem\",\"position\":2,\"name\":\"Loja\",\"item\":\"https:\/\/www.interlampadas.com\/loja\/\"},{\"@type\":\"ListItem\",\"position\":3,\"name\":\"Plafon LED 24W 4000K Redondo Branco 400x50mm 1200lm\"}]},{\"@type\":\"WebSite\",\"@id\":\"https:\/\/www.interlampadas.com\/#website\",\"url\":\"https:\/\/www.interlampadas.com\/\",\"name\":\"Lumen by Interlampadas\",\"description\":\"lampadas\",\"alternateName\":\"Interlampadas\",\"potentialAction\":[{\"@type\":\"SearchAction\",\"target\":{\"@type\":\"EntryPoint\",\"urlTemplate\":\"https:\/\/www.interlampadas.com\/?s={search_term_string}\"},\"query-input\":{\"@type\":\"PropertyValueSpecification\",\"valueRequired\":true,\"valueName\":\"search_term_string\"}}],\"inLanguage\":\"en-US\"}]}<\/script>\n<!-- \/ Yoast SEO plugin. -->","yoast_head_json":{"title":"Plafon LED 24W 4000K Redondo Branco 400x50mm 1200lm - Lumen by Interlampadas","description":"Plafon LED 24W 4000K Redondo Branco 400mm 1200lm Fluxo luminoso:1200lm Tens\u00e1o:220-240V~ MEAS:D400*H50 mm Descri\u00e7\u00e3o dos pontos de venda:Chip de alta","robots":{"index":"index","follow":"follow","max-snippet":"max-snippet:-1","max-image-preview":"max-image-preview:large","max-video-preview":"max-video-preview:-1"},"canonical":"https:\/\/www.interlampadas.com\/en\/lampadas\/luminarias-2\/paineis-led-de-superficie-42\/redondos-46\/plafon-led-24w-4000k-redondo-branco-400x50mm-1200lm\/","og_locale":"en_US","og_type":"article","og_title":"Plafon LED 24W 4000K Redondo Branco 400x50mm 1200lm - Lumen by Interlampadas","og_description":"Plafon LED 24W 4000K Redondo Branco 400mm 1200lm Fluxo luminoso:1200lm Tens\u00e1o:220-240V~ MEAS:D400*H50 mm Descri\u00e7\u00e3o dos pontos de venda:Chip de alta","og_url":"https:\/\/www.interlampadas.com\/en\/lampadas\/luminarias-2\/paineis-led-de-superficie-42\/redondos-46\/plafon-led-24w-4000k-redondo-branco-400x50mm-1200lm\/","og_site_name":"Lumen by Interlampadas","article_publisher":"https:\/\/www.facebook.com\/interlampadas","article_modified_time":"2026-01-09T02:52:56+00:00","og_image":[{"width":800,"height":800,"url":"https:\/\/www.interlampadas.com\/wp-content\/uploads\/2025\/06\/16673.jpg","type":"image\/jpeg"}],"twitter_card":"summary_large_image","schema":{"@context":"https:\/\/schema.org","@graph":[{"@type":"WebPage","@id":"https:\/\/www.interlampadas.com\/en\/lampadas\/luminarias-2\/paineis-led-de-superficie-42\/redondos-46\/plafon-led-24w-4000k-redondo-branco-400x50mm-1200lm\/","url":"https:\/\/www.interlampadas.com\/en\/lampadas\/luminarias-2\/paineis-led-de-superficie-42\/redondos-46\/plafon-led-24w-4000k-redondo-branco-400x50mm-1200lm\/","name":"Plafon LED 24W 4000K Redondo Branco 400x50mm 1200lm - Lumen by Interlampadas","isPartOf":{"@id":"https:\/\/www.interlampadas.com\/#website"},"primaryImageOfPage":{"@id":"https:\/\/www.interlampadas.com\/en\/lampadas\/luminarias-2\/paineis-led-de-superficie-42\/redondos-46\/plafon-led-24w-4000k-redondo-branco-400x50mm-1200lm\/#primaryimage"},"image":{"@id":"https:\/\/www.interlampadas.com\/en\/lampadas\/luminarias-2\/paineis-led-de-superficie-42\/redondos-46\/plafon-led-24w-4000k-redondo-branco-400x50mm-1200lm\/#primaryimage"},"thumbnailUrl":"https:\/\/www.interlampadas.com\/wp-content\/uploads\/2025\/06\/16673.jpg","datePublished":"2025-06-05T01:46:15+00:00","dateModified":"2026-01-09T02:52:56+00:00","description":"Plafon LED 24W 4000K Redondo Branco 400mm 1200lm Fluxo luminoso:1200lm Tens\u00e1o:220-240V~ MEAS:D400*H50 mm Descri\u00e7\u00e3o dos pontos de venda:Chip de alta","breadcrumb":{"@id":"https:\/\/www.interlampadas.com\/en\/lampadas\/luminarias-2\/paineis-led-de-superficie-42\/redondos-46\/plafon-led-24w-4000k-redondo-branco-400x50mm-1200lm\/#breadcrumb"},"inLanguage":"en-US","potentialAction":[{"@type":"ReadAction","target":["https:\/\/www.interlampadas.com\/en\/lampadas\/luminarias-2\/paineis-led-de-superficie-42\/redondos-46\/plafon-led-24w-4000k-redondo-branco-400x50mm-1200lm\/"]}]},{"@type":"ImageObject","inLanguage":"en-US","@id":"https:\/\/www.interlampadas.com\/en\/lampadas\/luminarias-2\/paineis-led-de-superficie-42\/redondos-46\/plafon-led-24w-4000k-redondo-branco-400x50mm-1200lm\/#primaryimage","url":"https:\/\/www.interlampadas.com\/wp-content\/uploads\/2025\/06\/16673.jpg","contentUrl":"https:\/\/www.interlampadas.com\/wp-content\/uploads\/2025\/06\/16673.jpg","width":800,"height":800},{"@type":"BreadcrumbList","@id":"https:\/\/www.interlampadas.com\/en\/lampadas\/luminarias-2\/paineis-led-de-superficie-42\/redondos-46\/plafon-led-24w-4000k-redondo-branco-400x50mm-1200lm\/#breadcrumb","itemListElement":[{"@type":"ListItem","position":1,"name":"Home","item":"https:\/\/www.interlampadas.com\/en\/"},{"@type":"ListItem","position":2,"name":"Loja","item":"https:\/\/www.interlampadas.com\/loja\/"},{"@type":"ListItem","position":3,"name":"Plafon LED 24W 4000K Redondo Branco 400x50mm 1200lm"}]},{"@type":"WebSite","@id":"https:\/\/www.interlampadas.com\/#website","url":"https:\/\/www.interlampadas.com\/","name":"Lumen by Interlampadas","description":"lampadas","alternateName":"Interlampadas","potentialAction":[{"@type":"SearchAction","target":{"@type":"EntryPoint","urlTemplate":"https:\/\/www.interlampadas.com\/?s={search_term_string}"},"query-input":{"@type":"PropertyValueSpecification","valueRequired":true,"valueName":"search_term_string"}}],"inLanguage":"en-US"}]}},"brands":[],"_links":{"self":[{"href":"https:\/\/www.interlampadas.com\/en\/wp-json\/wp\/v2\/product\/36618","targetHints":{"allow":["GET"]}}],"collection":[{"href":"https:\/\/www.interlampadas.com\/en\/wp-json\/wp\/v2\/product"}],"about":[{"href":"https:\/\/www.interlampadas.com\/en\/wp-json\/wp\/v2\/types\/product"}],"replies":[{"embeddable":true,"href":"https:\/\/www.interlampadas.com\/en\/wp-json\/wp\/v2\/comments?post=36618"}],"wp:featuredmedia":[{"embeddable":true,"href":"https:\/\/www.interlampadas.com\/en\/wp-json\/wp\/v2\/media\/36633"}],"wp:attachment":[{"href":"https:\/\/www.interlampadas.com\/en\/wp-json\/wp\/v2\/media?parent=36618"}],"wp:term":[{"taxonomy":"pwb-brand","embeddable":true,"href":"https:\/\/www.interlampadas.com\/en\/wp-json\/wp\/v2\/pwb-brand?post=36618"},{"taxonomy":"product_brand","embeddable":true,"href":"https:\/\/www.interlampadas.com\/en\/wp-json\/wp\/v2\/product_brand?post=36618"},{"taxonomy":"product_cat","embeddable":true,"href":"https:\/\/www.interlampadas.com\/en\/wp-json\/wp\/v2\/product_cat?post=36618"},{"taxonomy":"product_tag","embeddable":true,"href":"https:\/\/www.interlampadas.com\/en\/wp-json\/wp\/v2\/product_tag?post=36618"}],"curies":[{"name":"wp","href":"https:\/\/api.w.org\/{rel}","templated":true}]}}