{"id":36569,"date":"2025-04-23T02:46:09","date_gmt":"2025-04-23T01:46:09","guid":{"rendered":"https:\/\/www.interlampadas.com\/lampadas\/uncategorized\/12v-20w-cabos-de-ligacao-com-conectores-de-anel-ring2p-lampada-prt391\/"},"modified":"2025-08-08T02:53:30","modified_gmt":"2025-08-08T01:53:30","slug":"12v-20w-cabos-de-ligacao-com-conectores-de-anel-ring2p-lampada-prt391","status":"publish","type":"product","link":"https:\/\/www.interlampadas.com\/en\/lampadas\/lampadas-1\/utilizacao-especifica-51\/medicina-56\/outros-instrumentos-e-dispositivos-369\/12v-20w-cabos-de-ligacao-com-conectores-de-anel-ring2p-lampada-prt391\/","title":{"rendered":"12v 20w Cabos de liga\u00e7\u00e3o com conectores de anel RING2P L\u00e2mpada PRT391"},"content":{"rendered":"<p>Hitachi 705-0840 12V 20W Wire Leads with Ring Connectors Replacement Lamp<br \/>  Wattage: 20W, 20 Watt, 20 Watts<br \/>  Voltage: 12V, 12 Volt, 12 Volts<br \/>  Glass: T-8mm Tubular Clear<br \/>  Base: P15 Special Flange with Wire Leads and Ring Terminals Connectors<br \/>  Average Life: 2000 Hours<br \/>  Filament: C-6<br \/>  Lumens: 350<br \/>  Gas: Krypton<br \/>  Alternate Part Numbers: Hitachi 705-0840 Carley CL2094, 7050840, CL70550, 12V20W, Higuchi Hikari M-01132 M01132, N\/N705-0840, Halogen Lamp Assembly, YBRS-A-010802, Hitachi HI700, Boehringer 641600, 10641600001, KLS<br \/>  Typical Application: Medical, Chemistry Analyzer, Biochemical<\/p>\n","protected":false},"excerpt":{"rendered":"<p>Hitachi 705-0840 12V 20W Wire Leads with Ring Connectors Replacement Lamp Wattage: 20W, 20 Watt, 20 Watts Voltage: 12V, 12 Volt, 12 Volts Glass: T-8mm Tubular<\/p>\n","protected":false},"featured_media":36648,"comment_status":"open","ping_status":"closed","template":"","meta":{"_acf_changed":false},"pwb-brand":[],"product_brand":[],"product_cat":[163],"product_tag":[],"class_list":{"0":"post-36569","1":"product","2":"type-product","3":"status-publish","4":"has-post-thumbnail","6":"product_cat-outros-instrumentos-e-dispositivos-369","8":"first","9":"instock","10":"shipping-taxable","11":"purchasable","12":"product-type-simple"},"acf":[],"yoast_head":"<!-- This site is optimized with the Yoast SEO plugin v27.0 - https:\/\/yoast.com\/product\/yoast-seo-wordpress\/ -->\n<title>12v 20w Cabos de liga\u00e7\u00e3o com conectores de anel RING2P L\u00e2mpada PRT391 - Lumen by Interlampadas<\/title>\n<meta name=\"description\" content=\"Hitachi 705-0840 12V 20W Wire Leads with Ring Connectors Replacement Lamp Wattage: 20W, 20 Watt, 20 Watts Voltage: 12V, 12 Volt, 12 Volts Glass: T-8mm\" \/>\n<meta name=\"robots\" content=\"index, follow, max-snippet:-1, max-image-preview:large, max-video-preview:-1\" \/>\n<link rel=\"canonical\" href=\"https:\/\/www.interlampadas.com\/en\/lampadas\/lampadas-1\/utilizacao-especifica-51\/medicina-56\/outros-instrumentos-e-dispositivos-369\/12v-20w-cabos-de-ligacao-com-conectores-de-anel-ring2p-lampada-prt391\/\" \/>\n<meta property=\"og:locale\" content=\"en_US\" \/>\n<meta property=\"og:type\" content=\"article\" \/>\n<meta property=\"og:title\" content=\"12v 20w Cabos de liga\u00e7\u00e3o com conectores de anel RING2P L\u00e2mpada PRT391 - Lumen by Interlampadas\" \/>\n<meta property=\"og:description\" content=\"Hitachi 705-0840 12V 20W Wire Leads with Ring Connectors Replacement Lamp Wattage: 20W, 20 Watt, 20 Watts Voltage: 12V, 12 Volt, 12 Volts Glass: T-8mm\" \/>\n<meta property=\"og:url\" content=\"https:\/\/www.interlampadas.com\/en\/lampadas\/lampadas-1\/utilizacao-especifica-51\/medicina-56\/outros-instrumentos-e-dispositivos-369\/12v-20w-cabos-de-ligacao-com-conectores-de-anel-ring2p-lampada-prt391\/\" \/>\n<meta property=\"og:site_name\" content=\"Lumen by Interlampadas\" \/>\n<meta property=\"article:publisher\" content=\"https:\/\/www.facebook.com\/interlampadas\" \/>\n<meta property=\"article:modified_time\" content=\"2025-08-08T01:53:30+00:00\" \/>\n<meta property=\"og:image\" content=\"https:\/\/www.interlampadas.com\/wp-content\/uploads\/2025\/04\/10180.jpg\" \/>\n\t<meta property=\"og:image:width\" content=\"800\" \/>\n\t<meta property=\"og:image:height\" content=\"800\" \/>\n\t<meta property=\"og:image:type\" content=\"image\/jpeg\" \/>\n<meta name=\"twitter:card\" content=\"summary_large_image\" \/>\n<script type=\"application\/ld+json\" class=\"yoast-schema-graph\">{\"@context\":\"https:\/\/schema.org\",\"@graph\":[{\"@type\":\"WebPage\",\"@id\":\"https:\/\/www.interlampadas.com\/en\/lampadas\/lampadas-1\/utilizacao-especifica-51\/medicina-56\/outros-instrumentos-e-dispositivos-369\/12v-20w-cabos-de-ligacao-com-conectores-de-anel-ring2p-lampada-prt391\/\",\"url\":\"https:\/\/www.interlampadas.com\/en\/lampadas\/lampadas-1\/utilizacao-especifica-51\/medicina-56\/outros-instrumentos-e-dispositivos-369\/12v-20w-cabos-de-ligacao-com-conectores-de-anel-ring2p-lampada-prt391\/\",\"name\":\"12v 20w Cabos de liga\u00e7\u00e3o com conectores de anel RING2P L\u00e2mpada PRT391 - Lumen by Interlampadas\",\"isPartOf\":{\"@id\":\"https:\/\/www.interlampadas.com\/#website\"},\"primaryImageOfPage\":{\"@id\":\"https:\/\/www.interlampadas.com\/en\/lampadas\/lampadas-1\/utilizacao-especifica-51\/medicina-56\/outros-instrumentos-e-dispositivos-369\/12v-20w-cabos-de-ligacao-com-conectores-de-anel-ring2p-lampada-prt391\/#primaryimage\"},\"image\":{\"@id\":\"https:\/\/www.interlampadas.com\/en\/lampadas\/lampadas-1\/utilizacao-especifica-51\/medicina-56\/outros-instrumentos-e-dispositivos-369\/12v-20w-cabos-de-ligacao-com-conectores-de-anel-ring2p-lampada-prt391\/#primaryimage\"},\"thumbnailUrl\":\"https:\/\/www.interlampadas.com\/wp-content\/uploads\/2025\/04\/10180.jpg\",\"datePublished\":\"2025-04-23T01:46:09+00:00\",\"dateModified\":\"2025-08-08T01:53:30+00:00\",\"description\":\"Hitachi 705-0840 12V 20W Wire Leads with Ring Connectors Replacement Lamp Wattage: 20W, 20 Watt, 20 Watts Voltage: 12V, 12 Volt, 12 Volts Glass: T-8mm\",\"breadcrumb\":{\"@id\":\"https:\/\/www.interlampadas.com\/en\/lampadas\/lampadas-1\/utilizacao-especifica-51\/medicina-56\/outros-instrumentos-e-dispositivos-369\/12v-20w-cabos-de-ligacao-com-conectores-de-anel-ring2p-lampada-prt391\/#breadcrumb\"},\"inLanguage\":\"en-US\",\"potentialAction\":[{\"@type\":\"ReadAction\",\"target\":[\"https:\/\/www.interlampadas.com\/en\/lampadas\/lampadas-1\/utilizacao-especifica-51\/medicina-56\/outros-instrumentos-e-dispositivos-369\/12v-20w-cabos-de-ligacao-com-conectores-de-anel-ring2p-lampada-prt391\/\"]}]},{\"@type\":\"ImageObject\",\"inLanguage\":\"en-US\",\"@id\":\"https:\/\/www.interlampadas.com\/en\/lampadas\/lampadas-1\/utilizacao-especifica-51\/medicina-56\/outros-instrumentos-e-dispositivos-369\/12v-20w-cabos-de-ligacao-com-conectores-de-anel-ring2p-lampada-prt391\/#primaryimage\",\"url\":\"https:\/\/www.interlampadas.com\/wp-content\/uploads\/2025\/04\/10180.jpg\",\"contentUrl\":\"https:\/\/www.interlampadas.com\/wp-content\/uploads\/2025\/04\/10180.jpg\",\"width\":800,\"height\":800},{\"@type\":\"BreadcrumbList\",\"@id\":\"https:\/\/www.interlampadas.com\/en\/lampadas\/lampadas-1\/utilizacao-especifica-51\/medicina-56\/outros-instrumentos-e-dispositivos-369\/12v-20w-cabos-de-ligacao-com-conectores-de-anel-ring2p-lampada-prt391\/#breadcrumb\",\"itemListElement\":[{\"@type\":\"ListItem\",\"position\":1,\"name\":\"Home\",\"item\":\"https:\/\/www.interlampadas.com\/en\/\"},{\"@type\":\"ListItem\",\"position\":2,\"name\":\"Loja\",\"item\":\"https:\/\/www.interlampadas.com\/loja\/\"},{\"@type\":\"ListItem\",\"position\":3,\"name\":\"12v 20w Cabos de liga\u00e7\u00e3o com conectores de anel RING2P L\u00e2mpada PRT391\"}]},{\"@type\":\"WebSite\",\"@id\":\"https:\/\/www.interlampadas.com\/#website\",\"url\":\"https:\/\/www.interlampadas.com\/\",\"name\":\"Lumen by Interlampadas\",\"description\":\"lampadas\",\"alternateName\":\"Interlampadas\",\"potentialAction\":[{\"@type\":\"SearchAction\",\"target\":{\"@type\":\"EntryPoint\",\"urlTemplate\":\"https:\/\/www.interlampadas.com\/?s={search_term_string}\"},\"query-input\":{\"@type\":\"PropertyValueSpecification\",\"valueRequired\":true,\"valueName\":\"search_term_string\"}}],\"inLanguage\":\"en-US\"}]}<\/script>\n<!-- \/ Yoast SEO plugin. -->","yoast_head_json":{"title":"12v 20w Cabos de liga\u00e7\u00e3o com conectores de anel RING2P L\u00e2mpada PRT391 - Lumen by Interlampadas","description":"Hitachi 705-0840 12V 20W Wire Leads with Ring Connectors Replacement Lamp Wattage: 20W, 20 Watt, 20 Watts Voltage: 12V, 12 Volt, 12 Volts Glass: T-8mm","robots":{"index":"index","follow":"follow","max-snippet":"max-snippet:-1","max-image-preview":"max-image-preview:large","max-video-preview":"max-video-preview:-1"},"canonical":"https:\/\/www.interlampadas.com\/en\/lampadas\/lampadas-1\/utilizacao-especifica-51\/medicina-56\/outros-instrumentos-e-dispositivos-369\/12v-20w-cabos-de-ligacao-com-conectores-de-anel-ring2p-lampada-prt391\/","og_locale":"en_US","og_type":"article","og_title":"12v 20w Cabos de liga\u00e7\u00e3o com conectores de anel RING2P L\u00e2mpada PRT391 - Lumen by Interlampadas","og_description":"Hitachi 705-0840 12V 20W Wire Leads with Ring Connectors Replacement Lamp Wattage: 20W, 20 Watt, 20 Watts Voltage: 12V, 12 Volt, 12 Volts Glass: T-8mm","og_url":"https:\/\/www.interlampadas.com\/en\/lampadas\/lampadas-1\/utilizacao-especifica-51\/medicina-56\/outros-instrumentos-e-dispositivos-369\/12v-20w-cabos-de-ligacao-com-conectores-de-anel-ring2p-lampada-prt391\/","og_site_name":"Lumen by Interlampadas","article_publisher":"https:\/\/www.facebook.com\/interlampadas","article_modified_time":"2025-08-08T01:53:30+00:00","og_image":[{"width":800,"height":800,"url":"https:\/\/www.interlampadas.com\/wp-content\/uploads\/2025\/04\/10180.jpg","type":"image\/jpeg"}],"twitter_card":"summary_large_image","schema":{"@context":"https:\/\/schema.org","@graph":[{"@type":"WebPage","@id":"https:\/\/www.interlampadas.com\/en\/lampadas\/lampadas-1\/utilizacao-especifica-51\/medicina-56\/outros-instrumentos-e-dispositivos-369\/12v-20w-cabos-de-ligacao-com-conectores-de-anel-ring2p-lampada-prt391\/","url":"https:\/\/www.interlampadas.com\/en\/lampadas\/lampadas-1\/utilizacao-especifica-51\/medicina-56\/outros-instrumentos-e-dispositivos-369\/12v-20w-cabos-de-ligacao-com-conectores-de-anel-ring2p-lampada-prt391\/","name":"12v 20w Cabos de liga\u00e7\u00e3o com conectores de anel RING2P L\u00e2mpada PRT391 - Lumen by Interlampadas","isPartOf":{"@id":"https:\/\/www.interlampadas.com\/#website"},"primaryImageOfPage":{"@id":"https:\/\/www.interlampadas.com\/en\/lampadas\/lampadas-1\/utilizacao-especifica-51\/medicina-56\/outros-instrumentos-e-dispositivos-369\/12v-20w-cabos-de-ligacao-com-conectores-de-anel-ring2p-lampada-prt391\/#primaryimage"},"image":{"@id":"https:\/\/www.interlampadas.com\/en\/lampadas\/lampadas-1\/utilizacao-especifica-51\/medicina-56\/outros-instrumentos-e-dispositivos-369\/12v-20w-cabos-de-ligacao-com-conectores-de-anel-ring2p-lampada-prt391\/#primaryimage"},"thumbnailUrl":"https:\/\/www.interlampadas.com\/wp-content\/uploads\/2025\/04\/10180.jpg","datePublished":"2025-04-23T01:46:09+00:00","dateModified":"2025-08-08T01:53:30+00:00","description":"Hitachi 705-0840 12V 20W Wire Leads with Ring Connectors Replacement Lamp Wattage: 20W, 20 Watt, 20 Watts Voltage: 12V, 12 Volt, 12 Volts Glass: T-8mm","breadcrumb":{"@id":"https:\/\/www.interlampadas.com\/en\/lampadas\/lampadas-1\/utilizacao-especifica-51\/medicina-56\/outros-instrumentos-e-dispositivos-369\/12v-20w-cabos-de-ligacao-com-conectores-de-anel-ring2p-lampada-prt391\/#breadcrumb"},"inLanguage":"en-US","potentialAction":[{"@type":"ReadAction","target":["https:\/\/www.interlampadas.com\/en\/lampadas\/lampadas-1\/utilizacao-especifica-51\/medicina-56\/outros-instrumentos-e-dispositivos-369\/12v-20w-cabos-de-ligacao-com-conectores-de-anel-ring2p-lampada-prt391\/"]}]},{"@type":"ImageObject","inLanguage":"en-US","@id":"https:\/\/www.interlampadas.com\/en\/lampadas\/lampadas-1\/utilizacao-especifica-51\/medicina-56\/outros-instrumentos-e-dispositivos-369\/12v-20w-cabos-de-ligacao-com-conectores-de-anel-ring2p-lampada-prt391\/#primaryimage","url":"https:\/\/www.interlampadas.com\/wp-content\/uploads\/2025\/04\/10180.jpg","contentUrl":"https:\/\/www.interlampadas.com\/wp-content\/uploads\/2025\/04\/10180.jpg","width":800,"height":800},{"@type":"BreadcrumbList","@id":"https:\/\/www.interlampadas.com\/en\/lampadas\/lampadas-1\/utilizacao-especifica-51\/medicina-56\/outros-instrumentos-e-dispositivos-369\/12v-20w-cabos-de-ligacao-com-conectores-de-anel-ring2p-lampada-prt391\/#breadcrumb","itemListElement":[{"@type":"ListItem","position":1,"name":"Home","item":"https:\/\/www.interlampadas.com\/en\/"},{"@type":"ListItem","position":2,"name":"Loja","item":"https:\/\/www.interlampadas.com\/loja\/"},{"@type":"ListItem","position":3,"name":"12v 20w Cabos de liga\u00e7\u00e3o com conectores de anel RING2P L\u00e2mpada PRT391"}]},{"@type":"WebSite","@id":"https:\/\/www.interlampadas.com\/#website","url":"https:\/\/www.interlampadas.com\/","name":"Lumen by Interlampadas","description":"lampadas","alternateName":"Interlampadas","potentialAction":[{"@type":"SearchAction","target":{"@type":"EntryPoint","urlTemplate":"https:\/\/www.interlampadas.com\/?s={search_term_string}"},"query-input":{"@type":"PropertyValueSpecification","valueRequired":true,"valueName":"search_term_string"}}],"inLanguage":"en-US"}]}},"brands":[],"_links":{"self":[{"href":"https:\/\/www.interlampadas.com\/en\/wp-json\/wp\/v2\/product\/36569","targetHints":{"allow":["GET"]}}],"collection":[{"href":"https:\/\/www.interlampadas.com\/en\/wp-json\/wp\/v2\/product"}],"about":[{"href":"https:\/\/www.interlampadas.com\/en\/wp-json\/wp\/v2\/types\/product"}],"replies":[{"embeddable":true,"href":"https:\/\/www.interlampadas.com\/en\/wp-json\/wp\/v2\/comments?post=36569"}],"wp:featuredmedia":[{"embeddable":true,"href":"https:\/\/www.interlampadas.com\/en\/wp-json\/wp\/v2\/media\/36648"}],"wp:attachment":[{"href":"https:\/\/www.interlampadas.com\/en\/wp-json\/wp\/v2\/media?parent=36569"}],"wp:term":[{"taxonomy":"pwb-brand","embeddable":true,"href":"https:\/\/www.interlampadas.com\/en\/wp-json\/wp\/v2\/pwb-brand?post=36569"},{"taxonomy":"product_brand","embeddable":true,"href":"https:\/\/www.interlampadas.com\/en\/wp-json\/wp\/v2\/product_brand?post=36569"},{"taxonomy":"product_cat","embeddable":true,"href":"https:\/\/www.interlampadas.com\/en\/wp-json\/wp\/v2\/product_cat?post=36569"},{"taxonomy":"product_tag","embeddable":true,"href":"https:\/\/www.interlampadas.com\/en\/wp-json\/wp\/v2\/product_tag?post=36569"}],"curies":[{"name":"wp","href":"https:\/\/api.w.org\/{rel}","templated":true}]}}