{"id":36445,"date":"2025-04-08T02:48:24","date_gmt":"2025-04-08T01:48:24","guid":{"rendered":"https:\/\/www.interlampadas.com\/lampadas\/uncategorized\/epson-epson-h460b-lp72-lampada-original-em-suporte-generico\/"},"modified":"2026-04-17T02:55:36","modified_gmt":"2026-04-17T01:55:36","slug":"epson-epson-h460b-lp72-lampada-original-em-suporte-generico","status":"publish","type":"product","link":"https:\/\/www.interlampadas.com\/en\/lampadas\/lampadas-1\/videoprojector-389\/epson-epson-h460b-lp72-lampada-original-em-suporte-generico\/","title":{"rendered":"Epson EPSON H460B LP72 L\u00e2mpada Original em Suporte Gen\u00e9rico"},"content":{"rendered":"<p>Ref. L\u00e2mpada: ELPLP75, V13H010L75  Compat\u00edvel com os seguintes modelos: EB-1940W, EB-1945W, EB-1950, EB-1955, EB-1960, EB-1965, Powerlite 1940W, Powerlite 1945W, Powerlite 1950, Powerlite 1955, Powerlite 1960, Powerlite 1965, EB-C740W, EB-C745WN, EB-C750X, EB-C754XN, EB-C755XN, EB-C764XN, EB-C765XN, H471B, EB-1965ND, H474B, H472<\/p>\n","protected":false},"excerpt":{"rendered":"<p>Ref. L\u00e2mpada: ELPLP75, V13H010L75 Compat\u00edvel com os seguintes modelos: EB-1940W, EB-1945W, EB-1950, EB-1955, EB-1960, EB-1965, Powerlite 1940W, Powerlite 1945W,<\/p>\n","protected":false},"featured_media":0,"comment_status":"open","ping_status":"closed","template":"","meta":{"_acf_changed":false},"pwb-brand":[283],"product_brand":[],"product_cat":[448],"product_tag":[],"class_list":{"0":"post-36445","1":"product","2":"type-product","3":"status-publish","5":"pwb-brand-epson","6":"product_cat-videoprojector-389","8":"first","9":"outofstock","10":"shipping-taxable","11":"purchasable","12":"product-type-simple"},"acf":[],"yoast_head":"<!-- This site is optimized with the Yoast SEO plugin v27.0 - https:\/\/yoast.com\/product\/yoast-seo-wordpress\/ -->\n<title>Epson EPSON H460B LP72 L\u00e2mpada Original em Suporte Gen\u00e9rico - Lumen by Interlampadas<\/title>\n<meta name=\"description\" content=\"Ref. L\u00e2mpada: ELPLP75, V13H010L75 Compat\u00edvel com os seguintes modelos: EB-1940W, EB-1945W, EB-1950, EB-1955, EB-1960, EB-1965, Powerlite 1940W, Powerlite\" \/>\n<meta name=\"robots\" content=\"index, follow, max-snippet:-1, max-image-preview:large, max-video-preview:-1\" \/>\n<link rel=\"canonical\" href=\"https:\/\/www.interlampadas.com\/en\/lampadas\/lampadas-1\/videoprojector-389\/epson-epson-h460b-lp72-lampada-original-em-suporte-generico\/\" \/>\n<meta property=\"og:locale\" content=\"en_US\" \/>\n<meta property=\"og:type\" content=\"article\" \/>\n<meta property=\"og:title\" content=\"Epson EPSON H460B LP72 L\u00e2mpada Original em Suporte Gen\u00e9rico - Lumen by Interlampadas\" \/>\n<meta property=\"og:description\" content=\"Ref. L\u00e2mpada: ELPLP75, V13H010L75 Compat\u00edvel com os seguintes modelos: EB-1940W, EB-1945W, EB-1950, EB-1955, EB-1960, EB-1965, Powerlite 1940W, Powerlite\" \/>\n<meta property=\"og:url\" content=\"https:\/\/www.interlampadas.com\/en\/lampadas\/lampadas-1\/videoprojector-389\/epson-epson-h460b-lp72-lampada-original-em-suporte-generico\/\" \/>\n<meta property=\"og:site_name\" content=\"Lumen by Interlampadas\" \/>\n<meta property=\"article:publisher\" content=\"https:\/\/www.facebook.com\/interlampadas\" \/>\n<meta property=\"article:modified_time\" content=\"2026-04-17T01:55:36+00:00\" \/>\n<meta name=\"twitter:card\" content=\"summary_large_image\" \/>\n<script type=\"application\/ld+json\" class=\"yoast-schema-graph\">{\"@context\":\"https:\/\/schema.org\",\"@graph\":[{\"@type\":\"WebPage\",\"@id\":\"https:\/\/www.interlampadas.com\/en\/lampadas\/lampadas-1\/videoprojector-389\/epson-epson-h460b-lp72-lampada-original-em-suporte-generico\/\",\"url\":\"https:\/\/www.interlampadas.com\/en\/lampadas\/lampadas-1\/videoprojector-389\/epson-epson-h460b-lp72-lampada-original-em-suporte-generico\/\",\"name\":\"Epson EPSON H460B LP72 L\u00e2mpada Original em Suporte Gen\u00e9rico - Lumen by Interlampadas\",\"isPartOf\":{\"@id\":\"https:\/\/www.interlampadas.com\/#website\"},\"datePublished\":\"2025-04-08T01:48:24+00:00\",\"dateModified\":\"2026-04-17T01:55:36+00:00\",\"description\":\"Ref. L\u00e2mpada: ELPLP75, V13H010L75 Compat\u00edvel com os seguintes modelos: EB-1940W, EB-1945W, EB-1950, EB-1955, EB-1960, EB-1965, Powerlite 1940W, Powerlite\",\"breadcrumb\":{\"@id\":\"https:\/\/www.interlampadas.com\/en\/lampadas\/lampadas-1\/videoprojector-389\/epson-epson-h460b-lp72-lampada-original-em-suporte-generico\/#breadcrumb\"},\"inLanguage\":\"en-US\",\"potentialAction\":[{\"@type\":\"ReadAction\",\"target\":[\"https:\/\/www.interlampadas.com\/en\/lampadas\/lampadas-1\/videoprojector-389\/epson-epson-h460b-lp72-lampada-original-em-suporte-generico\/\"]}]},{\"@type\":\"BreadcrumbList\",\"@id\":\"https:\/\/www.interlampadas.com\/en\/lampadas\/lampadas-1\/videoprojector-389\/epson-epson-h460b-lp72-lampada-original-em-suporte-generico\/#breadcrumb\",\"itemListElement\":[{\"@type\":\"ListItem\",\"position\":1,\"name\":\"Home\",\"item\":\"https:\/\/www.interlampadas.com\/en\/\"},{\"@type\":\"ListItem\",\"position\":2,\"name\":\"Loja\",\"item\":\"https:\/\/www.interlampadas.com\/loja\/\"},{\"@type\":\"ListItem\",\"position\":3,\"name\":\"Epson EPSON H460B LP72 L\u00e2mpada Original em Suporte Gen\u00e9rico\"}]},{\"@type\":\"WebSite\",\"@id\":\"https:\/\/www.interlampadas.com\/#website\",\"url\":\"https:\/\/www.interlampadas.com\/\",\"name\":\"Lumen by Interlampadas\",\"description\":\"lampadas\",\"alternateName\":\"Interlampadas\",\"potentialAction\":[{\"@type\":\"SearchAction\",\"target\":{\"@type\":\"EntryPoint\",\"urlTemplate\":\"https:\/\/www.interlampadas.com\/?s={search_term_string}\"},\"query-input\":{\"@type\":\"PropertyValueSpecification\",\"valueRequired\":true,\"valueName\":\"search_term_string\"}}],\"inLanguage\":\"en-US\"}]}<\/script>\n<!-- \/ Yoast SEO plugin. -->","yoast_head_json":{"title":"Epson EPSON H460B LP72 L\u00e2mpada Original em Suporte Gen\u00e9rico - Lumen by Interlampadas","description":"Ref. L\u00e2mpada: ELPLP75, V13H010L75 Compat\u00edvel com os seguintes modelos: EB-1940W, EB-1945W, EB-1950, EB-1955, EB-1960, EB-1965, Powerlite 1940W, Powerlite","robots":{"index":"index","follow":"follow","max-snippet":"max-snippet:-1","max-image-preview":"max-image-preview:large","max-video-preview":"max-video-preview:-1"},"canonical":"https:\/\/www.interlampadas.com\/en\/lampadas\/lampadas-1\/videoprojector-389\/epson-epson-h460b-lp72-lampada-original-em-suporte-generico\/","og_locale":"en_US","og_type":"article","og_title":"Epson EPSON H460B LP72 L\u00e2mpada Original em Suporte Gen\u00e9rico - Lumen by Interlampadas","og_description":"Ref. L\u00e2mpada: ELPLP75, V13H010L75 Compat\u00edvel com os seguintes modelos: EB-1940W, EB-1945W, EB-1950, EB-1955, EB-1960, EB-1965, Powerlite 1940W, Powerlite","og_url":"https:\/\/www.interlampadas.com\/en\/lampadas\/lampadas-1\/videoprojector-389\/epson-epson-h460b-lp72-lampada-original-em-suporte-generico\/","og_site_name":"Lumen by Interlampadas","article_publisher":"https:\/\/www.facebook.com\/interlampadas","article_modified_time":"2026-04-17T01:55:36+00:00","twitter_card":"summary_large_image","schema":{"@context":"https:\/\/schema.org","@graph":[{"@type":"WebPage","@id":"https:\/\/www.interlampadas.com\/en\/lampadas\/lampadas-1\/videoprojector-389\/epson-epson-h460b-lp72-lampada-original-em-suporte-generico\/","url":"https:\/\/www.interlampadas.com\/en\/lampadas\/lampadas-1\/videoprojector-389\/epson-epson-h460b-lp72-lampada-original-em-suporte-generico\/","name":"Epson EPSON H460B LP72 L\u00e2mpada Original em Suporte Gen\u00e9rico - Lumen by Interlampadas","isPartOf":{"@id":"https:\/\/www.interlampadas.com\/#website"},"datePublished":"2025-04-08T01:48:24+00:00","dateModified":"2026-04-17T01:55:36+00:00","description":"Ref. L\u00e2mpada: ELPLP75, V13H010L75 Compat\u00edvel com os seguintes modelos: EB-1940W, EB-1945W, EB-1950, EB-1955, EB-1960, EB-1965, Powerlite 1940W, Powerlite","breadcrumb":{"@id":"https:\/\/www.interlampadas.com\/en\/lampadas\/lampadas-1\/videoprojector-389\/epson-epson-h460b-lp72-lampada-original-em-suporte-generico\/#breadcrumb"},"inLanguage":"en-US","potentialAction":[{"@type":"ReadAction","target":["https:\/\/www.interlampadas.com\/en\/lampadas\/lampadas-1\/videoprojector-389\/epson-epson-h460b-lp72-lampada-original-em-suporte-generico\/"]}]},{"@type":"BreadcrumbList","@id":"https:\/\/www.interlampadas.com\/en\/lampadas\/lampadas-1\/videoprojector-389\/epson-epson-h460b-lp72-lampada-original-em-suporte-generico\/#breadcrumb","itemListElement":[{"@type":"ListItem","position":1,"name":"Home","item":"https:\/\/www.interlampadas.com\/en\/"},{"@type":"ListItem","position":2,"name":"Loja","item":"https:\/\/www.interlampadas.com\/loja\/"},{"@type":"ListItem","position":3,"name":"Epson EPSON H460B LP72 L\u00e2mpada Original em Suporte Gen\u00e9rico"}]},{"@type":"WebSite","@id":"https:\/\/www.interlampadas.com\/#website","url":"https:\/\/www.interlampadas.com\/","name":"Lumen by Interlampadas","description":"lampadas","alternateName":"Interlampadas","potentialAction":[{"@type":"SearchAction","target":{"@type":"EntryPoint","urlTemplate":"https:\/\/www.interlampadas.com\/?s={search_term_string}"},"query-input":{"@type":"PropertyValueSpecification","valueRequired":true,"valueName":"search_term_string"}}],"inLanguage":"en-US"}]}},"brands":[{"id":283,"name":"EPSON","slug":"epson"}],"_links":{"self":[{"href":"https:\/\/www.interlampadas.com\/en\/wp-json\/wp\/v2\/product\/36445","targetHints":{"allow":["GET"]}}],"collection":[{"href":"https:\/\/www.interlampadas.com\/en\/wp-json\/wp\/v2\/product"}],"about":[{"href":"https:\/\/www.interlampadas.com\/en\/wp-json\/wp\/v2\/types\/product"}],"replies":[{"embeddable":true,"href":"https:\/\/www.interlampadas.com\/en\/wp-json\/wp\/v2\/comments?post=36445"}],"wp:attachment":[{"href":"https:\/\/www.interlampadas.com\/en\/wp-json\/wp\/v2\/media?parent=36445"}],"wp:term":[{"taxonomy":"pwb-brand","embeddable":true,"href":"https:\/\/www.interlampadas.com\/en\/wp-json\/wp\/v2\/pwb-brand?post=36445"},{"taxonomy":"product_brand","embeddable":true,"href":"https:\/\/www.interlampadas.com\/en\/wp-json\/wp\/v2\/product_brand?post=36445"},{"taxonomy":"product_cat","embeddable":true,"href":"https:\/\/www.interlampadas.com\/en\/wp-json\/wp\/v2\/product_cat?post=36445"},{"taxonomy":"product_tag","embeddable":true,"href":"https:\/\/www.interlampadas.com\/en\/wp-json\/wp\/v2\/product_tag?post=36445"}],"curies":[{"name":"wp","href":"https:\/\/api.w.org\/{rel}","templated":true}]}}