{"id":36110,"date":"2025-03-29T02:48:37","date_gmt":"2025-03-29T02:48:37","guid":{"rendered":"https:\/\/www.interlampadas.com\/lampadas\/uncategorized\/transformador-12v-5a-60w-para-lampadas-piscina-ip67-prt304a\/"},"modified":"2025-03-29T02:48:37","modified_gmt":"2025-03-29T02:48:37","slug":"transformador-12v-5a-60w-para-lampadas-piscina-ip67-prt304a","status":"publish","type":"product","link":"https:\/\/www.interlampadas.com\/en\/lampadas\/acessorios-3\/transformadores-balastros-226\/transformador-12v-5a-60w-para-lampadas-piscina-ip67-prt304a\/","title":{"rendered":"Transformador 12v 5A 60w para L\u00e2mpadas Piscina IP67 PRT304A"},"content":{"rendered":"<p>Fonte de alimenta\u00e7\u00e3o 12VDC 5.0A 60W IP67 &#8211; Mean Well LPV-60-12<\/p>\n","protected":false},"excerpt":{"rendered":"<p>Fonte de alimenta\u00e7\u00e3o 12VDC 5.0A 60W IP67 &#8211; Mean Well LPV-60-12<\/p>\n","protected":false},"featured_media":36108,"comment_status":"open","ping_status":"closed","template":"","meta":{"_acf_changed":false},"pwb-brand":[],"product_brand":[],"product_cat":[52],"product_tag":[],"class_list":{"0":"post-36110","1":"product","2":"type-product","3":"status-publish","4":"has-post-thumbnail","6":"product_cat-transformadores-balastros-226","8":"first","9":"instock","10":"shipping-taxable","11":"purchasable","12":"product-type-simple"},"acf":[],"yoast_head":"<!-- This site is optimized with the Yoast SEO plugin v27.0 - https:\/\/yoast.com\/product\/yoast-seo-wordpress\/ -->\n<title>Transformador 12v 5A 60w para L\u00e2mpadas Piscina IP67 PRT304A - Lumen by Interlampadas<\/title>\n<meta name=\"description\" content=\"Fonte de alimenta\u00e7\u00e3o 12VDC 5.0A 60W IP67 - Mean Well LPV-60-12\" \/>\n<meta name=\"robots\" content=\"index, follow, max-snippet:-1, max-image-preview:large, max-video-preview:-1\" \/>\n<link rel=\"canonical\" href=\"https:\/\/www.interlampadas.com\/en\/lampadas\/acessorios-3\/transformadores-balastros-226\/transformador-12v-5a-60w-para-lampadas-piscina-ip67-prt304a\/\" \/>\n<meta property=\"og:locale\" content=\"en_US\" \/>\n<meta property=\"og:type\" content=\"article\" \/>\n<meta property=\"og:title\" content=\"Transformador 12v 5A 60w para L\u00e2mpadas Piscina IP67 PRT304A - Lumen by Interlampadas\" \/>\n<meta property=\"og:description\" content=\"Fonte de alimenta\u00e7\u00e3o 12VDC 5.0A 60W IP67 - Mean Well LPV-60-12\" \/>\n<meta property=\"og:url\" content=\"https:\/\/www.interlampadas.com\/en\/lampadas\/acessorios-3\/transformadores-balastros-226\/transformador-12v-5a-60w-para-lampadas-piscina-ip67-prt304a\/\" \/>\n<meta property=\"og:site_name\" content=\"Lumen by Interlampadas\" \/>\n<meta property=\"article:publisher\" content=\"https:\/\/www.facebook.com\/interlampadas\" \/>\n<meta property=\"og:image\" content=\"https:\/\/www.interlampadas.com\/wp-content\/uploads\/2025\/03\/10786.jpg\" \/>\n\t<meta property=\"og:image:width\" content=\"800\" \/>\n\t<meta property=\"og:image:height\" content=\"569\" \/>\n\t<meta property=\"og:image:type\" content=\"image\/jpeg\" \/>\n<meta name=\"twitter:card\" content=\"summary_large_image\" \/>\n<script type=\"application\/ld+json\" class=\"yoast-schema-graph\">{\"@context\":\"https:\/\/schema.org\",\"@graph\":[{\"@type\":\"WebPage\",\"@id\":\"https:\/\/www.interlampadas.com\/en\/lampadas\/acessorios-3\/transformadores-balastros-226\/transformador-12v-5a-60w-para-lampadas-piscina-ip67-prt304a\/\",\"url\":\"https:\/\/www.interlampadas.com\/en\/lampadas\/acessorios-3\/transformadores-balastros-226\/transformador-12v-5a-60w-para-lampadas-piscina-ip67-prt304a\/\",\"name\":\"Transformador 12v 5A 60w para L\u00e2mpadas Piscina IP67 PRT304A - Lumen by Interlampadas\",\"isPartOf\":{\"@id\":\"https:\/\/www.interlampadas.com\/#website\"},\"primaryImageOfPage\":{\"@id\":\"https:\/\/www.interlampadas.com\/en\/lampadas\/acessorios-3\/transformadores-balastros-226\/transformador-12v-5a-60w-para-lampadas-piscina-ip67-prt304a\/#primaryimage\"},\"image\":{\"@id\":\"https:\/\/www.interlampadas.com\/en\/lampadas\/acessorios-3\/transformadores-balastros-226\/transformador-12v-5a-60w-para-lampadas-piscina-ip67-prt304a\/#primaryimage\"},\"thumbnailUrl\":\"https:\/\/www.interlampadas.com\/wp-content\/uploads\/2025\/03\/10786.jpg\",\"datePublished\":\"2025-03-29T02:48:37+00:00\",\"description\":\"Fonte de alimenta\u00e7\u00e3o 12VDC 5.0A 60W IP67 - Mean Well LPV-60-12\",\"breadcrumb\":{\"@id\":\"https:\/\/www.interlampadas.com\/en\/lampadas\/acessorios-3\/transformadores-balastros-226\/transformador-12v-5a-60w-para-lampadas-piscina-ip67-prt304a\/#breadcrumb\"},\"inLanguage\":\"en-US\",\"potentialAction\":[{\"@type\":\"ReadAction\",\"target\":[\"https:\/\/www.interlampadas.com\/en\/lampadas\/acessorios-3\/transformadores-balastros-226\/transformador-12v-5a-60w-para-lampadas-piscina-ip67-prt304a\/\"]}]},{\"@type\":\"ImageObject\",\"inLanguage\":\"en-US\",\"@id\":\"https:\/\/www.interlampadas.com\/en\/lampadas\/acessorios-3\/transformadores-balastros-226\/transformador-12v-5a-60w-para-lampadas-piscina-ip67-prt304a\/#primaryimage\",\"url\":\"https:\/\/www.interlampadas.com\/wp-content\/uploads\/2025\/03\/10786.jpg\",\"contentUrl\":\"https:\/\/www.interlampadas.com\/wp-content\/uploads\/2025\/03\/10786.jpg\",\"width\":800,\"height\":569,\"caption\":\"Transformador 12v 5A 60w para L\u00e2mpadas Piscina IP67 PRT304A\"},{\"@type\":\"BreadcrumbList\",\"@id\":\"https:\/\/www.interlampadas.com\/en\/lampadas\/acessorios-3\/transformadores-balastros-226\/transformador-12v-5a-60w-para-lampadas-piscina-ip67-prt304a\/#breadcrumb\",\"itemListElement\":[{\"@type\":\"ListItem\",\"position\":1,\"name\":\"Home\",\"item\":\"https:\/\/www.interlampadas.com\/en\/\"},{\"@type\":\"ListItem\",\"position\":2,\"name\":\"Loja\",\"item\":\"https:\/\/www.interlampadas.com\/loja\/\"},{\"@type\":\"ListItem\",\"position\":3,\"name\":\"Transformador 12v 5A 60w para L\u00e2mpadas Piscina IP67 PRT304A\"}]},{\"@type\":\"WebSite\",\"@id\":\"https:\/\/www.interlampadas.com\/#website\",\"url\":\"https:\/\/www.interlampadas.com\/\",\"name\":\"Lumen by Interlampadas\",\"description\":\"lampadas\",\"alternateName\":\"Interlampadas\",\"potentialAction\":[{\"@type\":\"SearchAction\",\"target\":{\"@type\":\"EntryPoint\",\"urlTemplate\":\"https:\/\/www.interlampadas.com\/?s={search_term_string}\"},\"query-input\":{\"@type\":\"PropertyValueSpecification\",\"valueRequired\":true,\"valueName\":\"search_term_string\"}}],\"inLanguage\":\"en-US\"}]}<\/script>\n<!-- \/ Yoast SEO plugin. -->","yoast_head_json":{"title":"Transformador 12v 5A 60w para L\u00e2mpadas Piscina IP67 PRT304A - Lumen by Interlampadas","description":"Fonte de alimenta\u00e7\u00e3o 12VDC 5.0A 60W IP67 - Mean Well LPV-60-12","robots":{"index":"index","follow":"follow","max-snippet":"max-snippet:-1","max-image-preview":"max-image-preview:large","max-video-preview":"max-video-preview:-1"},"canonical":"https:\/\/www.interlampadas.com\/en\/lampadas\/acessorios-3\/transformadores-balastros-226\/transformador-12v-5a-60w-para-lampadas-piscina-ip67-prt304a\/","og_locale":"en_US","og_type":"article","og_title":"Transformador 12v 5A 60w para L\u00e2mpadas Piscina IP67 PRT304A - Lumen by Interlampadas","og_description":"Fonte de alimenta\u00e7\u00e3o 12VDC 5.0A 60W IP67 - Mean Well LPV-60-12","og_url":"https:\/\/www.interlampadas.com\/en\/lampadas\/acessorios-3\/transformadores-balastros-226\/transformador-12v-5a-60w-para-lampadas-piscina-ip67-prt304a\/","og_site_name":"Lumen by Interlampadas","article_publisher":"https:\/\/www.facebook.com\/interlampadas","og_image":[{"width":800,"height":569,"url":"https:\/\/www.interlampadas.com\/wp-content\/uploads\/2025\/03\/10786.jpg","type":"image\/jpeg"}],"twitter_card":"summary_large_image","schema":{"@context":"https:\/\/schema.org","@graph":[{"@type":"WebPage","@id":"https:\/\/www.interlampadas.com\/en\/lampadas\/acessorios-3\/transformadores-balastros-226\/transformador-12v-5a-60w-para-lampadas-piscina-ip67-prt304a\/","url":"https:\/\/www.interlampadas.com\/en\/lampadas\/acessorios-3\/transformadores-balastros-226\/transformador-12v-5a-60w-para-lampadas-piscina-ip67-prt304a\/","name":"Transformador 12v 5A 60w para L\u00e2mpadas Piscina IP67 PRT304A - Lumen by Interlampadas","isPartOf":{"@id":"https:\/\/www.interlampadas.com\/#website"},"primaryImageOfPage":{"@id":"https:\/\/www.interlampadas.com\/en\/lampadas\/acessorios-3\/transformadores-balastros-226\/transformador-12v-5a-60w-para-lampadas-piscina-ip67-prt304a\/#primaryimage"},"image":{"@id":"https:\/\/www.interlampadas.com\/en\/lampadas\/acessorios-3\/transformadores-balastros-226\/transformador-12v-5a-60w-para-lampadas-piscina-ip67-prt304a\/#primaryimage"},"thumbnailUrl":"https:\/\/www.interlampadas.com\/wp-content\/uploads\/2025\/03\/10786.jpg","datePublished":"2025-03-29T02:48:37+00:00","description":"Fonte de alimenta\u00e7\u00e3o 12VDC 5.0A 60W IP67 - Mean Well LPV-60-12","breadcrumb":{"@id":"https:\/\/www.interlampadas.com\/en\/lampadas\/acessorios-3\/transformadores-balastros-226\/transformador-12v-5a-60w-para-lampadas-piscina-ip67-prt304a\/#breadcrumb"},"inLanguage":"en-US","potentialAction":[{"@type":"ReadAction","target":["https:\/\/www.interlampadas.com\/en\/lampadas\/acessorios-3\/transformadores-balastros-226\/transformador-12v-5a-60w-para-lampadas-piscina-ip67-prt304a\/"]}]},{"@type":"ImageObject","inLanguage":"en-US","@id":"https:\/\/www.interlampadas.com\/en\/lampadas\/acessorios-3\/transformadores-balastros-226\/transformador-12v-5a-60w-para-lampadas-piscina-ip67-prt304a\/#primaryimage","url":"https:\/\/www.interlampadas.com\/wp-content\/uploads\/2025\/03\/10786.jpg","contentUrl":"https:\/\/www.interlampadas.com\/wp-content\/uploads\/2025\/03\/10786.jpg","width":800,"height":569,"caption":"Transformador 12v 5A 60w para L\u00e2mpadas Piscina IP67 PRT304A"},{"@type":"BreadcrumbList","@id":"https:\/\/www.interlampadas.com\/en\/lampadas\/acessorios-3\/transformadores-balastros-226\/transformador-12v-5a-60w-para-lampadas-piscina-ip67-prt304a\/#breadcrumb","itemListElement":[{"@type":"ListItem","position":1,"name":"Home","item":"https:\/\/www.interlampadas.com\/en\/"},{"@type":"ListItem","position":2,"name":"Loja","item":"https:\/\/www.interlampadas.com\/loja\/"},{"@type":"ListItem","position":3,"name":"Transformador 12v 5A 60w para L\u00e2mpadas Piscina IP67 PRT304A"}]},{"@type":"WebSite","@id":"https:\/\/www.interlampadas.com\/#website","url":"https:\/\/www.interlampadas.com\/","name":"Lumen by Interlampadas","description":"lampadas","alternateName":"Interlampadas","potentialAction":[{"@type":"SearchAction","target":{"@type":"EntryPoint","urlTemplate":"https:\/\/www.interlampadas.com\/?s={search_term_string}"},"query-input":{"@type":"PropertyValueSpecification","valueRequired":true,"valueName":"search_term_string"}}],"inLanguage":"en-US"}]}},"brands":[],"_links":{"self":[{"href":"https:\/\/www.interlampadas.com\/en\/wp-json\/wp\/v2\/product\/36110","targetHints":{"allow":["GET"]}}],"collection":[{"href":"https:\/\/www.interlampadas.com\/en\/wp-json\/wp\/v2\/product"}],"about":[{"href":"https:\/\/www.interlampadas.com\/en\/wp-json\/wp\/v2\/types\/product"}],"replies":[{"embeddable":true,"href":"https:\/\/www.interlampadas.com\/en\/wp-json\/wp\/v2\/comments?post=36110"}],"wp:featuredmedia":[{"embeddable":true,"href":"https:\/\/www.interlampadas.com\/en\/wp-json\/wp\/v2\/media\/36108"}],"wp:attachment":[{"href":"https:\/\/www.interlampadas.com\/en\/wp-json\/wp\/v2\/media?parent=36110"}],"wp:term":[{"taxonomy":"pwb-brand","embeddable":true,"href":"https:\/\/www.interlampadas.com\/en\/wp-json\/wp\/v2\/pwb-brand?post=36110"},{"taxonomy":"product_brand","embeddable":true,"href":"https:\/\/www.interlampadas.com\/en\/wp-json\/wp\/v2\/product_brand?post=36110"},{"taxonomy":"product_cat","embeddable":true,"href":"https:\/\/www.interlampadas.com\/en\/wp-json\/wp\/v2\/product_cat?post=36110"},{"taxonomy":"product_tag","embeddable":true,"href":"https:\/\/www.interlampadas.com\/en\/wp-json\/wp\/v2\/product_tag?post=36110"}],"curies":[{"name":"wp","href":"https:\/\/api.w.org\/{rel}","templated":true}]}}