{"id":35827,"date":"2025-03-16T02:48:18","date_gmt":"2025-03-16T02:48:18","guid":{"rendered":"https:\/\/www.interlampadas.com\/lampadas\/uncategorized\/gy5-3-82v-410w-fxl-equiv-14526-93526-lampada-prta3\/"},"modified":"2026-01-09T02:53:46","modified_gmt":"2026-01-09T02:53:46","slug":"gy5-3-82v-410w-fxl-equivalente-14526-93526-lampada-prta3","status":"publish","type":"product","link":"https:\/\/www.interlampadas.com\/en\/lampadas\/outlet-227\/gy5-3-82v-410w-fxl-equivalente-14526-93526-lampada-prta3\/","title":{"rendered":"GY5,3 82v 410w FXL Equivalente 14526\/93526 L\u00e2mpada PRTA3"},"content":{"rendered":"<p>Projector Bulb FXL 82V 410W GY5.3 Bi-Pin Equivalent Osram 93526<br \/>  FXL 82V 410W Light Bulb<br \/>  Voltage:82V<br \/>  Power: 410W<br \/>  Base: GY5.3<br \/>  Life: 75h<br \/>  Bulb: T3.5<br \/>  Diameter: 51mm<br \/>  OAL: 45mm<br \/>  Prod. type: Halogen G(XY)5.3<br \/>  ANSI\/LIF: FXL<br \/>  Projector Bulb FXL 82V 410W GY5.3<br \/>  PROMO\u00c7\u00c2O AT\u00c8 RUPTURA DE STOCK\/PROMOTION VALID UNTIL STOCK RUNS OUT<\/p>\n","protected":false},"excerpt":{"rendered":"<p>Projector Bulb FXL 82V 410W GY5.3 Bi-Pin Equivalent Osram 93526 FXL 82V 410W Light Bulb Voltage:82V Power: 410W Base: GY5.3 Life: 75h Bulb: T3.5 Diameter: 51mm <\/p>\n","protected":false},"featured_media":35825,"comment_status":"open","ping_status":"closed","template":"","meta":{"_acf_changed":false},"pwb-brand":[],"product_brand":[],"product_cat":[24],"product_tag":[],"class_list":{"0":"post-35827","1":"product","2":"type-product","3":"status-publish","4":"has-post-thumbnail","6":"product_cat-outlet-227","8":"first","9":"instock","10":"sale","11":"shipping-taxable","12":"purchasable","13":"product-type-simple"},"acf":[],"yoast_head":"<!-- This site is optimized with the Yoast SEO plugin v27.0 - https:\/\/yoast.com\/product\/yoast-seo-wordpress\/ -->\n<title>GY5,3 82v 410w FXL Equivalente 14526\/93526 L\u00e2mpada PRTA3 - Lumen by Interlampadas<\/title>\n<meta name=\"description\" content=\"Projector Bulb FXL 82V 410W GY5.3 Bi-Pin Equivalent Osram 93526 FXL 82V 410W Light Bulb Voltage:82V Power: 410W Base: GY5.3 Life: 75h Bulb: T3.5 Diameter:\" \/>\n<meta name=\"robots\" content=\"index, follow, max-snippet:-1, max-image-preview:large, max-video-preview:-1\" \/>\n<link rel=\"canonical\" href=\"https:\/\/www.interlampadas.com\/en\/lampadas\/outlet-227\/gy5-3-82v-410w-fxl-equivalente-14526-93526-lampada-prta3\/\" \/>\n<meta property=\"og:locale\" content=\"en_US\" \/>\n<meta property=\"og:type\" content=\"article\" \/>\n<meta property=\"og:title\" content=\"GY5,3 82v 410w FXL Equivalente 14526\/93526 L\u00e2mpada PRTA3 - Lumen by Interlampadas\" \/>\n<meta property=\"og:description\" content=\"Projector Bulb FXL 82V 410W GY5.3 Bi-Pin Equivalent Osram 93526 FXL 82V 410W Light Bulb Voltage:82V Power: 410W Base: GY5.3 Life: 75h Bulb: T3.5 Diameter:\" \/>\n<meta property=\"og:url\" content=\"https:\/\/www.interlampadas.com\/en\/lampadas\/outlet-227\/gy5-3-82v-410w-fxl-equivalente-14526-93526-lampada-prta3\/\" \/>\n<meta property=\"og:site_name\" content=\"Lumen by Interlampadas\" \/>\n<meta property=\"article:publisher\" content=\"https:\/\/www.facebook.com\/interlampadas\" \/>\n<meta property=\"article:modified_time\" content=\"2026-01-09T02:53:46+00:00\" \/>\n<meta property=\"og:image\" content=\"https:\/\/www.interlampadas.com\/wp-content\/uploads\/2025\/03\/10436.jpg\" \/>\n\t<meta property=\"og:image:width\" content=\"800\" \/>\n\t<meta property=\"og:image:height\" content=\"800\" \/>\n\t<meta property=\"og:image:type\" content=\"image\/jpeg\" \/>\n<meta name=\"twitter:card\" content=\"summary_large_image\" \/>\n<script type=\"application\/ld+json\" class=\"yoast-schema-graph\">{\"@context\":\"https:\/\/schema.org\",\"@graph\":[{\"@type\":\"WebPage\",\"@id\":\"https:\/\/www.interlampadas.com\/en\/lampadas\/outlet-227\/gy5-3-82v-410w-fxl-equivalente-14526-93526-lampada-prta3\/\",\"url\":\"https:\/\/www.interlampadas.com\/en\/lampadas\/outlet-227\/gy5-3-82v-410w-fxl-equivalente-14526-93526-lampada-prta3\/\",\"name\":\"GY5,3 82v 410w FXL Equivalente 14526\/93526 L\u00e2mpada PRTA3 - Lumen by Interlampadas\",\"isPartOf\":{\"@id\":\"https:\/\/www.interlampadas.com\/#website\"},\"primaryImageOfPage\":{\"@id\":\"https:\/\/www.interlampadas.com\/en\/lampadas\/outlet-227\/gy5-3-82v-410w-fxl-equivalente-14526-93526-lampada-prta3\/#primaryimage\"},\"image\":{\"@id\":\"https:\/\/www.interlampadas.com\/en\/lampadas\/outlet-227\/gy5-3-82v-410w-fxl-equivalente-14526-93526-lampada-prta3\/#primaryimage\"},\"thumbnailUrl\":\"https:\/\/www.interlampadas.com\/wp-content\/uploads\/2025\/03\/10436.jpg\",\"datePublished\":\"2025-03-16T02:48:18+00:00\",\"dateModified\":\"2026-01-09T02:53:46+00:00\",\"description\":\"Projector Bulb FXL 82V 410W GY5.3 Bi-Pin Equivalent Osram 93526 FXL 82V 410W Light Bulb Voltage:82V Power: 410W Base: GY5.3 Life: 75h Bulb: T3.5 Diameter:\",\"breadcrumb\":{\"@id\":\"https:\/\/www.interlampadas.com\/en\/lampadas\/outlet-227\/gy5-3-82v-410w-fxl-equivalente-14526-93526-lampada-prta3\/#breadcrumb\"},\"inLanguage\":\"en-US\",\"potentialAction\":[{\"@type\":\"ReadAction\",\"target\":[\"https:\/\/www.interlampadas.com\/en\/lampadas\/outlet-227\/gy5-3-82v-410w-fxl-equivalente-14526-93526-lampada-prta3\/\"]}]},{\"@type\":\"ImageObject\",\"inLanguage\":\"en-US\",\"@id\":\"https:\/\/www.interlampadas.com\/en\/lampadas\/outlet-227\/gy5-3-82v-410w-fxl-equivalente-14526-93526-lampada-prta3\/#primaryimage\",\"url\":\"https:\/\/www.interlampadas.com\/wp-content\/uploads\/2025\/03\/10436.jpg\",\"contentUrl\":\"https:\/\/www.interlampadas.com\/wp-content\/uploads\/2025\/03\/10436.jpg\",\"width\":800,\"height\":800,\"caption\":\"GY5,3 82v 410w FXL Equiv. 14526\/93526 L\u00e2mpada PRTA3\"},{\"@type\":\"BreadcrumbList\",\"@id\":\"https:\/\/www.interlampadas.com\/en\/lampadas\/outlet-227\/gy5-3-82v-410w-fxl-equivalente-14526-93526-lampada-prta3\/#breadcrumb\",\"itemListElement\":[{\"@type\":\"ListItem\",\"position\":1,\"name\":\"Home\",\"item\":\"https:\/\/www.interlampadas.com\/en\/\"},{\"@type\":\"ListItem\",\"position\":2,\"name\":\"Loja\",\"item\":\"https:\/\/www.interlampadas.com\/loja\/\"},{\"@type\":\"ListItem\",\"position\":3,\"name\":\"GY5,3 82v 410w FXL Equivalente 14526\/93526 L\u00e2mpada PRTA3\"}]},{\"@type\":\"WebSite\",\"@id\":\"https:\/\/www.interlampadas.com\/#website\",\"url\":\"https:\/\/www.interlampadas.com\/\",\"name\":\"Lumen by Interlampadas\",\"description\":\"lampadas\",\"alternateName\":\"Interlampadas\",\"potentialAction\":[{\"@type\":\"SearchAction\",\"target\":{\"@type\":\"EntryPoint\",\"urlTemplate\":\"https:\/\/www.interlampadas.com\/?s={search_term_string}\"},\"query-input\":{\"@type\":\"PropertyValueSpecification\",\"valueRequired\":true,\"valueName\":\"search_term_string\"}}],\"inLanguage\":\"en-US\"}]}<\/script>\n<!-- \/ Yoast SEO plugin. -->","yoast_head_json":{"title":"GY5,3 82v 410w FXL Equivalente 14526\/93526 L\u00e2mpada PRTA3 - Lumen by Interlampadas","description":"Projector Bulb FXL 82V 410W GY5.3 Bi-Pin Equivalent Osram 93526 FXL 82V 410W Light Bulb Voltage:82V Power: 410W Base: GY5.3 Life: 75h Bulb: T3.5 Diameter:","robots":{"index":"index","follow":"follow","max-snippet":"max-snippet:-1","max-image-preview":"max-image-preview:large","max-video-preview":"max-video-preview:-1"},"canonical":"https:\/\/www.interlampadas.com\/en\/lampadas\/outlet-227\/gy5-3-82v-410w-fxl-equivalente-14526-93526-lampada-prta3\/","og_locale":"en_US","og_type":"article","og_title":"GY5,3 82v 410w FXL Equivalente 14526\/93526 L\u00e2mpada PRTA3 - Lumen by Interlampadas","og_description":"Projector Bulb FXL 82V 410W GY5.3 Bi-Pin Equivalent Osram 93526 FXL 82V 410W Light Bulb Voltage:82V Power: 410W Base: GY5.3 Life: 75h Bulb: T3.5 Diameter:","og_url":"https:\/\/www.interlampadas.com\/en\/lampadas\/outlet-227\/gy5-3-82v-410w-fxl-equivalente-14526-93526-lampada-prta3\/","og_site_name":"Lumen by Interlampadas","article_publisher":"https:\/\/www.facebook.com\/interlampadas","article_modified_time":"2026-01-09T02:53:46+00:00","og_image":[{"width":800,"height":800,"url":"https:\/\/www.interlampadas.com\/wp-content\/uploads\/2025\/03\/10436.jpg","type":"image\/jpeg"}],"twitter_card":"summary_large_image","schema":{"@context":"https:\/\/schema.org","@graph":[{"@type":"WebPage","@id":"https:\/\/www.interlampadas.com\/en\/lampadas\/outlet-227\/gy5-3-82v-410w-fxl-equivalente-14526-93526-lampada-prta3\/","url":"https:\/\/www.interlampadas.com\/en\/lampadas\/outlet-227\/gy5-3-82v-410w-fxl-equivalente-14526-93526-lampada-prta3\/","name":"GY5,3 82v 410w FXL Equivalente 14526\/93526 L\u00e2mpada PRTA3 - Lumen by Interlampadas","isPartOf":{"@id":"https:\/\/www.interlampadas.com\/#website"},"primaryImageOfPage":{"@id":"https:\/\/www.interlampadas.com\/en\/lampadas\/outlet-227\/gy5-3-82v-410w-fxl-equivalente-14526-93526-lampada-prta3\/#primaryimage"},"image":{"@id":"https:\/\/www.interlampadas.com\/en\/lampadas\/outlet-227\/gy5-3-82v-410w-fxl-equivalente-14526-93526-lampada-prta3\/#primaryimage"},"thumbnailUrl":"https:\/\/www.interlampadas.com\/wp-content\/uploads\/2025\/03\/10436.jpg","datePublished":"2025-03-16T02:48:18+00:00","dateModified":"2026-01-09T02:53:46+00:00","description":"Projector Bulb FXL 82V 410W GY5.3 Bi-Pin Equivalent Osram 93526 FXL 82V 410W Light Bulb Voltage:82V Power: 410W Base: GY5.3 Life: 75h Bulb: T3.5 Diameter:","breadcrumb":{"@id":"https:\/\/www.interlampadas.com\/en\/lampadas\/outlet-227\/gy5-3-82v-410w-fxl-equivalente-14526-93526-lampada-prta3\/#breadcrumb"},"inLanguage":"en-US","potentialAction":[{"@type":"ReadAction","target":["https:\/\/www.interlampadas.com\/en\/lampadas\/outlet-227\/gy5-3-82v-410w-fxl-equivalente-14526-93526-lampada-prta3\/"]}]},{"@type":"ImageObject","inLanguage":"en-US","@id":"https:\/\/www.interlampadas.com\/en\/lampadas\/outlet-227\/gy5-3-82v-410w-fxl-equivalente-14526-93526-lampada-prta3\/#primaryimage","url":"https:\/\/www.interlampadas.com\/wp-content\/uploads\/2025\/03\/10436.jpg","contentUrl":"https:\/\/www.interlampadas.com\/wp-content\/uploads\/2025\/03\/10436.jpg","width":800,"height":800,"caption":"GY5,3 82v 410w FXL Equiv. 14526\/93526 L\u00e2mpada PRTA3"},{"@type":"BreadcrumbList","@id":"https:\/\/www.interlampadas.com\/en\/lampadas\/outlet-227\/gy5-3-82v-410w-fxl-equivalente-14526-93526-lampada-prta3\/#breadcrumb","itemListElement":[{"@type":"ListItem","position":1,"name":"Home","item":"https:\/\/www.interlampadas.com\/en\/"},{"@type":"ListItem","position":2,"name":"Loja","item":"https:\/\/www.interlampadas.com\/loja\/"},{"@type":"ListItem","position":3,"name":"GY5,3 82v 410w FXL Equivalente 14526\/93526 L\u00e2mpada PRTA3"}]},{"@type":"WebSite","@id":"https:\/\/www.interlampadas.com\/#website","url":"https:\/\/www.interlampadas.com\/","name":"Lumen by Interlampadas","description":"lampadas","alternateName":"Interlampadas","potentialAction":[{"@type":"SearchAction","target":{"@type":"EntryPoint","urlTemplate":"https:\/\/www.interlampadas.com\/?s={search_term_string}"},"query-input":{"@type":"PropertyValueSpecification","valueRequired":true,"valueName":"search_term_string"}}],"inLanguage":"en-US"}]}},"brands":[],"_links":{"self":[{"href":"https:\/\/www.interlampadas.com\/en\/wp-json\/wp\/v2\/product\/35827","targetHints":{"allow":["GET"]}}],"collection":[{"href":"https:\/\/www.interlampadas.com\/en\/wp-json\/wp\/v2\/product"}],"about":[{"href":"https:\/\/www.interlampadas.com\/en\/wp-json\/wp\/v2\/types\/product"}],"replies":[{"embeddable":true,"href":"https:\/\/www.interlampadas.com\/en\/wp-json\/wp\/v2\/comments?post=35827"}],"wp:featuredmedia":[{"embeddable":true,"href":"https:\/\/www.interlampadas.com\/en\/wp-json\/wp\/v2\/media\/35825"}],"wp:attachment":[{"href":"https:\/\/www.interlampadas.com\/en\/wp-json\/wp\/v2\/media?parent=35827"}],"wp:term":[{"taxonomy":"pwb-brand","embeddable":true,"href":"https:\/\/www.interlampadas.com\/en\/wp-json\/wp\/v2\/pwb-brand?post=35827"},{"taxonomy":"product_brand","embeddable":true,"href":"https:\/\/www.interlampadas.com\/en\/wp-json\/wp\/v2\/product_brand?post=35827"},{"taxonomy":"product_cat","embeddable":true,"href":"https:\/\/www.interlampadas.com\/en\/wp-json\/wp\/v2\/product_cat?post=35827"},{"taxonomy":"product_tag","embeddable":true,"href":"https:\/\/www.interlampadas.com\/en\/wp-json\/wp\/v2\/product_tag?post=35827"}],"curies":[{"name":"wp","href":"https:\/\/api.w.org\/{rel}","templated":true}]}}