{"id":35334,"date":"2025-02-19T02:48:15","date_gmt":"2025-02-19T02:48:15","guid":{"rendered":"https:\/\/www.interlampadas.com\/lampadas\/uncategorized\/e27-6w-2200k-a60-led-filam-topo-espelhado-prtgav4-220v\/"},"modified":"2025-08-08T02:52:28","modified_gmt":"2025-08-08T01:52:28","slug":"e27-6w-2200k-a60-led-filam-topo-espelhado-prtgav4-220v","status":"publish","type":"product","link":"https:\/\/www.interlampadas.com\/en\/lampadas\/lampadas-1\/led-150\/decorativas-led-161\/e27-casquilho-grosso-331\/a60-classica-332\/e27-6w-2200k-a60-led-filam-topo-espelhado-prtgav4-220v\/","title":{"rendered":"E27 6w 2200K A60 Led Filam Topo Espelhado PRTGAV4 (220v)"},"content":{"rendered":"<p>A\u00a0Interl\u00e2mpadas oferece uma diversidade de l\u00e2mpadas de LED decorativas com filamento<br \/> Ideal para restaurantes, hot\u00e9is e resid\u00eancias&lt;<br \/>  L\u00e2mpada Filamento LED E27 220V 6W A60 Topo Espelhado 600lm<br \/>  Dimens\u00f5es<br \/>  Altura: 105mm<br \/>  Di\u00e2metro: 60mm<br \/>  Tens\u00e3o: 220-240V AC<br \/>  Pot\u00eancia: 6W<br \/>  \u00c2ngulo de Abertura: 300\u00ba<br \/>  Casquilho: E27<br \/>  Temperatura da Cor: 2200K<br \/>  Cor da luz: Super quente<br \/>  Efici\u00eancia Luminosa: 100 lm\/W<br \/>  Luminosidade: 600lm<br \/>  \u00cdndice de Reprodu\u00e7\u00e3o Crom\u00e1tica (CRI): 80<br \/>  Prote\u00e7\u00e3o IP: IP20<br \/>  Regul\u00e1vel: N\u00e3o<br \/>  Vida \u00fatil: 40.000 Horas<br \/>  Garantia: 3 anos<br \/>  Uso: Interior<br \/>  Certificados: RoHS, CE, UKCA<br \/>  Dura\u00e7\u00e3o estimada do produto antes de perder desempenho. Baseia-se em um uso normal ideal, n\u00e3o cont\u00ednuo, e \u00e9 medida em horas de funcionamento sob condi\u00e7\u00f5es controladas.<\/p>\n","protected":false},"excerpt":{"rendered":"<p>A\u00a0Interl\u00e2mpadas oferece uma diversidade de l\u00e2mpadas de LED decorativas com filamento Ideal para restaurantes, hot\u00e9is e resid\u00eancias&lt; L\u00e2mpada Filamento LED E27<\/p>\n","protected":false},"featured_media":35332,"comment_status":"open","ping_status":"closed","template":"","meta":{"_acf_changed":false},"pwb-brand":[],"product_brand":[],"product_cat":[266],"product_tag":[],"class_list":{"0":"post-35334","1":"product","2":"type-product","3":"status-publish","4":"has-post-thumbnail","6":"product_cat-a60-classica-332","8":"first","9":"instock","10":"shipping-taxable","11":"purchasable","12":"product-type-simple"},"acf":[],"yoast_head":"<!-- This site is optimized with the Yoast SEO plugin v27.0 - https:\/\/yoast.com\/product\/yoast-seo-wordpress\/ -->\n<title>E27 6w 2200K A60 Led Filam Topo Espelhado PRTGAV4 (220v) - Lumen by Interlampadas<\/title>\n<meta name=\"description\" content=\"A\u00a0Interl\u00e2mpadas oferece uma diversidade de l\u00e2mpadas de LED decorativas com filamento Ideal para restaurantes, hot\u00e9is e resid\u00eancias&lt; L\u00e2mpada Filamento\" \/>\n<meta name=\"robots\" content=\"index, follow, max-snippet:-1, max-image-preview:large, max-video-preview:-1\" \/>\n<link rel=\"canonical\" href=\"https:\/\/www.interlampadas.com\/en\/lampadas\/lampadas-1\/led-150\/decorativas-led-161\/e27-casquilho-grosso-331\/a60-classica-332\/e27-6w-2200k-a60-led-filam-topo-espelhado-prtgav4-220v\/\" \/>\n<meta property=\"og:locale\" content=\"en_US\" \/>\n<meta property=\"og:type\" content=\"article\" \/>\n<meta property=\"og:title\" content=\"E27 6w 2200K A60 Led Filam Topo Espelhado PRTGAV4 (220v) - Lumen by Interlampadas\" \/>\n<meta property=\"og:description\" content=\"A\u00a0Interl\u00e2mpadas oferece uma diversidade de l\u00e2mpadas de LED decorativas com filamento Ideal para restaurantes, hot\u00e9is e resid\u00eancias&lt; L\u00e2mpada Filamento\" \/>\n<meta property=\"og:url\" content=\"https:\/\/www.interlampadas.com\/en\/lampadas\/lampadas-1\/led-150\/decorativas-led-161\/e27-casquilho-grosso-331\/a60-classica-332\/e27-6w-2200k-a60-led-filam-topo-espelhado-prtgav4-220v\/\" \/>\n<meta property=\"og:site_name\" content=\"Lumen by Interlampadas\" \/>\n<meta property=\"article:publisher\" content=\"https:\/\/www.facebook.com\/interlampadas\" \/>\n<meta property=\"article:modified_time\" content=\"2025-08-08T01:52:28+00:00\" \/>\n<meta property=\"og:image\" content=\"https:\/\/www.interlampadas.com\/wp-content\/uploads\/2025\/02\/16821.jpg\" \/>\n\t<meta property=\"og:image:width\" content=\"800\" \/>\n\t<meta property=\"og:image:height\" content=\"800\" \/>\n\t<meta property=\"og:image:type\" content=\"image\/jpeg\" \/>\n<meta name=\"twitter:card\" content=\"summary_large_image\" \/>\n<meta name=\"twitter:label1\" content=\"Est. reading time\" \/>\n\t<meta name=\"twitter:data1\" content=\"1 minute\" \/>\n<script type=\"application\/ld+json\" class=\"yoast-schema-graph\">{\"@context\":\"https:\/\/schema.org\",\"@graph\":[{\"@type\":\"WebPage\",\"@id\":\"https:\/\/www.interlampadas.com\/en\/lampadas\/lampadas-1\/led-150\/decorativas-led-161\/e27-casquilho-grosso-331\/a60-classica-332\/e27-6w-2200k-a60-led-filam-topo-espelhado-prtgav4-220v\/\",\"url\":\"https:\/\/www.interlampadas.com\/en\/lampadas\/lampadas-1\/led-150\/decorativas-led-161\/e27-casquilho-grosso-331\/a60-classica-332\/e27-6w-2200k-a60-led-filam-topo-espelhado-prtgav4-220v\/\",\"name\":\"E27 6w 2200K A60 Led Filam Topo Espelhado PRTGAV4 (220v) - Lumen by Interlampadas\",\"isPartOf\":{\"@id\":\"https:\/\/www.interlampadas.com\/#website\"},\"primaryImageOfPage\":{\"@id\":\"https:\/\/www.interlampadas.com\/en\/lampadas\/lampadas-1\/led-150\/decorativas-led-161\/e27-casquilho-grosso-331\/a60-classica-332\/e27-6w-2200k-a60-led-filam-topo-espelhado-prtgav4-220v\/#primaryimage\"},\"image\":{\"@id\":\"https:\/\/www.interlampadas.com\/en\/lampadas\/lampadas-1\/led-150\/decorativas-led-161\/e27-casquilho-grosso-331\/a60-classica-332\/e27-6w-2200k-a60-led-filam-topo-espelhado-prtgav4-220v\/#primaryimage\"},\"thumbnailUrl\":\"https:\/\/www.interlampadas.com\/wp-content\/uploads\/2025\/02\/16821.jpg\",\"datePublished\":\"2025-02-19T02:48:15+00:00\",\"dateModified\":\"2025-08-08T01:52:28+00:00\",\"description\":\"A\u00a0Interl\u00e2mpadas oferece uma diversidade de l\u00e2mpadas de LED decorativas com filamento Ideal para restaurantes, hot\u00e9is e resid\u00eancias&lt; L\u00e2mpada Filamento\",\"breadcrumb\":{\"@id\":\"https:\/\/www.interlampadas.com\/en\/lampadas\/lampadas-1\/led-150\/decorativas-led-161\/e27-casquilho-grosso-331\/a60-classica-332\/e27-6w-2200k-a60-led-filam-topo-espelhado-prtgav4-220v\/#breadcrumb\"},\"inLanguage\":\"en-US\",\"potentialAction\":[{\"@type\":\"ReadAction\",\"target\":[\"https:\/\/www.interlampadas.com\/en\/lampadas\/lampadas-1\/led-150\/decorativas-led-161\/e27-casquilho-grosso-331\/a60-classica-332\/e27-6w-2200k-a60-led-filam-topo-espelhado-prtgav4-220v\/\"]}]},{\"@type\":\"ImageObject\",\"inLanguage\":\"en-US\",\"@id\":\"https:\/\/www.interlampadas.com\/en\/lampadas\/lampadas-1\/led-150\/decorativas-led-161\/e27-casquilho-grosso-331\/a60-classica-332\/e27-6w-2200k-a60-led-filam-topo-espelhado-prtgav4-220v\/#primaryimage\",\"url\":\"https:\/\/www.interlampadas.com\/wp-content\/uploads\/2025\/02\/16821.jpg\",\"contentUrl\":\"https:\/\/www.interlampadas.com\/wp-content\/uploads\/2025\/02\/16821.jpg\",\"width\":800,\"height\":800,\"caption\":\"E27 6w 2200K A60 Led Filam Topo Espelhado PRTGAV4 (220v)\"},{\"@type\":\"BreadcrumbList\",\"@id\":\"https:\/\/www.interlampadas.com\/en\/lampadas\/lampadas-1\/led-150\/decorativas-led-161\/e27-casquilho-grosso-331\/a60-classica-332\/e27-6w-2200k-a60-led-filam-topo-espelhado-prtgav4-220v\/#breadcrumb\",\"itemListElement\":[{\"@type\":\"ListItem\",\"position\":1,\"name\":\"Home\",\"item\":\"https:\/\/www.interlampadas.com\/en\/\"},{\"@type\":\"ListItem\",\"position\":2,\"name\":\"Loja\",\"item\":\"https:\/\/www.interlampadas.com\/loja\/\"},{\"@type\":\"ListItem\",\"position\":3,\"name\":\"E27 6w 2200K A60 Led Filam Topo Espelhado PRTGAV4 (220v)\"}]},{\"@type\":\"WebSite\",\"@id\":\"https:\/\/www.interlampadas.com\/#website\",\"url\":\"https:\/\/www.interlampadas.com\/\",\"name\":\"Lumen by Interlampadas\",\"description\":\"lampadas\",\"alternateName\":\"Interlampadas\",\"potentialAction\":[{\"@type\":\"SearchAction\",\"target\":{\"@type\":\"EntryPoint\",\"urlTemplate\":\"https:\/\/www.interlampadas.com\/?s={search_term_string}\"},\"query-input\":{\"@type\":\"PropertyValueSpecification\",\"valueRequired\":true,\"valueName\":\"search_term_string\"}}],\"inLanguage\":\"en-US\"}]}<\/script>\n<!-- \/ Yoast SEO plugin. -->","yoast_head_json":{"title":"E27 6w 2200K A60 Led Filam Topo Espelhado PRTGAV4 (220v) - Lumen by Interlampadas","description":"A\u00a0Interl\u00e2mpadas oferece uma diversidade de l\u00e2mpadas de LED decorativas com filamento Ideal para restaurantes, hot\u00e9is e resid\u00eancias&lt; L\u00e2mpada Filamento","robots":{"index":"index","follow":"follow","max-snippet":"max-snippet:-1","max-image-preview":"max-image-preview:large","max-video-preview":"max-video-preview:-1"},"canonical":"https:\/\/www.interlampadas.com\/en\/lampadas\/lampadas-1\/led-150\/decorativas-led-161\/e27-casquilho-grosso-331\/a60-classica-332\/e27-6w-2200k-a60-led-filam-topo-espelhado-prtgav4-220v\/","og_locale":"en_US","og_type":"article","og_title":"E27 6w 2200K A60 Led Filam Topo Espelhado PRTGAV4 (220v) - Lumen by Interlampadas","og_description":"A\u00a0Interl\u00e2mpadas oferece uma diversidade de l\u00e2mpadas de LED decorativas com filamento Ideal para restaurantes, hot\u00e9is e resid\u00eancias&lt; L\u00e2mpada Filamento","og_url":"https:\/\/www.interlampadas.com\/en\/lampadas\/lampadas-1\/led-150\/decorativas-led-161\/e27-casquilho-grosso-331\/a60-classica-332\/e27-6w-2200k-a60-led-filam-topo-espelhado-prtgav4-220v\/","og_site_name":"Lumen by Interlampadas","article_publisher":"https:\/\/www.facebook.com\/interlampadas","article_modified_time":"2025-08-08T01:52:28+00:00","og_image":[{"width":800,"height":800,"url":"https:\/\/www.interlampadas.com\/wp-content\/uploads\/2025\/02\/16821.jpg","type":"image\/jpeg"}],"twitter_card":"summary_large_image","twitter_misc":{"Est. reading time":"1 minute"},"schema":{"@context":"https:\/\/schema.org","@graph":[{"@type":"WebPage","@id":"https:\/\/www.interlampadas.com\/en\/lampadas\/lampadas-1\/led-150\/decorativas-led-161\/e27-casquilho-grosso-331\/a60-classica-332\/e27-6w-2200k-a60-led-filam-topo-espelhado-prtgav4-220v\/","url":"https:\/\/www.interlampadas.com\/en\/lampadas\/lampadas-1\/led-150\/decorativas-led-161\/e27-casquilho-grosso-331\/a60-classica-332\/e27-6w-2200k-a60-led-filam-topo-espelhado-prtgav4-220v\/","name":"E27 6w 2200K A60 Led Filam Topo Espelhado PRTGAV4 (220v) - Lumen by Interlampadas","isPartOf":{"@id":"https:\/\/www.interlampadas.com\/#website"},"primaryImageOfPage":{"@id":"https:\/\/www.interlampadas.com\/en\/lampadas\/lampadas-1\/led-150\/decorativas-led-161\/e27-casquilho-grosso-331\/a60-classica-332\/e27-6w-2200k-a60-led-filam-topo-espelhado-prtgav4-220v\/#primaryimage"},"image":{"@id":"https:\/\/www.interlampadas.com\/en\/lampadas\/lampadas-1\/led-150\/decorativas-led-161\/e27-casquilho-grosso-331\/a60-classica-332\/e27-6w-2200k-a60-led-filam-topo-espelhado-prtgav4-220v\/#primaryimage"},"thumbnailUrl":"https:\/\/www.interlampadas.com\/wp-content\/uploads\/2025\/02\/16821.jpg","datePublished":"2025-02-19T02:48:15+00:00","dateModified":"2025-08-08T01:52:28+00:00","description":"A\u00a0Interl\u00e2mpadas oferece uma diversidade de l\u00e2mpadas de LED decorativas com filamento Ideal para restaurantes, hot\u00e9is e resid\u00eancias&lt; L\u00e2mpada Filamento","breadcrumb":{"@id":"https:\/\/www.interlampadas.com\/en\/lampadas\/lampadas-1\/led-150\/decorativas-led-161\/e27-casquilho-grosso-331\/a60-classica-332\/e27-6w-2200k-a60-led-filam-topo-espelhado-prtgav4-220v\/#breadcrumb"},"inLanguage":"en-US","potentialAction":[{"@type":"ReadAction","target":["https:\/\/www.interlampadas.com\/en\/lampadas\/lampadas-1\/led-150\/decorativas-led-161\/e27-casquilho-grosso-331\/a60-classica-332\/e27-6w-2200k-a60-led-filam-topo-espelhado-prtgav4-220v\/"]}]},{"@type":"ImageObject","inLanguage":"en-US","@id":"https:\/\/www.interlampadas.com\/en\/lampadas\/lampadas-1\/led-150\/decorativas-led-161\/e27-casquilho-grosso-331\/a60-classica-332\/e27-6w-2200k-a60-led-filam-topo-espelhado-prtgav4-220v\/#primaryimage","url":"https:\/\/www.interlampadas.com\/wp-content\/uploads\/2025\/02\/16821.jpg","contentUrl":"https:\/\/www.interlampadas.com\/wp-content\/uploads\/2025\/02\/16821.jpg","width":800,"height":800,"caption":"E27 6w 2200K A60 Led Filam Topo Espelhado PRTGAV4 (220v)"},{"@type":"BreadcrumbList","@id":"https:\/\/www.interlampadas.com\/en\/lampadas\/lampadas-1\/led-150\/decorativas-led-161\/e27-casquilho-grosso-331\/a60-classica-332\/e27-6w-2200k-a60-led-filam-topo-espelhado-prtgav4-220v\/#breadcrumb","itemListElement":[{"@type":"ListItem","position":1,"name":"Home","item":"https:\/\/www.interlampadas.com\/en\/"},{"@type":"ListItem","position":2,"name":"Loja","item":"https:\/\/www.interlampadas.com\/loja\/"},{"@type":"ListItem","position":3,"name":"E27 6w 2200K A60 Led Filam Topo Espelhado PRTGAV4 (220v)"}]},{"@type":"WebSite","@id":"https:\/\/www.interlampadas.com\/#website","url":"https:\/\/www.interlampadas.com\/","name":"Lumen by Interlampadas","description":"lampadas","alternateName":"Interlampadas","potentialAction":[{"@type":"SearchAction","target":{"@type":"EntryPoint","urlTemplate":"https:\/\/www.interlampadas.com\/?s={search_term_string}"},"query-input":{"@type":"PropertyValueSpecification","valueRequired":true,"valueName":"search_term_string"}}],"inLanguage":"en-US"}]}},"brands":[],"_links":{"self":[{"href":"https:\/\/www.interlampadas.com\/en\/wp-json\/wp\/v2\/product\/35334","targetHints":{"allow":["GET"]}}],"collection":[{"href":"https:\/\/www.interlampadas.com\/en\/wp-json\/wp\/v2\/product"}],"about":[{"href":"https:\/\/www.interlampadas.com\/en\/wp-json\/wp\/v2\/types\/product"}],"replies":[{"embeddable":true,"href":"https:\/\/www.interlampadas.com\/en\/wp-json\/wp\/v2\/comments?post=35334"}],"wp:featuredmedia":[{"embeddable":true,"href":"https:\/\/www.interlampadas.com\/en\/wp-json\/wp\/v2\/media\/35332"}],"wp:attachment":[{"href":"https:\/\/www.interlampadas.com\/en\/wp-json\/wp\/v2\/media?parent=35334"}],"wp:term":[{"taxonomy":"pwb-brand","embeddable":true,"href":"https:\/\/www.interlampadas.com\/en\/wp-json\/wp\/v2\/pwb-brand?post=35334"},{"taxonomy":"product_brand","embeddable":true,"href":"https:\/\/www.interlampadas.com\/en\/wp-json\/wp\/v2\/product_brand?post=35334"},{"taxonomy":"product_cat","embeddable":true,"href":"https:\/\/www.interlampadas.com\/en\/wp-json\/wp\/v2\/product_cat?post=35334"},{"taxonomy":"product_tag","embeddable":true,"href":"https:\/\/www.interlampadas.com\/en\/wp-json\/wp\/v2\/product_tag?post=35334"}],"curies":[{"name":"wp","href":"https:\/\/api.w.org\/{rel}","templated":true}]}}