{"id":32519,"date":"2024-10-03T02:47:56","date_gmt":"2024-10-03T01:47:56","guid":{"rendered":"https:\/\/www.interlampadas.com\/lampadas\/sem%20categoria\/gu5-3-12v-35w-36o-fmw-mr16-prt439\/"},"modified":"2026-03-12T02:50:32","modified_gmt":"2026-03-12T02:50:32","slug":"gu5-3-12v-35w-36o-fmw-mr16-lampada-prt440","status":"publish","type":"product","link":"https:\/\/www.interlampadas.com\/en\/lampadas\/lampadas-1\/halogeneo-22\/gu5-3-mr16-255\/gu5-3-12v-35w-36o-fmw-mr16-lampada-prt440\/","title":{"rendered":"GU5,3 12v 35w 36\u00ba FMW MR16 L\u00e2mpada PRT440"},"content":{"rendered":"<p>L\u00e2mpada de halog\u00e9neo;36\u00ba;2000h;regul\u00e1vel:N\u00e3o;<\/p>\n","protected":false},"excerpt":{"rendered":"<p>L\u00e2mpada de halog\u00e9neo;36\u00ba;2000h;regul\u00e1vel:N\u00e3o;<\/p>\n","protected":false},"featured_media":32517,"comment_status":"open","ping_status":"closed","template":"","meta":{"_acf_changed":false},"pwb-brand":[],"product_brand":[],"product_cat":[59],"product_tag":[],"class_list":{"0":"post-32519","1":"product","2":"type-product","3":"status-publish","4":"has-post-thumbnail","6":"product_cat-gu5-3-mr16-255","8":"first","9":"instock","10":"shipping-taxable","11":"purchasable","12":"product-type-simple"},"acf":[],"yoast_head":"<!-- This site is optimized with the Yoast SEO plugin v27.0 - https:\/\/yoast.com\/product\/yoast-seo-wordpress\/ -->\n<title>GU5,3 12v 35w 36\u00ba FMW MR16 L\u00e2mpada PRT440 - Lumen by Interlampadas<\/title>\n<meta name=\"description\" content=\"L\u00e2mpada de halog\u00e9neo;36\u00ba;2000h;regul\u00e1vel:N\u00e3o;\" \/>\n<meta name=\"robots\" content=\"index, follow, max-snippet:-1, max-image-preview:large, max-video-preview:-1\" \/>\n<link rel=\"canonical\" href=\"https:\/\/www.interlampadas.com\/en\/lampadas\/lampadas-1\/halogeneo-22\/gu5-3-mr16-255\/gu5-3-12v-35w-36o-fmw-mr16-lampada-prt440\/\" \/>\n<meta property=\"og:locale\" content=\"en_US\" \/>\n<meta property=\"og:type\" content=\"article\" \/>\n<meta property=\"og:title\" content=\"GU5,3 12v 35w 36\u00ba FMW MR16 L\u00e2mpada PRT440 - Lumen by Interlampadas\" \/>\n<meta property=\"og:description\" content=\"L\u00e2mpada de halog\u00e9neo;36\u00ba;2000h;regul\u00e1vel:N\u00e3o;\" \/>\n<meta property=\"og:url\" content=\"https:\/\/www.interlampadas.com\/en\/lampadas\/lampadas-1\/halogeneo-22\/gu5-3-mr16-255\/gu5-3-12v-35w-36o-fmw-mr16-lampada-prt440\/\" \/>\n<meta property=\"og:site_name\" content=\"Lumen by Interlampadas\" \/>\n<meta property=\"article:publisher\" content=\"https:\/\/www.facebook.com\/interlampadas\" \/>\n<meta property=\"article:modified_time\" content=\"2026-03-12T02:50:32+00:00\" \/>\n<meta property=\"og:image\" content=\"https:\/\/www.interlampadas.com\/wp-content\/uploads\/2024\/10\/6357.jpg\" \/>\n\t<meta property=\"og:image:width\" content=\"663\" \/>\n\t<meta property=\"og:image:height\" content=\"663\" \/>\n\t<meta property=\"og:image:type\" content=\"image\/jpeg\" \/>\n<meta name=\"twitter:card\" content=\"summary_large_image\" \/>\n<script type=\"application\/ld+json\" class=\"yoast-schema-graph\">{\"@context\":\"https:\/\/schema.org\",\"@graph\":[{\"@type\":\"WebPage\",\"@id\":\"https:\/\/www.interlampadas.com\/en\/lampadas\/lampadas-1\/halogeneo-22\/gu5-3-mr16-255\/gu5-3-12v-35w-36o-fmw-mr16-lampada-prt440\/\",\"url\":\"https:\/\/www.interlampadas.com\/en\/lampadas\/lampadas-1\/halogeneo-22\/gu5-3-mr16-255\/gu5-3-12v-35w-36o-fmw-mr16-lampada-prt440\/\",\"name\":\"GU5,3 12v 35w 36\u00ba FMW MR16 L\u00e2mpada PRT440 - Lumen by Interlampadas\",\"isPartOf\":{\"@id\":\"https:\/\/www.interlampadas.com\/#website\"},\"primaryImageOfPage\":{\"@id\":\"https:\/\/www.interlampadas.com\/en\/lampadas\/lampadas-1\/halogeneo-22\/gu5-3-mr16-255\/gu5-3-12v-35w-36o-fmw-mr16-lampada-prt440\/#primaryimage\"},\"image\":{\"@id\":\"https:\/\/www.interlampadas.com\/en\/lampadas\/lampadas-1\/halogeneo-22\/gu5-3-mr16-255\/gu5-3-12v-35w-36o-fmw-mr16-lampada-prt440\/#primaryimage\"},\"thumbnailUrl\":\"https:\/\/www.interlampadas.com\/wp-content\/uploads\/2024\/10\/6357.jpg\",\"datePublished\":\"2024-10-03T01:47:56+00:00\",\"dateModified\":\"2026-03-12T02:50:32+00:00\",\"description\":\"L\u00e2mpada de halog\u00e9neo;36\u00ba;2000h;regul\u00e1vel:N\u00e3o;\",\"breadcrumb\":{\"@id\":\"https:\/\/www.interlampadas.com\/en\/lampadas\/lampadas-1\/halogeneo-22\/gu5-3-mr16-255\/gu5-3-12v-35w-36o-fmw-mr16-lampada-prt440\/#breadcrumb\"},\"inLanguage\":\"en-US\",\"potentialAction\":[{\"@type\":\"ReadAction\",\"target\":[\"https:\/\/www.interlampadas.com\/en\/lampadas\/lampadas-1\/halogeneo-22\/gu5-3-mr16-255\/gu5-3-12v-35w-36o-fmw-mr16-lampada-prt440\/\"]}]},{\"@type\":\"ImageObject\",\"inLanguage\":\"en-US\",\"@id\":\"https:\/\/www.interlampadas.com\/en\/lampadas\/lampadas-1\/halogeneo-22\/gu5-3-mr16-255\/gu5-3-12v-35w-36o-fmw-mr16-lampada-prt440\/#primaryimage\",\"url\":\"https:\/\/www.interlampadas.com\/wp-content\/uploads\/2024\/10\/6357.jpg\",\"contentUrl\":\"https:\/\/www.interlampadas.com\/wp-content\/uploads\/2024\/10\/6357.jpg\",\"width\":663,\"height\":663,\"caption\":\"GU5,3 12v 35w 36\u00ba FMW MR16 PRT439\"},{\"@type\":\"BreadcrumbList\",\"@id\":\"https:\/\/www.interlampadas.com\/en\/lampadas\/lampadas-1\/halogeneo-22\/gu5-3-mr16-255\/gu5-3-12v-35w-36o-fmw-mr16-lampada-prt440\/#breadcrumb\",\"itemListElement\":[{\"@type\":\"ListItem\",\"position\":1,\"name\":\"Home\",\"item\":\"https:\/\/www.interlampadas.com\/en\/\"},{\"@type\":\"ListItem\",\"position\":2,\"name\":\"Loja\",\"item\":\"https:\/\/www.interlampadas.com\/loja\/\"},{\"@type\":\"ListItem\",\"position\":3,\"name\":\"GU5,3 12v 35w 36\u00ba FMW MR16 L\u00e2mpada PRT440\"}]},{\"@type\":\"WebSite\",\"@id\":\"https:\/\/www.interlampadas.com\/#website\",\"url\":\"https:\/\/www.interlampadas.com\/\",\"name\":\"Lumen by Interlampadas\",\"description\":\"lampadas\",\"alternateName\":\"Interlampadas\",\"potentialAction\":[{\"@type\":\"SearchAction\",\"target\":{\"@type\":\"EntryPoint\",\"urlTemplate\":\"https:\/\/www.interlampadas.com\/?s={search_term_string}\"},\"query-input\":{\"@type\":\"PropertyValueSpecification\",\"valueRequired\":true,\"valueName\":\"search_term_string\"}}],\"inLanguage\":\"en-US\"}]}<\/script>\n<!-- \/ Yoast SEO plugin. -->","yoast_head_json":{"title":"GU5,3 12v 35w 36\u00ba FMW MR16 L\u00e2mpada PRT440 - Lumen by Interlampadas","description":"L\u00e2mpada de halog\u00e9neo;36\u00ba;2000h;regul\u00e1vel:N\u00e3o;","robots":{"index":"index","follow":"follow","max-snippet":"max-snippet:-1","max-image-preview":"max-image-preview:large","max-video-preview":"max-video-preview:-1"},"canonical":"https:\/\/www.interlampadas.com\/en\/lampadas\/lampadas-1\/halogeneo-22\/gu5-3-mr16-255\/gu5-3-12v-35w-36o-fmw-mr16-lampada-prt440\/","og_locale":"en_US","og_type":"article","og_title":"GU5,3 12v 35w 36\u00ba FMW MR16 L\u00e2mpada PRT440 - Lumen by Interlampadas","og_description":"L\u00e2mpada de halog\u00e9neo;36\u00ba;2000h;regul\u00e1vel:N\u00e3o;","og_url":"https:\/\/www.interlampadas.com\/en\/lampadas\/lampadas-1\/halogeneo-22\/gu5-3-mr16-255\/gu5-3-12v-35w-36o-fmw-mr16-lampada-prt440\/","og_site_name":"Lumen by Interlampadas","article_publisher":"https:\/\/www.facebook.com\/interlampadas","article_modified_time":"2026-03-12T02:50:32+00:00","og_image":[{"width":663,"height":663,"url":"https:\/\/www.interlampadas.com\/wp-content\/uploads\/2024\/10\/6357.jpg","type":"image\/jpeg"}],"twitter_card":"summary_large_image","schema":{"@context":"https:\/\/schema.org","@graph":[{"@type":"WebPage","@id":"https:\/\/www.interlampadas.com\/en\/lampadas\/lampadas-1\/halogeneo-22\/gu5-3-mr16-255\/gu5-3-12v-35w-36o-fmw-mr16-lampada-prt440\/","url":"https:\/\/www.interlampadas.com\/en\/lampadas\/lampadas-1\/halogeneo-22\/gu5-3-mr16-255\/gu5-3-12v-35w-36o-fmw-mr16-lampada-prt440\/","name":"GU5,3 12v 35w 36\u00ba FMW MR16 L\u00e2mpada PRT440 - Lumen by Interlampadas","isPartOf":{"@id":"https:\/\/www.interlampadas.com\/#website"},"primaryImageOfPage":{"@id":"https:\/\/www.interlampadas.com\/en\/lampadas\/lampadas-1\/halogeneo-22\/gu5-3-mr16-255\/gu5-3-12v-35w-36o-fmw-mr16-lampada-prt440\/#primaryimage"},"image":{"@id":"https:\/\/www.interlampadas.com\/en\/lampadas\/lampadas-1\/halogeneo-22\/gu5-3-mr16-255\/gu5-3-12v-35w-36o-fmw-mr16-lampada-prt440\/#primaryimage"},"thumbnailUrl":"https:\/\/www.interlampadas.com\/wp-content\/uploads\/2024\/10\/6357.jpg","datePublished":"2024-10-03T01:47:56+00:00","dateModified":"2026-03-12T02:50:32+00:00","description":"L\u00e2mpada de halog\u00e9neo;36\u00ba;2000h;regul\u00e1vel:N\u00e3o;","breadcrumb":{"@id":"https:\/\/www.interlampadas.com\/en\/lampadas\/lampadas-1\/halogeneo-22\/gu5-3-mr16-255\/gu5-3-12v-35w-36o-fmw-mr16-lampada-prt440\/#breadcrumb"},"inLanguage":"en-US","potentialAction":[{"@type":"ReadAction","target":["https:\/\/www.interlampadas.com\/en\/lampadas\/lampadas-1\/halogeneo-22\/gu5-3-mr16-255\/gu5-3-12v-35w-36o-fmw-mr16-lampada-prt440\/"]}]},{"@type":"ImageObject","inLanguage":"en-US","@id":"https:\/\/www.interlampadas.com\/en\/lampadas\/lampadas-1\/halogeneo-22\/gu5-3-mr16-255\/gu5-3-12v-35w-36o-fmw-mr16-lampada-prt440\/#primaryimage","url":"https:\/\/www.interlampadas.com\/wp-content\/uploads\/2024\/10\/6357.jpg","contentUrl":"https:\/\/www.interlampadas.com\/wp-content\/uploads\/2024\/10\/6357.jpg","width":663,"height":663,"caption":"GU5,3 12v 35w 36\u00ba FMW MR16 PRT439"},{"@type":"BreadcrumbList","@id":"https:\/\/www.interlampadas.com\/en\/lampadas\/lampadas-1\/halogeneo-22\/gu5-3-mr16-255\/gu5-3-12v-35w-36o-fmw-mr16-lampada-prt440\/#breadcrumb","itemListElement":[{"@type":"ListItem","position":1,"name":"Home","item":"https:\/\/www.interlampadas.com\/en\/"},{"@type":"ListItem","position":2,"name":"Loja","item":"https:\/\/www.interlampadas.com\/loja\/"},{"@type":"ListItem","position":3,"name":"GU5,3 12v 35w 36\u00ba FMW MR16 L\u00e2mpada PRT440"}]},{"@type":"WebSite","@id":"https:\/\/www.interlampadas.com\/#website","url":"https:\/\/www.interlampadas.com\/","name":"Lumen by Interlampadas","description":"lampadas","alternateName":"Interlampadas","potentialAction":[{"@type":"SearchAction","target":{"@type":"EntryPoint","urlTemplate":"https:\/\/www.interlampadas.com\/?s={search_term_string}"},"query-input":{"@type":"PropertyValueSpecification","valueRequired":true,"valueName":"search_term_string"}}],"inLanguage":"en-US"}]}},"brands":[],"_links":{"self":[{"href":"https:\/\/www.interlampadas.com\/en\/wp-json\/wp\/v2\/product\/32519","targetHints":{"allow":["GET"]}}],"collection":[{"href":"https:\/\/www.interlampadas.com\/en\/wp-json\/wp\/v2\/product"}],"about":[{"href":"https:\/\/www.interlampadas.com\/en\/wp-json\/wp\/v2\/types\/product"}],"replies":[{"embeddable":true,"href":"https:\/\/www.interlampadas.com\/en\/wp-json\/wp\/v2\/comments?post=32519"}],"wp:featuredmedia":[{"embeddable":true,"href":"https:\/\/www.interlampadas.com\/en\/wp-json\/wp\/v2\/media\/32517"}],"wp:attachment":[{"href":"https:\/\/www.interlampadas.com\/en\/wp-json\/wp\/v2\/media?parent=32519"}],"wp:term":[{"taxonomy":"pwb-brand","embeddable":true,"href":"https:\/\/www.interlampadas.com\/en\/wp-json\/wp\/v2\/pwb-brand?post=32519"},{"taxonomy":"product_brand","embeddable":true,"href":"https:\/\/www.interlampadas.com\/en\/wp-json\/wp\/v2\/product_brand?post=32519"},{"taxonomy":"product_cat","embeddable":true,"href":"https:\/\/www.interlampadas.com\/en\/wp-json\/wp\/v2\/product_cat?post=32519"},{"taxonomy":"product_tag","embeddable":true,"href":"https:\/\/www.interlampadas.com\/en\/wp-json\/wp\/v2\/product_tag?post=32519"}],"curies":[{"name":"wp","href":"https:\/\/api.w.org\/{rel}","templated":true}]}}