{"id":32439,"date":"2024-09-27T02:47:54","date_gmt":"2024-09-27T01:47:54","guid":{"rendered":"https:\/\/www.interlampadas.com\/lampadas\/sem%20categoria\/e27-4w-2200k-g45-led-filam-topo-espelhado-220v\/"},"modified":"2025-11-07T02:51:57","modified_gmt":"2025-11-07T02:51:57","slug":"e27-4w-2200k-g45-led-filam-topo-espelhado-220v-prtgav4","status":"publish","type":"product","link":"https:\/\/www.interlampadas.com\/en\/lampadas\/lampadas-1\/led-150\/decorativas-led-161\/e27-casquilho-grosso-331\/esfericas-45-50mm-333\/e27-4w-2200k-g45-led-filam-topo-espelhado-220v-prtgav4\/","title":{"rendered":"E27 4w 2200K G45 Led Filam Topo Espelhado (220v) PRTGAV4"},"content":{"rendered":"<p>A\u00a0Interl\u00e2mpadas oferecere uma diversidade de l\u00e2mpadas de LED decorativas com filamento. Ideal para restaurantes, hot\u00e9is e resid\u00eancias<br \/>  \u200bPot\u00eancia (W): 4W<br \/>  Voltagem (V): 220V<br \/>  Base: E27<br \/>  Fluxo luminoso (lm): 400lm<br \/>  Temperatura de cor (K): 2200K<br \/>  \u00c2ngulo [\u00b0]: 120\u00ba<br \/>  Tempo de vida (h): 25000h<br \/>  Grau de prote\u00e7\u00e3o (IP): IP20<br \/>  Material: Vidro<br \/>  Dim\u00e1vel: N\u00e3o<br \/>  Dimens\u00f5es (mm): 45x73mm<br \/>  Certificados:CE &amp; RoHS<\/p>\n","protected":false},"excerpt":{"rendered":"<p>A\u00a0Interl\u00e2mpadas oferecere uma diversidade de l\u00e2mpadas de LED decorativas com filamento. Ideal para restaurantes, hot\u00e9is e resid\u00eancias \u200bPot\u00eancia (W): 4W Voltagem<\/p>\n","protected":false},"featured_media":32437,"comment_status":"open","ping_status":"closed","template":"","meta":{"_acf_changed":false},"pwb-brand":[],"product_brand":[],"product_cat":[267],"product_tag":[],"class_list":{"0":"post-32439","1":"product","2":"type-product","3":"status-publish","4":"has-post-thumbnail","6":"product_cat-esfericas-45-50mm-333","8":"first","9":"instock","10":"shipping-taxable","11":"purchasable","12":"product-type-simple"},"acf":[],"yoast_head":"<!-- This site is optimized with the Yoast SEO plugin v27.0 - https:\/\/yoast.com\/product\/yoast-seo-wordpress\/ -->\n<title>E27 4w 2200K G45 Led Filam Topo Espelhado (220v) PRTGAV4 - Lumen by Interlampadas<\/title>\n<meta name=\"description\" content=\"A\u00a0Interl\u00e2mpadas oferecere uma diversidade de l\u00e2mpadas de LED decorativas com filamento. Ideal para restaurantes, hot\u00e9is e resid\u00eancias \u200bPot\u00eancia (W): 4W\" \/>\n<meta name=\"robots\" content=\"index, follow, max-snippet:-1, max-image-preview:large, max-video-preview:-1\" \/>\n<link rel=\"canonical\" href=\"https:\/\/www.interlampadas.com\/en\/lampadas\/lampadas-1\/led-150\/decorativas-led-161\/e27-casquilho-grosso-331\/esfericas-45-50mm-333\/e27-4w-2200k-g45-led-filam-topo-espelhado-220v-prtgav4\/\" \/>\n<meta property=\"og:locale\" content=\"en_US\" \/>\n<meta property=\"og:type\" content=\"article\" \/>\n<meta property=\"og:title\" content=\"E27 4w 2200K G45 Led Filam Topo Espelhado (220v) PRTGAV4 - Lumen by Interlampadas\" \/>\n<meta property=\"og:description\" content=\"A\u00a0Interl\u00e2mpadas oferecere uma diversidade de l\u00e2mpadas de LED decorativas com filamento. Ideal para restaurantes, hot\u00e9is e resid\u00eancias \u200bPot\u00eancia (W): 4W\" \/>\n<meta property=\"og:url\" content=\"https:\/\/www.interlampadas.com\/en\/lampadas\/lampadas-1\/led-150\/decorativas-led-161\/e27-casquilho-grosso-331\/esfericas-45-50mm-333\/e27-4w-2200k-g45-led-filam-topo-espelhado-220v-prtgav4\/\" \/>\n<meta property=\"og:site_name\" content=\"Lumen by Interlampadas\" \/>\n<meta property=\"article:publisher\" content=\"https:\/\/www.facebook.com\/interlampadas\" \/>\n<meta property=\"article:modified_time\" content=\"2025-11-07T02:51:57+00:00\" \/>\n<meta property=\"og:image\" content=\"https:\/\/www.interlampadas.com\/wp-content\/uploads\/2024\/09\/16684.jpg\" \/>\n\t<meta property=\"og:image:width\" content=\"800\" \/>\n\t<meta property=\"og:image:height\" content=\"800\" \/>\n\t<meta property=\"og:image:type\" content=\"image\/jpeg\" \/>\n<meta name=\"twitter:card\" content=\"summary_large_image\" \/>\n<script type=\"application\/ld+json\" class=\"yoast-schema-graph\">{\"@context\":\"https:\/\/schema.org\",\"@graph\":[{\"@type\":\"WebPage\",\"@id\":\"https:\/\/www.interlampadas.com\/en\/lampadas\/lampadas-1\/led-150\/decorativas-led-161\/e27-casquilho-grosso-331\/esfericas-45-50mm-333\/e27-4w-2200k-g45-led-filam-topo-espelhado-220v-prtgav4\/\",\"url\":\"https:\/\/www.interlampadas.com\/en\/lampadas\/lampadas-1\/led-150\/decorativas-led-161\/e27-casquilho-grosso-331\/esfericas-45-50mm-333\/e27-4w-2200k-g45-led-filam-topo-espelhado-220v-prtgav4\/\",\"name\":\"E27 4w 2200K G45 Led Filam Topo Espelhado (220v) PRTGAV4 - Lumen by Interlampadas\",\"isPartOf\":{\"@id\":\"https:\/\/www.interlampadas.com\/#website\"},\"primaryImageOfPage\":{\"@id\":\"https:\/\/www.interlampadas.com\/en\/lampadas\/lampadas-1\/led-150\/decorativas-led-161\/e27-casquilho-grosso-331\/esfericas-45-50mm-333\/e27-4w-2200k-g45-led-filam-topo-espelhado-220v-prtgav4\/#primaryimage\"},\"image\":{\"@id\":\"https:\/\/www.interlampadas.com\/en\/lampadas\/lampadas-1\/led-150\/decorativas-led-161\/e27-casquilho-grosso-331\/esfericas-45-50mm-333\/e27-4w-2200k-g45-led-filam-topo-espelhado-220v-prtgav4\/#primaryimage\"},\"thumbnailUrl\":\"https:\/\/www.interlampadas.com\/wp-content\/uploads\/2024\/09\/16684.jpg\",\"datePublished\":\"2024-09-27T01:47:54+00:00\",\"dateModified\":\"2025-11-07T02:51:57+00:00\",\"description\":\"A\u00a0Interl\u00e2mpadas oferecere uma diversidade de l\u00e2mpadas de LED decorativas com filamento. Ideal para restaurantes, hot\u00e9is e resid\u00eancias \u200bPot\u00eancia (W): 4W\",\"breadcrumb\":{\"@id\":\"https:\/\/www.interlampadas.com\/en\/lampadas\/lampadas-1\/led-150\/decorativas-led-161\/e27-casquilho-grosso-331\/esfericas-45-50mm-333\/e27-4w-2200k-g45-led-filam-topo-espelhado-220v-prtgav4\/#breadcrumb\"},\"inLanguage\":\"en-US\",\"potentialAction\":[{\"@type\":\"ReadAction\",\"target\":[\"https:\/\/www.interlampadas.com\/en\/lampadas\/lampadas-1\/led-150\/decorativas-led-161\/e27-casquilho-grosso-331\/esfericas-45-50mm-333\/e27-4w-2200k-g45-led-filam-topo-espelhado-220v-prtgav4\/\"]}]},{\"@type\":\"ImageObject\",\"inLanguage\":\"en-US\",\"@id\":\"https:\/\/www.interlampadas.com\/en\/lampadas\/lampadas-1\/led-150\/decorativas-led-161\/e27-casquilho-grosso-331\/esfericas-45-50mm-333\/e27-4w-2200k-g45-led-filam-topo-espelhado-220v-prtgav4\/#primaryimage\",\"url\":\"https:\/\/www.interlampadas.com\/wp-content\/uploads\/2024\/09\/16684.jpg\",\"contentUrl\":\"https:\/\/www.interlampadas.com\/wp-content\/uploads\/2024\/09\/16684.jpg\",\"width\":800,\"height\":800,\"caption\":\"E27 4w 2200K G45 Led Filam Topo Espelhado (220v)\"},{\"@type\":\"BreadcrumbList\",\"@id\":\"https:\/\/www.interlampadas.com\/en\/lampadas\/lampadas-1\/led-150\/decorativas-led-161\/e27-casquilho-grosso-331\/esfericas-45-50mm-333\/e27-4w-2200k-g45-led-filam-topo-espelhado-220v-prtgav4\/#breadcrumb\",\"itemListElement\":[{\"@type\":\"ListItem\",\"position\":1,\"name\":\"Home\",\"item\":\"https:\/\/www.interlampadas.com\/en\/\"},{\"@type\":\"ListItem\",\"position\":2,\"name\":\"Loja\",\"item\":\"https:\/\/www.interlampadas.com\/loja\/\"},{\"@type\":\"ListItem\",\"position\":3,\"name\":\"E27 4w 2200K G45 Led Filam Topo Espelhado (220v) PRTGAV4\"}]},{\"@type\":\"WebSite\",\"@id\":\"https:\/\/www.interlampadas.com\/#website\",\"url\":\"https:\/\/www.interlampadas.com\/\",\"name\":\"Lumen by Interlampadas\",\"description\":\"lampadas\",\"alternateName\":\"Interlampadas\",\"potentialAction\":[{\"@type\":\"SearchAction\",\"target\":{\"@type\":\"EntryPoint\",\"urlTemplate\":\"https:\/\/www.interlampadas.com\/?s={search_term_string}\"},\"query-input\":{\"@type\":\"PropertyValueSpecification\",\"valueRequired\":true,\"valueName\":\"search_term_string\"}}],\"inLanguage\":\"en-US\"}]}<\/script>\n<!-- \/ Yoast SEO plugin. -->","yoast_head_json":{"title":"E27 4w 2200K G45 Led Filam Topo Espelhado (220v) PRTGAV4 - Lumen by Interlampadas","description":"A\u00a0Interl\u00e2mpadas oferecere uma diversidade de l\u00e2mpadas de LED decorativas com filamento. Ideal para restaurantes, hot\u00e9is e resid\u00eancias \u200bPot\u00eancia (W): 4W","robots":{"index":"index","follow":"follow","max-snippet":"max-snippet:-1","max-image-preview":"max-image-preview:large","max-video-preview":"max-video-preview:-1"},"canonical":"https:\/\/www.interlampadas.com\/en\/lampadas\/lampadas-1\/led-150\/decorativas-led-161\/e27-casquilho-grosso-331\/esfericas-45-50mm-333\/e27-4w-2200k-g45-led-filam-topo-espelhado-220v-prtgav4\/","og_locale":"en_US","og_type":"article","og_title":"E27 4w 2200K G45 Led Filam Topo Espelhado (220v) PRTGAV4 - Lumen by Interlampadas","og_description":"A\u00a0Interl\u00e2mpadas oferecere uma diversidade de l\u00e2mpadas de LED decorativas com filamento. Ideal para restaurantes, hot\u00e9is e resid\u00eancias \u200bPot\u00eancia (W): 4W","og_url":"https:\/\/www.interlampadas.com\/en\/lampadas\/lampadas-1\/led-150\/decorativas-led-161\/e27-casquilho-grosso-331\/esfericas-45-50mm-333\/e27-4w-2200k-g45-led-filam-topo-espelhado-220v-prtgav4\/","og_site_name":"Lumen by Interlampadas","article_publisher":"https:\/\/www.facebook.com\/interlampadas","article_modified_time":"2025-11-07T02:51:57+00:00","og_image":[{"width":800,"height":800,"url":"https:\/\/www.interlampadas.com\/wp-content\/uploads\/2024\/09\/16684.jpg","type":"image\/jpeg"}],"twitter_card":"summary_large_image","schema":{"@context":"https:\/\/schema.org","@graph":[{"@type":"WebPage","@id":"https:\/\/www.interlampadas.com\/en\/lampadas\/lampadas-1\/led-150\/decorativas-led-161\/e27-casquilho-grosso-331\/esfericas-45-50mm-333\/e27-4w-2200k-g45-led-filam-topo-espelhado-220v-prtgav4\/","url":"https:\/\/www.interlampadas.com\/en\/lampadas\/lampadas-1\/led-150\/decorativas-led-161\/e27-casquilho-grosso-331\/esfericas-45-50mm-333\/e27-4w-2200k-g45-led-filam-topo-espelhado-220v-prtgav4\/","name":"E27 4w 2200K G45 Led Filam Topo Espelhado (220v) PRTGAV4 - Lumen by Interlampadas","isPartOf":{"@id":"https:\/\/www.interlampadas.com\/#website"},"primaryImageOfPage":{"@id":"https:\/\/www.interlampadas.com\/en\/lampadas\/lampadas-1\/led-150\/decorativas-led-161\/e27-casquilho-grosso-331\/esfericas-45-50mm-333\/e27-4w-2200k-g45-led-filam-topo-espelhado-220v-prtgav4\/#primaryimage"},"image":{"@id":"https:\/\/www.interlampadas.com\/en\/lampadas\/lampadas-1\/led-150\/decorativas-led-161\/e27-casquilho-grosso-331\/esfericas-45-50mm-333\/e27-4w-2200k-g45-led-filam-topo-espelhado-220v-prtgav4\/#primaryimage"},"thumbnailUrl":"https:\/\/www.interlampadas.com\/wp-content\/uploads\/2024\/09\/16684.jpg","datePublished":"2024-09-27T01:47:54+00:00","dateModified":"2025-11-07T02:51:57+00:00","description":"A\u00a0Interl\u00e2mpadas oferecere uma diversidade de l\u00e2mpadas de LED decorativas com filamento. Ideal para restaurantes, hot\u00e9is e resid\u00eancias \u200bPot\u00eancia (W): 4W","breadcrumb":{"@id":"https:\/\/www.interlampadas.com\/en\/lampadas\/lampadas-1\/led-150\/decorativas-led-161\/e27-casquilho-grosso-331\/esfericas-45-50mm-333\/e27-4w-2200k-g45-led-filam-topo-espelhado-220v-prtgav4\/#breadcrumb"},"inLanguage":"en-US","potentialAction":[{"@type":"ReadAction","target":["https:\/\/www.interlampadas.com\/en\/lampadas\/lampadas-1\/led-150\/decorativas-led-161\/e27-casquilho-grosso-331\/esfericas-45-50mm-333\/e27-4w-2200k-g45-led-filam-topo-espelhado-220v-prtgav4\/"]}]},{"@type":"ImageObject","inLanguage":"en-US","@id":"https:\/\/www.interlampadas.com\/en\/lampadas\/lampadas-1\/led-150\/decorativas-led-161\/e27-casquilho-grosso-331\/esfericas-45-50mm-333\/e27-4w-2200k-g45-led-filam-topo-espelhado-220v-prtgav4\/#primaryimage","url":"https:\/\/www.interlampadas.com\/wp-content\/uploads\/2024\/09\/16684.jpg","contentUrl":"https:\/\/www.interlampadas.com\/wp-content\/uploads\/2024\/09\/16684.jpg","width":800,"height":800,"caption":"E27 4w 2200K G45 Led Filam Topo Espelhado (220v)"},{"@type":"BreadcrumbList","@id":"https:\/\/www.interlampadas.com\/en\/lampadas\/lampadas-1\/led-150\/decorativas-led-161\/e27-casquilho-grosso-331\/esfericas-45-50mm-333\/e27-4w-2200k-g45-led-filam-topo-espelhado-220v-prtgav4\/#breadcrumb","itemListElement":[{"@type":"ListItem","position":1,"name":"Home","item":"https:\/\/www.interlampadas.com\/en\/"},{"@type":"ListItem","position":2,"name":"Loja","item":"https:\/\/www.interlampadas.com\/loja\/"},{"@type":"ListItem","position":3,"name":"E27 4w 2200K G45 Led Filam Topo Espelhado (220v) PRTGAV4"}]},{"@type":"WebSite","@id":"https:\/\/www.interlampadas.com\/#website","url":"https:\/\/www.interlampadas.com\/","name":"Lumen by Interlampadas","description":"lampadas","alternateName":"Interlampadas","potentialAction":[{"@type":"SearchAction","target":{"@type":"EntryPoint","urlTemplate":"https:\/\/www.interlampadas.com\/?s={search_term_string}"},"query-input":{"@type":"PropertyValueSpecification","valueRequired":true,"valueName":"search_term_string"}}],"inLanguage":"en-US"}]}},"brands":[],"_links":{"self":[{"href":"https:\/\/www.interlampadas.com\/en\/wp-json\/wp\/v2\/product\/32439","targetHints":{"allow":["GET"]}}],"collection":[{"href":"https:\/\/www.interlampadas.com\/en\/wp-json\/wp\/v2\/product"}],"about":[{"href":"https:\/\/www.interlampadas.com\/en\/wp-json\/wp\/v2\/types\/product"}],"replies":[{"embeddable":true,"href":"https:\/\/www.interlampadas.com\/en\/wp-json\/wp\/v2\/comments?post=32439"}],"wp:featuredmedia":[{"embeddable":true,"href":"https:\/\/www.interlampadas.com\/en\/wp-json\/wp\/v2\/media\/32437"}],"wp:attachment":[{"href":"https:\/\/www.interlampadas.com\/en\/wp-json\/wp\/v2\/media?parent=32439"}],"wp:term":[{"taxonomy":"pwb-brand","embeddable":true,"href":"https:\/\/www.interlampadas.com\/en\/wp-json\/wp\/v2\/pwb-brand?post=32439"},{"taxonomy":"product_brand","embeddable":true,"href":"https:\/\/www.interlampadas.com\/en\/wp-json\/wp\/v2\/product_brand?post=32439"},{"taxonomy":"product_cat","embeddable":true,"href":"https:\/\/www.interlampadas.com\/en\/wp-json\/wp\/v2\/product_cat?post=32439"},{"taxonomy":"product_tag","embeddable":true,"href":"https:\/\/www.interlampadas.com\/en\/wp-json\/wp\/v2\/product_tag?post=32439"}],"curies":[{"name":"wp","href":"https:\/\/api.w.org\/{rel}","templated":true}]}}