{"id":31624,"date":"2024-08-02T02:48:02","date_gmt":"2024-08-02T01:48:02","guid":{"rendered":"https:\/\/www.interlampadas.com\/lampadas\/sem%20categoria\/4pin-55w-g10q-925mm-tuv-germicida\/"},"modified":"2025-07-29T02:52:24","modified_gmt":"2025-07-29T01:52:24","slug":"4pin-55w-g10q-925mm-tuv-gph925t5l-4-ha-lampada-germicida-prtac","status":"publish","type":"product","link":"https:\/\/www.interlampadas.com\/en\/lampadas\/lampadas-1\/ultravioleta-23\/germicidas-desinfeccao-26\/4pin-317\/4pin-55w-g10q-925mm-tuv-gph925t5l-4-ha-lampada-germicida-prtac\/","title":{"rendered":"4PIN 55w G10q 925mm TUV GPH925T5L\/4 HA L\u00e2mpada Germicida PRTAC"},"content":{"rendered":"<p>L\u00e2mpada Germicida de Baixa Press\u00e3o de 4 PIN ;26x925xmm;regul\u00e1vel:N\u00e3o;<br \/>  HQUA-TWS-12L 55W Germicidal UV Tube<br \/>  GPH925T5L\/4 ultraviolet lamp.<br \/>  Pot\u00eancia: 55W<br \/>  Lamp Voltage: 105V<br \/>  Comprimento: 925mm<br \/>  Base: G10q<br \/>  Comprimento de onda: 254nm<br \/>  GPH925T5L\/4 HA<br \/>  GPH925T5L\/4 LT<br \/>  GPH925T5L\/LS\/55W<\/p>\n","protected":false},"excerpt":{"rendered":"<p>L\u00e2mpada Germicida de Baixa Press\u00e3o de 4 PIN ;26x925xmm;regul\u00e1vel:N\u00e3o; HQUA-TWS-12L 55W Germicidal UV Tube GPH925T5L\/4 ultraviolet lamp. Pot\u00eancia: 55W Lamp Voltage:<\/p>\n","protected":false},"featured_media":31622,"comment_status":"open","ping_status":"closed","template":"","meta":{"_acf_changed":false},"pwb-brand":[],"product_brand":[],"product_cat":[95],"product_tag":[],"class_list":{"0":"post-31624","1":"product","2":"type-product","3":"status-publish","4":"has-post-thumbnail","6":"product_cat-4pin-317","8":"first","9":"instock","10":"shipping-taxable","11":"purchasable","12":"product-type-simple"},"acf":[],"yoast_head":"<!-- This site is optimized with the Yoast SEO plugin v27.0 - https:\/\/yoast.com\/product\/yoast-seo-wordpress\/ -->\n<title>4PIN 55w G10q 925mm TUV GPH925T5L\/4 HA L\u00e2mpada Germicida PRTAC - Lumen by Interlampadas<\/title>\n<meta name=\"description\" content=\"L\u00e2mpada Germicida de Baixa Press\u00e3o de 4 PIN ;26x925xmm;regul\u00e1vel:N\u00e3o; HQUA-TWS-12L 55W Germicidal UV Tube GPH925T5L\/4 ultraviolet lamp. Pot\u00eancia: 55W Lamp\" \/>\n<meta name=\"robots\" content=\"index, follow, max-snippet:-1, max-image-preview:large, max-video-preview:-1\" \/>\n<link rel=\"canonical\" href=\"https:\/\/www.interlampadas.com\/en\/lampadas\/lampadas-1\/ultravioleta-23\/germicidas-desinfeccao-26\/4pin-317\/4pin-55w-g10q-925mm-tuv-gph925t5l-4-ha-lampada-germicida-prtac\/\" \/>\n<meta property=\"og:locale\" content=\"en_US\" \/>\n<meta property=\"og:type\" content=\"article\" \/>\n<meta property=\"og:title\" content=\"4PIN 55w G10q 925mm TUV GPH925T5L\/4 HA L\u00e2mpada Germicida PRTAC - Lumen by Interlampadas\" \/>\n<meta property=\"og:description\" content=\"L\u00e2mpada Germicida de Baixa Press\u00e3o de 4 PIN ;26x925xmm;regul\u00e1vel:N\u00e3o; HQUA-TWS-12L 55W Germicidal UV Tube GPH925T5L\/4 ultraviolet lamp. Pot\u00eancia: 55W Lamp\" \/>\n<meta property=\"og:url\" content=\"https:\/\/www.interlampadas.com\/en\/lampadas\/lampadas-1\/ultravioleta-23\/germicidas-desinfeccao-26\/4pin-317\/4pin-55w-g10q-925mm-tuv-gph925t5l-4-ha-lampada-germicida-prtac\/\" \/>\n<meta property=\"og:site_name\" content=\"Lumen by Interlampadas\" \/>\n<meta property=\"article:publisher\" content=\"https:\/\/www.facebook.com\/interlampadas\" \/>\n<meta property=\"article:modified_time\" content=\"2025-07-29T01:52:24+00:00\" \/>\n<meta property=\"og:image\" content=\"https:\/\/www.interlampadas.com\/wp-content\/uploads\/2024\/08\/15023.jpg\" \/>\n\t<meta property=\"og:image:width\" content=\"800\" \/>\n\t<meta property=\"og:image:height\" content=\"566\" \/>\n\t<meta property=\"og:image:type\" content=\"image\/jpeg\" \/>\n<meta name=\"twitter:card\" content=\"summary_large_image\" \/>\n<script type=\"application\/ld+json\" class=\"yoast-schema-graph\">{\"@context\":\"https:\/\/schema.org\",\"@graph\":[{\"@type\":\"WebPage\",\"@id\":\"https:\/\/www.interlampadas.com\/en\/lampadas\/lampadas-1\/ultravioleta-23\/germicidas-desinfeccao-26\/4pin-317\/4pin-55w-g10q-925mm-tuv-gph925t5l-4-ha-lampada-germicida-prtac\/\",\"url\":\"https:\/\/www.interlampadas.com\/en\/lampadas\/lampadas-1\/ultravioleta-23\/germicidas-desinfeccao-26\/4pin-317\/4pin-55w-g10q-925mm-tuv-gph925t5l-4-ha-lampada-germicida-prtac\/\",\"name\":\"4PIN 55w G10q 925mm TUV GPH925T5L\/4 HA L\u00e2mpada Germicida PRTAC - Lumen by Interlampadas\",\"isPartOf\":{\"@id\":\"https:\/\/www.interlampadas.com\/#website\"},\"primaryImageOfPage\":{\"@id\":\"https:\/\/www.interlampadas.com\/en\/lampadas\/lampadas-1\/ultravioleta-23\/germicidas-desinfeccao-26\/4pin-317\/4pin-55w-g10q-925mm-tuv-gph925t5l-4-ha-lampada-germicida-prtac\/#primaryimage\"},\"image\":{\"@id\":\"https:\/\/www.interlampadas.com\/en\/lampadas\/lampadas-1\/ultravioleta-23\/germicidas-desinfeccao-26\/4pin-317\/4pin-55w-g10q-925mm-tuv-gph925t5l-4-ha-lampada-germicida-prtac\/#primaryimage\"},\"thumbnailUrl\":\"https:\/\/www.interlampadas.com\/wp-content\/uploads\/2024\/08\/15023.jpg\",\"datePublished\":\"2024-08-02T01:48:02+00:00\",\"dateModified\":\"2025-07-29T01:52:24+00:00\",\"description\":\"L\u00e2mpada Germicida de Baixa Press\u00e3o de 4 PIN ;26x925xmm;regul\u00e1vel:N\u00e3o; HQUA-TWS-12L 55W Germicidal UV Tube GPH925T5L\/4 ultraviolet lamp. Pot\u00eancia: 55W Lamp\",\"breadcrumb\":{\"@id\":\"https:\/\/www.interlampadas.com\/en\/lampadas\/lampadas-1\/ultravioleta-23\/germicidas-desinfeccao-26\/4pin-317\/4pin-55w-g10q-925mm-tuv-gph925t5l-4-ha-lampada-germicida-prtac\/#breadcrumb\"},\"inLanguage\":\"en-US\",\"potentialAction\":[{\"@type\":\"ReadAction\",\"target\":[\"https:\/\/www.interlampadas.com\/en\/lampadas\/lampadas-1\/ultravioleta-23\/germicidas-desinfeccao-26\/4pin-317\/4pin-55w-g10q-925mm-tuv-gph925t5l-4-ha-lampada-germicida-prtac\/\"]}]},{\"@type\":\"ImageObject\",\"inLanguage\":\"en-US\",\"@id\":\"https:\/\/www.interlampadas.com\/en\/lampadas\/lampadas-1\/ultravioleta-23\/germicidas-desinfeccao-26\/4pin-317\/4pin-55w-g10q-925mm-tuv-gph925t5l-4-ha-lampada-germicida-prtac\/#primaryimage\",\"url\":\"https:\/\/www.interlampadas.com\/wp-content\/uploads\/2024\/08\/15023.jpg\",\"contentUrl\":\"https:\/\/www.interlampadas.com\/wp-content\/uploads\/2024\/08\/15023.jpg\",\"width\":800,\"height\":566,\"caption\":\"4PIN 55w G10q 925mm TUV Germicida\"},{\"@type\":\"BreadcrumbList\",\"@id\":\"https:\/\/www.interlampadas.com\/en\/lampadas\/lampadas-1\/ultravioleta-23\/germicidas-desinfeccao-26\/4pin-317\/4pin-55w-g10q-925mm-tuv-gph925t5l-4-ha-lampada-germicida-prtac\/#breadcrumb\",\"itemListElement\":[{\"@type\":\"ListItem\",\"position\":1,\"name\":\"Home\",\"item\":\"https:\/\/www.interlampadas.com\/en\/\"},{\"@type\":\"ListItem\",\"position\":2,\"name\":\"Loja\",\"item\":\"https:\/\/www.interlampadas.com\/loja\/\"},{\"@type\":\"ListItem\",\"position\":3,\"name\":\"4PIN 55w G10q 925mm TUV GPH925T5L\/4 HA L\u00e2mpada Germicida PRTAC\"}]},{\"@type\":\"WebSite\",\"@id\":\"https:\/\/www.interlampadas.com\/#website\",\"url\":\"https:\/\/www.interlampadas.com\/\",\"name\":\"Lumen by Interlampadas\",\"description\":\"lampadas\",\"alternateName\":\"Interlampadas\",\"potentialAction\":[{\"@type\":\"SearchAction\",\"target\":{\"@type\":\"EntryPoint\",\"urlTemplate\":\"https:\/\/www.interlampadas.com\/?s={search_term_string}\"},\"query-input\":{\"@type\":\"PropertyValueSpecification\",\"valueRequired\":true,\"valueName\":\"search_term_string\"}}],\"inLanguage\":\"en-US\"}]}<\/script>\n<!-- \/ Yoast SEO plugin. -->","yoast_head_json":{"title":"4PIN 55w G10q 925mm TUV GPH925T5L\/4 HA L\u00e2mpada Germicida PRTAC - Lumen by Interlampadas","description":"L\u00e2mpada Germicida de Baixa Press\u00e3o de 4 PIN ;26x925xmm;regul\u00e1vel:N\u00e3o; HQUA-TWS-12L 55W Germicidal UV Tube GPH925T5L\/4 ultraviolet lamp. Pot\u00eancia: 55W Lamp","robots":{"index":"index","follow":"follow","max-snippet":"max-snippet:-1","max-image-preview":"max-image-preview:large","max-video-preview":"max-video-preview:-1"},"canonical":"https:\/\/www.interlampadas.com\/en\/lampadas\/lampadas-1\/ultravioleta-23\/germicidas-desinfeccao-26\/4pin-317\/4pin-55w-g10q-925mm-tuv-gph925t5l-4-ha-lampada-germicida-prtac\/","og_locale":"en_US","og_type":"article","og_title":"4PIN 55w G10q 925mm TUV GPH925T5L\/4 HA L\u00e2mpada Germicida PRTAC - Lumen by Interlampadas","og_description":"L\u00e2mpada Germicida de Baixa Press\u00e3o de 4 PIN ;26x925xmm;regul\u00e1vel:N\u00e3o; HQUA-TWS-12L 55W Germicidal UV Tube GPH925T5L\/4 ultraviolet lamp. Pot\u00eancia: 55W Lamp","og_url":"https:\/\/www.interlampadas.com\/en\/lampadas\/lampadas-1\/ultravioleta-23\/germicidas-desinfeccao-26\/4pin-317\/4pin-55w-g10q-925mm-tuv-gph925t5l-4-ha-lampada-germicida-prtac\/","og_site_name":"Lumen by Interlampadas","article_publisher":"https:\/\/www.facebook.com\/interlampadas","article_modified_time":"2025-07-29T01:52:24+00:00","og_image":[{"width":800,"height":566,"url":"https:\/\/www.interlampadas.com\/wp-content\/uploads\/2024\/08\/15023.jpg","type":"image\/jpeg"}],"twitter_card":"summary_large_image","schema":{"@context":"https:\/\/schema.org","@graph":[{"@type":"WebPage","@id":"https:\/\/www.interlampadas.com\/en\/lampadas\/lampadas-1\/ultravioleta-23\/germicidas-desinfeccao-26\/4pin-317\/4pin-55w-g10q-925mm-tuv-gph925t5l-4-ha-lampada-germicida-prtac\/","url":"https:\/\/www.interlampadas.com\/en\/lampadas\/lampadas-1\/ultravioleta-23\/germicidas-desinfeccao-26\/4pin-317\/4pin-55w-g10q-925mm-tuv-gph925t5l-4-ha-lampada-germicida-prtac\/","name":"4PIN 55w G10q 925mm TUV GPH925T5L\/4 HA L\u00e2mpada Germicida PRTAC - Lumen by Interlampadas","isPartOf":{"@id":"https:\/\/www.interlampadas.com\/#website"},"primaryImageOfPage":{"@id":"https:\/\/www.interlampadas.com\/en\/lampadas\/lampadas-1\/ultravioleta-23\/germicidas-desinfeccao-26\/4pin-317\/4pin-55w-g10q-925mm-tuv-gph925t5l-4-ha-lampada-germicida-prtac\/#primaryimage"},"image":{"@id":"https:\/\/www.interlampadas.com\/en\/lampadas\/lampadas-1\/ultravioleta-23\/germicidas-desinfeccao-26\/4pin-317\/4pin-55w-g10q-925mm-tuv-gph925t5l-4-ha-lampada-germicida-prtac\/#primaryimage"},"thumbnailUrl":"https:\/\/www.interlampadas.com\/wp-content\/uploads\/2024\/08\/15023.jpg","datePublished":"2024-08-02T01:48:02+00:00","dateModified":"2025-07-29T01:52:24+00:00","description":"L\u00e2mpada Germicida de Baixa Press\u00e3o de 4 PIN ;26x925xmm;regul\u00e1vel:N\u00e3o; HQUA-TWS-12L 55W Germicidal UV Tube GPH925T5L\/4 ultraviolet lamp. Pot\u00eancia: 55W Lamp","breadcrumb":{"@id":"https:\/\/www.interlampadas.com\/en\/lampadas\/lampadas-1\/ultravioleta-23\/germicidas-desinfeccao-26\/4pin-317\/4pin-55w-g10q-925mm-tuv-gph925t5l-4-ha-lampada-germicida-prtac\/#breadcrumb"},"inLanguage":"en-US","potentialAction":[{"@type":"ReadAction","target":["https:\/\/www.interlampadas.com\/en\/lampadas\/lampadas-1\/ultravioleta-23\/germicidas-desinfeccao-26\/4pin-317\/4pin-55w-g10q-925mm-tuv-gph925t5l-4-ha-lampada-germicida-prtac\/"]}]},{"@type":"ImageObject","inLanguage":"en-US","@id":"https:\/\/www.interlampadas.com\/en\/lampadas\/lampadas-1\/ultravioleta-23\/germicidas-desinfeccao-26\/4pin-317\/4pin-55w-g10q-925mm-tuv-gph925t5l-4-ha-lampada-germicida-prtac\/#primaryimage","url":"https:\/\/www.interlampadas.com\/wp-content\/uploads\/2024\/08\/15023.jpg","contentUrl":"https:\/\/www.interlampadas.com\/wp-content\/uploads\/2024\/08\/15023.jpg","width":800,"height":566,"caption":"4PIN 55w G10q 925mm TUV Germicida"},{"@type":"BreadcrumbList","@id":"https:\/\/www.interlampadas.com\/en\/lampadas\/lampadas-1\/ultravioleta-23\/germicidas-desinfeccao-26\/4pin-317\/4pin-55w-g10q-925mm-tuv-gph925t5l-4-ha-lampada-germicida-prtac\/#breadcrumb","itemListElement":[{"@type":"ListItem","position":1,"name":"Home","item":"https:\/\/www.interlampadas.com\/en\/"},{"@type":"ListItem","position":2,"name":"Loja","item":"https:\/\/www.interlampadas.com\/loja\/"},{"@type":"ListItem","position":3,"name":"4PIN 55w G10q 925mm TUV GPH925T5L\/4 HA L\u00e2mpada Germicida PRTAC"}]},{"@type":"WebSite","@id":"https:\/\/www.interlampadas.com\/#website","url":"https:\/\/www.interlampadas.com\/","name":"Lumen by Interlampadas","description":"lampadas","alternateName":"Interlampadas","potentialAction":[{"@type":"SearchAction","target":{"@type":"EntryPoint","urlTemplate":"https:\/\/www.interlampadas.com\/?s={search_term_string}"},"query-input":{"@type":"PropertyValueSpecification","valueRequired":true,"valueName":"search_term_string"}}],"inLanguage":"en-US"}]}},"brands":[],"_links":{"self":[{"href":"https:\/\/www.interlampadas.com\/en\/wp-json\/wp\/v2\/product\/31624","targetHints":{"allow":["GET"]}}],"collection":[{"href":"https:\/\/www.interlampadas.com\/en\/wp-json\/wp\/v2\/product"}],"about":[{"href":"https:\/\/www.interlampadas.com\/en\/wp-json\/wp\/v2\/types\/product"}],"replies":[{"embeddable":true,"href":"https:\/\/www.interlampadas.com\/en\/wp-json\/wp\/v2\/comments?post=31624"}],"wp:featuredmedia":[{"embeddable":true,"href":"https:\/\/www.interlampadas.com\/en\/wp-json\/wp\/v2\/media\/31622"}],"wp:attachment":[{"href":"https:\/\/www.interlampadas.com\/en\/wp-json\/wp\/v2\/media?parent=31624"}],"wp:term":[{"taxonomy":"pwb-brand","embeddable":true,"href":"https:\/\/www.interlampadas.com\/en\/wp-json\/wp\/v2\/pwb-brand?post=31624"},{"taxonomy":"product_brand","embeddable":true,"href":"https:\/\/www.interlampadas.com\/en\/wp-json\/wp\/v2\/product_brand?post=31624"},{"taxonomy":"product_cat","embeddable":true,"href":"https:\/\/www.interlampadas.com\/en\/wp-json\/wp\/v2\/product_cat?post=31624"},{"taxonomy":"product_tag","embeddable":true,"href":"https:\/\/www.interlampadas.com\/en\/wp-json\/wp\/v2\/product_tag?post=31624"}],"curies":[{"name":"wp","href":"https:\/\/api.w.org\/{rel}","templated":true}]}}