{"id":25921,"date":"2023-10-11T02:46:57","date_gmt":"2023-10-11T01:46:57","guid":{"rendered":"https:\/\/www.interlampadas.com\/lampadas\/sem%20categoria\/candeeiro-de-mesa-portatil-recarregavel-irix-usb-3w-cct-ip20-gold\/"},"modified":"2025-12-24T03:06:15","modified_gmt":"2025-12-24T03:06:15","slug":"candeeiro-de-mesa-portatil-recarregavel-irix-usb-3w-cct-ip20-gold","status":"publish","type":"product","link":"https:\/\/www.interlampadas.com\/en\/lampadas\/luminarias-2\/candeeiros-portateis-390\/candeeiro-de-mesa-portatil-recarregavel-irix-usb-3w-cct-ip20-gold\/","title":{"rendered":"Candeeiro de Mesa Port\u00e1til Recarreg\u00e1vel Irix USB 3w CCT IP20 Gold"},"content":{"rendered":"<p>Candeeiro de Mesa LED 3W Port\u00e1til com Bateria USB Recarreg\u00e1vel \u00e9 o ponto de ilumina\u00e7\u00e3o decorativo perfeito para o acompanhar no seu dia a dia. Devido ao seu tamanho e design, adaptar-se-\u00e1 perfeitamente ao espa\u00e7o pretendido.<br \/>  Detalhes t\u00e9cnicos<br \/>  Pot\u00eancia: 3 W<br \/>  Classe Isolamento El\u00e9trico: III<br \/>  Regulavel: Toque<br \/>  Cantidade de LEDs: 24<br \/>  Cor da luz: CCT<br \/>  Temperatura da Cor: 3000K &#8211; 4500K &#8211; 6000K<br \/>  CRI: 80<br \/>  Luminosidade: 170 lm<br \/>  Uso: Interior<br \/>  Prote\u00e7\u00e3o IP: IP20<br \/>  Material: Metal<br \/>  Dimens\u00f5es: 140x\u00d895 mm<br \/>  Altura: 140 mm<br \/>  Di\u00e1metro: \u00d895 mm<br \/>  Comprimento do Cabo 800 mm<br \/>  Peso: 0.34 kg<br \/>  T\u00aa Ambiente Trabalho: -10\u00b0C ~ +40\u00b0C<br \/>  Funciona com Bateria: Sim<br \/>  Bateria: 18650<br \/>  Voltagem da Bateria: 5 V<br \/>  Capacidade da Bateria: 1500 mAh<br \/>  Tipo de Carga USB &#8211; Tipo C<br \/>  Autonom\u00eda: 4~6 Horas<br \/>  Tiempo de Carga: 2~3 Horas<br \/>  Incluido: Cabo USB<br \/>  Vida \u00datil: 40.000 Horas<br \/>  Garantia: 3 Anos<br \/>  Certificados: CE &amp; RoHS<br \/>  Certificados: UKCA<\/p>\n","protected":false},"excerpt":{"rendered":"<p>Candeeiro de Mesa LED 3W Port\u00e1til com Bateria USB Recarreg\u00e1vel \u00e9 o ponto de ilumina\u00e7\u00e3o decorativo perfeito para o acompanhar no seu dia a dia. Devido ao seu tamanho<\/p>\n","protected":false},"featured_media":25919,"comment_status":"open","ping_status":"closed","template":"","meta":{"_acf_changed":false},"pwb-brand":[],"product_brand":[],"product_cat":[453],"product_tag":[],"class_list":{"0":"post-25921","1":"product","2":"type-product","3":"status-publish","4":"has-post-thumbnail","6":"product_cat-candeeiros-portateis-390","8":"first","9":"onbackorder","10":"shipping-taxable","11":"purchasable","12":"product-type-simple"},"acf":[],"yoast_head":"<!-- This site is optimized with the Yoast SEO plugin v27.0 - https:\/\/yoast.com\/product\/yoast-seo-wordpress\/ -->\n<title>Candeeiro de Mesa Port\u00e1til Recarreg\u00e1vel Irix USB 3w CCT IP20 Gold - Lumen by Interlampadas<\/title>\n<meta name=\"description\" content=\"Candeeiro de Mesa LED 3W Port\u00e1til com Bateria USB Recarreg\u00e1vel \u00e9 o ponto de ilumina\u00e7\u00e3o decorativo perfeito para o acompanhar no seu dia a dia. Devido ao\" \/>\n<meta name=\"robots\" content=\"index, follow, max-snippet:-1, max-image-preview:large, max-video-preview:-1\" \/>\n<link rel=\"canonical\" href=\"https:\/\/www.interlampadas.com\/en\/lampadas\/luminarias-2\/candeeiros-portateis-390\/candeeiro-de-mesa-portatil-recarregavel-irix-usb-3w-cct-ip20-gold\/\" \/>\n<meta property=\"og:locale\" content=\"en_US\" \/>\n<meta property=\"og:type\" content=\"article\" \/>\n<meta property=\"og:title\" content=\"Candeeiro de Mesa Port\u00e1til Recarreg\u00e1vel Irix USB 3w CCT IP20 Gold - Lumen by Interlampadas\" \/>\n<meta property=\"og:description\" content=\"Candeeiro de Mesa LED 3W Port\u00e1til com Bateria USB Recarreg\u00e1vel \u00e9 o ponto de ilumina\u00e7\u00e3o decorativo perfeito para o acompanhar no seu dia a dia. Devido ao\" \/>\n<meta property=\"og:url\" content=\"https:\/\/www.interlampadas.com\/en\/lampadas\/luminarias-2\/candeeiros-portateis-390\/candeeiro-de-mesa-portatil-recarregavel-irix-usb-3w-cct-ip20-gold\/\" \/>\n<meta property=\"og:site_name\" content=\"Lumen by Interlampadas\" \/>\n<meta property=\"article:publisher\" content=\"https:\/\/www.facebook.com\/interlampadas\" \/>\n<meta property=\"article:modified_time\" content=\"2025-12-24T03:06:15+00:00\" \/>\n<meta property=\"og:image\" content=\"https:\/\/www.interlampadas.com\/wp-content\/uploads\/2023\/10\/16373.jpg\" \/>\n\t<meta property=\"og:image:width\" content=\"800\" \/>\n\t<meta property=\"og:image:height\" content=\"800\" \/>\n\t<meta property=\"og:image:type\" content=\"image\/jpeg\" \/>\n<meta name=\"twitter:card\" content=\"summary_large_image\" \/>\n<meta name=\"twitter:label1\" content=\"Est. reading time\" \/>\n\t<meta name=\"twitter:data1\" content=\"1 minute\" \/>\n<script type=\"application\/ld+json\" class=\"yoast-schema-graph\">{\"@context\":\"https:\/\/schema.org\",\"@graph\":[{\"@type\":\"WebPage\",\"@id\":\"https:\/\/www.interlampadas.com\/en\/lampadas\/luminarias-2\/candeeiros-portateis-390\/candeeiro-de-mesa-portatil-recarregavel-irix-usb-3w-cct-ip20-gold\/\",\"url\":\"https:\/\/www.interlampadas.com\/en\/lampadas\/luminarias-2\/candeeiros-portateis-390\/candeeiro-de-mesa-portatil-recarregavel-irix-usb-3w-cct-ip20-gold\/\",\"name\":\"Candeeiro de Mesa Port\u00e1til Recarreg\u00e1vel Irix USB 3w CCT IP20 Gold - Lumen by Interlampadas\",\"isPartOf\":{\"@id\":\"https:\/\/www.interlampadas.com\/#website\"},\"primaryImageOfPage\":{\"@id\":\"https:\/\/www.interlampadas.com\/en\/lampadas\/luminarias-2\/candeeiros-portateis-390\/candeeiro-de-mesa-portatil-recarregavel-irix-usb-3w-cct-ip20-gold\/#primaryimage\"},\"image\":{\"@id\":\"https:\/\/www.interlampadas.com\/en\/lampadas\/luminarias-2\/candeeiros-portateis-390\/candeeiro-de-mesa-portatil-recarregavel-irix-usb-3w-cct-ip20-gold\/#primaryimage\"},\"thumbnailUrl\":\"https:\/\/www.interlampadas.com\/wp-content\/uploads\/2023\/10\/16373.jpg\",\"datePublished\":\"2023-10-11T01:46:57+00:00\",\"dateModified\":\"2025-12-24T03:06:15+00:00\",\"description\":\"Candeeiro de Mesa LED 3W Port\u00e1til com Bateria USB Recarreg\u00e1vel \u00e9 o ponto de ilumina\u00e7\u00e3o decorativo perfeito para o acompanhar no seu dia a dia. Devido ao\",\"breadcrumb\":{\"@id\":\"https:\/\/www.interlampadas.com\/en\/lampadas\/luminarias-2\/candeeiros-portateis-390\/candeeiro-de-mesa-portatil-recarregavel-irix-usb-3w-cct-ip20-gold\/#breadcrumb\"},\"inLanguage\":\"en-US\",\"potentialAction\":[{\"@type\":\"ReadAction\",\"target\":[\"https:\/\/www.interlampadas.com\/en\/lampadas\/luminarias-2\/candeeiros-portateis-390\/candeeiro-de-mesa-portatil-recarregavel-irix-usb-3w-cct-ip20-gold\/\"]}]},{\"@type\":\"ImageObject\",\"inLanguage\":\"en-US\",\"@id\":\"https:\/\/www.interlampadas.com\/en\/lampadas\/luminarias-2\/candeeiros-portateis-390\/candeeiro-de-mesa-portatil-recarregavel-irix-usb-3w-cct-ip20-gold\/#primaryimage\",\"url\":\"https:\/\/www.interlampadas.com\/wp-content\/uploads\/2023\/10\/16373.jpg\",\"contentUrl\":\"https:\/\/www.interlampadas.com\/wp-content\/uploads\/2023\/10\/16373.jpg\",\"width\":800,\"height\":800,\"caption\":\"Candeeiro de Mesa Port\u00e1til Recarreg\u00e1vel Irix USB 3w CCT IP20 Gold\"},{\"@type\":\"BreadcrumbList\",\"@id\":\"https:\/\/www.interlampadas.com\/en\/lampadas\/luminarias-2\/candeeiros-portateis-390\/candeeiro-de-mesa-portatil-recarregavel-irix-usb-3w-cct-ip20-gold\/#breadcrumb\",\"itemListElement\":[{\"@type\":\"ListItem\",\"position\":1,\"name\":\"Home\",\"item\":\"https:\/\/www.interlampadas.com\/en\/\"},{\"@type\":\"ListItem\",\"position\":2,\"name\":\"Loja\",\"item\":\"https:\/\/www.interlampadas.com\/loja\/\"},{\"@type\":\"ListItem\",\"position\":3,\"name\":\"Candeeiro de Mesa Port\u00e1til Recarreg\u00e1vel Irix USB 3w CCT IP20 Gold\"}]},{\"@type\":\"WebSite\",\"@id\":\"https:\/\/www.interlampadas.com\/#website\",\"url\":\"https:\/\/www.interlampadas.com\/\",\"name\":\"Lumen by Interlampadas\",\"description\":\"lampadas\",\"alternateName\":\"Interlampadas\",\"potentialAction\":[{\"@type\":\"SearchAction\",\"target\":{\"@type\":\"EntryPoint\",\"urlTemplate\":\"https:\/\/www.interlampadas.com\/?s={search_term_string}\"},\"query-input\":{\"@type\":\"PropertyValueSpecification\",\"valueRequired\":true,\"valueName\":\"search_term_string\"}}],\"inLanguage\":\"en-US\"}]}<\/script>\n<!-- \/ Yoast SEO plugin. -->","yoast_head_json":{"title":"Candeeiro de Mesa Port\u00e1til Recarreg\u00e1vel Irix USB 3w CCT IP20 Gold - Lumen by Interlampadas","description":"Candeeiro de Mesa LED 3W Port\u00e1til com Bateria USB Recarreg\u00e1vel \u00e9 o ponto de ilumina\u00e7\u00e3o decorativo perfeito para o acompanhar no seu dia a dia. Devido ao","robots":{"index":"index","follow":"follow","max-snippet":"max-snippet:-1","max-image-preview":"max-image-preview:large","max-video-preview":"max-video-preview:-1"},"canonical":"https:\/\/www.interlampadas.com\/en\/lampadas\/luminarias-2\/candeeiros-portateis-390\/candeeiro-de-mesa-portatil-recarregavel-irix-usb-3w-cct-ip20-gold\/","og_locale":"en_US","og_type":"article","og_title":"Candeeiro de Mesa Port\u00e1til Recarreg\u00e1vel Irix USB 3w CCT IP20 Gold - Lumen by Interlampadas","og_description":"Candeeiro de Mesa LED 3W Port\u00e1til com Bateria USB Recarreg\u00e1vel \u00e9 o ponto de ilumina\u00e7\u00e3o decorativo perfeito para o acompanhar no seu dia a dia. Devido ao","og_url":"https:\/\/www.interlampadas.com\/en\/lampadas\/luminarias-2\/candeeiros-portateis-390\/candeeiro-de-mesa-portatil-recarregavel-irix-usb-3w-cct-ip20-gold\/","og_site_name":"Lumen by Interlampadas","article_publisher":"https:\/\/www.facebook.com\/interlampadas","article_modified_time":"2025-12-24T03:06:15+00:00","og_image":[{"width":800,"height":800,"url":"https:\/\/www.interlampadas.com\/wp-content\/uploads\/2023\/10\/16373.jpg","type":"image\/jpeg"}],"twitter_card":"summary_large_image","twitter_misc":{"Est. reading time":"1 minute"},"schema":{"@context":"https:\/\/schema.org","@graph":[{"@type":"WebPage","@id":"https:\/\/www.interlampadas.com\/en\/lampadas\/luminarias-2\/candeeiros-portateis-390\/candeeiro-de-mesa-portatil-recarregavel-irix-usb-3w-cct-ip20-gold\/","url":"https:\/\/www.interlampadas.com\/en\/lampadas\/luminarias-2\/candeeiros-portateis-390\/candeeiro-de-mesa-portatil-recarregavel-irix-usb-3w-cct-ip20-gold\/","name":"Candeeiro de Mesa Port\u00e1til Recarreg\u00e1vel Irix USB 3w CCT IP20 Gold - Lumen by Interlampadas","isPartOf":{"@id":"https:\/\/www.interlampadas.com\/#website"},"primaryImageOfPage":{"@id":"https:\/\/www.interlampadas.com\/en\/lampadas\/luminarias-2\/candeeiros-portateis-390\/candeeiro-de-mesa-portatil-recarregavel-irix-usb-3w-cct-ip20-gold\/#primaryimage"},"image":{"@id":"https:\/\/www.interlampadas.com\/en\/lampadas\/luminarias-2\/candeeiros-portateis-390\/candeeiro-de-mesa-portatil-recarregavel-irix-usb-3w-cct-ip20-gold\/#primaryimage"},"thumbnailUrl":"https:\/\/www.interlampadas.com\/wp-content\/uploads\/2023\/10\/16373.jpg","datePublished":"2023-10-11T01:46:57+00:00","dateModified":"2025-12-24T03:06:15+00:00","description":"Candeeiro de Mesa LED 3W Port\u00e1til com Bateria USB Recarreg\u00e1vel \u00e9 o ponto de ilumina\u00e7\u00e3o decorativo perfeito para o acompanhar no seu dia a dia. Devido ao","breadcrumb":{"@id":"https:\/\/www.interlampadas.com\/en\/lampadas\/luminarias-2\/candeeiros-portateis-390\/candeeiro-de-mesa-portatil-recarregavel-irix-usb-3w-cct-ip20-gold\/#breadcrumb"},"inLanguage":"en-US","potentialAction":[{"@type":"ReadAction","target":["https:\/\/www.interlampadas.com\/en\/lampadas\/luminarias-2\/candeeiros-portateis-390\/candeeiro-de-mesa-portatil-recarregavel-irix-usb-3w-cct-ip20-gold\/"]}]},{"@type":"ImageObject","inLanguage":"en-US","@id":"https:\/\/www.interlampadas.com\/en\/lampadas\/luminarias-2\/candeeiros-portateis-390\/candeeiro-de-mesa-portatil-recarregavel-irix-usb-3w-cct-ip20-gold\/#primaryimage","url":"https:\/\/www.interlampadas.com\/wp-content\/uploads\/2023\/10\/16373.jpg","contentUrl":"https:\/\/www.interlampadas.com\/wp-content\/uploads\/2023\/10\/16373.jpg","width":800,"height":800,"caption":"Candeeiro de Mesa Port\u00e1til Recarreg\u00e1vel Irix USB 3w CCT IP20 Gold"},{"@type":"BreadcrumbList","@id":"https:\/\/www.interlampadas.com\/en\/lampadas\/luminarias-2\/candeeiros-portateis-390\/candeeiro-de-mesa-portatil-recarregavel-irix-usb-3w-cct-ip20-gold\/#breadcrumb","itemListElement":[{"@type":"ListItem","position":1,"name":"Home","item":"https:\/\/www.interlampadas.com\/en\/"},{"@type":"ListItem","position":2,"name":"Loja","item":"https:\/\/www.interlampadas.com\/loja\/"},{"@type":"ListItem","position":3,"name":"Candeeiro de Mesa Port\u00e1til Recarreg\u00e1vel Irix USB 3w CCT IP20 Gold"}]},{"@type":"WebSite","@id":"https:\/\/www.interlampadas.com\/#website","url":"https:\/\/www.interlampadas.com\/","name":"Lumen by Interlampadas","description":"lampadas","alternateName":"Interlampadas","potentialAction":[{"@type":"SearchAction","target":{"@type":"EntryPoint","urlTemplate":"https:\/\/www.interlampadas.com\/?s={search_term_string}"},"query-input":{"@type":"PropertyValueSpecification","valueRequired":true,"valueName":"search_term_string"}}],"inLanguage":"en-US"}]}},"brands":[],"_links":{"self":[{"href":"https:\/\/www.interlampadas.com\/en\/wp-json\/wp\/v2\/product\/25921","targetHints":{"allow":["GET"]}}],"collection":[{"href":"https:\/\/www.interlampadas.com\/en\/wp-json\/wp\/v2\/product"}],"about":[{"href":"https:\/\/www.interlampadas.com\/en\/wp-json\/wp\/v2\/types\/product"}],"replies":[{"embeddable":true,"href":"https:\/\/www.interlampadas.com\/en\/wp-json\/wp\/v2\/comments?post=25921"}],"wp:featuredmedia":[{"embeddable":true,"href":"https:\/\/www.interlampadas.com\/en\/wp-json\/wp\/v2\/media\/25919"}],"wp:attachment":[{"href":"https:\/\/www.interlampadas.com\/en\/wp-json\/wp\/v2\/media?parent=25921"}],"wp:term":[{"taxonomy":"pwb-brand","embeddable":true,"href":"https:\/\/www.interlampadas.com\/en\/wp-json\/wp\/v2\/pwb-brand?post=25921"},{"taxonomy":"product_brand","embeddable":true,"href":"https:\/\/www.interlampadas.com\/en\/wp-json\/wp\/v2\/product_brand?post=25921"},{"taxonomy":"product_cat","embeddable":true,"href":"https:\/\/www.interlampadas.com\/en\/wp-json\/wp\/v2\/product_cat?post=25921"},{"taxonomy":"product_tag","embeddable":true,"href":"https:\/\/www.interlampadas.com\/en\/wp-json\/wp\/v2\/product_tag?post=25921"}],"curies":[{"name":"wp","href":"https:\/\/api.w.org\/{rel}","templated":true}]}}