{"id":25872,"date":"2023-08-26T02:47:37","date_gmt":"2023-08-26T01:47:37","guid":{"rendered":"https:\/\/www.interlampadas.com\/lampadas\/sem%20categoria\/fita-led-12v-48w-rgb-5-metros-transformador-ip20\/"},"modified":"2025-11-19T02:52:19","modified_gmt":"2025-11-19T02:52:19","slug":"fita-led-12v-48w-rgb-5-metros-transformador-comando-ip20","status":"publish","type":"product","link":"https:\/\/www.interlampadas.com\/en\/lampadas\/luminarias-2\/fitas-led-32\/fita-led-12v-48w-rgb-5-metros-transformador-comando-ip20\/","title":{"rendered":"Fita Led 12v 48w RGB 5 metros + Transformador + Comando IP20"},"content":{"rendered":"<p>Kit Fita LED RGB 12V DC 60LED\/m 5m IP20 com Fonte de Alimenta\u00e7\u00e3o e Controlador<br \/>  POT\u00caNCIA: 48 W<br \/>  CORTE CADA: 5 cm<br \/>  INSTALA\u00c7\u00c3O DE FITA LED: MAX. 5 m<br \/>  ALIMENTA\u00c7\u00c3O: 12V DC<br \/>  REGULAVEL: Controlador<br \/>  FONTE LUMINOSA: SMD5050<br \/>  CANTIDADE DE LEDS: 300<br \/>  COR DA LUZ: RGB<\/p>\n","protected":false},"excerpt":{"rendered":"<p>Kit Fita LED RGB 12V DC 60LED\/m 5m IP20 com Fonte de Alimenta\u00e7\u00e3o e Controlador POT\u00caNCIA: 48 W CORTE CADA: 5 cm INSTALA\u00c7\u00c3O DE FITA LED: MAX. 5 m ALIMENTA\u00c7\u00c3O: 12V<\/p>\n","protected":false},"featured_media":25870,"comment_status":"open","ping_status":"closed","template":"","meta":{"_acf_changed":false},"pwb-brand":[],"product_brand":[],"product_cat":[40],"product_tag":[],"class_list":{"0":"post-25872","1":"product","2":"type-product","3":"status-publish","4":"has-post-thumbnail","6":"product_cat-fitas-led-32","8":"first","9":"onbackorder","10":"shipping-taxable","11":"purchasable","12":"product-type-simple"},"acf":[],"yoast_head":"<!-- This site is optimized with the Yoast SEO plugin v27.0 - https:\/\/yoast.com\/product\/yoast-seo-wordpress\/ -->\n<title>Fita Led 12v 48w RGB 5 metros + Transformador + Comando IP20 - Lumen by Interlampadas<\/title>\n<meta name=\"description\" content=\"Kit Fita LED RGB 12V DC 60LED\/m 5m IP20 com Fonte de Alimenta\u00e7\u00e3o e Controlador POT\u00caNCIA: 48 W CORTE CADA: 5 cm INSTALA\u00c7\u00c3O DE FITA LED: MAX. 5 m\" \/>\n<meta name=\"robots\" content=\"index, follow, max-snippet:-1, max-image-preview:large, max-video-preview:-1\" \/>\n<link rel=\"canonical\" href=\"https:\/\/www.interlampadas.com\/en\/lampadas\/luminarias-2\/fitas-led-32\/fita-led-12v-48w-rgb-5-metros-transformador-comando-ip20\/\" \/>\n<meta property=\"og:locale\" content=\"en_US\" \/>\n<meta property=\"og:type\" content=\"article\" \/>\n<meta property=\"og:title\" content=\"Fita Led 12v 48w RGB 5 metros + Transformador + Comando IP20 - Lumen by Interlampadas\" \/>\n<meta property=\"og:description\" content=\"Kit Fita LED RGB 12V DC 60LED\/m 5m IP20 com Fonte de Alimenta\u00e7\u00e3o e Controlador POT\u00caNCIA: 48 W CORTE CADA: 5 cm INSTALA\u00c7\u00c3O DE FITA LED: MAX. 5 m\" \/>\n<meta property=\"og:url\" content=\"https:\/\/www.interlampadas.com\/en\/lampadas\/luminarias-2\/fitas-led-32\/fita-led-12v-48w-rgb-5-metros-transformador-comando-ip20\/\" \/>\n<meta property=\"og:site_name\" content=\"Lumen by Interlampadas\" \/>\n<meta property=\"article:publisher\" content=\"https:\/\/www.facebook.com\/interlampadas\" \/>\n<meta property=\"article:modified_time\" content=\"2025-11-19T02:52:19+00:00\" \/>\n<meta property=\"og:image\" content=\"https:\/\/www.interlampadas.com\/wp-content\/uploads\/2023\/08\/16262.jpg\" \/>\n\t<meta property=\"og:image:width\" content=\"800\" \/>\n\t<meta property=\"og:image:height\" content=\"800\" \/>\n\t<meta property=\"og:image:type\" content=\"image\/jpeg\" \/>\n<meta name=\"twitter:card\" content=\"summary_large_image\" \/>\n<script type=\"application\/ld+json\" class=\"yoast-schema-graph\">{\"@context\":\"https:\/\/schema.org\",\"@graph\":[{\"@type\":\"WebPage\",\"@id\":\"https:\/\/www.interlampadas.com\/en\/lampadas\/luminarias-2\/fitas-led-32\/fita-led-12v-48w-rgb-5-metros-transformador-comando-ip20\/\",\"url\":\"https:\/\/www.interlampadas.com\/en\/lampadas\/luminarias-2\/fitas-led-32\/fita-led-12v-48w-rgb-5-metros-transformador-comando-ip20\/\",\"name\":\"Fita Led 12v 48w RGB 5 metros + Transformador + Comando IP20 - Lumen by Interlampadas\",\"isPartOf\":{\"@id\":\"https:\/\/www.interlampadas.com\/#website\"},\"primaryImageOfPage\":{\"@id\":\"https:\/\/www.interlampadas.com\/en\/lampadas\/luminarias-2\/fitas-led-32\/fita-led-12v-48w-rgb-5-metros-transformador-comando-ip20\/#primaryimage\"},\"image\":{\"@id\":\"https:\/\/www.interlampadas.com\/en\/lampadas\/luminarias-2\/fitas-led-32\/fita-led-12v-48w-rgb-5-metros-transformador-comando-ip20\/#primaryimage\"},\"thumbnailUrl\":\"https:\/\/www.interlampadas.com\/wp-content\/uploads\/2023\/08\/16262.jpg\",\"datePublished\":\"2023-08-26T01:47:37+00:00\",\"dateModified\":\"2025-11-19T02:52:19+00:00\",\"description\":\"Kit Fita LED RGB 12V DC 60LED\/m 5m IP20 com Fonte de Alimenta\u00e7\u00e3o e Controlador POT\u00caNCIA: 48 W CORTE CADA: 5 cm INSTALA\u00c7\u00c3O DE FITA LED: MAX. 5 m\",\"breadcrumb\":{\"@id\":\"https:\/\/www.interlampadas.com\/en\/lampadas\/luminarias-2\/fitas-led-32\/fita-led-12v-48w-rgb-5-metros-transformador-comando-ip20\/#breadcrumb\"},\"inLanguage\":\"en-US\",\"potentialAction\":[{\"@type\":\"ReadAction\",\"target\":[\"https:\/\/www.interlampadas.com\/en\/lampadas\/luminarias-2\/fitas-led-32\/fita-led-12v-48w-rgb-5-metros-transformador-comando-ip20\/\"]}]},{\"@type\":\"ImageObject\",\"inLanguage\":\"en-US\",\"@id\":\"https:\/\/www.interlampadas.com\/en\/lampadas\/luminarias-2\/fitas-led-32\/fita-led-12v-48w-rgb-5-metros-transformador-comando-ip20\/#primaryimage\",\"url\":\"https:\/\/www.interlampadas.com\/wp-content\/uploads\/2023\/08\/16262.jpg\",\"contentUrl\":\"https:\/\/www.interlampadas.com\/wp-content\/uploads\/2023\/08\/16262.jpg\",\"width\":800,\"height\":800,\"caption\":\"Fita Led 12v 48w RGB 5 metros + Transformador IP20\"},{\"@type\":\"BreadcrumbList\",\"@id\":\"https:\/\/www.interlampadas.com\/en\/lampadas\/luminarias-2\/fitas-led-32\/fita-led-12v-48w-rgb-5-metros-transformador-comando-ip20\/#breadcrumb\",\"itemListElement\":[{\"@type\":\"ListItem\",\"position\":1,\"name\":\"Home\",\"item\":\"https:\/\/www.interlampadas.com\/en\/\"},{\"@type\":\"ListItem\",\"position\":2,\"name\":\"Loja\",\"item\":\"https:\/\/www.interlampadas.com\/loja\/\"},{\"@type\":\"ListItem\",\"position\":3,\"name\":\"Fita Led 12v 48w RGB 5 metros + Transformador + Comando IP20\"}]},{\"@type\":\"WebSite\",\"@id\":\"https:\/\/www.interlampadas.com\/#website\",\"url\":\"https:\/\/www.interlampadas.com\/\",\"name\":\"Lumen by Interlampadas\",\"description\":\"lampadas\",\"alternateName\":\"Interlampadas\",\"potentialAction\":[{\"@type\":\"SearchAction\",\"target\":{\"@type\":\"EntryPoint\",\"urlTemplate\":\"https:\/\/www.interlampadas.com\/?s={search_term_string}\"},\"query-input\":{\"@type\":\"PropertyValueSpecification\",\"valueRequired\":true,\"valueName\":\"search_term_string\"}}],\"inLanguage\":\"en-US\"}]}<\/script>\n<!-- \/ Yoast SEO plugin. -->","yoast_head_json":{"title":"Fita Led 12v 48w RGB 5 metros + Transformador + Comando IP20 - Lumen by Interlampadas","description":"Kit Fita LED RGB 12V DC 60LED\/m 5m IP20 com Fonte de Alimenta\u00e7\u00e3o e Controlador POT\u00caNCIA: 48 W CORTE CADA: 5 cm INSTALA\u00c7\u00c3O DE FITA LED: MAX. 5 m","robots":{"index":"index","follow":"follow","max-snippet":"max-snippet:-1","max-image-preview":"max-image-preview:large","max-video-preview":"max-video-preview:-1"},"canonical":"https:\/\/www.interlampadas.com\/en\/lampadas\/luminarias-2\/fitas-led-32\/fita-led-12v-48w-rgb-5-metros-transformador-comando-ip20\/","og_locale":"en_US","og_type":"article","og_title":"Fita Led 12v 48w RGB 5 metros + Transformador + Comando IP20 - Lumen by Interlampadas","og_description":"Kit Fita LED RGB 12V DC 60LED\/m 5m IP20 com Fonte de Alimenta\u00e7\u00e3o e Controlador POT\u00caNCIA: 48 W CORTE CADA: 5 cm INSTALA\u00c7\u00c3O DE FITA LED: MAX. 5 m","og_url":"https:\/\/www.interlampadas.com\/en\/lampadas\/luminarias-2\/fitas-led-32\/fita-led-12v-48w-rgb-5-metros-transformador-comando-ip20\/","og_site_name":"Lumen by Interlampadas","article_publisher":"https:\/\/www.facebook.com\/interlampadas","article_modified_time":"2025-11-19T02:52:19+00:00","og_image":[{"width":800,"height":800,"url":"https:\/\/www.interlampadas.com\/wp-content\/uploads\/2023\/08\/16262.jpg","type":"image\/jpeg"}],"twitter_card":"summary_large_image","schema":{"@context":"https:\/\/schema.org","@graph":[{"@type":"WebPage","@id":"https:\/\/www.interlampadas.com\/en\/lampadas\/luminarias-2\/fitas-led-32\/fita-led-12v-48w-rgb-5-metros-transformador-comando-ip20\/","url":"https:\/\/www.interlampadas.com\/en\/lampadas\/luminarias-2\/fitas-led-32\/fita-led-12v-48w-rgb-5-metros-transformador-comando-ip20\/","name":"Fita Led 12v 48w RGB 5 metros + Transformador + Comando IP20 - Lumen by Interlampadas","isPartOf":{"@id":"https:\/\/www.interlampadas.com\/#website"},"primaryImageOfPage":{"@id":"https:\/\/www.interlampadas.com\/en\/lampadas\/luminarias-2\/fitas-led-32\/fita-led-12v-48w-rgb-5-metros-transformador-comando-ip20\/#primaryimage"},"image":{"@id":"https:\/\/www.interlampadas.com\/en\/lampadas\/luminarias-2\/fitas-led-32\/fita-led-12v-48w-rgb-5-metros-transformador-comando-ip20\/#primaryimage"},"thumbnailUrl":"https:\/\/www.interlampadas.com\/wp-content\/uploads\/2023\/08\/16262.jpg","datePublished":"2023-08-26T01:47:37+00:00","dateModified":"2025-11-19T02:52:19+00:00","description":"Kit Fita LED RGB 12V DC 60LED\/m 5m IP20 com Fonte de Alimenta\u00e7\u00e3o e Controlador POT\u00caNCIA: 48 W CORTE CADA: 5 cm INSTALA\u00c7\u00c3O DE FITA LED: MAX. 5 m","breadcrumb":{"@id":"https:\/\/www.interlampadas.com\/en\/lampadas\/luminarias-2\/fitas-led-32\/fita-led-12v-48w-rgb-5-metros-transformador-comando-ip20\/#breadcrumb"},"inLanguage":"en-US","potentialAction":[{"@type":"ReadAction","target":["https:\/\/www.interlampadas.com\/en\/lampadas\/luminarias-2\/fitas-led-32\/fita-led-12v-48w-rgb-5-metros-transformador-comando-ip20\/"]}]},{"@type":"ImageObject","inLanguage":"en-US","@id":"https:\/\/www.interlampadas.com\/en\/lampadas\/luminarias-2\/fitas-led-32\/fita-led-12v-48w-rgb-5-metros-transformador-comando-ip20\/#primaryimage","url":"https:\/\/www.interlampadas.com\/wp-content\/uploads\/2023\/08\/16262.jpg","contentUrl":"https:\/\/www.interlampadas.com\/wp-content\/uploads\/2023\/08\/16262.jpg","width":800,"height":800,"caption":"Fita Led 12v 48w RGB 5 metros + Transformador IP20"},{"@type":"BreadcrumbList","@id":"https:\/\/www.interlampadas.com\/en\/lampadas\/luminarias-2\/fitas-led-32\/fita-led-12v-48w-rgb-5-metros-transformador-comando-ip20\/#breadcrumb","itemListElement":[{"@type":"ListItem","position":1,"name":"Home","item":"https:\/\/www.interlampadas.com\/en\/"},{"@type":"ListItem","position":2,"name":"Loja","item":"https:\/\/www.interlampadas.com\/loja\/"},{"@type":"ListItem","position":3,"name":"Fita Led 12v 48w RGB 5 metros + Transformador + Comando IP20"}]},{"@type":"WebSite","@id":"https:\/\/www.interlampadas.com\/#website","url":"https:\/\/www.interlampadas.com\/","name":"Lumen by Interlampadas","description":"lampadas","alternateName":"Interlampadas","potentialAction":[{"@type":"SearchAction","target":{"@type":"EntryPoint","urlTemplate":"https:\/\/www.interlampadas.com\/?s={search_term_string}"},"query-input":{"@type":"PropertyValueSpecification","valueRequired":true,"valueName":"search_term_string"}}],"inLanguage":"en-US"}]}},"brands":[],"_links":{"self":[{"href":"https:\/\/www.interlampadas.com\/en\/wp-json\/wp\/v2\/product\/25872","targetHints":{"allow":["GET"]}}],"collection":[{"href":"https:\/\/www.interlampadas.com\/en\/wp-json\/wp\/v2\/product"}],"about":[{"href":"https:\/\/www.interlampadas.com\/en\/wp-json\/wp\/v2\/types\/product"}],"replies":[{"embeddable":true,"href":"https:\/\/www.interlampadas.com\/en\/wp-json\/wp\/v2\/comments?post=25872"}],"wp:featuredmedia":[{"embeddable":true,"href":"https:\/\/www.interlampadas.com\/en\/wp-json\/wp\/v2\/media\/25870"}],"wp:attachment":[{"href":"https:\/\/www.interlampadas.com\/en\/wp-json\/wp\/v2\/media?parent=25872"}],"wp:term":[{"taxonomy":"pwb-brand","embeddable":true,"href":"https:\/\/www.interlampadas.com\/en\/wp-json\/wp\/v2\/pwb-brand?post=25872"},{"taxonomy":"product_brand","embeddable":true,"href":"https:\/\/www.interlampadas.com\/en\/wp-json\/wp\/v2\/product_brand?post=25872"},{"taxonomy":"product_cat","embeddable":true,"href":"https:\/\/www.interlampadas.com\/en\/wp-json\/wp\/v2\/product_cat?post=25872"},{"taxonomy":"product_tag","embeddable":true,"href":"https:\/\/www.interlampadas.com\/en\/wp-json\/wp\/v2\/product_tag?post=25872"}],"curies":[{"name":"wp","href":"https:\/\/api.w.org\/{rel}","templated":true}]}}