{"id":25854,"date":"2023-08-19T02:46:57","date_gmt":"2023-08-19T01:46:57","guid":{"rendered":"https:\/\/www.interlampadas.com\/lampadas\/sem%20categoria\/gu10-12w-4000k-ar111-led-cob-220v\/"},"modified":"2025-08-29T02:51:42","modified_gmt":"2025-08-29T01:51:42","slug":"gu10-12w-4000k-ar111-led-cob-prtyy4-220v","status":"publish","type":"product","link":"https:\/\/www.interlampadas.com\/en\/lampadas\/lampadas-1\/led-150\/utilizacao-geral-led-151\/gu10-ar111-384\/gu10-12w-4000k-ar111-led-cob-prtyy4-220v\/","title":{"rendered":"GU10 12w 4000K AR111 Led COB PRTYY4 (220v)"},"content":{"rendered":"<p>LED GU10 AR111 220V 12W 24\u00ba 4000K<br \/>  Pot\u00eancia: 12W<br \/>  Alimenta\u00e7\u00e3o: 220-240V AC<br \/>  Multivoltagem: 85-265V AC<br \/>  Casquilho: GU10<br \/>  Lumens: 900 lm<br \/>  \u00c1ngulo de Abertura: 24\u00b0<br \/>  Prote\u00e7\u00e3o IP: IP20<br \/>  Flicker Free: SIM<br \/>  Material: Aluminio, PC<br \/>  Dimens\u00f5es: 70x\u00d8111 mm<br \/>  Vida \u00datil: 30000 Horas<br \/>  Garantia: 3 Anos<br \/>  Certificados: CE &amp; RoHS, T\u00dcV L\u00e2mpadas LED em Portugal \u2013 Interl\u00e2mpadas<\/p>\n","protected":false},"excerpt":{"rendered":"<p>LED GU10 AR111 220V 12W 24\u00ba 4000K Pot\u00eancia: 12W Alimenta\u00e7\u00e3o: 220-240V AC Multivoltagem: 85-265V AC Casquilho: GU10 Lumens: 900 lm \u00c1ngulo de Abertura: 24\u00b0 Prote\u00e7\u00e3o<\/p>\n","protected":false},"featured_media":25852,"comment_status":"open","ping_status":"closed","template":"","meta":{"_acf_changed":false},"pwb-brand":[],"product_brand":[],"product_cat":[418],"product_tag":[],"class_list":{"0":"post-25854","1":"product","2":"type-product","3":"status-publish","4":"has-post-thumbnail","6":"product_cat-gu10-ar111-384","8":"first","9":"onbackorder","10":"shipping-taxable","11":"purchasable","12":"product-type-simple"},"acf":[],"yoast_head":"<!-- This site is optimized with the Yoast SEO plugin v27.0 - https:\/\/yoast.com\/product\/yoast-seo-wordpress\/ -->\n<title>GU10 12w 4000K AR111 Led COB PRTYY4 (220v) - Lumen by Interlampadas<\/title>\n<meta name=\"description\" content=\"LED GU10 AR111 220V 12W 24\u00ba 4000K Pot\u00eancia: 12W Alimenta\u00e7\u00e3o: 220-240V AC Multivoltagem: 85-265V AC Casquilho: GU10 Lumens: 900 lm \u00c1ngulo de Abertura: 24\u00b0\" \/>\n<meta name=\"robots\" content=\"index, follow, max-snippet:-1, max-image-preview:large, max-video-preview:-1\" \/>\n<link rel=\"canonical\" href=\"https:\/\/www.interlampadas.com\/en\/lampadas\/lampadas-1\/led-150\/utilizacao-geral-led-151\/gu10-ar111-384\/gu10-12w-4000k-ar111-led-cob-prtyy4-220v\/\" \/>\n<meta property=\"og:locale\" content=\"en_US\" \/>\n<meta property=\"og:type\" content=\"article\" \/>\n<meta property=\"og:title\" content=\"GU10 12w 4000K AR111 Led COB PRTYY4 (220v) - Lumen by Interlampadas\" \/>\n<meta property=\"og:description\" content=\"LED GU10 AR111 220V 12W 24\u00ba 4000K Pot\u00eancia: 12W Alimenta\u00e7\u00e3o: 220-240V AC Multivoltagem: 85-265V AC Casquilho: GU10 Lumens: 900 lm \u00c1ngulo de Abertura: 24\u00b0\" \/>\n<meta property=\"og:url\" content=\"https:\/\/www.interlampadas.com\/en\/lampadas\/lampadas-1\/led-150\/utilizacao-geral-led-151\/gu10-ar111-384\/gu10-12w-4000k-ar111-led-cob-prtyy4-220v\/\" \/>\n<meta property=\"og:site_name\" content=\"Lumen by Interlampadas\" \/>\n<meta property=\"article:publisher\" content=\"https:\/\/www.facebook.com\/interlampadas\" \/>\n<meta property=\"article:modified_time\" content=\"2025-08-29T01:51:42+00:00\" \/>\n<meta property=\"og:image\" content=\"https:\/\/www.interlampadas.com\/wp-content\/uploads\/2023\/08\/16350.jpg\" \/>\n\t<meta property=\"og:image:width\" content=\"470\" \/>\n\t<meta property=\"og:image:height\" content=\"470\" \/>\n\t<meta property=\"og:image:type\" content=\"image\/jpeg\" \/>\n<meta name=\"twitter:card\" content=\"summary_large_image\" \/>\n<script type=\"application\/ld+json\" class=\"yoast-schema-graph\">{\"@context\":\"https:\/\/schema.org\",\"@graph\":[{\"@type\":\"WebPage\",\"@id\":\"https:\/\/www.interlampadas.com\/en\/lampadas\/lampadas-1\/led-150\/utilizacao-geral-led-151\/gu10-ar111-384\/gu10-12w-4000k-ar111-led-cob-prtyy4-220v\/\",\"url\":\"https:\/\/www.interlampadas.com\/en\/lampadas\/lampadas-1\/led-150\/utilizacao-geral-led-151\/gu10-ar111-384\/gu10-12w-4000k-ar111-led-cob-prtyy4-220v\/\",\"name\":\"GU10 12w 4000K AR111 Led COB PRTYY4 (220v) - Lumen by Interlampadas\",\"isPartOf\":{\"@id\":\"https:\/\/www.interlampadas.com\/#website\"},\"primaryImageOfPage\":{\"@id\":\"https:\/\/www.interlampadas.com\/en\/lampadas\/lampadas-1\/led-150\/utilizacao-geral-led-151\/gu10-ar111-384\/gu10-12w-4000k-ar111-led-cob-prtyy4-220v\/#primaryimage\"},\"image\":{\"@id\":\"https:\/\/www.interlampadas.com\/en\/lampadas\/lampadas-1\/led-150\/utilizacao-geral-led-151\/gu10-ar111-384\/gu10-12w-4000k-ar111-led-cob-prtyy4-220v\/#primaryimage\"},\"thumbnailUrl\":\"https:\/\/www.interlampadas.com\/wp-content\/uploads\/2023\/08\/16350.jpg\",\"datePublished\":\"2023-08-19T01:46:57+00:00\",\"dateModified\":\"2025-08-29T01:51:42+00:00\",\"description\":\"LED GU10 AR111 220V 12W 24\u00ba 4000K Pot\u00eancia: 12W Alimenta\u00e7\u00e3o: 220-240V AC Multivoltagem: 85-265V AC Casquilho: GU10 Lumens: 900 lm \u00c1ngulo de Abertura: 24\u00b0\",\"breadcrumb\":{\"@id\":\"https:\/\/www.interlampadas.com\/en\/lampadas\/lampadas-1\/led-150\/utilizacao-geral-led-151\/gu10-ar111-384\/gu10-12w-4000k-ar111-led-cob-prtyy4-220v\/#breadcrumb\"},\"inLanguage\":\"en-US\",\"potentialAction\":[{\"@type\":\"ReadAction\",\"target\":[\"https:\/\/www.interlampadas.com\/en\/lampadas\/lampadas-1\/led-150\/utilizacao-geral-led-151\/gu10-ar111-384\/gu10-12w-4000k-ar111-led-cob-prtyy4-220v\/\"]}]},{\"@type\":\"ImageObject\",\"inLanguage\":\"en-US\",\"@id\":\"https:\/\/www.interlampadas.com\/en\/lampadas\/lampadas-1\/led-150\/utilizacao-geral-led-151\/gu10-ar111-384\/gu10-12w-4000k-ar111-led-cob-prtyy4-220v\/#primaryimage\",\"url\":\"https:\/\/www.interlampadas.com\/wp-content\/uploads\/2023\/08\/16350.jpg\",\"contentUrl\":\"https:\/\/www.interlampadas.com\/wp-content\/uploads\/2023\/08\/16350.jpg\",\"width\":470,\"height\":470,\"caption\":\"GU10 12w 4000K AR111 Led COB (220v)\"},{\"@type\":\"BreadcrumbList\",\"@id\":\"https:\/\/www.interlampadas.com\/en\/lampadas\/lampadas-1\/led-150\/utilizacao-geral-led-151\/gu10-ar111-384\/gu10-12w-4000k-ar111-led-cob-prtyy4-220v\/#breadcrumb\",\"itemListElement\":[{\"@type\":\"ListItem\",\"position\":1,\"name\":\"Home\",\"item\":\"https:\/\/www.interlampadas.com\/en\/\"},{\"@type\":\"ListItem\",\"position\":2,\"name\":\"Loja\",\"item\":\"https:\/\/www.interlampadas.com\/loja\/\"},{\"@type\":\"ListItem\",\"position\":3,\"name\":\"GU10 12w 4000K AR111 Led COB PRTYY4 (220v)\"}]},{\"@type\":\"WebSite\",\"@id\":\"https:\/\/www.interlampadas.com\/#website\",\"url\":\"https:\/\/www.interlampadas.com\/\",\"name\":\"Lumen by Interlampadas\",\"description\":\"lampadas\",\"alternateName\":\"Interlampadas\",\"potentialAction\":[{\"@type\":\"SearchAction\",\"target\":{\"@type\":\"EntryPoint\",\"urlTemplate\":\"https:\/\/www.interlampadas.com\/?s={search_term_string}\"},\"query-input\":{\"@type\":\"PropertyValueSpecification\",\"valueRequired\":true,\"valueName\":\"search_term_string\"}}],\"inLanguage\":\"en-US\"}]}<\/script>\n<!-- \/ Yoast SEO plugin. -->","yoast_head_json":{"title":"GU10 12w 4000K AR111 Led COB PRTYY4 (220v) - Lumen by Interlampadas","description":"LED GU10 AR111 220V 12W 24\u00ba 4000K Pot\u00eancia: 12W Alimenta\u00e7\u00e3o: 220-240V AC Multivoltagem: 85-265V AC Casquilho: GU10 Lumens: 900 lm \u00c1ngulo de Abertura: 24\u00b0","robots":{"index":"index","follow":"follow","max-snippet":"max-snippet:-1","max-image-preview":"max-image-preview:large","max-video-preview":"max-video-preview:-1"},"canonical":"https:\/\/www.interlampadas.com\/en\/lampadas\/lampadas-1\/led-150\/utilizacao-geral-led-151\/gu10-ar111-384\/gu10-12w-4000k-ar111-led-cob-prtyy4-220v\/","og_locale":"en_US","og_type":"article","og_title":"GU10 12w 4000K AR111 Led COB PRTYY4 (220v) - Lumen by Interlampadas","og_description":"LED GU10 AR111 220V 12W 24\u00ba 4000K Pot\u00eancia: 12W Alimenta\u00e7\u00e3o: 220-240V AC Multivoltagem: 85-265V AC Casquilho: GU10 Lumens: 900 lm \u00c1ngulo de Abertura: 24\u00b0","og_url":"https:\/\/www.interlampadas.com\/en\/lampadas\/lampadas-1\/led-150\/utilizacao-geral-led-151\/gu10-ar111-384\/gu10-12w-4000k-ar111-led-cob-prtyy4-220v\/","og_site_name":"Lumen by Interlampadas","article_publisher":"https:\/\/www.facebook.com\/interlampadas","article_modified_time":"2025-08-29T01:51:42+00:00","og_image":[{"width":470,"height":470,"url":"https:\/\/www.interlampadas.com\/wp-content\/uploads\/2023\/08\/16350.jpg","type":"image\/jpeg"}],"twitter_card":"summary_large_image","schema":{"@context":"https:\/\/schema.org","@graph":[{"@type":"WebPage","@id":"https:\/\/www.interlampadas.com\/en\/lampadas\/lampadas-1\/led-150\/utilizacao-geral-led-151\/gu10-ar111-384\/gu10-12w-4000k-ar111-led-cob-prtyy4-220v\/","url":"https:\/\/www.interlampadas.com\/en\/lampadas\/lampadas-1\/led-150\/utilizacao-geral-led-151\/gu10-ar111-384\/gu10-12w-4000k-ar111-led-cob-prtyy4-220v\/","name":"GU10 12w 4000K AR111 Led COB PRTYY4 (220v) - Lumen by Interlampadas","isPartOf":{"@id":"https:\/\/www.interlampadas.com\/#website"},"primaryImageOfPage":{"@id":"https:\/\/www.interlampadas.com\/en\/lampadas\/lampadas-1\/led-150\/utilizacao-geral-led-151\/gu10-ar111-384\/gu10-12w-4000k-ar111-led-cob-prtyy4-220v\/#primaryimage"},"image":{"@id":"https:\/\/www.interlampadas.com\/en\/lampadas\/lampadas-1\/led-150\/utilizacao-geral-led-151\/gu10-ar111-384\/gu10-12w-4000k-ar111-led-cob-prtyy4-220v\/#primaryimage"},"thumbnailUrl":"https:\/\/www.interlampadas.com\/wp-content\/uploads\/2023\/08\/16350.jpg","datePublished":"2023-08-19T01:46:57+00:00","dateModified":"2025-08-29T01:51:42+00:00","description":"LED GU10 AR111 220V 12W 24\u00ba 4000K Pot\u00eancia: 12W Alimenta\u00e7\u00e3o: 220-240V AC Multivoltagem: 85-265V AC Casquilho: GU10 Lumens: 900 lm \u00c1ngulo de Abertura: 24\u00b0","breadcrumb":{"@id":"https:\/\/www.interlampadas.com\/en\/lampadas\/lampadas-1\/led-150\/utilizacao-geral-led-151\/gu10-ar111-384\/gu10-12w-4000k-ar111-led-cob-prtyy4-220v\/#breadcrumb"},"inLanguage":"en-US","potentialAction":[{"@type":"ReadAction","target":["https:\/\/www.interlampadas.com\/en\/lampadas\/lampadas-1\/led-150\/utilizacao-geral-led-151\/gu10-ar111-384\/gu10-12w-4000k-ar111-led-cob-prtyy4-220v\/"]}]},{"@type":"ImageObject","inLanguage":"en-US","@id":"https:\/\/www.interlampadas.com\/en\/lampadas\/lampadas-1\/led-150\/utilizacao-geral-led-151\/gu10-ar111-384\/gu10-12w-4000k-ar111-led-cob-prtyy4-220v\/#primaryimage","url":"https:\/\/www.interlampadas.com\/wp-content\/uploads\/2023\/08\/16350.jpg","contentUrl":"https:\/\/www.interlampadas.com\/wp-content\/uploads\/2023\/08\/16350.jpg","width":470,"height":470,"caption":"GU10 12w 4000K AR111 Led COB (220v)"},{"@type":"BreadcrumbList","@id":"https:\/\/www.interlampadas.com\/en\/lampadas\/lampadas-1\/led-150\/utilizacao-geral-led-151\/gu10-ar111-384\/gu10-12w-4000k-ar111-led-cob-prtyy4-220v\/#breadcrumb","itemListElement":[{"@type":"ListItem","position":1,"name":"Home","item":"https:\/\/www.interlampadas.com\/en\/"},{"@type":"ListItem","position":2,"name":"Loja","item":"https:\/\/www.interlampadas.com\/loja\/"},{"@type":"ListItem","position":3,"name":"GU10 12w 4000K AR111 Led COB PRTYY4 (220v)"}]},{"@type":"WebSite","@id":"https:\/\/www.interlampadas.com\/#website","url":"https:\/\/www.interlampadas.com\/","name":"Lumen by Interlampadas","description":"lampadas","alternateName":"Interlampadas","potentialAction":[{"@type":"SearchAction","target":{"@type":"EntryPoint","urlTemplate":"https:\/\/www.interlampadas.com\/?s={search_term_string}"},"query-input":{"@type":"PropertyValueSpecification","valueRequired":true,"valueName":"search_term_string"}}],"inLanguage":"en-US"}]}},"brands":[],"_links":{"self":[{"href":"https:\/\/www.interlampadas.com\/en\/wp-json\/wp\/v2\/product\/25854","targetHints":{"allow":["GET"]}}],"collection":[{"href":"https:\/\/www.interlampadas.com\/en\/wp-json\/wp\/v2\/product"}],"about":[{"href":"https:\/\/www.interlampadas.com\/en\/wp-json\/wp\/v2\/types\/product"}],"replies":[{"embeddable":true,"href":"https:\/\/www.interlampadas.com\/en\/wp-json\/wp\/v2\/comments?post=25854"}],"wp:featuredmedia":[{"embeddable":true,"href":"https:\/\/www.interlampadas.com\/en\/wp-json\/wp\/v2\/media\/25852"}],"wp:attachment":[{"href":"https:\/\/www.interlampadas.com\/en\/wp-json\/wp\/v2\/media?parent=25854"}],"wp:term":[{"taxonomy":"pwb-brand","embeddable":true,"href":"https:\/\/www.interlampadas.com\/en\/wp-json\/wp\/v2\/pwb-brand?post=25854"},{"taxonomy":"product_brand","embeddable":true,"href":"https:\/\/www.interlampadas.com\/en\/wp-json\/wp\/v2\/product_brand?post=25854"},{"taxonomy":"product_cat","embeddable":true,"href":"https:\/\/www.interlampadas.com\/en\/wp-json\/wp\/v2\/product_cat?post=25854"},{"taxonomy":"product_tag","embeddable":true,"href":"https:\/\/www.interlampadas.com\/en\/wp-json\/wp\/v2\/product_tag?post=25854"}],"curies":[{"name":"wp","href":"https:\/\/api.w.org\/{rel}","templated":true}]}}