{"id":25209,"date":"2023-05-20T02:46:52","date_gmt":"2023-05-20T01:46:52","guid":{"rendered":"https:\/\/www.interlampadas.com\/lampadas\/sem%20categoria\/candeeiro-de-chao-portatil-usb-prisma-3w-3000k-recarregavel-branco\/"},"modified":"2025-12-12T03:06:28","modified_gmt":"2025-12-12T03:06:28","slug":"candeeiro-de-chao-portatil-usb-prisma-3w-3000k-recarregavel-branco-1350mm","status":"publish","type":"product","link":"https:\/\/www.interlampadas.com\/en\/lampadas\/luminarias-2\/candeeiros-portateis-390\/candeeiro-de-chao-portatil-usb-prisma-3w-3000k-recarregavel-branco-1350mm\/","title":{"rendered":"Candeeiro de Ch\u00e3o Port\u00e1til USB Prisma 3w 3000K Recarreg\u00e1vel Branco 1350mm"},"content":{"rendered":"<p>Candeeiro de Ch\u00e3o Port\u00e1til USB Prisma 3w 3000K Recarreg\u00e1vel Branco<br \/>  Liga\u00e7\u00e3o USB-C<br \/>  Pot\u00eancia: 3W<br \/>  Lumens: 240<br \/>  Material: ABS, Metal<br \/>  Medidas: 1350&#215;190 mm<br \/>  Prote\u00e7\u00e3o IP: IP54<br \/>  Autonomia: 6 Horas<br \/>  Tempo de carga: 5 Horas<br \/>  Peso: 2.3 kg<\/p>\n<p>  Pot\u00eancia: 3 W<br \/>  Luminosidade: 240lm<br \/>  Di\u00e2metro: 190mm<br \/>  Tipo de regula\u00e7\u00e3o: T\u00e1ctil<br \/>  Prote\u00e7\u00e3o IP: IP54<br \/>  Dimens\u00f5es: 1350 mm x \u00d8190 mm<br \/>  Altura: 1350mm<br \/>  Capacidade Bateria: 4000 mAh<br \/>  Tipo de Carga: USB &#8211; Tipo C<br \/>  Autonomia M\u00e9dia: 6 h<br \/>  Material: Metal, ABS<\/p>\n","protected":false},"excerpt":{"rendered":"<p>Candeeiro de Ch\u00e3o Port\u00e1til USB Prisma 3w 3000K Recarreg\u00e1vel Branco Liga\u00e7\u00e3o USB-C Pot\u00eancia: 3W Lumens: 240 Material: ABS, Metal Medidas: 1350&#215;190 mm Prote\u00e7\u00e3o IP:<\/p>\n","protected":false},"featured_media":25207,"comment_status":"open","ping_status":"closed","template":"","meta":{"_acf_changed":false},"pwb-brand":[],"product_brand":[],"product_cat":[453],"product_tag":[],"class_list":{"0":"post-25209","1":"product","2":"type-product","3":"status-publish","4":"has-post-thumbnail","6":"product_cat-candeeiros-portateis-390","8":"first","9":"instock","10":"sale","11":"shipping-taxable","12":"purchasable","13":"product-type-simple"},"acf":[],"yoast_head":"<!-- This site is optimized with the Yoast SEO plugin v27.0 - https:\/\/yoast.com\/product\/yoast-seo-wordpress\/ -->\n<title>Candeeiro de Ch\u00e3o Port\u00e1til USB Prisma 3w 3000K Recarreg\u00e1vel Branco 1350mm - Lumen by Interlampadas<\/title>\n<meta name=\"description\" content=\"Candeeiro de Ch\u00e3o Port\u00e1til USB Prisma 3w 3000K Recarreg\u00e1vel Branco Liga\u00e7\u00e3o USB-C Pot\u00eancia: 3W Lumens: 240 Material: ABS, Metal Medidas: 1350x190 mm\" \/>\n<meta name=\"robots\" content=\"index, follow, max-snippet:-1, max-image-preview:large, max-video-preview:-1\" \/>\n<link rel=\"canonical\" href=\"https:\/\/www.interlampadas.com\/en\/lampadas\/luminarias-2\/candeeiros-portateis-390\/candeeiro-de-chao-portatil-usb-prisma-3w-3000k-recarregavel-branco-1350mm\/\" \/>\n<meta property=\"og:locale\" content=\"en_US\" \/>\n<meta property=\"og:type\" content=\"article\" \/>\n<meta property=\"og:title\" content=\"Candeeiro de Ch\u00e3o Port\u00e1til USB Prisma 3w 3000K Recarreg\u00e1vel Branco 1350mm - Lumen by Interlampadas\" \/>\n<meta property=\"og:description\" content=\"Candeeiro de Ch\u00e3o Port\u00e1til USB Prisma 3w 3000K Recarreg\u00e1vel Branco Liga\u00e7\u00e3o USB-C Pot\u00eancia: 3W Lumens: 240 Material: ABS, Metal Medidas: 1350x190 mm\" \/>\n<meta property=\"og:url\" content=\"https:\/\/www.interlampadas.com\/en\/lampadas\/luminarias-2\/candeeiros-portateis-390\/candeeiro-de-chao-portatil-usb-prisma-3w-3000k-recarregavel-branco-1350mm\/\" \/>\n<meta property=\"og:site_name\" content=\"Lumen by Interlampadas\" \/>\n<meta property=\"article:publisher\" content=\"https:\/\/www.facebook.com\/interlampadas\" \/>\n<meta property=\"article:modified_time\" content=\"2025-12-12T03:06:28+00:00\" \/>\n<meta property=\"og:image\" content=\"https:\/\/www.interlampadas.com\/wp-content\/uploads\/2023\/05\/16294.jpg\" \/>\n\t<meta property=\"og:image:width\" content=\"800\" \/>\n\t<meta property=\"og:image:height\" content=\"800\" \/>\n\t<meta property=\"og:image:type\" content=\"image\/jpeg\" \/>\n<meta name=\"twitter:card\" content=\"summary_large_image\" \/>\n<script type=\"application\/ld+json\" class=\"yoast-schema-graph\">{\"@context\":\"https:\/\/schema.org\",\"@graph\":[{\"@type\":\"WebPage\",\"@id\":\"https:\/\/www.interlampadas.com\/en\/lampadas\/luminarias-2\/candeeiros-portateis-390\/candeeiro-de-chao-portatil-usb-prisma-3w-3000k-recarregavel-branco-1350mm\/\",\"url\":\"https:\/\/www.interlampadas.com\/en\/lampadas\/luminarias-2\/candeeiros-portateis-390\/candeeiro-de-chao-portatil-usb-prisma-3w-3000k-recarregavel-branco-1350mm\/\",\"name\":\"Candeeiro de Ch\u00e3o Port\u00e1til USB Prisma 3w 3000K Recarreg\u00e1vel Branco 1350mm - Lumen by Interlampadas\",\"isPartOf\":{\"@id\":\"https:\/\/www.interlampadas.com\/#website\"},\"primaryImageOfPage\":{\"@id\":\"https:\/\/www.interlampadas.com\/en\/lampadas\/luminarias-2\/candeeiros-portateis-390\/candeeiro-de-chao-portatil-usb-prisma-3w-3000k-recarregavel-branco-1350mm\/#primaryimage\"},\"image\":{\"@id\":\"https:\/\/www.interlampadas.com\/en\/lampadas\/luminarias-2\/candeeiros-portateis-390\/candeeiro-de-chao-portatil-usb-prisma-3w-3000k-recarregavel-branco-1350mm\/#primaryimage\"},\"thumbnailUrl\":\"https:\/\/www.interlampadas.com\/wp-content\/uploads\/2023\/05\/16294.jpg\",\"datePublished\":\"2023-05-20T01:46:52+00:00\",\"dateModified\":\"2025-12-12T03:06:28+00:00\",\"description\":\"Candeeiro de Ch\u00e3o Port\u00e1til USB Prisma 3w 3000K Recarreg\u00e1vel Branco Liga\u00e7\u00e3o USB-C Pot\u00eancia: 3W Lumens: 240 Material: ABS, Metal Medidas: 1350x190 mm\",\"breadcrumb\":{\"@id\":\"https:\/\/www.interlampadas.com\/en\/lampadas\/luminarias-2\/candeeiros-portateis-390\/candeeiro-de-chao-portatil-usb-prisma-3w-3000k-recarregavel-branco-1350mm\/#breadcrumb\"},\"inLanguage\":\"en-US\",\"potentialAction\":[{\"@type\":\"ReadAction\",\"target\":[\"https:\/\/www.interlampadas.com\/en\/lampadas\/luminarias-2\/candeeiros-portateis-390\/candeeiro-de-chao-portatil-usb-prisma-3w-3000k-recarregavel-branco-1350mm\/\"]}]},{\"@type\":\"ImageObject\",\"inLanguage\":\"en-US\",\"@id\":\"https:\/\/www.interlampadas.com\/en\/lampadas\/luminarias-2\/candeeiros-portateis-390\/candeeiro-de-chao-portatil-usb-prisma-3w-3000k-recarregavel-branco-1350mm\/#primaryimage\",\"url\":\"https:\/\/www.interlampadas.com\/wp-content\/uploads\/2023\/05\/16294.jpg\",\"contentUrl\":\"https:\/\/www.interlampadas.com\/wp-content\/uploads\/2023\/05\/16294.jpg\",\"width\":800,\"height\":800,\"caption\":\"Candeeiro de Ch\u00e3o Port\u00e1til USB Prisma 3w 3000K Recarreg\u00e1vel Branco\"},{\"@type\":\"BreadcrumbList\",\"@id\":\"https:\/\/www.interlampadas.com\/en\/lampadas\/luminarias-2\/candeeiros-portateis-390\/candeeiro-de-chao-portatil-usb-prisma-3w-3000k-recarregavel-branco-1350mm\/#breadcrumb\",\"itemListElement\":[{\"@type\":\"ListItem\",\"position\":1,\"name\":\"Home\",\"item\":\"https:\/\/www.interlampadas.com\/en\/\"},{\"@type\":\"ListItem\",\"position\":2,\"name\":\"Loja\",\"item\":\"https:\/\/www.interlampadas.com\/loja\/\"},{\"@type\":\"ListItem\",\"position\":3,\"name\":\"Candeeiro de Ch\u00e3o Port\u00e1til USB Prisma 3w 3000K Recarreg\u00e1vel Branco 1350mm\"}]},{\"@type\":\"WebSite\",\"@id\":\"https:\/\/www.interlampadas.com\/#website\",\"url\":\"https:\/\/www.interlampadas.com\/\",\"name\":\"Lumen by Interlampadas\",\"description\":\"lampadas\",\"alternateName\":\"Interlampadas\",\"potentialAction\":[{\"@type\":\"SearchAction\",\"target\":{\"@type\":\"EntryPoint\",\"urlTemplate\":\"https:\/\/www.interlampadas.com\/?s={search_term_string}\"},\"query-input\":{\"@type\":\"PropertyValueSpecification\",\"valueRequired\":true,\"valueName\":\"search_term_string\"}}],\"inLanguage\":\"en-US\"}]}<\/script>\n<!-- \/ Yoast SEO plugin. -->","yoast_head_json":{"title":"Candeeiro de Ch\u00e3o Port\u00e1til USB Prisma 3w 3000K Recarreg\u00e1vel Branco 1350mm - Lumen by Interlampadas","description":"Candeeiro de Ch\u00e3o Port\u00e1til USB Prisma 3w 3000K Recarreg\u00e1vel Branco Liga\u00e7\u00e3o USB-C Pot\u00eancia: 3W Lumens: 240 Material: ABS, Metal Medidas: 1350x190 mm","robots":{"index":"index","follow":"follow","max-snippet":"max-snippet:-1","max-image-preview":"max-image-preview:large","max-video-preview":"max-video-preview:-1"},"canonical":"https:\/\/www.interlampadas.com\/en\/lampadas\/luminarias-2\/candeeiros-portateis-390\/candeeiro-de-chao-portatil-usb-prisma-3w-3000k-recarregavel-branco-1350mm\/","og_locale":"en_US","og_type":"article","og_title":"Candeeiro de Ch\u00e3o Port\u00e1til USB Prisma 3w 3000K Recarreg\u00e1vel Branco 1350mm - Lumen by Interlampadas","og_description":"Candeeiro de Ch\u00e3o Port\u00e1til USB Prisma 3w 3000K Recarreg\u00e1vel Branco Liga\u00e7\u00e3o USB-C Pot\u00eancia: 3W Lumens: 240 Material: ABS, Metal Medidas: 1350x190 mm","og_url":"https:\/\/www.interlampadas.com\/en\/lampadas\/luminarias-2\/candeeiros-portateis-390\/candeeiro-de-chao-portatil-usb-prisma-3w-3000k-recarregavel-branco-1350mm\/","og_site_name":"Lumen by Interlampadas","article_publisher":"https:\/\/www.facebook.com\/interlampadas","article_modified_time":"2025-12-12T03:06:28+00:00","og_image":[{"width":800,"height":800,"url":"https:\/\/www.interlampadas.com\/wp-content\/uploads\/2023\/05\/16294.jpg","type":"image\/jpeg"}],"twitter_card":"summary_large_image","schema":{"@context":"https:\/\/schema.org","@graph":[{"@type":"WebPage","@id":"https:\/\/www.interlampadas.com\/en\/lampadas\/luminarias-2\/candeeiros-portateis-390\/candeeiro-de-chao-portatil-usb-prisma-3w-3000k-recarregavel-branco-1350mm\/","url":"https:\/\/www.interlampadas.com\/en\/lampadas\/luminarias-2\/candeeiros-portateis-390\/candeeiro-de-chao-portatil-usb-prisma-3w-3000k-recarregavel-branco-1350mm\/","name":"Candeeiro de Ch\u00e3o Port\u00e1til USB Prisma 3w 3000K Recarreg\u00e1vel Branco 1350mm - Lumen by Interlampadas","isPartOf":{"@id":"https:\/\/www.interlampadas.com\/#website"},"primaryImageOfPage":{"@id":"https:\/\/www.interlampadas.com\/en\/lampadas\/luminarias-2\/candeeiros-portateis-390\/candeeiro-de-chao-portatil-usb-prisma-3w-3000k-recarregavel-branco-1350mm\/#primaryimage"},"image":{"@id":"https:\/\/www.interlampadas.com\/en\/lampadas\/luminarias-2\/candeeiros-portateis-390\/candeeiro-de-chao-portatil-usb-prisma-3w-3000k-recarregavel-branco-1350mm\/#primaryimage"},"thumbnailUrl":"https:\/\/www.interlampadas.com\/wp-content\/uploads\/2023\/05\/16294.jpg","datePublished":"2023-05-20T01:46:52+00:00","dateModified":"2025-12-12T03:06:28+00:00","description":"Candeeiro de Ch\u00e3o Port\u00e1til USB Prisma 3w 3000K Recarreg\u00e1vel Branco Liga\u00e7\u00e3o USB-C Pot\u00eancia: 3W Lumens: 240 Material: ABS, Metal Medidas: 1350x190 mm","breadcrumb":{"@id":"https:\/\/www.interlampadas.com\/en\/lampadas\/luminarias-2\/candeeiros-portateis-390\/candeeiro-de-chao-portatil-usb-prisma-3w-3000k-recarregavel-branco-1350mm\/#breadcrumb"},"inLanguage":"en-US","potentialAction":[{"@type":"ReadAction","target":["https:\/\/www.interlampadas.com\/en\/lampadas\/luminarias-2\/candeeiros-portateis-390\/candeeiro-de-chao-portatil-usb-prisma-3w-3000k-recarregavel-branco-1350mm\/"]}]},{"@type":"ImageObject","inLanguage":"en-US","@id":"https:\/\/www.interlampadas.com\/en\/lampadas\/luminarias-2\/candeeiros-portateis-390\/candeeiro-de-chao-portatil-usb-prisma-3w-3000k-recarregavel-branco-1350mm\/#primaryimage","url":"https:\/\/www.interlampadas.com\/wp-content\/uploads\/2023\/05\/16294.jpg","contentUrl":"https:\/\/www.interlampadas.com\/wp-content\/uploads\/2023\/05\/16294.jpg","width":800,"height":800,"caption":"Candeeiro de Ch\u00e3o Port\u00e1til USB Prisma 3w 3000K Recarreg\u00e1vel Branco"},{"@type":"BreadcrumbList","@id":"https:\/\/www.interlampadas.com\/en\/lampadas\/luminarias-2\/candeeiros-portateis-390\/candeeiro-de-chao-portatil-usb-prisma-3w-3000k-recarregavel-branco-1350mm\/#breadcrumb","itemListElement":[{"@type":"ListItem","position":1,"name":"Home","item":"https:\/\/www.interlampadas.com\/en\/"},{"@type":"ListItem","position":2,"name":"Loja","item":"https:\/\/www.interlampadas.com\/loja\/"},{"@type":"ListItem","position":3,"name":"Candeeiro de Ch\u00e3o Port\u00e1til USB Prisma 3w 3000K Recarreg\u00e1vel Branco 1350mm"}]},{"@type":"WebSite","@id":"https:\/\/www.interlampadas.com\/#website","url":"https:\/\/www.interlampadas.com\/","name":"Lumen by Interlampadas","description":"lampadas","alternateName":"Interlampadas","potentialAction":[{"@type":"SearchAction","target":{"@type":"EntryPoint","urlTemplate":"https:\/\/www.interlampadas.com\/?s={search_term_string}"},"query-input":{"@type":"PropertyValueSpecification","valueRequired":true,"valueName":"search_term_string"}}],"inLanguage":"en-US"}]}},"brands":[],"_links":{"self":[{"href":"https:\/\/www.interlampadas.com\/en\/wp-json\/wp\/v2\/product\/25209","targetHints":{"allow":["GET"]}}],"collection":[{"href":"https:\/\/www.interlampadas.com\/en\/wp-json\/wp\/v2\/product"}],"about":[{"href":"https:\/\/www.interlampadas.com\/en\/wp-json\/wp\/v2\/types\/product"}],"replies":[{"embeddable":true,"href":"https:\/\/www.interlampadas.com\/en\/wp-json\/wp\/v2\/comments?post=25209"}],"wp:featuredmedia":[{"embeddable":true,"href":"https:\/\/www.interlampadas.com\/en\/wp-json\/wp\/v2\/media\/25207"}],"wp:attachment":[{"href":"https:\/\/www.interlampadas.com\/en\/wp-json\/wp\/v2\/media?parent=25209"}],"wp:term":[{"taxonomy":"pwb-brand","embeddable":true,"href":"https:\/\/www.interlampadas.com\/en\/wp-json\/wp\/v2\/pwb-brand?post=25209"},{"taxonomy":"product_brand","embeddable":true,"href":"https:\/\/www.interlampadas.com\/en\/wp-json\/wp\/v2\/product_brand?post=25209"},{"taxonomy":"product_cat","embeddable":true,"href":"https:\/\/www.interlampadas.com\/en\/wp-json\/wp\/v2\/product_cat?post=25209"},{"taxonomy":"product_tag","embeddable":true,"href":"https:\/\/www.interlampadas.com\/en\/wp-json\/wp\/v2\/product_tag?post=25209"}],"curies":[{"name":"wp","href":"https:\/\/api.w.org\/{rel}","templated":true}]}}