{"id":25107,"date":"2023-05-19T02:47:22","date_gmt":"2023-05-19T01:47:22","guid":{"rendered":"https:\/\/www.interlampadas.com\/lampadas\/sem%20categoria\/eiki-lc-xt4e-lampada-original-em-suporte-generico\/"},"modified":"2026-04-17T02:57:30","modified_gmt":"2026-04-17T01:57:30","slug":"eiki-lc-xt4e-lampada-original-em-suporte-generico","status":"publish","type":"product","link":"https:\/\/www.interlampadas.com\/en\/lampadas\/lampadas-1\/videoprojector-389\/eiki-lc-xt4e-lampada-original-em-suporte-generico\/","title":{"rendered":"Eiki LC-XT4E L\u00e2mpada Original em Suporte Gen\u00e9rico"},"content":{"rendered":"<p>Ref. L\u00e2mpada: 6103274928  Compat\u00edvel com os seguintes modelos: LC-XT4, LC-XT44, LC-XT4D, LC-XT4E, LC-XT4U<\/p>\n","protected":false},"excerpt":{"rendered":"<p>Ref. L\u00e2mpada: 6103274928 Compat\u00edvel com os seguintes modelos: LC-XT4, LC-XT44, LC-XT4D, LC-XT4E, LC-XT4U<\/p>\n","protected":false},"featured_media":0,"comment_status":"open","ping_status":"closed","template":"","meta":{"_acf_changed":false},"pwb-brand":[452],"product_brand":[],"product_cat":[448],"product_tag":[],"class_list":{"0":"post-25107","1":"product","2":"type-product","3":"status-publish","5":"pwb-brand-eiki","6":"product_cat-videoprojector-389","8":"first","9":"outofstock","10":"shipping-taxable","11":"purchasable","12":"product-type-simple"},"acf":[],"yoast_head":"<!-- This site is optimized with the Yoast SEO plugin v27.0 - https:\/\/yoast.com\/product\/yoast-seo-wordpress\/ -->\n<title>Eiki LC-XT4E L\u00e2mpada Original em Suporte Gen\u00e9rico - Lumen by Interlampadas<\/title>\n<meta name=\"description\" content=\"Ref. L\u00e2mpada: 6103274928 Compat\u00edvel com os seguintes modelos: LC-XT4, LC-XT44, LC-XT4D, LC-XT4E, LC-XT4U\" \/>\n<meta name=\"robots\" content=\"index, follow, max-snippet:-1, max-image-preview:large, max-video-preview:-1\" \/>\n<link rel=\"canonical\" href=\"https:\/\/www.interlampadas.com\/en\/lampadas\/lampadas-1\/videoprojector-389\/eiki-lc-xt4e-lampada-original-em-suporte-generico\/\" \/>\n<meta property=\"og:locale\" content=\"en_US\" \/>\n<meta property=\"og:type\" content=\"article\" \/>\n<meta property=\"og:title\" content=\"Eiki LC-XT4E L\u00e2mpada Original em Suporte Gen\u00e9rico - Lumen by Interlampadas\" \/>\n<meta property=\"og:description\" content=\"Ref. L\u00e2mpada: 6103274928 Compat\u00edvel com os seguintes modelos: LC-XT4, LC-XT44, LC-XT4D, LC-XT4E, LC-XT4U\" \/>\n<meta property=\"og:url\" content=\"https:\/\/www.interlampadas.com\/en\/lampadas\/lampadas-1\/videoprojector-389\/eiki-lc-xt4e-lampada-original-em-suporte-generico\/\" \/>\n<meta property=\"og:site_name\" content=\"Lumen by Interlampadas\" \/>\n<meta property=\"article:publisher\" content=\"https:\/\/www.facebook.com\/interlampadas\" \/>\n<meta property=\"article:modified_time\" content=\"2026-04-17T01:57:30+00:00\" \/>\n<meta name=\"twitter:card\" content=\"summary_large_image\" \/>\n<script type=\"application\/ld+json\" class=\"yoast-schema-graph\">{\"@context\":\"https:\/\/schema.org\",\"@graph\":[{\"@type\":\"WebPage\",\"@id\":\"https:\/\/www.interlampadas.com\/en\/lampadas\/lampadas-1\/videoprojector-389\/eiki-lc-xt4e-lampada-original-em-suporte-generico\/\",\"url\":\"https:\/\/www.interlampadas.com\/en\/lampadas\/lampadas-1\/videoprojector-389\/eiki-lc-xt4e-lampada-original-em-suporte-generico\/\",\"name\":\"Eiki LC-XT4E L\u00e2mpada Original em Suporte Gen\u00e9rico - Lumen by Interlampadas\",\"isPartOf\":{\"@id\":\"https:\/\/www.interlampadas.com\/#website\"},\"datePublished\":\"2023-05-19T01:47:22+00:00\",\"dateModified\":\"2026-04-17T01:57:30+00:00\",\"description\":\"Ref. L\u00e2mpada: 6103274928 Compat\u00edvel com os seguintes modelos: LC-XT4, LC-XT44, LC-XT4D, LC-XT4E, LC-XT4U\",\"breadcrumb\":{\"@id\":\"https:\/\/www.interlampadas.com\/en\/lampadas\/lampadas-1\/videoprojector-389\/eiki-lc-xt4e-lampada-original-em-suporte-generico\/#breadcrumb\"},\"inLanguage\":\"en-US\",\"potentialAction\":[{\"@type\":\"ReadAction\",\"target\":[\"https:\/\/www.interlampadas.com\/en\/lampadas\/lampadas-1\/videoprojector-389\/eiki-lc-xt4e-lampada-original-em-suporte-generico\/\"]}]},{\"@type\":\"BreadcrumbList\",\"@id\":\"https:\/\/www.interlampadas.com\/en\/lampadas\/lampadas-1\/videoprojector-389\/eiki-lc-xt4e-lampada-original-em-suporte-generico\/#breadcrumb\",\"itemListElement\":[{\"@type\":\"ListItem\",\"position\":1,\"name\":\"Home\",\"item\":\"https:\/\/www.interlampadas.com\/en\/\"},{\"@type\":\"ListItem\",\"position\":2,\"name\":\"Loja\",\"item\":\"https:\/\/www.interlampadas.com\/loja\/\"},{\"@type\":\"ListItem\",\"position\":3,\"name\":\"Eiki LC-XT4E L\u00e2mpada Original em Suporte Gen\u00e9rico\"}]},{\"@type\":\"WebSite\",\"@id\":\"https:\/\/www.interlampadas.com\/#website\",\"url\":\"https:\/\/www.interlampadas.com\/\",\"name\":\"Lumen by Interlampadas\",\"description\":\"lampadas\",\"alternateName\":\"Interlampadas\",\"potentialAction\":[{\"@type\":\"SearchAction\",\"target\":{\"@type\":\"EntryPoint\",\"urlTemplate\":\"https:\/\/www.interlampadas.com\/?s={search_term_string}\"},\"query-input\":{\"@type\":\"PropertyValueSpecification\",\"valueRequired\":true,\"valueName\":\"search_term_string\"}}],\"inLanguage\":\"en-US\"}]}<\/script>\n<!-- \/ Yoast SEO plugin. -->","yoast_head_json":{"title":"Eiki LC-XT4E L\u00e2mpada Original em Suporte Gen\u00e9rico - Lumen by Interlampadas","description":"Ref. L\u00e2mpada: 6103274928 Compat\u00edvel com os seguintes modelos: LC-XT4, LC-XT44, LC-XT4D, LC-XT4E, LC-XT4U","robots":{"index":"index","follow":"follow","max-snippet":"max-snippet:-1","max-image-preview":"max-image-preview:large","max-video-preview":"max-video-preview:-1"},"canonical":"https:\/\/www.interlampadas.com\/en\/lampadas\/lampadas-1\/videoprojector-389\/eiki-lc-xt4e-lampada-original-em-suporte-generico\/","og_locale":"en_US","og_type":"article","og_title":"Eiki LC-XT4E L\u00e2mpada Original em Suporte Gen\u00e9rico - Lumen by Interlampadas","og_description":"Ref. L\u00e2mpada: 6103274928 Compat\u00edvel com os seguintes modelos: LC-XT4, LC-XT44, LC-XT4D, LC-XT4E, LC-XT4U","og_url":"https:\/\/www.interlampadas.com\/en\/lampadas\/lampadas-1\/videoprojector-389\/eiki-lc-xt4e-lampada-original-em-suporte-generico\/","og_site_name":"Lumen by Interlampadas","article_publisher":"https:\/\/www.facebook.com\/interlampadas","article_modified_time":"2026-04-17T01:57:30+00:00","twitter_card":"summary_large_image","schema":{"@context":"https:\/\/schema.org","@graph":[{"@type":"WebPage","@id":"https:\/\/www.interlampadas.com\/en\/lampadas\/lampadas-1\/videoprojector-389\/eiki-lc-xt4e-lampada-original-em-suporte-generico\/","url":"https:\/\/www.interlampadas.com\/en\/lampadas\/lampadas-1\/videoprojector-389\/eiki-lc-xt4e-lampada-original-em-suporte-generico\/","name":"Eiki LC-XT4E L\u00e2mpada Original em Suporte Gen\u00e9rico - Lumen by Interlampadas","isPartOf":{"@id":"https:\/\/www.interlampadas.com\/#website"},"datePublished":"2023-05-19T01:47:22+00:00","dateModified":"2026-04-17T01:57:30+00:00","description":"Ref. L\u00e2mpada: 6103274928 Compat\u00edvel com os seguintes modelos: LC-XT4, LC-XT44, LC-XT4D, LC-XT4E, LC-XT4U","breadcrumb":{"@id":"https:\/\/www.interlampadas.com\/en\/lampadas\/lampadas-1\/videoprojector-389\/eiki-lc-xt4e-lampada-original-em-suporte-generico\/#breadcrumb"},"inLanguage":"en-US","potentialAction":[{"@type":"ReadAction","target":["https:\/\/www.interlampadas.com\/en\/lampadas\/lampadas-1\/videoprojector-389\/eiki-lc-xt4e-lampada-original-em-suporte-generico\/"]}]},{"@type":"BreadcrumbList","@id":"https:\/\/www.interlampadas.com\/en\/lampadas\/lampadas-1\/videoprojector-389\/eiki-lc-xt4e-lampada-original-em-suporte-generico\/#breadcrumb","itemListElement":[{"@type":"ListItem","position":1,"name":"Home","item":"https:\/\/www.interlampadas.com\/en\/"},{"@type":"ListItem","position":2,"name":"Loja","item":"https:\/\/www.interlampadas.com\/loja\/"},{"@type":"ListItem","position":3,"name":"Eiki LC-XT4E L\u00e2mpada Original em Suporte Gen\u00e9rico"}]},{"@type":"WebSite","@id":"https:\/\/www.interlampadas.com\/#website","url":"https:\/\/www.interlampadas.com\/","name":"Lumen by Interlampadas","description":"lampadas","alternateName":"Interlampadas","potentialAction":[{"@type":"SearchAction","target":{"@type":"EntryPoint","urlTemplate":"https:\/\/www.interlampadas.com\/?s={search_term_string}"},"query-input":{"@type":"PropertyValueSpecification","valueRequired":true,"valueName":"search_term_string"}}],"inLanguage":"en-US"}]}},"brands":[{"id":452,"name":"Eiki","slug":"eiki"}],"_links":{"self":[{"href":"https:\/\/www.interlampadas.com\/en\/wp-json\/wp\/v2\/product\/25107","targetHints":{"allow":["GET"]}}],"collection":[{"href":"https:\/\/www.interlampadas.com\/en\/wp-json\/wp\/v2\/product"}],"about":[{"href":"https:\/\/www.interlampadas.com\/en\/wp-json\/wp\/v2\/types\/product"}],"replies":[{"embeddable":true,"href":"https:\/\/www.interlampadas.com\/en\/wp-json\/wp\/v2\/comments?post=25107"}],"wp:attachment":[{"href":"https:\/\/www.interlampadas.com\/en\/wp-json\/wp\/v2\/media?parent=25107"}],"wp:term":[{"taxonomy":"pwb-brand","embeddable":true,"href":"https:\/\/www.interlampadas.com\/en\/wp-json\/wp\/v2\/pwb-brand?post=25107"},{"taxonomy":"product_brand","embeddable":true,"href":"https:\/\/www.interlampadas.com\/en\/wp-json\/wp\/v2\/product_brand?post=25107"},{"taxonomy":"product_cat","embeddable":true,"href":"https:\/\/www.interlampadas.com\/en\/wp-json\/wp\/v2\/product_cat?post=25107"},{"taxonomy":"product_tag","embeddable":true,"href":"https:\/\/www.interlampadas.com\/en\/wp-json\/wp\/v2\/product_tag?post=25107"}],"curies":[{"name":"wp","href":"https:\/\/api.w.org\/{rel}","templated":true}]}}