{"id":25090,"date":"2023-05-19T02:47:16","date_gmt":"2023-05-19T01:47:16","guid":{"rendered":"https:\/\/www.interlampadas.com\/lampadas\/sem%20categoria\/epson-procinema-6030ub-elplp69-lampada-original-em-suporte-generico\/"},"modified":"2026-04-17T02:56:17","modified_gmt":"2026-04-17T01:56:17","slug":"epson-procinema-6030ub-elplp69-lampada-original-em-suporte-generico","status":"publish","type":"product","link":"https:\/\/www.interlampadas.com\/en\/lampadas\/lampadas-1\/videoprojector-389\/epson-procinema-6030ub-elplp69-lampada-original-em-suporte-generico\/","title":{"rendered":"Epson Procinema 6030UB ELPLP69 L\u00e2mpada Original em Suporte Gen\u00e9rico"},"content":{"rendered":"<p>Ref. L\u00e2mpada: ELPLP69, V13H010L69  Compat\u00edvel com os seguintes modelos: EH-TW8000, EH-TW9000, HC5010, HC5010e, Powerlite Home Cinema 5010, Powerlite Home Cinema 5010e, Powerlite Pro Cinema 6010, Pro Cinema 6010 3D, V11H399020, EH-TW8500C, EH-TW9500C, PowerLite Home Cinema 5020UB, PowerLite Home Cinema 5020UBe, EH-TW8100, EH-TW8510C, EH-TW9510C, EH-TW9200, EH-TW9100W, EH-TW7200, EH-TW9200W, EH-TW9100<\/p>\n","protected":false},"excerpt":{"rendered":"<p>Ref. L\u00e2mpada: ELPLP69, V13H010L69 Compat\u00edvel com os seguintes modelos: EH-TW8000, EH-TW9000, HC5010, HC5010e, Powerlite Home Cinema 5010, Powerlite Home Cinema <\/p>\n","protected":false},"featured_media":0,"comment_status":"open","ping_status":"closed","template":"","meta":{"_acf_changed":false},"pwb-brand":[283],"product_brand":[],"product_cat":[448],"product_tag":[],"class_list":{"0":"post-25090","1":"product","2":"type-product","3":"status-publish","5":"pwb-brand-epson","6":"product_cat-videoprojector-389","8":"first","9":"outofstock","10":"shipping-taxable","11":"purchasable","12":"product-type-simple"},"acf":[],"yoast_head":"<!-- This site is optimized with the Yoast SEO plugin v27.0 - https:\/\/yoast.com\/product\/yoast-seo-wordpress\/ -->\n<title>Epson Procinema 6030UB ELPLP69 L\u00e2mpada Original em Suporte Gen\u00e9rico - Lumen by Interlampadas<\/title>\n<meta name=\"description\" content=\"Ref. L\u00e2mpada: ELPLP69, V13H010L69 Compat\u00edvel com os seguintes modelos: EH-TW8000, EH-TW9000, HC5010, HC5010e, Powerlite Home Cinema 5010, Powerlite Home\" \/>\n<meta name=\"robots\" content=\"index, follow, max-snippet:-1, max-image-preview:large, max-video-preview:-1\" \/>\n<link rel=\"canonical\" href=\"https:\/\/www.interlampadas.com\/en\/lampadas\/lampadas-1\/videoprojector-389\/epson-procinema-6030ub-elplp69-lampada-original-em-suporte-generico\/\" \/>\n<meta property=\"og:locale\" content=\"en_US\" \/>\n<meta property=\"og:type\" content=\"article\" \/>\n<meta property=\"og:title\" content=\"Epson Procinema 6030UB ELPLP69 L\u00e2mpada Original em Suporte Gen\u00e9rico - Lumen by Interlampadas\" \/>\n<meta property=\"og:description\" content=\"Ref. L\u00e2mpada: ELPLP69, V13H010L69 Compat\u00edvel com os seguintes modelos: EH-TW8000, EH-TW9000, HC5010, HC5010e, Powerlite Home Cinema 5010, Powerlite Home\" \/>\n<meta property=\"og:url\" content=\"https:\/\/www.interlampadas.com\/en\/lampadas\/lampadas-1\/videoprojector-389\/epson-procinema-6030ub-elplp69-lampada-original-em-suporte-generico\/\" \/>\n<meta property=\"og:site_name\" content=\"Lumen by Interlampadas\" \/>\n<meta property=\"article:publisher\" content=\"https:\/\/www.facebook.com\/interlampadas\" \/>\n<meta property=\"article:modified_time\" content=\"2026-04-17T01:56:17+00:00\" \/>\n<meta name=\"twitter:card\" content=\"summary_large_image\" \/>\n<script type=\"application\/ld+json\" class=\"yoast-schema-graph\">{\"@context\":\"https:\/\/schema.org\",\"@graph\":[{\"@type\":\"WebPage\",\"@id\":\"https:\/\/www.interlampadas.com\/en\/lampadas\/lampadas-1\/videoprojector-389\/epson-procinema-6030ub-elplp69-lampada-original-em-suporte-generico\/\",\"url\":\"https:\/\/www.interlampadas.com\/en\/lampadas\/lampadas-1\/videoprojector-389\/epson-procinema-6030ub-elplp69-lampada-original-em-suporte-generico\/\",\"name\":\"Epson Procinema 6030UB ELPLP69 L\u00e2mpada Original em Suporte Gen\u00e9rico - Lumen by Interlampadas\",\"isPartOf\":{\"@id\":\"https:\/\/www.interlampadas.com\/#website\"},\"datePublished\":\"2023-05-19T01:47:16+00:00\",\"dateModified\":\"2026-04-17T01:56:17+00:00\",\"description\":\"Ref. L\u00e2mpada: ELPLP69, V13H010L69 Compat\u00edvel com os seguintes modelos: EH-TW8000, EH-TW9000, HC5010, HC5010e, Powerlite Home Cinema 5010, Powerlite Home\",\"breadcrumb\":{\"@id\":\"https:\/\/www.interlampadas.com\/en\/lampadas\/lampadas-1\/videoprojector-389\/epson-procinema-6030ub-elplp69-lampada-original-em-suporte-generico\/#breadcrumb\"},\"inLanguage\":\"en-US\",\"potentialAction\":[{\"@type\":\"ReadAction\",\"target\":[\"https:\/\/www.interlampadas.com\/en\/lampadas\/lampadas-1\/videoprojector-389\/epson-procinema-6030ub-elplp69-lampada-original-em-suporte-generico\/\"]}]},{\"@type\":\"BreadcrumbList\",\"@id\":\"https:\/\/www.interlampadas.com\/en\/lampadas\/lampadas-1\/videoprojector-389\/epson-procinema-6030ub-elplp69-lampada-original-em-suporte-generico\/#breadcrumb\",\"itemListElement\":[{\"@type\":\"ListItem\",\"position\":1,\"name\":\"Home\",\"item\":\"https:\/\/www.interlampadas.com\/en\/\"},{\"@type\":\"ListItem\",\"position\":2,\"name\":\"Loja\",\"item\":\"https:\/\/www.interlampadas.com\/loja\/\"},{\"@type\":\"ListItem\",\"position\":3,\"name\":\"Epson Procinema 6030UB ELPLP69 L\u00e2mpada Original em Suporte Gen\u00e9rico\"}]},{\"@type\":\"WebSite\",\"@id\":\"https:\/\/www.interlampadas.com\/#website\",\"url\":\"https:\/\/www.interlampadas.com\/\",\"name\":\"Lumen by Interlampadas\",\"description\":\"lampadas\",\"alternateName\":\"Interlampadas\",\"potentialAction\":[{\"@type\":\"SearchAction\",\"target\":{\"@type\":\"EntryPoint\",\"urlTemplate\":\"https:\/\/www.interlampadas.com\/?s={search_term_string}\"},\"query-input\":{\"@type\":\"PropertyValueSpecification\",\"valueRequired\":true,\"valueName\":\"search_term_string\"}}],\"inLanguage\":\"en-US\"}]}<\/script>\n<!-- \/ Yoast SEO plugin. -->","yoast_head_json":{"title":"Epson Procinema 6030UB ELPLP69 L\u00e2mpada Original em Suporte Gen\u00e9rico - Lumen by Interlampadas","description":"Ref. L\u00e2mpada: ELPLP69, V13H010L69 Compat\u00edvel com os seguintes modelos: EH-TW8000, EH-TW9000, HC5010, HC5010e, Powerlite Home Cinema 5010, Powerlite Home","robots":{"index":"index","follow":"follow","max-snippet":"max-snippet:-1","max-image-preview":"max-image-preview:large","max-video-preview":"max-video-preview:-1"},"canonical":"https:\/\/www.interlampadas.com\/en\/lampadas\/lampadas-1\/videoprojector-389\/epson-procinema-6030ub-elplp69-lampada-original-em-suporte-generico\/","og_locale":"en_US","og_type":"article","og_title":"Epson Procinema 6030UB ELPLP69 L\u00e2mpada Original em Suporte Gen\u00e9rico - Lumen by Interlampadas","og_description":"Ref. L\u00e2mpada: ELPLP69, V13H010L69 Compat\u00edvel com os seguintes modelos: EH-TW8000, EH-TW9000, HC5010, HC5010e, Powerlite Home Cinema 5010, Powerlite Home","og_url":"https:\/\/www.interlampadas.com\/en\/lampadas\/lampadas-1\/videoprojector-389\/epson-procinema-6030ub-elplp69-lampada-original-em-suporte-generico\/","og_site_name":"Lumen by Interlampadas","article_publisher":"https:\/\/www.facebook.com\/interlampadas","article_modified_time":"2026-04-17T01:56:17+00:00","twitter_card":"summary_large_image","schema":{"@context":"https:\/\/schema.org","@graph":[{"@type":"WebPage","@id":"https:\/\/www.interlampadas.com\/en\/lampadas\/lampadas-1\/videoprojector-389\/epson-procinema-6030ub-elplp69-lampada-original-em-suporte-generico\/","url":"https:\/\/www.interlampadas.com\/en\/lampadas\/lampadas-1\/videoprojector-389\/epson-procinema-6030ub-elplp69-lampada-original-em-suporte-generico\/","name":"Epson Procinema 6030UB ELPLP69 L\u00e2mpada Original em Suporte Gen\u00e9rico - Lumen by Interlampadas","isPartOf":{"@id":"https:\/\/www.interlampadas.com\/#website"},"datePublished":"2023-05-19T01:47:16+00:00","dateModified":"2026-04-17T01:56:17+00:00","description":"Ref. L\u00e2mpada: ELPLP69, V13H010L69 Compat\u00edvel com os seguintes modelos: EH-TW8000, EH-TW9000, HC5010, HC5010e, Powerlite Home Cinema 5010, Powerlite Home","breadcrumb":{"@id":"https:\/\/www.interlampadas.com\/en\/lampadas\/lampadas-1\/videoprojector-389\/epson-procinema-6030ub-elplp69-lampada-original-em-suporte-generico\/#breadcrumb"},"inLanguage":"en-US","potentialAction":[{"@type":"ReadAction","target":["https:\/\/www.interlampadas.com\/en\/lampadas\/lampadas-1\/videoprojector-389\/epson-procinema-6030ub-elplp69-lampada-original-em-suporte-generico\/"]}]},{"@type":"BreadcrumbList","@id":"https:\/\/www.interlampadas.com\/en\/lampadas\/lampadas-1\/videoprojector-389\/epson-procinema-6030ub-elplp69-lampada-original-em-suporte-generico\/#breadcrumb","itemListElement":[{"@type":"ListItem","position":1,"name":"Home","item":"https:\/\/www.interlampadas.com\/en\/"},{"@type":"ListItem","position":2,"name":"Loja","item":"https:\/\/www.interlampadas.com\/loja\/"},{"@type":"ListItem","position":3,"name":"Epson Procinema 6030UB ELPLP69 L\u00e2mpada Original em Suporte Gen\u00e9rico"}]},{"@type":"WebSite","@id":"https:\/\/www.interlampadas.com\/#website","url":"https:\/\/www.interlampadas.com\/","name":"Lumen by Interlampadas","description":"lampadas","alternateName":"Interlampadas","potentialAction":[{"@type":"SearchAction","target":{"@type":"EntryPoint","urlTemplate":"https:\/\/www.interlampadas.com\/?s={search_term_string}"},"query-input":{"@type":"PropertyValueSpecification","valueRequired":true,"valueName":"search_term_string"}}],"inLanguage":"en-US"}]}},"brands":[{"id":283,"name":"EPSON","slug":"epson"}],"_links":{"self":[{"href":"https:\/\/www.interlampadas.com\/en\/wp-json\/wp\/v2\/product\/25090","targetHints":{"allow":["GET"]}}],"collection":[{"href":"https:\/\/www.interlampadas.com\/en\/wp-json\/wp\/v2\/product"}],"about":[{"href":"https:\/\/www.interlampadas.com\/en\/wp-json\/wp\/v2\/types\/product"}],"replies":[{"embeddable":true,"href":"https:\/\/www.interlampadas.com\/en\/wp-json\/wp\/v2\/comments?post=25090"}],"wp:attachment":[{"href":"https:\/\/www.interlampadas.com\/en\/wp-json\/wp\/v2\/media?parent=25090"}],"wp:term":[{"taxonomy":"pwb-brand","embeddable":true,"href":"https:\/\/www.interlampadas.com\/en\/wp-json\/wp\/v2\/pwb-brand?post=25090"},{"taxonomy":"product_brand","embeddable":true,"href":"https:\/\/www.interlampadas.com\/en\/wp-json\/wp\/v2\/product_brand?post=25090"},{"taxonomy":"product_cat","embeddable":true,"href":"https:\/\/www.interlampadas.com\/en\/wp-json\/wp\/v2\/product_cat?post=25090"},{"taxonomy":"product_tag","embeddable":true,"href":"https:\/\/www.interlampadas.com\/en\/wp-json\/wp\/v2\/product_tag?post=25090"}],"curies":[{"name":"wp","href":"https:\/\/api.w.org\/{rel}","templated":true}]}}