{"id":24525,"date":"2022-10-29T02:47:27","date_gmt":"2022-10-29T01:47:27","guid":{"rendered":"https:\/\/www.interlampadas.com\/lampadas\/sem%20categoria\/toshiba-tlp-wx2200-tlplw11-lampada-generica-em-suporte-generico\/"},"modified":"2026-04-17T03:02:08","modified_gmt":"2026-04-17T02:02:08","slug":"toshiba-tlp-wx2200-tlplw11-lampada-generica-em-suporte-generico","status":"publish","type":"product","link":"https:\/\/www.interlampadas.com\/en\/lampadas\/lampadas-1\/videoprojector-389\/toshiba-tlp-wx2200-tlplw11-lampada-generica-em-suporte-generico\/","title":{"rendered":"Toshiba TLP-WX2200 TLPLW11 L\u00e2mpada Gen\u00e9rica em Suporte Gen\u00e9rico"},"content":{"rendered":"<p>L\u00e2mpada compat\u00edvel com os seguintes projectores: TOSHIBA TLP-WX2200, TLP-X2000, TLP-X2000U, TLP-X2500, TLP-X2500A, TLP-X2500U, TLP-X2700A, TLP-X3000A, TLP-XC2000, TLP-XC2000U, TLP-XC2500, TLP-XC2500U, TLP-XD2000, TLP-XD2000U, TLP-XD3000A, TLP-XE30, TLP-X2500\/A, X2000, X2500, XC2000, XC2500, XD2000, TDP xd2700a, TDP-XD3000, TLP-XD2700A, TLP-WX2200J, TLP-X2000J, TLP-X3000AJ, TLP-XC2000J, TLP-XC3000AJ<\/p>\n","protected":false},"excerpt":{"rendered":"<p>L\u00e2mpada compat\u00edvel com os seguintes projectores: TOSHIBA TLP-WX2200, TLP-X2000, TLP-X2000U, TLP-X2500, TLP-X2500A, TLP-X2500U, TLP-X2700A, TLP-X3000A, TLP-XC2000,<\/p>\n","protected":false},"featured_media":24523,"comment_status":"open","ping_status":"closed","template":"","meta":{"_acf_changed":false},"pwb-brand":[],"product_brand":[],"product_cat":[448],"product_tag":[],"class_list":{"0":"post-24525","1":"product","2":"type-product","3":"status-publish","4":"has-post-thumbnail","6":"product_cat-videoprojector-389","8":"first","9":"outofstock","10":"shipping-taxable","11":"purchasable","12":"product-type-simple"},"acf":[],"yoast_head":"<!-- This site is optimized with the Yoast SEO plugin v27.0 - https:\/\/yoast.com\/product\/yoast-seo-wordpress\/ -->\n<title>Toshiba TLP-WX2200 TLPLW11 L\u00e2mpada Gen\u00e9rica em Suporte Gen\u00e9rico - Lumen by Interlampadas<\/title>\n<meta name=\"description\" content=\"L\u00e2mpada compat\u00edvel com os seguintes projectores: TOSHIBA TLP-WX2200, TLP-X2000, TLP-X2000U, TLP-X2500, TLP-X2500A, TLP-X2500U, TLP-X2700A, TLP-X3000A,\" \/>\n<meta name=\"robots\" content=\"index, follow, max-snippet:-1, max-image-preview:large, max-video-preview:-1\" \/>\n<link rel=\"canonical\" href=\"https:\/\/www.interlampadas.com\/en\/lampadas\/lampadas-1\/videoprojector-389\/toshiba-tlp-wx2200-tlplw11-lampada-generica-em-suporte-generico\/\" \/>\n<meta property=\"og:locale\" content=\"en_US\" \/>\n<meta property=\"og:type\" content=\"article\" \/>\n<meta property=\"og:title\" content=\"Toshiba TLP-WX2200 TLPLW11 L\u00e2mpada Gen\u00e9rica em Suporte Gen\u00e9rico - Lumen by Interlampadas\" \/>\n<meta property=\"og:description\" content=\"L\u00e2mpada compat\u00edvel com os seguintes projectores: TOSHIBA TLP-WX2200, TLP-X2000, TLP-X2000U, TLP-X2500, TLP-X2500A, TLP-X2500U, TLP-X2700A, TLP-X3000A,\" \/>\n<meta property=\"og:url\" content=\"https:\/\/www.interlampadas.com\/en\/lampadas\/lampadas-1\/videoprojector-389\/toshiba-tlp-wx2200-tlplw11-lampada-generica-em-suporte-generico\/\" \/>\n<meta property=\"og:site_name\" content=\"Lumen by Interlampadas\" \/>\n<meta property=\"article:publisher\" content=\"https:\/\/www.facebook.com\/interlampadas\" \/>\n<meta property=\"article:modified_time\" content=\"2026-04-17T02:02:08+00:00\" \/>\n<meta property=\"og:image\" content=\"https:\/\/www.interlampadas.com\/wp-content\/uploads\/2022\/10\/16098.jpg\" \/>\n\t<meta property=\"og:image:width\" content=\"500\" \/>\n\t<meta property=\"og:image:height\" content=\"500\" \/>\n\t<meta property=\"og:image:type\" content=\"image\/jpeg\" \/>\n<meta name=\"twitter:card\" content=\"summary_large_image\" \/>\n<script type=\"application\/ld+json\" class=\"yoast-schema-graph\">{\"@context\":\"https:\/\/schema.org\",\"@graph\":[{\"@type\":\"WebPage\",\"@id\":\"https:\/\/www.interlampadas.com\/en\/lampadas\/lampadas-1\/videoprojector-389\/toshiba-tlp-wx2200-tlplw11-lampada-generica-em-suporte-generico\/\",\"url\":\"https:\/\/www.interlampadas.com\/en\/lampadas\/lampadas-1\/videoprojector-389\/toshiba-tlp-wx2200-tlplw11-lampada-generica-em-suporte-generico\/\",\"name\":\"Toshiba TLP-WX2200 TLPLW11 L\u00e2mpada Gen\u00e9rica em Suporte Gen\u00e9rico - Lumen by Interlampadas\",\"isPartOf\":{\"@id\":\"https:\/\/www.interlampadas.com\/#website\"},\"primaryImageOfPage\":{\"@id\":\"https:\/\/www.interlampadas.com\/en\/lampadas\/lampadas-1\/videoprojector-389\/toshiba-tlp-wx2200-tlplw11-lampada-generica-em-suporte-generico\/#primaryimage\"},\"image\":{\"@id\":\"https:\/\/www.interlampadas.com\/en\/lampadas\/lampadas-1\/videoprojector-389\/toshiba-tlp-wx2200-tlplw11-lampada-generica-em-suporte-generico\/#primaryimage\"},\"thumbnailUrl\":\"https:\/\/www.interlampadas.com\/wp-content\/uploads\/2022\/10\/16098.jpg\",\"datePublished\":\"2022-10-29T01:47:27+00:00\",\"dateModified\":\"2026-04-17T02:02:08+00:00\",\"description\":\"L\u00e2mpada compat\u00edvel com os seguintes projectores: TOSHIBA TLP-WX2200, TLP-X2000, TLP-X2000U, TLP-X2500, TLP-X2500A, TLP-X2500U, TLP-X2700A, TLP-X3000A,\",\"breadcrumb\":{\"@id\":\"https:\/\/www.interlampadas.com\/en\/lampadas\/lampadas-1\/videoprojector-389\/toshiba-tlp-wx2200-tlplw11-lampada-generica-em-suporte-generico\/#breadcrumb\"},\"inLanguage\":\"en-US\",\"potentialAction\":[{\"@type\":\"ReadAction\",\"target\":[\"https:\/\/www.interlampadas.com\/en\/lampadas\/lampadas-1\/videoprojector-389\/toshiba-tlp-wx2200-tlplw11-lampada-generica-em-suporte-generico\/\"]}]},{\"@type\":\"ImageObject\",\"inLanguage\":\"en-US\",\"@id\":\"https:\/\/www.interlampadas.com\/en\/lampadas\/lampadas-1\/videoprojector-389\/toshiba-tlp-wx2200-tlplw11-lampada-generica-em-suporte-generico\/#primaryimage\",\"url\":\"https:\/\/www.interlampadas.com\/wp-content\/uploads\/2022\/10\/16098.jpg\",\"contentUrl\":\"https:\/\/www.interlampadas.com\/wp-content\/uploads\/2022\/10\/16098.jpg\",\"width\":500,\"height\":500,\"caption\":\"Toshiba TLP-WX2200 TLPLW11 L\u00e2mpada Gen\u00e9rica em Suporte Gen\u00e9rico\"},{\"@type\":\"BreadcrumbList\",\"@id\":\"https:\/\/www.interlampadas.com\/en\/lampadas\/lampadas-1\/videoprojector-389\/toshiba-tlp-wx2200-tlplw11-lampada-generica-em-suporte-generico\/#breadcrumb\",\"itemListElement\":[{\"@type\":\"ListItem\",\"position\":1,\"name\":\"Home\",\"item\":\"https:\/\/www.interlampadas.com\/en\/\"},{\"@type\":\"ListItem\",\"position\":2,\"name\":\"Loja\",\"item\":\"https:\/\/www.interlampadas.com\/loja\/\"},{\"@type\":\"ListItem\",\"position\":3,\"name\":\"Toshiba TLP-WX2200 TLPLW11 L\u00e2mpada Gen\u00e9rica em Suporte Gen\u00e9rico\"}]},{\"@type\":\"WebSite\",\"@id\":\"https:\/\/www.interlampadas.com\/#website\",\"url\":\"https:\/\/www.interlampadas.com\/\",\"name\":\"Lumen by Interlampadas\",\"description\":\"lampadas\",\"alternateName\":\"Interlampadas\",\"potentialAction\":[{\"@type\":\"SearchAction\",\"target\":{\"@type\":\"EntryPoint\",\"urlTemplate\":\"https:\/\/www.interlampadas.com\/?s={search_term_string}\"},\"query-input\":{\"@type\":\"PropertyValueSpecification\",\"valueRequired\":true,\"valueName\":\"search_term_string\"}}],\"inLanguage\":\"en-US\"}]}<\/script>\n<!-- \/ Yoast SEO plugin. -->","yoast_head_json":{"title":"Toshiba TLP-WX2200 TLPLW11 L\u00e2mpada Gen\u00e9rica em Suporte Gen\u00e9rico - Lumen by Interlampadas","description":"L\u00e2mpada compat\u00edvel com os seguintes projectores: TOSHIBA TLP-WX2200, TLP-X2000, TLP-X2000U, TLP-X2500, TLP-X2500A, TLP-X2500U, TLP-X2700A, TLP-X3000A,","robots":{"index":"index","follow":"follow","max-snippet":"max-snippet:-1","max-image-preview":"max-image-preview:large","max-video-preview":"max-video-preview:-1"},"canonical":"https:\/\/www.interlampadas.com\/en\/lampadas\/lampadas-1\/videoprojector-389\/toshiba-tlp-wx2200-tlplw11-lampada-generica-em-suporte-generico\/","og_locale":"en_US","og_type":"article","og_title":"Toshiba TLP-WX2200 TLPLW11 L\u00e2mpada Gen\u00e9rica em Suporte Gen\u00e9rico - Lumen by Interlampadas","og_description":"L\u00e2mpada compat\u00edvel com os seguintes projectores: TOSHIBA TLP-WX2200, TLP-X2000, TLP-X2000U, TLP-X2500, TLP-X2500A, TLP-X2500U, TLP-X2700A, TLP-X3000A,","og_url":"https:\/\/www.interlampadas.com\/en\/lampadas\/lampadas-1\/videoprojector-389\/toshiba-tlp-wx2200-tlplw11-lampada-generica-em-suporte-generico\/","og_site_name":"Lumen by Interlampadas","article_publisher":"https:\/\/www.facebook.com\/interlampadas","article_modified_time":"2026-04-17T02:02:08+00:00","og_image":[{"width":500,"height":500,"url":"https:\/\/www.interlampadas.com\/wp-content\/uploads\/2022\/10\/16098.jpg","type":"image\/jpeg"}],"twitter_card":"summary_large_image","schema":{"@context":"https:\/\/schema.org","@graph":[{"@type":"WebPage","@id":"https:\/\/www.interlampadas.com\/en\/lampadas\/lampadas-1\/videoprojector-389\/toshiba-tlp-wx2200-tlplw11-lampada-generica-em-suporte-generico\/","url":"https:\/\/www.interlampadas.com\/en\/lampadas\/lampadas-1\/videoprojector-389\/toshiba-tlp-wx2200-tlplw11-lampada-generica-em-suporte-generico\/","name":"Toshiba TLP-WX2200 TLPLW11 L\u00e2mpada Gen\u00e9rica em Suporte Gen\u00e9rico - Lumen by Interlampadas","isPartOf":{"@id":"https:\/\/www.interlampadas.com\/#website"},"primaryImageOfPage":{"@id":"https:\/\/www.interlampadas.com\/en\/lampadas\/lampadas-1\/videoprojector-389\/toshiba-tlp-wx2200-tlplw11-lampada-generica-em-suporte-generico\/#primaryimage"},"image":{"@id":"https:\/\/www.interlampadas.com\/en\/lampadas\/lampadas-1\/videoprojector-389\/toshiba-tlp-wx2200-tlplw11-lampada-generica-em-suporte-generico\/#primaryimage"},"thumbnailUrl":"https:\/\/www.interlampadas.com\/wp-content\/uploads\/2022\/10\/16098.jpg","datePublished":"2022-10-29T01:47:27+00:00","dateModified":"2026-04-17T02:02:08+00:00","description":"L\u00e2mpada compat\u00edvel com os seguintes projectores: TOSHIBA TLP-WX2200, TLP-X2000, TLP-X2000U, TLP-X2500, TLP-X2500A, TLP-X2500U, TLP-X2700A, TLP-X3000A,","breadcrumb":{"@id":"https:\/\/www.interlampadas.com\/en\/lampadas\/lampadas-1\/videoprojector-389\/toshiba-tlp-wx2200-tlplw11-lampada-generica-em-suporte-generico\/#breadcrumb"},"inLanguage":"en-US","potentialAction":[{"@type":"ReadAction","target":["https:\/\/www.interlampadas.com\/en\/lampadas\/lampadas-1\/videoprojector-389\/toshiba-tlp-wx2200-tlplw11-lampada-generica-em-suporte-generico\/"]}]},{"@type":"ImageObject","inLanguage":"en-US","@id":"https:\/\/www.interlampadas.com\/en\/lampadas\/lampadas-1\/videoprojector-389\/toshiba-tlp-wx2200-tlplw11-lampada-generica-em-suporte-generico\/#primaryimage","url":"https:\/\/www.interlampadas.com\/wp-content\/uploads\/2022\/10\/16098.jpg","contentUrl":"https:\/\/www.interlampadas.com\/wp-content\/uploads\/2022\/10\/16098.jpg","width":500,"height":500,"caption":"Toshiba TLP-WX2200 TLPLW11 L\u00e2mpada Gen\u00e9rica em Suporte Gen\u00e9rico"},{"@type":"BreadcrumbList","@id":"https:\/\/www.interlampadas.com\/en\/lampadas\/lampadas-1\/videoprojector-389\/toshiba-tlp-wx2200-tlplw11-lampada-generica-em-suporte-generico\/#breadcrumb","itemListElement":[{"@type":"ListItem","position":1,"name":"Home","item":"https:\/\/www.interlampadas.com\/en\/"},{"@type":"ListItem","position":2,"name":"Loja","item":"https:\/\/www.interlampadas.com\/loja\/"},{"@type":"ListItem","position":3,"name":"Toshiba TLP-WX2200 TLPLW11 L\u00e2mpada Gen\u00e9rica em Suporte Gen\u00e9rico"}]},{"@type":"WebSite","@id":"https:\/\/www.interlampadas.com\/#website","url":"https:\/\/www.interlampadas.com\/","name":"Lumen by Interlampadas","description":"lampadas","alternateName":"Interlampadas","potentialAction":[{"@type":"SearchAction","target":{"@type":"EntryPoint","urlTemplate":"https:\/\/www.interlampadas.com\/?s={search_term_string}"},"query-input":{"@type":"PropertyValueSpecification","valueRequired":true,"valueName":"search_term_string"}}],"inLanguage":"en-US"}]}},"brands":[],"_links":{"self":[{"href":"https:\/\/www.interlampadas.com\/en\/wp-json\/wp\/v2\/product\/24525","targetHints":{"allow":["GET"]}}],"collection":[{"href":"https:\/\/www.interlampadas.com\/en\/wp-json\/wp\/v2\/product"}],"about":[{"href":"https:\/\/www.interlampadas.com\/en\/wp-json\/wp\/v2\/types\/product"}],"replies":[{"embeddable":true,"href":"https:\/\/www.interlampadas.com\/en\/wp-json\/wp\/v2\/comments?post=24525"}],"wp:featuredmedia":[{"embeddable":true,"href":"https:\/\/www.interlampadas.com\/en\/wp-json\/wp\/v2\/media\/24523"}],"wp:attachment":[{"href":"https:\/\/www.interlampadas.com\/en\/wp-json\/wp\/v2\/media?parent=24525"}],"wp:term":[{"taxonomy":"pwb-brand","embeddable":true,"href":"https:\/\/www.interlampadas.com\/en\/wp-json\/wp\/v2\/pwb-brand?post=24525"},{"taxonomy":"product_brand","embeddable":true,"href":"https:\/\/www.interlampadas.com\/en\/wp-json\/wp\/v2\/product_brand?post=24525"},{"taxonomy":"product_cat","embeddable":true,"href":"https:\/\/www.interlampadas.com\/en\/wp-json\/wp\/v2\/product_cat?post=24525"},{"taxonomy":"product_tag","embeddable":true,"href":"https:\/\/www.interlampadas.com\/en\/wp-json\/wp\/v2\/product_tag?post=24525"}],"curies":[{"name":"wp","href":"https:\/\/api.w.org\/{rel}","templated":true}]}}