{"id":18499,"date":"2022-05-24T02:46:58","date_gmt":"2022-05-24T01:46:58","guid":{"rendered":"https:\/\/www.interlampadas.com\/lampadas\/sem%20categoria\/epson-elplp78-elplp88-losg-prtw9\/"},"modified":"2026-04-16T02:54:47","modified_gmt":"2026-04-16T01:54:47","slug":"epson-elplp78-elplp88-lampada-original-em-suporte-generico-prt481","status":"publish","type":"product","link":"https:\/\/www.interlampadas.com\/en\/lampadas\/lampadas-1\/videoprojector-389\/epson-elplp78-elplp88-lampada-original-em-suporte-generico-prt481\/","title":{"rendered":"Epson ELPLP78\/ELPLP88 L\u00e2mpada Original em Suporte Gen\u00e9rico PRT481"},"content":{"rendered":"<p>Ref. L\u00e2mpada: ELPLP78, V13H010L78  Compat\u00edvel com os seguintes modelos: EH-TW490, EB-945, EB-955W, EB-965, EB-98, EB-S03, EB-S17, EB-S18, EB-W03, EB-W18, EB-W22, EB-X03, EB-X18, EB-X20, EB-X25, EH-TW5200, EB-X24, EB-S120, EB-S200, EB-W120, EB-X120, EB-X200, EX3220, EX5220, EX6220, EX7220, POWERLITE 1222, POWERLITE 1262W, POWERLITE 955W, POWERLITE 965, POWERLITE 97, POWERLITE 98, POWERLITE 99W, POWERLITE HOME CINEMA 2000, POWERLITE HOME CINEMA 2030, POWERLITE HOME CINEMA 725HD, POWERLITE HOME CINEMA 730HD, POWERLITE S17, POWERLITE W17, POWERLITE X17, V11H576020, V11H582020, EH-TW570, EB-W28, POWERLITE EX7235 PRO, POWERLITE EX7230 PRO, POWERLITE 1263W, EB-940, EB-950W, EB-97, EB-W17, EB-X17, EH-TW410, EH-TW5100, EX5230, VS230, VS330, VS335W, EB-X21, EB-950WV, EH-TW530, EB-X22, EB-S21, H577B, Powerlite X21, EX7230 PRO, EX7235 PRO, W15+, W18+, X24+, S18+, HC2030, Powerlite S18+, Powerlite W15+, PowerLite W18+, Powerlite X24+, EX5230 Pro, Home Cinema 2000, Home Cinema 2030, PowerLite Home Cinema 600<\/p>\n","protected":false},"excerpt":{"rendered":"<p>Ref. L\u00e2mpada: ELPLP78, V13H010L78 Compat\u00edvel com os seguintes modelos: EH-TW490, EB-945, EB-955W, EB-965, EB-98, EB-S03, EB-S17, EB-S18, EB-W03, EB-W18, EB-W22,<\/p>\n","protected":false},"featured_media":18498,"comment_status":"open","ping_status":"closed","template":"","meta":{"_acf_changed":false},"pwb-brand":[283],"product_brand":[],"product_cat":[448],"product_tag":[],"class_list":{"0":"post-18499","1":"product","2":"type-product","3":"status-publish","4":"has-post-thumbnail","6":"pwb-brand-epson","7":"product_cat-videoprojector-389","9":"first","10":"instock","11":"shipping-taxable","12":"purchasable","13":"product-type-simple"},"acf":[],"yoast_head":"<!-- This site is optimized with the Yoast SEO plugin v27.0 - https:\/\/yoast.com\/product\/yoast-seo-wordpress\/ -->\n<title>Epson ELPLP78\/ELPLP88 L\u00e2mpada Original em Suporte Gen\u00e9rico PRT481 - Lumen by Interlampadas<\/title>\n<meta name=\"description\" content=\"Ref. L\u00e2mpada: ELPLP78, V13H010L78 Compat\u00edvel com os seguintes modelos: EH-TW490, EB-945, EB-955W, EB-965, EB-98, EB-S03, EB-S17, EB-S18, EB-W03, EB-W18,\" \/>\n<meta name=\"robots\" content=\"index, follow, max-snippet:-1, max-image-preview:large, max-video-preview:-1\" \/>\n<link rel=\"canonical\" href=\"https:\/\/www.interlampadas.com\/en\/lampadas\/lampadas-1\/videoprojector-389\/epson-elplp78-elplp88-lampada-original-em-suporte-generico-prt481\/\" \/>\n<meta property=\"og:locale\" content=\"en_US\" \/>\n<meta property=\"og:type\" content=\"article\" \/>\n<meta property=\"og:title\" content=\"Epson ELPLP78\/ELPLP88 L\u00e2mpada Original em Suporte Gen\u00e9rico PRT481 - Lumen by Interlampadas\" \/>\n<meta property=\"og:description\" content=\"Ref. L\u00e2mpada: ELPLP78, V13H010L78 Compat\u00edvel com os seguintes modelos: EH-TW490, EB-945, EB-955W, EB-965, EB-98, EB-S03, EB-S17, EB-S18, EB-W03, EB-W18,\" \/>\n<meta property=\"og:url\" content=\"https:\/\/www.interlampadas.com\/en\/lampadas\/lampadas-1\/videoprojector-389\/epson-elplp78-elplp88-lampada-original-em-suporte-generico-prt481\/\" \/>\n<meta property=\"og:site_name\" content=\"Lumen by Interlampadas\" \/>\n<meta property=\"article:publisher\" content=\"https:\/\/www.facebook.com\/interlampadas\" \/>\n<meta property=\"article:modified_time\" content=\"2026-04-16T01:54:47+00:00\" \/>\n<meta property=\"og:image\" content=\"https:\/\/www.interlampadas.com\/wp-content\/uploads\/2022\/05\/13163.jpg\" \/>\n\t<meta property=\"og:image:width\" content=\"800\" \/>\n\t<meta property=\"og:image:height\" content=\"600\" \/>\n\t<meta property=\"og:image:type\" content=\"image\/jpeg\" \/>\n<meta name=\"twitter:card\" content=\"summary_large_image\" \/>\n<meta name=\"twitter:label1\" content=\"Est. reading time\" \/>\n\t<meta name=\"twitter:data1\" content=\"1 minute\" \/>\n<script type=\"application\/ld+json\" class=\"yoast-schema-graph\">{\"@context\":\"https:\/\/schema.org\",\"@graph\":[{\"@type\":\"WebPage\",\"@id\":\"https:\/\/www.interlampadas.com\/en\/lampadas\/lampadas-1\/videoprojector-389\/epson-elplp78-elplp88-lampada-original-em-suporte-generico-prt481\/\",\"url\":\"https:\/\/www.interlampadas.com\/en\/lampadas\/lampadas-1\/videoprojector-389\/epson-elplp78-elplp88-lampada-original-em-suporte-generico-prt481\/\",\"name\":\"Epson ELPLP78\/ELPLP88 L\u00e2mpada Original em Suporte Gen\u00e9rico PRT481 - Lumen by Interlampadas\",\"isPartOf\":{\"@id\":\"https:\/\/www.interlampadas.com\/#website\"},\"primaryImageOfPage\":{\"@id\":\"https:\/\/www.interlampadas.com\/en\/lampadas\/lampadas-1\/videoprojector-389\/epson-elplp78-elplp88-lampada-original-em-suporte-generico-prt481\/#primaryimage\"},\"image\":{\"@id\":\"https:\/\/www.interlampadas.com\/en\/lampadas\/lampadas-1\/videoprojector-389\/epson-elplp78-elplp88-lampada-original-em-suporte-generico-prt481\/#primaryimage\"},\"thumbnailUrl\":\"https:\/\/www.interlampadas.com\/wp-content\/uploads\/2022\/05\/13163.jpg\",\"datePublished\":\"2022-05-24T01:46:58+00:00\",\"dateModified\":\"2026-04-16T01:54:47+00:00\",\"description\":\"Ref. L\u00e2mpada: ELPLP78, V13H010L78 Compat\u00edvel com os seguintes modelos: EH-TW490, EB-945, EB-955W, EB-965, EB-98, EB-S03, EB-S17, EB-S18, EB-W03, EB-W18,\",\"breadcrumb\":{\"@id\":\"https:\/\/www.interlampadas.com\/en\/lampadas\/lampadas-1\/videoprojector-389\/epson-elplp78-elplp88-lampada-original-em-suporte-generico-prt481\/#breadcrumb\"},\"inLanguage\":\"en-US\",\"potentialAction\":[{\"@type\":\"ReadAction\",\"target\":[\"https:\/\/www.interlampadas.com\/en\/lampadas\/lampadas-1\/videoprojector-389\/epson-elplp78-elplp88-lampada-original-em-suporte-generico-prt481\/\"]}]},{\"@type\":\"ImageObject\",\"inLanguage\":\"en-US\",\"@id\":\"https:\/\/www.interlampadas.com\/en\/lampadas\/lampadas-1\/videoprojector-389\/epson-elplp78-elplp88-lampada-original-em-suporte-generico-prt481\/#primaryimage\",\"url\":\"https:\/\/www.interlampadas.com\/wp-content\/uploads\/2022\/05\/13163.jpg\",\"contentUrl\":\"https:\/\/www.interlampadas.com\/wp-content\/uploads\/2022\/05\/13163.jpg\",\"width\":800,\"height\":600,\"caption\":\"Epson ELPLP78\/ELPLP88 LOSG PRTW9\"},{\"@type\":\"BreadcrumbList\",\"@id\":\"https:\/\/www.interlampadas.com\/en\/lampadas\/lampadas-1\/videoprojector-389\/epson-elplp78-elplp88-lampada-original-em-suporte-generico-prt481\/#breadcrumb\",\"itemListElement\":[{\"@type\":\"ListItem\",\"position\":1,\"name\":\"Home\",\"item\":\"https:\/\/www.interlampadas.com\/en\/\"},{\"@type\":\"ListItem\",\"position\":2,\"name\":\"Loja\",\"item\":\"https:\/\/www.interlampadas.com\/loja\/\"},{\"@type\":\"ListItem\",\"position\":3,\"name\":\"Epson ELPLP78\/ELPLP88 L\u00e2mpada Original em Suporte Gen\u00e9rico PRT481\"}]},{\"@type\":\"WebSite\",\"@id\":\"https:\/\/www.interlampadas.com\/#website\",\"url\":\"https:\/\/www.interlampadas.com\/\",\"name\":\"Lumen by Interlampadas\",\"description\":\"lampadas\",\"alternateName\":\"Interlampadas\",\"potentialAction\":[{\"@type\":\"SearchAction\",\"target\":{\"@type\":\"EntryPoint\",\"urlTemplate\":\"https:\/\/www.interlampadas.com\/?s={search_term_string}\"},\"query-input\":{\"@type\":\"PropertyValueSpecification\",\"valueRequired\":true,\"valueName\":\"search_term_string\"}}],\"inLanguage\":\"en-US\"}]}<\/script>\n<!-- \/ Yoast SEO plugin. -->","yoast_head_json":{"title":"Epson ELPLP78\/ELPLP88 L\u00e2mpada Original em Suporte Gen\u00e9rico PRT481 - Lumen by Interlampadas","description":"Ref. L\u00e2mpada: ELPLP78, V13H010L78 Compat\u00edvel com os seguintes modelos: EH-TW490, EB-945, EB-955W, EB-965, EB-98, EB-S03, EB-S17, EB-S18, EB-W03, EB-W18,","robots":{"index":"index","follow":"follow","max-snippet":"max-snippet:-1","max-image-preview":"max-image-preview:large","max-video-preview":"max-video-preview:-1"},"canonical":"https:\/\/www.interlampadas.com\/en\/lampadas\/lampadas-1\/videoprojector-389\/epson-elplp78-elplp88-lampada-original-em-suporte-generico-prt481\/","og_locale":"en_US","og_type":"article","og_title":"Epson ELPLP78\/ELPLP88 L\u00e2mpada Original em Suporte Gen\u00e9rico PRT481 - Lumen by Interlampadas","og_description":"Ref. L\u00e2mpada: ELPLP78, V13H010L78 Compat\u00edvel com os seguintes modelos: EH-TW490, EB-945, EB-955W, EB-965, EB-98, EB-S03, EB-S17, EB-S18, EB-W03, EB-W18,","og_url":"https:\/\/www.interlampadas.com\/en\/lampadas\/lampadas-1\/videoprojector-389\/epson-elplp78-elplp88-lampada-original-em-suporte-generico-prt481\/","og_site_name":"Lumen by Interlampadas","article_publisher":"https:\/\/www.facebook.com\/interlampadas","article_modified_time":"2026-04-16T01:54:47+00:00","og_image":[{"width":800,"height":600,"url":"https:\/\/www.interlampadas.com\/wp-content\/uploads\/2022\/05\/13163.jpg","type":"image\/jpeg"}],"twitter_card":"summary_large_image","twitter_misc":{"Est. reading time":"1 minute"},"schema":{"@context":"https:\/\/schema.org","@graph":[{"@type":"WebPage","@id":"https:\/\/www.interlampadas.com\/en\/lampadas\/lampadas-1\/videoprojector-389\/epson-elplp78-elplp88-lampada-original-em-suporte-generico-prt481\/","url":"https:\/\/www.interlampadas.com\/en\/lampadas\/lampadas-1\/videoprojector-389\/epson-elplp78-elplp88-lampada-original-em-suporte-generico-prt481\/","name":"Epson ELPLP78\/ELPLP88 L\u00e2mpada Original em Suporte Gen\u00e9rico PRT481 - Lumen by Interlampadas","isPartOf":{"@id":"https:\/\/www.interlampadas.com\/#website"},"primaryImageOfPage":{"@id":"https:\/\/www.interlampadas.com\/en\/lampadas\/lampadas-1\/videoprojector-389\/epson-elplp78-elplp88-lampada-original-em-suporte-generico-prt481\/#primaryimage"},"image":{"@id":"https:\/\/www.interlampadas.com\/en\/lampadas\/lampadas-1\/videoprojector-389\/epson-elplp78-elplp88-lampada-original-em-suporte-generico-prt481\/#primaryimage"},"thumbnailUrl":"https:\/\/www.interlampadas.com\/wp-content\/uploads\/2022\/05\/13163.jpg","datePublished":"2022-05-24T01:46:58+00:00","dateModified":"2026-04-16T01:54:47+00:00","description":"Ref. L\u00e2mpada: ELPLP78, V13H010L78 Compat\u00edvel com os seguintes modelos: EH-TW490, EB-945, EB-955W, EB-965, EB-98, EB-S03, EB-S17, EB-S18, EB-W03, EB-W18,","breadcrumb":{"@id":"https:\/\/www.interlampadas.com\/en\/lampadas\/lampadas-1\/videoprojector-389\/epson-elplp78-elplp88-lampada-original-em-suporte-generico-prt481\/#breadcrumb"},"inLanguage":"en-US","potentialAction":[{"@type":"ReadAction","target":["https:\/\/www.interlampadas.com\/en\/lampadas\/lampadas-1\/videoprojector-389\/epson-elplp78-elplp88-lampada-original-em-suporte-generico-prt481\/"]}]},{"@type":"ImageObject","inLanguage":"en-US","@id":"https:\/\/www.interlampadas.com\/en\/lampadas\/lampadas-1\/videoprojector-389\/epson-elplp78-elplp88-lampada-original-em-suporte-generico-prt481\/#primaryimage","url":"https:\/\/www.interlampadas.com\/wp-content\/uploads\/2022\/05\/13163.jpg","contentUrl":"https:\/\/www.interlampadas.com\/wp-content\/uploads\/2022\/05\/13163.jpg","width":800,"height":600,"caption":"Epson ELPLP78\/ELPLP88 LOSG PRTW9"},{"@type":"BreadcrumbList","@id":"https:\/\/www.interlampadas.com\/en\/lampadas\/lampadas-1\/videoprojector-389\/epson-elplp78-elplp88-lampada-original-em-suporte-generico-prt481\/#breadcrumb","itemListElement":[{"@type":"ListItem","position":1,"name":"Home","item":"https:\/\/www.interlampadas.com\/en\/"},{"@type":"ListItem","position":2,"name":"Loja","item":"https:\/\/www.interlampadas.com\/loja\/"},{"@type":"ListItem","position":3,"name":"Epson ELPLP78\/ELPLP88 L\u00e2mpada Original em Suporte Gen\u00e9rico PRT481"}]},{"@type":"WebSite","@id":"https:\/\/www.interlampadas.com\/#website","url":"https:\/\/www.interlampadas.com\/","name":"Lumen by Interlampadas","description":"lampadas","alternateName":"Interlampadas","potentialAction":[{"@type":"SearchAction","target":{"@type":"EntryPoint","urlTemplate":"https:\/\/www.interlampadas.com\/?s={search_term_string}"},"query-input":{"@type":"PropertyValueSpecification","valueRequired":true,"valueName":"search_term_string"}}],"inLanguage":"en-US"}]}},"brands":[{"id":283,"name":"EPSON","slug":"epson"}],"_links":{"self":[{"href":"https:\/\/www.interlampadas.com\/en\/wp-json\/wp\/v2\/product\/18499","targetHints":{"allow":["GET"]}}],"collection":[{"href":"https:\/\/www.interlampadas.com\/en\/wp-json\/wp\/v2\/product"}],"about":[{"href":"https:\/\/www.interlampadas.com\/en\/wp-json\/wp\/v2\/types\/product"}],"replies":[{"embeddable":true,"href":"https:\/\/www.interlampadas.com\/en\/wp-json\/wp\/v2\/comments?post=18499"}],"wp:featuredmedia":[{"embeddable":true,"href":"https:\/\/www.interlampadas.com\/en\/wp-json\/wp\/v2\/media\/18498"}],"wp:attachment":[{"href":"https:\/\/www.interlampadas.com\/en\/wp-json\/wp\/v2\/media?parent=18499"}],"wp:term":[{"taxonomy":"pwb-brand","embeddable":true,"href":"https:\/\/www.interlampadas.com\/en\/wp-json\/wp\/v2\/pwb-brand?post=18499"},{"taxonomy":"product_brand","embeddable":true,"href":"https:\/\/www.interlampadas.com\/en\/wp-json\/wp\/v2\/product_brand?post=18499"},{"taxonomy":"product_cat","embeddable":true,"href":"https:\/\/www.interlampadas.com\/en\/wp-json\/wp\/v2\/product_cat?post=18499"},{"taxonomy":"product_tag","embeddable":true,"href":"https:\/\/www.interlampadas.com\/en\/wp-json\/wp\/v2\/product_tag?post=18499"}],"curies":[{"name":"wp","href":"https:\/\/api.w.org\/{rel}","templated":true}]}}