{"id":18275,"date":"2022-02-03T02:46:57","date_gmt":"2022-02-03T02:46:57","guid":{"rendered":"https:\/\/www.interlampadas.com\/lampadas\/sem%20categoria\/e27-12-5w-led-par38-plantgrow-blue-red-220v\/"},"modified":"2026-04-30T02:51:14","modified_gmt":"2026-04-30T01:51:14","slug":"e27-12-5w-led-par38-plantgrow-blue-red-220v","status":"publish","type":"product","link":"https:\/\/www.interlampadas.com\/en\/lampadas\/lampadas-1\/utilizacao-especifica-51\/plantas-378\/e27-12-5w-led-par38-plantgrow-blue-red-220v\/","title":{"rendered":"E27 12,5w Led PAR38 PlantGrow Blue\/Red (220v)"},"content":{"rendered":"<p>LED PAR38 PlantGrow E27 100V-240V 12,5W 30D 120x129mm Azul (450-500nm) e Vermelho (610-700nm) estimulam o crescimento das plantas.<br \/>  Fonte de luz artificial rica em luz vermelha e azul para fotoss\u00edntese eficiente. A fotoss\u00edntese \u00e9 um processo natural de plantas e outros organismos para converter luz em energia qu\u00edmica para aliment\u00e1-los mais tarde. Isso garante um melhor crescimento das plantas em aplica\u00e7\u00f5es onde h\u00e1 pouca ou nenhuma luz do dia, pois esta l\u00e2mpada emite exatamente os comprimentos de onda necess\u00e1rios para estimular o crescimento das plantas. N\u00e3o deve ser utilizado em lumin\u00e1rias fechadas e\/ou embutidas. Use apenas dentro de casa. Temperatura ambiente: -20\u00b0C a + 40\u00b0C.<br \/>  EAN: 8714681406991<br \/>  Pot\u00eancia (W): 12,5w<br \/>  Voltagem (V): 220v<br \/>  Base: E27<br \/>  Fluxo luminoso (lm): 205<br \/>  Temperatura de cor (K): Blue\/Red<br \/>  \u00cdndice de restitui\u00e7\u00e3o de cores (Ra): 100<br \/>  \u00c2ngulo [\u00b0]: 30<br \/>  Tempo de vida (h): 25000<br \/>  Grau de prote\u00e7\u00e3o (IP): IP20<br \/>  Dim\u00e1vel: N\u00e3o<br \/>  Dimens\u00f5es Produto (cm): 120x129mm<\/p>\n","protected":false},"excerpt":{"rendered":"<p>LED PAR38 PlantGrow E27 100V-240V 12,5W 30D 120x129mm Azul (450-500nm) e Vermelho (610-700nm) estimulam o crescimento das plantas. Fonte de luz artificial rica <\/p>\n","protected":false},"featured_media":18274,"comment_status":"open","ping_status":"closed","template":"","meta":{"_acf_changed":false},"pwb-brand":[400],"product_brand":[],"product_cat":[402],"product_tag":[],"class_list":{"0":"post-18275","1":"product","2":"type-product","3":"status-publish","4":"has-post-thumbnail","6":"pwb-brand-plantas","7":"product_cat-plantas-378","9":"first","10":"outofstock","11":"shipping-taxable","12":"purchasable","13":"product-type-simple"},"acf":[],"yoast_head":"<!-- This site is optimized with the Yoast SEO plugin v27.0 - https:\/\/yoast.com\/product\/yoast-seo-wordpress\/ -->\n<title>E27 12,5w Led PAR38 PlantGrow Blue\/Red (220v) - Lumen by Interlampadas<\/title>\n<meta name=\"description\" content=\"LED PAR38 PlantGrow E27 100V-240V 12,5W 30D 120x129mm Azul (450-500nm) e Vermelho (610-700nm) estimulam o crescimento das plantas. Fonte de luz artificial\" \/>\n<meta name=\"robots\" content=\"index, follow, max-snippet:-1, max-image-preview:large, max-video-preview:-1\" \/>\n<link rel=\"canonical\" href=\"https:\/\/www.interlampadas.com\/en\/lampadas\/lampadas-1\/utilizacao-especifica-51\/plantas-378\/e27-12-5w-led-par38-plantgrow-blue-red-220v\/\" \/>\n<meta property=\"og:locale\" content=\"en_US\" \/>\n<meta property=\"og:type\" content=\"article\" \/>\n<meta property=\"og:title\" content=\"E27 12,5w Led PAR38 PlantGrow Blue\/Red (220v) - Lumen by Interlampadas\" \/>\n<meta property=\"og:description\" content=\"LED PAR38 PlantGrow E27 100V-240V 12,5W 30D 120x129mm Azul (450-500nm) e Vermelho (610-700nm) estimulam o crescimento das plantas. Fonte de luz artificial\" \/>\n<meta property=\"og:url\" content=\"https:\/\/www.interlampadas.com\/en\/lampadas\/lampadas-1\/utilizacao-especifica-51\/plantas-378\/e27-12-5w-led-par38-plantgrow-blue-red-220v\/\" \/>\n<meta property=\"og:site_name\" content=\"Lumen by Interlampadas\" \/>\n<meta property=\"article:publisher\" content=\"https:\/\/www.facebook.com\/interlampadas\" \/>\n<meta property=\"article:modified_time\" content=\"2026-04-30T01:51:14+00:00\" \/>\n<meta property=\"og:image\" content=\"https:\/\/www.interlampadas.com\/wp-content\/uploads\/2022\/02\/15893.jpg\" \/>\n\t<meta property=\"og:image:width\" content=\"800\" \/>\n\t<meta property=\"og:image:height\" content=\"800\" \/>\n\t<meta property=\"og:image:type\" content=\"image\/jpeg\" \/>\n<meta name=\"twitter:card\" content=\"summary_large_image\" \/>\n<meta name=\"twitter:label1\" content=\"Est. reading time\" \/>\n\t<meta name=\"twitter:data1\" content=\"1 minute\" \/>\n<script type=\"application\/ld+json\" class=\"yoast-schema-graph\">{\"@context\":\"https:\/\/schema.org\",\"@graph\":[{\"@type\":\"WebPage\",\"@id\":\"https:\/\/www.interlampadas.com\/en\/lampadas\/lampadas-1\/utilizacao-especifica-51\/plantas-378\/e27-12-5w-led-par38-plantgrow-blue-red-220v\/\",\"url\":\"https:\/\/www.interlampadas.com\/en\/lampadas\/lampadas-1\/utilizacao-especifica-51\/plantas-378\/e27-12-5w-led-par38-plantgrow-blue-red-220v\/\",\"name\":\"E27 12,5w Led PAR38 PlantGrow Blue\/Red (220v) - Lumen by Interlampadas\",\"isPartOf\":{\"@id\":\"https:\/\/www.interlampadas.com\/#website\"},\"primaryImageOfPage\":{\"@id\":\"https:\/\/www.interlampadas.com\/en\/lampadas\/lampadas-1\/utilizacao-especifica-51\/plantas-378\/e27-12-5w-led-par38-plantgrow-blue-red-220v\/#primaryimage\"},\"image\":{\"@id\":\"https:\/\/www.interlampadas.com\/en\/lampadas\/lampadas-1\/utilizacao-especifica-51\/plantas-378\/e27-12-5w-led-par38-plantgrow-blue-red-220v\/#primaryimage\"},\"thumbnailUrl\":\"https:\/\/www.interlampadas.com\/wp-content\/uploads\/2022\/02\/15893.jpg\",\"datePublished\":\"2022-02-03T02:46:57+00:00\",\"dateModified\":\"2026-04-30T01:51:14+00:00\",\"description\":\"LED PAR38 PlantGrow E27 100V-240V 12,5W 30D 120x129mm Azul (450-500nm) e Vermelho (610-700nm) estimulam o crescimento das plantas. Fonte de luz artificial\",\"breadcrumb\":{\"@id\":\"https:\/\/www.interlampadas.com\/en\/lampadas\/lampadas-1\/utilizacao-especifica-51\/plantas-378\/e27-12-5w-led-par38-plantgrow-blue-red-220v\/#breadcrumb\"},\"inLanguage\":\"en-US\",\"potentialAction\":[{\"@type\":\"ReadAction\",\"target\":[\"https:\/\/www.interlampadas.com\/en\/lampadas\/lampadas-1\/utilizacao-especifica-51\/plantas-378\/e27-12-5w-led-par38-plantgrow-blue-red-220v\/\"]}]},{\"@type\":\"ImageObject\",\"inLanguage\":\"en-US\",\"@id\":\"https:\/\/www.interlampadas.com\/en\/lampadas\/lampadas-1\/utilizacao-especifica-51\/plantas-378\/e27-12-5w-led-par38-plantgrow-blue-red-220v\/#primaryimage\",\"url\":\"https:\/\/www.interlampadas.com\/wp-content\/uploads\/2022\/02\/15893.jpg\",\"contentUrl\":\"https:\/\/www.interlampadas.com\/wp-content\/uploads\/2022\/02\/15893.jpg\",\"width\":800,\"height\":800,\"caption\":\"E27 12,5w Led PAR38 PlantGrow Blue\/Red (220v)\"},{\"@type\":\"BreadcrumbList\",\"@id\":\"https:\/\/www.interlampadas.com\/en\/lampadas\/lampadas-1\/utilizacao-especifica-51\/plantas-378\/e27-12-5w-led-par38-plantgrow-blue-red-220v\/#breadcrumb\",\"itemListElement\":[{\"@type\":\"ListItem\",\"position\":1,\"name\":\"Home\",\"item\":\"https:\/\/www.interlampadas.com\/en\/\"},{\"@type\":\"ListItem\",\"position\":2,\"name\":\"Loja\",\"item\":\"https:\/\/www.interlampadas.com\/loja\/\"},{\"@type\":\"ListItem\",\"position\":3,\"name\":\"E27 12,5w Led PAR38 PlantGrow Blue\/Red (220v)\"}]},{\"@type\":\"WebSite\",\"@id\":\"https:\/\/www.interlampadas.com\/#website\",\"url\":\"https:\/\/www.interlampadas.com\/\",\"name\":\"Lumen by Interlampadas\",\"description\":\"lampadas\",\"alternateName\":\"Interlampadas\",\"potentialAction\":[{\"@type\":\"SearchAction\",\"target\":{\"@type\":\"EntryPoint\",\"urlTemplate\":\"https:\/\/www.interlampadas.com\/?s={search_term_string}\"},\"query-input\":{\"@type\":\"PropertyValueSpecification\",\"valueRequired\":true,\"valueName\":\"search_term_string\"}}],\"inLanguage\":\"en-US\"}]}<\/script>\n<!-- \/ Yoast SEO plugin. -->","yoast_head_json":{"title":"E27 12,5w Led PAR38 PlantGrow Blue\/Red (220v) - Lumen by Interlampadas","description":"LED PAR38 PlantGrow E27 100V-240V 12,5W 30D 120x129mm Azul (450-500nm) e Vermelho (610-700nm) estimulam o crescimento das plantas. Fonte de luz artificial","robots":{"index":"index","follow":"follow","max-snippet":"max-snippet:-1","max-image-preview":"max-image-preview:large","max-video-preview":"max-video-preview:-1"},"canonical":"https:\/\/www.interlampadas.com\/en\/lampadas\/lampadas-1\/utilizacao-especifica-51\/plantas-378\/e27-12-5w-led-par38-plantgrow-blue-red-220v\/","og_locale":"en_US","og_type":"article","og_title":"E27 12,5w Led PAR38 PlantGrow Blue\/Red (220v) - Lumen by Interlampadas","og_description":"LED PAR38 PlantGrow E27 100V-240V 12,5W 30D 120x129mm Azul (450-500nm) e Vermelho (610-700nm) estimulam o crescimento das plantas. Fonte de luz artificial","og_url":"https:\/\/www.interlampadas.com\/en\/lampadas\/lampadas-1\/utilizacao-especifica-51\/plantas-378\/e27-12-5w-led-par38-plantgrow-blue-red-220v\/","og_site_name":"Lumen by Interlampadas","article_publisher":"https:\/\/www.facebook.com\/interlampadas","article_modified_time":"2026-04-30T01:51:14+00:00","og_image":[{"width":800,"height":800,"url":"https:\/\/www.interlampadas.com\/wp-content\/uploads\/2022\/02\/15893.jpg","type":"image\/jpeg"}],"twitter_card":"summary_large_image","twitter_misc":{"Est. reading time":"1 minute"},"schema":{"@context":"https:\/\/schema.org","@graph":[{"@type":"WebPage","@id":"https:\/\/www.interlampadas.com\/en\/lampadas\/lampadas-1\/utilizacao-especifica-51\/plantas-378\/e27-12-5w-led-par38-plantgrow-blue-red-220v\/","url":"https:\/\/www.interlampadas.com\/en\/lampadas\/lampadas-1\/utilizacao-especifica-51\/plantas-378\/e27-12-5w-led-par38-plantgrow-blue-red-220v\/","name":"E27 12,5w Led PAR38 PlantGrow Blue\/Red (220v) - Lumen by Interlampadas","isPartOf":{"@id":"https:\/\/www.interlampadas.com\/#website"},"primaryImageOfPage":{"@id":"https:\/\/www.interlampadas.com\/en\/lampadas\/lampadas-1\/utilizacao-especifica-51\/plantas-378\/e27-12-5w-led-par38-plantgrow-blue-red-220v\/#primaryimage"},"image":{"@id":"https:\/\/www.interlampadas.com\/en\/lampadas\/lampadas-1\/utilizacao-especifica-51\/plantas-378\/e27-12-5w-led-par38-plantgrow-blue-red-220v\/#primaryimage"},"thumbnailUrl":"https:\/\/www.interlampadas.com\/wp-content\/uploads\/2022\/02\/15893.jpg","datePublished":"2022-02-03T02:46:57+00:00","dateModified":"2026-04-30T01:51:14+00:00","description":"LED PAR38 PlantGrow E27 100V-240V 12,5W 30D 120x129mm Azul (450-500nm) e Vermelho (610-700nm) estimulam o crescimento das plantas. Fonte de luz artificial","breadcrumb":{"@id":"https:\/\/www.interlampadas.com\/en\/lampadas\/lampadas-1\/utilizacao-especifica-51\/plantas-378\/e27-12-5w-led-par38-plantgrow-blue-red-220v\/#breadcrumb"},"inLanguage":"en-US","potentialAction":[{"@type":"ReadAction","target":["https:\/\/www.interlampadas.com\/en\/lampadas\/lampadas-1\/utilizacao-especifica-51\/plantas-378\/e27-12-5w-led-par38-plantgrow-blue-red-220v\/"]}]},{"@type":"ImageObject","inLanguage":"en-US","@id":"https:\/\/www.interlampadas.com\/en\/lampadas\/lampadas-1\/utilizacao-especifica-51\/plantas-378\/e27-12-5w-led-par38-plantgrow-blue-red-220v\/#primaryimage","url":"https:\/\/www.interlampadas.com\/wp-content\/uploads\/2022\/02\/15893.jpg","contentUrl":"https:\/\/www.interlampadas.com\/wp-content\/uploads\/2022\/02\/15893.jpg","width":800,"height":800,"caption":"E27 12,5w Led PAR38 PlantGrow Blue\/Red (220v)"},{"@type":"BreadcrumbList","@id":"https:\/\/www.interlampadas.com\/en\/lampadas\/lampadas-1\/utilizacao-especifica-51\/plantas-378\/e27-12-5w-led-par38-plantgrow-blue-red-220v\/#breadcrumb","itemListElement":[{"@type":"ListItem","position":1,"name":"Home","item":"https:\/\/www.interlampadas.com\/en\/"},{"@type":"ListItem","position":2,"name":"Loja","item":"https:\/\/www.interlampadas.com\/loja\/"},{"@type":"ListItem","position":3,"name":"E27 12,5w Led PAR38 PlantGrow Blue\/Red (220v)"}]},{"@type":"WebSite","@id":"https:\/\/www.interlampadas.com\/#website","url":"https:\/\/www.interlampadas.com\/","name":"Lumen by Interlampadas","description":"lampadas","alternateName":"Interlampadas","potentialAction":[{"@type":"SearchAction","target":{"@type":"EntryPoint","urlTemplate":"https:\/\/www.interlampadas.com\/?s={search_term_string}"},"query-input":{"@type":"PropertyValueSpecification","valueRequired":true,"valueName":"search_term_string"}}],"inLanguage":"en-US"}]}},"brands":[{"id":400,"name":"Plantas","slug":"plantas"}],"_links":{"self":[{"href":"https:\/\/www.interlampadas.com\/en\/wp-json\/wp\/v2\/product\/18275","targetHints":{"allow":["GET"]}}],"collection":[{"href":"https:\/\/www.interlampadas.com\/en\/wp-json\/wp\/v2\/product"}],"about":[{"href":"https:\/\/www.interlampadas.com\/en\/wp-json\/wp\/v2\/types\/product"}],"replies":[{"embeddable":true,"href":"https:\/\/www.interlampadas.com\/en\/wp-json\/wp\/v2\/comments?post=18275"}],"wp:featuredmedia":[{"embeddable":true,"href":"https:\/\/www.interlampadas.com\/en\/wp-json\/wp\/v2\/media\/18274"}],"wp:attachment":[{"href":"https:\/\/www.interlampadas.com\/en\/wp-json\/wp\/v2\/media?parent=18275"}],"wp:term":[{"taxonomy":"pwb-brand","embeddable":true,"href":"https:\/\/www.interlampadas.com\/en\/wp-json\/wp\/v2\/pwb-brand?post=18275"},{"taxonomy":"product_brand","embeddable":true,"href":"https:\/\/www.interlampadas.com\/en\/wp-json\/wp\/v2\/product_brand?post=18275"},{"taxonomy":"product_cat","embeddable":true,"href":"https:\/\/www.interlampadas.com\/en\/wp-json\/wp\/v2\/product_cat?post=18275"},{"taxonomy":"product_tag","embeddable":true,"href":"https:\/\/www.interlampadas.com\/en\/wp-json\/wp\/v2\/product_tag?post=18275"}],"curies":[{"name":"wp","href":"https:\/\/api.w.org\/{rel}","templated":true}]}}