{"id":17389,"date":"2021-09-21T02:46:30","date_gmt":"2021-09-21T01:46:30","guid":{"rendered":"https:\/\/www.interlampadas.com\/lampadas\/sem%20categoria\/sony-lmp-e211-lampada-original-em-suporte-generico\/"},"modified":"2026-04-17T02:57:31","modified_gmt":"2026-04-17T01:57:31","slug":"sony-lmp-e211-lampada-original-em-suporte-generico","status":"publish","type":"product","link":"https:\/\/www.interlampadas.com\/en\/lampadas\/lampadas-1\/videoprojector-389\/sony-lmp-e211-lampada-original-em-suporte-generico\/","title":{"rendered":"Sony LMP-E211 L\u00e2mpada Original em Suporte Gen\u00e9rico"},"content":{"rendered":"<p>Ref. L\u00e2mpada: LMP-E211  Compat\u00edvel com os seguintes modelos: EW130, EX100, EX120, EX145, EX175, VPL-EW130, VPL-EX100, VPL-EX120, VPL-EX145, VPL-EX175, VPL-SW125, VPL-SX125, VPL-EX101, VPL-EX121, VPL-EX123, VPL-EX146, VPL-EX148, VPL-EX176, VPL-EX178, VPL-EX147<\/p>\n","protected":false},"excerpt":{"rendered":"<p>Ref. L\u00e2mpada: LMP-E211 Compat\u00edvel com os seguintes modelos: EW130, EX100, EX120, EX145, EX175, VPL-EW130, VPL-EX100, VPL-EX120, VPL-EX145, VPL-EX175, VPL-SW125,<\/p>\n","protected":false},"featured_media":0,"comment_status":"open","ping_status":"closed","template":"","meta":{"_acf_changed":false},"pwb-brand":[439],"product_brand":[],"product_cat":[448],"product_tag":[],"class_list":{"0":"post-17389","1":"product","2":"type-product","3":"status-publish","5":"pwb-brand-sony","6":"product_cat-videoprojector-389","8":"first","9":"outofstock","10":"shipping-taxable","11":"purchasable","12":"product-type-simple"},"acf":[],"yoast_head":"<!-- This site is optimized with the Yoast SEO plugin v27.0 - https:\/\/yoast.com\/product\/yoast-seo-wordpress\/ -->\n<title>Sony LMP-E211 L\u00e2mpada Original em Suporte Gen\u00e9rico - Lumen by Interlampadas<\/title>\n<meta name=\"description\" content=\"Ref. L\u00e2mpada: LMP-E211 Compat\u00edvel com os seguintes modelos: EW130, EX100, EX120, EX145, EX175, VPL-EW130, VPL-EX100, VPL-EX120, VPL-EX145, VPL-EX175,\" \/>\n<meta name=\"robots\" content=\"index, follow, max-snippet:-1, max-image-preview:large, max-video-preview:-1\" \/>\n<link rel=\"canonical\" href=\"https:\/\/www.interlampadas.com\/en\/lampadas\/lampadas-1\/videoprojector-389\/sony-lmp-e211-lampada-original-em-suporte-generico\/\" \/>\n<meta property=\"og:locale\" content=\"en_US\" \/>\n<meta property=\"og:type\" content=\"article\" \/>\n<meta property=\"og:title\" content=\"Sony LMP-E211 L\u00e2mpada Original em Suporte Gen\u00e9rico - Lumen by Interlampadas\" \/>\n<meta property=\"og:description\" content=\"Ref. L\u00e2mpada: LMP-E211 Compat\u00edvel com os seguintes modelos: EW130, EX100, EX120, EX145, EX175, VPL-EW130, VPL-EX100, VPL-EX120, VPL-EX145, VPL-EX175,\" \/>\n<meta property=\"og:url\" content=\"https:\/\/www.interlampadas.com\/en\/lampadas\/lampadas-1\/videoprojector-389\/sony-lmp-e211-lampada-original-em-suporte-generico\/\" \/>\n<meta property=\"og:site_name\" content=\"Lumen by Interlampadas\" \/>\n<meta property=\"article:publisher\" content=\"https:\/\/www.facebook.com\/interlampadas\" \/>\n<meta property=\"article:modified_time\" content=\"2026-04-17T01:57:31+00:00\" \/>\n<meta name=\"twitter:card\" content=\"summary_large_image\" \/>\n<script type=\"application\/ld+json\" class=\"yoast-schema-graph\">{\"@context\":\"https:\/\/schema.org\",\"@graph\":[{\"@type\":\"WebPage\",\"@id\":\"https:\/\/www.interlampadas.com\/en\/lampadas\/lampadas-1\/videoprojector-389\/sony-lmp-e211-lampada-original-em-suporte-generico\/\",\"url\":\"https:\/\/www.interlampadas.com\/en\/lampadas\/lampadas-1\/videoprojector-389\/sony-lmp-e211-lampada-original-em-suporte-generico\/\",\"name\":\"Sony LMP-E211 L\u00e2mpada Original em Suporte Gen\u00e9rico - Lumen by Interlampadas\",\"isPartOf\":{\"@id\":\"https:\/\/www.interlampadas.com\/#website\"},\"datePublished\":\"2021-09-21T01:46:30+00:00\",\"dateModified\":\"2026-04-17T01:57:31+00:00\",\"description\":\"Ref. L\u00e2mpada: LMP-E211 Compat\u00edvel com os seguintes modelos: EW130, EX100, EX120, EX145, EX175, VPL-EW130, VPL-EX100, VPL-EX120, VPL-EX145, VPL-EX175,\",\"breadcrumb\":{\"@id\":\"https:\/\/www.interlampadas.com\/en\/lampadas\/lampadas-1\/videoprojector-389\/sony-lmp-e211-lampada-original-em-suporte-generico\/#breadcrumb\"},\"inLanguage\":\"en-US\",\"potentialAction\":[{\"@type\":\"ReadAction\",\"target\":[\"https:\/\/www.interlampadas.com\/en\/lampadas\/lampadas-1\/videoprojector-389\/sony-lmp-e211-lampada-original-em-suporte-generico\/\"]}]},{\"@type\":\"BreadcrumbList\",\"@id\":\"https:\/\/www.interlampadas.com\/en\/lampadas\/lampadas-1\/videoprojector-389\/sony-lmp-e211-lampada-original-em-suporte-generico\/#breadcrumb\",\"itemListElement\":[{\"@type\":\"ListItem\",\"position\":1,\"name\":\"Home\",\"item\":\"https:\/\/www.interlampadas.com\/en\/\"},{\"@type\":\"ListItem\",\"position\":2,\"name\":\"Loja\",\"item\":\"https:\/\/www.interlampadas.com\/loja\/\"},{\"@type\":\"ListItem\",\"position\":3,\"name\":\"Sony LMP-E211 L\u00e2mpada Original em Suporte Gen\u00e9rico\"}]},{\"@type\":\"WebSite\",\"@id\":\"https:\/\/www.interlampadas.com\/#website\",\"url\":\"https:\/\/www.interlampadas.com\/\",\"name\":\"Lumen by Interlampadas\",\"description\":\"lampadas\",\"alternateName\":\"Interlampadas\",\"potentialAction\":[{\"@type\":\"SearchAction\",\"target\":{\"@type\":\"EntryPoint\",\"urlTemplate\":\"https:\/\/www.interlampadas.com\/?s={search_term_string}\"},\"query-input\":{\"@type\":\"PropertyValueSpecification\",\"valueRequired\":true,\"valueName\":\"search_term_string\"}}],\"inLanguage\":\"en-US\"}]}<\/script>\n<!-- \/ Yoast SEO plugin. -->","yoast_head_json":{"title":"Sony LMP-E211 L\u00e2mpada Original em Suporte Gen\u00e9rico - Lumen by Interlampadas","description":"Ref. L\u00e2mpada: LMP-E211 Compat\u00edvel com os seguintes modelos: EW130, EX100, EX120, EX145, EX175, VPL-EW130, VPL-EX100, VPL-EX120, VPL-EX145, VPL-EX175,","robots":{"index":"index","follow":"follow","max-snippet":"max-snippet:-1","max-image-preview":"max-image-preview:large","max-video-preview":"max-video-preview:-1"},"canonical":"https:\/\/www.interlampadas.com\/en\/lampadas\/lampadas-1\/videoprojector-389\/sony-lmp-e211-lampada-original-em-suporte-generico\/","og_locale":"en_US","og_type":"article","og_title":"Sony LMP-E211 L\u00e2mpada Original em Suporte Gen\u00e9rico - Lumen by Interlampadas","og_description":"Ref. L\u00e2mpada: LMP-E211 Compat\u00edvel com os seguintes modelos: EW130, EX100, EX120, EX145, EX175, VPL-EW130, VPL-EX100, VPL-EX120, VPL-EX145, VPL-EX175,","og_url":"https:\/\/www.interlampadas.com\/en\/lampadas\/lampadas-1\/videoprojector-389\/sony-lmp-e211-lampada-original-em-suporte-generico\/","og_site_name":"Lumen by Interlampadas","article_publisher":"https:\/\/www.facebook.com\/interlampadas","article_modified_time":"2026-04-17T01:57:31+00:00","twitter_card":"summary_large_image","schema":{"@context":"https:\/\/schema.org","@graph":[{"@type":"WebPage","@id":"https:\/\/www.interlampadas.com\/en\/lampadas\/lampadas-1\/videoprojector-389\/sony-lmp-e211-lampada-original-em-suporte-generico\/","url":"https:\/\/www.interlampadas.com\/en\/lampadas\/lampadas-1\/videoprojector-389\/sony-lmp-e211-lampada-original-em-suporte-generico\/","name":"Sony LMP-E211 L\u00e2mpada Original em Suporte Gen\u00e9rico - Lumen by Interlampadas","isPartOf":{"@id":"https:\/\/www.interlampadas.com\/#website"},"datePublished":"2021-09-21T01:46:30+00:00","dateModified":"2026-04-17T01:57:31+00:00","description":"Ref. L\u00e2mpada: LMP-E211 Compat\u00edvel com os seguintes modelos: EW130, EX100, EX120, EX145, EX175, VPL-EW130, VPL-EX100, VPL-EX120, VPL-EX145, VPL-EX175,","breadcrumb":{"@id":"https:\/\/www.interlampadas.com\/en\/lampadas\/lampadas-1\/videoprojector-389\/sony-lmp-e211-lampada-original-em-suporte-generico\/#breadcrumb"},"inLanguage":"en-US","potentialAction":[{"@type":"ReadAction","target":["https:\/\/www.interlampadas.com\/en\/lampadas\/lampadas-1\/videoprojector-389\/sony-lmp-e211-lampada-original-em-suporte-generico\/"]}]},{"@type":"BreadcrumbList","@id":"https:\/\/www.interlampadas.com\/en\/lampadas\/lampadas-1\/videoprojector-389\/sony-lmp-e211-lampada-original-em-suporte-generico\/#breadcrumb","itemListElement":[{"@type":"ListItem","position":1,"name":"Home","item":"https:\/\/www.interlampadas.com\/en\/"},{"@type":"ListItem","position":2,"name":"Loja","item":"https:\/\/www.interlampadas.com\/loja\/"},{"@type":"ListItem","position":3,"name":"Sony LMP-E211 L\u00e2mpada Original em Suporte Gen\u00e9rico"}]},{"@type":"WebSite","@id":"https:\/\/www.interlampadas.com\/#website","url":"https:\/\/www.interlampadas.com\/","name":"Lumen by Interlampadas","description":"lampadas","alternateName":"Interlampadas","potentialAction":[{"@type":"SearchAction","target":{"@type":"EntryPoint","urlTemplate":"https:\/\/www.interlampadas.com\/?s={search_term_string}"},"query-input":{"@type":"PropertyValueSpecification","valueRequired":true,"valueName":"search_term_string"}}],"inLanguage":"en-US"}]}},"brands":[{"id":439,"name":"Sony","slug":"sony"}],"_links":{"self":[{"href":"https:\/\/www.interlampadas.com\/en\/wp-json\/wp\/v2\/product\/17389","targetHints":{"allow":["GET"]}}],"collection":[{"href":"https:\/\/www.interlampadas.com\/en\/wp-json\/wp\/v2\/product"}],"about":[{"href":"https:\/\/www.interlampadas.com\/en\/wp-json\/wp\/v2\/types\/product"}],"replies":[{"embeddable":true,"href":"https:\/\/www.interlampadas.com\/en\/wp-json\/wp\/v2\/comments?post=17389"}],"wp:attachment":[{"href":"https:\/\/www.interlampadas.com\/en\/wp-json\/wp\/v2\/media?parent=17389"}],"wp:term":[{"taxonomy":"pwb-brand","embeddable":true,"href":"https:\/\/www.interlampadas.com\/en\/wp-json\/wp\/v2\/pwb-brand?post=17389"},{"taxonomy":"product_brand","embeddable":true,"href":"https:\/\/www.interlampadas.com\/en\/wp-json\/wp\/v2\/product_brand?post=17389"},{"taxonomy":"product_cat","embeddable":true,"href":"https:\/\/www.interlampadas.com\/en\/wp-json\/wp\/v2\/product_cat?post=17389"},{"taxonomy":"product_tag","embeddable":true,"href":"https:\/\/www.interlampadas.com\/en\/wp-json\/wp\/v2\/product_tag?post=17389"}],"curies":[{"name":"wp","href":"https:\/\/api.w.org\/{rel}","templated":true}]}}