{"id":17369,"date":"2021-09-21T02:46:25","date_gmt":"2021-09-21T01:46:25","guid":{"rendered":"https:\/\/www.interlampadas.com\/lampadas\/sem%20categoria\/epson-eb-535-elplp87-lampada-original-em-suporte-generico\/"},"modified":"2026-04-12T02:55:08","modified_gmt":"2026-04-12T01:55:08","slug":"epson-eb-535-elplp87-lampada-original-em-suporte-generico-prt567","status":"publish","type":"product","link":"https:\/\/www.interlampadas.com\/en\/lampadas\/lampadas-1\/videoprojector-389\/epson-eb-535-elplp87-lampada-original-em-suporte-generico-prt567\/","title":{"rendered":"Epson EB-535 ELPLP87 L\u00e2mpada Original em Suporte Gen\u00e9rico PRT567"},"content":{"rendered":"<p>Ref. L\u00e2mpada: ELPLP87, V13H010L87  Compat\u00edvel com os seguintes modelos: EB-520, EB-525W, EB-530, EB-535W, BRIGHTLINK 536WI, EB-536WI, EB-2040, EB-530S, EB-2140W, PowerLite 520, PowerLite 525W, PowerLite 530, PowerLite 535W, PowerLite 2040, PowerLite 2140W, EB-536WT, PowerLite 530 Smart<\/p>\n","protected":false},"excerpt":{"rendered":"<p>Ref. L\u00e2mpada: ELPLP87, V13H010L87 Compat\u00edvel com os seguintes modelos: EB-520, EB-525W, EB-530, EB-535W, BRIGHTLINK 536WI, EB-536WI, EB-2040, EB-530S, EB-2140W,<\/p>\n","protected":false},"featured_media":0,"comment_status":"open","ping_status":"closed","template":"","meta":{"_acf_changed":false},"pwb-brand":[283],"product_brand":[],"product_cat":[448],"product_tag":[],"class_list":{"0":"post-17369","1":"product","2":"type-product","3":"status-publish","5":"pwb-brand-epson","6":"product_cat-videoprojector-389","8":"first","9":"onbackorder","10":"shipping-taxable","11":"purchasable","12":"product-type-simple"},"acf":[],"yoast_head":"<!-- This site is optimized with the Yoast SEO plugin v27.0 - https:\/\/yoast.com\/product\/yoast-seo-wordpress\/ -->\n<title>Epson EB-535 ELPLP87 L\u00e2mpada Original em Suporte Gen\u00e9rico PRT567 - Lumen by Interlampadas<\/title>\n<meta name=\"description\" content=\"Ref. L\u00e2mpada: ELPLP87, V13H010L87 Compat\u00edvel com os seguintes modelos: EB-520, EB-525W, EB-530, EB-535W, BRIGHTLINK 536WI, EB-536WI, EB-2040, EB-530S,\" \/>\n<meta name=\"robots\" content=\"index, follow, max-snippet:-1, max-image-preview:large, max-video-preview:-1\" \/>\n<link rel=\"canonical\" href=\"https:\/\/www.interlampadas.com\/en\/lampadas\/lampadas-1\/videoprojector-389\/epson-eb-535-elplp87-lampada-original-em-suporte-generico-prt567\/\" \/>\n<meta property=\"og:locale\" content=\"en_US\" \/>\n<meta property=\"og:type\" content=\"article\" \/>\n<meta property=\"og:title\" content=\"Epson EB-535 ELPLP87 L\u00e2mpada Original em Suporte Gen\u00e9rico PRT567 - Lumen by Interlampadas\" \/>\n<meta property=\"og:description\" content=\"Ref. L\u00e2mpada: ELPLP87, V13H010L87 Compat\u00edvel com os seguintes modelos: EB-520, EB-525W, EB-530, EB-535W, BRIGHTLINK 536WI, EB-536WI, EB-2040, EB-530S,\" \/>\n<meta property=\"og:url\" content=\"https:\/\/www.interlampadas.com\/en\/lampadas\/lampadas-1\/videoprojector-389\/epson-eb-535-elplp87-lampada-original-em-suporte-generico-prt567\/\" \/>\n<meta property=\"og:site_name\" content=\"Lumen by Interlampadas\" \/>\n<meta property=\"article:publisher\" content=\"https:\/\/www.facebook.com\/interlampadas\" \/>\n<meta property=\"article:modified_time\" content=\"2026-04-12T01:55:08+00:00\" \/>\n<meta name=\"twitter:card\" content=\"summary_large_image\" \/>\n<script type=\"application\/ld+json\" class=\"yoast-schema-graph\">{\"@context\":\"https:\/\/schema.org\",\"@graph\":[{\"@type\":\"WebPage\",\"@id\":\"https:\/\/www.interlampadas.com\/en\/lampadas\/lampadas-1\/videoprojector-389\/epson-eb-535-elplp87-lampada-original-em-suporte-generico-prt567\/\",\"url\":\"https:\/\/www.interlampadas.com\/en\/lampadas\/lampadas-1\/videoprojector-389\/epson-eb-535-elplp87-lampada-original-em-suporte-generico-prt567\/\",\"name\":\"Epson EB-535 ELPLP87 L\u00e2mpada Original em Suporte Gen\u00e9rico PRT567 - Lumen by Interlampadas\",\"isPartOf\":{\"@id\":\"https:\/\/www.interlampadas.com\/#website\"},\"datePublished\":\"2021-09-21T01:46:25+00:00\",\"dateModified\":\"2026-04-12T01:55:08+00:00\",\"description\":\"Ref. L\u00e2mpada: ELPLP87, V13H010L87 Compat\u00edvel com os seguintes modelos: EB-520, EB-525W, EB-530, EB-535W, BRIGHTLINK 536WI, EB-536WI, EB-2040, EB-530S,\",\"breadcrumb\":{\"@id\":\"https:\/\/www.interlampadas.com\/en\/lampadas\/lampadas-1\/videoprojector-389\/epson-eb-535-elplp87-lampada-original-em-suporte-generico-prt567\/#breadcrumb\"},\"inLanguage\":\"en-US\",\"potentialAction\":[{\"@type\":\"ReadAction\",\"target\":[\"https:\/\/www.interlampadas.com\/en\/lampadas\/lampadas-1\/videoprojector-389\/epson-eb-535-elplp87-lampada-original-em-suporte-generico-prt567\/\"]}]},{\"@type\":\"BreadcrumbList\",\"@id\":\"https:\/\/www.interlampadas.com\/en\/lampadas\/lampadas-1\/videoprojector-389\/epson-eb-535-elplp87-lampada-original-em-suporte-generico-prt567\/#breadcrumb\",\"itemListElement\":[{\"@type\":\"ListItem\",\"position\":1,\"name\":\"Home\",\"item\":\"https:\/\/www.interlampadas.com\/en\/\"},{\"@type\":\"ListItem\",\"position\":2,\"name\":\"Loja\",\"item\":\"https:\/\/www.interlampadas.com\/loja\/\"},{\"@type\":\"ListItem\",\"position\":3,\"name\":\"Epson EB-535 ELPLP87 L\u00e2mpada Original em Suporte Gen\u00e9rico PRT567\"}]},{\"@type\":\"WebSite\",\"@id\":\"https:\/\/www.interlampadas.com\/#website\",\"url\":\"https:\/\/www.interlampadas.com\/\",\"name\":\"Lumen by Interlampadas\",\"description\":\"lampadas\",\"alternateName\":\"Interlampadas\",\"potentialAction\":[{\"@type\":\"SearchAction\",\"target\":{\"@type\":\"EntryPoint\",\"urlTemplate\":\"https:\/\/www.interlampadas.com\/?s={search_term_string}\"},\"query-input\":{\"@type\":\"PropertyValueSpecification\",\"valueRequired\":true,\"valueName\":\"search_term_string\"}}],\"inLanguage\":\"en-US\"}]}<\/script>\n<!-- \/ Yoast SEO plugin. -->","yoast_head_json":{"title":"Epson EB-535 ELPLP87 L\u00e2mpada Original em Suporte Gen\u00e9rico PRT567 - Lumen by Interlampadas","description":"Ref. L\u00e2mpada: ELPLP87, V13H010L87 Compat\u00edvel com os seguintes modelos: EB-520, EB-525W, EB-530, EB-535W, BRIGHTLINK 536WI, EB-536WI, EB-2040, EB-530S,","robots":{"index":"index","follow":"follow","max-snippet":"max-snippet:-1","max-image-preview":"max-image-preview:large","max-video-preview":"max-video-preview:-1"},"canonical":"https:\/\/www.interlampadas.com\/en\/lampadas\/lampadas-1\/videoprojector-389\/epson-eb-535-elplp87-lampada-original-em-suporte-generico-prt567\/","og_locale":"en_US","og_type":"article","og_title":"Epson EB-535 ELPLP87 L\u00e2mpada Original em Suporte Gen\u00e9rico PRT567 - Lumen by Interlampadas","og_description":"Ref. L\u00e2mpada: ELPLP87, V13H010L87 Compat\u00edvel com os seguintes modelos: EB-520, EB-525W, EB-530, EB-535W, BRIGHTLINK 536WI, EB-536WI, EB-2040, EB-530S,","og_url":"https:\/\/www.interlampadas.com\/en\/lampadas\/lampadas-1\/videoprojector-389\/epson-eb-535-elplp87-lampada-original-em-suporte-generico-prt567\/","og_site_name":"Lumen by Interlampadas","article_publisher":"https:\/\/www.facebook.com\/interlampadas","article_modified_time":"2026-04-12T01:55:08+00:00","twitter_card":"summary_large_image","schema":{"@context":"https:\/\/schema.org","@graph":[{"@type":"WebPage","@id":"https:\/\/www.interlampadas.com\/en\/lampadas\/lampadas-1\/videoprojector-389\/epson-eb-535-elplp87-lampada-original-em-suporte-generico-prt567\/","url":"https:\/\/www.interlampadas.com\/en\/lampadas\/lampadas-1\/videoprojector-389\/epson-eb-535-elplp87-lampada-original-em-suporte-generico-prt567\/","name":"Epson EB-535 ELPLP87 L\u00e2mpada Original em Suporte Gen\u00e9rico PRT567 - Lumen by Interlampadas","isPartOf":{"@id":"https:\/\/www.interlampadas.com\/#website"},"datePublished":"2021-09-21T01:46:25+00:00","dateModified":"2026-04-12T01:55:08+00:00","description":"Ref. L\u00e2mpada: ELPLP87, V13H010L87 Compat\u00edvel com os seguintes modelos: EB-520, EB-525W, EB-530, EB-535W, BRIGHTLINK 536WI, EB-536WI, EB-2040, EB-530S,","breadcrumb":{"@id":"https:\/\/www.interlampadas.com\/en\/lampadas\/lampadas-1\/videoprojector-389\/epson-eb-535-elplp87-lampada-original-em-suporte-generico-prt567\/#breadcrumb"},"inLanguage":"en-US","potentialAction":[{"@type":"ReadAction","target":["https:\/\/www.interlampadas.com\/en\/lampadas\/lampadas-1\/videoprojector-389\/epson-eb-535-elplp87-lampada-original-em-suporte-generico-prt567\/"]}]},{"@type":"BreadcrumbList","@id":"https:\/\/www.interlampadas.com\/en\/lampadas\/lampadas-1\/videoprojector-389\/epson-eb-535-elplp87-lampada-original-em-suporte-generico-prt567\/#breadcrumb","itemListElement":[{"@type":"ListItem","position":1,"name":"Home","item":"https:\/\/www.interlampadas.com\/en\/"},{"@type":"ListItem","position":2,"name":"Loja","item":"https:\/\/www.interlampadas.com\/loja\/"},{"@type":"ListItem","position":3,"name":"Epson EB-535 ELPLP87 L\u00e2mpada Original em Suporte Gen\u00e9rico PRT567"}]},{"@type":"WebSite","@id":"https:\/\/www.interlampadas.com\/#website","url":"https:\/\/www.interlampadas.com\/","name":"Lumen by Interlampadas","description":"lampadas","alternateName":"Interlampadas","potentialAction":[{"@type":"SearchAction","target":{"@type":"EntryPoint","urlTemplate":"https:\/\/www.interlampadas.com\/?s={search_term_string}"},"query-input":{"@type":"PropertyValueSpecification","valueRequired":true,"valueName":"search_term_string"}}],"inLanguage":"en-US"}]}},"brands":[{"id":283,"name":"EPSON","slug":"epson"}],"_links":{"self":[{"href":"https:\/\/www.interlampadas.com\/en\/wp-json\/wp\/v2\/product\/17369","targetHints":{"allow":["GET"]}}],"collection":[{"href":"https:\/\/www.interlampadas.com\/en\/wp-json\/wp\/v2\/product"}],"about":[{"href":"https:\/\/www.interlampadas.com\/en\/wp-json\/wp\/v2\/types\/product"}],"replies":[{"embeddable":true,"href":"https:\/\/www.interlampadas.com\/en\/wp-json\/wp\/v2\/comments?post=17369"}],"wp:attachment":[{"href":"https:\/\/www.interlampadas.com\/en\/wp-json\/wp\/v2\/media?parent=17369"}],"wp:term":[{"taxonomy":"pwb-brand","embeddable":true,"href":"https:\/\/www.interlampadas.com\/en\/wp-json\/wp\/v2\/pwb-brand?post=17369"},{"taxonomy":"product_brand","embeddable":true,"href":"https:\/\/www.interlampadas.com\/en\/wp-json\/wp\/v2\/product_brand?post=17369"},{"taxonomy":"product_cat","embeddable":true,"href":"https:\/\/www.interlampadas.com\/en\/wp-json\/wp\/v2\/product_cat?post=17369"},{"taxonomy":"product_tag","embeddable":true,"href":"https:\/\/www.interlampadas.com\/en\/wp-json\/wp\/v2\/product_tag?post=17369"}],"curies":[{"name":"wp","href":"https:\/\/api.w.org\/{rel}","templated":true}]}}