{"id":17367,"date":"2021-09-21T02:46:24","date_gmt":"2021-09-21T01:46:24","guid":{"rendered":"https:\/\/www.interlampadas.com\/lampadas\/sem%20categoria\/epson-eb-421i-elplp60-lampada-original-em-suporte-generico-prtw4\/"},"modified":"2026-04-17T02:54:52","modified_gmt":"2026-04-17T01:54:52","slug":"epson-eb-421i-elplp60-lampada-original-em-suporte-generico-prt524","status":"publish","type":"product","link":"https:\/\/www.interlampadas.com\/en\/lampadas\/lampadas-1\/videoprojector-389\/epson-eb-421i-elplp60-lampada-original-em-suporte-generico-prt524\/","title":{"rendered":"Epson EB-421I ELPLP60 L\u00e2mpada Original em Suporte Gen\u00e9rico PRT524"},"content":{"rendered":"<p>Ref. L\u00e2mpada: ELPLP60, V13H010L60  Compat\u00edvel com os seguintes modelos: EB-900, EB-905, EB-95, EB-96W, PowerLite 905, PowerLite 92, PowerLite 93, PowerLite 95, PowerLite 96W, EB-93, EB-420, EB-425W, BrightLink 425Wi, BrightLink 430i, BrightLink 435Wi, Powerlite 420, Powerlite 425W, Powerlite 93+, V11H447020, EB-2020, EB-2060, EB-C1000X, EB-C1010X, EB-C2010XH, EB-CS500WN, EB-CS500XN, H387B, EB-421I, EB-426WI<\/p>\n","protected":false},"excerpt":{"rendered":"<p>Ref. L\u00e2mpada: ELPLP60, V13H010L60 Compat\u00edvel com os seguintes modelos: EB-900, EB-905, EB-95, EB-96W, PowerLite 905, PowerLite 92, PowerLite 93, PowerLite 95,<\/p>\n","protected":false},"featured_media":0,"comment_status":"open","ping_status":"closed","template":"","meta":{"_acf_changed":false},"pwb-brand":[283],"product_brand":[],"product_cat":[448],"product_tag":[],"class_list":{"0":"post-17367","1":"product","2":"type-product","3":"status-publish","5":"pwb-brand-epson","6":"product_cat-videoprojector-389","8":"first","9":"outofstock","10":"shipping-taxable","11":"purchasable","12":"product-type-simple"},"acf":[],"yoast_head":"<!-- This site is optimized with the Yoast SEO plugin v27.0 - https:\/\/yoast.com\/product\/yoast-seo-wordpress\/ -->\n<title>Epson EB-421I ELPLP60 L\u00e2mpada Original em Suporte Gen\u00e9rico PRT524 - Lumen by Interlampadas<\/title>\n<meta name=\"description\" content=\"Ref. L\u00e2mpada: ELPLP60, V13H010L60 Compat\u00edvel com os seguintes modelos: EB-900, EB-905, EB-95, EB-96W, PowerLite 905, PowerLite 92, PowerLite 93, PowerLite\" \/>\n<meta name=\"robots\" content=\"index, follow, max-snippet:-1, max-image-preview:large, max-video-preview:-1\" \/>\n<link rel=\"canonical\" href=\"https:\/\/www.interlampadas.com\/en\/lampadas\/lampadas-1\/videoprojector-389\/epson-eb-421i-elplp60-lampada-original-em-suporte-generico-prt524\/\" \/>\n<meta property=\"og:locale\" content=\"en_US\" \/>\n<meta property=\"og:type\" content=\"article\" \/>\n<meta property=\"og:title\" content=\"Epson EB-421I ELPLP60 L\u00e2mpada Original em Suporte Gen\u00e9rico PRT524 - Lumen by Interlampadas\" \/>\n<meta property=\"og:description\" content=\"Ref. L\u00e2mpada: ELPLP60, V13H010L60 Compat\u00edvel com os seguintes modelos: EB-900, EB-905, EB-95, EB-96W, PowerLite 905, PowerLite 92, PowerLite 93, PowerLite\" \/>\n<meta property=\"og:url\" content=\"https:\/\/www.interlampadas.com\/en\/lampadas\/lampadas-1\/videoprojector-389\/epson-eb-421i-elplp60-lampada-original-em-suporte-generico-prt524\/\" \/>\n<meta property=\"og:site_name\" content=\"Lumen by Interlampadas\" \/>\n<meta property=\"article:publisher\" content=\"https:\/\/www.facebook.com\/interlampadas\" \/>\n<meta property=\"article:modified_time\" content=\"2026-04-17T01:54:52+00:00\" \/>\n<meta name=\"twitter:card\" content=\"summary_large_image\" \/>\n<script type=\"application\/ld+json\" class=\"yoast-schema-graph\">{\"@context\":\"https:\/\/schema.org\",\"@graph\":[{\"@type\":\"WebPage\",\"@id\":\"https:\/\/www.interlampadas.com\/en\/lampadas\/lampadas-1\/videoprojector-389\/epson-eb-421i-elplp60-lampada-original-em-suporte-generico-prt524\/\",\"url\":\"https:\/\/www.interlampadas.com\/en\/lampadas\/lampadas-1\/videoprojector-389\/epson-eb-421i-elplp60-lampada-original-em-suporte-generico-prt524\/\",\"name\":\"Epson EB-421I ELPLP60 L\u00e2mpada Original em Suporte Gen\u00e9rico PRT524 - Lumen by Interlampadas\",\"isPartOf\":{\"@id\":\"https:\/\/www.interlampadas.com\/#website\"},\"datePublished\":\"2021-09-21T01:46:24+00:00\",\"dateModified\":\"2026-04-17T01:54:52+00:00\",\"description\":\"Ref. L\u00e2mpada: ELPLP60, V13H010L60 Compat\u00edvel com os seguintes modelos: EB-900, EB-905, EB-95, EB-96W, PowerLite 905, PowerLite 92, PowerLite 93, PowerLite\",\"breadcrumb\":{\"@id\":\"https:\/\/www.interlampadas.com\/en\/lampadas\/lampadas-1\/videoprojector-389\/epson-eb-421i-elplp60-lampada-original-em-suporte-generico-prt524\/#breadcrumb\"},\"inLanguage\":\"en-US\",\"potentialAction\":[{\"@type\":\"ReadAction\",\"target\":[\"https:\/\/www.interlampadas.com\/en\/lampadas\/lampadas-1\/videoprojector-389\/epson-eb-421i-elplp60-lampada-original-em-suporte-generico-prt524\/\"]}]},{\"@type\":\"BreadcrumbList\",\"@id\":\"https:\/\/www.interlampadas.com\/en\/lampadas\/lampadas-1\/videoprojector-389\/epson-eb-421i-elplp60-lampada-original-em-suporte-generico-prt524\/#breadcrumb\",\"itemListElement\":[{\"@type\":\"ListItem\",\"position\":1,\"name\":\"Home\",\"item\":\"https:\/\/www.interlampadas.com\/en\/\"},{\"@type\":\"ListItem\",\"position\":2,\"name\":\"Loja\",\"item\":\"https:\/\/www.interlampadas.com\/loja\/\"},{\"@type\":\"ListItem\",\"position\":3,\"name\":\"Epson EB-421I ELPLP60 L\u00e2mpada Original em Suporte Gen\u00e9rico PRT524\"}]},{\"@type\":\"WebSite\",\"@id\":\"https:\/\/www.interlampadas.com\/#website\",\"url\":\"https:\/\/www.interlampadas.com\/\",\"name\":\"Lumen by Interlampadas\",\"description\":\"lampadas\",\"alternateName\":\"Interlampadas\",\"potentialAction\":[{\"@type\":\"SearchAction\",\"target\":{\"@type\":\"EntryPoint\",\"urlTemplate\":\"https:\/\/www.interlampadas.com\/?s={search_term_string}\"},\"query-input\":{\"@type\":\"PropertyValueSpecification\",\"valueRequired\":true,\"valueName\":\"search_term_string\"}}],\"inLanguage\":\"en-US\"}]}<\/script>\n<!-- \/ Yoast SEO plugin. -->","yoast_head_json":{"title":"Epson EB-421I ELPLP60 L\u00e2mpada Original em Suporte Gen\u00e9rico PRT524 - Lumen by Interlampadas","description":"Ref. L\u00e2mpada: ELPLP60, V13H010L60 Compat\u00edvel com os seguintes modelos: EB-900, EB-905, EB-95, EB-96W, PowerLite 905, PowerLite 92, PowerLite 93, PowerLite","robots":{"index":"index","follow":"follow","max-snippet":"max-snippet:-1","max-image-preview":"max-image-preview:large","max-video-preview":"max-video-preview:-1"},"canonical":"https:\/\/www.interlampadas.com\/en\/lampadas\/lampadas-1\/videoprojector-389\/epson-eb-421i-elplp60-lampada-original-em-suporte-generico-prt524\/","og_locale":"en_US","og_type":"article","og_title":"Epson EB-421I ELPLP60 L\u00e2mpada Original em Suporte Gen\u00e9rico PRT524 - Lumen by Interlampadas","og_description":"Ref. L\u00e2mpada: ELPLP60, V13H010L60 Compat\u00edvel com os seguintes modelos: EB-900, EB-905, EB-95, EB-96W, PowerLite 905, PowerLite 92, PowerLite 93, PowerLite","og_url":"https:\/\/www.interlampadas.com\/en\/lampadas\/lampadas-1\/videoprojector-389\/epson-eb-421i-elplp60-lampada-original-em-suporte-generico-prt524\/","og_site_name":"Lumen by Interlampadas","article_publisher":"https:\/\/www.facebook.com\/interlampadas","article_modified_time":"2026-04-17T01:54:52+00:00","twitter_card":"summary_large_image","schema":{"@context":"https:\/\/schema.org","@graph":[{"@type":"WebPage","@id":"https:\/\/www.interlampadas.com\/en\/lampadas\/lampadas-1\/videoprojector-389\/epson-eb-421i-elplp60-lampada-original-em-suporte-generico-prt524\/","url":"https:\/\/www.interlampadas.com\/en\/lampadas\/lampadas-1\/videoprojector-389\/epson-eb-421i-elplp60-lampada-original-em-suporte-generico-prt524\/","name":"Epson EB-421I ELPLP60 L\u00e2mpada Original em Suporte Gen\u00e9rico PRT524 - Lumen by Interlampadas","isPartOf":{"@id":"https:\/\/www.interlampadas.com\/#website"},"datePublished":"2021-09-21T01:46:24+00:00","dateModified":"2026-04-17T01:54:52+00:00","description":"Ref. L\u00e2mpada: ELPLP60, V13H010L60 Compat\u00edvel com os seguintes modelos: EB-900, EB-905, EB-95, EB-96W, PowerLite 905, PowerLite 92, PowerLite 93, PowerLite","breadcrumb":{"@id":"https:\/\/www.interlampadas.com\/en\/lampadas\/lampadas-1\/videoprojector-389\/epson-eb-421i-elplp60-lampada-original-em-suporte-generico-prt524\/#breadcrumb"},"inLanguage":"en-US","potentialAction":[{"@type":"ReadAction","target":["https:\/\/www.interlampadas.com\/en\/lampadas\/lampadas-1\/videoprojector-389\/epson-eb-421i-elplp60-lampada-original-em-suporte-generico-prt524\/"]}]},{"@type":"BreadcrumbList","@id":"https:\/\/www.interlampadas.com\/en\/lampadas\/lampadas-1\/videoprojector-389\/epson-eb-421i-elplp60-lampada-original-em-suporte-generico-prt524\/#breadcrumb","itemListElement":[{"@type":"ListItem","position":1,"name":"Home","item":"https:\/\/www.interlampadas.com\/en\/"},{"@type":"ListItem","position":2,"name":"Loja","item":"https:\/\/www.interlampadas.com\/loja\/"},{"@type":"ListItem","position":3,"name":"Epson EB-421I ELPLP60 L\u00e2mpada Original em Suporte Gen\u00e9rico PRT524"}]},{"@type":"WebSite","@id":"https:\/\/www.interlampadas.com\/#website","url":"https:\/\/www.interlampadas.com\/","name":"Lumen by Interlampadas","description":"lampadas","alternateName":"Interlampadas","potentialAction":[{"@type":"SearchAction","target":{"@type":"EntryPoint","urlTemplate":"https:\/\/www.interlampadas.com\/?s={search_term_string}"},"query-input":{"@type":"PropertyValueSpecification","valueRequired":true,"valueName":"search_term_string"}}],"inLanguage":"en-US"}]}},"brands":[{"id":283,"name":"EPSON","slug":"epson"}],"_links":{"self":[{"href":"https:\/\/www.interlampadas.com\/en\/wp-json\/wp\/v2\/product\/17367","targetHints":{"allow":["GET"]}}],"collection":[{"href":"https:\/\/www.interlampadas.com\/en\/wp-json\/wp\/v2\/product"}],"about":[{"href":"https:\/\/www.interlampadas.com\/en\/wp-json\/wp\/v2\/types\/product"}],"replies":[{"embeddable":true,"href":"https:\/\/www.interlampadas.com\/en\/wp-json\/wp\/v2\/comments?post=17367"}],"wp:attachment":[{"href":"https:\/\/www.interlampadas.com\/en\/wp-json\/wp\/v2\/media?parent=17367"}],"wp:term":[{"taxonomy":"pwb-brand","embeddable":true,"href":"https:\/\/www.interlampadas.com\/en\/wp-json\/wp\/v2\/pwb-brand?post=17367"},{"taxonomy":"product_brand","embeddable":true,"href":"https:\/\/www.interlampadas.com\/en\/wp-json\/wp\/v2\/product_brand?post=17367"},{"taxonomy":"product_cat","embeddable":true,"href":"https:\/\/www.interlampadas.com\/en\/wp-json\/wp\/v2\/product_cat?post=17367"},{"taxonomy":"product_tag","embeddable":true,"href":"https:\/\/www.interlampadas.com\/en\/wp-json\/wp\/v2\/product_tag?post=17367"}],"curies":[{"name":"wp","href":"https:\/\/api.w.org\/{rel}","templated":true}]}}