{"id":17294,"date":"2021-09-17T02:46:37","date_gmt":"2021-09-17T01:46:37","guid":{"rendered":"https:\/\/www.interlampadas.com\/lampadas\/sem%20categoria\/epson-emp-400w-lp42-losg-prtw10\/"},"modified":"2026-01-21T02:56:40","modified_gmt":"2026-01-21T02:56:40","slug":"epson-emp-400w-elplp42-lampada-original-em-suporte-generico-prt197","status":"publish","type":"product","link":"https:\/\/www.interlampadas.com\/en\/lampadas\/lampadas-1\/videoprojector-389\/epson-emp-400w-elplp42-lampada-original-em-suporte-generico-prt197\/","title":{"rendered":"Epson EMP-400W ELPLP42 L\u00e2mpada Original em Suporte Gen\u00e9rico PRT197"},"content":{"rendered":"<p>Ref. L\u00e2mpada: ELPLP42, V13H010L42  Compat\u00edvel com os seguintes modelos: EB-400W, EB-400WE, EB-410W, EB-410WE, EB-X56, EMP-280, EMP-400, EMP-400W, EMP-400WE, EMP-410W, EMP-410WE, EMP-822, EMP-822H, EMP-83, EMP-83C, EMP-83H, EMP-83HE, EMP-X56, PowerLite 280, PowerLite 400W, PowerLite 400WE, PowerLite 410W, PowerLite 410WE, PowerLite 822, PowerLite 822+, PowerLite 822H, PowerLite 822p, PowerLite 83, PowerLite 83+, PowerLite 83c, PowerLite 83H, X56, EMP-400 W\/E, EMP-822SP, EX-90, H281A, Powerlite 83V+, EMP-270, EMP-X68<\/p>\n","protected":false},"excerpt":{"rendered":"<p>Ref. L\u00e2mpada: ELPLP42, V13H010L42 Compat\u00edvel com os seguintes modelos: EB-400W, EB-400WE, EB-410W, EB-410WE, EB-X56, EMP-280, EMP-400, EMP-400W, EMP-400WE, EMP-410W,<\/p>\n","protected":false},"featured_media":17420,"comment_status":"open","ping_status":"closed","template":"","meta":{"_acf_changed":false},"pwb-brand":[283],"product_brand":[],"product_cat":[448],"product_tag":[],"class_list":{"0":"post-17294","1":"product","2":"type-product","3":"status-publish","4":"has-post-thumbnail","6":"pwb-brand-epson","7":"product_cat-videoprojector-389","9":"first","10":"instock","11":"shipping-taxable","12":"purchasable","13":"product-type-simple"},"acf":[],"yoast_head":"<!-- This site is optimized with the Yoast SEO plugin v27.0 - https:\/\/yoast.com\/product\/yoast-seo-wordpress\/ -->\n<title>Epson EMP-400W ELPLP42 L\u00e2mpada Original em Suporte Gen\u00e9rico PRT197 - Lumen by Interlampadas<\/title>\n<meta name=\"description\" content=\"Ref. L\u00e2mpada: ELPLP42, V13H010L42 Compat\u00edvel com os seguintes modelos: EB-400W, EB-400WE, EB-410W, EB-410WE, EB-X56, EMP-280, EMP-400, EMP-400W,\" \/>\n<meta name=\"robots\" content=\"index, follow, max-snippet:-1, max-image-preview:large, max-video-preview:-1\" \/>\n<link rel=\"canonical\" href=\"https:\/\/www.interlampadas.com\/en\/lampadas\/lampadas-1\/videoprojector-389\/epson-emp-400w-elplp42-lampada-original-em-suporte-generico-prt197\/\" \/>\n<meta property=\"og:locale\" content=\"en_US\" \/>\n<meta property=\"og:type\" content=\"article\" \/>\n<meta property=\"og:title\" content=\"Epson EMP-400W ELPLP42 L\u00e2mpada Original em Suporte Gen\u00e9rico PRT197 - Lumen by Interlampadas\" \/>\n<meta property=\"og:description\" content=\"Ref. L\u00e2mpada: ELPLP42, V13H010L42 Compat\u00edvel com os seguintes modelos: EB-400W, EB-400WE, EB-410W, EB-410WE, EB-X56, EMP-280, EMP-400, EMP-400W,\" \/>\n<meta property=\"og:url\" content=\"https:\/\/www.interlampadas.com\/en\/lampadas\/lampadas-1\/videoprojector-389\/epson-emp-400w-elplp42-lampada-original-em-suporte-generico-prt197\/\" \/>\n<meta property=\"og:site_name\" content=\"Lumen by Interlampadas\" \/>\n<meta property=\"article:publisher\" content=\"https:\/\/www.facebook.com\/interlampadas\" \/>\n<meta property=\"article:modified_time\" content=\"2026-01-21T02:56:40+00:00\" \/>\n<meta property=\"og:image\" content=\"https:\/\/www.interlampadas.com\/wp-content\/uploads\/2021\/09\/11602.jpg\" \/>\n\t<meta property=\"og:image:width\" content=\"500\" \/>\n\t<meta property=\"og:image:height\" content=\"500\" \/>\n\t<meta property=\"og:image:type\" content=\"image\/jpeg\" \/>\n<meta name=\"twitter:card\" content=\"summary_large_image\" \/>\n<script type=\"application\/ld+json\" class=\"yoast-schema-graph\">{\"@context\":\"https:\/\/schema.org\",\"@graph\":[{\"@type\":\"WebPage\",\"@id\":\"https:\/\/www.interlampadas.com\/en\/lampadas\/lampadas-1\/videoprojector-389\/epson-emp-400w-elplp42-lampada-original-em-suporte-generico-prt197\/\",\"url\":\"https:\/\/www.interlampadas.com\/en\/lampadas\/lampadas-1\/videoprojector-389\/epson-emp-400w-elplp42-lampada-original-em-suporte-generico-prt197\/\",\"name\":\"Epson EMP-400W ELPLP42 L\u00e2mpada Original em Suporte Gen\u00e9rico PRT197 - Lumen by Interlampadas\",\"isPartOf\":{\"@id\":\"https:\/\/www.interlampadas.com\/#website\"},\"primaryImageOfPage\":{\"@id\":\"https:\/\/www.interlampadas.com\/en\/lampadas\/lampadas-1\/videoprojector-389\/epson-emp-400w-elplp42-lampada-original-em-suporte-generico-prt197\/#primaryimage\"},\"image\":{\"@id\":\"https:\/\/www.interlampadas.com\/en\/lampadas\/lampadas-1\/videoprojector-389\/epson-emp-400w-elplp42-lampada-original-em-suporte-generico-prt197\/#primaryimage\"},\"thumbnailUrl\":\"https:\/\/www.interlampadas.com\/wp-content\/uploads\/2021\/09\/11602.jpg\",\"datePublished\":\"2021-09-17T01:46:37+00:00\",\"dateModified\":\"2026-01-21T02:56:40+00:00\",\"description\":\"Ref. L\u00e2mpada: ELPLP42, V13H010L42 Compat\u00edvel com os seguintes modelos: EB-400W, EB-400WE, EB-410W, EB-410WE, EB-X56, EMP-280, EMP-400, EMP-400W,\",\"breadcrumb\":{\"@id\":\"https:\/\/www.interlampadas.com\/en\/lampadas\/lampadas-1\/videoprojector-389\/epson-emp-400w-elplp42-lampada-original-em-suporte-generico-prt197\/#breadcrumb\"},\"inLanguage\":\"en-US\",\"potentialAction\":[{\"@type\":\"ReadAction\",\"target\":[\"https:\/\/www.interlampadas.com\/en\/lampadas\/lampadas-1\/videoprojector-389\/epson-emp-400w-elplp42-lampada-original-em-suporte-generico-prt197\/\"]}]},{\"@type\":\"ImageObject\",\"inLanguage\":\"en-US\",\"@id\":\"https:\/\/www.interlampadas.com\/en\/lampadas\/lampadas-1\/videoprojector-389\/epson-emp-400w-elplp42-lampada-original-em-suporte-generico-prt197\/#primaryimage\",\"url\":\"https:\/\/www.interlampadas.com\/wp-content\/uploads\/2021\/09\/11602.jpg\",\"contentUrl\":\"https:\/\/www.interlampadas.com\/wp-content\/uploads\/2021\/09\/11602.jpg\",\"width\":500,\"height\":500,\"caption\":\"Epson EMP-400W LP42 LOSG PRTW10\"},{\"@type\":\"BreadcrumbList\",\"@id\":\"https:\/\/www.interlampadas.com\/en\/lampadas\/lampadas-1\/videoprojector-389\/epson-emp-400w-elplp42-lampada-original-em-suporte-generico-prt197\/#breadcrumb\",\"itemListElement\":[{\"@type\":\"ListItem\",\"position\":1,\"name\":\"Home\",\"item\":\"https:\/\/www.interlampadas.com\/en\/\"},{\"@type\":\"ListItem\",\"position\":2,\"name\":\"Loja\",\"item\":\"https:\/\/www.interlampadas.com\/loja\/\"},{\"@type\":\"ListItem\",\"position\":3,\"name\":\"Epson EMP-400W ELPLP42 L\u00e2mpada Original em Suporte Gen\u00e9rico PRT197\"}]},{\"@type\":\"WebSite\",\"@id\":\"https:\/\/www.interlampadas.com\/#website\",\"url\":\"https:\/\/www.interlampadas.com\/\",\"name\":\"Lumen by Interlampadas\",\"description\":\"lampadas\",\"alternateName\":\"Interlampadas\",\"potentialAction\":[{\"@type\":\"SearchAction\",\"target\":{\"@type\":\"EntryPoint\",\"urlTemplate\":\"https:\/\/www.interlampadas.com\/?s={search_term_string}\"},\"query-input\":{\"@type\":\"PropertyValueSpecification\",\"valueRequired\":true,\"valueName\":\"search_term_string\"}}],\"inLanguage\":\"en-US\"}]}<\/script>\n<!-- \/ Yoast SEO plugin. -->","yoast_head_json":{"title":"Epson EMP-400W ELPLP42 L\u00e2mpada Original em Suporte Gen\u00e9rico PRT197 - Lumen by Interlampadas","description":"Ref. L\u00e2mpada: ELPLP42, V13H010L42 Compat\u00edvel com os seguintes modelos: EB-400W, EB-400WE, EB-410W, EB-410WE, EB-X56, EMP-280, EMP-400, EMP-400W,","robots":{"index":"index","follow":"follow","max-snippet":"max-snippet:-1","max-image-preview":"max-image-preview:large","max-video-preview":"max-video-preview:-1"},"canonical":"https:\/\/www.interlampadas.com\/en\/lampadas\/lampadas-1\/videoprojector-389\/epson-emp-400w-elplp42-lampada-original-em-suporte-generico-prt197\/","og_locale":"en_US","og_type":"article","og_title":"Epson EMP-400W ELPLP42 L\u00e2mpada Original em Suporte Gen\u00e9rico PRT197 - Lumen by Interlampadas","og_description":"Ref. L\u00e2mpada: ELPLP42, V13H010L42 Compat\u00edvel com os seguintes modelos: EB-400W, EB-400WE, EB-410W, EB-410WE, EB-X56, EMP-280, EMP-400, EMP-400W,","og_url":"https:\/\/www.interlampadas.com\/en\/lampadas\/lampadas-1\/videoprojector-389\/epson-emp-400w-elplp42-lampada-original-em-suporte-generico-prt197\/","og_site_name":"Lumen by Interlampadas","article_publisher":"https:\/\/www.facebook.com\/interlampadas","article_modified_time":"2026-01-21T02:56:40+00:00","og_image":[{"width":500,"height":500,"url":"https:\/\/www.interlampadas.com\/wp-content\/uploads\/2021\/09\/11602.jpg","type":"image\/jpeg"}],"twitter_card":"summary_large_image","schema":{"@context":"https:\/\/schema.org","@graph":[{"@type":"WebPage","@id":"https:\/\/www.interlampadas.com\/en\/lampadas\/lampadas-1\/videoprojector-389\/epson-emp-400w-elplp42-lampada-original-em-suporte-generico-prt197\/","url":"https:\/\/www.interlampadas.com\/en\/lampadas\/lampadas-1\/videoprojector-389\/epson-emp-400w-elplp42-lampada-original-em-suporte-generico-prt197\/","name":"Epson EMP-400W ELPLP42 L\u00e2mpada Original em Suporte Gen\u00e9rico PRT197 - Lumen by Interlampadas","isPartOf":{"@id":"https:\/\/www.interlampadas.com\/#website"},"primaryImageOfPage":{"@id":"https:\/\/www.interlampadas.com\/en\/lampadas\/lampadas-1\/videoprojector-389\/epson-emp-400w-elplp42-lampada-original-em-suporte-generico-prt197\/#primaryimage"},"image":{"@id":"https:\/\/www.interlampadas.com\/en\/lampadas\/lampadas-1\/videoprojector-389\/epson-emp-400w-elplp42-lampada-original-em-suporte-generico-prt197\/#primaryimage"},"thumbnailUrl":"https:\/\/www.interlampadas.com\/wp-content\/uploads\/2021\/09\/11602.jpg","datePublished":"2021-09-17T01:46:37+00:00","dateModified":"2026-01-21T02:56:40+00:00","description":"Ref. L\u00e2mpada: ELPLP42, V13H010L42 Compat\u00edvel com os seguintes modelos: EB-400W, EB-400WE, EB-410W, EB-410WE, EB-X56, EMP-280, EMP-400, EMP-400W,","breadcrumb":{"@id":"https:\/\/www.interlampadas.com\/en\/lampadas\/lampadas-1\/videoprojector-389\/epson-emp-400w-elplp42-lampada-original-em-suporte-generico-prt197\/#breadcrumb"},"inLanguage":"en-US","potentialAction":[{"@type":"ReadAction","target":["https:\/\/www.interlampadas.com\/en\/lampadas\/lampadas-1\/videoprojector-389\/epson-emp-400w-elplp42-lampada-original-em-suporte-generico-prt197\/"]}]},{"@type":"ImageObject","inLanguage":"en-US","@id":"https:\/\/www.interlampadas.com\/en\/lampadas\/lampadas-1\/videoprojector-389\/epson-emp-400w-elplp42-lampada-original-em-suporte-generico-prt197\/#primaryimage","url":"https:\/\/www.interlampadas.com\/wp-content\/uploads\/2021\/09\/11602.jpg","contentUrl":"https:\/\/www.interlampadas.com\/wp-content\/uploads\/2021\/09\/11602.jpg","width":500,"height":500,"caption":"Epson EMP-400W LP42 LOSG PRTW10"},{"@type":"BreadcrumbList","@id":"https:\/\/www.interlampadas.com\/en\/lampadas\/lampadas-1\/videoprojector-389\/epson-emp-400w-elplp42-lampada-original-em-suporte-generico-prt197\/#breadcrumb","itemListElement":[{"@type":"ListItem","position":1,"name":"Home","item":"https:\/\/www.interlampadas.com\/en\/"},{"@type":"ListItem","position":2,"name":"Loja","item":"https:\/\/www.interlampadas.com\/loja\/"},{"@type":"ListItem","position":3,"name":"Epson EMP-400W ELPLP42 L\u00e2mpada Original em Suporte Gen\u00e9rico PRT197"}]},{"@type":"WebSite","@id":"https:\/\/www.interlampadas.com\/#website","url":"https:\/\/www.interlampadas.com\/","name":"Lumen by Interlampadas","description":"lampadas","alternateName":"Interlampadas","potentialAction":[{"@type":"SearchAction","target":{"@type":"EntryPoint","urlTemplate":"https:\/\/www.interlampadas.com\/?s={search_term_string}"},"query-input":{"@type":"PropertyValueSpecification","valueRequired":true,"valueName":"search_term_string"}}],"inLanguage":"en-US"}]}},"brands":[{"id":283,"name":"EPSON","slug":"epson"}],"_links":{"self":[{"href":"https:\/\/www.interlampadas.com\/en\/wp-json\/wp\/v2\/product\/17294","targetHints":{"allow":["GET"]}}],"collection":[{"href":"https:\/\/www.interlampadas.com\/en\/wp-json\/wp\/v2\/product"}],"about":[{"href":"https:\/\/www.interlampadas.com\/en\/wp-json\/wp\/v2\/types\/product"}],"replies":[{"embeddable":true,"href":"https:\/\/www.interlampadas.com\/en\/wp-json\/wp\/v2\/comments?post=17294"}],"wp:featuredmedia":[{"embeddable":true,"href":"https:\/\/www.interlampadas.com\/en\/wp-json\/wp\/v2\/media\/17420"}],"wp:attachment":[{"href":"https:\/\/www.interlampadas.com\/en\/wp-json\/wp\/v2\/media?parent=17294"}],"wp:term":[{"taxonomy":"pwb-brand","embeddable":true,"href":"https:\/\/www.interlampadas.com\/en\/wp-json\/wp\/v2\/pwb-brand?post=17294"},{"taxonomy":"product_brand","embeddable":true,"href":"https:\/\/www.interlampadas.com\/en\/wp-json\/wp\/v2\/product_brand?post=17294"},{"taxonomy":"product_cat","embeddable":true,"href":"https:\/\/www.interlampadas.com\/en\/wp-json\/wp\/v2\/product_cat?post=17294"},{"taxonomy":"product_tag","embeddable":true,"href":"https:\/\/www.interlampadas.com\/en\/wp-json\/wp\/v2\/product_tag?post=17294"}],"curies":[{"name":"wp","href":"https:\/\/api.w.org\/{rel}","templated":true}]}}