{"id":16459,"date":"2021-07-07T00:03:14","date_gmt":"2021-07-06T23:03:14","guid":{"rendered":"https:\/\/www.interlampadas.com\/lampadas\/sem%20categoria\/g24d-2-7w-2pin-3000k-dulux-d-led\/"},"modified":"2026-05-01T02:51:35","modified_gmt":"2026-05-01T01:51:35","slug":"g24d-2-7w-2pin-3000k-dulux-d-led","status":"publish","type":"product","link":"https:\/\/www.interlampadas.com\/en\/lampadas\/lampadas-1\/led-150\/utilizacao-geral-led-151\/g24d-2-406\/g24d-2-7w-2pin-3000k-dulux-d-led\/","title":{"rendered":"G24d-2 7w 2PIN 3000K DULUX D Led"},"content":{"rendered":"<p>CARACTER\u00cdSTICAS DO PRODUTO<br \/>  \u2014 Substitui\u00e7\u00e3o LED para l\u00e2mpadas fl uoresc.<br \/>  compactas convencionais. Para lumin\u00e1rias<br \/>  com ECG ou para tens\u00e3o de rede AC<br \/>  \u2014 Tipo de prote\u00e7\u00e3o: IP20<br \/>  \u2014 Casquilho rotativo em torno do seu eixo<br \/>  longitudinal (\u00b1 90\u00b0)<br \/>  \u2014 Vida \u00fatil: at\u00e9 30.000 h<br \/>  \u2014 Casquilho G24d de dois pinos<\/p>\n","protected":false},"excerpt":{"rendered":"<p>CARACTER\u00cdSTICAS DO PRODUTO \u2014 Substitui\u00e7\u00e3o LED para l\u00e2mpadas fl uoresc. compactas convencionais. Para lumin\u00e1rias com ECG ou para tens\u00e3o de rede AC \u2014 Tipo de prote\u00e7\u00e3o:<\/p>\n","protected":false},"featured_media":16458,"comment_status":"open","ping_status":"closed","template":"","meta":{"_acf_changed":false},"pwb-brand":[285],"product_brand":[],"product_cat":[498],"product_tag":[],"class_list":{"0":"post-16459","1":"product","2":"type-product","3":"status-publish","4":"has-post-thumbnail","6":"pwb-brand-osram-philips","7":"product_cat-g24d-2-406","9":"first","10":"outofstock","11":"shipping-taxable","12":"purchasable","13":"product-type-simple"},"acf":[],"yoast_head":"<!-- This site is optimized with the Yoast SEO plugin v27.0 - https:\/\/yoast.com\/product\/yoast-seo-wordpress\/ -->\n<title>G24d-2 7w 2PIN 3000K DULUX D Led - Lumen by Interlampadas<\/title>\n<meta name=\"description\" content=\"CARACTER\u00cdSTICAS DO PRODUTO \u2014 Substitui\u00e7\u00e3o LED para l\u00e2mpadas fl uoresc. compactas convencionais. Para lumin\u00e1rias com ECG ou para tens\u00e3o de rede AC \u2014 Tipo\" \/>\n<meta name=\"robots\" content=\"index, follow, max-snippet:-1, max-image-preview:large, max-video-preview:-1\" \/>\n<link rel=\"canonical\" href=\"https:\/\/www.interlampadas.com\/en\/lampadas\/lampadas-1\/led-150\/utilizacao-geral-led-151\/g24d-2-406\/g24d-2-7w-2pin-3000k-dulux-d-led\/\" \/>\n<meta property=\"og:locale\" content=\"en_US\" \/>\n<meta property=\"og:type\" content=\"article\" \/>\n<meta property=\"og:title\" content=\"G24d-2 7w 2PIN 3000K DULUX D Led - Lumen by Interlampadas\" \/>\n<meta property=\"og:description\" content=\"CARACTER\u00cdSTICAS DO PRODUTO \u2014 Substitui\u00e7\u00e3o LED para l\u00e2mpadas fl uoresc. compactas convencionais. Para lumin\u00e1rias com ECG ou para tens\u00e3o de rede AC \u2014 Tipo\" \/>\n<meta property=\"og:url\" content=\"https:\/\/www.interlampadas.com\/en\/lampadas\/lampadas-1\/led-150\/utilizacao-geral-led-151\/g24d-2-406\/g24d-2-7w-2pin-3000k-dulux-d-led\/\" \/>\n<meta property=\"og:site_name\" content=\"Lumen by Interlampadas\" \/>\n<meta property=\"article:publisher\" content=\"https:\/\/www.facebook.com\/interlampadas\" \/>\n<meta property=\"article:modified_time\" content=\"2026-05-01T01:51:35+00:00\" \/>\n<meta property=\"og:image\" content=\"https:\/\/www.interlampadas.com\/wp-content\/uploads\/2021\/07\/13440.jpg\" \/>\n\t<meta property=\"og:image:width\" content=\"700\" \/>\n\t<meta property=\"og:image:height\" content=\"800\" \/>\n\t<meta property=\"og:image:type\" content=\"image\/jpeg\" \/>\n<meta name=\"twitter:card\" content=\"summary_large_image\" \/>\n<script type=\"application\/ld+json\" class=\"yoast-schema-graph\">{\"@context\":\"https:\/\/schema.org\",\"@graph\":[{\"@type\":\"WebPage\",\"@id\":\"https:\/\/www.interlampadas.com\/en\/lampadas\/lampadas-1\/led-150\/utilizacao-geral-led-151\/g24d-2-406\/g24d-2-7w-2pin-3000k-dulux-d-led\/\",\"url\":\"https:\/\/www.interlampadas.com\/en\/lampadas\/lampadas-1\/led-150\/utilizacao-geral-led-151\/g24d-2-406\/g24d-2-7w-2pin-3000k-dulux-d-led\/\",\"name\":\"G24d-2 7w 2PIN 3000K DULUX D Led - Lumen by Interlampadas\",\"isPartOf\":{\"@id\":\"https:\/\/www.interlampadas.com\/#website\"},\"primaryImageOfPage\":{\"@id\":\"https:\/\/www.interlampadas.com\/en\/lampadas\/lampadas-1\/led-150\/utilizacao-geral-led-151\/g24d-2-406\/g24d-2-7w-2pin-3000k-dulux-d-led\/#primaryimage\"},\"image\":{\"@id\":\"https:\/\/www.interlampadas.com\/en\/lampadas\/lampadas-1\/led-150\/utilizacao-geral-led-151\/g24d-2-406\/g24d-2-7w-2pin-3000k-dulux-d-led\/#primaryimage\"},\"thumbnailUrl\":\"https:\/\/www.interlampadas.com\/wp-content\/uploads\/2021\/07\/13440.jpg\",\"datePublished\":\"2021-07-06T23:03:14+00:00\",\"dateModified\":\"2026-05-01T01:51:35+00:00\",\"description\":\"CARACTER\u00cdSTICAS DO PRODUTO \u2014 Substitui\u00e7\u00e3o LED para l\u00e2mpadas fl uoresc. compactas convencionais. Para lumin\u00e1rias com ECG ou para tens\u00e3o de rede AC \u2014 Tipo\",\"breadcrumb\":{\"@id\":\"https:\/\/www.interlampadas.com\/en\/lampadas\/lampadas-1\/led-150\/utilizacao-geral-led-151\/g24d-2-406\/g24d-2-7w-2pin-3000k-dulux-d-led\/#breadcrumb\"},\"inLanguage\":\"en-US\",\"potentialAction\":[{\"@type\":\"ReadAction\",\"target\":[\"https:\/\/www.interlampadas.com\/en\/lampadas\/lampadas-1\/led-150\/utilizacao-geral-led-151\/g24d-2-406\/g24d-2-7w-2pin-3000k-dulux-d-led\/\"]}]},{\"@type\":\"ImageObject\",\"inLanguage\":\"en-US\",\"@id\":\"https:\/\/www.interlampadas.com\/en\/lampadas\/lampadas-1\/led-150\/utilizacao-geral-led-151\/g24d-2-406\/g24d-2-7w-2pin-3000k-dulux-d-led\/#primaryimage\",\"url\":\"https:\/\/www.interlampadas.com\/wp-content\/uploads\/2021\/07\/13440.jpg\",\"contentUrl\":\"https:\/\/www.interlampadas.com\/wp-content\/uploads\/2021\/07\/13440.jpg\",\"width\":700,\"height\":800,\"caption\":\"G24d-2 7w 2PIN 3000K DULUX D Led\"},{\"@type\":\"BreadcrumbList\",\"@id\":\"https:\/\/www.interlampadas.com\/en\/lampadas\/lampadas-1\/led-150\/utilizacao-geral-led-151\/g24d-2-406\/g24d-2-7w-2pin-3000k-dulux-d-led\/#breadcrumb\",\"itemListElement\":[{\"@type\":\"ListItem\",\"position\":1,\"name\":\"Home\",\"item\":\"https:\/\/www.interlampadas.com\/en\/\"},{\"@type\":\"ListItem\",\"position\":2,\"name\":\"Loja\",\"item\":\"https:\/\/www.interlampadas.com\/loja\/\"},{\"@type\":\"ListItem\",\"position\":3,\"name\":\"G24d-2 7w 2PIN 3000K DULUX D Led\"}]},{\"@type\":\"WebSite\",\"@id\":\"https:\/\/www.interlampadas.com\/#website\",\"url\":\"https:\/\/www.interlampadas.com\/\",\"name\":\"Lumen by Interlampadas\",\"description\":\"lampadas\",\"alternateName\":\"Interlampadas\",\"potentialAction\":[{\"@type\":\"SearchAction\",\"target\":{\"@type\":\"EntryPoint\",\"urlTemplate\":\"https:\/\/www.interlampadas.com\/?s={search_term_string}\"},\"query-input\":{\"@type\":\"PropertyValueSpecification\",\"valueRequired\":true,\"valueName\":\"search_term_string\"}}],\"inLanguage\":\"en-US\"}]}<\/script>\n<!-- \/ Yoast SEO plugin. -->","yoast_head_json":{"title":"G24d-2 7w 2PIN 3000K DULUX D Led - Lumen by Interlampadas","description":"CARACTER\u00cdSTICAS DO PRODUTO \u2014 Substitui\u00e7\u00e3o LED para l\u00e2mpadas fl uoresc. compactas convencionais. Para lumin\u00e1rias com ECG ou para tens\u00e3o de rede AC \u2014 Tipo","robots":{"index":"index","follow":"follow","max-snippet":"max-snippet:-1","max-image-preview":"max-image-preview:large","max-video-preview":"max-video-preview:-1"},"canonical":"https:\/\/www.interlampadas.com\/en\/lampadas\/lampadas-1\/led-150\/utilizacao-geral-led-151\/g24d-2-406\/g24d-2-7w-2pin-3000k-dulux-d-led\/","og_locale":"en_US","og_type":"article","og_title":"G24d-2 7w 2PIN 3000K DULUX D Led - Lumen by Interlampadas","og_description":"CARACTER\u00cdSTICAS DO PRODUTO \u2014 Substitui\u00e7\u00e3o LED para l\u00e2mpadas fl uoresc. compactas convencionais. Para lumin\u00e1rias com ECG ou para tens\u00e3o de rede AC \u2014 Tipo","og_url":"https:\/\/www.interlampadas.com\/en\/lampadas\/lampadas-1\/led-150\/utilizacao-geral-led-151\/g24d-2-406\/g24d-2-7w-2pin-3000k-dulux-d-led\/","og_site_name":"Lumen by Interlampadas","article_publisher":"https:\/\/www.facebook.com\/interlampadas","article_modified_time":"2026-05-01T01:51:35+00:00","og_image":[{"width":700,"height":800,"url":"https:\/\/www.interlampadas.com\/wp-content\/uploads\/2021\/07\/13440.jpg","type":"image\/jpeg"}],"twitter_card":"summary_large_image","schema":{"@context":"https:\/\/schema.org","@graph":[{"@type":"WebPage","@id":"https:\/\/www.interlampadas.com\/en\/lampadas\/lampadas-1\/led-150\/utilizacao-geral-led-151\/g24d-2-406\/g24d-2-7w-2pin-3000k-dulux-d-led\/","url":"https:\/\/www.interlampadas.com\/en\/lampadas\/lampadas-1\/led-150\/utilizacao-geral-led-151\/g24d-2-406\/g24d-2-7w-2pin-3000k-dulux-d-led\/","name":"G24d-2 7w 2PIN 3000K DULUX D Led - Lumen by Interlampadas","isPartOf":{"@id":"https:\/\/www.interlampadas.com\/#website"},"primaryImageOfPage":{"@id":"https:\/\/www.interlampadas.com\/en\/lampadas\/lampadas-1\/led-150\/utilizacao-geral-led-151\/g24d-2-406\/g24d-2-7w-2pin-3000k-dulux-d-led\/#primaryimage"},"image":{"@id":"https:\/\/www.interlampadas.com\/en\/lampadas\/lampadas-1\/led-150\/utilizacao-geral-led-151\/g24d-2-406\/g24d-2-7w-2pin-3000k-dulux-d-led\/#primaryimage"},"thumbnailUrl":"https:\/\/www.interlampadas.com\/wp-content\/uploads\/2021\/07\/13440.jpg","datePublished":"2021-07-06T23:03:14+00:00","dateModified":"2026-05-01T01:51:35+00:00","description":"CARACTER\u00cdSTICAS DO PRODUTO \u2014 Substitui\u00e7\u00e3o LED para l\u00e2mpadas fl uoresc. compactas convencionais. Para lumin\u00e1rias com ECG ou para tens\u00e3o de rede AC \u2014 Tipo","breadcrumb":{"@id":"https:\/\/www.interlampadas.com\/en\/lampadas\/lampadas-1\/led-150\/utilizacao-geral-led-151\/g24d-2-406\/g24d-2-7w-2pin-3000k-dulux-d-led\/#breadcrumb"},"inLanguage":"en-US","potentialAction":[{"@type":"ReadAction","target":["https:\/\/www.interlampadas.com\/en\/lampadas\/lampadas-1\/led-150\/utilizacao-geral-led-151\/g24d-2-406\/g24d-2-7w-2pin-3000k-dulux-d-led\/"]}]},{"@type":"ImageObject","inLanguage":"en-US","@id":"https:\/\/www.interlampadas.com\/en\/lampadas\/lampadas-1\/led-150\/utilizacao-geral-led-151\/g24d-2-406\/g24d-2-7w-2pin-3000k-dulux-d-led\/#primaryimage","url":"https:\/\/www.interlampadas.com\/wp-content\/uploads\/2021\/07\/13440.jpg","contentUrl":"https:\/\/www.interlampadas.com\/wp-content\/uploads\/2021\/07\/13440.jpg","width":700,"height":800,"caption":"G24d-2 7w 2PIN 3000K DULUX D Led"},{"@type":"BreadcrumbList","@id":"https:\/\/www.interlampadas.com\/en\/lampadas\/lampadas-1\/led-150\/utilizacao-geral-led-151\/g24d-2-406\/g24d-2-7w-2pin-3000k-dulux-d-led\/#breadcrumb","itemListElement":[{"@type":"ListItem","position":1,"name":"Home","item":"https:\/\/www.interlampadas.com\/en\/"},{"@type":"ListItem","position":2,"name":"Loja","item":"https:\/\/www.interlampadas.com\/loja\/"},{"@type":"ListItem","position":3,"name":"G24d-2 7w 2PIN 3000K DULUX D Led"}]},{"@type":"WebSite","@id":"https:\/\/www.interlampadas.com\/#website","url":"https:\/\/www.interlampadas.com\/","name":"Lumen by Interlampadas","description":"lampadas","alternateName":"Interlampadas","potentialAction":[{"@type":"SearchAction","target":{"@type":"EntryPoint","urlTemplate":"https:\/\/www.interlampadas.com\/?s={search_term_string}"},"query-input":{"@type":"PropertyValueSpecification","valueRequired":true,"valueName":"search_term_string"}}],"inLanguage":"en-US"}]}},"brands":[{"id":285,"name":"Osram\/Philips","slug":"osram-philips"}],"_links":{"self":[{"href":"https:\/\/www.interlampadas.com\/en\/wp-json\/wp\/v2\/product\/16459","targetHints":{"allow":["GET"]}}],"collection":[{"href":"https:\/\/www.interlampadas.com\/en\/wp-json\/wp\/v2\/product"}],"about":[{"href":"https:\/\/www.interlampadas.com\/en\/wp-json\/wp\/v2\/types\/product"}],"replies":[{"embeddable":true,"href":"https:\/\/www.interlampadas.com\/en\/wp-json\/wp\/v2\/comments?post=16459"}],"wp:featuredmedia":[{"embeddable":true,"href":"https:\/\/www.interlampadas.com\/en\/wp-json\/wp\/v2\/media\/16458"}],"wp:attachment":[{"href":"https:\/\/www.interlampadas.com\/en\/wp-json\/wp\/v2\/media?parent=16459"}],"wp:term":[{"taxonomy":"pwb-brand","embeddable":true,"href":"https:\/\/www.interlampadas.com\/en\/wp-json\/wp\/v2\/pwb-brand?post=16459"},{"taxonomy":"product_brand","embeddable":true,"href":"https:\/\/www.interlampadas.com\/en\/wp-json\/wp\/v2\/product_brand?post=16459"},{"taxonomy":"product_cat","embeddable":true,"href":"https:\/\/www.interlampadas.com\/en\/wp-json\/wp\/v2\/product_cat?post=16459"},{"taxonomy":"product_tag","embeddable":true,"href":"https:\/\/www.interlampadas.com\/en\/wp-json\/wp\/v2\/product_tag?post=16459"}],"curies":[{"name":"wp","href":"https:\/\/api.w.org\/{rel}","templated":true}]}}