{"id":13844,"date":"2021-04-17T17:43:53","date_gmt":"2021-04-17T16:43:53","guid":{"rendered":"https:\/\/www.interlampadas.com\/lampadas\/sem%20categoria\/luminaria-uv-desinfeccao-airzing-30w-c-sensor-inclui-1-lampada-30w-1058x54x78mm\/"},"modified":"2026-04-30T03:02:29","modified_gmt":"2026-04-30T02:02:29","slug":"luminaria-uv-desinfeccao-airzing-30w-c-sensor-inclui-1-lampada-30w-1058x54x78mm","status":"publish","type":"product","link":"https:\/\/www.interlampadas.com\/en\/lampadas\/luminarias-2\/germicida-desinfeccao-18\/luminaria-uv-desinfeccao-airzing-30w-c-sensor-inclui-1-lampada-30w-1058x54x78mm\/","title":{"rendered":"Lumin\u00e1ria UV Desinfec\u00e7\u00e3o Airzing 30W c\/Sensor (inclui 1 L\u00e2mpada 30W) 1058x54x78mm"},"content":{"rendered":"<p>AirZing PRO 5030<br \/>  OSRAM AirZing 5030 PRO UV-C inclui L\u00e2mpada germicida HNS de 30W <br \/>  Dimens\u00e3o: 1058x54x78mm<br \/>  \u200b\u2022 equipado com um sensor IR, que desliga a l\u00e2mpada assim que as pessoas entram na \u00e1rea de trabalho UV<br \/>  \u2022 Para aumentar a seguran\u00e7a operacional, a partida \u00e9 atrasada em 30 segundos<br \/>  \u2022 \u00e1rea de cobertura de 360 graus<br \/>  \u2022 Emiss\u00f5es livres de oz\u00f4nio<br \/>  \u2022 A lumin\u00e1ria pode ser montada na parede ou teto com uma altura de instala\u00e7\u00e3o de 2,5 a 3,5 metros medida a partir do ch\u00e3o<br \/>  \u2022 Dimens\u00f5ess das salas &#8211; tempo de irradia\u00e7\u00e3o recomendado:<br \/>  8 m\u00b2 = 30 min<br \/>  8 &#8211; 12m\u00b2 = 45 min<br \/>  12 &#8211; 15m\u00b2 = 60 min<br \/>  \u2022 Campos de aplica\u00e7\u00e3o: institui\u00e7\u00f5es m\u00e9dicas e p\u00fablicas, ind\u00fastria farmac\u00eautica, ind\u00fastria alimentar, escrit\u00f3rios<br \/>  MEDIANTE ENCOMENDA\u200b<\/p>\n","protected":false},"excerpt":{"rendered":"<p>AirZing PRO 5030 OSRAM AirZing 5030 PRO UV-C inclui L\u00e2mpada germicida HNS de 30W Dimens\u00e3o: 1058x54x78mm \u200b\u2022 equipado com um sensor IR, que desliga a l\u00e2mpada assim<\/p>\n","protected":false},"featured_media":16425,"comment_status":"open","ping_status":"closed","template":"","meta":{"_acf_changed":false},"pwb-brand":[273],"product_brand":[],"product_cat":[38],"product_tag":[],"class_list":{"0":"post-13844","1":"product","2":"type-product","3":"status-publish","4":"has-post-thumbnail","6":"pwb-brand-osram","7":"product_cat-germicida-desinfeccao-18","9":"first","10":"outofstock","11":"shipping-taxable","12":"purchasable","13":"product-type-simple"},"acf":[],"yoast_head":"<!-- This site is optimized with the Yoast SEO plugin v27.0 - https:\/\/yoast.com\/product\/yoast-seo-wordpress\/ -->\n<title>Lumin\u00e1ria UV Desinfec\u00e7\u00e3o Airzing 30W c\/Sensor (inclui 1 L\u00e2mpada 30W) 1058x54x78mm - Lumen by Interlampadas<\/title>\n<meta name=\"description\" content=\"AirZing PRO 5030 OSRAM AirZing 5030 PRO UV-C inclui L\u00e2mpada germicida HNS de 30W Dimens\u00e3o: 1058x54x78mm \u200b\u2022 equipado com um sensor IR, que desliga a\" \/>\n<meta name=\"robots\" content=\"index, follow, max-snippet:-1, max-image-preview:large, max-video-preview:-1\" \/>\n<link rel=\"canonical\" href=\"https:\/\/www.interlampadas.com\/en\/lampadas\/luminarias-2\/germicida-desinfeccao-18\/luminaria-uv-desinfeccao-airzing-30w-c-sensor-inclui-1-lampada-30w-1058x54x78mm\/\" \/>\n<meta property=\"og:locale\" content=\"en_US\" \/>\n<meta property=\"og:type\" content=\"article\" \/>\n<meta property=\"og:title\" content=\"Lumin\u00e1ria UV Desinfec\u00e7\u00e3o Airzing 30W c\/Sensor (inclui 1 L\u00e2mpada 30W) 1058x54x78mm - Lumen by Interlampadas\" \/>\n<meta property=\"og:description\" content=\"AirZing PRO 5030 OSRAM AirZing 5030 PRO UV-C inclui L\u00e2mpada germicida HNS de 30W Dimens\u00e3o: 1058x54x78mm \u200b\u2022 equipado com um sensor IR, que desliga a\" \/>\n<meta property=\"og:url\" content=\"https:\/\/www.interlampadas.com\/en\/lampadas\/luminarias-2\/germicida-desinfeccao-18\/luminaria-uv-desinfeccao-airzing-30w-c-sensor-inclui-1-lampada-30w-1058x54x78mm\/\" \/>\n<meta property=\"og:site_name\" content=\"Lumen by Interlampadas\" \/>\n<meta property=\"article:publisher\" content=\"https:\/\/www.facebook.com\/interlampadas\" \/>\n<meta property=\"article:modified_time\" content=\"2026-04-30T02:02:29+00:00\" \/>\n<meta property=\"og:image\" content=\"https:\/\/www.interlampadas.com\/wp-content\/uploads\/2021\/06\/15300.jpg\" \/>\n\t<meta property=\"og:image:width\" content=\"800\" \/>\n\t<meta property=\"og:image:height\" content=\"800\" \/>\n\t<meta property=\"og:image:type\" content=\"image\/jpeg\" \/>\n<meta name=\"twitter:card\" content=\"summary_large_image\" \/>\n<meta name=\"twitter:label1\" content=\"Est. reading time\" \/>\n\t<meta name=\"twitter:data1\" content=\"1 minute\" \/>\n<script type=\"application\/ld+json\" class=\"yoast-schema-graph\">{\"@context\":\"https:\/\/schema.org\",\"@graph\":[{\"@type\":\"WebPage\",\"@id\":\"https:\/\/www.interlampadas.com\/en\/lampadas\/luminarias-2\/germicida-desinfeccao-18\/luminaria-uv-desinfeccao-airzing-30w-c-sensor-inclui-1-lampada-30w-1058x54x78mm\/\",\"url\":\"https:\/\/www.interlampadas.com\/en\/lampadas\/luminarias-2\/germicida-desinfeccao-18\/luminaria-uv-desinfeccao-airzing-30w-c-sensor-inclui-1-lampada-30w-1058x54x78mm\/\",\"name\":\"Lumin\u00e1ria UV Desinfec\u00e7\u00e3o Airzing 30W c\/Sensor (inclui 1 L\u00e2mpada 30W) 1058x54x78mm - Lumen by Interlampadas\",\"isPartOf\":{\"@id\":\"https:\/\/www.interlampadas.com\/#website\"},\"primaryImageOfPage\":{\"@id\":\"https:\/\/www.interlampadas.com\/en\/lampadas\/luminarias-2\/germicida-desinfeccao-18\/luminaria-uv-desinfeccao-airzing-30w-c-sensor-inclui-1-lampada-30w-1058x54x78mm\/#primaryimage\"},\"image\":{\"@id\":\"https:\/\/www.interlampadas.com\/en\/lampadas\/luminarias-2\/germicida-desinfeccao-18\/luminaria-uv-desinfeccao-airzing-30w-c-sensor-inclui-1-lampada-30w-1058x54x78mm\/#primaryimage\"},\"thumbnailUrl\":\"https:\/\/www.interlampadas.com\/wp-content\/uploads\/2021\/06\/15300.jpg\",\"datePublished\":\"2021-04-17T16:43:53+00:00\",\"dateModified\":\"2026-04-30T02:02:29+00:00\",\"description\":\"AirZing PRO 5030 OSRAM AirZing 5030 PRO UV-C inclui L\u00e2mpada germicida HNS de 30W Dimens\u00e3o: 1058x54x78mm \u200b\u2022 equipado com um sensor IR, que desliga a\",\"breadcrumb\":{\"@id\":\"https:\/\/www.interlampadas.com\/en\/lampadas\/luminarias-2\/germicida-desinfeccao-18\/luminaria-uv-desinfeccao-airzing-30w-c-sensor-inclui-1-lampada-30w-1058x54x78mm\/#breadcrumb\"},\"inLanguage\":\"en-US\",\"potentialAction\":[{\"@type\":\"ReadAction\",\"target\":[\"https:\/\/www.interlampadas.com\/en\/lampadas\/luminarias-2\/germicida-desinfeccao-18\/luminaria-uv-desinfeccao-airzing-30w-c-sensor-inclui-1-lampada-30w-1058x54x78mm\/\"]}]},{\"@type\":\"ImageObject\",\"inLanguage\":\"en-US\",\"@id\":\"https:\/\/www.interlampadas.com\/en\/lampadas\/luminarias-2\/germicida-desinfeccao-18\/luminaria-uv-desinfeccao-airzing-30w-c-sensor-inclui-1-lampada-30w-1058x54x78mm\/#primaryimage\",\"url\":\"https:\/\/www.interlampadas.com\/wp-content\/uploads\/2021\/06\/15300.jpg\",\"contentUrl\":\"https:\/\/www.interlampadas.com\/wp-content\/uploads\/2021\/06\/15300.jpg\",\"width\":800,\"height\":800,\"caption\":\"Lumin\u00e1ria UV Desinfec\u00e7\u00e3o Airzing 30W c\/Sensor (inclui 1 lampada 30W) 1058x54x78mm\"},{\"@type\":\"BreadcrumbList\",\"@id\":\"https:\/\/www.interlampadas.com\/en\/lampadas\/luminarias-2\/germicida-desinfeccao-18\/luminaria-uv-desinfeccao-airzing-30w-c-sensor-inclui-1-lampada-30w-1058x54x78mm\/#breadcrumb\",\"itemListElement\":[{\"@type\":\"ListItem\",\"position\":1,\"name\":\"Home\",\"item\":\"https:\/\/www.interlampadas.com\/en\/\"},{\"@type\":\"ListItem\",\"position\":2,\"name\":\"Loja\",\"item\":\"https:\/\/www.interlampadas.com\/loja\/\"},{\"@type\":\"ListItem\",\"position\":3,\"name\":\"Lumin\u00e1ria UV Desinfec\u00e7\u00e3o Airzing 30W c\/Sensor (inclui 1 L\u00e2mpada 30W) 1058x54x78mm\"}]},{\"@type\":\"WebSite\",\"@id\":\"https:\/\/www.interlampadas.com\/#website\",\"url\":\"https:\/\/www.interlampadas.com\/\",\"name\":\"Lumen by Interlampadas\",\"description\":\"lampadas\",\"alternateName\":\"Interlampadas\",\"potentialAction\":[{\"@type\":\"SearchAction\",\"target\":{\"@type\":\"EntryPoint\",\"urlTemplate\":\"https:\/\/www.interlampadas.com\/?s={search_term_string}\"},\"query-input\":{\"@type\":\"PropertyValueSpecification\",\"valueRequired\":true,\"valueName\":\"search_term_string\"}}],\"inLanguage\":\"en-US\"}]}<\/script>\n<!-- \/ Yoast SEO plugin. -->","yoast_head_json":{"title":"Lumin\u00e1ria UV Desinfec\u00e7\u00e3o Airzing 30W c\/Sensor (inclui 1 L\u00e2mpada 30W) 1058x54x78mm - Lumen by Interlampadas","description":"AirZing PRO 5030 OSRAM AirZing 5030 PRO UV-C inclui L\u00e2mpada germicida HNS de 30W Dimens\u00e3o: 1058x54x78mm \u200b\u2022 equipado com um sensor IR, que desliga a","robots":{"index":"index","follow":"follow","max-snippet":"max-snippet:-1","max-image-preview":"max-image-preview:large","max-video-preview":"max-video-preview:-1"},"canonical":"https:\/\/www.interlampadas.com\/en\/lampadas\/luminarias-2\/germicida-desinfeccao-18\/luminaria-uv-desinfeccao-airzing-30w-c-sensor-inclui-1-lampada-30w-1058x54x78mm\/","og_locale":"en_US","og_type":"article","og_title":"Lumin\u00e1ria UV Desinfec\u00e7\u00e3o Airzing 30W c\/Sensor (inclui 1 L\u00e2mpada 30W) 1058x54x78mm - Lumen by Interlampadas","og_description":"AirZing PRO 5030 OSRAM AirZing 5030 PRO UV-C inclui L\u00e2mpada germicida HNS de 30W Dimens\u00e3o: 1058x54x78mm \u200b\u2022 equipado com um sensor IR, que desliga a","og_url":"https:\/\/www.interlampadas.com\/en\/lampadas\/luminarias-2\/germicida-desinfeccao-18\/luminaria-uv-desinfeccao-airzing-30w-c-sensor-inclui-1-lampada-30w-1058x54x78mm\/","og_site_name":"Lumen by Interlampadas","article_publisher":"https:\/\/www.facebook.com\/interlampadas","article_modified_time":"2026-04-30T02:02:29+00:00","og_image":[{"width":800,"height":800,"url":"https:\/\/www.interlampadas.com\/wp-content\/uploads\/2021\/06\/15300.jpg","type":"image\/jpeg"}],"twitter_card":"summary_large_image","twitter_misc":{"Est. reading time":"1 minute"},"schema":{"@context":"https:\/\/schema.org","@graph":[{"@type":"WebPage","@id":"https:\/\/www.interlampadas.com\/en\/lampadas\/luminarias-2\/germicida-desinfeccao-18\/luminaria-uv-desinfeccao-airzing-30w-c-sensor-inclui-1-lampada-30w-1058x54x78mm\/","url":"https:\/\/www.interlampadas.com\/en\/lampadas\/luminarias-2\/germicida-desinfeccao-18\/luminaria-uv-desinfeccao-airzing-30w-c-sensor-inclui-1-lampada-30w-1058x54x78mm\/","name":"Lumin\u00e1ria UV Desinfec\u00e7\u00e3o Airzing 30W c\/Sensor (inclui 1 L\u00e2mpada 30W) 1058x54x78mm - Lumen by Interlampadas","isPartOf":{"@id":"https:\/\/www.interlampadas.com\/#website"},"primaryImageOfPage":{"@id":"https:\/\/www.interlampadas.com\/en\/lampadas\/luminarias-2\/germicida-desinfeccao-18\/luminaria-uv-desinfeccao-airzing-30w-c-sensor-inclui-1-lampada-30w-1058x54x78mm\/#primaryimage"},"image":{"@id":"https:\/\/www.interlampadas.com\/en\/lampadas\/luminarias-2\/germicida-desinfeccao-18\/luminaria-uv-desinfeccao-airzing-30w-c-sensor-inclui-1-lampada-30w-1058x54x78mm\/#primaryimage"},"thumbnailUrl":"https:\/\/www.interlampadas.com\/wp-content\/uploads\/2021\/06\/15300.jpg","datePublished":"2021-04-17T16:43:53+00:00","dateModified":"2026-04-30T02:02:29+00:00","description":"AirZing PRO 5030 OSRAM AirZing 5030 PRO UV-C inclui L\u00e2mpada germicida HNS de 30W Dimens\u00e3o: 1058x54x78mm \u200b\u2022 equipado com um sensor IR, que desliga a","breadcrumb":{"@id":"https:\/\/www.interlampadas.com\/en\/lampadas\/luminarias-2\/germicida-desinfeccao-18\/luminaria-uv-desinfeccao-airzing-30w-c-sensor-inclui-1-lampada-30w-1058x54x78mm\/#breadcrumb"},"inLanguage":"en-US","potentialAction":[{"@type":"ReadAction","target":["https:\/\/www.interlampadas.com\/en\/lampadas\/luminarias-2\/germicida-desinfeccao-18\/luminaria-uv-desinfeccao-airzing-30w-c-sensor-inclui-1-lampada-30w-1058x54x78mm\/"]}]},{"@type":"ImageObject","inLanguage":"en-US","@id":"https:\/\/www.interlampadas.com\/en\/lampadas\/luminarias-2\/germicida-desinfeccao-18\/luminaria-uv-desinfeccao-airzing-30w-c-sensor-inclui-1-lampada-30w-1058x54x78mm\/#primaryimage","url":"https:\/\/www.interlampadas.com\/wp-content\/uploads\/2021\/06\/15300.jpg","contentUrl":"https:\/\/www.interlampadas.com\/wp-content\/uploads\/2021\/06\/15300.jpg","width":800,"height":800,"caption":"Lumin\u00e1ria UV Desinfec\u00e7\u00e3o Airzing 30W c\/Sensor (inclui 1 lampada 30W) 1058x54x78mm"},{"@type":"BreadcrumbList","@id":"https:\/\/www.interlampadas.com\/en\/lampadas\/luminarias-2\/germicida-desinfeccao-18\/luminaria-uv-desinfeccao-airzing-30w-c-sensor-inclui-1-lampada-30w-1058x54x78mm\/#breadcrumb","itemListElement":[{"@type":"ListItem","position":1,"name":"Home","item":"https:\/\/www.interlampadas.com\/en\/"},{"@type":"ListItem","position":2,"name":"Loja","item":"https:\/\/www.interlampadas.com\/loja\/"},{"@type":"ListItem","position":3,"name":"Lumin\u00e1ria UV Desinfec\u00e7\u00e3o Airzing 30W c\/Sensor (inclui 1 L\u00e2mpada 30W) 1058x54x78mm"}]},{"@type":"WebSite","@id":"https:\/\/www.interlampadas.com\/#website","url":"https:\/\/www.interlampadas.com\/","name":"Lumen by Interlampadas","description":"lampadas","alternateName":"Interlampadas","potentialAction":[{"@type":"SearchAction","target":{"@type":"EntryPoint","urlTemplate":"https:\/\/www.interlampadas.com\/?s={search_term_string}"},"query-input":{"@type":"PropertyValueSpecification","valueRequired":true,"valueName":"search_term_string"}}],"inLanguage":"en-US"}]}},"brands":[{"id":273,"name":"OSRAM","slug":"osram"}],"_links":{"self":[{"href":"https:\/\/www.interlampadas.com\/en\/wp-json\/wp\/v2\/product\/13844","targetHints":{"allow":["GET"]}}],"collection":[{"href":"https:\/\/www.interlampadas.com\/en\/wp-json\/wp\/v2\/product"}],"about":[{"href":"https:\/\/www.interlampadas.com\/en\/wp-json\/wp\/v2\/types\/product"}],"replies":[{"embeddable":true,"href":"https:\/\/www.interlampadas.com\/en\/wp-json\/wp\/v2\/comments?post=13844"}],"wp:featuredmedia":[{"embeddable":true,"href":"https:\/\/www.interlampadas.com\/en\/wp-json\/wp\/v2\/media\/16425"}],"wp:attachment":[{"href":"https:\/\/www.interlampadas.com\/en\/wp-json\/wp\/v2\/media?parent=13844"}],"wp:term":[{"taxonomy":"pwb-brand","embeddable":true,"href":"https:\/\/www.interlampadas.com\/en\/wp-json\/wp\/v2\/pwb-brand?post=13844"},{"taxonomy":"product_brand","embeddable":true,"href":"https:\/\/www.interlampadas.com\/en\/wp-json\/wp\/v2\/product_brand?post=13844"},{"taxonomy":"product_cat","embeddable":true,"href":"https:\/\/www.interlampadas.com\/en\/wp-json\/wp\/v2\/product_cat?post=13844"},{"taxonomy":"product_tag","embeddable":true,"href":"https:\/\/www.interlampadas.com\/en\/wp-json\/wp\/v2\/product_tag?post=13844"}],"curies":[{"name":"wp","href":"https:\/\/api.w.org\/{rel}","templated":true}]}}