{"id":13552,"date":"2021-04-17T17:43:14","date_gmt":"2021-04-17T16:43:14","guid":{"rendered":"https:\/\/www.interlampadas.com\/lampadas\/sem%20categoria\/descarga-osram-xbo-r180w-45c-prt073\/"},"modified":"2026-04-29T02:52:17","modified_gmt":"2026-04-29T01:52:17","slug":"descarga-180w-osram-xbo-r180w-45c-lampada-prt073","status":"publish","type":"product","link":"https:\/\/www.interlampadas.com\/en\/lampadas\/lampadas-1\/utilizacao-especifica-51\/medicina-56\/microscopios-varios-363\/descarga-180w-osram-xbo-r180w-45c-lampada-prt073\/","title":{"rendered":"Descarga 180W Osram XBO R180W\/45C L\u00e2mpada PRT073"},"content":{"rendered":"<p>Lampada EAN 4052899315198 OSRAM XBO R 180W \/ 45C OFR<br \/>  microscopio Carl Zeiss Opmi Lumera T<br \/>  fonte de luz WOLF 0 05886<br \/>  407.309 para microsc\u00f3pio CARL ZEISS<br \/>  microsc\u00f3pio oftalmologico<br \/>  Area de aplica\u00e7\u00e3o:<br \/>  Medicina, sa\u00fade e ci\u00eancia<br \/>  &#8211; Cirurgia, salas de opera\u00e7\u00e3o<br \/>  &#8211; Microsc\u00f3picos<br \/>  Descri\u00e7\u00e3o:<br \/>  \u2022 Lumin\u00e2ncia muito alta (fonte de luz pontual)<br \/>  \u2022 Qualidade de cor cont\u00ednua, independentemente do tipo e pot\u00eancia da l\u00e2mpada<br \/>  \u2022 Cor da luz constante ao longo da vida \u00fatil da l\u00e2mpada<br \/>  \u2022 Longa vida \u00fatil da l\u00e2mpada<br \/>  \u2022 Temperatura de cor: aprox. 6.000 K (luz do dia)<br \/>  \u2022 Alto \u00edndice de renderiza\u00e7\u00e3o de cores: Ra&gt; 95<br \/>  \u2022 Alta estabilidade de arco<br \/>  \u2022 Capacidade de reinicializa\u00e7\u00e3o a quente<br \/>  \u2022 Dimmable<br \/>  \u2022 Luz instant\u00e2nea ao iniciar<br \/>  \u2022 Espectro cont\u00ednuo na faixa vis\u00edvel<\/p>\n","protected":false},"excerpt":{"rendered":"<p>Lampada EAN 4052899315198 OSRAM XBO R 180W \/ 45C OFR microscopio Carl Zeiss Opmi Lumera T fonte de luz WOLF 0 05886 407.309 para microsc\u00f3pio CARL ZEISS microsc\u00f3pio<\/p>\n","protected":false},"featured_media":15886,"comment_status":"open","ping_status":"closed","template":"","meta":{"_acf_changed":false},"pwb-brand":[273],"product_brand":[],"product_cat":[157],"product_tag":[],"class_list":{"0":"post-13552","1":"product","2":"type-product","3":"status-publish","4":"has-post-thumbnail","6":"pwb-brand-osram","7":"product_cat-microscopios-varios-363","9":"first","10":"outofstock","11":"shipping-taxable","12":"purchasable","13":"product-type-simple"},"acf":[],"yoast_head":"<!-- This site is optimized with the Yoast SEO plugin v27.0 - https:\/\/yoast.com\/product\/yoast-seo-wordpress\/ -->\n<title>Descarga 180W Osram XBO R180W\/45C L\u00e2mpada PRT073 - Lumen by Interlampadas<\/title>\n<meta name=\"description\" content=\"Lampada EAN 4052899315198 OSRAM XBO R 180W \/ 45C OFR microscopio Carl Zeiss Opmi Lumera T fonte de luz WOLF 0 05886 407.309 para microsc\u00f3pio CARL ZEISS\" \/>\n<meta name=\"robots\" content=\"index, follow, max-snippet:-1, max-image-preview:large, max-video-preview:-1\" \/>\n<link rel=\"canonical\" href=\"https:\/\/www.interlampadas.com\/en\/lampadas\/lampadas-1\/utilizacao-especifica-51\/medicina-56\/microscopios-varios-363\/descarga-180w-osram-xbo-r180w-45c-lampada-prt073\/\" \/>\n<meta property=\"og:locale\" content=\"en_US\" \/>\n<meta property=\"og:type\" content=\"article\" \/>\n<meta property=\"og:title\" content=\"Descarga 180W Osram XBO R180W\/45C L\u00e2mpada PRT073 - Lumen by Interlampadas\" \/>\n<meta property=\"og:description\" content=\"Lampada EAN 4052899315198 OSRAM XBO R 180W \/ 45C OFR microscopio Carl Zeiss Opmi Lumera T fonte de luz WOLF 0 05886 407.309 para microsc\u00f3pio CARL ZEISS\" \/>\n<meta property=\"og:url\" content=\"https:\/\/www.interlampadas.com\/en\/lampadas\/lampadas-1\/utilizacao-especifica-51\/medicina-56\/microscopios-varios-363\/descarga-180w-osram-xbo-r180w-45c-lampada-prt073\/\" \/>\n<meta property=\"og:site_name\" content=\"Lumen by Interlampadas\" \/>\n<meta property=\"article:publisher\" content=\"https:\/\/www.facebook.com\/interlampadas\" \/>\n<meta property=\"article:modified_time\" content=\"2026-04-29T01:52:17+00:00\" \/>\n<meta property=\"og:image\" content=\"https:\/\/www.interlampadas.com\/wp-content\/uploads\/2021\/04\/7464-1.jpg\" \/>\n\t<meta property=\"og:image:width\" content=\"700\" \/>\n\t<meta property=\"og:image:height\" content=\"800\" \/>\n\t<meta property=\"og:image:type\" content=\"image\/jpeg\" \/>\n<meta name=\"twitter:card\" content=\"summary_large_image\" \/>\n<meta name=\"twitter:label1\" content=\"Est. reading time\" \/>\n\t<meta name=\"twitter:data1\" content=\"1 minute\" \/>\n<script type=\"application\/ld+json\" class=\"yoast-schema-graph\">{\"@context\":\"https:\/\/schema.org\",\"@graph\":[{\"@type\":\"WebPage\",\"@id\":\"https:\/\/www.interlampadas.com\/en\/lampadas\/lampadas-1\/utilizacao-especifica-51\/medicina-56\/microscopios-varios-363\/descarga-180w-osram-xbo-r180w-45c-lampada-prt073\/\",\"url\":\"https:\/\/www.interlampadas.com\/en\/lampadas\/lampadas-1\/utilizacao-especifica-51\/medicina-56\/microscopios-varios-363\/descarga-180w-osram-xbo-r180w-45c-lampada-prt073\/\",\"name\":\"Descarga 180W Osram XBO R180W\/45C L\u00e2mpada PRT073 - Lumen by Interlampadas\",\"isPartOf\":{\"@id\":\"https:\/\/www.interlampadas.com\/#website\"},\"primaryImageOfPage\":{\"@id\":\"https:\/\/www.interlampadas.com\/en\/lampadas\/lampadas-1\/utilizacao-especifica-51\/medicina-56\/microscopios-varios-363\/descarga-180w-osram-xbo-r180w-45c-lampada-prt073\/#primaryimage\"},\"image\":{\"@id\":\"https:\/\/www.interlampadas.com\/en\/lampadas\/lampadas-1\/utilizacao-especifica-51\/medicina-56\/microscopios-varios-363\/descarga-180w-osram-xbo-r180w-45c-lampada-prt073\/#primaryimage\"},\"thumbnailUrl\":\"https:\/\/www.interlampadas.com\/wp-content\/uploads\/2021\/04\/7464-1.jpg\",\"datePublished\":\"2021-04-17T16:43:14+00:00\",\"dateModified\":\"2026-04-29T01:52:17+00:00\",\"description\":\"Lampada EAN 4052899315198 OSRAM XBO R 180W \/ 45C OFR microscopio Carl Zeiss Opmi Lumera T fonte de luz WOLF 0 05886 407.309 para microsc\u00f3pio CARL ZEISS\",\"breadcrumb\":{\"@id\":\"https:\/\/www.interlampadas.com\/en\/lampadas\/lampadas-1\/utilizacao-especifica-51\/medicina-56\/microscopios-varios-363\/descarga-180w-osram-xbo-r180w-45c-lampada-prt073\/#breadcrumb\"},\"inLanguage\":\"en-US\",\"potentialAction\":[{\"@type\":\"ReadAction\",\"target\":[\"https:\/\/www.interlampadas.com\/en\/lampadas\/lampadas-1\/utilizacao-especifica-51\/medicina-56\/microscopios-varios-363\/descarga-180w-osram-xbo-r180w-45c-lampada-prt073\/\"]}]},{\"@type\":\"ImageObject\",\"inLanguage\":\"en-US\",\"@id\":\"https:\/\/www.interlampadas.com\/en\/lampadas\/lampadas-1\/utilizacao-especifica-51\/medicina-56\/microscopios-varios-363\/descarga-180w-osram-xbo-r180w-45c-lampada-prt073\/#primaryimage\",\"url\":\"https:\/\/www.interlampadas.com\/wp-content\/uploads\/2021\/04\/7464-1.jpg\",\"contentUrl\":\"https:\/\/www.interlampadas.com\/wp-content\/uploads\/2021\/04\/7464-1.jpg\",\"width\":700,\"height\":800,\"caption\":\"Descarga Osram XBO R180W\/45C PRT073\"},{\"@type\":\"BreadcrumbList\",\"@id\":\"https:\/\/www.interlampadas.com\/en\/lampadas\/lampadas-1\/utilizacao-especifica-51\/medicina-56\/microscopios-varios-363\/descarga-180w-osram-xbo-r180w-45c-lampada-prt073\/#breadcrumb\",\"itemListElement\":[{\"@type\":\"ListItem\",\"position\":1,\"name\":\"Home\",\"item\":\"https:\/\/www.interlampadas.com\/en\/\"},{\"@type\":\"ListItem\",\"position\":2,\"name\":\"Loja\",\"item\":\"https:\/\/www.interlampadas.com\/loja\/\"},{\"@type\":\"ListItem\",\"position\":3,\"name\":\"Descarga 180W Osram XBO R180W\/45C L\u00e2mpada PRT073\"}]},{\"@type\":\"WebSite\",\"@id\":\"https:\/\/www.interlampadas.com\/#website\",\"url\":\"https:\/\/www.interlampadas.com\/\",\"name\":\"Lumen by Interlampadas\",\"description\":\"lampadas\",\"alternateName\":\"Interlampadas\",\"potentialAction\":[{\"@type\":\"SearchAction\",\"target\":{\"@type\":\"EntryPoint\",\"urlTemplate\":\"https:\/\/www.interlampadas.com\/?s={search_term_string}\"},\"query-input\":{\"@type\":\"PropertyValueSpecification\",\"valueRequired\":true,\"valueName\":\"search_term_string\"}}],\"inLanguage\":\"en-US\"}]}<\/script>\n<!-- \/ Yoast SEO plugin. -->","yoast_head_json":{"title":"Descarga 180W Osram XBO R180W\/45C L\u00e2mpada PRT073 - Lumen by Interlampadas","description":"Lampada EAN 4052899315198 OSRAM XBO R 180W \/ 45C OFR microscopio Carl Zeiss Opmi Lumera T fonte de luz WOLF 0 05886 407.309 para microsc\u00f3pio CARL ZEISS","robots":{"index":"index","follow":"follow","max-snippet":"max-snippet:-1","max-image-preview":"max-image-preview:large","max-video-preview":"max-video-preview:-1"},"canonical":"https:\/\/www.interlampadas.com\/en\/lampadas\/lampadas-1\/utilizacao-especifica-51\/medicina-56\/microscopios-varios-363\/descarga-180w-osram-xbo-r180w-45c-lampada-prt073\/","og_locale":"en_US","og_type":"article","og_title":"Descarga 180W Osram XBO R180W\/45C L\u00e2mpada PRT073 - Lumen by Interlampadas","og_description":"Lampada EAN 4052899315198 OSRAM XBO R 180W \/ 45C OFR microscopio Carl Zeiss Opmi Lumera T fonte de luz WOLF 0 05886 407.309 para microsc\u00f3pio CARL ZEISS","og_url":"https:\/\/www.interlampadas.com\/en\/lampadas\/lampadas-1\/utilizacao-especifica-51\/medicina-56\/microscopios-varios-363\/descarga-180w-osram-xbo-r180w-45c-lampada-prt073\/","og_site_name":"Lumen by Interlampadas","article_publisher":"https:\/\/www.facebook.com\/interlampadas","article_modified_time":"2026-04-29T01:52:17+00:00","og_image":[{"width":700,"height":800,"url":"https:\/\/www.interlampadas.com\/wp-content\/uploads\/2021\/04\/7464-1.jpg","type":"image\/jpeg"}],"twitter_card":"summary_large_image","twitter_misc":{"Est. reading time":"1 minute"},"schema":{"@context":"https:\/\/schema.org","@graph":[{"@type":"WebPage","@id":"https:\/\/www.interlampadas.com\/en\/lampadas\/lampadas-1\/utilizacao-especifica-51\/medicina-56\/microscopios-varios-363\/descarga-180w-osram-xbo-r180w-45c-lampada-prt073\/","url":"https:\/\/www.interlampadas.com\/en\/lampadas\/lampadas-1\/utilizacao-especifica-51\/medicina-56\/microscopios-varios-363\/descarga-180w-osram-xbo-r180w-45c-lampada-prt073\/","name":"Descarga 180W Osram XBO R180W\/45C L\u00e2mpada PRT073 - Lumen by Interlampadas","isPartOf":{"@id":"https:\/\/www.interlampadas.com\/#website"},"primaryImageOfPage":{"@id":"https:\/\/www.interlampadas.com\/en\/lampadas\/lampadas-1\/utilizacao-especifica-51\/medicina-56\/microscopios-varios-363\/descarga-180w-osram-xbo-r180w-45c-lampada-prt073\/#primaryimage"},"image":{"@id":"https:\/\/www.interlampadas.com\/en\/lampadas\/lampadas-1\/utilizacao-especifica-51\/medicina-56\/microscopios-varios-363\/descarga-180w-osram-xbo-r180w-45c-lampada-prt073\/#primaryimage"},"thumbnailUrl":"https:\/\/www.interlampadas.com\/wp-content\/uploads\/2021\/04\/7464-1.jpg","datePublished":"2021-04-17T16:43:14+00:00","dateModified":"2026-04-29T01:52:17+00:00","description":"Lampada EAN 4052899315198 OSRAM XBO R 180W \/ 45C OFR microscopio Carl Zeiss Opmi Lumera T fonte de luz WOLF 0 05886 407.309 para microsc\u00f3pio CARL ZEISS","breadcrumb":{"@id":"https:\/\/www.interlampadas.com\/en\/lampadas\/lampadas-1\/utilizacao-especifica-51\/medicina-56\/microscopios-varios-363\/descarga-180w-osram-xbo-r180w-45c-lampada-prt073\/#breadcrumb"},"inLanguage":"en-US","potentialAction":[{"@type":"ReadAction","target":["https:\/\/www.interlampadas.com\/en\/lampadas\/lampadas-1\/utilizacao-especifica-51\/medicina-56\/microscopios-varios-363\/descarga-180w-osram-xbo-r180w-45c-lampada-prt073\/"]}]},{"@type":"ImageObject","inLanguage":"en-US","@id":"https:\/\/www.interlampadas.com\/en\/lampadas\/lampadas-1\/utilizacao-especifica-51\/medicina-56\/microscopios-varios-363\/descarga-180w-osram-xbo-r180w-45c-lampada-prt073\/#primaryimage","url":"https:\/\/www.interlampadas.com\/wp-content\/uploads\/2021\/04\/7464-1.jpg","contentUrl":"https:\/\/www.interlampadas.com\/wp-content\/uploads\/2021\/04\/7464-1.jpg","width":700,"height":800,"caption":"Descarga Osram XBO R180W\/45C PRT073"},{"@type":"BreadcrumbList","@id":"https:\/\/www.interlampadas.com\/en\/lampadas\/lampadas-1\/utilizacao-especifica-51\/medicina-56\/microscopios-varios-363\/descarga-180w-osram-xbo-r180w-45c-lampada-prt073\/#breadcrumb","itemListElement":[{"@type":"ListItem","position":1,"name":"Home","item":"https:\/\/www.interlampadas.com\/en\/"},{"@type":"ListItem","position":2,"name":"Loja","item":"https:\/\/www.interlampadas.com\/loja\/"},{"@type":"ListItem","position":3,"name":"Descarga 180W Osram XBO R180W\/45C L\u00e2mpada PRT073"}]},{"@type":"WebSite","@id":"https:\/\/www.interlampadas.com\/#website","url":"https:\/\/www.interlampadas.com\/","name":"Lumen by Interlampadas","description":"lampadas","alternateName":"Interlampadas","potentialAction":[{"@type":"SearchAction","target":{"@type":"EntryPoint","urlTemplate":"https:\/\/www.interlampadas.com\/?s={search_term_string}"},"query-input":{"@type":"PropertyValueSpecification","valueRequired":true,"valueName":"search_term_string"}}],"inLanguage":"en-US"}]}},"brands":[{"id":273,"name":"OSRAM","slug":"osram"}],"_links":{"self":[{"href":"https:\/\/www.interlampadas.com\/en\/wp-json\/wp\/v2\/product\/13552","targetHints":{"allow":["GET"]}}],"collection":[{"href":"https:\/\/www.interlampadas.com\/en\/wp-json\/wp\/v2\/product"}],"about":[{"href":"https:\/\/www.interlampadas.com\/en\/wp-json\/wp\/v2\/types\/product"}],"replies":[{"embeddable":true,"href":"https:\/\/www.interlampadas.com\/en\/wp-json\/wp\/v2\/comments?post=13552"}],"wp:featuredmedia":[{"embeddable":true,"href":"https:\/\/www.interlampadas.com\/en\/wp-json\/wp\/v2\/media\/15886"}],"wp:attachment":[{"href":"https:\/\/www.interlampadas.com\/en\/wp-json\/wp\/v2\/media?parent=13552"}],"wp:term":[{"taxonomy":"pwb-brand","embeddable":true,"href":"https:\/\/www.interlampadas.com\/en\/wp-json\/wp\/v2\/pwb-brand?post=13552"},{"taxonomy":"product_brand","embeddable":true,"href":"https:\/\/www.interlampadas.com\/en\/wp-json\/wp\/v2\/product_brand?post=13552"},{"taxonomy":"product_cat","embeddable":true,"href":"https:\/\/www.interlampadas.com\/en\/wp-json\/wp\/v2\/product_cat?post=13552"},{"taxonomy":"product_tag","embeddable":true,"href":"https:\/\/www.interlampadas.com\/en\/wp-json\/wp\/v2\/product_tag?post=13552"}],"curies":[{"name":"wp","href":"https:\/\/api.w.org\/{rel}","templated":true}]}}