{"id":13536,"date":"2021-04-17T17:43:12","date_gmt":"2021-04-17T16:43:12","guid":{"rendered":"https:\/\/www.interlampadas.com\/lampadas\/sem%20categoria\/wt-28v-40ma-wedge-5x18-prt393\/"},"modified":"2025-10-09T02:53:34","modified_gmt":"2025-10-09T01:53:34","slug":"w2x4-6d-28v-40ma-1-12w-5x20mm-t5-wedge-lampada-prt399","status":"publish","type":"product","link":"https:\/\/www.interlampadas.com\/en\/lampadas\/lampadas-1\/miniaturas-228\/outros-formatos-ou-funcionalidades-350\/w2x4-6d-28v-40ma-1-12w-5x20mm-t5-wedge-lampada-prt399\/","title":{"rendered":"W2X4.6D 28V 40mA 1.12W 5x20mm T5 Wedge L\u00e2mpada PRT399"},"content":{"rendered":"<p>L\u00e2mpada miniatura sinaliza\u00e7\u00e3o<br \/>5x18mm<\/p>\n<p>  T5 Wedge 28V 40mA 1.12W 10000h C-2F<br \/>  Article number WB20280401<br \/>  Subminiature 85 T5 Wedge-Base W2X4.6D 5x20mm 28V 40mA 0.04A 1.12W Clear 10000h C-2F Indication- and signalling lamp<\/p>\n","protected":false},"excerpt":{"rendered":"<p>L\u00e2mpada miniatura sinaliza\u00e7\u00e3o5x18mm T5 Wedge 28V 40mA 1.12W 10000h C-2F Article number WB20280401 Subminiature 85 T5 Wedge-Base W2X4.6D 5x20mm 28V 40mA 0.04A 1.12W<\/p>\n","protected":false},"featured_media":24054,"comment_status":"open","ping_status":"closed","template":"","meta":{"_acf_changed":false},"pwb-brand":[],"product_brand":[],"product_cat":[252],"product_tag":[],"class_list":{"0":"post-13536","1":"product","2":"type-product","3":"status-publish","4":"has-post-thumbnail","6":"product_cat-outros-formatos-ou-funcionalidades-350","8":"first","9":"instock","10":"shipping-taxable","11":"purchasable","12":"product-type-simple"},"acf":[],"yoast_head":"<!-- This site is optimized with the Yoast SEO plugin v27.0 - https:\/\/yoast.com\/product\/yoast-seo-wordpress\/ -->\n<title>W2X4.6D 28V 40mA 1.12W 5x20mm T5 Wedge L\u00e2mpada PRT399 - Lumen by Interlampadas<\/title>\n<meta name=\"description\" content=\"L\u00e2mpada miniatura sinaliza\u00e7\u00e3o5x18mm T5 Wedge 28V 40mA 1.12W 10000h C-2F Article number WB20280401 Subminiature 85 T5 Wedge-Base W2X4.6D 5x20mm 28V 40mA\" \/>\n<meta name=\"robots\" content=\"index, follow, max-snippet:-1, max-image-preview:large, max-video-preview:-1\" \/>\n<link rel=\"canonical\" href=\"https:\/\/www.interlampadas.com\/en\/lampadas\/lampadas-1\/miniaturas-228\/outros-formatos-ou-funcionalidades-350\/w2x4-6d-28v-40ma-1-12w-5x20mm-t5-wedge-lampada-prt399\/\" \/>\n<meta property=\"og:locale\" content=\"en_US\" \/>\n<meta property=\"og:type\" content=\"article\" \/>\n<meta property=\"og:title\" content=\"W2X4.6D 28V 40mA 1.12W 5x20mm T5 Wedge L\u00e2mpada PRT399 - Lumen by Interlampadas\" \/>\n<meta property=\"og:description\" content=\"L\u00e2mpada miniatura sinaliza\u00e7\u00e3o5x18mm T5 Wedge 28V 40mA 1.12W 10000h C-2F Article number WB20280401 Subminiature 85 T5 Wedge-Base W2X4.6D 5x20mm 28V 40mA\" \/>\n<meta property=\"og:url\" content=\"https:\/\/www.interlampadas.com\/en\/lampadas\/lampadas-1\/miniaturas-228\/outros-formatos-ou-funcionalidades-350\/w2x4-6d-28v-40ma-1-12w-5x20mm-t5-wedge-lampada-prt399\/\" \/>\n<meta property=\"og:site_name\" content=\"Lumen by Interlampadas\" \/>\n<meta property=\"article:publisher\" content=\"https:\/\/www.facebook.com\/interlampadas\" \/>\n<meta property=\"article:modified_time\" content=\"2025-10-09T01:53:34+00:00\" \/>\n<meta property=\"og:image\" content=\"https:\/\/www.interlampadas.com\/wp-content\/uploads\/2022\/06\/10182.jpg\" \/>\n\t<meta property=\"og:image:width\" content=\"800\" \/>\n\t<meta property=\"og:image:height\" content=\"800\" \/>\n\t<meta property=\"og:image:type\" content=\"image\/jpeg\" \/>\n<meta name=\"twitter:card\" content=\"summary_large_image\" \/>\n<script type=\"application\/ld+json\" class=\"yoast-schema-graph\">{\"@context\":\"https:\/\/schema.org\",\"@graph\":[{\"@type\":\"WebPage\",\"@id\":\"https:\/\/www.interlampadas.com\/en\/lampadas\/lampadas-1\/miniaturas-228\/outros-formatos-ou-funcionalidades-350\/w2x4-6d-28v-40ma-1-12w-5x20mm-t5-wedge-lampada-prt399\/\",\"url\":\"https:\/\/www.interlampadas.com\/en\/lampadas\/lampadas-1\/miniaturas-228\/outros-formatos-ou-funcionalidades-350\/w2x4-6d-28v-40ma-1-12w-5x20mm-t5-wedge-lampada-prt399\/\",\"name\":\"W2X4.6D 28V 40mA 1.12W 5x20mm T5 Wedge L\u00e2mpada PRT399 - Lumen by Interlampadas\",\"isPartOf\":{\"@id\":\"https:\/\/www.interlampadas.com\/#website\"},\"primaryImageOfPage\":{\"@id\":\"https:\/\/www.interlampadas.com\/en\/lampadas\/lampadas-1\/miniaturas-228\/outros-formatos-ou-funcionalidades-350\/w2x4-6d-28v-40ma-1-12w-5x20mm-t5-wedge-lampada-prt399\/#primaryimage\"},\"image\":{\"@id\":\"https:\/\/www.interlampadas.com\/en\/lampadas\/lampadas-1\/miniaturas-228\/outros-formatos-ou-funcionalidades-350\/w2x4-6d-28v-40ma-1-12w-5x20mm-t5-wedge-lampada-prt399\/#primaryimage\"},\"thumbnailUrl\":\"https:\/\/www.interlampadas.com\/wp-content\/uploads\/2022\/06\/10182.jpg\",\"datePublished\":\"2021-04-17T16:43:12+00:00\",\"dateModified\":\"2025-10-09T01:53:34+00:00\",\"description\":\"L\u00e2mpada miniatura sinaliza\u00e7\u00e3o5x18mm T5 Wedge 28V 40mA 1.12W 10000h C-2F Article number WB20280401 Subminiature 85 T5 Wedge-Base W2X4.6D 5x20mm 28V 40mA\",\"breadcrumb\":{\"@id\":\"https:\/\/www.interlampadas.com\/en\/lampadas\/lampadas-1\/miniaturas-228\/outros-formatos-ou-funcionalidades-350\/w2x4-6d-28v-40ma-1-12w-5x20mm-t5-wedge-lampada-prt399\/#breadcrumb\"},\"inLanguage\":\"en-US\",\"potentialAction\":[{\"@type\":\"ReadAction\",\"target\":[\"https:\/\/www.interlampadas.com\/en\/lampadas\/lampadas-1\/miniaturas-228\/outros-formatos-ou-funcionalidades-350\/w2x4-6d-28v-40ma-1-12w-5x20mm-t5-wedge-lampada-prt399\/\"]}]},{\"@type\":\"ImageObject\",\"inLanguage\":\"en-US\",\"@id\":\"https:\/\/www.interlampadas.com\/en\/lampadas\/lampadas-1\/miniaturas-228\/outros-formatos-ou-funcionalidades-350\/w2x4-6d-28v-40ma-1-12w-5x20mm-t5-wedge-lampada-prt399\/#primaryimage\",\"url\":\"https:\/\/www.interlampadas.com\/wp-content\/uploads\/2022\/06\/10182.jpg\",\"contentUrl\":\"https:\/\/www.interlampadas.com\/wp-content\/uploads\/2022\/06\/10182.jpg\",\"width\":800,\"height\":800,\"caption\":\"WT 28v 40mA Wedge 5x18 PRT393\"},{\"@type\":\"BreadcrumbList\",\"@id\":\"https:\/\/www.interlampadas.com\/en\/lampadas\/lampadas-1\/miniaturas-228\/outros-formatos-ou-funcionalidades-350\/w2x4-6d-28v-40ma-1-12w-5x20mm-t5-wedge-lampada-prt399\/#breadcrumb\",\"itemListElement\":[{\"@type\":\"ListItem\",\"position\":1,\"name\":\"Home\",\"item\":\"https:\/\/www.interlampadas.com\/en\/\"},{\"@type\":\"ListItem\",\"position\":2,\"name\":\"Loja\",\"item\":\"https:\/\/www.interlampadas.com\/loja\/\"},{\"@type\":\"ListItem\",\"position\":3,\"name\":\"W2X4.6D 28V 40mA 1.12W 5x20mm T5 Wedge L\u00e2mpada PRT399\"}]},{\"@type\":\"WebSite\",\"@id\":\"https:\/\/www.interlampadas.com\/#website\",\"url\":\"https:\/\/www.interlampadas.com\/\",\"name\":\"Lumen by Interlampadas\",\"description\":\"lampadas\",\"alternateName\":\"Interlampadas\",\"potentialAction\":[{\"@type\":\"SearchAction\",\"target\":{\"@type\":\"EntryPoint\",\"urlTemplate\":\"https:\/\/www.interlampadas.com\/?s={search_term_string}\"},\"query-input\":{\"@type\":\"PropertyValueSpecification\",\"valueRequired\":true,\"valueName\":\"search_term_string\"}}],\"inLanguage\":\"en-US\"}]}<\/script>\n<!-- \/ Yoast SEO plugin. -->","yoast_head_json":{"title":"W2X4.6D 28V 40mA 1.12W 5x20mm T5 Wedge L\u00e2mpada PRT399 - Lumen by Interlampadas","description":"L\u00e2mpada miniatura sinaliza\u00e7\u00e3o5x18mm T5 Wedge 28V 40mA 1.12W 10000h C-2F Article number WB20280401 Subminiature 85 T5 Wedge-Base W2X4.6D 5x20mm 28V 40mA","robots":{"index":"index","follow":"follow","max-snippet":"max-snippet:-1","max-image-preview":"max-image-preview:large","max-video-preview":"max-video-preview:-1"},"canonical":"https:\/\/www.interlampadas.com\/en\/lampadas\/lampadas-1\/miniaturas-228\/outros-formatos-ou-funcionalidades-350\/w2x4-6d-28v-40ma-1-12w-5x20mm-t5-wedge-lampada-prt399\/","og_locale":"en_US","og_type":"article","og_title":"W2X4.6D 28V 40mA 1.12W 5x20mm T5 Wedge L\u00e2mpada PRT399 - Lumen by Interlampadas","og_description":"L\u00e2mpada miniatura sinaliza\u00e7\u00e3o5x18mm T5 Wedge 28V 40mA 1.12W 10000h C-2F Article number WB20280401 Subminiature 85 T5 Wedge-Base W2X4.6D 5x20mm 28V 40mA","og_url":"https:\/\/www.interlampadas.com\/en\/lampadas\/lampadas-1\/miniaturas-228\/outros-formatos-ou-funcionalidades-350\/w2x4-6d-28v-40ma-1-12w-5x20mm-t5-wedge-lampada-prt399\/","og_site_name":"Lumen by Interlampadas","article_publisher":"https:\/\/www.facebook.com\/interlampadas","article_modified_time":"2025-10-09T01:53:34+00:00","og_image":[{"width":800,"height":800,"url":"https:\/\/www.interlampadas.com\/wp-content\/uploads\/2022\/06\/10182.jpg","type":"image\/jpeg"}],"twitter_card":"summary_large_image","schema":{"@context":"https:\/\/schema.org","@graph":[{"@type":"WebPage","@id":"https:\/\/www.interlampadas.com\/en\/lampadas\/lampadas-1\/miniaturas-228\/outros-formatos-ou-funcionalidades-350\/w2x4-6d-28v-40ma-1-12w-5x20mm-t5-wedge-lampada-prt399\/","url":"https:\/\/www.interlampadas.com\/en\/lampadas\/lampadas-1\/miniaturas-228\/outros-formatos-ou-funcionalidades-350\/w2x4-6d-28v-40ma-1-12w-5x20mm-t5-wedge-lampada-prt399\/","name":"W2X4.6D 28V 40mA 1.12W 5x20mm T5 Wedge L\u00e2mpada PRT399 - Lumen by Interlampadas","isPartOf":{"@id":"https:\/\/www.interlampadas.com\/#website"},"primaryImageOfPage":{"@id":"https:\/\/www.interlampadas.com\/en\/lampadas\/lampadas-1\/miniaturas-228\/outros-formatos-ou-funcionalidades-350\/w2x4-6d-28v-40ma-1-12w-5x20mm-t5-wedge-lampada-prt399\/#primaryimage"},"image":{"@id":"https:\/\/www.interlampadas.com\/en\/lampadas\/lampadas-1\/miniaturas-228\/outros-formatos-ou-funcionalidades-350\/w2x4-6d-28v-40ma-1-12w-5x20mm-t5-wedge-lampada-prt399\/#primaryimage"},"thumbnailUrl":"https:\/\/www.interlampadas.com\/wp-content\/uploads\/2022\/06\/10182.jpg","datePublished":"2021-04-17T16:43:12+00:00","dateModified":"2025-10-09T01:53:34+00:00","description":"L\u00e2mpada miniatura sinaliza\u00e7\u00e3o5x18mm T5 Wedge 28V 40mA 1.12W 10000h C-2F Article number WB20280401 Subminiature 85 T5 Wedge-Base W2X4.6D 5x20mm 28V 40mA","breadcrumb":{"@id":"https:\/\/www.interlampadas.com\/en\/lampadas\/lampadas-1\/miniaturas-228\/outros-formatos-ou-funcionalidades-350\/w2x4-6d-28v-40ma-1-12w-5x20mm-t5-wedge-lampada-prt399\/#breadcrumb"},"inLanguage":"en-US","potentialAction":[{"@type":"ReadAction","target":["https:\/\/www.interlampadas.com\/en\/lampadas\/lampadas-1\/miniaturas-228\/outros-formatos-ou-funcionalidades-350\/w2x4-6d-28v-40ma-1-12w-5x20mm-t5-wedge-lampada-prt399\/"]}]},{"@type":"ImageObject","inLanguage":"en-US","@id":"https:\/\/www.interlampadas.com\/en\/lampadas\/lampadas-1\/miniaturas-228\/outros-formatos-ou-funcionalidades-350\/w2x4-6d-28v-40ma-1-12w-5x20mm-t5-wedge-lampada-prt399\/#primaryimage","url":"https:\/\/www.interlampadas.com\/wp-content\/uploads\/2022\/06\/10182.jpg","contentUrl":"https:\/\/www.interlampadas.com\/wp-content\/uploads\/2022\/06\/10182.jpg","width":800,"height":800,"caption":"WT 28v 40mA Wedge 5x18 PRT393"},{"@type":"BreadcrumbList","@id":"https:\/\/www.interlampadas.com\/en\/lampadas\/lampadas-1\/miniaturas-228\/outros-formatos-ou-funcionalidades-350\/w2x4-6d-28v-40ma-1-12w-5x20mm-t5-wedge-lampada-prt399\/#breadcrumb","itemListElement":[{"@type":"ListItem","position":1,"name":"Home","item":"https:\/\/www.interlampadas.com\/en\/"},{"@type":"ListItem","position":2,"name":"Loja","item":"https:\/\/www.interlampadas.com\/loja\/"},{"@type":"ListItem","position":3,"name":"W2X4.6D 28V 40mA 1.12W 5x20mm T5 Wedge L\u00e2mpada PRT399"}]},{"@type":"WebSite","@id":"https:\/\/www.interlampadas.com\/#website","url":"https:\/\/www.interlampadas.com\/","name":"Lumen by Interlampadas","description":"lampadas","alternateName":"Interlampadas","potentialAction":[{"@type":"SearchAction","target":{"@type":"EntryPoint","urlTemplate":"https:\/\/www.interlampadas.com\/?s={search_term_string}"},"query-input":{"@type":"PropertyValueSpecification","valueRequired":true,"valueName":"search_term_string"}}],"inLanguage":"en-US"}]}},"brands":[],"_links":{"self":[{"href":"https:\/\/www.interlampadas.com\/en\/wp-json\/wp\/v2\/product\/13536","targetHints":{"allow":["GET"]}}],"collection":[{"href":"https:\/\/www.interlampadas.com\/en\/wp-json\/wp\/v2\/product"}],"about":[{"href":"https:\/\/www.interlampadas.com\/en\/wp-json\/wp\/v2\/types\/product"}],"replies":[{"embeddable":true,"href":"https:\/\/www.interlampadas.com\/en\/wp-json\/wp\/v2\/comments?post=13536"}],"wp:featuredmedia":[{"embeddable":true,"href":"https:\/\/www.interlampadas.com\/en\/wp-json\/wp\/v2\/media\/24054"}],"wp:attachment":[{"href":"https:\/\/www.interlampadas.com\/en\/wp-json\/wp\/v2\/media?parent=13536"}],"wp:term":[{"taxonomy":"pwb-brand","embeddable":true,"href":"https:\/\/www.interlampadas.com\/en\/wp-json\/wp\/v2\/pwb-brand?post=13536"},{"taxonomy":"product_brand","embeddable":true,"href":"https:\/\/www.interlampadas.com\/en\/wp-json\/wp\/v2\/product_brand?post=13536"},{"taxonomy":"product_cat","embeddable":true,"href":"https:\/\/www.interlampadas.com\/en\/wp-json\/wp\/v2\/product_cat?post=13536"},{"taxonomy":"product_tag","embeddable":true,"href":"https:\/\/www.interlampadas.com\/en\/wp-json\/wp\/v2\/product_tag?post=13536"}],"curies":[{"name":"wp","href":"https:\/\/api.w.org\/{rel}","templated":true}]}}