{"id":13531,"date":"2021-04-17T17:43:11","date_gmt":"2021-04-17T16:43:11","guid":{"rendered":"https:\/\/www.interlampadas.com\/lampadas\/sem%20categoria\/wt-14v-80ma-t1-1-4-wedge-4x11-prt480\/"},"modified":"2025-08-08T02:54:31","modified_gmt":"2025-08-08T01:54:31","slug":"wt-14v-80ma-t1-1-4-wedge-4x11mm-prt245a-ultimas-4-unidades","status":"publish","type":"product","link":"https:\/\/www.interlampadas.com\/en\/lampadas\/lampadas-1\/miniaturas-228\/outros-formatos-ou-funcionalidades-350\/wt-14v-80ma-t1-1-4-wedge-4x11mm-prt245a-ultimas-4-unidades\/","title":{"rendered":"WT 14v 80mA T1 1\/4 Wedge 4x11mm PRT245A (ULTIMAS 4 UNIDADES)"},"content":{"rendered":"<p>L\u00e2mpada miniatura sinaliza\u00e7\u00e3o<br \/>4x11mm<br \/>(ULTIMAS 4 UNIDADES)<br \/>  T1 1\/4 WE 14V 80mA 1.12W C-2F<br \/>  Subminiature 8640 Wire Ended T1 1\/4 4.5&#215;11.7mm 14V 80mA 0.08A 1.12W Clear 1000h C-2F Indication- and signalling lamp<br \/>  As a specialist in this field, Bailey has built an extensive wide range of indication and signalling lamps over the many years being active in this industry. If Bailey doesn\u00b4t know the lamp your\u00b4re loooking for it probably no longer exists. The subminiature types are the smallest lights. Applications: switches, control panels, signaling devices and automotive industry.<\/p>\n","protected":false},"excerpt":{"rendered":"<p>L\u00e2mpada miniatura sinaliza\u00e7\u00e3o4x11mm(ULTIMAS 4 UNIDADES) T1 1\/4 WE 14V 80mA 1.12W C-2F Subminiature 8640 Wire Ended T1 1\/4 4.5&#215;11.7mm 14V 80mA 0.08A 1.12W Clear <\/p>\n","protected":false},"featured_media":24046,"comment_status":"open","ping_status":"closed","template":"","meta":{"_acf_changed":false},"pwb-brand":[],"product_brand":[],"product_cat":[252],"product_tag":[],"class_list":{"0":"post-13531","1":"product","2":"type-product","3":"status-publish","4":"has-post-thumbnail","6":"product_cat-outros-formatos-ou-funcionalidades-350","8":"first","9":"instock","10":"shipping-taxable","11":"purchasable","12":"product-type-simple"},"acf":[],"yoast_head":"<!-- This site is optimized with the Yoast SEO plugin v27.0 - https:\/\/yoast.com\/product\/yoast-seo-wordpress\/ -->\n<title>WT 14v 80mA T1 1\/4 Wedge 4x11mm PRT245A (ULTIMAS 4 UNIDADES) - Lumen by Interlampadas<\/title>\n<meta name=\"description\" content=\"L\u00e2mpada miniatura sinaliza\u00e7\u00e3o4x11mm(ULTIMAS 4 UNIDADES) T1 1\/4 WE 14V 80mA 1.12W C-2F Subminiature 8640 Wire Ended T1 1\/4 4.5x11.7mm 14V 80mA 0.08A 1.12W\" \/>\n<meta name=\"robots\" content=\"index, follow, max-snippet:-1, max-image-preview:large, max-video-preview:-1\" \/>\n<link rel=\"canonical\" href=\"https:\/\/www.interlampadas.com\/en\/lampadas\/lampadas-1\/miniaturas-228\/outros-formatos-ou-funcionalidades-350\/wt-14v-80ma-t1-1-4-wedge-4x11mm-prt245a-ultimas-4-unidades\/\" \/>\n<meta property=\"og:locale\" content=\"en_US\" \/>\n<meta property=\"og:type\" content=\"article\" \/>\n<meta property=\"og:title\" content=\"WT 14v 80mA T1 1\/4 Wedge 4x11mm PRT245A (ULTIMAS 4 UNIDADES) - Lumen by Interlampadas\" \/>\n<meta property=\"og:description\" content=\"L\u00e2mpada miniatura sinaliza\u00e7\u00e3o4x11mm(ULTIMAS 4 UNIDADES) T1 1\/4 WE 14V 80mA 1.12W C-2F Subminiature 8640 Wire Ended T1 1\/4 4.5x11.7mm 14V 80mA 0.08A 1.12W\" \/>\n<meta property=\"og:url\" content=\"https:\/\/www.interlampadas.com\/en\/lampadas\/lampadas-1\/miniaturas-228\/outros-formatos-ou-funcionalidades-350\/wt-14v-80ma-t1-1-4-wedge-4x11mm-prt245a-ultimas-4-unidades\/\" \/>\n<meta property=\"og:site_name\" content=\"Lumen by Interlampadas\" \/>\n<meta property=\"article:publisher\" content=\"https:\/\/www.facebook.com\/interlampadas\" \/>\n<meta property=\"article:modified_time\" content=\"2025-08-08T01:54:31+00:00\" \/>\n<meta property=\"og:image\" content=\"https:\/\/www.interlampadas.com\/wp-content\/uploads\/2022\/06\/10248.jpg\" \/>\n\t<meta property=\"og:image:width\" content=\"800\" \/>\n\t<meta property=\"og:image:height\" content=\"800\" \/>\n\t<meta property=\"og:image:type\" content=\"image\/jpeg\" \/>\n<meta name=\"twitter:card\" content=\"summary_large_image\" \/>\n<script type=\"application\/ld+json\" class=\"yoast-schema-graph\">{\"@context\":\"https:\/\/schema.org\",\"@graph\":[{\"@type\":\"WebPage\",\"@id\":\"https:\/\/www.interlampadas.com\/en\/lampadas\/lampadas-1\/miniaturas-228\/outros-formatos-ou-funcionalidades-350\/wt-14v-80ma-t1-1-4-wedge-4x11mm-prt245a-ultimas-4-unidades\/\",\"url\":\"https:\/\/www.interlampadas.com\/en\/lampadas\/lampadas-1\/miniaturas-228\/outros-formatos-ou-funcionalidades-350\/wt-14v-80ma-t1-1-4-wedge-4x11mm-prt245a-ultimas-4-unidades\/\",\"name\":\"WT 14v 80mA T1 1\/4 Wedge 4x11mm PRT245A (ULTIMAS 4 UNIDADES) - Lumen by Interlampadas\",\"isPartOf\":{\"@id\":\"https:\/\/www.interlampadas.com\/#website\"},\"primaryImageOfPage\":{\"@id\":\"https:\/\/www.interlampadas.com\/en\/lampadas\/lampadas-1\/miniaturas-228\/outros-formatos-ou-funcionalidades-350\/wt-14v-80ma-t1-1-4-wedge-4x11mm-prt245a-ultimas-4-unidades\/#primaryimage\"},\"image\":{\"@id\":\"https:\/\/www.interlampadas.com\/en\/lampadas\/lampadas-1\/miniaturas-228\/outros-formatos-ou-funcionalidades-350\/wt-14v-80ma-t1-1-4-wedge-4x11mm-prt245a-ultimas-4-unidades\/#primaryimage\"},\"thumbnailUrl\":\"https:\/\/www.interlampadas.com\/wp-content\/uploads\/2022\/06\/10248.jpg\",\"datePublished\":\"2021-04-17T16:43:11+00:00\",\"dateModified\":\"2025-08-08T01:54:31+00:00\",\"description\":\"L\u00e2mpada miniatura sinaliza\u00e7\u00e3o4x11mm(ULTIMAS 4 UNIDADES) T1 1\/4 WE 14V 80mA 1.12W C-2F Subminiature 8640 Wire Ended T1 1\/4 4.5x11.7mm 14V 80mA 0.08A 1.12W\",\"breadcrumb\":{\"@id\":\"https:\/\/www.interlampadas.com\/en\/lampadas\/lampadas-1\/miniaturas-228\/outros-formatos-ou-funcionalidades-350\/wt-14v-80ma-t1-1-4-wedge-4x11mm-prt245a-ultimas-4-unidades\/#breadcrumb\"},\"inLanguage\":\"en-US\",\"potentialAction\":[{\"@type\":\"ReadAction\",\"target\":[\"https:\/\/www.interlampadas.com\/en\/lampadas\/lampadas-1\/miniaturas-228\/outros-formatos-ou-funcionalidades-350\/wt-14v-80ma-t1-1-4-wedge-4x11mm-prt245a-ultimas-4-unidades\/\"]}]},{\"@type\":\"ImageObject\",\"inLanguage\":\"en-US\",\"@id\":\"https:\/\/www.interlampadas.com\/en\/lampadas\/lampadas-1\/miniaturas-228\/outros-formatos-ou-funcionalidades-350\/wt-14v-80ma-t1-1-4-wedge-4x11mm-prt245a-ultimas-4-unidades\/#primaryimage\",\"url\":\"https:\/\/www.interlampadas.com\/wp-content\/uploads\/2022\/06\/10248.jpg\",\"contentUrl\":\"https:\/\/www.interlampadas.com\/wp-content\/uploads\/2022\/06\/10248.jpg\",\"width\":800,\"height\":800,\"caption\":\"WT 14v 80mA T1 1\/4 Wedge 4x11mm PRT245A\"},{\"@type\":\"BreadcrumbList\",\"@id\":\"https:\/\/www.interlampadas.com\/en\/lampadas\/lampadas-1\/miniaturas-228\/outros-formatos-ou-funcionalidades-350\/wt-14v-80ma-t1-1-4-wedge-4x11mm-prt245a-ultimas-4-unidades\/#breadcrumb\",\"itemListElement\":[{\"@type\":\"ListItem\",\"position\":1,\"name\":\"Home\",\"item\":\"https:\/\/www.interlampadas.com\/en\/\"},{\"@type\":\"ListItem\",\"position\":2,\"name\":\"Loja\",\"item\":\"https:\/\/www.interlampadas.com\/loja\/\"},{\"@type\":\"ListItem\",\"position\":3,\"name\":\"WT 14v 80mA T1 1\/4 Wedge 4x11mm PRT245A (ULTIMAS 4 UNIDADES)\"}]},{\"@type\":\"WebSite\",\"@id\":\"https:\/\/www.interlampadas.com\/#website\",\"url\":\"https:\/\/www.interlampadas.com\/\",\"name\":\"Lumen by Interlampadas\",\"description\":\"lampadas\",\"alternateName\":\"Interlampadas\",\"potentialAction\":[{\"@type\":\"SearchAction\",\"target\":{\"@type\":\"EntryPoint\",\"urlTemplate\":\"https:\/\/www.interlampadas.com\/?s={search_term_string}\"},\"query-input\":{\"@type\":\"PropertyValueSpecification\",\"valueRequired\":true,\"valueName\":\"search_term_string\"}}],\"inLanguage\":\"en-US\"}]}<\/script>\n<!-- \/ Yoast SEO plugin. -->","yoast_head_json":{"title":"WT 14v 80mA T1 1\/4 Wedge 4x11mm PRT245A (ULTIMAS 4 UNIDADES) - Lumen by Interlampadas","description":"L\u00e2mpada miniatura sinaliza\u00e7\u00e3o4x11mm(ULTIMAS 4 UNIDADES) T1 1\/4 WE 14V 80mA 1.12W C-2F Subminiature 8640 Wire Ended T1 1\/4 4.5x11.7mm 14V 80mA 0.08A 1.12W","robots":{"index":"index","follow":"follow","max-snippet":"max-snippet:-1","max-image-preview":"max-image-preview:large","max-video-preview":"max-video-preview:-1"},"canonical":"https:\/\/www.interlampadas.com\/en\/lampadas\/lampadas-1\/miniaturas-228\/outros-formatos-ou-funcionalidades-350\/wt-14v-80ma-t1-1-4-wedge-4x11mm-prt245a-ultimas-4-unidades\/","og_locale":"en_US","og_type":"article","og_title":"WT 14v 80mA T1 1\/4 Wedge 4x11mm PRT245A (ULTIMAS 4 UNIDADES) - Lumen by Interlampadas","og_description":"L\u00e2mpada miniatura sinaliza\u00e7\u00e3o4x11mm(ULTIMAS 4 UNIDADES) T1 1\/4 WE 14V 80mA 1.12W C-2F Subminiature 8640 Wire Ended T1 1\/4 4.5x11.7mm 14V 80mA 0.08A 1.12W","og_url":"https:\/\/www.interlampadas.com\/en\/lampadas\/lampadas-1\/miniaturas-228\/outros-formatos-ou-funcionalidades-350\/wt-14v-80ma-t1-1-4-wedge-4x11mm-prt245a-ultimas-4-unidades\/","og_site_name":"Lumen by Interlampadas","article_publisher":"https:\/\/www.facebook.com\/interlampadas","article_modified_time":"2025-08-08T01:54:31+00:00","og_image":[{"width":800,"height":800,"url":"https:\/\/www.interlampadas.com\/wp-content\/uploads\/2022\/06\/10248.jpg","type":"image\/jpeg"}],"twitter_card":"summary_large_image","schema":{"@context":"https:\/\/schema.org","@graph":[{"@type":"WebPage","@id":"https:\/\/www.interlampadas.com\/en\/lampadas\/lampadas-1\/miniaturas-228\/outros-formatos-ou-funcionalidades-350\/wt-14v-80ma-t1-1-4-wedge-4x11mm-prt245a-ultimas-4-unidades\/","url":"https:\/\/www.interlampadas.com\/en\/lampadas\/lampadas-1\/miniaturas-228\/outros-formatos-ou-funcionalidades-350\/wt-14v-80ma-t1-1-4-wedge-4x11mm-prt245a-ultimas-4-unidades\/","name":"WT 14v 80mA T1 1\/4 Wedge 4x11mm PRT245A (ULTIMAS 4 UNIDADES) - Lumen by Interlampadas","isPartOf":{"@id":"https:\/\/www.interlampadas.com\/#website"},"primaryImageOfPage":{"@id":"https:\/\/www.interlampadas.com\/en\/lampadas\/lampadas-1\/miniaturas-228\/outros-formatos-ou-funcionalidades-350\/wt-14v-80ma-t1-1-4-wedge-4x11mm-prt245a-ultimas-4-unidades\/#primaryimage"},"image":{"@id":"https:\/\/www.interlampadas.com\/en\/lampadas\/lampadas-1\/miniaturas-228\/outros-formatos-ou-funcionalidades-350\/wt-14v-80ma-t1-1-4-wedge-4x11mm-prt245a-ultimas-4-unidades\/#primaryimage"},"thumbnailUrl":"https:\/\/www.interlampadas.com\/wp-content\/uploads\/2022\/06\/10248.jpg","datePublished":"2021-04-17T16:43:11+00:00","dateModified":"2025-08-08T01:54:31+00:00","description":"L\u00e2mpada miniatura sinaliza\u00e7\u00e3o4x11mm(ULTIMAS 4 UNIDADES) T1 1\/4 WE 14V 80mA 1.12W C-2F Subminiature 8640 Wire Ended T1 1\/4 4.5x11.7mm 14V 80mA 0.08A 1.12W","breadcrumb":{"@id":"https:\/\/www.interlampadas.com\/en\/lampadas\/lampadas-1\/miniaturas-228\/outros-formatos-ou-funcionalidades-350\/wt-14v-80ma-t1-1-4-wedge-4x11mm-prt245a-ultimas-4-unidades\/#breadcrumb"},"inLanguage":"en-US","potentialAction":[{"@type":"ReadAction","target":["https:\/\/www.interlampadas.com\/en\/lampadas\/lampadas-1\/miniaturas-228\/outros-formatos-ou-funcionalidades-350\/wt-14v-80ma-t1-1-4-wedge-4x11mm-prt245a-ultimas-4-unidades\/"]}]},{"@type":"ImageObject","inLanguage":"en-US","@id":"https:\/\/www.interlampadas.com\/en\/lampadas\/lampadas-1\/miniaturas-228\/outros-formatos-ou-funcionalidades-350\/wt-14v-80ma-t1-1-4-wedge-4x11mm-prt245a-ultimas-4-unidades\/#primaryimage","url":"https:\/\/www.interlampadas.com\/wp-content\/uploads\/2022\/06\/10248.jpg","contentUrl":"https:\/\/www.interlampadas.com\/wp-content\/uploads\/2022\/06\/10248.jpg","width":800,"height":800,"caption":"WT 14v 80mA T1 1\/4 Wedge 4x11mm PRT245A"},{"@type":"BreadcrumbList","@id":"https:\/\/www.interlampadas.com\/en\/lampadas\/lampadas-1\/miniaturas-228\/outros-formatos-ou-funcionalidades-350\/wt-14v-80ma-t1-1-4-wedge-4x11mm-prt245a-ultimas-4-unidades\/#breadcrumb","itemListElement":[{"@type":"ListItem","position":1,"name":"Home","item":"https:\/\/www.interlampadas.com\/en\/"},{"@type":"ListItem","position":2,"name":"Loja","item":"https:\/\/www.interlampadas.com\/loja\/"},{"@type":"ListItem","position":3,"name":"WT 14v 80mA T1 1\/4 Wedge 4x11mm PRT245A (ULTIMAS 4 UNIDADES)"}]},{"@type":"WebSite","@id":"https:\/\/www.interlampadas.com\/#website","url":"https:\/\/www.interlampadas.com\/","name":"Lumen by Interlampadas","description":"lampadas","alternateName":"Interlampadas","potentialAction":[{"@type":"SearchAction","target":{"@type":"EntryPoint","urlTemplate":"https:\/\/www.interlampadas.com\/?s={search_term_string}"},"query-input":{"@type":"PropertyValueSpecification","valueRequired":true,"valueName":"search_term_string"}}],"inLanguage":"en-US"}]}},"brands":[],"_links":{"self":[{"href":"https:\/\/www.interlampadas.com\/en\/wp-json\/wp\/v2\/product\/13531","targetHints":{"allow":["GET"]}}],"collection":[{"href":"https:\/\/www.interlampadas.com\/en\/wp-json\/wp\/v2\/product"}],"about":[{"href":"https:\/\/www.interlampadas.com\/en\/wp-json\/wp\/v2\/types\/product"}],"replies":[{"embeddable":true,"href":"https:\/\/www.interlampadas.com\/en\/wp-json\/wp\/v2\/comments?post=13531"}],"wp:featuredmedia":[{"embeddable":true,"href":"https:\/\/www.interlampadas.com\/en\/wp-json\/wp\/v2\/media\/24046"}],"wp:attachment":[{"href":"https:\/\/www.interlampadas.com\/en\/wp-json\/wp\/v2\/media?parent=13531"}],"wp:term":[{"taxonomy":"pwb-brand","embeddable":true,"href":"https:\/\/www.interlampadas.com\/en\/wp-json\/wp\/v2\/pwb-brand?post=13531"},{"taxonomy":"product_brand","embeddable":true,"href":"https:\/\/www.interlampadas.com\/en\/wp-json\/wp\/v2\/product_brand?post=13531"},{"taxonomy":"product_cat","embeddable":true,"href":"https:\/\/www.interlampadas.com\/en\/wp-json\/wp\/v2\/product_cat?post=13531"},{"taxonomy":"product_tag","embeddable":true,"href":"https:\/\/www.interlampadas.com\/en\/wp-json\/wp\/v2\/product_tag?post=13531"}],"curies":[{"name":"wp","href":"https:\/\/api.w.org\/{rel}","templated":true}]}}