{"id":13364,"date":"2021-04-17T17:42:48","date_gmt":"2021-04-17T16:42:48","guid":{"rendered":"https:\/\/www.interlampadas.com\/lampadas\/sem%20categoria\/r7s-22-8v-75w-60mm-prt431\/"},"modified":"2025-08-08T02:54:00","modified_gmt":"2025-08-08T01:54:00","slug":"r7s-22-8v-75w-64mm-lampada-prt431","status":"publish","type":"product","link":"https:\/\/www.interlampadas.com\/en\/lampadas\/lampadas-1\/utilizacao-especifica-51\/medicina-56\/outros-instrumentos-e-dispositivos-369\/r7s-22-8v-75w-64mm-lampada-prt431\/","title":{"rendered":"R7s 22,8v 75w 64mm L\u00e2mpada PRT431"},"content":{"rendered":"<p>L\u00e2mpada de halog\u00e9neo para equipamentos m\u00e9dicos<br \/>R7s 22.8V 75W 64mm<br \/>  Hanaulux R7s 22.8V 75W Clear Halogen CC-8 12x64mm Lamp for medical applications<br \/>  M-02001 Hanaulux 18366 22.8V 75W R7s Surgical Light Bulb<br \/>  Wattage: 75W, 75 Watt Watts<br \/>  Voltage: 22.8V, 22.8 Volt Volts<br \/>  Base: R7s, RSC, Double Ended<br \/>  Glass: T3, T-3, Clear<br \/>  Average Rated Life: 750 Hours<br \/>  Filament: CC-8, Axial<br \/>  Lumens: 1500<br \/>  Technology: Krypton, Halogen<br \/>  Approximate Length: MOL 62.5mm<br \/>  Maximum Length: 64mm<\/p>\n","protected":false},"excerpt":{"rendered":"<p>L\u00e2mpada de halog\u00e9neo para equipamentos m\u00e9dicosR7s 22.8V 75W 64mm Hanaulux R7s 22.8V 75W Clear Halogen CC-8 12x64mm Lamp for medical applications M-02001 Hanaulux<\/p>\n","protected":false},"featured_media":0,"comment_status":"open","ping_status":"closed","template":"","meta":{"_acf_changed":false},"pwb-brand":[],"product_brand":[],"product_cat":[163],"product_tag":[],"class_list":{"0":"post-13364","1":"product","2":"type-product","3":"status-publish","5":"product_cat-outros-instrumentos-e-dispositivos-369","7":"first","8":"instock","9":"shipping-taxable","10":"purchasable","11":"product-type-simple"},"acf":[],"yoast_head":"<!-- This site is optimized with the Yoast SEO plugin v27.0 - https:\/\/yoast.com\/product\/yoast-seo-wordpress\/ -->\n<title>R7s 22,8v 75w 64mm L\u00e2mpada PRT431 - Lumen by Interlampadas<\/title>\n<meta name=\"description\" content=\"L\u00e2mpada de halog\u00e9neo para equipamentos m\u00e9dicosR7s 22.8V 75W 64mm Hanaulux R7s 22.8V 75W Clear Halogen CC-8 12x64mm Lamp for medical applications M-02001\" \/>\n<meta name=\"robots\" content=\"index, follow, max-snippet:-1, max-image-preview:large, max-video-preview:-1\" \/>\n<link rel=\"canonical\" href=\"https:\/\/www.interlampadas.com\/en\/lampadas\/lampadas-1\/utilizacao-especifica-51\/medicina-56\/outros-instrumentos-e-dispositivos-369\/r7s-22-8v-75w-64mm-lampada-prt431\/\" \/>\n<meta property=\"og:locale\" content=\"en_US\" \/>\n<meta property=\"og:type\" content=\"article\" \/>\n<meta property=\"og:title\" content=\"R7s 22,8v 75w 64mm L\u00e2mpada PRT431 - Lumen by Interlampadas\" \/>\n<meta property=\"og:description\" content=\"L\u00e2mpada de halog\u00e9neo para equipamentos m\u00e9dicosR7s 22.8V 75W 64mm Hanaulux R7s 22.8V 75W Clear Halogen CC-8 12x64mm Lamp for medical applications M-02001\" \/>\n<meta property=\"og:url\" content=\"https:\/\/www.interlampadas.com\/en\/lampadas\/lampadas-1\/utilizacao-especifica-51\/medicina-56\/outros-instrumentos-e-dispositivos-369\/r7s-22-8v-75w-64mm-lampada-prt431\/\" \/>\n<meta property=\"og:site_name\" content=\"Lumen by Interlampadas\" \/>\n<meta property=\"article:publisher\" content=\"https:\/\/www.facebook.com\/interlampadas\" \/>\n<meta property=\"article:modified_time\" content=\"2025-08-08T01:54:00+00:00\" \/>\n<meta name=\"twitter:card\" content=\"summary_large_image\" \/>\n<script type=\"application\/ld+json\" class=\"yoast-schema-graph\">{\"@context\":\"https:\/\/schema.org\",\"@graph\":[{\"@type\":\"WebPage\",\"@id\":\"https:\/\/www.interlampadas.com\/en\/lampadas\/lampadas-1\/utilizacao-especifica-51\/medicina-56\/outros-instrumentos-e-dispositivos-369\/r7s-22-8v-75w-64mm-lampada-prt431\/\",\"url\":\"https:\/\/www.interlampadas.com\/en\/lampadas\/lampadas-1\/utilizacao-especifica-51\/medicina-56\/outros-instrumentos-e-dispositivos-369\/r7s-22-8v-75w-64mm-lampada-prt431\/\",\"name\":\"R7s 22,8v 75w 64mm L\u00e2mpada PRT431 - Lumen by Interlampadas\",\"isPartOf\":{\"@id\":\"https:\/\/www.interlampadas.com\/#website\"},\"datePublished\":\"2021-04-17T16:42:48+00:00\",\"dateModified\":\"2025-08-08T01:54:00+00:00\",\"description\":\"L\u00e2mpada de halog\u00e9neo para equipamentos m\u00e9dicosR7s 22.8V 75W 64mm Hanaulux R7s 22.8V 75W Clear Halogen CC-8 12x64mm Lamp for medical applications M-02001\",\"breadcrumb\":{\"@id\":\"https:\/\/www.interlampadas.com\/en\/lampadas\/lampadas-1\/utilizacao-especifica-51\/medicina-56\/outros-instrumentos-e-dispositivos-369\/r7s-22-8v-75w-64mm-lampada-prt431\/#breadcrumb\"},\"inLanguage\":\"en-US\",\"potentialAction\":[{\"@type\":\"ReadAction\",\"target\":[\"https:\/\/www.interlampadas.com\/en\/lampadas\/lampadas-1\/utilizacao-especifica-51\/medicina-56\/outros-instrumentos-e-dispositivos-369\/r7s-22-8v-75w-64mm-lampada-prt431\/\"]}]},{\"@type\":\"BreadcrumbList\",\"@id\":\"https:\/\/www.interlampadas.com\/en\/lampadas\/lampadas-1\/utilizacao-especifica-51\/medicina-56\/outros-instrumentos-e-dispositivos-369\/r7s-22-8v-75w-64mm-lampada-prt431\/#breadcrumb\",\"itemListElement\":[{\"@type\":\"ListItem\",\"position\":1,\"name\":\"Home\",\"item\":\"https:\/\/www.interlampadas.com\/en\/\"},{\"@type\":\"ListItem\",\"position\":2,\"name\":\"Loja\",\"item\":\"https:\/\/www.interlampadas.com\/loja\/\"},{\"@type\":\"ListItem\",\"position\":3,\"name\":\"R7s 22,8v 75w 64mm L\u00e2mpada PRT431\"}]},{\"@type\":\"WebSite\",\"@id\":\"https:\/\/www.interlampadas.com\/#website\",\"url\":\"https:\/\/www.interlampadas.com\/\",\"name\":\"Lumen by Interlampadas\",\"description\":\"lampadas\",\"alternateName\":\"Interlampadas\",\"potentialAction\":[{\"@type\":\"SearchAction\",\"target\":{\"@type\":\"EntryPoint\",\"urlTemplate\":\"https:\/\/www.interlampadas.com\/?s={search_term_string}\"},\"query-input\":{\"@type\":\"PropertyValueSpecification\",\"valueRequired\":true,\"valueName\":\"search_term_string\"}}],\"inLanguage\":\"en-US\"}]}<\/script>\n<!-- \/ Yoast SEO plugin. -->","yoast_head_json":{"title":"R7s 22,8v 75w 64mm L\u00e2mpada PRT431 - Lumen by Interlampadas","description":"L\u00e2mpada de halog\u00e9neo para equipamentos m\u00e9dicosR7s 22.8V 75W 64mm Hanaulux R7s 22.8V 75W Clear Halogen CC-8 12x64mm Lamp for medical applications M-02001","robots":{"index":"index","follow":"follow","max-snippet":"max-snippet:-1","max-image-preview":"max-image-preview:large","max-video-preview":"max-video-preview:-1"},"canonical":"https:\/\/www.interlampadas.com\/en\/lampadas\/lampadas-1\/utilizacao-especifica-51\/medicina-56\/outros-instrumentos-e-dispositivos-369\/r7s-22-8v-75w-64mm-lampada-prt431\/","og_locale":"en_US","og_type":"article","og_title":"R7s 22,8v 75w 64mm L\u00e2mpada PRT431 - Lumen by Interlampadas","og_description":"L\u00e2mpada de halog\u00e9neo para equipamentos m\u00e9dicosR7s 22.8V 75W 64mm Hanaulux R7s 22.8V 75W Clear Halogen CC-8 12x64mm Lamp for medical applications M-02001","og_url":"https:\/\/www.interlampadas.com\/en\/lampadas\/lampadas-1\/utilizacao-especifica-51\/medicina-56\/outros-instrumentos-e-dispositivos-369\/r7s-22-8v-75w-64mm-lampada-prt431\/","og_site_name":"Lumen by Interlampadas","article_publisher":"https:\/\/www.facebook.com\/interlampadas","article_modified_time":"2025-08-08T01:54:00+00:00","twitter_card":"summary_large_image","schema":{"@context":"https:\/\/schema.org","@graph":[{"@type":"WebPage","@id":"https:\/\/www.interlampadas.com\/en\/lampadas\/lampadas-1\/utilizacao-especifica-51\/medicina-56\/outros-instrumentos-e-dispositivos-369\/r7s-22-8v-75w-64mm-lampada-prt431\/","url":"https:\/\/www.interlampadas.com\/en\/lampadas\/lampadas-1\/utilizacao-especifica-51\/medicina-56\/outros-instrumentos-e-dispositivos-369\/r7s-22-8v-75w-64mm-lampada-prt431\/","name":"R7s 22,8v 75w 64mm L\u00e2mpada PRT431 - Lumen by Interlampadas","isPartOf":{"@id":"https:\/\/www.interlampadas.com\/#website"},"datePublished":"2021-04-17T16:42:48+00:00","dateModified":"2025-08-08T01:54:00+00:00","description":"L\u00e2mpada de halog\u00e9neo para equipamentos m\u00e9dicosR7s 22.8V 75W 64mm Hanaulux R7s 22.8V 75W Clear Halogen CC-8 12x64mm Lamp for medical applications M-02001","breadcrumb":{"@id":"https:\/\/www.interlampadas.com\/en\/lampadas\/lampadas-1\/utilizacao-especifica-51\/medicina-56\/outros-instrumentos-e-dispositivos-369\/r7s-22-8v-75w-64mm-lampada-prt431\/#breadcrumb"},"inLanguage":"en-US","potentialAction":[{"@type":"ReadAction","target":["https:\/\/www.interlampadas.com\/en\/lampadas\/lampadas-1\/utilizacao-especifica-51\/medicina-56\/outros-instrumentos-e-dispositivos-369\/r7s-22-8v-75w-64mm-lampada-prt431\/"]}]},{"@type":"BreadcrumbList","@id":"https:\/\/www.interlampadas.com\/en\/lampadas\/lampadas-1\/utilizacao-especifica-51\/medicina-56\/outros-instrumentos-e-dispositivos-369\/r7s-22-8v-75w-64mm-lampada-prt431\/#breadcrumb","itemListElement":[{"@type":"ListItem","position":1,"name":"Home","item":"https:\/\/www.interlampadas.com\/en\/"},{"@type":"ListItem","position":2,"name":"Loja","item":"https:\/\/www.interlampadas.com\/loja\/"},{"@type":"ListItem","position":3,"name":"R7s 22,8v 75w 64mm L\u00e2mpada PRT431"}]},{"@type":"WebSite","@id":"https:\/\/www.interlampadas.com\/#website","url":"https:\/\/www.interlampadas.com\/","name":"Lumen by Interlampadas","description":"lampadas","alternateName":"Interlampadas","potentialAction":[{"@type":"SearchAction","target":{"@type":"EntryPoint","urlTemplate":"https:\/\/www.interlampadas.com\/?s={search_term_string}"},"query-input":{"@type":"PropertyValueSpecification","valueRequired":true,"valueName":"search_term_string"}}],"inLanguage":"en-US"}]}},"brands":[],"_links":{"self":[{"href":"https:\/\/www.interlampadas.com\/en\/wp-json\/wp\/v2\/product\/13364","targetHints":{"allow":["GET"]}}],"collection":[{"href":"https:\/\/www.interlampadas.com\/en\/wp-json\/wp\/v2\/product"}],"about":[{"href":"https:\/\/www.interlampadas.com\/en\/wp-json\/wp\/v2\/types\/product"}],"replies":[{"embeddable":true,"href":"https:\/\/www.interlampadas.com\/en\/wp-json\/wp\/v2\/comments?post=13364"}],"wp:attachment":[{"href":"https:\/\/www.interlampadas.com\/en\/wp-json\/wp\/v2\/media?parent=13364"}],"wp:term":[{"taxonomy":"pwb-brand","embeddable":true,"href":"https:\/\/www.interlampadas.com\/en\/wp-json\/wp\/v2\/pwb-brand?post=13364"},{"taxonomy":"product_brand","embeddable":true,"href":"https:\/\/www.interlampadas.com\/en\/wp-json\/wp\/v2\/product_brand?post=13364"},{"taxonomy":"product_cat","embeddable":true,"href":"https:\/\/www.interlampadas.com\/en\/wp-json\/wp\/v2\/product_cat?post=13364"},{"taxonomy":"product_tag","embeddable":true,"href":"https:\/\/www.interlampadas.com\/en\/wp-json\/wp\/v2\/product_tag?post=13364"}],"curies":[{"name":"wp","href":"https:\/\/api.w.org\/{rel}","templated":true}]}}