{"id":13354,"date":"2021-04-17T17:42:47","date_gmt":"2021-04-17T16:42:47","guid":{"rendered":"https:\/\/www.interlampadas.com\/lampadas\/sem%20categoria\/gz4-6v-9w-equivalente-13529-prt345\/"},"modified":"2026-04-11T02:52:26","modified_gmt":"2026-04-11T01:52:26","slug":"gz4-6v-9w-equivalente-13529-prt349a","status":"publish","type":"product","link":"https:\/\/www.interlampadas.com\/en\/lampadas\/lampadas-1\/utilizacao-especifica-51\/medicina-56\/outros-instrumentos-e-dispositivos-369\/gz4-6v-9w-equivalente-13529-prt349a\/","title":{"rendered":"GZ4 6v 9w Equivalente 13529 PRT349A"},"content":{"rendered":"<p>L\u00e2mpada Dicr\u00f3ica de 35 mm para leitor de microfichas e microsc\u00f3pios<br \/>Equivalente 13529 <br \/>  Watts: 9W<br \/>  Volts: 6V<br \/>  Glass: MR11, 35 DICH<br \/>  Base GZ4<br \/>  Average Life: 250 Hours<br \/>  Filament: C-6<br \/>  Diameter: 35mm<br \/>  Maximum Overall Length: 38mm<br \/>  Burn Position: Base Down +\/-105\u00b0<\/p>\n","protected":false},"excerpt":{"rendered":"<p>L\u00e2mpada Dicr\u00f3ica de 35 mm para leitor de microfichas e microsc\u00f3piosEquivalente 13529 Watts: 9W Volts: 6V Glass: MR11, 35 DICH Base GZ4 Average Life: 250 Hours<\/p>\n","protected":false},"featured_media":24227,"comment_status":"open","ping_status":"closed","template":"","meta":{"_acf_changed":false},"pwb-brand":[],"product_brand":[],"product_cat":[163],"product_tag":[],"class_list":{"0":"post-13354","1":"product","2":"type-product","3":"status-publish","4":"has-post-thumbnail","6":"product_cat-outros-instrumentos-e-dispositivos-369","8":"first","9":"onbackorder","10":"shipping-taxable","11":"purchasable","12":"product-type-simple"},"acf":[],"yoast_head":"<!-- This site is optimized with the Yoast SEO plugin v27.0 - https:\/\/yoast.com\/product\/yoast-seo-wordpress\/ -->\n<title>GZ4 6v 9w Equivalente 13529 PRT349A - Lumen by Interlampadas<\/title>\n<meta name=\"description\" content=\"L\u00e2mpada Dicr\u00f3ica de 35 mm para leitor de microfichas e microsc\u00f3piosEquivalente 13529 Watts: 9W Volts: 6V Glass: MR11, 35 DICH Base GZ4 Average Life: 250\" \/>\n<meta name=\"robots\" content=\"index, follow, max-snippet:-1, max-image-preview:large, max-video-preview:-1\" \/>\n<link rel=\"canonical\" href=\"https:\/\/www.interlampadas.com\/en\/lampadas\/lampadas-1\/utilizacao-especifica-51\/medicina-56\/outros-instrumentos-e-dispositivos-369\/gz4-6v-9w-equivalente-13529-prt349a\/\" \/>\n<meta property=\"og:locale\" content=\"en_US\" \/>\n<meta property=\"og:type\" content=\"article\" \/>\n<meta property=\"og:title\" content=\"GZ4 6v 9w Equivalente 13529 PRT349A - Lumen by Interlampadas\" \/>\n<meta property=\"og:description\" content=\"L\u00e2mpada Dicr\u00f3ica de 35 mm para leitor de microfichas e microsc\u00f3piosEquivalente 13529 Watts: 9W Volts: 6V Glass: MR11, 35 DICH Base GZ4 Average Life: 250\" \/>\n<meta property=\"og:url\" content=\"https:\/\/www.interlampadas.com\/en\/lampadas\/lampadas-1\/utilizacao-especifica-51\/medicina-56\/outros-instrumentos-e-dispositivos-369\/gz4-6v-9w-equivalente-13529-prt349a\/\" \/>\n<meta property=\"og:site_name\" content=\"Lumen by Interlampadas\" \/>\n<meta property=\"article:publisher\" content=\"https:\/\/www.facebook.com\/interlampadas\" \/>\n<meta property=\"article:modified_time\" content=\"2026-04-11T01:52:26+00:00\" \/>\n<meta property=\"og:image\" content=\"https:\/\/www.interlampadas.com\/wp-content\/uploads\/2022\/07\/10146.jpg\" \/>\n\t<meta property=\"og:image:width\" content=\"800\" \/>\n\t<meta property=\"og:image:height\" content=\"800\" \/>\n\t<meta property=\"og:image:type\" content=\"image\/jpeg\" \/>\n<meta name=\"twitter:card\" content=\"summary_large_image\" \/>\n<script type=\"application\/ld+json\" class=\"yoast-schema-graph\">{\"@context\":\"https:\/\/schema.org\",\"@graph\":[{\"@type\":\"WebPage\",\"@id\":\"https:\/\/www.interlampadas.com\/en\/lampadas\/lampadas-1\/utilizacao-especifica-51\/medicina-56\/outros-instrumentos-e-dispositivos-369\/gz4-6v-9w-equivalente-13529-prt349a\/\",\"url\":\"https:\/\/www.interlampadas.com\/en\/lampadas\/lampadas-1\/utilizacao-especifica-51\/medicina-56\/outros-instrumentos-e-dispositivos-369\/gz4-6v-9w-equivalente-13529-prt349a\/\",\"name\":\"GZ4 6v 9w Equivalente 13529 PRT349A - Lumen by Interlampadas\",\"isPartOf\":{\"@id\":\"https:\/\/www.interlampadas.com\/#website\"},\"primaryImageOfPage\":{\"@id\":\"https:\/\/www.interlampadas.com\/en\/lampadas\/lampadas-1\/utilizacao-especifica-51\/medicina-56\/outros-instrumentos-e-dispositivos-369\/gz4-6v-9w-equivalente-13529-prt349a\/#primaryimage\"},\"image\":{\"@id\":\"https:\/\/www.interlampadas.com\/en\/lampadas\/lampadas-1\/utilizacao-especifica-51\/medicina-56\/outros-instrumentos-e-dispositivos-369\/gz4-6v-9w-equivalente-13529-prt349a\/#primaryimage\"},\"thumbnailUrl\":\"https:\/\/www.interlampadas.com\/wp-content\/uploads\/2022\/07\/10146.jpg\",\"datePublished\":\"2021-04-17T16:42:47+00:00\",\"dateModified\":\"2026-04-11T01:52:26+00:00\",\"description\":\"L\u00e2mpada Dicr\u00f3ica de 35 mm para leitor de microfichas e microsc\u00f3piosEquivalente 13529 Watts: 9W Volts: 6V Glass: MR11, 35 DICH Base GZ4 Average Life: 250\",\"breadcrumb\":{\"@id\":\"https:\/\/www.interlampadas.com\/en\/lampadas\/lampadas-1\/utilizacao-especifica-51\/medicina-56\/outros-instrumentos-e-dispositivos-369\/gz4-6v-9w-equivalente-13529-prt349a\/#breadcrumb\"},\"inLanguage\":\"en-US\",\"potentialAction\":[{\"@type\":\"ReadAction\",\"target\":[\"https:\/\/www.interlampadas.com\/en\/lampadas\/lampadas-1\/utilizacao-especifica-51\/medicina-56\/outros-instrumentos-e-dispositivos-369\/gz4-6v-9w-equivalente-13529-prt349a\/\"]}]},{\"@type\":\"ImageObject\",\"inLanguage\":\"en-US\",\"@id\":\"https:\/\/www.interlampadas.com\/en\/lampadas\/lampadas-1\/utilizacao-especifica-51\/medicina-56\/outros-instrumentos-e-dispositivos-369\/gz4-6v-9w-equivalente-13529-prt349a\/#primaryimage\",\"url\":\"https:\/\/www.interlampadas.com\/wp-content\/uploads\/2022\/07\/10146.jpg\",\"contentUrl\":\"https:\/\/www.interlampadas.com\/wp-content\/uploads\/2022\/07\/10146.jpg\",\"width\":800,\"height\":800,\"caption\":\"GZ4 6v 9w Equivalente 13529 PRT345\"},{\"@type\":\"BreadcrumbList\",\"@id\":\"https:\/\/www.interlampadas.com\/en\/lampadas\/lampadas-1\/utilizacao-especifica-51\/medicina-56\/outros-instrumentos-e-dispositivos-369\/gz4-6v-9w-equivalente-13529-prt349a\/#breadcrumb\",\"itemListElement\":[{\"@type\":\"ListItem\",\"position\":1,\"name\":\"Home\",\"item\":\"https:\/\/www.interlampadas.com\/en\/\"},{\"@type\":\"ListItem\",\"position\":2,\"name\":\"Loja\",\"item\":\"https:\/\/www.interlampadas.com\/loja\/\"},{\"@type\":\"ListItem\",\"position\":3,\"name\":\"GZ4 6v 9w Equivalente 13529 PRT349A\"}]},{\"@type\":\"WebSite\",\"@id\":\"https:\/\/www.interlampadas.com\/#website\",\"url\":\"https:\/\/www.interlampadas.com\/\",\"name\":\"Lumen by Interlampadas\",\"description\":\"lampadas\",\"alternateName\":\"Interlampadas\",\"potentialAction\":[{\"@type\":\"SearchAction\",\"target\":{\"@type\":\"EntryPoint\",\"urlTemplate\":\"https:\/\/www.interlampadas.com\/?s={search_term_string}\"},\"query-input\":{\"@type\":\"PropertyValueSpecification\",\"valueRequired\":true,\"valueName\":\"search_term_string\"}}],\"inLanguage\":\"en-US\"}]}<\/script>\n<!-- \/ Yoast SEO plugin. -->","yoast_head_json":{"title":"GZ4 6v 9w Equivalente 13529 PRT349A - Lumen by Interlampadas","description":"L\u00e2mpada Dicr\u00f3ica de 35 mm para leitor de microfichas e microsc\u00f3piosEquivalente 13529 Watts: 9W Volts: 6V Glass: MR11, 35 DICH Base GZ4 Average Life: 250","robots":{"index":"index","follow":"follow","max-snippet":"max-snippet:-1","max-image-preview":"max-image-preview:large","max-video-preview":"max-video-preview:-1"},"canonical":"https:\/\/www.interlampadas.com\/en\/lampadas\/lampadas-1\/utilizacao-especifica-51\/medicina-56\/outros-instrumentos-e-dispositivos-369\/gz4-6v-9w-equivalente-13529-prt349a\/","og_locale":"en_US","og_type":"article","og_title":"GZ4 6v 9w Equivalente 13529 PRT349A - Lumen by Interlampadas","og_description":"L\u00e2mpada Dicr\u00f3ica de 35 mm para leitor de microfichas e microsc\u00f3piosEquivalente 13529 Watts: 9W Volts: 6V Glass: MR11, 35 DICH Base GZ4 Average Life: 250","og_url":"https:\/\/www.interlampadas.com\/en\/lampadas\/lampadas-1\/utilizacao-especifica-51\/medicina-56\/outros-instrumentos-e-dispositivos-369\/gz4-6v-9w-equivalente-13529-prt349a\/","og_site_name":"Lumen by Interlampadas","article_publisher":"https:\/\/www.facebook.com\/interlampadas","article_modified_time":"2026-04-11T01:52:26+00:00","og_image":[{"width":800,"height":800,"url":"https:\/\/www.interlampadas.com\/wp-content\/uploads\/2022\/07\/10146.jpg","type":"image\/jpeg"}],"twitter_card":"summary_large_image","schema":{"@context":"https:\/\/schema.org","@graph":[{"@type":"WebPage","@id":"https:\/\/www.interlampadas.com\/en\/lampadas\/lampadas-1\/utilizacao-especifica-51\/medicina-56\/outros-instrumentos-e-dispositivos-369\/gz4-6v-9w-equivalente-13529-prt349a\/","url":"https:\/\/www.interlampadas.com\/en\/lampadas\/lampadas-1\/utilizacao-especifica-51\/medicina-56\/outros-instrumentos-e-dispositivos-369\/gz4-6v-9w-equivalente-13529-prt349a\/","name":"GZ4 6v 9w Equivalente 13529 PRT349A - Lumen by Interlampadas","isPartOf":{"@id":"https:\/\/www.interlampadas.com\/#website"},"primaryImageOfPage":{"@id":"https:\/\/www.interlampadas.com\/en\/lampadas\/lampadas-1\/utilizacao-especifica-51\/medicina-56\/outros-instrumentos-e-dispositivos-369\/gz4-6v-9w-equivalente-13529-prt349a\/#primaryimage"},"image":{"@id":"https:\/\/www.interlampadas.com\/en\/lampadas\/lampadas-1\/utilizacao-especifica-51\/medicina-56\/outros-instrumentos-e-dispositivos-369\/gz4-6v-9w-equivalente-13529-prt349a\/#primaryimage"},"thumbnailUrl":"https:\/\/www.interlampadas.com\/wp-content\/uploads\/2022\/07\/10146.jpg","datePublished":"2021-04-17T16:42:47+00:00","dateModified":"2026-04-11T01:52:26+00:00","description":"L\u00e2mpada Dicr\u00f3ica de 35 mm para leitor de microfichas e microsc\u00f3piosEquivalente 13529 Watts: 9W Volts: 6V Glass: MR11, 35 DICH Base GZ4 Average Life: 250","breadcrumb":{"@id":"https:\/\/www.interlampadas.com\/en\/lampadas\/lampadas-1\/utilizacao-especifica-51\/medicina-56\/outros-instrumentos-e-dispositivos-369\/gz4-6v-9w-equivalente-13529-prt349a\/#breadcrumb"},"inLanguage":"en-US","potentialAction":[{"@type":"ReadAction","target":["https:\/\/www.interlampadas.com\/en\/lampadas\/lampadas-1\/utilizacao-especifica-51\/medicina-56\/outros-instrumentos-e-dispositivos-369\/gz4-6v-9w-equivalente-13529-prt349a\/"]}]},{"@type":"ImageObject","inLanguage":"en-US","@id":"https:\/\/www.interlampadas.com\/en\/lampadas\/lampadas-1\/utilizacao-especifica-51\/medicina-56\/outros-instrumentos-e-dispositivos-369\/gz4-6v-9w-equivalente-13529-prt349a\/#primaryimage","url":"https:\/\/www.interlampadas.com\/wp-content\/uploads\/2022\/07\/10146.jpg","contentUrl":"https:\/\/www.interlampadas.com\/wp-content\/uploads\/2022\/07\/10146.jpg","width":800,"height":800,"caption":"GZ4 6v 9w Equivalente 13529 PRT345"},{"@type":"BreadcrumbList","@id":"https:\/\/www.interlampadas.com\/en\/lampadas\/lampadas-1\/utilizacao-especifica-51\/medicina-56\/outros-instrumentos-e-dispositivos-369\/gz4-6v-9w-equivalente-13529-prt349a\/#breadcrumb","itemListElement":[{"@type":"ListItem","position":1,"name":"Home","item":"https:\/\/www.interlampadas.com\/en\/"},{"@type":"ListItem","position":2,"name":"Loja","item":"https:\/\/www.interlampadas.com\/loja\/"},{"@type":"ListItem","position":3,"name":"GZ4 6v 9w Equivalente 13529 PRT349A"}]},{"@type":"WebSite","@id":"https:\/\/www.interlampadas.com\/#website","url":"https:\/\/www.interlampadas.com\/","name":"Lumen by Interlampadas","description":"lampadas","alternateName":"Interlampadas","potentialAction":[{"@type":"SearchAction","target":{"@type":"EntryPoint","urlTemplate":"https:\/\/www.interlampadas.com\/?s={search_term_string}"},"query-input":{"@type":"PropertyValueSpecification","valueRequired":true,"valueName":"search_term_string"}}],"inLanguage":"en-US"}]}},"brands":[],"_links":{"self":[{"href":"https:\/\/www.interlampadas.com\/en\/wp-json\/wp\/v2\/product\/13354","targetHints":{"allow":["GET"]}}],"collection":[{"href":"https:\/\/www.interlampadas.com\/en\/wp-json\/wp\/v2\/product"}],"about":[{"href":"https:\/\/www.interlampadas.com\/en\/wp-json\/wp\/v2\/types\/product"}],"replies":[{"embeddable":true,"href":"https:\/\/www.interlampadas.com\/en\/wp-json\/wp\/v2\/comments?post=13354"}],"wp:featuredmedia":[{"embeddable":true,"href":"https:\/\/www.interlampadas.com\/en\/wp-json\/wp\/v2\/media\/24227"}],"wp:attachment":[{"href":"https:\/\/www.interlampadas.com\/en\/wp-json\/wp\/v2\/media?parent=13354"}],"wp:term":[{"taxonomy":"pwb-brand","embeddable":true,"href":"https:\/\/www.interlampadas.com\/en\/wp-json\/wp\/v2\/pwb-brand?post=13354"},{"taxonomy":"product_brand","embeddable":true,"href":"https:\/\/www.interlampadas.com\/en\/wp-json\/wp\/v2\/product_brand?post=13354"},{"taxonomy":"product_cat","embeddable":true,"href":"https:\/\/www.interlampadas.com\/en\/wp-json\/wp\/v2\/product_cat?post=13354"},{"taxonomy":"product_tag","embeddable":true,"href":"https:\/\/www.interlampadas.com\/en\/wp-json\/wp\/v2\/product_tag?post=13354"}],"curies":[{"name":"wp","href":"https:\/\/api.w.org\/{rel}","templated":true}]}}