{"id":13335,"date":"2021-04-17T17:42:45","date_gmt":"2021-04-17T16:42:45","guid":{"rendered":"https:\/\/www.interlampadas.com\/lampadas\/sem%20categoria\/gz6-35-15v-150w-64634-osram-prt355\/"},"modified":"2026-04-16T02:51:59","modified_gmt":"2026-04-16T01:51:59","slug":"gz6-35-15v-150w-64634-efr-osram-lampada-prt355","status":"publish","type":"product","link":"https:\/\/www.interlampadas.com\/en\/lampadas\/lampadas-1\/utilizacao-especifica-51\/medicina-56\/outros-instrumentos-e-dispositivos-369\/gz6-35-15v-150w-64634-efr-osram-lampada-prt355\/","title":{"rendered":"GZ6,35 15v 150w 64634 EFR Osram L\u00e2mpada PRT355"},"content":{"rendered":"<p>EAN 4050300006819<br \/>L\u00e2mpada Osram para equipamentos m\u00e9dicos<br \/>L\u00e2mpada para colposc\u00f3pioOsram<br \/>(64634 HLX)<br \/>  EFR A1\/232 MR16 150W 15V GZ6.35<br \/>  EAN: 4050300006819<br \/>  Wattage (W): 150<br \/>  Voltage (V): 15<br \/>  Base: GZ6.35<br \/>  Colour Temperature (K): 3200<br \/>  Colour: Warm White<br \/>  Life Time (h): 50<br \/>  Dimmable: no<br \/>  Diameter (mm): 51<br \/>  Medicina, sa\u00fade e ci\u00eancia<br \/>  &#8211; Odontologia, tecnologia odontol\u00f3gica<br \/>  &#8211; Endoscopia<\/p>\n","protected":false},"excerpt":{"rendered":"<p>EAN 4050300006819L\u00e2mpada Osram para equipamentos m\u00e9dicosL\u00e2mpada para colposc\u00f3pioOsram(64634 HLX) EFR A1\/232 MR16 150W 15V GZ6.35 EAN: 4050300006819 Wattage (W):<\/p>\n","protected":false},"featured_media":17195,"comment_status":"open","ping_status":"closed","template":"","meta":{"_acf_changed":false},"pwb-brand":[273],"product_brand":[],"product_cat":[163],"product_tag":[],"class_list":{"0":"post-13335","1":"product","2":"type-product","3":"status-publish","4":"has-post-thumbnail","6":"pwb-brand-osram","7":"product_cat-outros-instrumentos-e-dispositivos-369","9":"first","10":"instock","11":"shipping-taxable","12":"purchasable","13":"product-type-simple"},"acf":[],"yoast_head":"<!-- This site is optimized with the Yoast SEO plugin v27.0 - https:\/\/yoast.com\/product\/yoast-seo-wordpress\/ -->\n<title>GZ6,35 15v 150w 64634 EFR Osram L\u00e2mpada PRT355 - Lumen by Interlampadas<\/title>\n<meta name=\"description\" content=\"EAN 4050300006819L\u00e2mpada Osram para equipamentos m\u00e9dicosL\u00e2mpada para colposc\u00f3pioOsram(64634 HLX) EFR A1\/232 MR16 150W 15V GZ6.35 EAN: 4050300006819\" \/>\n<meta name=\"robots\" content=\"index, follow, max-snippet:-1, max-image-preview:large, max-video-preview:-1\" \/>\n<link rel=\"canonical\" href=\"https:\/\/www.interlampadas.com\/en\/lampadas\/lampadas-1\/utilizacao-especifica-51\/medicina-56\/outros-instrumentos-e-dispositivos-369\/gz6-35-15v-150w-64634-efr-osram-lampada-prt355\/\" \/>\n<meta property=\"og:locale\" content=\"en_US\" \/>\n<meta property=\"og:type\" content=\"article\" \/>\n<meta property=\"og:title\" content=\"GZ6,35 15v 150w 64634 EFR Osram L\u00e2mpada PRT355 - Lumen by Interlampadas\" \/>\n<meta property=\"og:description\" content=\"EAN 4050300006819L\u00e2mpada Osram para equipamentos m\u00e9dicosL\u00e2mpada para colposc\u00f3pioOsram(64634 HLX) EFR A1\/232 MR16 150W 15V GZ6.35 EAN: 4050300006819\" \/>\n<meta property=\"og:url\" content=\"https:\/\/www.interlampadas.com\/en\/lampadas\/lampadas-1\/utilizacao-especifica-51\/medicina-56\/outros-instrumentos-e-dispositivos-369\/gz6-35-15v-150w-64634-efr-osram-lampada-prt355\/\" \/>\n<meta property=\"og:site_name\" content=\"Lumen by Interlampadas\" \/>\n<meta property=\"article:publisher\" content=\"https:\/\/www.facebook.com\/interlampadas\" \/>\n<meta property=\"article:modified_time\" content=\"2026-04-16T01:51:59+00:00\" \/>\n<meta property=\"og:image\" content=\"https:\/\/www.interlampadas.com\/wp-content\/uploads\/2021\/09\/10154.jpg\" \/>\n\t<meta property=\"og:image:width\" content=\"350\" \/>\n\t<meta property=\"og:image:height\" content=\"350\" \/>\n\t<meta property=\"og:image:type\" content=\"image\/jpeg\" \/>\n<meta name=\"twitter:card\" content=\"summary_large_image\" \/>\n<script type=\"application\/ld+json\" class=\"yoast-schema-graph\">{\"@context\":\"https:\/\/schema.org\",\"@graph\":[{\"@type\":\"WebPage\",\"@id\":\"https:\/\/www.interlampadas.com\/en\/lampadas\/lampadas-1\/utilizacao-especifica-51\/medicina-56\/outros-instrumentos-e-dispositivos-369\/gz6-35-15v-150w-64634-efr-osram-lampada-prt355\/\",\"url\":\"https:\/\/www.interlampadas.com\/en\/lampadas\/lampadas-1\/utilizacao-especifica-51\/medicina-56\/outros-instrumentos-e-dispositivos-369\/gz6-35-15v-150w-64634-efr-osram-lampada-prt355\/\",\"name\":\"GZ6,35 15v 150w 64634 EFR Osram L\u00e2mpada PRT355 - Lumen by Interlampadas\",\"isPartOf\":{\"@id\":\"https:\/\/www.interlampadas.com\/#website\"},\"primaryImageOfPage\":{\"@id\":\"https:\/\/www.interlampadas.com\/en\/lampadas\/lampadas-1\/utilizacao-especifica-51\/medicina-56\/outros-instrumentos-e-dispositivos-369\/gz6-35-15v-150w-64634-efr-osram-lampada-prt355\/#primaryimage\"},\"image\":{\"@id\":\"https:\/\/www.interlampadas.com\/en\/lampadas\/lampadas-1\/utilizacao-especifica-51\/medicina-56\/outros-instrumentos-e-dispositivos-369\/gz6-35-15v-150w-64634-efr-osram-lampada-prt355\/#primaryimage\"},\"thumbnailUrl\":\"https:\/\/www.interlampadas.com\/wp-content\/uploads\/2021\/09\/10154.jpg\",\"datePublished\":\"2021-04-17T16:42:45+00:00\",\"dateModified\":\"2026-04-16T01:51:59+00:00\",\"description\":\"EAN 4050300006819L\u00e2mpada Osram para equipamentos m\u00e9dicosL\u00e2mpada para colposc\u00f3pioOsram(64634 HLX) EFR A1\/232 MR16 150W 15V GZ6.35 EAN: 4050300006819\",\"breadcrumb\":{\"@id\":\"https:\/\/www.interlampadas.com\/en\/lampadas\/lampadas-1\/utilizacao-especifica-51\/medicina-56\/outros-instrumentos-e-dispositivos-369\/gz6-35-15v-150w-64634-efr-osram-lampada-prt355\/#breadcrumb\"},\"inLanguage\":\"en-US\",\"potentialAction\":[{\"@type\":\"ReadAction\",\"target\":[\"https:\/\/www.interlampadas.com\/en\/lampadas\/lampadas-1\/utilizacao-especifica-51\/medicina-56\/outros-instrumentos-e-dispositivos-369\/gz6-35-15v-150w-64634-efr-osram-lampada-prt355\/\"]}]},{\"@type\":\"ImageObject\",\"inLanguage\":\"en-US\",\"@id\":\"https:\/\/www.interlampadas.com\/en\/lampadas\/lampadas-1\/utilizacao-especifica-51\/medicina-56\/outros-instrumentos-e-dispositivos-369\/gz6-35-15v-150w-64634-efr-osram-lampada-prt355\/#primaryimage\",\"url\":\"https:\/\/www.interlampadas.com\/wp-content\/uploads\/2021\/09\/10154.jpg\",\"contentUrl\":\"https:\/\/www.interlampadas.com\/wp-content\/uploads\/2021\/09\/10154.jpg\",\"width\":350,\"height\":350,\"caption\":\"GZ6,35 15v 150w 64634 Osram PRT355\"},{\"@type\":\"BreadcrumbList\",\"@id\":\"https:\/\/www.interlampadas.com\/en\/lampadas\/lampadas-1\/utilizacao-especifica-51\/medicina-56\/outros-instrumentos-e-dispositivos-369\/gz6-35-15v-150w-64634-efr-osram-lampada-prt355\/#breadcrumb\",\"itemListElement\":[{\"@type\":\"ListItem\",\"position\":1,\"name\":\"Home\",\"item\":\"https:\/\/www.interlampadas.com\/en\/\"},{\"@type\":\"ListItem\",\"position\":2,\"name\":\"Loja\",\"item\":\"https:\/\/www.interlampadas.com\/loja\/\"},{\"@type\":\"ListItem\",\"position\":3,\"name\":\"GZ6,35 15v 150w 64634 EFR Osram L\u00e2mpada PRT355\"}]},{\"@type\":\"WebSite\",\"@id\":\"https:\/\/www.interlampadas.com\/#website\",\"url\":\"https:\/\/www.interlampadas.com\/\",\"name\":\"Lumen by Interlampadas\",\"description\":\"lampadas\",\"alternateName\":\"Interlampadas\",\"potentialAction\":[{\"@type\":\"SearchAction\",\"target\":{\"@type\":\"EntryPoint\",\"urlTemplate\":\"https:\/\/www.interlampadas.com\/?s={search_term_string}\"},\"query-input\":{\"@type\":\"PropertyValueSpecification\",\"valueRequired\":true,\"valueName\":\"search_term_string\"}}],\"inLanguage\":\"en-US\"}]}<\/script>\n<!-- \/ Yoast SEO plugin. -->","yoast_head_json":{"title":"GZ6,35 15v 150w 64634 EFR Osram L\u00e2mpada PRT355 - Lumen by Interlampadas","description":"EAN 4050300006819L\u00e2mpada Osram para equipamentos m\u00e9dicosL\u00e2mpada para colposc\u00f3pioOsram(64634 HLX) EFR A1\/232 MR16 150W 15V GZ6.35 EAN: 4050300006819","robots":{"index":"index","follow":"follow","max-snippet":"max-snippet:-1","max-image-preview":"max-image-preview:large","max-video-preview":"max-video-preview:-1"},"canonical":"https:\/\/www.interlampadas.com\/en\/lampadas\/lampadas-1\/utilizacao-especifica-51\/medicina-56\/outros-instrumentos-e-dispositivos-369\/gz6-35-15v-150w-64634-efr-osram-lampada-prt355\/","og_locale":"en_US","og_type":"article","og_title":"GZ6,35 15v 150w 64634 EFR Osram L\u00e2mpada PRT355 - Lumen by Interlampadas","og_description":"EAN 4050300006819L\u00e2mpada Osram para equipamentos m\u00e9dicosL\u00e2mpada para colposc\u00f3pioOsram(64634 HLX) EFR A1\/232 MR16 150W 15V GZ6.35 EAN: 4050300006819","og_url":"https:\/\/www.interlampadas.com\/en\/lampadas\/lampadas-1\/utilizacao-especifica-51\/medicina-56\/outros-instrumentos-e-dispositivos-369\/gz6-35-15v-150w-64634-efr-osram-lampada-prt355\/","og_site_name":"Lumen by Interlampadas","article_publisher":"https:\/\/www.facebook.com\/interlampadas","article_modified_time":"2026-04-16T01:51:59+00:00","og_image":[{"width":350,"height":350,"url":"https:\/\/www.interlampadas.com\/wp-content\/uploads\/2021\/09\/10154.jpg","type":"image\/jpeg"}],"twitter_card":"summary_large_image","schema":{"@context":"https:\/\/schema.org","@graph":[{"@type":"WebPage","@id":"https:\/\/www.interlampadas.com\/en\/lampadas\/lampadas-1\/utilizacao-especifica-51\/medicina-56\/outros-instrumentos-e-dispositivos-369\/gz6-35-15v-150w-64634-efr-osram-lampada-prt355\/","url":"https:\/\/www.interlampadas.com\/en\/lampadas\/lampadas-1\/utilizacao-especifica-51\/medicina-56\/outros-instrumentos-e-dispositivos-369\/gz6-35-15v-150w-64634-efr-osram-lampada-prt355\/","name":"GZ6,35 15v 150w 64634 EFR Osram L\u00e2mpada PRT355 - Lumen by Interlampadas","isPartOf":{"@id":"https:\/\/www.interlampadas.com\/#website"},"primaryImageOfPage":{"@id":"https:\/\/www.interlampadas.com\/en\/lampadas\/lampadas-1\/utilizacao-especifica-51\/medicina-56\/outros-instrumentos-e-dispositivos-369\/gz6-35-15v-150w-64634-efr-osram-lampada-prt355\/#primaryimage"},"image":{"@id":"https:\/\/www.interlampadas.com\/en\/lampadas\/lampadas-1\/utilizacao-especifica-51\/medicina-56\/outros-instrumentos-e-dispositivos-369\/gz6-35-15v-150w-64634-efr-osram-lampada-prt355\/#primaryimage"},"thumbnailUrl":"https:\/\/www.interlampadas.com\/wp-content\/uploads\/2021\/09\/10154.jpg","datePublished":"2021-04-17T16:42:45+00:00","dateModified":"2026-04-16T01:51:59+00:00","description":"EAN 4050300006819L\u00e2mpada Osram para equipamentos m\u00e9dicosL\u00e2mpada para colposc\u00f3pioOsram(64634 HLX) EFR A1\/232 MR16 150W 15V GZ6.35 EAN: 4050300006819","breadcrumb":{"@id":"https:\/\/www.interlampadas.com\/en\/lampadas\/lampadas-1\/utilizacao-especifica-51\/medicina-56\/outros-instrumentos-e-dispositivos-369\/gz6-35-15v-150w-64634-efr-osram-lampada-prt355\/#breadcrumb"},"inLanguage":"en-US","potentialAction":[{"@type":"ReadAction","target":["https:\/\/www.interlampadas.com\/en\/lampadas\/lampadas-1\/utilizacao-especifica-51\/medicina-56\/outros-instrumentos-e-dispositivos-369\/gz6-35-15v-150w-64634-efr-osram-lampada-prt355\/"]}]},{"@type":"ImageObject","inLanguage":"en-US","@id":"https:\/\/www.interlampadas.com\/en\/lampadas\/lampadas-1\/utilizacao-especifica-51\/medicina-56\/outros-instrumentos-e-dispositivos-369\/gz6-35-15v-150w-64634-efr-osram-lampada-prt355\/#primaryimage","url":"https:\/\/www.interlampadas.com\/wp-content\/uploads\/2021\/09\/10154.jpg","contentUrl":"https:\/\/www.interlampadas.com\/wp-content\/uploads\/2021\/09\/10154.jpg","width":350,"height":350,"caption":"GZ6,35 15v 150w 64634 Osram PRT355"},{"@type":"BreadcrumbList","@id":"https:\/\/www.interlampadas.com\/en\/lampadas\/lampadas-1\/utilizacao-especifica-51\/medicina-56\/outros-instrumentos-e-dispositivos-369\/gz6-35-15v-150w-64634-efr-osram-lampada-prt355\/#breadcrumb","itemListElement":[{"@type":"ListItem","position":1,"name":"Home","item":"https:\/\/www.interlampadas.com\/en\/"},{"@type":"ListItem","position":2,"name":"Loja","item":"https:\/\/www.interlampadas.com\/loja\/"},{"@type":"ListItem","position":3,"name":"GZ6,35 15v 150w 64634 EFR Osram L\u00e2mpada PRT355"}]},{"@type":"WebSite","@id":"https:\/\/www.interlampadas.com\/#website","url":"https:\/\/www.interlampadas.com\/","name":"Lumen by Interlampadas","description":"lampadas","alternateName":"Interlampadas","potentialAction":[{"@type":"SearchAction","target":{"@type":"EntryPoint","urlTemplate":"https:\/\/www.interlampadas.com\/?s={search_term_string}"},"query-input":{"@type":"PropertyValueSpecification","valueRequired":true,"valueName":"search_term_string"}}],"inLanguage":"en-US"}]}},"brands":[{"id":273,"name":"OSRAM","slug":"osram"}],"_links":{"self":[{"href":"https:\/\/www.interlampadas.com\/en\/wp-json\/wp\/v2\/product\/13335","targetHints":{"allow":["GET"]}}],"collection":[{"href":"https:\/\/www.interlampadas.com\/en\/wp-json\/wp\/v2\/product"}],"about":[{"href":"https:\/\/www.interlampadas.com\/en\/wp-json\/wp\/v2\/types\/product"}],"replies":[{"embeddable":true,"href":"https:\/\/www.interlampadas.com\/en\/wp-json\/wp\/v2\/comments?post=13335"}],"wp:featuredmedia":[{"embeddable":true,"href":"https:\/\/www.interlampadas.com\/en\/wp-json\/wp\/v2\/media\/17195"}],"wp:attachment":[{"href":"https:\/\/www.interlampadas.com\/en\/wp-json\/wp\/v2\/media?parent=13335"}],"wp:term":[{"taxonomy":"pwb-brand","embeddable":true,"href":"https:\/\/www.interlampadas.com\/en\/wp-json\/wp\/v2\/pwb-brand?post=13335"},{"taxonomy":"product_brand","embeddable":true,"href":"https:\/\/www.interlampadas.com\/en\/wp-json\/wp\/v2\/product_brand?post=13335"},{"taxonomy":"product_cat","embeddable":true,"href":"https:\/\/www.interlampadas.com\/en\/wp-json\/wp\/v2\/product_cat?post=13335"},{"taxonomy":"product_tag","embeddable":true,"href":"https:\/\/www.interlampadas.com\/en\/wp-json\/wp\/v2\/product_tag?post=13335"}],"curies":[{"name":"wp","href":"https:\/\/api.w.org\/{rel}","templated":true}]}}