{"id":13319,"date":"2021-04-17T17:42:42","date_gmt":"2021-04-17T16:42:42","guid":{"rendered":"https:\/\/www.interlampadas.com\/lampadas\/sem%20categoria\/e14-30w-r39-prtzz4-220v\/"},"modified":"2026-03-17T02:52:23","modified_gmt":"2026-03-17T02:52:23","slug":"e14-30w-r39-45o-lampada-lava-prt446-220v","status":"publish","type":"product","link":"https:\/\/www.interlampadas.com\/en\/lampadas\/lampadas-1\/incandescentes-49\/spots-265\/e14-30w-r39-45o-lampada-lava-prt446-220v\/","title":{"rendered":"E14 30w R39 45\u00ba L\u00e2mpada Lava PRT446 (220v)"},"content":{"rendered":"<p>L\u00e2mpada incandescente Reflectora R39 30W<br \/> L\u00e2mpada\u00a0para candeeiros de lava<br \/>39x66mm<br \/>45\u00ba<br \/>  Reflector R39 E14 130V 30W Frosted 39x66mm Incandescent lamp<\/p>\n","protected":false},"excerpt":{"rendered":"<p>L\u00e2mpada incandescente Reflectora R39 30W L\u00e2mpada\u00a0para candeeiros de lava39x66mm45\u00ba Reflector R39 E14 130V 30W Frosted 39x66mm Incandescent lamp<\/p>\n","protected":false},"featured_media":18476,"comment_status":"open","ping_status":"closed","template":"","meta":{"_acf_changed":false},"pwb-brand":[],"product_brand":[],"product_cat":[133],"product_tag":[],"class_list":{"0":"post-13319","1":"product","2":"type-product","3":"status-publish","4":"has-post-thumbnail","6":"product_cat-spots-265","8":"first","9":"instock","10":"shipping-taxable","11":"purchasable","12":"product-type-simple"},"acf":[],"yoast_head":"<!-- This site is optimized with the Yoast SEO plugin v27.0 - https:\/\/yoast.com\/product\/yoast-seo-wordpress\/ -->\n<title>E14 30w R39 45\u00ba L\u00e2mpada Lava PRT446 (220v) - Lumen by Interlampadas<\/title>\n<meta name=\"description\" content=\"L\u00e2mpada incandescente Reflectora R39 30W L\u00e2mpada\u00a0para candeeiros de lava39x66mm45\u00ba Reflector R39 E14 130V 30W Frosted 39x66mm Incandescent lamp\" \/>\n<meta name=\"robots\" content=\"index, follow, max-snippet:-1, max-image-preview:large, max-video-preview:-1\" \/>\n<link rel=\"canonical\" href=\"https:\/\/www.interlampadas.com\/en\/lampadas\/lampadas-1\/incandescentes-49\/spots-265\/e14-30w-r39-45o-lampada-lava-prt446-220v\/\" \/>\n<meta property=\"og:locale\" content=\"en_US\" \/>\n<meta property=\"og:type\" content=\"article\" \/>\n<meta property=\"og:title\" content=\"E14 30w R39 45\u00ba L\u00e2mpada Lava PRT446 (220v) - Lumen by Interlampadas\" \/>\n<meta property=\"og:description\" content=\"L\u00e2mpada incandescente Reflectora R39 30W L\u00e2mpada\u00a0para candeeiros de lava39x66mm45\u00ba Reflector R39 E14 130V 30W Frosted 39x66mm Incandescent lamp\" \/>\n<meta property=\"og:url\" content=\"https:\/\/www.interlampadas.com\/en\/lampadas\/lampadas-1\/incandescentes-49\/spots-265\/e14-30w-r39-45o-lampada-lava-prt446-220v\/\" \/>\n<meta property=\"og:site_name\" content=\"Lumen by Interlampadas\" \/>\n<meta property=\"article:publisher\" content=\"https:\/\/www.facebook.com\/interlampadas\" \/>\n<meta property=\"article:modified_time\" content=\"2026-03-17T02:52:23+00:00\" \/>\n<meta property=\"og:image\" content=\"https:\/\/www.interlampadas.com\/wp-content\/uploads\/2022\/05\/10121.jpg\" \/>\n\t<meta property=\"og:image:width\" content=\"536\" \/>\n\t<meta property=\"og:image:height\" content=\"800\" \/>\n\t<meta property=\"og:image:type\" content=\"image\/jpeg\" \/>\n<meta name=\"twitter:card\" content=\"summary_large_image\" \/>\n<script type=\"application\/ld+json\" class=\"yoast-schema-graph\">{\"@context\":\"https:\/\/schema.org\",\"@graph\":[{\"@type\":\"WebPage\",\"@id\":\"https:\/\/www.interlampadas.com\/en\/lampadas\/lampadas-1\/incandescentes-49\/spots-265\/e14-30w-r39-45o-lampada-lava-prt446-220v\/\",\"url\":\"https:\/\/www.interlampadas.com\/en\/lampadas\/lampadas-1\/incandescentes-49\/spots-265\/e14-30w-r39-45o-lampada-lava-prt446-220v\/\",\"name\":\"E14 30w R39 45\u00ba L\u00e2mpada Lava PRT446 (220v) - Lumen by Interlampadas\",\"isPartOf\":{\"@id\":\"https:\/\/www.interlampadas.com\/#website\"},\"primaryImageOfPage\":{\"@id\":\"https:\/\/www.interlampadas.com\/en\/lampadas\/lampadas-1\/incandescentes-49\/spots-265\/e14-30w-r39-45o-lampada-lava-prt446-220v\/#primaryimage\"},\"image\":{\"@id\":\"https:\/\/www.interlampadas.com\/en\/lampadas\/lampadas-1\/incandescentes-49\/spots-265\/e14-30w-r39-45o-lampada-lava-prt446-220v\/#primaryimage\"},\"thumbnailUrl\":\"https:\/\/www.interlampadas.com\/wp-content\/uploads\/2022\/05\/10121.jpg\",\"datePublished\":\"2021-04-17T16:42:42+00:00\",\"dateModified\":\"2026-03-17T02:52:23+00:00\",\"description\":\"L\u00e2mpada incandescente Reflectora R39 30W L\u00e2mpada\u00a0para candeeiros de lava39x66mm45\u00ba Reflector R39 E14 130V 30W Frosted 39x66mm Incandescent lamp\",\"breadcrumb\":{\"@id\":\"https:\/\/www.interlampadas.com\/en\/lampadas\/lampadas-1\/incandescentes-49\/spots-265\/e14-30w-r39-45o-lampada-lava-prt446-220v\/#breadcrumb\"},\"inLanguage\":\"en-US\",\"potentialAction\":[{\"@type\":\"ReadAction\",\"target\":[\"https:\/\/www.interlampadas.com\/en\/lampadas\/lampadas-1\/incandescentes-49\/spots-265\/e14-30w-r39-45o-lampada-lava-prt446-220v\/\"]}]},{\"@type\":\"ImageObject\",\"inLanguage\":\"en-US\",\"@id\":\"https:\/\/www.interlampadas.com\/en\/lampadas\/lampadas-1\/incandescentes-49\/spots-265\/e14-30w-r39-45o-lampada-lava-prt446-220v\/#primaryimage\",\"url\":\"https:\/\/www.interlampadas.com\/wp-content\/uploads\/2022\/05\/10121.jpg\",\"contentUrl\":\"https:\/\/www.interlampadas.com\/wp-content\/uploads\/2022\/05\/10121.jpg\",\"width\":536,\"height\":800,\"caption\":\"E14 30w R39 45\u00ba PRTZZ4 (220v)\"},{\"@type\":\"BreadcrumbList\",\"@id\":\"https:\/\/www.interlampadas.com\/en\/lampadas\/lampadas-1\/incandescentes-49\/spots-265\/e14-30w-r39-45o-lampada-lava-prt446-220v\/#breadcrumb\",\"itemListElement\":[{\"@type\":\"ListItem\",\"position\":1,\"name\":\"Home\",\"item\":\"https:\/\/www.interlampadas.com\/en\/\"},{\"@type\":\"ListItem\",\"position\":2,\"name\":\"Loja\",\"item\":\"https:\/\/www.interlampadas.com\/loja\/\"},{\"@type\":\"ListItem\",\"position\":3,\"name\":\"E14 30w R39 45\u00ba L\u00e2mpada Lava PRT446 (220v)\"}]},{\"@type\":\"WebSite\",\"@id\":\"https:\/\/www.interlampadas.com\/#website\",\"url\":\"https:\/\/www.interlampadas.com\/\",\"name\":\"Lumen by Interlampadas\",\"description\":\"lampadas\",\"alternateName\":\"Interlampadas\",\"potentialAction\":[{\"@type\":\"SearchAction\",\"target\":{\"@type\":\"EntryPoint\",\"urlTemplate\":\"https:\/\/www.interlampadas.com\/?s={search_term_string}\"},\"query-input\":{\"@type\":\"PropertyValueSpecification\",\"valueRequired\":true,\"valueName\":\"search_term_string\"}}],\"inLanguage\":\"en-US\"}]}<\/script>\n<!-- \/ Yoast SEO plugin. -->","yoast_head_json":{"title":"E14 30w R39 45\u00ba L\u00e2mpada Lava PRT446 (220v) - Lumen by Interlampadas","description":"L\u00e2mpada incandescente Reflectora R39 30W L\u00e2mpada\u00a0para candeeiros de lava39x66mm45\u00ba Reflector R39 E14 130V 30W Frosted 39x66mm Incandescent lamp","robots":{"index":"index","follow":"follow","max-snippet":"max-snippet:-1","max-image-preview":"max-image-preview:large","max-video-preview":"max-video-preview:-1"},"canonical":"https:\/\/www.interlampadas.com\/en\/lampadas\/lampadas-1\/incandescentes-49\/spots-265\/e14-30w-r39-45o-lampada-lava-prt446-220v\/","og_locale":"en_US","og_type":"article","og_title":"E14 30w R39 45\u00ba L\u00e2mpada Lava PRT446 (220v) - Lumen by Interlampadas","og_description":"L\u00e2mpada incandescente Reflectora R39 30W L\u00e2mpada\u00a0para candeeiros de lava39x66mm45\u00ba Reflector R39 E14 130V 30W Frosted 39x66mm Incandescent lamp","og_url":"https:\/\/www.interlampadas.com\/en\/lampadas\/lampadas-1\/incandescentes-49\/spots-265\/e14-30w-r39-45o-lampada-lava-prt446-220v\/","og_site_name":"Lumen by Interlampadas","article_publisher":"https:\/\/www.facebook.com\/interlampadas","article_modified_time":"2026-03-17T02:52:23+00:00","og_image":[{"width":536,"height":800,"url":"https:\/\/www.interlampadas.com\/wp-content\/uploads\/2022\/05\/10121.jpg","type":"image\/jpeg"}],"twitter_card":"summary_large_image","schema":{"@context":"https:\/\/schema.org","@graph":[{"@type":"WebPage","@id":"https:\/\/www.interlampadas.com\/en\/lampadas\/lampadas-1\/incandescentes-49\/spots-265\/e14-30w-r39-45o-lampada-lava-prt446-220v\/","url":"https:\/\/www.interlampadas.com\/en\/lampadas\/lampadas-1\/incandescentes-49\/spots-265\/e14-30w-r39-45o-lampada-lava-prt446-220v\/","name":"E14 30w R39 45\u00ba L\u00e2mpada Lava PRT446 (220v) - Lumen by Interlampadas","isPartOf":{"@id":"https:\/\/www.interlampadas.com\/#website"},"primaryImageOfPage":{"@id":"https:\/\/www.interlampadas.com\/en\/lampadas\/lampadas-1\/incandescentes-49\/spots-265\/e14-30w-r39-45o-lampada-lava-prt446-220v\/#primaryimage"},"image":{"@id":"https:\/\/www.interlampadas.com\/en\/lampadas\/lampadas-1\/incandescentes-49\/spots-265\/e14-30w-r39-45o-lampada-lava-prt446-220v\/#primaryimage"},"thumbnailUrl":"https:\/\/www.interlampadas.com\/wp-content\/uploads\/2022\/05\/10121.jpg","datePublished":"2021-04-17T16:42:42+00:00","dateModified":"2026-03-17T02:52:23+00:00","description":"L\u00e2mpada incandescente Reflectora R39 30W L\u00e2mpada\u00a0para candeeiros de lava39x66mm45\u00ba Reflector R39 E14 130V 30W Frosted 39x66mm Incandescent lamp","breadcrumb":{"@id":"https:\/\/www.interlampadas.com\/en\/lampadas\/lampadas-1\/incandescentes-49\/spots-265\/e14-30w-r39-45o-lampada-lava-prt446-220v\/#breadcrumb"},"inLanguage":"en-US","potentialAction":[{"@type":"ReadAction","target":["https:\/\/www.interlampadas.com\/en\/lampadas\/lampadas-1\/incandescentes-49\/spots-265\/e14-30w-r39-45o-lampada-lava-prt446-220v\/"]}]},{"@type":"ImageObject","inLanguage":"en-US","@id":"https:\/\/www.interlampadas.com\/en\/lampadas\/lampadas-1\/incandescentes-49\/spots-265\/e14-30w-r39-45o-lampada-lava-prt446-220v\/#primaryimage","url":"https:\/\/www.interlampadas.com\/wp-content\/uploads\/2022\/05\/10121.jpg","contentUrl":"https:\/\/www.interlampadas.com\/wp-content\/uploads\/2022\/05\/10121.jpg","width":536,"height":800,"caption":"E14 30w R39 45\u00ba PRTZZ4 (220v)"},{"@type":"BreadcrumbList","@id":"https:\/\/www.interlampadas.com\/en\/lampadas\/lampadas-1\/incandescentes-49\/spots-265\/e14-30w-r39-45o-lampada-lava-prt446-220v\/#breadcrumb","itemListElement":[{"@type":"ListItem","position":1,"name":"Home","item":"https:\/\/www.interlampadas.com\/en\/"},{"@type":"ListItem","position":2,"name":"Loja","item":"https:\/\/www.interlampadas.com\/loja\/"},{"@type":"ListItem","position":3,"name":"E14 30w R39 45\u00ba L\u00e2mpada Lava PRT446 (220v)"}]},{"@type":"WebSite","@id":"https:\/\/www.interlampadas.com\/#website","url":"https:\/\/www.interlampadas.com\/","name":"Lumen by Interlampadas","description":"lampadas","alternateName":"Interlampadas","potentialAction":[{"@type":"SearchAction","target":{"@type":"EntryPoint","urlTemplate":"https:\/\/www.interlampadas.com\/?s={search_term_string}"},"query-input":{"@type":"PropertyValueSpecification","valueRequired":true,"valueName":"search_term_string"}}],"inLanguage":"en-US"}]}},"brands":[],"_links":{"self":[{"href":"https:\/\/www.interlampadas.com\/en\/wp-json\/wp\/v2\/product\/13319","targetHints":{"allow":["GET"]}}],"collection":[{"href":"https:\/\/www.interlampadas.com\/en\/wp-json\/wp\/v2\/product"}],"about":[{"href":"https:\/\/www.interlampadas.com\/en\/wp-json\/wp\/v2\/types\/product"}],"replies":[{"embeddable":true,"href":"https:\/\/www.interlampadas.com\/en\/wp-json\/wp\/v2\/comments?post=13319"}],"wp:featuredmedia":[{"embeddable":true,"href":"https:\/\/www.interlampadas.com\/en\/wp-json\/wp\/v2\/media\/18476"}],"wp:attachment":[{"href":"https:\/\/www.interlampadas.com\/en\/wp-json\/wp\/v2\/media?parent=13319"}],"wp:term":[{"taxonomy":"pwb-brand","embeddable":true,"href":"https:\/\/www.interlampadas.com\/en\/wp-json\/wp\/v2\/pwb-brand?post=13319"},{"taxonomy":"product_brand","embeddable":true,"href":"https:\/\/www.interlampadas.com\/en\/wp-json\/wp\/v2\/product_brand?post=13319"},{"taxonomy":"product_cat","embeddable":true,"href":"https:\/\/www.interlampadas.com\/en\/wp-json\/wp\/v2\/product_cat?post=13319"},{"taxonomy":"product_tag","embeddable":true,"href":"https:\/\/www.interlampadas.com\/en\/wp-json\/wp\/v2\/product_tag?post=13319"}],"curies":[{"name":"wp","href":"https:\/\/api.w.org\/{rel}","templated":true}]}}