{"id":13288,"date":"2021-04-17T17:42:38","date_gmt":"2021-04-17T16:42:38","guid":{"rendered":"https:\/\/www.interlampadas.com\/lampadas\/sem%20categoria\/g6-35-15v-150w-brj-64633-prt623a\/"},"modified":"2025-12-30T02:52:58","modified_gmt":"2025-12-30T02:52:58","slug":"g6-35-15v-150w-brj-64633-lampada-prt194","status":"publish","type":"product","link":"https:\/\/www.interlampadas.com\/en\/lampadas\/lampadas-1\/utilizacao-especifica-51\/medicina-56\/outros-instrumentos-e-dispositivos-369\/g6-35-15v-150w-brj-64633-lampada-prt194\/","title":{"rendered":"G6,35 15v 150w BRJ 64633 L\u00e2mpada PRT194"},"content":{"rendered":"<p>EAN 4050300006710<br \/>L\u00e2mpada para equipamentos m\u00e9dicos<br \/>3450K<br \/>11x44mm<br \/>50h<br \/>EVB-BRJ<\/p>\n<p>  Osram 64540 XENOPHOT HLX A1\/234 BRJ G6.35 15V 150W 5600lm 3450K Clear Halogen LCL30 11.5x44mm 50h Projection lighting<\/p>\n","protected":false},"excerpt":{"rendered":"<p>EAN 4050300006710L\u00e2mpada para equipamentos m\u00e9dicos3450K11x44mm50hEVB-BRJ Osram 64540 XENOPHOT HLX A1\/234 BRJ G6.35 15V 150W 5600lm 3450K Clear Halogen LCL30<\/p>\n","protected":false},"featured_media":16009,"comment_status":"open","ping_status":"closed","template":"","meta":{"_acf_changed":false},"pwb-brand":[],"product_brand":[],"product_cat":[163],"product_tag":[],"class_list":{"0":"post-13288","1":"product","2":"type-product","3":"status-publish","4":"has-post-thumbnail","6":"product_cat-outros-instrumentos-e-dispositivos-369","8":"first","9":"instock","10":"shipping-taxable","11":"purchasable","12":"product-type-simple"},"acf":[],"yoast_head":"<!-- This site is optimized with the Yoast SEO plugin v27.0 - https:\/\/yoast.com\/product\/yoast-seo-wordpress\/ -->\n<title>G6,35 15v 150w BRJ 64633 L\u00e2mpada PRT194 - Lumen by Interlampadas<\/title>\n<meta name=\"description\" content=\"EAN 4050300006710L\u00e2mpada para equipamentos m\u00e9dicos3450K11x44mm50hEVB-BRJ Osram 64540 XENOPHOT HLX A1\/234 BRJ G6.35 15V 150W 5600lm 3450K Clear Halogen\" \/>\n<meta name=\"robots\" content=\"index, follow, max-snippet:-1, max-image-preview:large, max-video-preview:-1\" \/>\n<link rel=\"canonical\" href=\"https:\/\/www.interlampadas.com\/en\/lampadas\/lampadas-1\/utilizacao-especifica-51\/medicina-56\/outros-instrumentos-e-dispositivos-369\/g6-35-15v-150w-brj-64633-lampada-prt194\/\" \/>\n<meta property=\"og:locale\" content=\"en_US\" \/>\n<meta property=\"og:type\" content=\"article\" \/>\n<meta property=\"og:title\" content=\"G6,35 15v 150w BRJ 64633 L\u00e2mpada PRT194 - Lumen by Interlampadas\" \/>\n<meta property=\"og:description\" content=\"EAN 4050300006710L\u00e2mpada para equipamentos m\u00e9dicos3450K11x44mm50hEVB-BRJ Osram 64540 XENOPHOT HLX A1\/234 BRJ G6.35 15V 150W 5600lm 3450K Clear Halogen\" \/>\n<meta property=\"og:url\" content=\"https:\/\/www.interlampadas.com\/en\/lampadas\/lampadas-1\/utilizacao-especifica-51\/medicina-56\/outros-instrumentos-e-dispositivos-369\/g6-35-15v-150w-brj-64633-lampada-prt194\/\" \/>\n<meta property=\"og:site_name\" content=\"Lumen by Interlampadas\" \/>\n<meta property=\"article:publisher\" content=\"https:\/\/www.facebook.com\/interlampadas\" \/>\n<meta property=\"article:modified_time\" content=\"2025-12-30T02:52:58+00:00\" \/>\n<meta property=\"og:image\" content=\"https:\/\/www.interlampadas.com\/wp-content\/uploads\/2021\/05\/14530.jpg\" \/>\n\t<meta property=\"og:image:width\" content=\"225\" \/>\n\t<meta property=\"og:image:height\" content=\"225\" \/>\n\t<meta property=\"og:image:type\" content=\"image\/jpeg\" \/>\n<meta name=\"twitter:card\" content=\"summary_large_image\" \/>\n<script type=\"application\/ld+json\" class=\"yoast-schema-graph\">{\"@context\":\"https:\/\/schema.org\",\"@graph\":[{\"@type\":\"WebPage\",\"@id\":\"https:\/\/www.interlampadas.com\/en\/lampadas\/lampadas-1\/utilizacao-especifica-51\/medicina-56\/outros-instrumentos-e-dispositivos-369\/g6-35-15v-150w-brj-64633-lampada-prt194\/\",\"url\":\"https:\/\/www.interlampadas.com\/en\/lampadas\/lampadas-1\/utilizacao-especifica-51\/medicina-56\/outros-instrumentos-e-dispositivos-369\/g6-35-15v-150w-brj-64633-lampada-prt194\/\",\"name\":\"G6,35 15v 150w BRJ 64633 L\u00e2mpada PRT194 - Lumen by Interlampadas\",\"isPartOf\":{\"@id\":\"https:\/\/www.interlampadas.com\/#website\"},\"primaryImageOfPage\":{\"@id\":\"https:\/\/www.interlampadas.com\/en\/lampadas\/lampadas-1\/utilizacao-especifica-51\/medicina-56\/outros-instrumentos-e-dispositivos-369\/g6-35-15v-150w-brj-64633-lampada-prt194\/#primaryimage\"},\"image\":{\"@id\":\"https:\/\/www.interlampadas.com\/en\/lampadas\/lampadas-1\/utilizacao-especifica-51\/medicina-56\/outros-instrumentos-e-dispositivos-369\/g6-35-15v-150w-brj-64633-lampada-prt194\/#primaryimage\"},\"thumbnailUrl\":\"https:\/\/www.interlampadas.com\/wp-content\/uploads\/2021\/05\/14530.jpg\",\"datePublished\":\"2021-04-17T16:42:38+00:00\",\"dateModified\":\"2025-12-30T02:52:58+00:00\",\"description\":\"EAN 4050300006710L\u00e2mpada para equipamentos m\u00e9dicos3450K11x44mm50hEVB-BRJ Osram 64540 XENOPHOT HLX A1\/234 BRJ G6.35 15V 150W 5600lm 3450K Clear Halogen\",\"breadcrumb\":{\"@id\":\"https:\/\/www.interlampadas.com\/en\/lampadas\/lampadas-1\/utilizacao-especifica-51\/medicina-56\/outros-instrumentos-e-dispositivos-369\/g6-35-15v-150w-brj-64633-lampada-prt194\/#breadcrumb\"},\"inLanguage\":\"en-US\",\"potentialAction\":[{\"@type\":\"ReadAction\",\"target\":[\"https:\/\/www.interlampadas.com\/en\/lampadas\/lampadas-1\/utilizacao-especifica-51\/medicina-56\/outros-instrumentos-e-dispositivos-369\/g6-35-15v-150w-brj-64633-lampada-prt194\/\"]}]},{\"@type\":\"ImageObject\",\"inLanguage\":\"en-US\",\"@id\":\"https:\/\/www.interlampadas.com\/en\/lampadas\/lampadas-1\/utilizacao-especifica-51\/medicina-56\/outros-instrumentos-e-dispositivos-369\/g6-35-15v-150w-brj-64633-lampada-prt194\/#primaryimage\",\"url\":\"https:\/\/www.interlampadas.com\/wp-content\/uploads\/2021\/05\/14530.jpg\",\"contentUrl\":\"https:\/\/www.interlampadas.com\/wp-content\/uploads\/2021\/05\/14530.jpg\",\"width\":225,\"height\":225,\"caption\":\"G6,35 15v 150w BRJ 64633 PRT623A\"},{\"@type\":\"BreadcrumbList\",\"@id\":\"https:\/\/www.interlampadas.com\/en\/lampadas\/lampadas-1\/utilizacao-especifica-51\/medicina-56\/outros-instrumentos-e-dispositivos-369\/g6-35-15v-150w-brj-64633-lampada-prt194\/#breadcrumb\",\"itemListElement\":[{\"@type\":\"ListItem\",\"position\":1,\"name\":\"Home\",\"item\":\"https:\/\/www.interlampadas.com\/en\/\"},{\"@type\":\"ListItem\",\"position\":2,\"name\":\"Loja\",\"item\":\"https:\/\/www.interlampadas.com\/loja\/\"},{\"@type\":\"ListItem\",\"position\":3,\"name\":\"G6,35 15v 150w BRJ 64633 L\u00e2mpada PRT194\"}]},{\"@type\":\"WebSite\",\"@id\":\"https:\/\/www.interlampadas.com\/#website\",\"url\":\"https:\/\/www.interlampadas.com\/\",\"name\":\"Lumen by Interlampadas\",\"description\":\"lampadas\",\"alternateName\":\"Interlampadas\",\"potentialAction\":[{\"@type\":\"SearchAction\",\"target\":{\"@type\":\"EntryPoint\",\"urlTemplate\":\"https:\/\/www.interlampadas.com\/?s={search_term_string}\"},\"query-input\":{\"@type\":\"PropertyValueSpecification\",\"valueRequired\":true,\"valueName\":\"search_term_string\"}}],\"inLanguage\":\"en-US\"}]}<\/script>\n<!-- \/ Yoast SEO plugin. -->","yoast_head_json":{"title":"G6,35 15v 150w BRJ 64633 L\u00e2mpada PRT194 - Lumen by Interlampadas","description":"EAN 4050300006710L\u00e2mpada para equipamentos m\u00e9dicos3450K11x44mm50hEVB-BRJ Osram 64540 XENOPHOT HLX A1\/234 BRJ G6.35 15V 150W 5600lm 3450K Clear Halogen","robots":{"index":"index","follow":"follow","max-snippet":"max-snippet:-1","max-image-preview":"max-image-preview:large","max-video-preview":"max-video-preview:-1"},"canonical":"https:\/\/www.interlampadas.com\/en\/lampadas\/lampadas-1\/utilizacao-especifica-51\/medicina-56\/outros-instrumentos-e-dispositivos-369\/g6-35-15v-150w-brj-64633-lampada-prt194\/","og_locale":"en_US","og_type":"article","og_title":"G6,35 15v 150w BRJ 64633 L\u00e2mpada PRT194 - Lumen by Interlampadas","og_description":"EAN 4050300006710L\u00e2mpada para equipamentos m\u00e9dicos3450K11x44mm50hEVB-BRJ Osram 64540 XENOPHOT HLX A1\/234 BRJ G6.35 15V 150W 5600lm 3450K Clear Halogen","og_url":"https:\/\/www.interlampadas.com\/en\/lampadas\/lampadas-1\/utilizacao-especifica-51\/medicina-56\/outros-instrumentos-e-dispositivos-369\/g6-35-15v-150w-brj-64633-lampada-prt194\/","og_site_name":"Lumen by Interlampadas","article_publisher":"https:\/\/www.facebook.com\/interlampadas","article_modified_time":"2025-12-30T02:52:58+00:00","og_image":[{"width":225,"height":225,"url":"https:\/\/www.interlampadas.com\/wp-content\/uploads\/2021\/05\/14530.jpg","type":"image\/jpeg"}],"twitter_card":"summary_large_image","schema":{"@context":"https:\/\/schema.org","@graph":[{"@type":"WebPage","@id":"https:\/\/www.interlampadas.com\/en\/lampadas\/lampadas-1\/utilizacao-especifica-51\/medicina-56\/outros-instrumentos-e-dispositivos-369\/g6-35-15v-150w-brj-64633-lampada-prt194\/","url":"https:\/\/www.interlampadas.com\/en\/lampadas\/lampadas-1\/utilizacao-especifica-51\/medicina-56\/outros-instrumentos-e-dispositivos-369\/g6-35-15v-150w-brj-64633-lampada-prt194\/","name":"G6,35 15v 150w BRJ 64633 L\u00e2mpada PRT194 - Lumen by Interlampadas","isPartOf":{"@id":"https:\/\/www.interlampadas.com\/#website"},"primaryImageOfPage":{"@id":"https:\/\/www.interlampadas.com\/en\/lampadas\/lampadas-1\/utilizacao-especifica-51\/medicina-56\/outros-instrumentos-e-dispositivos-369\/g6-35-15v-150w-brj-64633-lampada-prt194\/#primaryimage"},"image":{"@id":"https:\/\/www.interlampadas.com\/en\/lampadas\/lampadas-1\/utilizacao-especifica-51\/medicina-56\/outros-instrumentos-e-dispositivos-369\/g6-35-15v-150w-brj-64633-lampada-prt194\/#primaryimage"},"thumbnailUrl":"https:\/\/www.interlampadas.com\/wp-content\/uploads\/2021\/05\/14530.jpg","datePublished":"2021-04-17T16:42:38+00:00","dateModified":"2025-12-30T02:52:58+00:00","description":"EAN 4050300006710L\u00e2mpada para equipamentos m\u00e9dicos3450K11x44mm50hEVB-BRJ Osram 64540 XENOPHOT HLX A1\/234 BRJ G6.35 15V 150W 5600lm 3450K Clear Halogen","breadcrumb":{"@id":"https:\/\/www.interlampadas.com\/en\/lampadas\/lampadas-1\/utilizacao-especifica-51\/medicina-56\/outros-instrumentos-e-dispositivos-369\/g6-35-15v-150w-brj-64633-lampada-prt194\/#breadcrumb"},"inLanguage":"en-US","potentialAction":[{"@type":"ReadAction","target":["https:\/\/www.interlampadas.com\/en\/lampadas\/lampadas-1\/utilizacao-especifica-51\/medicina-56\/outros-instrumentos-e-dispositivos-369\/g6-35-15v-150w-brj-64633-lampada-prt194\/"]}]},{"@type":"ImageObject","inLanguage":"en-US","@id":"https:\/\/www.interlampadas.com\/en\/lampadas\/lampadas-1\/utilizacao-especifica-51\/medicina-56\/outros-instrumentos-e-dispositivos-369\/g6-35-15v-150w-brj-64633-lampada-prt194\/#primaryimage","url":"https:\/\/www.interlampadas.com\/wp-content\/uploads\/2021\/05\/14530.jpg","contentUrl":"https:\/\/www.interlampadas.com\/wp-content\/uploads\/2021\/05\/14530.jpg","width":225,"height":225,"caption":"G6,35 15v 150w BRJ 64633 PRT623A"},{"@type":"BreadcrumbList","@id":"https:\/\/www.interlampadas.com\/en\/lampadas\/lampadas-1\/utilizacao-especifica-51\/medicina-56\/outros-instrumentos-e-dispositivos-369\/g6-35-15v-150w-brj-64633-lampada-prt194\/#breadcrumb","itemListElement":[{"@type":"ListItem","position":1,"name":"Home","item":"https:\/\/www.interlampadas.com\/en\/"},{"@type":"ListItem","position":2,"name":"Loja","item":"https:\/\/www.interlampadas.com\/loja\/"},{"@type":"ListItem","position":3,"name":"G6,35 15v 150w BRJ 64633 L\u00e2mpada PRT194"}]},{"@type":"WebSite","@id":"https:\/\/www.interlampadas.com\/#website","url":"https:\/\/www.interlampadas.com\/","name":"Lumen by Interlampadas","description":"lampadas","alternateName":"Interlampadas","potentialAction":[{"@type":"SearchAction","target":{"@type":"EntryPoint","urlTemplate":"https:\/\/www.interlampadas.com\/?s={search_term_string}"},"query-input":{"@type":"PropertyValueSpecification","valueRequired":true,"valueName":"search_term_string"}}],"inLanguage":"en-US"}]}},"brands":[],"_links":{"self":[{"href":"https:\/\/www.interlampadas.com\/en\/wp-json\/wp\/v2\/product\/13288","targetHints":{"allow":["GET"]}}],"collection":[{"href":"https:\/\/www.interlampadas.com\/en\/wp-json\/wp\/v2\/product"}],"about":[{"href":"https:\/\/www.interlampadas.com\/en\/wp-json\/wp\/v2\/types\/product"}],"replies":[{"embeddable":true,"href":"https:\/\/www.interlampadas.com\/en\/wp-json\/wp\/v2\/comments?post=13288"}],"wp:featuredmedia":[{"embeddable":true,"href":"https:\/\/www.interlampadas.com\/en\/wp-json\/wp\/v2\/media\/16009"}],"wp:attachment":[{"href":"https:\/\/www.interlampadas.com\/en\/wp-json\/wp\/v2\/media?parent=13288"}],"wp:term":[{"taxonomy":"pwb-brand","embeddable":true,"href":"https:\/\/www.interlampadas.com\/en\/wp-json\/wp\/v2\/pwb-brand?post=13288"},{"taxonomy":"product_brand","embeddable":true,"href":"https:\/\/www.interlampadas.com\/en\/wp-json\/wp\/v2\/product_brand?post=13288"},{"taxonomy":"product_cat","embeddable":true,"href":"https:\/\/www.interlampadas.com\/en\/wp-json\/wp\/v2\/product_cat?post=13288"},{"taxonomy":"product_tag","embeddable":true,"href":"https:\/\/www.interlampadas.com\/en\/wp-json\/wp\/v2\/product_tag?post=13288"}],"curies":[{"name":"wp","href":"https:\/\/api.w.org\/{rel}","templated":true}]}}