{"id":13281,"date":"2021-04-17T17:42:37","date_gmt":"2021-04-17T16:42:37","guid":{"rendered":"https:\/\/www.interlampadas.com\/lampadas\/sem%20categoria\/gx6-35-300w-64515-15h-prt201-220v\/"},"modified":"2026-04-15T02:52:13","modified_gmt":"2026-04-15T01:52:13","slug":"gx6-35-300w-osram-64515-15h-lampada-prt531-220v","status":"publish","type":"product","link":"https:\/\/www.interlampadas.com\/en\/lampadas\/lampadas-1\/utilizacao-especifica-51\/estudios-espectaculo-249\/gx6-35-300w-osram-64515-15h-lampada-prt531-220v\/","title":{"rendered":"GX6,35 300w Osram 64515 15h L\u00e2mpada PRT531 (220v)"},"content":{"rendered":"<p>EAN 4008321746153<br \/>L\u00e2mpada de hal\u00f3g\u00e9nio para projector de ilumina\u00e7\u00e3o<br \/>15h<br \/>18x53mm<br \/>  64515 300W 230V GX6.35<\/p>\n","protected":false},"excerpt":{"rendered":"<p>EAN 4008321746153L\u00e2mpada de hal\u00f3g\u00e9nio para projector de ilumina\u00e7\u00e3o15h18x53mm 64515 300W 230V GX6.35<\/p>\n","protected":false},"featured_media":15847,"comment_status":"open","ping_status":"closed","template":"","meta":{"_acf_changed":false},"pwb-brand":[273],"product_brand":[],"product_cat":[147],"product_tag":[],"class_list":{"0":"post-13281","1":"product","2":"type-product","3":"status-publish","4":"has-post-thumbnail","6":"pwb-brand-osram","7":"product_cat-estudios-espectaculo-249","9":"first","10":"onbackorder","11":"shipping-taxable","12":"purchasable","13":"product-type-simple"},"acf":[],"yoast_head":"<!-- This site is optimized with the Yoast SEO plugin v27.0 - https:\/\/yoast.com\/product\/yoast-seo-wordpress\/ -->\n<title>GX6,35 300w Osram 64515 15h L\u00e2mpada PRT531 (220v) - Lumen by Interlampadas<\/title>\n<meta name=\"description\" content=\"EAN 4008321746153L\u00e2mpada de hal\u00f3g\u00e9nio para projector de ilumina\u00e7\u00e3o15h18x53mm 64515 300W 230V GX6.35\" \/>\n<meta name=\"robots\" content=\"index, follow, max-snippet:-1, max-image-preview:large, max-video-preview:-1\" \/>\n<link rel=\"canonical\" href=\"https:\/\/www.interlampadas.com\/en\/lampadas\/lampadas-1\/utilizacao-especifica-51\/estudios-espectaculo-249\/gx6-35-300w-osram-64515-15h-lampada-prt531-220v\/\" \/>\n<meta property=\"og:locale\" content=\"en_US\" \/>\n<meta property=\"og:type\" content=\"article\" \/>\n<meta property=\"og:title\" content=\"GX6,35 300w Osram 64515 15h L\u00e2mpada PRT531 (220v) - Lumen by Interlampadas\" \/>\n<meta property=\"og:description\" content=\"EAN 4008321746153L\u00e2mpada de hal\u00f3g\u00e9nio para projector de ilumina\u00e7\u00e3o15h18x53mm 64515 300W 230V GX6.35\" \/>\n<meta property=\"og:url\" content=\"https:\/\/www.interlampadas.com\/en\/lampadas\/lampadas-1\/utilizacao-especifica-51\/estudios-espectaculo-249\/gx6-35-300w-osram-64515-15h-lampada-prt531-220v\/\" \/>\n<meta property=\"og:site_name\" content=\"Lumen by Interlampadas\" \/>\n<meta property=\"article:publisher\" content=\"https:\/\/www.facebook.com\/interlampadas\" \/>\n<meta property=\"article:modified_time\" content=\"2026-04-15T01:52:13+00:00\" \/>\n<meta property=\"og:image\" content=\"https:\/\/www.interlampadas.com\/wp-content\/uploads\/2021\/04\/6862-1.jpg\" \/>\n\t<meta property=\"og:image:width\" content=\"573\" \/>\n\t<meta property=\"og:image:height\" content=\"800\" \/>\n\t<meta property=\"og:image:type\" content=\"image\/jpeg\" \/>\n<meta name=\"twitter:card\" content=\"summary_large_image\" \/>\n<script type=\"application\/ld+json\" class=\"yoast-schema-graph\">{\"@context\":\"https:\/\/schema.org\",\"@graph\":[{\"@type\":\"WebPage\",\"@id\":\"https:\/\/www.interlampadas.com\/en\/lampadas\/lampadas-1\/utilizacao-especifica-51\/estudios-espectaculo-249\/gx6-35-300w-osram-64515-15h-lampada-prt531-220v\/\",\"url\":\"https:\/\/www.interlampadas.com\/en\/lampadas\/lampadas-1\/utilizacao-especifica-51\/estudios-espectaculo-249\/gx6-35-300w-osram-64515-15h-lampada-prt531-220v\/\",\"name\":\"GX6,35 300w Osram 64515 15h L\u00e2mpada PRT531 (220v) - Lumen by Interlampadas\",\"isPartOf\":{\"@id\":\"https:\/\/www.interlampadas.com\/#website\"},\"primaryImageOfPage\":{\"@id\":\"https:\/\/www.interlampadas.com\/en\/lampadas\/lampadas-1\/utilizacao-especifica-51\/estudios-espectaculo-249\/gx6-35-300w-osram-64515-15h-lampada-prt531-220v\/#primaryimage\"},\"image\":{\"@id\":\"https:\/\/www.interlampadas.com\/en\/lampadas\/lampadas-1\/utilizacao-especifica-51\/estudios-espectaculo-249\/gx6-35-300w-osram-64515-15h-lampada-prt531-220v\/#primaryimage\"},\"thumbnailUrl\":\"https:\/\/www.interlampadas.com\/wp-content\/uploads\/2021\/04\/6862-1.jpg\",\"datePublished\":\"2021-04-17T16:42:37+00:00\",\"dateModified\":\"2026-04-15T01:52:13+00:00\",\"description\":\"EAN 4008321746153L\u00e2mpada de hal\u00f3g\u00e9nio para projector de ilumina\u00e7\u00e3o15h18x53mm 64515 300W 230V GX6.35\",\"breadcrumb\":{\"@id\":\"https:\/\/www.interlampadas.com\/en\/lampadas\/lampadas-1\/utilizacao-especifica-51\/estudios-espectaculo-249\/gx6-35-300w-osram-64515-15h-lampada-prt531-220v\/#breadcrumb\"},\"inLanguage\":\"en-US\",\"potentialAction\":[{\"@type\":\"ReadAction\",\"target\":[\"https:\/\/www.interlampadas.com\/en\/lampadas\/lampadas-1\/utilizacao-especifica-51\/estudios-espectaculo-249\/gx6-35-300w-osram-64515-15h-lampada-prt531-220v\/\"]}]},{\"@type\":\"ImageObject\",\"inLanguage\":\"en-US\",\"@id\":\"https:\/\/www.interlampadas.com\/en\/lampadas\/lampadas-1\/utilizacao-especifica-51\/estudios-espectaculo-249\/gx6-35-300w-osram-64515-15h-lampada-prt531-220v\/#primaryimage\",\"url\":\"https:\/\/www.interlampadas.com\/wp-content\/uploads\/2021\/04\/6862-1.jpg\",\"contentUrl\":\"https:\/\/www.interlampadas.com\/wp-content\/uploads\/2021\/04\/6862-1.jpg\",\"width\":573,\"height\":800,\"caption\":\"GX6,35 300w 64515 15h PRT201 (220v)\"},{\"@type\":\"BreadcrumbList\",\"@id\":\"https:\/\/www.interlampadas.com\/en\/lampadas\/lampadas-1\/utilizacao-especifica-51\/estudios-espectaculo-249\/gx6-35-300w-osram-64515-15h-lampada-prt531-220v\/#breadcrumb\",\"itemListElement\":[{\"@type\":\"ListItem\",\"position\":1,\"name\":\"Home\",\"item\":\"https:\/\/www.interlampadas.com\/en\/\"},{\"@type\":\"ListItem\",\"position\":2,\"name\":\"Loja\",\"item\":\"https:\/\/www.interlampadas.com\/loja\/\"},{\"@type\":\"ListItem\",\"position\":3,\"name\":\"GX6,35 300w Osram 64515 15h L\u00e2mpada PRT531 (220v)\"}]},{\"@type\":\"WebSite\",\"@id\":\"https:\/\/www.interlampadas.com\/#website\",\"url\":\"https:\/\/www.interlampadas.com\/\",\"name\":\"Lumen by Interlampadas\",\"description\":\"lampadas\",\"alternateName\":\"Interlampadas\",\"potentialAction\":[{\"@type\":\"SearchAction\",\"target\":{\"@type\":\"EntryPoint\",\"urlTemplate\":\"https:\/\/www.interlampadas.com\/?s={search_term_string}\"},\"query-input\":{\"@type\":\"PropertyValueSpecification\",\"valueRequired\":true,\"valueName\":\"search_term_string\"}}],\"inLanguage\":\"en-US\"}]}<\/script>\n<!-- \/ Yoast SEO plugin. -->","yoast_head_json":{"title":"GX6,35 300w Osram 64515 15h L\u00e2mpada PRT531 (220v) - Lumen by Interlampadas","description":"EAN 4008321746153L\u00e2mpada de hal\u00f3g\u00e9nio para projector de ilumina\u00e7\u00e3o15h18x53mm 64515 300W 230V GX6.35","robots":{"index":"index","follow":"follow","max-snippet":"max-snippet:-1","max-image-preview":"max-image-preview:large","max-video-preview":"max-video-preview:-1"},"canonical":"https:\/\/www.interlampadas.com\/en\/lampadas\/lampadas-1\/utilizacao-especifica-51\/estudios-espectaculo-249\/gx6-35-300w-osram-64515-15h-lampada-prt531-220v\/","og_locale":"en_US","og_type":"article","og_title":"GX6,35 300w Osram 64515 15h L\u00e2mpada PRT531 (220v) - Lumen by Interlampadas","og_description":"EAN 4008321746153L\u00e2mpada de hal\u00f3g\u00e9nio para projector de ilumina\u00e7\u00e3o15h18x53mm 64515 300W 230V GX6.35","og_url":"https:\/\/www.interlampadas.com\/en\/lampadas\/lampadas-1\/utilizacao-especifica-51\/estudios-espectaculo-249\/gx6-35-300w-osram-64515-15h-lampada-prt531-220v\/","og_site_name":"Lumen by Interlampadas","article_publisher":"https:\/\/www.facebook.com\/interlampadas","article_modified_time":"2026-04-15T01:52:13+00:00","og_image":[{"width":573,"height":800,"url":"https:\/\/www.interlampadas.com\/wp-content\/uploads\/2021\/04\/6862-1.jpg","type":"image\/jpeg"}],"twitter_card":"summary_large_image","schema":{"@context":"https:\/\/schema.org","@graph":[{"@type":"WebPage","@id":"https:\/\/www.interlampadas.com\/en\/lampadas\/lampadas-1\/utilizacao-especifica-51\/estudios-espectaculo-249\/gx6-35-300w-osram-64515-15h-lampada-prt531-220v\/","url":"https:\/\/www.interlampadas.com\/en\/lampadas\/lampadas-1\/utilizacao-especifica-51\/estudios-espectaculo-249\/gx6-35-300w-osram-64515-15h-lampada-prt531-220v\/","name":"GX6,35 300w Osram 64515 15h L\u00e2mpada PRT531 (220v) - Lumen by Interlampadas","isPartOf":{"@id":"https:\/\/www.interlampadas.com\/#website"},"primaryImageOfPage":{"@id":"https:\/\/www.interlampadas.com\/en\/lampadas\/lampadas-1\/utilizacao-especifica-51\/estudios-espectaculo-249\/gx6-35-300w-osram-64515-15h-lampada-prt531-220v\/#primaryimage"},"image":{"@id":"https:\/\/www.interlampadas.com\/en\/lampadas\/lampadas-1\/utilizacao-especifica-51\/estudios-espectaculo-249\/gx6-35-300w-osram-64515-15h-lampada-prt531-220v\/#primaryimage"},"thumbnailUrl":"https:\/\/www.interlampadas.com\/wp-content\/uploads\/2021\/04\/6862-1.jpg","datePublished":"2021-04-17T16:42:37+00:00","dateModified":"2026-04-15T01:52:13+00:00","description":"EAN 4008321746153L\u00e2mpada de hal\u00f3g\u00e9nio para projector de ilumina\u00e7\u00e3o15h18x53mm 64515 300W 230V GX6.35","breadcrumb":{"@id":"https:\/\/www.interlampadas.com\/en\/lampadas\/lampadas-1\/utilizacao-especifica-51\/estudios-espectaculo-249\/gx6-35-300w-osram-64515-15h-lampada-prt531-220v\/#breadcrumb"},"inLanguage":"en-US","potentialAction":[{"@type":"ReadAction","target":["https:\/\/www.interlampadas.com\/en\/lampadas\/lampadas-1\/utilizacao-especifica-51\/estudios-espectaculo-249\/gx6-35-300w-osram-64515-15h-lampada-prt531-220v\/"]}]},{"@type":"ImageObject","inLanguage":"en-US","@id":"https:\/\/www.interlampadas.com\/en\/lampadas\/lampadas-1\/utilizacao-especifica-51\/estudios-espectaculo-249\/gx6-35-300w-osram-64515-15h-lampada-prt531-220v\/#primaryimage","url":"https:\/\/www.interlampadas.com\/wp-content\/uploads\/2021\/04\/6862-1.jpg","contentUrl":"https:\/\/www.interlampadas.com\/wp-content\/uploads\/2021\/04\/6862-1.jpg","width":573,"height":800,"caption":"GX6,35 300w 64515 15h PRT201 (220v)"},{"@type":"BreadcrumbList","@id":"https:\/\/www.interlampadas.com\/en\/lampadas\/lampadas-1\/utilizacao-especifica-51\/estudios-espectaculo-249\/gx6-35-300w-osram-64515-15h-lampada-prt531-220v\/#breadcrumb","itemListElement":[{"@type":"ListItem","position":1,"name":"Home","item":"https:\/\/www.interlampadas.com\/en\/"},{"@type":"ListItem","position":2,"name":"Loja","item":"https:\/\/www.interlampadas.com\/loja\/"},{"@type":"ListItem","position":3,"name":"GX6,35 300w Osram 64515 15h L\u00e2mpada PRT531 (220v)"}]},{"@type":"WebSite","@id":"https:\/\/www.interlampadas.com\/#website","url":"https:\/\/www.interlampadas.com\/","name":"Lumen by Interlampadas","description":"lampadas","alternateName":"Interlampadas","potentialAction":[{"@type":"SearchAction","target":{"@type":"EntryPoint","urlTemplate":"https:\/\/www.interlampadas.com\/?s={search_term_string}"},"query-input":{"@type":"PropertyValueSpecification","valueRequired":true,"valueName":"search_term_string"}}],"inLanguage":"en-US"}]}},"brands":[{"id":273,"name":"OSRAM","slug":"osram"}],"_links":{"self":[{"href":"https:\/\/www.interlampadas.com\/en\/wp-json\/wp\/v2\/product\/13281","targetHints":{"allow":["GET"]}}],"collection":[{"href":"https:\/\/www.interlampadas.com\/en\/wp-json\/wp\/v2\/product"}],"about":[{"href":"https:\/\/www.interlampadas.com\/en\/wp-json\/wp\/v2\/types\/product"}],"replies":[{"embeddable":true,"href":"https:\/\/www.interlampadas.com\/en\/wp-json\/wp\/v2\/comments?post=13281"}],"wp:featuredmedia":[{"embeddable":true,"href":"https:\/\/www.interlampadas.com\/en\/wp-json\/wp\/v2\/media\/15847"}],"wp:attachment":[{"href":"https:\/\/www.interlampadas.com\/en\/wp-json\/wp\/v2\/media?parent=13281"}],"wp:term":[{"taxonomy":"pwb-brand","embeddable":true,"href":"https:\/\/www.interlampadas.com\/en\/wp-json\/wp\/v2\/pwb-brand?post=13281"},{"taxonomy":"product_brand","embeddable":true,"href":"https:\/\/www.interlampadas.com\/en\/wp-json\/wp\/v2\/product_brand?post=13281"},{"taxonomy":"product_cat","embeddable":true,"href":"https:\/\/www.interlampadas.com\/en\/wp-json\/wp\/v2\/product_cat?post=13281"},{"taxonomy":"product_tag","embeddable":true,"href":"https:\/\/www.interlampadas.com\/en\/wp-json\/wp\/v2\/product_tag?post=13281"}],"curies":[{"name":"wp","href":"https:\/\/api.w.org\/{rel}","templated":true}]}}