{"id":13277,"date":"2021-04-17T17:42:37","date_gmt":"2021-04-17T16:42:37","guid":{"rendered":"https:\/\/www.interlampadas.com\/lampadas\/sem%20categoria\/g6-35-24v-250w-7748-prt163\/"},"modified":"2026-04-17T02:52:20","modified_gmt":"2026-04-17T01:52:20","slug":"g6-35-24v-250w-7748-ehj-lampada","status":"publish","type":"product","link":"https:\/\/www.interlampadas.com\/en\/lampadas\/lampadas-1\/utilizacao-especifica-51\/medicina-56\/outros-instrumentos-e-dispositivos-369\/g6-35-24v-250w-7748-ehj-lampada\/","title":{"rendered":"G6,35 24v 250w 7748 EHJ L\u00e2mpada"},"content":{"rendered":"<p>EAN 8711500410290 Philips L\u00e2mpada de halog\u00e9neo <br \/>  Fabricante: PHILIPS<br \/>  Pot\u00eancia (W): 250<br \/>  Voltagem (V): 24<br \/>  Base: G6.35<br \/>  Fluxo luminoso (lm): 10000<br \/>  Temperatura de cor (K): 3400<br \/>  Tempo de vida (h): 50<br \/>  Dimeriz\u00e1vel: sim<br \/>  Di\u00e2metro (mm): 13,5<br \/>  Dimens\u00f5es Produto LxLxA (cm): 2,5&#215;2,5&#215;6,7<br \/>  Entretenimento, cultura, esporte<br \/>  &#8211; TV, fotografia, v\u00eddeo, filme<br \/>  &#8211; Ilumina\u00e7\u00e3o de discoteca, DJ e discoteca<br \/>  &#8211; Projeto de slide, perfil e filme.<br \/>  Medicina, sa\u00fade e ci\u00eancia<br \/>  &#8211; Cirurgia, salas de opera\u00e7\u00e3o<br \/>  &#8211; Microsc\u00f3picos<\/p>\n","protected":false},"excerpt":{"rendered":"<p>EAN 8711500410290 Philips L\u00e2mpada de halog\u00e9neo Fabricante: PHILIPS Pot\u00eancia (W): 250 Voltagem (V): 24 Base: G6.35 Fluxo luminoso (lm): 10000 Temperatura de cor <\/p>\n","protected":false},"featured_media":16001,"comment_status":"open","ping_status":"closed","template":"","meta":{"_acf_changed":false},"pwb-brand":[274],"product_brand":[],"product_cat":[163],"product_tag":[],"class_list":{"0":"post-13277","1":"product","2":"type-product","3":"status-publish","4":"has-post-thumbnail","6":"pwb-brand-philips","7":"product_cat-outros-instrumentos-e-dispositivos-369","9":"first","10":"outofstock","11":"shipping-taxable","12":"purchasable","13":"product-type-simple"},"acf":[],"yoast_head":"<!-- This site is optimized with the Yoast SEO plugin v27.0 - https:\/\/yoast.com\/product\/yoast-seo-wordpress\/ -->\n<title>G6,35 24v 250w 7748 EHJ L\u00e2mpada - Lumen by Interlampadas<\/title>\n<meta name=\"description\" content=\"EAN 8711500410290 Philips L\u00e2mpada de halog\u00e9neo Fabricante: PHILIPS Pot\u00eancia (W): 250 Voltagem (V): 24 Base: G6.35 Fluxo luminoso (lm): 10000 Temperatura\" \/>\n<meta name=\"robots\" content=\"index, follow, max-snippet:-1, max-image-preview:large, max-video-preview:-1\" \/>\n<link rel=\"canonical\" href=\"https:\/\/www.interlampadas.com\/en\/lampadas\/lampadas-1\/utilizacao-especifica-51\/medicina-56\/outros-instrumentos-e-dispositivos-369\/g6-35-24v-250w-7748-ehj-lampada\/\" \/>\n<meta property=\"og:locale\" content=\"en_US\" \/>\n<meta property=\"og:type\" content=\"article\" \/>\n<meta property=\"og:title\" content=\"G6,35 24v 250w 7748 EHJ L\u00e2mpada - Lumen by Interlampadas\" \/>\n<meta property=\"og:description\" content=\"EAN 8711500410290 Philips L\u00e2mpada de halog\u00e9neo Fabricante: PHILIPS Pot\u00eancia (W): 250 Voltagem (V): 24 Base: G6.35 Fluxo luminoso (lm): 10000 Temperatura\" \/>\n<meta property=\"og:url\" content=\"https:\/\/www.interlampadas.com\/en\/lampadas\/lampadas-1\/utilizacao-especifica-51\/medicina-56\/outros-instrumentos-e-dispositivos-369\/g6-35-24v-250w-7748-ehj-lampada\/\" \/>\n<meta property=\"og:site_name\" content=\"Lumen by Interlampadas\" \/>\n<meta property=\"article:publisher\" content=\"https:\/\/www.facebook.com\/interlampadas\" \/>\n<meta property=\"article:modified_time\" content=\"2026-04-17T01:52:20+00:00\" \/>\n<meta property=\"og:image\" content=\"https:\/\/www.interlampadas.com\/wp-content\/uploads\/2021\/05\/6859.jpg\" \/>\n\t<meta property=\"og:image:width\" content=\"200\" \/>\n\t<meta property=\"og:image:height\" content=\"160\" \/>\n\t<meta property=\"og:image:type\" content=\"image\/jpeg\" \/>\n<meta name=\"twitter:card\" content=\"summary_large_image\" \/>\n<script type=\"application\/ld+json\" class=\"yoast-schema-graph\">{\"@context\":\"https:\/\/schema.org\",\"@graph\":[{\"@type\":\"WebPage\",\"@id\":\"https:\/\/www.interlampadas.com\/en\/lampadas\/lampadas-1\/utilizacao-especifica-51\/medicina-56\/outros-instrumentos-e-dispositivos-369\/g6-35-24v-250w-7748-ehj-lampada\/\",\"url\":\"https:\/\/www.interlampadas.com\/en\/lampadas\/lampadas-1\/utilizacao-especifica-51\/medicina-56\/outros-instrumentos-e-dispositivos-369\/g6-35-24v-250w-7748-ehj-lampada\/\",\"name\":\"G6,35 24v 250w 7748 EHJ L\u00e2mpada - Lumen by Interlampadas\",\"isPartOf\":{\"@id\":\"https:\/\/www.interlampadas.com\/#website\"},\"primaryImageOfPage\":{\"@id\":\"https:\/\/www.interlampadas.com\/en\/lampadas\/lampadas-1\/utilizacao-especifica-51\/medicina-56\/outros-instrumentos-e-dispositivos-369\/g6-35-24v-250w-7748-ehj-lampada\/#primaryimage\"},\"image\":{\"@id\":\"https:\/\/www.interlampadas.com\/en\/lampadas\/lampadas-1\/utilizacao-especifica-51\/medicina-56\/outros-instrumentos-e-dispositivos-369\/g6-35-24v-250w-7748-ehj-lampada\/#primaryimage\"},\"thumbnailUrl\":\"https:\/\/www.interlampadas.com\/wp-content\/uploads\/2021\/05\/6859.jpg\",\"datePublished\":\"2021-04-17T16:42:37+00:00\",\"dateModified\":\"2026-04-17T01:52:20+00:00\",\"description\":\"EAN 8711500410290 Philips L\u00e2mpada de halog\u00e9neo Fabricante: PHILIPS Pot\u00eancia (W): 250 Voltagem (V): 24 Base: G6.35 Fluxo luminoso (lm): 10000 Temperatura\",\"breadcrumb\":{\"@id\":\"https:\/\/www.interlampadas.com\/en\/lampadas\/lampadas-1\/utilizacao-especifica-51\/medicina-56\/outros-instrumentos-e-dispositivos-369\/g6-35-24v-250w-7748-ehj-lampada\/#breadcrumb\"},\"inLanguage\":\"en-US\",\"potentialAction\":[{\"@type\":\"ReadAction\",\"target\":[\"https:\/\/www.interlampadas.com\/en\/lampadas\/lampadas-1\/utilizacao-especifica-51\/medicina-56\/outros-instrumentos-e-dispositivos-369\/g6-35-24v-250w-7748-ehj-lampada\/\"]}]},{\"@type\":\"ImageObject\",\"inLanguage\":\"en-US\",\"@id\":\"https:\/\/www.interlampadas.com\/en\/lampadas\/lampadas-1\/utilizacao-especifica-51\/medicina-56\/outros-instrumentos-e-dispositivos-369\/g6-35-24v-250w-7748-ehj-lampada\/#primaryimage\",\"url\":\"https:\/\/www.interlampadas.com\/wp-content\/uploads\/2021\/05\/6859.jpg\",\"contentUrl\":\"https:\/\/www.interlampadas.com\/wp-content\/uploads\/2021\/05\/6859.jpg\",\"width\":200,\"height\":160,\"caption\":\"G6,35 24v 250w 7748 PRT163\"},{\"@type\":\"BreadcrumbList\",\"@id\":\"https:\/\/www.interlampadas.com\/en\/lampadas\/lampadas-1\/utilizacao-especifica-51\/medicina-56\/outros-instrumentos-e-dispositivos-369\/g6-35-24v-250w-7748-ehj-lampada\/#breadcrumb\",\"itemListElement\":[{\"@type\":\"ListItem\",\"position\":1,\"name\":\"Home\",\"item\":\"https:\/\/www.interlampadas.com\/en\/\"},{\"@type\":\"ListItem\",\"position\":2,\"name\":\"Loja\",\"item\":\"https:\/\/www.interlampadas.com\/loja\/\"},{\"@type\":\"ListItem\",\"position\":3,\"name\":\"G6,35 24v 250w 7748 EHJ L\u00e2mpada\"}]},{\"@type\":\"WebSite\",\"@id\":\"https:\/\/www.interlampadas.com\/#website\",\"url\":\"https:\/\/www.interlampadas.com\/\",\"name\":\"Lumen by Interlampadas\",\"description\":\"lampadas\",\"alternateName\":\"Interlampadas\",\"potentialAction\":[{\"@type\":\"SearchAction\",\"target\":{\"@type\":\"EntryPoint\",\"urlTemplate\":\"https:\/\/www.interlampadas.com\/?s={search_term_string}\"},\"query-input\":{\"@type\":\"PropertyValueSpecification\",\"valueRequired\":true,\"valueName\":\"search_term_string\"}}],\"inLanguage\":\"en-US\"}]}<\/script>\n<!-- \/ Yoast SEO plugin. -->","yoast_head_json":{"title":"G6,35 24v 250w 7748 EHJ L\u00e2mpada - Lumen by Interlampadas","description":"EAN 8711500410290 Philips L\u00e2mpada de halog\u00e9neo Fabricante: PHILIPS Pot\u00eancia (W): 250 Voltagem (V): 24 Base: G6.35 Fluxo luminoso (lm): 10000 Temperatura","robots":{"index":"index","follow":"follow","max-snippet":"max-snippet:-1","max-image-preview":"max-image-preview:large","max-video-preview":"max-video-preview:-1"},"canonical":"https:\/\/www.interlampadas.com\/en\/lampadas\/lampadas-1\/utilizacao-especifica-51\/medicina-56\/outros-instrumentos-e-dispositivos-369\/g6-35-24v-250w-7748-ehj-lampada\/","og_locale":"en_US","og_type":"article","og_title":"G6,35 24v 250w 7748 EHJ L\u00e2mpada - Lumen by Interlampadas","og_description":"EAN 8711500410290 Philips L\u00e2mpada de halog\u00e9neo Fabricante: PHILIPS Pot\u00eancia (W): 250 Voltagem (V): 24 Base: G6.35 Fluxo luminoso (lm): 10000 Temperatura","og_url":"https:\/\/www.interlampadas.com\/en\/lampadas\/lampadas-1\/utilizacao-especifica-51\/medicina-56\/outros-instrumentos-e-dispositivos-369\/g6-35-24v-250w-7748-ehj-lampada\/","og_site_name":"Lumen by Interlampadas","article_publisher":"https:\/\/www.facebook.com\/interlampadas","article_modified_time":"2026-04-17T01:52:20+00:00","og_image":[{"width":200,"height":160,"url":"https:\/\/www.interlampadas.com\/wp-content\/uploads\/2021\/05\/6859.jpg","type":"image\/jpeg"}],"twitter_card":"summary_large_image","schema":{"@context":"https:\/\/schema.org","@graph":[{"@type":"WebPage","@id":"https:\/\/www.interlampadas.com\/en\/lampadas\/lampadas-1\/utilizacao-especifica-51\/medicina-56\/outros-instrumentos-e-dispositivos-369\/g6-35-24v-250w-7748-ehj-lampada\/","url":"https:\/\/www.interlampadas.com\/en\/lampadas\/lampadas-1\/utilizacao-especifica-51\/medicina-56\/outros-instrumentos-e-dispositivos-369\/g6-35-24v-250w-7748-ehj-lampada\/","name":"G6,35 24v 250w 7748 EHJ L\u00e2mpada - Lumen by Interlampadas","isPartOf":{"@id":"https:\/\/www.interlampadas.com\/#website"},"primaryImageOfPage":{"@id":"https:\/\/www.interlampadas.com\/en\/lampadas\/lampadas-1\/utilizacao-especifica-51\/medicina-56\/outros-instrumentos-e-dispositivos-369\/g6-35-24v-250w-7748-ehj-lampada\/#primaryimage"},"image":{"@id":"https:\/\/www.interlampadas.com\/en\/lampadas\/lampadas-1\/utilizacao-especifica-51\/medicina-56\/outros-instrumentos-e-dispositivos-369\/g6-35-24v-250w-7748-ehj-lampada\/#primaryimage"},"thumbnailUrl":"https:\/\/www.interlampadas.com\/wp-content\/uploads\/2021\/05\/6859.jpg","datePublished":"2021-04-17T16:42:37+00:00","dateModified":"2026-04-17T01:52:20+00:00","description":"EAN 8711500410290 Philips L\u00e2mpada de halog\u00e9neo Fabricante: PHILIPS Pot\u00eancia (W): 250 Voltagem (V): 24 Base: G6.35 Fluxo luminoso (lm): 10000 Temperatura","breadcrumb":{"@id":"https:\/\/www.interlampadas.com\/en\/lampadas\/lampadas-1\/utilizacao-especifica-51\/medicina-56\/outros-instrumentos-e-dispositivos-369\/g6-35-24v-250w-7748-ehj-lampada\/#breadcrumb"},"inLanguage":"en-US","potentialAction":[{"@type":"ReadAction","target":["https:\/\/www.interlampadas.com\/en\/lampadas\/lampadas-1\/utilizacao-especifica-51\/medicina-56\/outros-instrumentos-e-dispositivos-369\/g6-35-24v-250w-7748-ehj-lampada\/"]}]},{"@type":"ImageObject","inLanguage":"en-US","@id":"https:\/\/www.interlampadas.com\/en\/lampadas\/lampadas-1\/utilizacao-especifica-51\/medicina-56\/outros-instrumentos-e-dispositivos-369\/g6-35-24v-250w-7748-ehj-lampada\/#primaryimage","url":"https:\/\/www.interlampadas.com\/wp-content\/uploads\/2021\/05\/6859.jpg","contentUrl":"https:\/\/www.interlampadas.com\/wp-content\/uploads\/2021\/05\/6859.jpg","width":200,"height":160,"caption":"G6,35 24v 250w 7748 PRT163"},{"@type":"BreadcrumbList","@id":"https:\/\/www.interlampadas.com\/en\/lampadas\/lampadas-1\/utilizacao-especifica-51\/medicina-56\/outros-instrumentos-e-dispositivos-369\/g6-35-24v-250w-7748-ehj-lampada\/#breadcrumb","itemListElement":[{"@type":"ListItem","position":1,"name":"Home","item":"https:\/\/www.interlampadas.com\/en\/"},{"@type":"ListItem","position":2,"name":"Loja","item":"https:\/\/www.interlampadas.com\/loja\/"},{"@type":"ListItem","position":3,"name":"G6,35 24v 250w 7748 EHJ L\u00e2mpada"}]},{"@type":"WebSite","@id":"https:\/\/www.interlampadas.com\/#website","url":"https:\/\/www.interlampadas.com\/","name":"Lumen by Interlampadas","description":"lampadas","alternateName":"Interlampadas","potentialAction":[{"@type":"SearchAction","target":{"@type":"EntryPoint","urlTemplate":"https:\/\/www.interlampadas.com\/?s={search_term_string}"},"query-input":{"@type":"PropertyValueSpecification","valueRequired":true,"valueName":"search_term_string"}}],"inLanguage":"en-US"}]}},"brands":[{"id":274,"name":"PHILIPS","slug":"philips"}],"_links":{"self":[{"href":"https:\/\/www.interlampadas.com\/en\/wp-json\/wp\/v2\/product\/13277","targetHints":{"allow":["GET"]}}],"collection":[{"href":"https:\/\/www.interlampadas.com\/en\/wp-json\/wp\/v2\/product"}],"about":[{"href":"https:\/\/www.interlampadas.com\/en\/wp-json\/wp\/v2\/types\/product"}],"replies":[{"embeddable":true,"href":"https:\/\/www.interlampadas.com\/en\/wp-json\/wp\/v2\/comments?post=13277"}],"wp:featuredmedia":[{"embeddable":true,"href":"https:\/\/www.interlampadas.com\/en\/wp-json\/wp\/v2\/media\/16001"}],"wp:attachment":[{"href":"https:\/\/www.interlampadas.com\/en\/wp-json\/wp\/v2\/media?parent=13277"}],"wp:term":[{"taxonomy":"pwb-brand","embeddable":true,"href":"https:\/\/www.interlampadas.com\/en\/wp-json\/wp\/v2\/pwb-brand?post=13277"},{"taxonomy":"product_brand","embeddable":true,"href":"https:\/\/www.interlampadas.com\/en\/wp-json\/wp\/v2\/product_brand?post=13277"},{"taxonomy":"product_cat","embeddable":true,"href":"https:\/\/www.interlampadas.com\/en\/wp-json\/wp\/v2\/product_cat?post=13277"},{"taxonomy":"product_tag","embeddable":true,"href":"https:\/\/www.interlampadas.com\/en\/wp-json\/wp\/v2\/product_tag?post=13277"}],"curies":[{"name":"wp","href":"https:\/\/api.w.org\/{rel}","templated":true}]}}