{"id":13275,"date":"2021-04-17T17:42:36","date_gmt":"2021-04-17T16:42:36","guid":{"rendered":"https:\/\/www.interlampadas.com\/lampadas\/sem%20categoria\/g6-35-24v-100w-64638-halogeneo-prt330a\/"},"modified":"2026-04-19T02:52:36","modified_gmt":"2026-04-19T01:52:36","slug":"g6-35-24v-100w-64638-halogeneo-prt330","status":"publish","type":"product","link":"https:\/\/www.interlampadas.com\/en\/lampadas\/lampadas-1\/utilizacao-especifica-51\/medicina-56\/outros-instrumentos-e-dispositivos-369\/g6-35-24v-100w-64638-halogeneo-prt330\/","title":{"rendered":"G6,35 24v 100w 64638 Halogeneo PRT330"},"content":{"rendered":"<p>Osram 64638 HLX 100W 24V G6.35<br \/>  EAN 4050300283050<br \/>L\u00e2mpada para aplica\u00e7\u00f5es m\u00e9dicas 100W 24V 64638 HLX<br \/>300h<\/p>\n","protected":false},"excerpt":{"rendered":"<p>Osram 64638 HLX 100W 24V G6.35 EAN 4050300283050L\u00e2mpada para aplica\u00e7\u00f5es m\u00e9dicas 100W 24V 64638 HLX300h<\/p>\n","protected":false},"featured_media":15846,"comment_status":"open","ping_status":"closed","template":"","meta":{"_acf_changed":false},"pwb-brand":[273],"product_brand":[],"product_cat":[163],"product_tag":[],"class_list":{"0":"post-13275","1":"product","2":"type-product","3":"status-publish","4":"has-post-thumbnail","6":"pwb-brand-osram","7":"product_cat-outros-instrumentos-e-dispositivos-369","9":"first","10":"outofstock","11":"shipping-taxable","12":"purchasable","13":"product-type-simple"},"acf":[],"yoast_head":"<!-- This site is optimized with the Yoast SEO plugin v27.0 - https:\/\/yoast.com\/product\/yoast-seo-wordpress\/ -->\n<title>G6,35 24v 100w 64638 Halogeneo PRT330 - Lumen by Interlampadas<\/title>\n<meta name=\"description\" content=\"Osram 64638 HLX 100W 24V G6.35 EAN 4050300283050L\u00e2mpada para aplica\u00e7\u00f5es m\u00e9dicas 100W 24V 64638 HLX300h\" \/>\n<meta name=\"robots\" content=\"index, follow, max-snippet:-1, max-image-preview:large, max-video-preview:-1\" \/>\n<link rel=\"canonical\" href=\"https:\/\/www.interlampadas.com\/en\/lampadas\/lampadas-1\/utilizacao-especifica-51\/medicina-56\/outros-instrumentos-e-dispositivos-369\/g6-35-24v-100w-64638-halogeneo-prt330\/\" \/>\n<meta property=\"og:locale\" content=\"en_US\" \/>\n<meta property=\"og:type\" content=\"article\" \/>\n<meta property=\"og:title\" content=\"G6,35 24v 100w 64638 Halogeneo PRT330 - Lumen by Interlampadas\" \/>\n<meta property=\"og:description\" content=\"Osram 64638 HLX 100W 24V G6.35 EAN 4050300283050L\u00e2mpada para aplica\u00e7\u00f5es m\u00e9dicas 100W 24V 64638 HLX300h\" \/>\n<meta property=\"og:url\" content=\"https:\/\/www.interlampadas.com\/en\/lampadas\/lampadas-1\/utilizacao-especifica-51\/medicina-56\/outros-instrumentos-e-dispositivos-369\/g6-35-24v-100w-64638-halogeneo-prt330\/\" \/>\n<meta property=\"og:site_name\" content=\"Lumen by Interlampadas\" \/>\n<meta property=\"article:publisher\" content=\"https:\/\/www.facebook.com\/interlampadas\" \/>\n<meta property=\"article:modified_time\" content=\"2026-04-19T01:52:36+00:00\" \/>\n<meta property=\"og:image\" content=\"https:\/\/www.interlampadas.com\/wp-content\/uploads\/2021\/04\/10536-1.jpg\" \/>\n\t<meta property=\"og:image:width\" content=\"450\" \/>\n\t<meta property=\"og:image:height\" content=\"450\" \/>\n\t<meta property=\"og:image:type\" content=\"image\/jpeg\" \/>\n<meta name=\"twitter:card\" content=\"summary_large_image\" \/>\n<script type=\"application\/ld+json\" class=\"yoast-schema-graph\">{\"@context\":\"https:\/\/schema.org\",\"@graph\":[{\"@type\":\"WebPage\",\"@id\":\"https:\/\/www.interlampadas.com\/en\/lampadas\/lampadas-1\/utilizacao-especifica-51\/medicina-56\/outros-instrumentos-e-dispositivos-369\/g6-35-24v-100w-64638-halogeneo-prt330\/\",\"url\":\"https:\/\/www.interlampadas.com\/en\/lampadas\/lampadas-1\/utilizacao-especifica-51\/medicina-56\/outros-instrumentos-e-dispositivos-369\/g6-35-24v-100w-64638-halogeneo-prt330\/\",\"name\":\"G6,35 24v 100w 64638 Halogeneo PRT330 - Lumen by Interlampadas\",\"isPartOf\":{\"@id\":\"https:\/\/www.interlampadas.com\/#website\"},\"primaryImageOfPage\":{\"@id\":\"https:\/\/www.interlampadas.com\/en\/lampadas\/lampadas-1\/utilizacao-especifica-51\/medicina-56\/outros-instrumentos-e-dispositivos-369\/g6-35-24v-100w-64638-halogeneo-prt330\/#primaryimage\"},\"image\":{\"@id\":\"https:\/\/www.interlampadas.com\/en\/lampadas\/lampadas-1\/utilizacao-especifica-51\/medicina-56\/outros-instrumentos-e-dispositivos-369\/g6-35-24v-100w-64638-halogeneo-prt330\/#primaryimage\"},\"thumbnailUrl\":\"https:\/\/www.interlampadas.com\/wp-content\/uploads\/2021\/04\/10536-1.jpg\",\"datePublished\":\"2021-04-17T16:42:36+00:00\",\"dateModified\":\"2026-04-19T01:52:36+00:00\",\"description\":\"Osram 64638 HLX 100W 24V G6.35 EAN 4050300283050L\u00e2mpada para aplica\u00e7\u00f5es m\u00e9dicas 100W 24V 64638 HLX300h\",\"breadcrumb\":{\"@id\":\"https:\/\/www.interlampadas.com\/en\/lampadas\/lampadas-1\/utilizacao-especifica-51\/medicina-56\/outros-instrumentos-e-dispositivos-369\/g6-35-24v-100w-64638-halogeneo-prt330\/#breadcrumb\"},\"inLanguage\":\"en-US\",\"potentialAction\":[{\"@type\":\"ReadAction\",\"target\":[\"https:\/\/www.interlampadas.com\/en\/lampadas\/lampadas-1\/utilizacao-especifica-51\/medicina-56\/outros-instrumentos-e-dispositivos-369\/g6-35-24v-100w-64638-halogeneo-prt330\/\"]}]},{\"@type\":\"ImageObject\",\"inLanguage\":\"en-US\",\"@id\":\"https:\/\/www.interlampadas.com\/en\/lampadas\/lampadas-1\/utilizacao-especifica-51\/medicina-56\/outros-instrumentos-e-dispositivos-369\/g6-35-24v-100w-64638-halogeneo-prt330\/#primaryimage\",\"url\":\"https:\/\/www.interlampadas.com\/wp-content\/uploads\/2021\/04\/10536-1.jpg\",\"contentUrl\":\"https:\/\/www.interlampadas.com\/wp-content\/uploads\/2021\/04\/10536-1.jpg\",\"width\":450,\"height\":450,\"caption\":\"G6,35 24v 100w 64638 Halogeneo PRT330A\"},{\"@type\":\"BreadcrumbList\",\"@id\":\"https:\/\/www.interlampadas.com\/en\/lampadas\/lampadas-1\/utilizacao-especifica-51\/medicina-56\/outros-instrumentos-e-dispositivos-369\/g6-35-24v-100w-64638-halogeneo-prt330\/#breadcrumb\",\"itemListElement\":[{\"@type\":\"ListItem\",\"position\":1,\"name\":\"Home\",\"item\":\"https:\/\/www.interlampadas.com\/en\/\"},{\"@type\":\"ListItem\",\"position\":2,\"name\":\"Loja\",\"item\":\"https:\/\/www.interlampadas.com\/loja\/\"},{\"@type\":\"ListItem\",\"position\":3,\"name\":\"G6,35 24v 100w 64638 Halogeneo PRT330\"}]},{\"@type\":\"WebSite\",\"@id\":\"https:\/\/www.interlampadas.com\/#website\",\"url\":\"https:\/\/www.interlampadas.com\/\",\"name\":\"Lumen by Interlampadas\",\"description\":\"lampadas\",\"alternateName\":\"Interlampadas\",\"potentialAction\":[{\"@type\":\"SearchAction\",\"target\":{\"@type\":\"EntryPoint\",\"urlTemplate\":\"https:\/\/www.interlampadas.com\/?s={search_term_string}\"},\"query-input\":{\"@type\":\"PropertyValueSpecification\",\"valueRequired\":true,\"valueName\":\"search_term_string\"}}],\"inLanguage\":\"en-US\"}]}<\/script>\n<!-- \/ Yoast SEO plugin. -->","yoast_head_json":{"title":"G6,35 24v 100w 64638 Halogeneo PRT330 - Lumen by Interlampadas","description":"Osram 64638 HLX 100W 24V G6.35 EAN 4050300283050L\u00e2mpada para aplica\u00e7\u00f5es m\u00e9dicas 100W 24V 64638 HLX300h","robots":{"index":"index","follow":"follow","max-snippet":"max-snippet:-1","max-image-preview":"max-image-preview:large","max-video-preview":"max-video-preview:-1"},"canonical":"https:\/\/www.interlampadas.com\/en\/lampadas\/lampadas-1\/utilizacao-especifica-51\/medicina-56\/outros-instrumentos-e-dispositivos-369\/g6-35-24v-100w-64638-halogeneo-prt330\/","og_locale":"en_US","og_type":"article","og_title":"G6,35 24v 100w 64638 Halogeneo PRT330 - Lumen by Interlampadas","og_description":"Osram 64638 HLX 100W 24V G6.35 EAN 4050300283050L\u00e2mpada para aplica\u00e7\u00f5es m\u00e9dicas 100W 24V 64638 HLX300h","og_url":"https:\/\/www.interlampadas.com\/en\/lampadas\/lampadas-1\/utilizacao-especifica-51\/medicina-56\/outros-instrumentos-e-dispositivos-369\/g6-35-24v-100w-64638-halogeneo-prt330\/","og_site_name":"Lumen by Interlampadas","article_publisher":"https:\/\/www.facebook.com\/interlampadas","article_modified_time":"2026-04-19T01:52:36+00:00","og_image":[{"width":450,"height":450,"url":"https:\/\/www.interlampadas.com\/wp-content\/uploads\/2021\/04\/10536-1.jpg","type":"image\/jpeg"}],"twitter_card":"summary_large_image","schema":{"@context":"https:\/\/schema.org","@graph":[{"@type":"WebPage","@id":"https:\/\/www.interlampadas.com\/en\/lampadas\/lampadas-1\/utilizacao-especifica-51\/medicina-56\/outros-instrumentos-e-dispositivos-369\/g6-35-24v-100w-64638-halogeneo-prt330\/","url":"https:\/\/www.interlampadas.com\/en\/lampadas\/lampadas-1\/utilizacao-especifica-51\/medicina-56\/outros-instrumentos-e-dispositivos-369\/g6-35-24v-100w-64638-halogeneo-prt330\/","name":"G6,35 24v 100w 64638 Halogeneo PRT330 - Lumen by Interlampadas","isPartOf":{"@id":"https:\/\/www.interlampadas.com\/#website"},"primaryImageOfPage":{"@id":"https:\/\/www.interlampadas.com\/en\/lampadas\/lampadas-1\/utilizacao-especifica-51\/medicina-56\/outros-instrumentos-e-dispositivos-369\/g6-35-24v-100w-64638-halogeneo-prt330\/#primaryimage"},"image":{"@id":"https:\/\/www.interlampadas.com\/en\/lampadas\/lampadas-1\/utilizacao-especifica-51\/medicina-56\/outros-instrumentos-e-dispositivos-369\/g6-35-24v-100w-64638-halogeneo-prt330\/#primaryimage"},"thumbnailUrl":"https:\/\/www.interlampadas.com\/wp-content\/uploads\/2021\/04\/10536-1.jpg","datePublished":"2021-04-17T16:42:36+00:00","dateModified":"2026-04-19T01:52:36+00:00","description":"Osram 64638 HLX 100W 24V G6.35 EAN 4050300283050L\u00e2mpada para aplica\u00e7\u00f5es m\u00e9dicas 100W 24V 64638 HLX300h","breadcrumb":{"@id":"https:\/\/www.interlampadas.com\/en\/lampadas\/lampadas-1\/utilizacao-especifica-51\/medicina-56\/outros-instrumentos-e-dispositivos-369\/g6-35-24v-100w-64638-halogeneo-prt330\/#breadcrumb"},"inLanguage":"en-US","potentialAction":[{"@type":"ReadAction","target":["https:\/\/www.interlampadas.com\/en\/lampadas\/lampadas-1\/utilizacao-especifica-51\/medicina-56\/outros-instrumentos-e-dispositivos-369\/g6-35-24v-100w-64638-halogeneo-prt330\/"]}]},{"@type":"ImageObject","inLanguage":"en-US","@id":"https:\/\/www.interlampadas.com\/en\/lampadas\/lampadas-1\/utilizacao-especifica-51\/medicina-56\/outros-instrumentos-e-dispositivos-369\/g6-35-24v-100w-64638-halogeneo-prt330\/#primaryimage","url":"https:\/\/www.interlampadas.com\/wp-content\/uploads\/2021\/04\/10536-1.jpg","contentUrl":"https:\/\/www.interlampadas.com\/wp-content\/uploads\/2021\/04\/10536-1.jpg","width":450,"height":450,"caption":"G6,35 24v 100w 64638 Halogeneo PRT330A"},{"@type":"BreadcrumbList","@id":"https:\/\/www.interlampadas.com\/en\/lampadas\/lampadas-1\/utilizacao-especifica-51\/medicina-56\/outros-instrumentos-e-dispositivos-369\/g6-35-24v-100w-64638-halogeneo-prt330\/#breadcrumb","itemListElement":[{"@type":"ListItem","position":1,"name":"Home","item":"https:\/\/www.interlampadas.com\/en\/"},{"@type":"ListItem","position":2,"name":"Loja","item":"https:\/\/www.interlampadas.com\/loja\/"},{"@type":"ListItem","position":3,"name":"G6,35 24v 100w 64638 Halogeneo PRT330"}]},{"@type":"WebSite","@id":"https:\/\/www.interlampadas.com\/#website","url":"https:\/\/www.interlampadas.com\/","name":"Lumen by Interlampadas","description":"lampadas","alternateName":"Interlampadas","potentialAction":[{"@type":"SearchAction","target":{"@type":"EntryPoint","urlTemplate":"https:\/\/www.interlampadas.com\/?s={search_term_string}"},"query-input":{"@type":"PropertyValueSpecification","valueRequired":true,"valueName":"search_term_string"}}],"inLanguage":"en-US"}]}},"brands":[{"id":273,"name":"OSRAM","slug":"osram"}],"_links":{"self":[{"href":"https:\/\/www.interlampadas.com\/en\/wp-json\/wp\/v2\/product\/13275","targetHints":{"allow":["GET"]}}],"collection":[{"href":"https:\/\/www.interlampadas.com\/en\/wp-json\/wp\/v2\/product"}],"about":[{"href":"https:\/\/www.interlampadas.com\/en\/wp-json\/wp\/v2\/types\/product"}],"replies":[{"embeddable":true,"href":"https:\/\/www.interlampadas.com\/en\/wp-json\/wp\/v2\/comments?post=13275"}],"wp:featuredmedia":[{"embeddable":true,"href":"https:\/\/www.interlampadas.com\/en\/wp-json\/wp\/v2\/media\/15846"}],"wp:attachment":[{"href":"https:\/\/www.interlampadas.com\/en\/wp-json\/wp\/v2\/media?parent=13275"}],"wp:term":[{"taxonomy":"pwb-brand","embeddable":true,"href":"https:\/\/www.interlampadas.com\/en\/wp-json\/wp\/v2\/pwb-brand?post=13275"},{"taxonomy":"product_brand","embeddable":true,"href":"https:\/\/www.interlampadas.com\/en\/wp-json\/wp\/v2\/product_brand?post=13275"},{"taxonomy":"product_cat","embeddable":true,"href":"https:\/\/www.interlampadas.com\/en\/wp-json\/wp\/v2\/product_cat?post=13275"},{"taxonomy":"product_tag","embeddable":true,"href":"https:\/\/www.interlampadas.com\/en\/wp-json\/wp\/v2\/product_tag?post=13275"}],"curies":[{"name":"wp","href":"https:\/\/api.w.org\/{rel}","templated":true}]}}