{"id":13235,"date":"2021-04-17T16:42:31","date_gmt":"2021-04-17T16:42:31","guid":{"rendered":"https:\/\/www.interlampadas.com\/lampadas\/sem%20categoria\/g6-35-12v-50w-7027-brl-prt112a\/"},"modified":"2024-10-11T02:53:56","modified_gmt":"2024-10-11T01:53:56","slug":"g6-35-12v-50w-7027-brl-prt112a","status":"publish","type":"product","link":"https:\/\/www.interlampadas.com\/en\/lampadas\/lampadas-1\/utilizacao-especifica-51\/medicina-56\/outros-instrumentos-e-dispositivos-369\/g6-35-12v-50w-7027-brl-prt112a\/","title":{"rendered":"G6,35 12v 50w 7027 BRL PRT112A"},"content":{"rendered":"<p>L\u00e2mpada de halog\u00e9neo Philips 7027 50W G6.35 12V, indicada para secagem de massas utilizadas em odontologia<br \/>  8711500409829<br \/>  Area de aplica\u00e7\u00e3o:<br \/>  Entretenimento, cultura, esporte<br \/>  &#8211; TV, fotografia, v\u00eddeo, filme<br \/>  &#8211; Ilumina\u00e7\u00e3o de clube, DJ e discoteca<br \/>  &#8211; Projeto de slide, perfil e filme.<br \/>  Medicina, sa\u00fade e ci\u00eancia<br \/>  &#8211; Cirurgia, salas de opera\u00e7\u00e3o<br \/>  &#8211; Microsc\u00f3picos<\/p>\n","protected":false},"excerpt":{"rendered":"<p>L\u00e2mpada de halog\u00e9neo Philips 7027 50W G6.35 12V, indicada para secagem de massas utilizadas em odontologia 8711500409829 Area de aplica\u00e7\u00e3o: Entretenimento, cultura,<\/p>\n","protected":false},"featured_media":16253,"comment_status":"open","ping_status":"closed","template":"","meta":{"_acf_changed":false},"pwb-brand":[274],"product_brand":[],"product_cat":[163],"product_tag":[],"class_list":{"0":"post-13235","1":"product","2":"type-product","3":"status-publish","4":"has-post-thumbnail","6":"pwb-brand-philips","7":"product_cat-outros-instrumentos-e-dispositivos-369","9":"first","10":"instock","11":"shipping-taxable","12":"purchasable","13":"product-type-simple"},"acf":[],"yoast_head":"<!-- This site is optimized with the Yoast SEO plugin v27.0 - https:\/\/yoast.com\/product\/yoast-seo-wordpress\/ -->\n<title>G6,35 12v 50w 7027 BRL PRT112A - Lumen by Interlampadas<\/title>\n<meta name=\"description\" content=\"L\u00e2mpada de halog\u00e9neo Philips 7027 50W G6.35 12V, indicada para secagem de massas utilizadas em odontologia 8711500409829 Area de aplica\u00e7\u00e3o:\" \/>\n<meta name=\"robots\" content=\"index, follow, max-snippet:-1, max-image-preview:large, max-video-preview:-1\" \/>\n<link rel=\"canonical\" href=\"https:\/\/www.interlampadas.com\/en\/lampadas\/lampadas-1\/utilizacao-especifica-51\/medicina-56\/outros-instrumentos-e-dispositivos-369\/g6-35-12v-50w-7027-brl-prt112a\/\" \/>\n<meta property=\"og:locale\" content=\"en_US\" \/>\n<meta property=\"og:type\" content=\"article\" \/>\n<meta property=\"og:title\" content=\"G6,35 12v 50w 7027 BRL PRT112A - Lumen by Interlampadas\" \/>\n<meta property=\"og:description\" content=\"L\u00e2mpada de halog\u00e9neo Philips 7027 50W G6.35 12V, indicada para secagem de massas utilizadas em odontologia 8711500409829 Area de aplica\u00e7\u00e3o:\" \/>\n<meta property=\"og:url\" content=\"https:\/\/www.interlampadas.com\/en\/lampadas\/lampadas-1\/utilizacao-especifica-51\/medicina-56\/outros-instrumentos-e-dispositivos-369\/g6-35-12v-50w-7027-brl-prt112a\/\" \/>\n<meta property=\"og:site_name\" content=\"Lumen by Interlampadas\" \/>\n<meta property=\"article:publisher\" content=\"https:\/\/www.facebook.com\/interlampadas\" \/>\n<meta property=\"article:modified_time\" content=\"2024-10-11T01:53:56+00:00\" \/>\n<meta property=\"og:image\" content=\"https:\/\/www.interlampadas.com\/wp-content\/uploads\/2021\/06\/13546.jpg\" \/>\n\t<meta property=\"og:image:width\" content=\"494\" \/>\n\t<meta property=\"og:image:height\" content=\"600\" \/>\n\t<meta property=\"og:image:type\" content=\"image\/jpeg\" \/>\n<meta name=\"twitter:card\" content=\"summary_large_image\" \/>\n<script type=\"application\/ld+json\" class=\"yoast-schema-graph\">{\"@context\":\"https:\/\/schema.org\",\"@graph\":[{\"@type\":\"WebPage\",\"@id\":\"https:\/\/www.interlampadas.com\/en\/lampadas\/lampadas-1\/utilizacao-especifica-51\/medicina-56\/outros-instrumentos-e-dispositivos-369\/g6-35-12v-50w-7027-brl-prt112a\/\",\"url\":\"https:\/\/www.interlampadas.com\/en\/lampadas\/lampadas-1\/utilizacao-especifica-51\/medicina-56\/outros-instrumentos-e-dispositivos-369\/g6-35-12v-50w-7027-brl-prt112a\/\",\"name\":\"G6,35 12v 50w 7027 BRL PRT112A - Lumen by Interlampadas\",\"isPartOf\":{\"@id\":\"https:\/\/www.interlampadas.com\/#website\"},\"primaryImageOfPage\":{\"@id\":\"https:\/\/www.interlampadas.com\/en\/lampadas\/lampadas-1\/utilizacao-especifica-51\/medicina-56\/outros-instrumentos-e-dispositivos-369\/g6-35-12v-50w-7027-brl-prt112a\/#primaryimage\"},\"image\":{\"@id\":\"https:\/\/www.interlampadas.com\/en\/lampadas\/lampadas-1\/utilizacao-especifica-51\/medicina-56\/outros-instrumentos-e-dispositivos-369\/g6-35-12v-50w-7027-brl-prt112a\/#primaryimage\"},\"thumbnailUrl\":\"https:\/\/www.interlampadas.com\/wp-content\/uploads\/2021\/06\/13546.jpg\",\"datePublished\":\"2021-04-17T16:42:31+00:00\",\"dateModified\":\"2024-10-11T01:53:56+00:00\",\"description\":\"L\u00e2mpada de halog\u00e9neo Philips 7027 50W G6.35 12V, indicada para secagem de massas utilizadas em odontologia 8711500409829 Area de aplica\u00e7\u00e3o:\",\"breadcrumb\":{\"@id\":\"https:\/\/www.interlampadas.com\/en\/lampadas\/lampadas-1\/utilizacao-especifica-51\/medicina-56\/outros-instrumentos-e-dispositivos-369\/g6-35-12v-50w-7027-brl-prt112a\/#breadcrumb\"},\"inLanguage\":\"en-US\",\"potentialAction\":[{\"@type\":\"ReadAction\",\"target\":[\"https:\/\/www.interlampadas.com\/en\/lampadas\/lampadas-1\/utilizacao-especifica-51\/medicina-56\/outros-instrumentos-e-dispositivos-369\/g6-35-12v-50w-7027-brl-prt112a\/\"]}]},{\"@type\":\"ImageObject\",\"inLanguage\":\"en-US\",\"@id\":\"https:\/\/www.interlampadas.com\/en\/lampadas\/lampadas-1\/utilizacao-especifica-51\/medicina-56\/outros-instrumentos-e-dispositivos-369\/g6-35-12v-50w-7027-brl-prt112a\/#primaryimage\",\"url\":\"https:\/\/www.interlampadas.com\/wp-content\/uploads\/2021\/06\/13546.jpg\",\"contentUrl\":\"https:\/\/www.interlampadas.com\/wp-content\/uploads\/2021\/06\/13546.jpg\",\"width\":494,\"height\":600,\"caption\":\"G6,35 12v 50w 7027 BRL PRT112A\"},{\"@type\":\"BreadcrumbList\",\"@id\":\"https:\/\/www.interlampadas.com\/en\/lampadas\/lampadas-1\/utilizacao-especifica-51\/medicina-56\/outros-instrumentos-e-dispositivos-369\/g6-35-12v-50w-7027-brl-prt112a\/#breadcrumb\",\"itemListElement\":[{\"@type\":\"ListItem\",\"position\":1,\"name\":\"Home\",\"item\":\"https:\/\/www.interlampadas.com\/en\/\"},{\"@type\":\"ListItem\",\"position\":2,\"name\":\"Loja\",\"item\":\"https:\/\/www.interlampadas.com\/loja\/\"},{\"@type\":\"ListItem\",\"position\":3,\"name\":\"G6,35 12v 50w 7027 BRL PRT112A\"}]},{\"@type\":\"WebSite\",\"@id\":\"https:\/\/www.interlampadas.com\/#website\",\"url\":\"https:\/\/www.interlampadas.com\/\",\"name\":\"Lumen by Interlampadas\",\"description\":\"lampadas\",\"alternateName\":\"Interlampadas\",\"potentialAction\":[{\"@type\":\"SearchAction\",\"target\":{\"@type\":\"EntryPoint\",\"urlTemplate\":\"https:\/\/www.interlampadas.com\/?s={search_term_string}\"},\"query-input\":{\"@type\":\"PropertyValueSpecification\",\"valueRequired\":true,\"valueName\":\"search_term_string\"}}],\"inLanguage\":\"en-US\"}]}<\/script>\n<!-- \/ Yoast SEO plugin. -->","yoast_head_json":{"title":"G6,35 12v 50w 7027 BRL PRT112A - Lumen by Interlampadas","description":"L\u00e2mpada de halog\u00e9neo Philips 7027 50W G6.35 12V, indicada para secagem de massas utilizadas em odontologia 8711500409829 Area de aplica\u00e7\u00e3o:","robots":{"index":"index","follow":"follow","max-snippet":"max-snippet:-1","max-image-preview":"max-image-preview:large","max-video-preview":"max-video-preview:-1"},"canonical":"https:\/\/www.interlampadas.com\/en\/lampadas\/lampadas-1\/utilizacao-especifica-51\/medicina-56\/outros-instrumentos-e-dispositivos-369\/g6-35-12v-50w-7027-brl-prt112a\/","og_locale":"en_US","og_type":"article","og_title":"G6,35 12v 50w 7027 BRL PRT112A - Lumen by Interlampadas","og_description":"L\u00e2mpada de halog\u00e9neo Philips 7027 50W G6.35 12V, indicada para secagem de massas utilizadas em odontologia 8711500409829 Area de aplica\u00e7\u00e3o:","og_url":"https:\/\/www.interlampadas.com\/en\/lampadas\/lampadas-1\/utilizacao-especifica-51\/medicina-56\/outros-instrumentos-e-dispositivos-369\/g6-35-12v-50w-7027-brl-prt112a\/","og_site_name":"Lumen by Interlampadas","article_publisher":"https:\/\/www.facebook.com\/interlampadas","article_modified_time":"2024-10-11T01:53:56+00:00","og_image":[{"width":494,"height":600,"url":"https:\/\/www.interlampadas.com\/wp-content\/uploads\/2021\/06\/13546.jpg","type":"image\/jpeg"}],"twitter_card":"summary_large_image","schema":{"@context":"https:\/\/schema.org","@graph":[{"@type":"WebPage","@id":"https:\/\/www.interlampadas.com\/en\/lampadas\/lampadas-1\/utilizacao-especifica-51\/medicina-56\/outros-instrumentos-e-dispositivos-369\/g6-35-12v-50w-7027-brl-prt112a\/","url":"https:\/\/www.interlampadas.com\/en\/lampadas\/lampadas-1\/utilizacao-especifica-51\/medicina-56\/outros-instrumentos-e-dispositivos-369\/g6-35-12v-50w-7027-brl-prt112a\/","name":"G6,35 12v 50w 7027 BRL PRT112A - Lumen by Interlampadas","isPartOf":{"@id":"https:\/\/www.interlampadas.com\/#website"},"primaryImageOfPage":{"@id":"https:\/\/www.interlampadas.com\/en\/lampadas\/lampadas-1\/utilizacao-especifica-51\/medicina-56\/outros-instrumentos-e-dispositivos-369\/g6-35-12v-50w-7027-brl-prt112a\/#primaryimage"},"image":{"@id":"https:\/\/www.interlampadas.com\/en\/lampadas\/lampadas-1\/utilizacao-especifica-51\/medicina-56\/outros-instrumentos-e-dispositivos-369\/g6-35-12v-50w-7027-brl-prt112a\/#primaryimage"},"thumbnailUrl":"https:\/\/www.interlampadas.com\/wp-content\/uploads\/2021\/06\/13546.jpg","datePublished":"2021-04-17T16:42:31+00:00","dateModified":"2024-10-11T01:53:56+00:00","description":"L\u00e2mpada de halog\u00e9neo Philips 7027 50W G6.35 12V, indicada para secagem de massas utilizadas em odontologia 8711500409829 Area de aplica\u00e7\u00e3o:","breadcrumb":{"@id":"https:\/\/www.interlampadas.com\/en\/lampadas\/lampadas-1\/utilizacao-especifica-51\/medicina-56\/outros-instrumentos-e-dispositivos-369\/g6-35-12v-50w-7027-brl-prt112a\/#breadcrumb"},"inLanguage":"en-US","potentialAction":[{"@type":"ReadAction","target":["https:\/\/www.interlampadas.com\/en\/lampadas\/lampadas-1\/utilizacao-especifica-51\/medicina-56\/outros-instrumentos-e-dispositivos-369\/g6-35-12v-50w-7027-brl-prt112a\/"]}]},{"@type":"ImageObject","inLanguage":"en-US","@id":"https:\/\/www.interlampadas.com\/en\/lampadas\/lampadas-1\/utilizacao-especifica-51\/medicina-56\/outros-instrumentos-e-dispositivos-369\/g6-35-12v-50w-7027-brl-prt112a\/#primaryimage","url":"https:\/\/www.interlampadas.com\/wp-content\/uploads\/2021\/06\/13546.jpg","contentUrl":"https:\/\/www.interlampadas.com\/wp-content\/uploads\/2021\/06\/13546.jpg","width":494,"height":600,"caption":"G6,35 12v 50w 7027 BRL PRT112A"},{"@type":"BreadcrumbList","@id":"https:\/\/www.interlampadas.com\/en\/lampadas\/lampadas-1\/utilizacao-especifica-51\/medicina-56\/outros-instrumentos-e-dispositivos-369\/g6-35-12v-50w-7027-brl-prt112a\/#breadcrumb","itemListElement":[{"@type":"ListItem","position":1,"name":"Home","item":"https:\/\/www.interlampadas.com\/en\/"},{"@type":"ListItem","position":2,"name":"Loja","item":"https:\/\/www.interlampadas.com\/loja\/"},{"@type":"ListItem","position":3,"name":"G6,35 12v 50w 7027 BRL PRT112A"}]},{"@type":"WebSite","@id":"https:\/\/www.interlampadas.com\/#website","url":"https:\/\/www.interlampadas.com\/","name":"Lumen by Interlampadas","description":"lampadas","alternateName":"Interlampadas","potentialAction":[{"@type":"SearchAction","target":{"@type":"EntryPoint","urlTemplate":"https:\/\/www.interlampadas.com\/?s={search_term_string}"},"query-input":{"@type":"PropertyValueSpecification","valueRequired":true,"valueName":"search_term_string"}}],"inLanguage":"en-US"}]}},"brands":[{"id":274,"name":"PHILIPS","slug":"philips"}],"_links":{"self":[{"href":"https:\/\/www.interlampadas.com\/en\/wp-json\/wp\/v2\/product\/13235","targetHints":{"allow":["GET"]}}],"collection":[{"href":"https:\/\/www.interlampadas.com\/en\/wp-json\/wp\/v2\/product"}],"about":[{"href":"https:\/\/www.interlampadas.com\/en\/wp-json\/wp\/v2\/types\/product"}],"replies":[{"embeddable":true,"href":"https:\/\/www.interlampadas.com\/en\/wp-json\/wp\/v2\/comments?post=13235"}],"wp:featuredmedia":[{"embeddable":true,"href":"https:\/\/www.interlampadas.com\/en\/wp-json\/wp\/v2\/media\/16253"}],"wp:attachment":[{"href":"https:\/\/www.interlampadas.com\/en\/wp-json\/wp\/v2\/media?parent=13235"}],"wp:term":[{"taxonomy":"pwb-brand","embeddable":true,"href":"https:\/\/www.interlampadas.com\/en\/wp-json\/wp\/v2\/pwb-brand?post=13235"},{"taxonomy":"product_brand","embeddable":true,"href":"https:\/\/www.interlampadas.com\/en\/wp-json\/wp\/v2\/product_brand?post=13235"},{"taxonomy":"product_cat","embeddable":true,"href":"https:\/\/www.interlampadas.com\/en\/wp-json\/wp\/v2\/product_cat?post=13235"},{"taxonomy":"product_tag","embeddable":true,"href":"https:\/\/www.interlampadas.com\/en\/wp-json\/wp\/v2\/product_tag?post=13235"}],"curies":[{"name":"wp","href":"https:\/\/api.w.org\/{rel}","templated":true}]}}