{"id":13218,"date":"2021-04-17T17:42:29","date_gmt":"2021-04-17T16:42:29","guid":{"rendered":"https:\/\/www.interlampadas.com\/lampadas\/sem%20categoria\/e40-125w-6400k-blue-prtexpo-220v\/"},"modified":"2026-01-20T02:53:04","modified_gmt":"2026-01-20T02:53:04","slug":"e40-125w-5u-6400k-cfl-90x360mm-lampada-prta2-b2-220v","status":"publish","type":"product","link":"https:\/\/www.interlampadas.com\/en\/lampadas\/lampadas-1\/fluorescentes-40\/outros-formatos-ou-fundionalidades-338\/e40-125w-5u-6400k-cfl-90x360mm-lampada-prta2-b2-220v\/","title":{"rendered":"E40 125w 5U 6400K CFL 90x360mm L\u00e2mpada PRTA2+B2 (220v)"},"content":{"rendered":"<p>E40 125w 5U 6400K CFL 90x360mm L\u00e2mpada L\u00e2mpada fluorescente compacta ilumina\u00e7\u00e3o geral ou crescimento plantas de 125W, cor Branca\/Azul ideal para os estadios de vegeta\u00e7\u00e3o<br \/> A cor azul \u00e9 a melhor para encorajar o crescimento de folhas de maiores dimens\u00f5es e verdejantes<br \/>Recomendamos a compra simult\u00e2nea do Casquilho E40<br \/>8000lm<br \/>6400\u00baK<br \/>90x360mm<\/p>\n","protected":false},"excerpt":{"rendered":"<p>E40 125w 5U 6400K CFL 90x360mm L\u00e2mpada L\u00e2mpada fluorescente compacta ilumina\u00e7\u00e3o geral ou crescimento plantas de 125W, cor Branca\/Azul ideal para os estadios de <\/p>\n","protected":false},"featured_media":15815,"comment_status":"open","ping_status":"closed","template":"","meta":{"_acf_changed":false},"pwb-brand":[],"product_brand":[],"product_cat":[124],"product_tag":[],"class_list":{"0":"post-13218","1":"product","2":"type-product","3":"status-publish","4":"has-post-thumbnail","6":"product_cat-outros-formatos-ou-fundionalidades-338","8":"first","9":"instock","10":"shipping-taxable","11":"purchasable","12":"product-type-simple"},"acf":[],"yoast_head":"<!-- This site is optimized with the Yoast SEO plugin v27.0 - https:\/\/yoast.com\/product\/yoast-seo-wordpress\/ -->\n<title>E40 125w 5U 6400K CFL 90x360mm L\u00e2mpada PRTA2+B2 (220v) - Lumen by Interlampadas<\/title>\n<meta name=\"description\" content=\"E40 125w 5U 6400K CFL 90x360mm L\u00e2mpada L\u00e2mpada fluorescente compacta ilumina\u00e7\u00e3o geral ou crescimento plantas de 125W, cor Branca\/Azul ideal para os\" \/>\n<meta name=\"robots\" content=\"index, follow, max-snippet:-1, max-image-preview:large, max-video-preview:-1\" \/>\n<link rel=\"canonical\" href=\"https:\/\/www.interlampadas.com\/en\/lampadas\/lampadas-1\/fluorescentes-40\/outros-formatos-ou-fundionalidades-338\/e40-125w-5u-6400k-cfl-90x360mm-lampada-prta2-b2-220v\/\" \/>\n<meta property=\"og:locale\" content=\"en_US\" \/>\n<meta property=\"og:type\" content=\"article\" \/>\n<meta property=\"og:title\" content=\"E40 125w 5U 6400K CFL 90x360mm L\u00e2mpada PRTA2+B2 (220v) - Lumen by Interlampadas\" \/>\n<meta property=\"og:description\" content=\"E40 125w 5U 6400K CFL 90x360mm L\u00e2mpada L\u00e2mpada fluorescente compacta ilumina\u00e7\u00e3o geral ou crescimento plantas de 125W, cor Branca\/Azul ideal para os\" \/>\n<meta property=\"og:url\" content=\"https:\/\/www.interlampadas.com\/en\/lampadas\/lampadas-1\/fluorescentes-40\/outros-formatos-ou-fundionalidades-338\/e40-125w-5u-6400k-cfl-90x360mm-lampada-prta2-b2-220v\/\" \/>\n<meta property=\"og:site_name\" content=\"Lumen by Interlampadas\" \/>\n<meta property=\"article:publisher\" content=\"https:\/\/www.facebook.com\/interlampadas\" \/>\n<meta property=\"article:modified_time\" content=\"2026-01-20T02:53:04+00:00\" \/>\n<meta property=\"og:image\" content=\"https:\/\/www.interlampadas.com\/wp-content\/uploads\/2021\/04\/6794-1.jpg\" \/>\n\t<meta property=\"og:image:width\" content=\"231\" \/>\n\t<meta property=\"og:image:height\" content=\"231\" \/>\n\t<meta property=\"og:image:type\" content=\"image\/jpeg\" \/>\n<meta name=\"twitter:card\" content=\"summary_large_image\" \/>\n<meta name=\"twitter:label1\" content=\"Est. reading time\" \/>\n\t<meta name=\"twitter:data1\" content=\"1 minute\" \/>\n<script type=\"application\/ld+json\" class=\"yoast-schema-graph\">{\"@context\":\"https:\/\/schema.org\",\"@graph\":[{\"@type\":\"WebPage\",\"@id\":\"https:\/\/www.interlampadas.com\/en\/lampadas\/lampadas-1\/fluorescentes-40\/outros-formatos-ou-fundionalidades-338\/e40-125w-5u-6400k-cfl-90x360mm-lampada-prta2-b2-220v\/\",\"url\":\"https:\/\/www.interlampadas.com\/en\/lampadas\/lampadas-1\/fluorescentes-40\/outros-formatos-ou-fundionalidades-338\/e40-125w-5u-6400k-cfl-90x360mm-lampada-prta2-b2-220v\/\",\"name\":\"E40 125w 5U 6400K CFL 90x360mm L\u00e2mpada PRTA2+B2 (220v) - Lumen by Interlampadas\",\"isPartOf\":{\"@id\":\"https:\/\/www.interlampadas.com\/#website\"},\"primaryImageOfPage\":{\"@id\":\"https:\/\/www.interlampadas.com\/en\/lampadas\/lampadas-1\/fluorescentes-40\/outros-formatos-ou-fundionalidades-338\/e40-125w-5u-6400k-cfl-90x360mm-lampada-prta2-b2-220v\/#primaryimage\"},\"image\":{\"@id\":\"https:\/\/www.interlampadas.com\/en\/lampadas\/lampadas-1\/fluorescentes-40\/outros-formatos-ou-fundionalidades-338\/e40-125w-5u-6400k-cfl-90x360mm-lampada-prta2-b2-220v\/#primaryimage\"},\"thumbnailUrl\":\"https:\/\/www.interlampadas.com\/wp-content\/uploads\/2021\/04\/6794-1.jpg\",\"datePublished\":\"2021-04-17T16:42:29+00:00\",\"dateModified\":\"2026-01-20T02:53:04+00:00\",\"description\":\"E40 125w 5U 6400K CFL 90x360mm L\u00e2mpada L\u00e2mpada fluorescente compacta ilumina\u00e7\u00e3o geral ou crescimento plantas de 125W, cor Branca\/Azul ideal para os\",\"breadcrumb\":{\"@id\":\"https:\/\/www.interlampadas.com\/en\/lampadas\/lampadas-1\/fluorescentes-40\/outros-formatos-ou-fundionalidades-338\/e40-125w-5u-6400k-cfl-90x360mm-lampada-prta2-b2-220v\/#breadcrumb\"},\"inLanguage\":\"en-US\",\"potentialAction\":[{\"@type\":\"ReadAction\",\"target\":[\"https:\/\/www.interlampadas.com\/en\/lampadas\/lampadas-1\/fluorescentes-40\/outros-formatos-ou-fundionalidades-338\/e40-125w-5u-6400k-cfl-90x360mm-lampada-prta2-b2-220v\/\"]}]},{\"@type\":\"ImageObject\",\"inLanguage\":\"en-US\",\"@id\":\"https:\/\/www.interlampadas.com\/en\/lampadas\/lampadas-1\/fluorescentes-40\/outros-formatos-ou-fundionalidades-338\/e40-125w-5u-6400k-cfl-90x360mm-lampada-prta2-b2-220v\/#primaryimage\",\"url\":\"https:\/\/www.interlampadas.com\/wp-content\/uploads\/2021\/04\/6794-1.jpg\",\"contentUrl\":\"https:\/\/www.interlampadas.com\/wp-content\/uploads\/2021\/04\/6794-1.jpg\",\"width\":231,\"height\":231,\"caption\":\"E40 125w 6400K BLUE PRTEXPO (220v)\"},{\"@type\":\"BreadcrumbList\",\"@id\":\"https:\/\/www.interlampadas.com\/en\/lampadas\/lampadas-1\/fluorescentes-40\/outros-formatos-ou-fundionalidades-338\/e40-125w-5u-6400k-cfl-90x360mm-lampada-prta2-b2-220v\/#breadcrumb\",\"itemListElement\":[{\"@type\":\"ListItem\",\"position\":1,\"name\":\"Home\",\"item\":\"https:\/\/www.interlampadas.com\/en\/\"},{\"@type\":\"ListItem\",\"position\":2,\"name\":\"Loja\",\"item\":\"https:\/\/www.interlampadas.com\/loja\/\"},{\"@type\":\"ListItem\",\"position\":3,\"name\":\"E40 125w 5U 6400K CFL 90x360mm L\u00e2mpada PRTA2+B2 (220v)\"}]},{\"@type\":\"WebSite\",\"@id\":\"https:\/\/www.interlampadas.com\/#website\",\"url\":\"https:\/\/www.interlampadas.com\/\",\"name\":\"Lumen by Interlampadas\",\"description\":\"lampadas\",\"alternateName\":\"Interlampadas\",\"potentialAction\":[{\"@type\":\"SearchAction\",\"target\":{\"@type\":\"EntryPoint\",\"urlTemplate\":\"https:\/\/www.interlampadas.com\/?s={search_term_string}\"},\"query-input\":{\"@type\":\"PropertyValueSpecification\",\"valueRequired\":true,\"valueName\":\"search_term_string\"}}],\"inLanguage\":\"en-US\"}]}<\/script>\n<!-- \/ Yoast SEO plugin. -->","yoast_head_json":{"title":"E40 125w 5U 6400K CFL 90x360mm L\u00e2mpada PRTA2+B2 (220v) - Lumen by Interlampadas","description":"E40 125w 5U 6400K CFL 90x360mm L\u00e2mpada L\u00e2mpada fluorescente compacta ilumina\u00e7\u00e3o geral ou crescimento plantas de 125W, cor Branca\/Azul ideal para os","robots":{"index":"index","follow":"follow","max-snippet":"max-snippet:-1","max-image-preview":"max-image-preview:large","max-video-preview":"max-video-preview:-1"},"canonical":"https:\/\/www.interlampadas.com\/en\/lampadas\/lampadas-1\/fluorescentes-40\/outros-formatos-ou-fundionalidades-338\/e40-125w-5u-6400k-cfl-90x360mm-lampada-prta2-b2-220v\/","og_locale":"en_US","og_type":"article","og_title":"E40 125w 5U 6400K CFL 90x360mm L\u00e2mpada PRTA2+B2 (220v) - Lumen by Interlampadas","og_description":"E40 125w 5U 6400K CFL 90x360mm L\u00e2mpada L\u00e2mpada fluorescente compacta ilumina\u00e7\u00e3o geral ou crescimento plantas de 125W, cor Branca\/Azul ideal para os","og_url":"https:\/\/www.interlampadas.com\/en\/lampadas\/lampadas-1\/fluorescentes-40\/outros-formatos-ou-fundionalidades-338\/e40-125w-5u-6400k-cfl-90x360mm-lampada-prta2-b2-220v\/","og_site_name":"Lumen by Interlampadas","article_publisher":"https:\/\/www.facebook.com\/interlampadas","article_modified_time":"2026-01-20T02:53:04+00:00","og_image":[{"width":231,"height":231,"url":"https:\/\/www.interlampadas.com\/wp-content\/uploads\/2021\/04\/6794-1.jpg","type":"image\/jpeg"}],"twitter_card":"summary_large_image","twitter_misc":{"Est. reading time":"1 minute"},"schema":{"@context":"https:\/\/schema.org","@graph":[{"@type":"WebPage","@id":"https:\/\/www.interlampadas.com\/en\/lampadas\/lampadas-1\/fluorescentes-40\/outros-formatos-ou-fundionalidades-338\/e40-125w-5u-6400k-cfl-90x360mm-lampada-prta2-b2-220v\/","url":"https:\/\/www.interlampadas.com\/en\/lampadas\/lampadas-1\/fluorescentes-40\/outros-formatos-ou-fundionalidades-338\/e40-125w-5u-6400k-cfl-90x360mm-lampada-prta2-b2-220v\/","name":"E40 125w 5U 6400K CFL 90x360mm L\u00e2mpada PRTA2+B2 (220v) - Lumen by Interlampadas","isPartOf":{"@id":"https:\/\/www.interlampadas.com\/#website"},"primaryImageOfPage":{"@id":"https:\/\/www.interlampadas.com\/en\/lampadas\/lampadas-1\/fluorescentes-40\/outros-formatos-ou-fundionalidades-338\/e40-125w-5u-6400k-cfl-90x360mm-lampada-prta2-b2-220v\/#primaryimage"},"image":{"@id":"https:\/\/www.interlampadas.com\/en\/lampadas\/lampadas-1\/fluorescentes-40\/outros-formatos-ou-fundionalidades-338\/e40-125w-5u-6400k-cfl-90x360mm-lampada-prta2-b2-220v\/#primaryimage"},"thumbnailUrl":"https:\/\/www.interlampadas.com\/wp-content\/uploads\/2021\/04\/6794-1.jpg","datePublished":"2021-04-17T16:42:29+00:00","dateModified":"2026-01-20T02:53:04+00:00","description":"E40 125w 5U 6400K CFL 90x360mm L\u00e2mpada L\u00e2mpada fluorescente compacta ilumina\u00e7\u00e3o geral ou crescimento plantas de 125W, cor Branca\/Azul ideal para os","breadcrumb":{"@id":"https:\/\/www.interlampadas.com\/en\/lampadas\/lampadas-1\/fluorescentes-40\/outros-formatos-ou-fundionalidades-338\/e40-125w-5u-6400k-cfl-90x360mm-lampada-prta2-b2-220v\/#breadcrumb"},"inLanguage":"en-US","potentialAction":[{"@type":"ReadAction","target":["https:\/\/www.interlampadas.com\/en\/lampadas\/lampadas-1\/fluorescentes-40\/outros-formatos-ou-fundionalidades-338\/e40-125w-5u-6400k-cfl-90x360mm-lampada-prta2-b2-220v\/"]}]},{"@type":"ImageObject","inLanguage":"en-US","@id":"https:\/\/www.interlampadas.com\/en\/lampadas\/lampadas-1\/fluorescentes-40\/outros-formatos-ou-fundionalidades-338\/e40-125w-5u-6400k-cfl-90x360mm-lampada-prta2-b2-220v\/#primaryimage","url":"https:\/\/www.interlampadas.com\/wp-content\/uploads\/2021\/04\/6794-1.jpg","contentUrl":"https:\/\/www.interlampadas.com\/wp-content\/uploads\/2021\/04\/6794-1.jpg","width":231,"height":231,"caption":"E40 125w 6400K BLUE PRTEXPO (220v)"},{"@type":"BreadcrumbList","@id":"https:\/\/www.interlampadas.com\/en\/lampadas\/lampadas-1\/fluorescentes-40\/outros-formatos-ou-fundionalidades-338\/e40-125w-5u-6400k-cfl-90x360mm-lampada-prta2-b2-220v\/#breadcrumb","itemListElement":[{"@type":"ListItem","position":1,"name":"Home","item":"https:\/\/www.interlampadas.com\/en\/"},{"@type":"ListItem","position":2,"name":"Loja","item":"https:\/\/www.interlampadas.com\/loja\/"},{"@type":"ListItem","position":3,"name":"E40 125w 5U 6400K CFL 90x360mm L\u00e2mpada PRTA2+B2 (220v)"}]},{"@type":"WebSite","@id":"https:\/\/www.interlampadas.com\/#website","url":"https:\/\/www.interlampadas.com\/","name":"Lumen by Interlampadas","description":"lampadas","alternateName":"Interlampadas","potentialAction":[{"@type":"SearchAction","target":{"@type":"EntryPoint","urlTemplate":"https:\/\/www.interlampadas.com\/?s={search_term_string}"},"query-input":{"@type":"PropertyValueSpecification","valueRequired":true,"valueName":"search_term_string"}}],"inLanguage":"en-US"}]}},"brands":[],"_links":{"self":[{"href":"https:\/\/www.interlampadas.com\/en\/wp-json\/wp\/v2\/product\/13218","targetHints":{"allow":["GET"]}}],"collection":[{"href":"https:\/\/www.interlampadas.com\/en\/wp-json\/wp\/v2\/product"}],"about":[{"href":"https:\/\/www.interlampadas.com\/en\/wp-json\/wp\/v2\/types\/product"}],"replies":[{"embeddable":true,"href":"https:\/\/www.interlampadas.com\/en\/wp-json\/wp\/v2\/comments?post=13218"}],"wp:featuredmedia":[{"embeddable":true,"href":"https:\/\/www.interlampadas.com\/en\/wp-json\/wp\/v2\/media\/15815"}],"wp:attachment":[{"href":"https:\/\/www.interlampadas.com\/en\/wp-json\/wp\/v2\/media?parent=13218"}],"wp:term":[{"taxonomy":"pwb-brand","embeddable":true,"href":"https:\/\/www.interlampadas.com\/en\/wp-json\/wp\/v2\/pwb-brand?post=13218"},{"taxonomy":"product_brand","embeddable":true,"href":"https:\/\/www.interlampadas.com\/en\/wp-json\/wp\/v2\/product_brand?post=13218"},{"taxonomy":"product_cat","embeddable":true,"href":"https:\/\/www.interlampadas.com\/en\/wp-json\/wp\/v2\/product_cat?post=13218"},{"taxonomy":"product_tag","embeddable":true,"href":"https:\/\/www.interlampadas.com\/en\/wp-json\/wp\/v2\/product_tag?post=13218"}],"curies":[{"name":"wp","href":"https:\/\/api.w.org\/{rel}","templated":true}]}}