{"id":13212,"date":"2021-04-17T17:42:28","date_gmt":"2021-04-17T16:42:28","guid":{"rendered":"https:\/\/www.interlampadas.com\/lampadas\/sem%20categoria\/pg22-6v-20w-64251-prt072\/"},"modified":"2026-04-29T02:51:48","modified_gmt":"2026-04-29T01:51:48","slug":"pg22-6v-20w-64251-osram-lampada-prt072","status":"publish","type":"product","link":"https:\/\/www.interlampadas.com\/en\/lampadas\/lampadas-1\/utilizacao-especifica-51\/medicina-56\/outros-instrumentos-e-dispositivos-369\/pg22-6v-20w-64251-osram-lampada-prt072\/","title":{"rendered":"PG22 6v 20w 64251 Osram L\u00e2mpada PRT072"},"content":{"rendered":"<p>EAN 4050300338316<br \/>Osram 64251 HLX L\u00e2mpadas halog\u00e9neo de baixa tens\u00e3o sem refletor, L\u00e2mpada para equipamentos m\u00e9dicos,  Area de aplica\u00e7\u00e3o:Medicina, sa\u00fade e ci\u00eancia &#8211; Cirurgia, salas de opera\u00e7\u00e3o &#8211; Microsc\u00f3picos &#8211; Fibra \u00f3ptica m\u00e9dica<br \/>  L\u00e2mpada halog\u00e9nio PG22 6V 20W 64251<\/p>\n","protected":false},"excerpt":{"rendered":"<p>EAN 4050300338316Osram 64251 HLX L\u00e2mpadas halog\u00e9neo de baixa tens\u00e3o sem refletor, L\u00e2mpada para equipamentos m\u00e9dicos, Area de aplica\u00e7\u00e3o:Medicina, sa\u00fade e ci\u00eancia<\/p>\n","protected":false},"featured_media":16244,"comment_status":"open","ping_status":"closed","template":"","meta":{"_acf_changed":false},"pwb-brand":[],"product_brand":[],"product_cat":[163],"product_tag":[],"class_list":{"0":"post-13212","1":"product","2":"type-product","3":"status-publish","4":"has-post-thumbnail","6":"product_cat-outros-instrumentos-e-dispositivos-369","8":"first","9":"instock","10":"shipping-taxable","11":"purchasable","12":"product-type-simple"},"acf":[],"yoast_head":"<!-- This site is optimized with the Yoast SEO plugin v27.0 - https:\/\/yoast.com\/product\/yoast-seo-wordpress\/ -->\n<title>PG22 6v 20w 64251 Osram L\u00e2mpada PRT072 - Lumen by Interlampadas<\/title>\n<meta name=\"description\" content=\"EAN 4050300338316Osram 64251 HLX L\u00e2mpadas halog\u00e9neo de baixa tens\u00e3o sem refletor, L\u00e2mpada para equipamentos m\u00e9dicos, Area de aplica\u00e7\u00e3o:Medicina, sa\u00fade e\" \/>\n<meta name=\"robots\" content=\"index, follow, max-snippet:-1, max-image-preview:large, max-video-preview:-1\" \/>\n<link rel=\"canonical\" href=\"https:\/\/www.interlampadas.com\/en\/lampadas\/lampadas-1\/utilizacao-especifica-51\/medicina-56\/outros-instrumentos-e-dispositivos-369\/pg22-6v-20w-64251-osram-lampada-prt072\/\" \/>\n<meta property=\"og:locale\" content=\"en_US\" \/>\n<meta property=\"og:type\" content=\"article\" \/>\n<meta property=\"og:title\" content=\"PG22 6v 20w 64251 Osram L\u00e2mpada PRT072 - Lumen by Interlampadas\" \/>\n<meta property=\"og:description\" content=\"EAN 4050300338316Osram 64251 HLX L\u00e2mpadas halog\u00e9neo de baixa tens\u00e3o sem refletor, L\u00e2mpada para equipamentos m\u00e9dicos, Area de aplica\u00e7\u00e3o:Medicina, sa\u00fade e\" \/>\n<meta property=\"og:url\" content=\"https:\/\/www.interlampadas.com\/en\/lampadas\/lampadas-1\/utilizacao-especifica-51\/medicina-56\/outros-instrumentos-e-dispositivos-369\/pg22-6v-20w-64251-osram-lampada-prt072\/\" \/>\n<meta property=\"og:site_name\" content=\"Lumen by Interlampadas\" \/>\n<meta property=\"article:publisher\" content=\"https:\/\/www.facebook.com\/interlampadas\" \/>\n<meta property=\"article:modified_time\" content=\"2026-04-29T01:51:48+00:00\" \/>\n<meta property=\"og:image\" content=\"https:\/\/www.interlampadas.com\/wp-content\/uploads\/2021\/06\/10347.jpg\" \/>\n\t<meta property=\"og:image:width\" content=\"458\" \/>\n\t<meta property=\"og:image:height\" content=\"458\" \/>\n\t<meta property=\"og:image:type\" content=\"image\/jpeg\" \/>\n<meta name=\"twitter:card\" content=\"summary_large_image\" \/>\n<script type=\"application\/ld+json\" class=\"yoast-schema-graph\">{\"@context\":\"https:\/\/schema.org\",\"@graph\":[{\"@type\":\"WebPage\",\"@id\":\"https:\/\/www.interlampadas.com\/en\/lampadas\/lampadas-1\/utilizacao-especifica-51\/medicina-56\/outros-instrumentos-e-dispositivos-369\/pg22-6v-20w-64251-osram-lampada-prt072\/\",\"url\":\"https:\/\/www.interlampadas.com\/en\/lampadas\/lampadas-1\/utilizacao-especifica-51\/medicina-56\/outros-instrumentos-e-dispositivos-369\/pg22-6v-20w-64251-osram-lampada-prt072\/\",\"name\":\"PG22 6v 20w 64251 Osram L\u00e2mpada PRT072 - Lumen by Interlampadas\",\"isPartOf\":{\"@id\":\"https:\/\/www.interlampadas.com\/#website\"},\"primaryImageOfPage\":{\"@id\":\"https:\/\/www.interlampadas.com\/en\/lampadas\/lampadas-1\/utilizacao-especifica-51\/medicina-56\/outros-instrumentos-e-dispositivos-369\/pg22-6v-20w-64251-osram-lampada-prt072\/#primaryimage\"},\"image\":{\"@id\":\"https:\/\/www.interlampadas.com\/en\/lampadas\/lampadas-1\/utilizacao-especifica-51\/medicina-56\/outros-instrumentos-e-dispositivos-369\/pg22-6v-20w-64251-osram-lampada-prt072\/#primaryimage\"},\"thumbnailUrl\":\"https:\/\/www.interlampadas.com\/wp-content\/uploads\/2021\/06\/10347.jpg\",\"datePublished\":\"2021-04-17T16:42:28+00:00\",\"dateModified\":\"2026-04-29T01:51:48+00:00\",\"description\":\"EAN 4050300338316Osram 64251 HLX L\u00e2mpadas halog\u00e9neo de baixa tens\u00e3o sem refletor, L\u00e2mpada para equipamentos m\u00e9dicos, Area de aplica\u00e7\u00e3o:Medicina, sa\u00fade e\",\"breadcrumb\":{\"@id\":\"https:\/\/www.interlampadas.com\/en\/lampadas\/lampadas-1\/utilizacao-especifica-51\/medicina-56\/outros-instrumentos-e-dispositivos-369\/pg22-6v-20w-64251-osram-lampada-prt072\/#breadcrumb\"},\"inLanguage\":\"en-US\",\"potentialAction\":[{\"@type\":\"ReadAction\",\"target\":[\"https:\/\/www.interlampadas.com\/en\/lampadas\/lampadas-1\/utilizacao-especifica-51\/medicina-56\/outros-instrumentos-e-dispositivos-369\/pg22-6v-20w-64251-osram-lampada-prt072\/\"]}]},{\"@type\":\"ImageObject\",\"inLanguage\":\"en-US\",\"@id\":\"https:\/\/www.interlampadas.com\/en\/lampadas\/lampadas-1\/utilizacao-especifica-51\/medicina-56\/outros-instrumentos-e-dispositivos-369\/pg22-6v-20w-64251-osram-lampada-prt072\/#primaryimage\",\"url\":\"https:\/\/www.interlampadas.com\/wp-content\/uploads\/2021\/06\/10347.jpg\",\"contentUrl\":\"https:\/\/www.interlampadas.com\/wp-content\/uploads\/2021\/06\/10347.jpg\",\"width\":458,\"height\":458,\"caption\":\"PG22 6v 20w 64251 PRT072\"},{\"@type\":\"BreadcrumbList\",\"@id\":\"https:\/\/www.interlampadas.com\/en\/lampadas\/lampadas-1\/utilizacao-especifica-51\/medicina-56\/outros-instrumentos-e-dispositivos-369\/pg22-6v-20w-64251-osram-lampada-prt072\/#breadcrumb\",\"itemListElement\":[{\"@type\":\"ListItem\",\"position\":1,\"name\":\"Home\",\"item\":\"https:\/\/www.interlampadas.com\/en\/\"},{\"@type\":\"ListItem\",\"position\":2,\"name\":\"Loja\",\"item\":\"https:\/\/www.interlampadas.com\/loja\/\"},{\"@type\":\"ListItem\",\"position\":3,\"name\":\"PG22 6v 20w 64251 Osram L\u00e2mpada PRT072\"}]},{\"@type\":\"WebSite\",\"@id\":\"https:\/\/www.interlampadas.com\/#website\",\"url\":\"https:\/\/www.interlampadas.com\/\",\"name\":\"Lumen by Interlampadas\",\"description\":\"lampadas\",\"alternateName\":\"Interlampadas\",\"potentialAction\":[{\"@type\":\"SearchAction\",\"target\":{\"@type\":\"EntryPoint\",\"urlTemplate\":\"https:\/\/www.interlampadas.com\/?s={search_term_string}\"},\"query-input\":{\"@type\":\"PropertyValueSpecification\",\"valueRequired\":true,\"valueName\":\"search_term_string\"}}],\"inLanguage\":\"en-US\"}]}<\/script>\n<!-- \/ Yoast SEO plugin. -->","yoast_head_json":{"title":"PG22 6v 20w 64251 Osram L\u00e2mpada PRT072 - Lumen by Interlampadas","description":"EAN 4050300338316Osram 64251 HLX L\u00e2mpadas halog\u00e9neo de baixa tens\u00e3o sem refletor, L\u00e2mpada para equipamentos m\u00e9dicos, Area de aplica\u00e7\u00e3o:Medicina, sa\u00fade e","robots":{"index":"index","follow":"follow","max-snippet":"max-snippet:-1","max-image-preview":"max-image-preview:large","max-video-preview":"max-video-preview:-1"},"canonical":"https:\/\/www.interlampadas.com\/en\/lampadas\/lampadas-1\/utilizacao-especifica-51\/medicina-56\/outros-instrumentos-e-dispositivos-369\/pg22-6v-20w-64251-osram-lampada-prt072\/","og_locale":"en_US","og_type":"article","og_title":"PG22 6v 20w 64251 Osram L\u00e2mpada PRT072 - Lumen by Interlampadas","og_description":"EAN 4050300338316Osram 64251 HLX L\u00e2mpadas halog\u00e9neo de baixa tens\u00e3o sem refletor, L\u00e2mpada para equipamentos m\u00e9dicos, Area de aplica\u00e7\u00e3o:Medicina, sa\u00fade e","og_url":"https:\/\/www.interlampadas.com\/en\/lampadas\/lampadas-1\/utilizacao-especifica-51\/medicina-56\/outros-instrumentos-e-dispositivos-369\/pg22-6v-20w-64251-osram-lampada-prt072\/","og_site_name":"Lumen by Interlampadas","article_publisher":"https:\/\/www.facebook.com\/interlampadas","article_modified_time":"2026-04-29T01:51:48+00:00","og_image":[{"width":458,"height":458,"url":"https:\/\/www.interlampadas.com\/wp-content\/uploads\/2021\/06\/10347.jpg","type":"image\/jpeg"}],"twitter_card":"summary_large_image","schema":{"@context":"https:\/\/schema.org","@graph":[{"@type":"WebPage","@id":"https:\/\/www.interlampadas.com\/en\/lampadas\/lampadas-1\/utilizacao-especifica-51\/medicina-56\/outros-instrumentos-e-dispositivos-369\/pg22-6v-20w-64251-osram-lampada-prt072\/","url":"https:\/\/www.interlampadas.com\/en\/lampadas\/lampadas-1\/utilizacao-especifica-51\/medicina-56\/outros-instrumentos-e-dispositivos-369\/pg22-6v-20w-64251-osram-lampada-prt072\/","name":"PG22 6v 20w 64251 Osram L\u00e2mpada PRT072 - Lumen by Interlampadas","isPartOf":{"@id":"https:\/\/www.interlampadas.com\/#website"},"primaryImageOfPage":{"@id":"https:\/\/www.interlampadas.com\/en\/lampadas\/lampadas-1\/utilizacao-especifica-51\/medicina-56\/outros-instrumentos-e-dispositivos-369\/pg22-6v-20w-64251-osram-lampada-prt072\/#primaryimage"},"image":{"@id":"https:\/\/www.interlampadas.com\/en\/lampadas\/lampadas-1\/utilizacao-especifica-51\/medicina-56\/outros-instrumentos-e-dispositivos-369\/pg22-6v-20w-64251-osram-lampada-prt072\/#primaryimage"},"thumbnailUrl":"https:\/\/www.interlampadas.com\/wp-content\/uploads\/2021\/06\/10347.jpg","datePublished":"2021-04-17T16:42:28+00:00","dateModified":"2026-04-29T01:51:48+00:00","description":"EAN 4050300338316Osram 64251 HLX L\u00e2mpadas halog\u00e9neo de baixa tens\u00e3o sem refletor, L\u00e2mpada para equipamentos m\u00e9dicos, Area de aplica\u00e7\u00e3o:Medicina, sa\u00fade e","breadcrumb":{"@id":"https:\/\/www.interlampadas.com\/en\/lampadas\/lampadas-1\/utilizacao-especifica-51\/medicina-56\/outros-instrumentos-e-dispositivos-369\/pg22-6v-20w-64251-osram-lampada-prt072\/#breadcrumb"},"inLanguage":"en-US","potentialAction":[{"@type":"ReadAction","target":["https:\/\/www.interlampadas.com\/en\/lampadas\/lampadas-1\/utilizacao-especifica-51\/medicina-56\/outros-instrumentos-e-dispositivos-369\/pg22-6v-20w-64251-osram-lampada-prt072\/"]}]},{"@type":"ImageObject","inLanguage":"en-US","@id":"https:\/\/www.interlampadas.com\/en\/lampadas\/lampadas-1\/utilizacao-especifica-51\/medicina-56\/outros-instrumentos-e-dispositivos-369\/pg22-6v-20w-64251-osram-lampada-prt072\/#primaryimage","url":"https:\/\/www.interlampadas.com\/wp-content\/uploads\/2021\/06\/10347.jpg","contentUrl":"https:\/\/www.interlampadas.com\/wp-content\/uploads\/2021\/06\/10347.jpg","width":458,"height":458,"caption":"PG22 6v 20w 64251 PRT072"},{"@type":"BreadcrumbList","@id":"https:\/\/www.interlampadas.com\/en\/lampadas\/lampadas-1\/utilizacao-especifica-51\/medicina-56\/outros-instrumentos-e-dispositivos-369\/pg22-6v-20w-64251-osram-lampada-prt072\/#breadcrumb","itemListElement":[{"@type":"ListItem","position":1,"name":"Home","item":"https:\/\/www.interlampadas.com\/en\/"},{"@type":"ListItem","position":2,"name":"Loja","item":"https:\/\/www.interlampadas.com\/loja\/"},{"@type":"ListItem","position":3,"name":"PG22 6v 20w 64251 Osram L\u00e2mpada PRT072"}]},{"@type":"WebSite","@id":"https:\/\/www.interlampadas.com\/#website","url":"https:\/\/www.interlampadas.com\/","name":"Lumen by Interlampadas","description":"lampadas","alternateName":"Interlampadas","potentialAction":[{"@type":"SearchAction","target":{"@type":"EntryPoint","urlTemplate":"https:\/\/www.interlampadas.com\/?s={search_term_string}"},"query-input":{"@type":"PropertyValueSpecification","valueRequired":true,"valueName":"search_term_string"}}],"inLanguage":"en-US"}]}},"brands":[],"_links":{"self":[{"href":"https:\/\/www.interlampadas.com\/en\/wp-json\/wp\/v2\/product\/13212","targetHints":{"allow":["GET"]}}],"collection":[{"href":"https:\/\/www.interlampadas.com\/en\/wp-json\/wp\/v2\/product"}],"about":[{"href":"https:\/\/www.interlampadas.com\/en\/wp-json\/wp\/v2\/types\/product"}],"replies":[{"embeddable":true,"href":"https:\/\/www.interlampadas.com\/en\/wp-json\/wp\/v2\/comments?post=13212"}],"wp:featuredmedia":[{"embeddable":true,"href":"https:\/\/www.interlampadas.com\/en\/wp-json\/wp\/v2\/media\/16244"}],"wp:attachment":[{"href":"https:\/\/www.interlampadas.com\/en\/wp-json\/wp\/v2\/media?parent=13212"}],"wp:term":[{"taxonomy":"pwb-brand","embeddable":true,"href":"https:\/\/www.interlampadas.com\/en\/wp-json\/wp\/v2\/pwb-brand?post=13212"},{"taxonomy":"product_brand","embeddable":true,"href":"https:\/\/www.interlampadas.com\/en\/wp-json\/wp\/v2\/product_brand?post=13212"},{"taxonomy":"product_cat","embeddable":true,"href":"https:\/\/www.interlampadas.com\/en\/wp-json\/wp\/v2\/product_cat?post=13212"},{"taxonomy":"product_tag","embeddable":true,"href":"https:\/\/www.interlampadas.com\/en\/wp-json\/wp\/v2\/product_tag?post=13212"}],"curies":[{"name":"wp","href":"https:\/\/api.w.org\/{rel}","templated":true}]}}