{"id":13201,"date":"2021-04-17T17:42:27","date_gmt":"2021-04-17T16:42:27","guid":{"rendered":"https:\/\/www.interlampadas.com\/lampadas\/sem%20categoria\/par56-30v-200w-gx16d-prtw27\/"},"modified":"2025-04-23T02:52:38","modified_gmt":"2025-04-23T01:52:38","slug":"gx16d-30v-200w-par56-lampada-prtb3","status":"publish","type":"product","link":"https:\/\/www.interlampadas.com\/en\/lampadas\/lampadas-1\/incandescentes-49\/spots-265\/gx16d-30v-200w-par56-lampada-prtb3\/","title":{"rendered":"GX16d 30V 200W PAR56 L\u00e2mpada PRTB3"},"content":{"rendered":"<p>L\u00e2mpada de est\u00fadio, proje\u00e7\u00e3o e foto 200PAR56 200W 30V VNSP<br \/>  0043168201223 (20122)<br \/>  Area de aplica\u00e7\u00e3o:<br \/>  Entretenimento, cultura, esporte<br \/>  Ilumina\u00e7\u00e3o de clubes<br \/> DJ<br \/>discotecas<br \/>  Product Code 20122<br \/>  Bulb Shape PAR<br \/>  Bulb Finish Aluminized<br \/>  Bulb Diameter [mm] 177.8<br \/>  Maximum Overall Length [mm] 114.3<br \/>  Net weight per piece [g] 576<br \/>  Gross weight per piece [g] 696<br \/>  Brand General Electric (GE)<br \/>  Cap\/Base Screw terminal<\/p>\n","protected":false},"excerpt":{"rendered":"<p>L\u00e2mpada de est\u00fadio, proje\u00e7\u00e3o e foto 200PAR56 200W 30V VNSP 0043168201223 (20122) Area de aplica\u00e7\u00e3o: Entretenimento, cultura, esporte Ilumina\u00e7\u00e3o de clubes DJdiscotecas<\/p>\n","protected":false},"featured_media":26157,"comment_status":"open","ping_status":"closed","template":"","meta":{"_acf_changed":false},"pwb-brand":[275],"product_brand":[],"product_cat":[133],"product_tag":[],"class_list":{"0":"post-13201","1":"product","2":"type-product","3":"status-publish","4":"has-post-thumbnail","6":"pwb-brand-general-electric","7":"product_cat-spots-265","9":"first","10":"instock","11":"shipping-taxable","12":"purchasable","13":"product-type-simple"},"acf":[],"yoast_head":"<!-- This site is optimized with the Yoast SEO plugin v27.0 - https:\/\/yoast.com\/product\/yoast-seo-wordpress\/ -->\n<title>GX16d 30V 200W PAR56 L\u00e2mpada PRTB3 - Lumen by Interlampadas<\/title>\n<meta name=\"description\" content=\"L\u00e2mpada de est\u00fadio, proje\u00e7\u00e3o e foto 200PAR56 200W 30V VNSP 0043168201223 (20122) Area de aplica\u00e7\u00e3o: Entretenimento, cultura, esporte Ilumina\u00e7\u00e3o de clubes\" \/>\n<meta name=\"robots\" content=\"index, follow, max-snippet:-1, max-image-preview:large, max-video-preview:-1\" \/>\n<link rel=\"canonical\" href=\"https:\/\/www.interlampadas.com\/en\/lampadas\/lampadas-1\/incandescentes-49\/spots-265\/gx16d-30v-200w-par56-lampada-prtb3\/\" \/>\n<meta property=\"og:locale\" content=\"en_US\" \/>\n<meta property=\"og:type\" content=\"article\" \/>\n<meta property=\"og:title\" content=\"GX16d 30V 200W PAR56 L\u00e2mpada PRTB3 - Lumen by Interlampadas\" \/>\n<meta property=\"og:description\" content=\"L\u00e2mpada de est\u00fadio, proje\u00e7\u00e3o e foto 200PAR56 200W 30V VNSP 0043168201223 (20122) Area de aplica\u00e7\u00e3o: Entretenimento, cultura, esporte Ilumina\u00e7\u00e3o de clubes\" \/>\n<meta property=\"og:url\" content=\"https:\/\/www.interlampadas.com\/en\/lampadas\/lampadas-1\/incandescentes-49\/spots-265\/gx16d-30v-200w-par56-lampada-prtb3\/\" \/>\n<meta property=\"og:site_name\" content=\"Lumen by Interlampadas\" \/>\n<meta property=\"article:publisher\" content=\"https:\/\/www.facebook.com\/interlampadas\" \/>\n<meta property=\"article:modified_time\" content=\"2025-04-23T01:52:38+00:00\" \/>\n<meta property=\"og:image\" content=\"https:\/\/www.interlampadas.com\/wp-content\/uploads\/2024\/01\/10363.jpg\" \/>\n\t<meta property=\"og:image:width\" content=\"640\" \/>\n\t<meta property=\"og:image:height\" content=\"640\" \/>\n\t<meta property=\"og:image:type\" content=\"image\/jpeg\" \/>\n<meta name=\"twitter:card\" content=\"summary_large_image\" \/>\n<script type=\"application\/ld+json\" class=\"yoast-schema-graph\">{\"@context\":\"https:\/\/schema.org\",\"@graph\":[{\"@type\":\"WebPage\",\"@id\":\"https:\/\/www.interlampadas.com\/en\/lampadas\/lampadas-1\/incandescentes-49\/spots-265\/gx16d-30v-200w-par56-lampada-prtb3\/\",\"url\":\"https:\/\/www.interlampadas.com\/en\/lampadas\/lampadas-1\/incandescentes-49\/spots-265\/gx16d-30v-200w-par56-lampada-prtb3\/\",\"name\":\"GX16d 30V 200W PAR56 L\u00e2mpada PRTB3 - Lumen by Interlampadas\",\"isPartOf\":{\"@id\":\"https:\/\/www.interlampadas.com\/#website\"},\"primaryImageOfPage\":{\"@id\":\"https:\/\/www.interlampadas.com\/en\/lampadas\/lampadas-1\/incandescentes-49\/spots-265\/gx16d-30v-200w-par56-lampada-prtb3\/#primaryimage\"},\"image\":{\"@id\":\"https:\/\/www.interlampadas.com\/en\/lampadas\/lampadas-1\/incandescentes-49\/spots-265\/gx16d-30v-200w-par56-lampada-prtb3\/#primaryimage\"},\"thumbnailUrl\":\"https:\/\/www.interlampadas.com\/wp-content\/uploads\/2024\/01\/10363.jpg\",\"datePublished\":\"2021-04-17T16:42:27+00:00\",\"dateModified\":\"2025-04-23T01:52:38+00:00\",\"description\":\"L\u00e2mpada de est\u00fadio, proje\u00e7\u00e3o e foto 200PAR56 200W 30V VNSP 0043168201223 (20122) Area de aplica\u00e7\u00e3o: Entretenimento, cultura, esporte Ilumina\u00e7\u00e3o de clubes\",\"breadcrumb\":{\"@id\":\"https:\/\/www.interlampadas.com\/en\/lampadas\/lampadas-1\/incandescentes-49\/spots-265\/gx16d-30v-200w-par56-lampada-prtb3\/#breadcrumb\"},\"inLanguage\":\"en-US\",\"potentialAction\":[{\"@type\":\"ReadAction\",\"target\":[\"https:\/\/www.interlampadas.com\/en\/lampadas\/lampadas-1\/incandescentes-49\/spots-265\/gx16d-30v-200w-par56-lampada-prtb3\/\"]}]},{\"@type\":\"ImageObject\",\"inLanguage\":\"en-US\",\"@id\":\"https:\/\/www.interlampadas.com\/en\/lampadas\/lampadas-1\/incandescentes-49\/spots-265\/gx16d-30v-200w-par56-lampada-prtb3\/#primaryimage\",\"url\":\"https:\/\/www.interlampadas.com\/wp-content\/uploads\/2024\/01\/10363.jpg\",\"contentUrl\":\"https:\/\/www.interlampadas.com\/wp-content\/uploads\/2024\/01\/10363.jpg\",\"width\":640,\"height\":640,\"caption\":\"GX16d 30V 200W PAR56 L\u00e2mpada\"},{\"@type\":\"BreadcrumbList\",\"@id\":\"https:\/\/www.interlampadas.com\/en\/lampadas\/lampadas-1\/incandescentes-49\/spots-265\/gx16d-30v-200w-par56-lampada-prtb3\/#breadcrumb\",\"itemListElement\":[{\"@type\":\"ListItem\",\"position\":1,\"name\":\"Home\",\"item\":\"https:\/\/www.interlampadas.com\/en\/\"},{\"@type\":\"ListItem\",\"position\":2,\"name\":\"Loja\",\"item\":\"https:\/\/www.interlampadas.com\/loja\/\"},{\"@type\":\"ListItem\",\"position\":3,\"name\":\"GX16d 30V 200W PAR56 L\u00e2mpada PRTB3\"}]},{\"@type\":\"WebSite\",\"@id\":\"https:\/\/www.interlampadas.com\/#website\",\"url\":\"https:\/\/www.interlampadas.com\/\",\"name\":\"Lumen by Interlampadas\",\"description\":\"lampadas\",\"alternateName\":\"Interlampadas\",\"potentialAction\":[{\"@type\":\"SearchAction\",\"target\":{\"@type\":\"EntryPoint\",\"urlTemplate\":\"https:\/\/www.interlampadas.com\/?s={search_term_string}\"},\"query-input\":{\"@type\":\"PropertyValueSpecification\",\"valueRequired\":true,\"valueName\":\"search_term_string\"}}],\"inLanguage\":\"en-US\"}]}<\/script>\n<!-- \/ Yoast SEO plugin. -->","yoast_head_json":{"title":"GX16d 30V 200W PAR56 L\u00e2mpada PRTB3 - Lumen by Interlampadas","description":"L\u00e2mpada de est\u00fadio, proje\u00e7\u00e3o e foto 200PAR56 200W 30V VNSP 0043168201223 (20122) Area de aplica\u00e7\u00e3o: Entretenimento, cultura, esporte Ilumina\u00e7\u00e3o de clubes","robots":{"index":"index","follow":"follow","max-snippet":"max-snippet:-1","max-image-preview":"max-image-preview:large","max-video-preview":"max-video-preview:-1"},"canonical":"https:\/\/www.interlampadas.com\/en\/lampadas\/lampadas-1\/incandescentes-49\/spots-265\/gx16d-30v-200w-par56-lampada-prtb3\/","og_locale":"en_US","og_type":"article","og_title":"GX16d 30V 200W PAR56 L\u00e2mpada PRTB3 - Lumen by Interlampadas","og_description":"L\u00e2mpada de est\u00fadio, proje\u00e7\u00e3o e foto 200PAR56 200W 30V VNSP 0043168201223 (20122) Area de aplica\u00e7\u00e3o: Entretenimento, cultura, esporte Ilumina\u00e7\u00e3o de clubes","og_url":"https:\/\/www.interlampadas.com\/en\/lampadas\/lampadas-1\/incandescentes-49\/spots-265\/gx16d-30v-200w-par56-lampada-prtb3\/","og_site_name":"Lumen by Interlampadas","article_publisher":"https:\/\/www.facebook.com\/interlampadas","article_modified_time":"2025-04-23T01:52:38+00:00","og_image":[{"width":640,"height":640,"url":"https:\/\/www.interlampadas.com\/wp-content\/uploads\/2024\/01\/10363.jpg","type":"image\/jpeg"}],"twitter_card":"summary_large_image","schema":{"@context":"https:\/\/schema.org","@graph":[{"@type":"WebPage","@id":"https:\/\/www.interlampadas.com\/en\/lampadas\/lampadas-1\/incandescentes-49\/spots-265\/gx16d-30v-200w-par56-lampada-prtb3\/","url":"https:\/\/www.interlampadas.com\/en\/lampadas\/lampadas-1\/incandescentes-49\/spots-265\/gx16d-30v-200w-par56-lampada-prtb3\/","name":"GX16d 30V 200W PAR56 L\u00e2mpada PRTB3 - Lumen by Interlampadas","isPartOf":{"@id":"https:\/\/www.interlampadas.com\/#website"},"primaryImageOfPage":{"@id":"https:\/\/www.interlampadas.com\/en\/lampadas\/lampadas-1\/incandescentes-49\/spots-265\/gx16d-30v-200w-par56-lampada-prtb3\/#primaryimage"},"image":{"@id":"https:\/\/www.interlampadas.com\/en\/lampadas\/lampadas-1\/incandescentes-49\/spots-265\/gx16d-30v-200w-par56-lampada-prtb3\/#primaryimage"},"thumbnailUrl":"https:\/\/www.interlampadas.com\/wp-content\/uploads\/2024\/01\/10363.jpg","datePublished":"2021-04-17T16:42:27+00:00","dateModified":"2025-04-23T01:52:38+00:00","description":"L\u00e2mpada de est\u00fadio, proje\u00e7\u00e3o e foto 200PAR56 200W 30V VNSP 0043168201223 (20122) Area de aplica\u00e7\u00e3o: Entretenimento, cultura, esporte Ilumina\u00e7\u00e3o de clubes","breadcrumb":{"@id":"https:\/\/www.interlampadas.com\/en\/lampadas\/lampadas-1\/incandescentes-49\/spots-265\/gx16d-30v-200w-par56-lampada-prtb3\/#breadcrumb"},"inLanguage":"en-US","potentialAction":[{"@type":"ReadAction","target":["https:\/\/www.interlampadas.com\/en\/lampadas\/lampadas-1\/incandescentes-49\/spots-265\/gx16d-30v-200w-par56-lampada-prtb3\/"]}]},{"@type":"ImageObject","inLanguage":"en-US","@id":"https:\/\/www.interlampadas.com\/en\/lampadas\/lampadas-1\/incandescentes-49\/spots-265\/gx16d-30v-200w-par56-lampada-prtb3\/#primaryimage","url":"https:\/\/www.interlampadas.com\/wp-content\/uploads\/2024\/01\/10363.jpg","contentUrl":"https:\/\/www.interlampadas.com\/wp-content\/uploads\/2024\/01\/10363.jpg","width":640,"height":640,"caption":"GX16d 30V 200W PAR56 L\u00e2mpada"},{"@type":"BreadcrumbList","@id":"https:\/\/www.interlampadas.com\/en\/lampadas\/lampadas-1\/incandescentes-49\/spots-265\/gx16d-30v-200w-par56-lampada-prtb3\/#breadcrumb","itemListElement":[{"@type":"ListItem","position":1,"name":"Home","item":"https:\/\/www.interlampadas.com\/en\/"},{"@type":"ListItem","position":2,"name":"Loja","item":"https:\/\/www.interlampadas.com\/loja\/"},{"@type":"ListItem","position":3,"name":"GX16d 30V 200W PAR56 L\u00e2mpada PRTB3"}]},{"@type":"WebSite","@id":"https:\/\/www.interlampadas.com\/#website","url":"https:\/\/www.interlampadas.com\/","name":"Lumen by Interlampadas","description":"lampadas","alternateName":"Interlampadas","potentialAction":[{"@type":"SearchAction","target":{"@type":"EntryPoint","urlTemplate":"https:\/\/www.interlampadas.com\/?s={search_term_string}"},"query-input":{"@type":"PropertyValueSpecification","valueRequired":true,"valueName":"search_term_string"}}],"inLanguage":"en-US"}]}},"brands":[{"id":275,"name":"GENERAL ELECTRIC","slug":"general-electric"}],"_links":{"self":[{"href":"https:\/\/www.interlampadas.com\/en\/wp-json\/wp\/v2\/product\/13201","targetHints":{"allow":["GET"]}}],"collection":[{"href":"https:\/\/www.interlampadas.com\/en\/wp-json\/wp\/v2\/product"}],"about":[{"href":"https:\/\/www.interlampadas.com\/en\/wp-json\/wp\/v2\/types\/product"}],"replies":[{"embeddable":true,"href":"https:\/\/www.interlampadas.com\/en\/wp-json\/wp\/v2\/comments?post=13201"}],"wp:featuredmedia":[{"embeddable":true,"href":"https:\/\/www.interlampadas.com\/en\/wp-json\/wp\/v2\/media\/26157"}],"wp:attachment":[{"href":"https:\/\/www.interlampadas.com\/en\/wp-json\/wp\/v2\/media?parent=13201"}],"wp:term":[{"taxonomy":"pwb-brand","embeddable":true,"href":"https:\/\/www.interlampadas.com\/en\/wp-json\/wp\/v2\/pwb-brand?post=13201"},{"taxonomy":"product_brand","embeddable":true,"href":"https:\/\/www.interlampadas.com\/en\/wp-json\/wp\/v2\/product_brand?post=13201"},{"taxonomy":"product_cat","embeddable":true,"href":"https:\/\/www.interlampadas.com\/en\/wp-json\/wp\/v2\/product_cat?post=13201"},{"taxonomy":"product_tag","embeddable":true,"href":"https:\/\/www.interlampadas.com\/en\/wp-json\/wp\/v2\/product_tag?post=13201"}],"curies":[{"name":"wp","href":"https:\/\/api.w.org\/{rel}","templated":true}]}}