{"id":13188,"date":"2021-04-17T17:42:24","date_gmt":"2021-04-17T16:42:24","guid":{"rendered":"https:\/\/www.interlampadas.com\/lampadas\/sem%20categoria\/e27-24v-120w-par38-sp-16-lampada-prtw24\/"},"modified":"2026-04-22T02:51:37","modified_gmt":"2026-04-22T01:51:37","slug":"e27-24v-120w-par38-sp-10-lampada","status":"publish","type":"product","link":"https:\/\/www.interlampadas.com\/en\/lampadas\/lampadas-1\/halogeneo-22\/spots-272\/e27-24v-120w-par38-sp-10-lampada\/","title":{"rendered":"E27 24v 120w PAR38 SP 10\u00b0 L\u00e2mpada"},"content":{"rendered":"<p>PAR38 120W 24V E27 SP 10\u00b0<br \/>  Pot\u00eancia (W):  120<br \/>  Voltagem (V):  24<br \/>  Base:  E27<br \/>  Fluxo luminoso (lm): 1545<br \/>  Temperatura de cor (K):  2700<br \/>  \u00cdndice de restitui\u00e7\u00e3o de cores (Ra):  100<br \/>  \u00c2ngulo [\u00b0]:  10<br \/>  Tempo de vida (h):  2000<br \/>  Dim\u00e1vel:  Sim<br \/>  Dimens\u00f5es (cm): 12,3&#215;13,7<\/p>\n","protected":false},"excerpt":{"rendered":"<p>PAR38 120W 24V E27 SP 10\u00b0 Pot\u00eancia (W): 120 Voltagem (V): 24 Base: E27 Fluxo luminoso (lm): 1545 Temperatura de cor (K): 2700 \u00cdndice de restitui\u00e7\u00e3o de cores (Ra):<\/p>\n","protected":false},"featured_media":16242,"comment_status":"open","ping_status":"closed","template":"","meta":{"_acf_changed":false},"pwb-brand":[],"product_brand":[],"product_cat":[66],"product_tag":[],"class_list":{"0":"post-13188","1":"product","2":"type-product","3":"status-publish","4":"has-post-thumbnail","6":"product_cat-spots-272","8":"first","9":"outofstock","10":"shipping-taxable","11":"purchasable","12":"product-type-simple"},"acf":[],"yoast_head":"<!-- This site is optimized with the Yoast SEO plugin v27.0 - https:\/\/yoast.com\/product\/yoast-seo-wordpress\/ -->\n<title>E27 24v 120w PAR38 SP 10\u00b0 L\u00e2mpada - Lumen by Interlampadas<\/title>\n<meta name=\"description\" content=\"PAR38 120W 24V E27 SP 10\u00b0 Pot\u00eancia (W): 120 Voltagem (V): 24 Base: E27 Fluxo luminoso (lm): 1545 Temperatura de cor (K): 2700 \u00cdndice de restitui\u00e7\u00e3o de\" \/>\n<meta name=\"robots\" content=\"index, follow, max-snippet:-1, max-image-preview:large, max-video-preview:-1\" \/>\n<link rel=\"canonical\" href=\"https:\/\/www.interlampadas.com\/en\/lampadas\/lampadas-1\/halogeneo-22\/spots-272\/e27-24v-120w-par38-sp-10-lampada\/\" \/>\n<meta property=\"og:locale\" content=\"en_US\" \/>\n<meta property=\"og:type\" content=\"article\" \/>\n<meta property=\"og:title\" content=\"E27 24v 120w PAR38 SP 10\u00b0 L\u00e2mpada - Lumen by Interlampadas\" \/>\n<meta property=\"og:description\" content=\"PAR38 120W 24V E27 SP 10\u00b0 Pot\u00eancia (W): 120 Voltagem (V): 24 Base: E27 Fluxo luminoso (lm): 1545 Temperatura de cor (K): 2700 \u00cdndice de restitui\u00e7\u00e3o de\" \/>\n<meta property=\"og:url\" content=\"https:\/\/www.interlampadas.com\/en\/lampadas\/lampadas-1\/halogeneo-22\/spots-272\/e27-24v-120w-par38-sp-10-lampada\/\" \/>\n<meta property=\"og:site_name\" content=\"Lumen by Interlampadas\" \/>\n<meta property=\"article:publisher\" content=\"https:\/\/www.facebook.com\/interlampadas\" \/>\n<meta property=\"article:modified_time\" content=\"2026-04-22T01:51:37+00:00\" \/>\n<meta property=\"og:image\" content=\"https:\/\/www.interlampadas.com\/wp-content\/uploads\/2021\/06\/9946.jpg\" \/>\n\t<meta property=\"og:image:width\" content=\"300\" \/>\n\t<meta property=\"og:image:height\" content=\"300\" \/>\n\t<meta property=\"og:image:type\" content=\"image\/jpeg\" \/>\n<meta name=\"twitter:card\" content=\"summary_large_image\" \/>\n<script type=\"application\/ld+json\" class=\"yoast-schema-graph\">{\"@context\":\"https:\/\/schema.org\",\"@graph\":[{\"@type\":\"WebPage\",\"@id\":\"https:\/\/www.interlampadas.com\/en\/lampadas\/lampadas-1\/halogeneo-22\/spots-272\/e27-24v-120w-par38-sp-10-lampada\/\",\"url\":\"https:\/\/www.interlampadas.com\/en\/lampadas\/lampadas-1\/halogeneo-22\/spots-272\/e27-24v-120w-par38-sp-10-lampada\/\",\"name\":\"E27 24v 120w PAR38 SP 10\u00b0 L\u00e2mpada - Lumen by Interlampadas\",\"isPartOf\":{\"@id\":\"https:\/\/www.interlampadas.com\/#website\"},\"primaryImageOfPage\":{\"@id\":\"https:\/\/www.interlampadas.com\/en\/lampadas\/lampadas-1\/halogeneo-22\/spots-272\/e27-24v-120w-par38-sp-10-lampada\/#primaryimage\"},\"image\":{\"@id\":\"https:\/\/www.interlampadas.com\/en\/lampadas\/lampadas-1\/halogeneo-22\/spots-272\/e27-24v-120w-par38-sp-10-lampada\/#primaryimage\"},\"thumbnailUrl\":\"https:\/\/www.interlampadas.com\/wp-content\/uploads\/2021\/06\/9946.jpg\",\"datePublished\":\"2021-04-17T16:42:24+00:00\",\"dateModified\":\"2026-04-22T01:51:37+00:00\",\"description\":\"PAR38 120W 24V E27 SP 10\u00b0 Pot\u00eancia (W): 120 Voltagem (V): 24 Base: E27 Fluxo luminoso (lm): 1545 Temperatura de cor (K): 2700 \u00cdndice de restitui\u00e7\u00e3o de\",\"breadcrumb\":{\"@id\":\"https:\/\/www.interlampadas.com\/en\/lampadas\/lampadas-1\/halogeneo-22\/spots-272\/e27-24v-120w-par38-sp-10-lampada\/#breadcrumb\"},\"inLanguage\":\"en-US\",\"potentialAction\":[{\"@type\":\"ReadAction\",\"target\":[\"https:\/\/www.interlampadas.com\/en\/lampadas\/lampadas-1\/halogeneo-22\/spots-272\/e27-24v-120w-par38-sp-10-lampada\/\"]}]},{\"@type\":\"ImageObject\",\"inLanguage\":\"en-US\",\"@id\":\"https:\/\/www.interlampadas.com\/en\/lampadas\/lampadas-1\/halogeneo-22\/spots-272\/e27-24v-120w-par38-sp-10-lampada\/#primaryimage\",\"url\":\"https:\/\/www.interlampadas.com\/wp-content\/uploads\/2021\/06\/9946.jpg\",\"contentUrl\":\"https:\/\/www.interlampadas.com\/wp-content\/uploads\/2021\/06\/9946.jpg\",\"width\":300,\"height\":300,\"caption\":\"E27 24v 120w PAR38 SP 16\u00b0 L\u00e2mpada PRTW30\"},{\"@type\":\"BreadcrumbList\",\"@id\":\"https:\/\/www.interlampadas.com\/en\/lampadas\/lampadas-1\/halogeneo-22\/spots-272\/e27-24v-120w-par38-sp-10-lampada\/#breadcrumb\",\"itemListElement\":[{\"@type\":\"ListItem\",\"position\":1,\"name\":\"Home\",\"item\":\"https:\/\/www.interlampadas.com\/en\/\"},{\"@type\":\"ListItem\",\"position\":2,\"name\":\"Loja\",\"item\":\"https:\/\/www.interlampadas.com\/loja\/\"},{\"@type\":\"ListItem\",\"position\":3,\"name\":\"E27 24v 120w PAR38 SP 10\u00b0 L\u00e2mpada\"}]},{\"@type\":\"WebSite\",\"@id\":\"https:\/\/www.interlampadas.com\/#website\",\"url\":\"https:\/\/www.interlampadas.com\/\",\"name\":\"Lumen by Interlampadas\",\"description\":\"lampadas\",\"alternateName\":\"Interlampadas\",\"potentialAction\":[{\"@type\":\"SearchAction\",\"target\":{\"@type\":\"EntryPoint\",\"urlTemplate\":\"https:\/\/www.interlampadas.com\/?s={search_term_string}\"},\"query-input\":{\"@type\":\"PropertyValueSpecification\",\"valueRequired\":true,\"valueName\":\"search_term_string\"}}],\"inLanguage\":\"en-US\"}]}<\/script>\n<!-- \/ Yoast SEO plugin. -->","yoast_head_json":{"title":"E27 24v 120w PAR38 SP 10\u00b0 L\u00e2mpada - Lumen by Interlampadas","description":"PAR38 120W 24V E27 SP 10\u00b0 Pot\u00eancia (W): 120 Voltagem (V): 24 Base: E27 Fluxo luminoso (lm): 1545 Temperatura de cor (K): 2700 \u00cdndice de restitui\u00e7\u00e3o de","robots":{"index":"index","follow":"follow","max-snippet":"max-snippet:-1","max-image-preview":"max-image-preview:large","max-video-preview":"max-video-preview:-1"},"canonical":"https:\/\/www.interlampadas.com\/en\/lampadas\/lampadas-1\/halogeneo-22\/spots-272\/e27-24v-120w-par38-sp-10-lampada\/","og_locale":"en_US","og_type":"article","og_title":"E27 24v 120w PAR38 SP 10\u00b0 L\u00e2mpada - Lumen by Interlampadas","og_description":"PAR38 120W 24V E27 SP 10\u00b0 Pot\u00eancia (W): 120 Voltagem (V): 24 Base: E27 Fluxo luminoso (lm): 1545 Temperatura de cor (K): 2700 \u00cdndice de restitui\u00e7\u00e3o de","og_url":"https:\/\/www.interlampadas.com\/en\/lampadas\/lampadas-1\/halogeneo-22\/spots-272\/e27-24v-120w-par38-sp-10-lampada\/","og_site_name":"Lumen by Interlampadas","article_publisher":"https:\/\/www.facebook.com\/interlampadas","article_modified_time":"2026-04-22T01:51:37+00:00","og_image":[{"width":300,"height":300,"url":"https:\/\/www.interlampadas.com\/wp-content\/uploads\/2021\/06\/9946.jpg","type":"image\/jpeg"}],"twitter_card":"summary_large_image","schema":{"@context":"https:\/\/schema.org","@graph":[{"@type":"WebPage","@id":"https:\/\/www.interlampadas.com\/en\/lampadas\/lampadas-1\/halogeneo-22\/spots-272\/e27-24v-120w-par38-sp-10-lampada\/","url":"https:\/\/www.interlampadas.com\/en\/lampadas\/lampadas-1\/halogeneo-22\/spots-272\/e27-24v-120w-par38-sp-10-lampada\/","name":"E27 24v 120w PAR38 SP 10\u00b0 L\u00e2mpada - Lumen by Interlampadas","isPartOf":{"@id":"https:\/\/www.interlampadas.com\/#website"},"primaryImageOfPage":{"@id":"https:\/\/www.interlampadas.com\/en\/lampadas\/lampadas-1\/halogeneo-22\/spots-272\/e27-24v-120w-par38-sp-10-lampada\/#primaryimage"},"image":{"@id":"https:\/\/www.interlampadas.com\/en\/lampadas\/lampadas-1\/halogeneo-22\/spots-272\/e27-24v-120w-par38-sp-10-lampada\/#primaryimage"},"thumbnailUrl":"https:\/\/www.interlampadas.com\/wp-content\/uploads\/2021\/06\/9946.jpg","datePublished":"2021-04-17T16:42:24+00:00","dateModified":"2026-04-22T01:51:37+00:00","description":"PAR38 120W 24V E27 SP 10\u00b0 Pot\u00eancia (W): 120 Voltagem (V): 24 Base: E27 Fluxo luminoso (lm): 1545 Temperatura de cor (K): 2700 \u00cdndice de restitui\u00e7\u00e3o de","breadcrumb":{"@id":"https:\/\/www.interlampadas.com\/en\/lampadas\/lampadas-1\/halogeneo-22\/spots-272\/e27-24v-120w-par38-sp-10-lampada\/#breadcrumb"},"inLanguage":"en-US","potentialAction":[{"@type":"ReadAction","target":["https:\/\/www.interlampadas.com\/en\/lampadas\/lampadas-1\/halogeneo-22\/spots-272\/e27-24v-120w-par38-sp-10-lampada\/"]}]},{"@type":"ImageObject","inLanguage":"en-US","@id":"https:\/\/www.interlampadas.com\/en\/lampadas\/lampadas-1\/halogeneo-22\/spots-272\/e27-24v-120w-par38-sp-10-lampada\/#primaryimage","url":"https:\/\/www.interlampadas.com\/wp-content\/uploads\/2021\/06\/9946.jpg","contentUrl":"https:\/\/www.interlampadas.com\/wp-content\/uploads\/2021\/06\/9946.jpg","width":300,"height":300,"caption":"E27 24v 120w PAR38 SP 16\u00b0 L\u00e2mpada PRTW30"},{"@type":"BreadcrumbList","@id":"https:\/\/www.interlampadas.com\/en\/lampadas\/lampadas-1\/halogeneo-22\/spots-272\/e27-24v-120w-par38-sp-10-lampada\/#breadcrumb","itemListElement":[{"@type":"ListItem","position":1,"name":"Home","item":"https:\/\/www.interlampadas.com\/en\/"},{"@type":"ListItem","position":2,"name":"Loja","item":"https:\/\/www.interlampadas.com\/loja\/"},{"@type":"ListItem","position":3,"name":"E27 24v 120w PAR38 SP 10\u00b0 L\u00e2mpada"}]},{"@type":"WebSite","@id":"https:\/\/www.interlampadas.com\/#website","url":"https:\/\/www.interlampadas.com\/","name":"Lumen by Interlampadas","description":"lampadas","alternateName":"Interlampadas","potentialAction":[{"@type":"SearchAction","target":{"@type":"EntryPoint","urlTemplate":"https:\/\/www.interlampadas.com\/?s={search_term_string}"},"query-input":{"@type":"PropertyValueSpecification","valueRequired":true,"valueName":"search_term_string"}}],"inLanguage":"en-US"}]}},"brands":[],"_links":{"self":[{"href":"https:\/\/www.interlampadas.com\/en\/wp-json\/wp\/v2\/product\/13188","targetHints":{"allow":["GET"]}}],"collection":[{"href":"https:\/\/www.interlampadas.com\/en\/wp-json\/wp\/v2\/product"}],"about":[{"href":"https:\/\/www.interlampadas.com\/en\/wp-json\/wp\/v2\/types\/product"}],"replies":[{"embeddable":true,"href":"https:\/\/www.interlampadas.com\/en\/wp-json\/wp\/v2\/comments?post=13188"}],"wp:featuredmedia":[{"embeddable":true,"href":"https:\/\/www.interlampadas.com\/en\/wp-json\/wp\/v2\/media\/16242"}],"wp:attachment":[{"href":"https:\/\/www.interlampadas.com\/en\/wp-json\/wp\/v2\/media?parent=13188"}],"wp:term":[{"taxonomy":"pwb-brand","embeddable":true,"href":"https:\/\/www.interlampadas.com\/en\/wp-json\/wp\/v2\/pwb-brand?post=13188"},{"taxonomy":"product_brand","embeddable":true,"href":"https:\/\/www.interlampadas.com\/en\/wp-json\/wp\/v2\/product_brand?post=13188"},{"taxonomy":"product_cat","embeddable":true,"href":"https:\/\/www.interlampadas.com\/en\/wp-json\/wp\/v2\/product_cat?post=13188"},{"taxonomy":"product_tag","embeddable":true,"href":"https:\/\/www.interlampadas.com\/en\/wp-json\/wp\/v2\/product_tag?post=13188"}],"curies":[{"name":"wp","href":"https:\/\/api.w.org\/{rel}","templated":true}]}}